{"id":1211,"date":"2020-10-18T12:37:54","date_gmt":"2020-10-18T10:37:54","guid":{"rendered":"https:\/\/weltlaeden.de\/schweinfurt\/?page_id=1211"},"modified":"2026-01-24T21:28:53","modified_gmt":"2026-01-24T20:28:53","slug":"digitales-lernen","status":"publish","type":"page","link":"https:\/\/weltlaeden.de\/schweinfurt\/digitales-lernen\/","title":{"rendered":"Digitales Lernen"},"content":{"rendered":"<div class=\"wpb-content-wrapper\"><p>[vc_row][vc_column][vc_column_text css=&#8220;&#8220;]<\/p>\n<h3>Der Weltladen Dachverband bietet kurze spielerisch gestaltete Einheiten rund um Themen des fairen Handels auf ihrer Webseite an.<\/h3>\n<p>Unter folgendem Link kann man die Lernsnacks kostenfrei abrufen:<\/p>\n<p><a href=\"https:\/\/www.weltladen.de\/lernort-weltladen\/digitale-angebote\/\" target=\"_blank\" rel=\"noopener\">https:\/\/www.weltladen.de\/lernort-weltladen\/digitale-angebote\/<\/a><\/p>\n<p>Themen sind z.B.:<\/p>\n<p><img loading=\"lazy\" decoding=\"async\" class=\" wp-image-2479 alignleft\" src=\"https:\/\/weltlaeden.de\/schweinfurt\/wp-content\/uploads\/sites\/103\/2026\/01\/lernsnack-Dachverband1-300x274.png\" alt=\"\" width=\"219\" height=\"200\" srcset=\"https:\/\/weltlaeden.de\/schweinfurt\/wp-content\/uploads\/sites\/103\/2026\/01\/lernsnack-Dachverband1-300x274.png 300w, https:\/\/weltlaeden.de\/schweinfurt\/wp-content\/uploads\/sites\/103\/2026\/01\/lernsnack-Dachverband1.png 442w\" sizes=\"auto, (max-width: 219px) 100vw, 219px\" \/><img loading=\"lazy\" decoding=\"async\" class=\" wp-image-2478 alignleft\" src=\"https:\/\/weltlaeden.de\/schweinfurt\/wp-content\/uploads\/sites\/103\/2026\/01\/Lernsnack-Dachverband2-300x273.png\" alt=\"\" width=\"221\" height=\"201\" srcset=\"https:\/\/weltlaeden.de\/schweinfurt\/wp-content\/uploads\/sites\/103\/2026\/01\/Lernsnack-Dachverband2-300x273.png 300w, https:\/\/weltlaeden.de\/schweinfurt\/wp-content\/uploads\/sites\/103\/2026\/01\/Lernsnack-Dachverband2.png 456w\" sizes=\"auto, (max-width: 221px) 100vw, 221px\" \/><img loading=\"lazy\" decoding=\"async\" class=\" wp-image-2481 alignleft\" src=\"https:\/\/weltlaeden.de\/schweinfurt\/wp-content\/uploads\/sites\/103\/2026\/01\/Lernsnack_Dachverband3-300x278.png\" alt=\"\" width=\"218\" height=\"202\" srcset=\"https:\/\/weltlaeden.de\/schweinfurt\/wp-content\/uploads\/sites\/103\/2026\/01\/Lernsnack_Dachverband3-300x278.png 300w, https:\/\/weltlaeden.de\/schweinfurt\/wp-content\/uploads\/sites\/103\/2026\/01\/Lernsnack_Dachverband3.png 445w\" sizes=\"auto, (max-width: 218px) 100vw, 218px\" \/><\/p>\n<p>&nbsp;<\/p>\n<p>&nbsp;<\/p>\n<p>&nbsp;<\/p>\n<p>&nbsp;<\/p>\n<p>&nbsp;<\/p>\n<p>&nbsp;<\/p>\n<p>&nbsp;<\/p>\n<hr \/>\n<h3><\/h3>\n<p>&nbsp;<\/p>\n<h3>Weitere digitale Angebote:<\/h3>\n<p>&nbsp;<\/p>\n<h1>Rund ums Handy<\/h1>\n<h3>Interaktiver Konsumkrimi &#8222;Was geschah mit Nora Gr\u00fcn?&#8220;.<\/h3>\n<p>Erfahren Sie mehr \u00fcber die sozialen, \u00f6kologischen und \u00f6konomischen Zusammenh\u00e4nge, denen die Produktion von Handys unterliegt. Anhand von QR-Codes k\u00f6nnen sich die Teilnehmenden durch verschiedene R\u00e4tsel und Aufgabenstellungen arbeiten, um das Verschwinden von Nora Gr\u00fcn zu kl\u00e4ren.<\/p>\n<p>Die Unternehmerin Nora Gr\u00fcn versucht ein faires und nachhaltiges Handy auf den Markt zu bringen.<\/p>\n<p><a href=\"https:\/\/mission-learning.org\/wp-content\/kurse\/konsumkrimi\/story.html\" target=\"_blank\" rel=\"noopener\">https:\/\/mission-learning.org\/wp-content\/kurse\/konsumkrimi\/story.html<\/a><\/p>\n<p>Das Angebot ist geeignet f\u00fcr Bildungsarbeit an Schulen (ca. ab 12 Jahren, 6.\/7. Klasse), in der Gemeinde oder als individuelle Fortbildung.<\/p>\n<p>&nbsp;<\/p>\n<p>Bereitgestellt von Mission EineWelt, dem Centrum f\u00fcr Partnerschaft, Entwicklung und Mission der evangelisch-lutherischen Kirche in Bayern.[\/vc_column_text][\/vc_column][\/vc_row]<\/p>\n<\/div>","protected":false},"excerpt":{"rendered":"<p>[vc_row][vc_column][vc_column_text css=&#8220;&#8220;] Der Weltladen Dachverband bietet kurze spielerisch gestaltete Einheiten rund um Themen des fairen Handels auf ihrer Webseite an. Unter folgendem Link kann man die Lernsnacks kostenfrei abrufen: https:\/\/www.weltladen.de\/lernort-weltladen\/digitale-angebote\/ Themen sind z.B.: &nbsp; &nbsp; &nbsp; &nbsp; &nbsp; &nbsp; &nbsp; &nbsp; Weitere digitale Angebote: &nbsp; Rund ums Handy Interaktiver Konsumkrimi &#8222;Was geschah mit Nora Gr\u00fcn?&#8220;.&hellip;<\/p>\n","protected":false},"author":158,"featured_media":0,"parent":0,"menu_order":0,"comment_status":"closed","ping_status":"closed","template":"","meta":{"footnotes":""},"class_list":["post-1211","page","type-page","status-publish","hentry","description-off"],"yoast_head":"<!-- This site is optimized with the Yoast SEO plugin v26.8 - https:\/\/yoast.com\/product\/yoast-seo-wordpress\/ -->\n<title>Digitales Lernen - Weltladen Schweinfurt<\/title>\n<meta name=\"robots\" content=\"index, follow, max-snippet:-1, max-image-preview:large, max-video-preview:-1\" \/>\n<link rel=\"canonical\" href=\"https:\/\/weltlaeden.de\/schweinfurt\/digitales-lernen\/\" \/>\n<meta property=\"og:locale\" content=\"de_DE\" \/>\n<meta property=\"og:type\" content=\"article\" \/>\n<meta property=\"og:title\" content=\"Digitales Lernen - Weltladen Schweinfurt\" \/>\n<meta property=\"og:description\" content=\"[vc_row][vc_column][vc_column_text css=&#8220;&#8220;] Der Weltladen Dachverband bietet kurze spielerisch gestaltete Einheiten rund um Themen des fairen Handels auf ihrer Webseite an. Unter folgendem Link kann man die Lernsnacks kostenfrei abrufen: https:\/\/www.weltladen.de\/lernort-weltladen\/digitale-angebote\/ Themen sind z.B.: &nbsp; &nbsp; &nbsp; &nbsp; &nbsp; &nbsp; &nbsp; &nbsp; Weitere digitale Angebote: &nbsp; Rund ums Handy Interaktiver Konsumkrimi &#8222;Was geschah mit Nora Gr\u00fcn?&#8220;.&hellip;\" \/>\n<meta property=\"og:url\" content=\"https:\/\/weltlaeden.de\/schweinfurt\/digitales-lernen\/\" \/>\n<meta property=\"og:site_name\" content=\"Weltladen Schweinfurt\" \/>\n<meta property=\"article:modified_time\" content=\"2026-01-24T20:28:53+00:00\" \/>\n<meta property=\"og:image\" content=\"https:\/\/weltlaeden.de\/schweinfurt\/wp-content\/uploads\/sites\/103\/2026\/01\/lernsnack-Dachverband1.png\" \/>\n\t<meta property=\"og:image:width\" content=\"442\" \/>\n\t<meta property=\"og:image:height\" content=\"403\" \/>\n\t<meta property=\"og:image:type\" content=\"image\/png\" \/>\n<meta name=\"twitter:card\" content=\"summary_large_image\" \/>\n<meta name=\"twitter:label1\" content=\"Gesch\u00e4tzte Lesezeit\" \/>\n\t<meta name=\"twitter:data1\" content=\"2\u00a0Minuten\" \/>\n<script type=\"application\/ld+json\" class=\"yoast-schema-graph\">{\"@context\":\"https:\/\/schema.org\",\"@graph\":[{\"@type\":\"WebPage\",\"@id\":\"https:\/\/weltlaeden.de\/schweinfurt\/digitales-lernen\/\",\"url\":\"https:\/\/weltlaeden.de\/schweinfurt\/digitales-lernen\/\",\"name\":\"Digitales Lernen - Weltladen Schweinfurt\",\"isPartOf\":{\"@id\":\"https:\/\/weltlaeden.de\/schweinfurt\/#website\"},\"primaryImageOfPage\":{\"@id\":\"https:\/\/weltlaeden.de\/schweinfurt\/digitales-lernen\/#primaryimage\"},\"image\":{\"@id\":\"https:\/\/weltlaeden.de\/schweinfurt\/digitales-lernen\/#primaryimage\"},\"thumbnailUrl\":\"https:\/\/weltlaeden.de\/schweinfurt\/wp-content\/uploads\/sites\/103\/2026\/01\/lernsnack-Dachverband1-300x274.png\",\"datePublished\":\"2020-10-18T10:37:54+00:00\",\"dateModified\":\"2026-01-24T20:28:53+00:00\",\"breadcrumb\":{\"@id\":\"https:\/\/weltlaeden.de\/schweinfurt\/digitales-lernen\/#breadcrumb\"},\"inLanguage\":\"de\",\"potentialAction\":[{\"@type\":\"ReadAction\",\"target\":[\"https:\/\/weltlaeden.de\/schweinfurt\/digitales-lernen\/\"]}]},{\"@type\":\"ImageObject\",\"inLanguage\":\"de\",\"@id\":\"https:\/\/weltlaeden.de\/schweinfurt\/digitales-lernen\/#primaryimage\",\"url\":\"https:\/\/weltlaeden.de\/schweinfurt\/wp-content\/uploads\/sites\/103\/2026\/01\/lernsnack-Dachverband1.png\",\"contentUrl\":\"https:\/\/weltlaeden.de\/schweinfurt\/wp-content\/uploads\/sites\/103\/2026\/01\/lernsnack-Dachverband1.png\",\"width\":442,\"height\":403},{\"@type\":\"BreadcrumbList\",\"@id\":\"https:\/\/weltlaeden.de\/schweinfurt\/digitales-lernen\/#breadcrumb\",\"itemListElement\":[{\"@type\":\"ListItem\",\"position\":1,\"name\":\"Startseite\",\"item\":\"https:\/\/weltlaeden.de\/schweinfurt\/\"},{\"@type\":\"ListItem\",\"position\":2,\"name\":\"Digitales Lernen\"}]},{\"@type\":\"WebSite\",\"@id\":\"https:\/\/weltlaeden.de\/schweinfurt\/#website\",\"url\":\"https:\/\/weltlaeden.de\/schweinfurt\/\",\"name\":\"Weltladen Schweinfurt\",\"description\":\"Faire Produkte seit 1989\",\"potentialAction\":[{\"@type\":\"SearchAction\",\"target\":{\"@type\":\"EntryPoint\",\"urlTemplate\":\"https:\/\/weltlaeden.de\/schweinfurt\/?s={search_term_string}\"},\"query-input\":{\"@type\":\"PropertyValueSpecification\",\"valueRequired\":true,\"valueName\":\"search_term_string\"}}],\"inLanguage\":\"de\"}]}<\/script>\n<!-- \/ Yoast SEO plugin. -->","yoast_head_json":{"title":"Digitales Lernen - Weltladen Schweinfurt","robots":{"index":"index","follow":"follow","max-snippet":"max-snippet:-1","max-image-preview":"max-image-preview:large","max-video-preview":"max-video-preview:-1"},"canonical":"https:\/\/weltlaeden.de\/schweinfurt\/digitales-lernen\/","og_locale":"de_DE","og_type":"article","og_title":"Digitales Lernen - Weltladen Schweinfurt","og_description":"[vc_row][vc_column][vc_column_text css=&#8220;&#8220;] Der Weltladen Dachverband bietet kurze spielerisch gestaltete Einheiten rund um Themen des fairen Handels auf ihrer Webseite an. Unter folgendem Link kann man die Lernsnacks kostenfrei abrufen: https:\/\/www.weltladen.de\/lernort-weltladen\/digitale-angebote\/ Themen sind z.B.: &nbsp; &nbsp; &nbsp; &nbsp; &nbsp; &nbsp; &nbsp; &nbsp; Weitere digitale Angebote: &nbsp; Rund ums Handy Interaktiver Konsumkrimi &#8222;Was geschah mit Nora Gr\u00fcn?&#8220;.&hellip;","og_url":"https:\/\/weltlaeden.de\/schweinfurt\/digitales-lernen\/","og_site_name":"Weltladen Schweinfurt","article_modified_time":"2026-01-24T20:28:53+00:00","og_image":[{"width":442,"height":403,"url":"https:\/\/weltlaeden.de\/schweinfurt\/wp-content\/uploads\/sites\/103\/2026\/01\/lernsnack-Dachverband1.png","type":"image\/png"}],"twitter_card":"summary_large_image","twitter_misc":{"Gesch\u00e4tzte Lesezeit":"2\u00a0Minuten"},"schema":{"@context":"https:\/\/schema.org","@graph":[{"@type":"WebPage","@id":"https:\/\/weltlaeden.de\/schweinfurt\/digitales-lernen\/","url":"https:\/\/weltlaeden.de\/schweinfurt\/digitales-lernen\/","name":"Digitales Lernen - Weltladen Schweinfurt","isPartOf":{"@id":"https:\/\/weltlaeden.de\/schweinfurt\/#website"},"primaryImageOfPage":{"@id":"https:\/\/weltlaeden.de\/schweinfurt\/digitales-lernen\/#primaryimage"},"image":{"@id":"https:\/\/weltlaeden.de\/schweinfurt\/digitales-lernen\/#primaryimage"},"thumbnailUrl":"https:\/\/weltlaeden.de\/schweinfurt\/wp-content\/uploads\/sites\/103\/2026\/01\/lernsnack-Dachverband1-300x274.png","datePublished":"2020-10-18T10:37:54+00:00","dateModified":"2026-01-24T20:28:53+00:00","breadcrumb":{"@id":"https:\/\/weltlaeden.de\/schweinfurt\/digitales-lernen\/#breadcrumb"},"inLanguage":"de","potentialAction":[{"@type":"ReadAction","target":["https:\/\/weltlaeden.de\/schweinfurt\/digitales-lernen\/"]}]},{"@type":"ImageObject","inLanguage":"de","@id":"https:\/\/weltlaeden.de\/schweinfurt\/digitales-lernen\/#primaryimage","url":"https:\/\/weltlaeden.de\/schweinfurt\/wp-content\/uploads\/sites\/103\/2026\/01\/lernsnack-Dachverband1.png","contentUrl":"https:\/\/weltlaeden.de\/schweinfurt\/wp-content\/uploads\/sites\/103\/2026\/01\/lernsnack-Dachverband1.png","width":442,"height":403},{"@type":"BreadcrumbList","@id":"https:\/\/weltlaeden.de\/schweinfurt\/digitales-lernen\/#breadcrumb","itemListElement":[{"@type":"ListItem","position":1,"name":"Startseite","item":"https:\/\/weltlaeden.de\/schweinfurt\/"},{"@type":"ListItem","position":2,"name":"Digitales Lernen"}]},{"@type":"WebSite","@id":"https:\/\/weltlaeden.de\/schweinfurt\/#website","url":"https:\/\/weltlaeden.de\/schweinfurt\/","name":"Weltladen Schweinfurt","description":"Faire Produkte seit 1989","potentialAction":[{"@type":"SearchAction","target":{"@type":"EntryPoint","urlTemplate":"https:\/\/weltlaeden.de\/schweinfurt\/?s={search_term_string}"},"query-input":{"@type":"PropertyValueSpecification","valueRequired":true,"valueName":"search_term_string"}}],"inLanguage":"de"}]}},"_links":{"self":[{"href":"https:\/\/weltlaeden.de\/schweinfurt\/wp-json\/wp\/v2\/pages\/1211","targetHints":{"allow":["GET"]}}],"collection":[{"href":"https:\/\/weltlaeden.de\/schweinfurt\/wp-json\/wp\/v2\/pages"}],"about":[{"href":"https:\/\/weltlaeden.de\/schweinfurt\/wp-json\/wp\/v2\/types\/page"}],"author":[{"embeddable":true,"href":"https:\/\/weltlaeden.de\/schweinfurt\/wp-json\/wp\/v2\/users\/158"}],"replies":[{"embeddable":true,"href":"https:\/\/weltlaeden.de\/schweinfurt\/wp-json\/wp\/v2\/comments?post=1211"}],"version-history":[{"count":32,"href":"https:\/\/weltlaeden.de\/schweinfurt\/wp-json\/wp\/v2\/pages\/1211\/revisions"}],"predecessor-version":[{"id":2518,"href":"https:\/\/weltlaeden.de\/schweinfurt\/wp-json\/wp\/v2\/pages\/1211\/revisions\/2518"}],"wp:attachment":[{"href":"https:\/\/weltlaeden.de\/schweinfurt\/wp-json\/wp\/v2\/media?parent=1211"}],"curies":[{"name":"wp","href":"https:\/\/api.w.org\/{rel}","templated":true}]}}