{"id":658,"date":"2022-11-03T14:37:14","date_gmt":"2022-11-03T13:37:14","guid":{"rendered":"https:\/\/weltlaeden.de\/schwaigern\/?page_id=658"},"modified":"2022-11-03T19:20:51","modified_gmt":"2022-11-03T18:20:51","slug":"projekte","status":"publish","type":"page","link":"https:\/\/weltlaeden.de\/schwaigern\/projekte\/","title":{"rendered":"Projekte"},"content":{"rendered":"<div class=\"wpb-content-wrapper\"><p>[vc_row][vc_column][vc_column_text]<\/p>\n<h1>Projekte<\/h1>\n<p>[\/vc_column_text][\/vc_column][\/vc_row][vc_row][vc_column][vc_empty_space][vc_column_text]<\/p>\n<h2>Yomelela<\/h2>\n<p>[\/vc_column_text][\/vc_column][\/vc_row][vc_row][vc_column][vc_column_text]Yomelela ist ein Kinderhilfszentrum in den s\u00fcdlichen Drakensbergen \u00a0in S\u00fcdafrika, an der Grenze zum Bergland Lesotho.<\/p>\n<p>Das Tageszentrum k\u00fcmmert sich um elternlose Kinder aus 12 umliegenden D\u00f6rfern, vor allem auch um Kinder, die ohne Erwachsene leben (child-headed households).<\/p>\n<p>Die Kinder erhalten t\u00e4glich eine warme Mahlzeit, Schuluniformen und Dinge, die sie zum Leben brauchen (Seife, Waschpulver, warme Kleidung&#8230;). Sie finden im Zentrum auch Erwachsene, die ihnen zuh\u00f6ren und ein seelsorgerliches Gesp\u00fcr f\u00fcr Kindern\u00f6te und Trauer haben.<\/p>\n<p>Die gr\u00f6\u00dfte Freude ist der Gem\u00fcsegarten.[\/vc_column_text][\/vc_column][\/vc_row][vc_row][vc_column][vc_single_image image=&#8220;669&#8243;][\/vc_column][\/vc_row][vc_row][vc_column][vc_empty_space][\/vc_column][\/vc_row][vc_row][vc_column][vc_column_text]<\/p>\n<p>EINE WELT AK Schwaigern<br \/>\nVolksbank im Unterland<br \/>\nIBAN: DE59 6206 3263 0088 0550 00<br \/>\nStichwort:\u00a0 Aidswaisen S\u00fcdafrika[\/vc_column_text][\/vc_column][\/vc_row]<\/p>\n<\/div>","protected":false},"excerpt":{"rendered":"<p>[vc_row][vc_column][vc_column_text] Projekte [\/vc_column_text][\/vc_column][\/vc_row][vc_row][vc_column][vc_empty_space][vc_column_text] Yomelela [\/vc_column_text][\/vc_column][\/vc_row][vc_row][vc_column][vc_column_text]Yomelela ist ein Kinderhilfszentrum in den s\u00fcdlichen Drakensbergen \u00a0in S\u00fcdafrika, an der Grenze zum Bergland Lesotho. Das Tageszentrum k\u00fcmmert sich um elternlose Kinder aus 12 umliegenden D\u00f6rfern, vor allem auch um Kinder, die ohne Erwachsene leben (child-headed households). Die Kinder erhalten t\u00e4glich eine warme Mahlzeit, Schuluniformen und Dinge, die sie zum&hellip;<\/p>\n","protected":false},"author":223,"featured_media":0,"parent":0,"menu_order":0,"comment_status":"closed","ping_status":"closed","template":"","meta":{"footnotes":""},"class_list":["post-658","page","type-page","status-publish","hentry","description-off"],"yoast_head":"<!-- This site is optimized with the Yoast SEO plugin v26.8 - https:\/\/yoast.com\/product\/yoast-seo-wordpress\/ -->\n<title>Projekte - Weltladen Schwaigern<\/title>\n<meta name=\"robots\" content=\"index, follow, max-snippet:-1, max-image-preview:large, max-video-preview:-1\" \/>\n<link rel=\"canonical\" href=\"https:\/\/weltlaeden.de\/schwaigern\/projekte\/\" \/>\n<meta property=\"og:locale\" content=\"de_DE\" \/>\n<meta property=\"og:type\" content=\"article\" \/>\n<meta property=\"og:title\" content=\"Projekte - Weltladen Schwaigern\" \/>\n<meta property=\"og:description\" content=\"[vc_row][vc_column][vc_column_text] Projekte [\/vc_column_text][\/vc_column][\/vc_row][vc_row][vc_column][vc_empty_space][vc_column_text] Yomelela [\/vc_column_text][\/vc_column][\/vc_row][vc_row][vc_column][vc_column_text]Yomelela ist ein Kinderhilfszentrum in den s\u00fcdlichen Drakensbergen \u00a0in S\u00fcdafrika, an der Grenze zum Bergland Lesotho. Das Tageszentrum k\u00fcmmert sich um elternlose Kinder aus 12 umliegenden D\u00f6rfern, vor allem auch um Kinder, die ohne Erwachsene leben (child-headed households). Die Kinder erhalten t\u00e4glich eine warme Mahlzeit, Schuluniformen und Dinge, die sie zum&hellip;\" \/>\n<meta property=\"og:url\" content=\"https:\/\/weltlaeden.de\/schwaigern\/projekte\/\" \/>\n<meta property=\"og:site_name\" content=\"Weltladen Schwaigern\" \/>\n<meta property=\"article:modified_time\" content=\"2022-11-03T18:20:51+00:00\" \/>\n<meta name=\"twitter:card\" content=\"summary_large_image\" \/>\n<meta name=\"twitter:label1\" content=\"Gesch\u00e4tzte Lesezeit\" \/>\n\t<meta name=\"twitter:data1\" content=\"1\u00a0Minute\" \/>\n<script type=\"application\/ld+json\" class=\"yoast-schema-graph\">{\"@context\":\"https:\/\/schema.org\",\"@graph\":[{\"@type\":\"WebPage\",\"@id\":\"https:\/\/weltlaeden.de\/schwaigern\/projekte\/\",\"url\":\"https:\/\/weltlaeden.de\/schwaigern\/projekte\/\",\"name\":\"Projekte - Weltladen Schwaigern\",\"isPartOf\":{\"@id\":\"https:\/\/weltlaeden.de\/schwaigern\/#website\"},\"datePublished\":\"2022-11-03T13:37:14+00:00\",\"dateModified\":\"2022-11-03T18:20:51+00:00\",\"breadcrumb\":{\"@id\":\"https:\/\/weltlaeden.de\/schwaigern\/projekte\/#breadcrumb\"},\"inLanguage\":\"de\",\"potentialAction\":[{\"@type\":\"ReadAction\",\"target\":[\"https:\/\/weltlaeden.de\/schwaigern\/projekte\/\"]}]},{\"@type\":\"BreadcrumbList\",\"@id\":\"https:\/\/weltlaeden.de\/schwaigern\/projekte\/#breadcrumb\",\"itemListElement\":[{\"@type\":\"ListItem\",\"position\":1,\"name\":\"Startseite\",\"item\":\"https:\/\/weltlaeden.de\/schwaigern\/\"},{\"@type\":\"ListItem\",\"position\":2,\"name\":\"Projekte\"}]},{\"@type\":\"WebSite\",\"@id\":\"https:\/\/weltlaeden.de\/schwaigern\/#website\",\"url\":\"https:\/\/weltlaeden.de\/schwaigern\/\",\"name\":\"Weltladen Schwaigern\",\"description\":\"Faire Produkte seit 1990\",\"potentialAction\":[{\"@type\":\"SearchAction\",\"target\":{\"@type\":\"EntryPoint\",\"urlTemplate\":\"https:\/\/weltlaeden.de\/schwaigern\/?s={search_term_string}\"},\"query-input\":{\"@type\":\"PropertyValueSpecification\",\"valueRequired\":true,\"valueName\":\"search_term_string\"}}],\"inLanguage\":\"de\"}]}<\/script>\n<!-- \/ Yoast SEO plugin. -->","yoast_head_json":{"title":"Projekte - Weltladen Schwaigern","robots":{"index":"index","follow":"follow","max-snippet":"max-snippet:-1","max-image-preview":"max-image-preview:large","max-video-preview":"max-video-preview:-1"},"canonical":"https:\/\/weltlaeden.de\/schwaigern\/projekte\/","og_locale":"de_DE","og_type":"article","og_title":"Projekte - Weltladen Schwaigern","og_description":"[vc_row][vc_column][vc_column_text] Projekte [\/vc_column_text][\/vc_column][\/vc_row][vc_row][vc_column][vc_empty_space][vc_column_text] Yomelela [\/vc_column_text][\/vc_column][\/vc_row][vc_row][vc_column][vc_column_text]Yomelela ist ein Kinderhilfszentrum in den s\u00fcdlichen Drakensbergen \u00a0in S\u00fcdafrika, an der Grenze zum Bergland Lesotho. Das Tageszentrum k\u00fcmmert sich um elternlose Kinder aus 12 umliegenden D\u00f6rfern, vor allem auch um Kinder, die ohne Erwachsene leben (child-headed households). Die Kinder erhalten t\u00e4glich eine warme Mahlzeit, Schuluniformen und Dinge, die sie zum&hellip;","og_url":"https:\/\/weltlaeden.de\/schwaigern\/projekte\/","og_site_name":"Weltladen Schwaigern","article_modified_time":"2022-11-03T18:20:51+00:00","twitter_card":"summary_large_image","twitter_misc":{"Gesch\u00e4tzte Lesezeit":"1\u00a0Minute"},"schema":{"@context":"https:\/\/schema.org","@graph":[{"@type":"WebPage","@id":"https:\/\/weltlaeden.de\/schwaigern\/projekte\/","url":"https:\/\/weltlaeden.de\/schwaigern\/projekte\/","name":"Projekte - Weltladen Schwaigern","isPartOf":{"@id":"https:\/\/weltlaeden.de\/schwaigern\/#website"},"datePublished":"2022-11-03T13:37:14+00:00","dateModified":"2022-11-03T18:20:51+00:00","breadcrumb":{"@id":"https:\/\/weltlaeden.de\/schwaigern\/projekte\/#breadcrumb"},"inLanguage":"de","potentialAction":[{"@type":"ReadAction","target":["https:\/\/weltlaeden.de\/schwaigern\/projekte\/"]}]},{"@type":"BreadcrumbList","@id":"https:\/\/weltlaeden.de\/schwaigern\/projekte\/#breadcrumb","itemListElement":[{"@type":"ListItem","position":1,"name":"Startseite","item":"https:\/\/weltlaeden.de\/schwaigern\/"},{"@type":"ListItem","position":2,"name":"Projekte"}]},{"@type":"WebSite","@id":"https:\/\/weltlaeden.de\/schwaigern\/#website","url":"https:\/\/weltlaeden.de\/schwaigern\/","name":"Weltladen Schwaigern","description":"Faire Produkte seit 1990","potentialAction":[{"@type":"SearchAction","target":{"@type":"EntryPoint","urlTemplate":"https:\/\/weltlaeden.de\/schwaigern\/?s={search_term_string}"},"query-input":{"@type":"PropertyValueSpecification","valueRequired":true,"valueName":"search_term_string"}}],"inLanguage":"de"}]}},"_links":{"self":[{"href":"https:\/\/weltlaeden.de\/schwaigern\/wp-json\/wp\/v2\/pages\/658","targetHints":{"allow":["GET"]}}],"collection":[{"href":"https:\/\/weltlaeden.de\/schwaigern\/wp-json\/wp\/v2\/pages"}],"about":[{"href":"https:\/\/weltlaeden.de\/schwaigern\/wp-json\/wp\/v2\/types\/page"}],"author":[{"embeddable":true,"href":"https:\/\/weltlaeden.de\/schwaigern\/wp-json\/wp\/v2\/users\/223"}],"replies":[{"embeddable":true,"href":"https:\/\/weltlaeden.de\/schwaigern\/wp-json\/wp\/v2\/comments?post=658"}],"version-history":[{"count":4,"href":"https:\/\/weltlaeden.de\/schwaigern\/wp-json\/wp\/v2\/pages\/658\/revisions"}],"predecessor-version":[{"id":670,"href":"https:\/\/weltlaeden.de\/schwaigern\/wp-json\/wp\/v2\/pages\/658\/revisions\/670"}],"wp:attachment":[{"href":"https:\/\/weltlaeden.de\/schwaigern\/wp-json\/wp\/v2\/media?parent=658"}],"curies":[{"name":"wp","href":"https:\/\/api.w.org\/{rel}","templated":true}]}}