{"id":219,"date":"2016-10-28T13:34:47","date_gmt":"2016-10-28T11:34:47","guid":{"rendered":"https:\/\/wl.heimpixel.de\/vorlage\/ueber-uns\/"},"modified":"2026-02-19T14:13:53","modified_gmt":"2026-02-19T13:13:53","slug":"ueber-uns","status":"publish","type":"page","link":"https:\/\/weltlaeden.de\/schwaigern\/ueber-uns\/","title":{"rendered":"\u00dcber uns"},"content":{"rendered":"<div class=\"wpb-content-wrapper\"><p>[vc_row][vc_column]<div class=\"wl_einzelbild\"><p><img loading=\"lazy\" decoding=\"async\" class=\"aligncenter size-full wp-image-448\" src=\"https:\/\/weltlaeden.de\/schwaigern\/wp-content\/uploads\/sites\/156\/2019\/04\/board-game-challenge-chess-209728_1200x519-e1555324787982.png\" alt=\"\" width=\"787\" height=\"340\" \/><\/p><\/div>[vc_empty_space][vc_column_text]<\/p>\n<h1>Der Arbeitskreis Eine Welt e.V. Schwaigern<\/h1>\n<p>[\/vc_column_text][vc_column_text]besteht seit 1984 als eingetragener, gemeinn\u00fctziger Verein mit ca. 30 Mitgliedern. Seit unserer Gr\u00fcndung betreiben wir einen Weltladen mit minimalen Betriebs- und Verwaltungskosten.<br \/>\nDort abeiten ausschlie\u00dflich ehrenamtliche Mitarbeiterinnen und Mitarbeiter.<br \/>\nWir verkaufen Waren aus kleinen b\u00e4uerlichen und handwerklichen Genossenschaften, die den Produzenten gerechte Preise gew\u00e4hrleisten und Ihnen zu einem menschenw\u00fcrdigen Leben verhelfen.<br \/>\nEinmal im Monat treffen wir uns, um unsere Arbeit zu planen und zu besprechen.[\/vc_column_text][vc_empty_space][vc_column_text css=&#8220;&#8220;]<\/p>\n<h1>Der Vorstand<\/h1>\n<p>[\/vc_column_text][vc_column_text css=&#8220;&#8220;]besteht aus drei Mitgliedern die f\u00fcr jeweils zwei Jahre (bis 2027) gew\u00e4hlt sind:<\/p>\n<p>Helmut Mayer, Erster Vorstand,<br \/>\nAnnemarie Eich-Gruhler, Zweiter Vorstand und Schriftf\u00fchrerin,<br \/>\nUrsula Litz, Kassiererin.[\/vc_column_text][vc_empty_space][vc_column_text]<\/p>\n<h1>Wir setzen uns daf\u00fcr ein,<\/h1>\n<p>[\/vc_column_text][vc_column_text]durch fairen Handel, der auch viele biologisch erzeugte Produkte umfasst, die Produzenten sozial abzusichern und nachhaltiges Wirtschaften zu unterst\u00fctzen.<br \/>\nUns ist bewusst, dass Wirtschaftsweise und Konsumverhalten in den reiche L\u00e4ndern weltweite Auswirkungen haben. Hunger und Armut, vor allem in den L\u00e4ndern des S\u00fcdens, stehen in direktem Zusammenhang mit unserer Lebensweise.<br \/>\nDer faire Handel bedeutet deshalb f\u00fcr uns eine M\u00f6glichkeit, den Weg zu einer gerechteren und friedlicheren Welt mitzubahnen.[\/vc_column_text][vc_empty_space][vc_column_text]<\/p>\n<h1>Wir unterst\u00fctzen<\/h1>\n<p>[\/vc_column_text][vc_column_text]mit dem \u00dcberschuss aus dem Ladenverkauf, mit Spenden und Mitgliedsbeitr\u00e4gen Projekte, f\u00fcr deren Seriosit\u00e4t wir durch pers\u00f6nliche Kontakte b\u00fcrgen k\u00f6nnen:<\/p>\n<ul>\n<li><span style=\"color: #000080\">AIDS-Hilfe in S\u00fcdafrika<\/span><\/li>\n<li><span style=\"color: #000080\">Regenwaldprojekt in Brasilien<\/span><span style=\"color: #000080\"><br \/>\n<\/span><\/li>\n<\/ul>\n<p>[\/vc_column_text][\/vc_column][\/vc_row][vc_row][vc_column][vc_empty_space][vc_column_text]<\/p>\n<h1>Wir suchen<\/h1>\n<p>[\/vc_column_text][vc_column_text]Menschen, die Lust haben, sich ehrenamtlich f\u00fcr eine offene, transparente, \u00f6kologische und nachhaltige Form des Wirtschaftens zu engagieren. Die Aufgaben erfordern keine speziellen Vorkenntnisse, sondern nur Ihre Bereitschaft, Ihre F\u00e4higkeiten einzubringen und eventuell in neuen Bereichen dazuzulernen.<\/p>\n<p><strong>Wir bieten<\/strong> ein nettes Team aus Engagierten mit vielf\u00e4ltigen M\u00f6glichkeiten, sich selbst einzubringen. Eine Gemeinschaft, die Sie herzlich aufnimmt, einarbeitet und bei Fragen zur Verf\u00fcgung steht.<\/p>\n<p><strong>Ansprechpartner\/in:<\/strong><\/p>\n<p>Christel Mayer<br \/>\nchristel.mayer@gmx.net<\/p>\n<p><strong>Wir freuen uns auf Sie!<\/strong>[\/vc_column_text][\/vc_column][\/vc_row]<\/p>\n<\/div>","protected":false},"excerpt":{"rendered":"<p>[vc_row][vc_column][vc_empty_space][vc_column_text] Der Arbeitskreis Eine Welt e.V. Schwaigern [\/vc_column_text][vc_column_text]besteht seit 1984 als eingetragener, gemeinn\u00fctziger Verein mit ca. 30 Mitgliedern. Seit unserer Gr\u00fcndung betreiben wir einen Weltladen mit minimalen Betriebs- und Verwaltungskosten. Dort abeiten ausschlie\u00dflich ehrenamtliche Mitarbeiterinnen und Mitarbeiter. Wir verkaufen Waren aus kleinen b\u00e4uerlichen und handwerklichen Genossenschaften, die den Produzenten gerechte Preise gew\u00e4hrleisten und Ihnen zu&hellip;<\/p>\n","protected":false},"author":1,"featured_media":0,"parent":0,"menu_order":4,"comment_status":"closed","ping_status":"closed","template":"","meta":{"footnotes":""},"class_list":["post-219","page","type-page","status-publish","hentry","description-off"],"yoast_head":"<!-- This site is optimized with the Yoast SEO plugin v26.8 - https:\/\/yoast.com\/product\/yoast-seo-wordpress\/ -->\n<title>\u00dcber uns - Weltladen Schwaigern<\/title>\n<meta name=\"robots\" content=\"index, follow, max-snippet:-1, max-image-preview:large, max-video-preview:-1\" \/>\n<link rel=\"canonical\" href=\"https:\/\/weltlaeden.de\/schwaigern\/ueber-uns\/\" \/>\n<meta property=\"og:locale\" content=\"de_DE\" \/>\n<meta property=\"og:type\" content=\"article\" \/>\n<meta property=\"og:title\" content=\"\u00dcber uns - Weltladen Schwaigern\" \/>\n<meta property=\"og:description\" content=\"[vc_row][vc_column][vc_empty_space][vc_column_text] Der Arbeitskreis Eine Welt e.V. Schwaigern [\/vc_column_text][vc_column_text]besteht seit 1984 als eingetragener, gemeinn\u00fctziger Verein mit ca. 30 Mitgliedern. Seit unserer Gr\u00fcndung betreiben wir einen Weltladen mit minimalen Betriebs- und Verwaltungskosten. Dort abeiten ausschlie\u00dflich ehrenamtliche Mitarbeiterinnen und Mitarbeiter. Wir verkaufen Waren aus kleinen b\u00e4uerlichen und handwerklichen Genossenschaften, die den Produzenten gerechte Preise gew\u00e4hrleisten und Ihnen zu&hellip;\" \/>\n<meta property=\"og:url\" content=\"https:\/\/weltlaeden.de\/schwaigern\/ueber-uns\/\" \/>\n<meta property=\"og:site_name\" content=\"Weltladen Schwaigern\" \/>\n<meta property=\"article:modified_time\" content=\"2026-02-19T13:13:53+00:00\" \/>\n<meta property=\"og:image\" content=\"https:\/\/weltlaeden.de\/schwaigern\/wp-content\/uploads\/sites\/156\/2019\/04\/board-game-challenge-chess-209728_1200x519-e1555324787982.png\" \/>\n\t<meta property=\"og:image:width\" content=\"787\" \/>\n\t<meta property=\"og:image:height\" content=\"340\" \/>\n\t<meta property=\"og:image:type\" content=\"image\/png\" \/>\n<meta name=\"twitter:card\" content=\"summary_large_image\" \/>\n<meta name=\"twitter:label1\" content=\"Gesch\u00e4tzte Lesezeit\" \/>\n\t<meta name=\"twitter:data1\" content=\"2\u00a0Minuten\" \/>\n<script type=\"application\/ld+json\" class=\"yoast-schema-graph\">{\"@context\":\"https:\/\/schema.org\",\"@graph\":[{\"@type\":\"WebPage\",\"@id\":\"https:\/\/weltlaeden.de\/schwaigern\/ueber-uns\/\",\"url\":\"https:\/\/weltlaeden.de\/schwaigern\/ueber-uns\/\",\"name\":\"\u00dcber uns - Weltladen Schwaigern\",\"isPartOf\":{\"@id\":\"https:\/\/weltlaeden.de\/schwaigern\/#website\"},\"primaryImageOfPage\":{\"@id\":\"https:\/\/weltlaeden.de\/schwaigern\/ueber-uns\/#primaryimage\"},\"image\":{\"@id\":\"https:\/\/weltlaeden.de\/schwaigern\/ueber-uns\/#primaryimage\"},\"thumbnailUrl\":\"https:\/\/weltlaeden.de\/schwaigern\/wp-content\/uploads\/sites\/156\/2019\/04\/board-game-challenge-chess-209728_1200x519-e1555324787982.png\",\"datePublished\":\"2016-10-28T11:34:47+00:00\",\"dateModified\":\"2026-02-19T13:13:53+00:00\",\"breadcrumb\":{\"@id\":\"https:\/\/weltlaeden.de\/schwaigern\/ueber-uns\/#breadcrumb\"},\"inLanguage\":\"de\",\"potentialAction\":[{\"@type\":\"ReadAction\",\"target\":[\"https:\/\/weltlaeden.de\/schwaigern\/ueber-uns\/\"]}]},{\"@type\":\"ImageObject\",\"inLanguage\":\"de\",\"@id\":\"https:\/\/weltlaeden.de\/schwaigern\/ueber-uns\/#primaryimage\",\"url\":\"https:\/\/weltlaeden.de\/schwaigern\/wp-content\/uploads\/sites\/156\/2019\/04\/board-game-challenge-chess-209728_1200x519-e1555324787982.png\",\"contentUrl\":\"https:\/\/weltlaeden.de\/schwaigern\/wp-content\/uploads\/sites\/156\/2019\/04\/board-game-challenge-chess-209728_1200x519-e1555324787982.png\",\"width\":787,\"height\":340},{\"@type\":\"BreadcrumbList\",\"@id\":\"https:\/\/weltlaeden.de\/schwaigern\/ueber-uns\/#breadcrumb\",\"itemListElement\":[{\"@type\":\"ListItem\",\"position\":1,\"name\":\"Startseite\",\"item\":\"https:\/\/weltlaeden.de\/schwaigern\/\"},{\"@type\":\"ListItem\",\"position\":2,\"name\":\"\u00dcber uns\"}]},{\"@type\":\"WebSite\",\"@id\":\"https:\/\/weltlaeden.de\/schwaigern\/#website\",\"url\":\"https:\/\/weltlaeden.de\/schwaigern\/\",\"name\":\"Weltladen Schwaigern\",\"description\":\"Faire Produkte seit 1990\",\"potentialAction\":[{\"@type\":\"SearchAction\",\"target\":{\"@type\":\"EntryPoint\",\"urlTemplate\":\"https:\/\/weltlaeden.de\/schwaigern\/?s={search_term_string}\"},\"query-input\":{\"@type\":\"PropertyValueSpecification\",\"valueRequired\":true,\"valueName\":\"search_term_string\"}}],\"inLanguage\":\"de\"}]}<\/script>\n<!-- \/ Yoast SEO plugin. -->","yoast_head_json":{"title":"\u00dcber uns - Weltladen Schwaigern","robots":{"index":"index","follow":"follow","max-snippet":"max-snippet:-1","max-image-preview":"max-image-preview:large","max-video-preview":"max-video-preview:-1"},"canonical":"https:\/\/weltlaeden.de\/schwaigern\/ueber-uns\/","og_locale":"de_DE","og_type":"article","og_title":"\u00dcber uns - Weltladen Schwaigern","og_description":"[vc_row][vc_column][vc_empty_space][vc_column_text] Der Arbeitskreis Eine Welt e.V. Schwaigern [\/vc_column_text][vc_column_text]besteht seit 1984 als eingetragener, gemeinn\u00fctziger Verein mit ca. 30 Mitgliedern. Seit unserer Gr\u00fcndung betreiben wir einen Weltladen mit minimalen Betriebs- und Verwaltungskosten. Dort abeiten ausschlie\u00dflich ehrenamtliche Mitarbeiterinnen und Mitarbeiter. Wir verkaufen Waren aus kleinen b\u00e4uerlichen und handwerklichen Genossenschaften, die den Produzenten gerechte Preise gew\u00e4hrleisten und Ihnen zu&hellip;","og_url":"https:\/\/weltlaeden.de\/schwaigern\/ueber-uns\/","og_site_name":"Weltladen Schwaigern","article_modified_time":"2026-02-19T13:13:53+00:00","og_image":[{"width":787,"height":340,"url":"https:\/\/weltlaeden.de\/schwaigern\/wp-content\/uploads\/sites\/156\/2019\/04\/board-game-challenge-chess-209728_1200x519-e1555324787982.png","type":"image\/png"}],"twitter_card":"summary_large_image","twitter_misc":{"Gesch\u00e4tzte Lesezeit":"2\u00a0Minuten"},"schema":{"@context":"https:\/\/schema.org","@graph":[{"@type":"WebPage","@id":"https:\/\/weltlaeden.de\/schwaigern\/ueber-uns\/","url":"https:\/\/weltlaeden.de\/schwaigern\/ueber-uns\/","name":"\u00dcber uns - Weltladen Schwaigern","isPartOf":{"@id":"https:\/\/weltlaeden.de\/schwaigern\/#website"},"primaryImageOfPage":{"@id":"https:\/\/weltlaeden.de\/schwaigern\/ueber-uns\/#primaryimage"},"image":{"@id":"https:\/\/weltlaeden.de\/schwaigern\/ueber-uns\/#primaryimage"},"thumbnailUrl":"https:\/\/weltlaeden.de\/schwaigern\/wp-content\/uploads\/sites\/156\/2019\/04\/board-game-challenge-chess-209728_1200x519-e1555324787982.png","datePublished":"2016-10-28T11:34:47+00:00","dateModified":"2026-02-19T13:13:53+00:00","breadcrumb":{"@id":"https:\/\/weltlaeden.de\/schwaigern\/ueber-uns\/#breadcrumb"},"inLanguage":"de","potentialAction":[{"@type":"ReadAction","target":["https:\/\/weltlaeden.de\/schwaigern\/ueber-uns\/"]}]},{"@type":"ImageObject","inLanguage":"de","@id":"https:\/\/weltlaeden.de\/schwaigern\/ueber-uns\/#primaryimage","url":"https:\/\/weltlaeden.de\/schwaigern\/wp-content\/uploads\/sites\/156\/2019\/04\/board-game-challenge-chess-209728_1200x519-e1555324787982.png","contentUrl":"https:\/\/weltlaeden.de\/schwaigern\/wp-content\/uploads\/sites\/156\/2019\/04\/board-game-challenge-chess-209728_1200x519-e1555324787982.png","width":787,"height":340},{"@type":"BreadcrumbList","@id":"https:\/\/weltlaeden.de\/schwaigern\/ueber-uns\/#breadcrumb","itemListElement":[{"@type":"ListItem","position":1,"name":"Startseite","item":"https:\/\/weltlaeden.de\/schwaigern\/"},{"@type":"ListItem","position":2,"name":"\u00dcber uns"}]},{"@type":"WebSite","@id":"https:\/\/weltlaeden.de\/schwaigern\/#website","url":"https:\/\/weltlaeden.de\/schwaigern\/","name":"Weltladen Schwaigern","description":"Faire Produkte seit 1990","potentialAction":[{"@type":"SearchAction","target":{"@type":"EntryPoint","urlTemplate":"https:\/\/weltlaeden.de\/schwaigern\/?s={search_term_string}"},"query-input":{"@type":"PropertyValueSpecification","valueRequired":true,"valueName":"search_term_string"}}],"inLanguage":"de"}]}},"_links":{"self":[{"href":"https:\/\/weltlaeden.de\/schwaigern\/wp-json\/wp\/v2\/pages\/219","targetHints":{"allow":["GET"]}}],"collection":[{"href":"https:\/\/weltlaeden.de\/schwaigern\/wp-json\/wp\/v2\/pages"}],"about":[{"href":"https:\/\/weltlaeden.de\/schwaigern\/wp-json\/wp\/v2\/types\/page"}],"author":[{"embeddable":true,"href":"https:\/\/weltlaeden.de\/schwaigern\/wp-json\/wp\/v2\/users\/1"}],"replies":[{"embeddable":true,"href":"https:\/\/weltlaeden.de\/schwaigern\/wp-json\/wp\/v2\/comments?post=219"}],"version-history":[{"count":17,"href":"https:\/\/weltlaeden.de\/schwaigern\/wp-json\/wp\/v2\/pages\/219\/revisions"}],"predecessor-version":[{"id":1091,"href":"https:\/\/weltlaeden.de\/schwaigern\/wp-json\/wp\/v2\/pages\/219\/revisions\/1091"}],"wp:attachment":[{"href":"https:\/\/weltlaeden.de\/schwaigern\/wp-json\/wp\/v2\/media?parent=219"}],"curies":[{"name":"wp","href":"https:\/\/api.w.org\/{rel}","templated":true}]}}