{"id":217,"date":"2016-10-28T13:34:21","date_gmt":"2016-10-28T11:34:47","guid":{"rendered":"https:\/\/wl.heimpixel.de\/vorlage\/produkte\/"},"modified":"2023-04-18T17:17:38","modified_gmt":"2023-04-18T15:17:38","slug":"kaffee","status":"publish","type":"page","link":"https:\/\/weltlaeden.de\/schwaebisch-hall\/kaffee\/","title":{"rendered":"Produkte"},"content":{"rendered":"<div class=\"wpb-content-wrapper\"><p>[vc_row][vc_column]<div class=\"wl_einzelbild\"><p><img loading=\"lazy\" decoding=\"async\" class=\"alignnone wp-image-683\" src=\"https:\/\/weltlaeden.de\/schwaebisch-hall\/wp-content\/uploads\/sites\/187\/2023\/02\/K640_collage_Prdukte2-300x130.jpg\" alt=\"\" width=\"555\" height=\"240\" srcset=\"https:\/\/weltlaeden.de\/schwaebisch-hall\/wp-content\/uploads\/sites\/187\/2023\/02\/K640_collage_Prdukte2-300x130.jpg 300w, https:\/\/weltlaeden.de\/schwaebisch-hall\/wp-content\/uploads\/sites\/187\/2023\/02\/K640_collage_Prdukte2-768x332.jpg 768w, https:\/\/weltlaeden.de\/schwaebisch-hall\/wp-content\/uploads\/sites\/187\/2023\/02\/K640_collage_Prdukte2.jpg 787w\" sizes=\"auto, (max-width: 555px) 100vw, 555px\" \/><\/p><\/div>[vc_empty_space][vc_column_text][\/vc_column_text][vc_column_text]<\/p>\n<h1 style=\"text-align: left\">Wir f\u00fchren ein vielf\u00e4ltiges Sortiment<br \/>\nan hochwertigen Waren aus aller Welt<\/h1>\n<h3 style=\"text-align: left\">Das Besondere:<br \/>\nUnsere Produkte sind fair gehandelt.<br \/>\nWir beziehen sie von anerkannten Fair-Handels-Importeuren<br \/>\nwie GEPA, ELPUENTE, Weltpartner, Globo oder Banafair.<\/h3>\n<p>&nbsp;<\/p>\n<p>Immer wieder ist hier etwas Neues zum Ausprobieren zu finden.<\/p>\n<p>Es gibt eigenen <em><strong>Schw\u00e4bisch Haller Stadtkaffee<\/strong><\/em>.<\/p>\n<p>Sie finden s\u00fc\u00dfe<em> <strong>&#8222;Fair-F\u00fchrungen&#8220;\u00a0<\/strong><\/em> aus Schokolade in allen Variationen.<\/p>\n<p>Einen gro\u00dfen Anteil unseres Angebotes machen <em><strong>Taschen<\/strong><strong> und K\u00f6rbe<\/strong><\/em><br \/>\nin verschiedenen Formen, Gr\u00f6\u00dfen und Materialien aus.<br \/>\nBesonders sch\u00f6n sind unsere Iki und Smarteria Taschen und sportliche Mela Rucks\u00e4cke.<\/p>\n<p><strong><em>Schmuck<\/em>\u00a0<\/strong> aus Silber, vergoldet, aus Keramik oder aus landestypischen Materialien<br \/>\ngibt es in einer sch\u00f6nen Auswahl.<\/p>\n<p><strong><em>Geschirr<\/em><\/strong> f\u00fchren wir aus Keramik, Glas und Holz.<\/p>\n<p><em><strong>Handt\u00fccher<\/strong><\/em> im &#8222;Wellnessbereich&#8220; sowie Saunat\u00fccher, <em><strong>Strandt\u00fccher<\/strong><\/em>,<br \/>\nund Seifen f\u00fcr K\u00f6rper und Haare.<\/p>\n<p>Es macht besonderen Spa\u00df im breiten Angebot an<em> <strong>Kunsthandwerk<\/strong><\/em><br \/>\nund saisonaler Ware auf Entdeckertour zu gehen.[\/vc_column_text][vc_empty_space][\/vc_column][\/vc_row][vc_row][vc_column]<div class=\"wl_einzelbild\"><p><img loading=\"lazy\" decoding=\"async\" class=\"wp-image-808 alignnone\" src=\"https:\/\/weltlaeden.de\/schwaebisch-hall\/wp-content\/uploads\/sites\/187\/2023\/02\/K640_IMG_2850-1-300x200.jpg\" alt=\"\" width=\"339\" height=\"226\" srcset=\"https:\/\/weltlaeden.de\/schwaebisch-hall\/wp-content\/uploads\/sites\/187\/2023\/02\/K640_IMG_2850-1-300x200.jpg 300w, https:\/\/weltlaeden.de\/schwaebisch-hall\/wp-content\/uploads\/sites\/187\/2023\/02\/K640_IMG_2850-1.jpg 720w\" sizes=\"auto, (max-width: 339px) 100vw, 339px\" \/><img loading=\"lazy\" decoding=\"async\" class=\"wp-image-819 alignnone\" src=\"https:\/\/weltlaeden.de\/schwaebisch-hall\/wp-content\/uploads\/sites\/187\/2023\/02\/K640_IMG_20170311_102939-1-300x169.jpg\" alt=\"\" width=\"400\" height=\"225\" srcset=\"https:\/\/weltlaeden.de\/schwaebisch-hall\/wp-content\/uploads\/sites\/187\/2023\/02\/K640_IMG_20170311_102939-1-300x169.jpg 300w, https:\/\/weltlaeden.de\/schwaebisch-hall\/wp-content\/uploads\/sites\/187\/2023\/02\/K640_IMG_20170311_102939-1-768x432.jpg 768w, https:\/\/weltlaeden.de\/schwaebisch-hall\/wp-content\/uploads\/sites\/187\/2023\/02\/K640_IMG_20170311_102939-1.jpg 853w\" sizes=\"auto, (max-width: 400px) 100vw, 400px\" \/><\/p><\/div>[\/vc_column][\/vc_row][vc_row][vc_column]<div class=\"wl_einzelbild\"><p><\/p><\/div>[\/vc_column][\/vc_row]<\/p>\n<\/div>","protected":false},"excerpt":{"rendered":"<p>[vc_row][vc_column][vc_empty_space][vc_column_text][\/vc_column_text][vc_column_text] Wir f\u00fchren ein vielf\u00e4ltiges Sortiment an hochwertigen Waren aus aller Welt Das Besondere: Unsere Produkte sind fair gehandelt. Wir beziehen sie von anerkannten Fair-Handels-Importeuren wie GEPA, ELPUENTE, Weltpartner, Globo oder Banafair. &nbsp; Immer wieder ist hier etwas Neues zum Ausprobieren zu finden. Es gibt eigenen Schw\u00e4bisch Haller Stadtkaffee. Sie finden s\u00fc\u00dfe &#8222;Fair-F\u00fchrungen&#8220;\u00a0 aus Schokolade&hellip;<\/p>\n","protected":false},"author":1,"featured_media":0,"parent":0,"menu_order":5,"comment_status":"closed","ping_status":"closed","template":"","meta":{"footnotes":""},"class_list":["post-217","page","type-page","status-publish","hentry","description-off"],"yoast_head":"<!-- This site is optimized with the Yoast SEO plugin v26.8 - https:\/\/yoast.com\/product\/yoast-seo-wordpress\/ -->\n<title>Produkte - Weltladen Schw\u00e4bisch Hall<\/title>\n<meta name=\"description\" content=\"Stadtkaffee Schw\u00e4bisch Hall\" \/>\n<meta name=\"robots\" content=\"index, follow, max-snippet:-1, max-image-preview:large, max-video-preview:-1\" \/>\n<link rel=\"canonical\" href=\"https:\/\/weltlaeden.de\/schwaebisch-hall\/kaffee\/\" \/>\n<meta property=\"og:locale\" content=\"de_DE\" \/>\n<meta property=\"og:type\" content=\"article\" \/>\n<meta property=\"og:title\" content=\"Produkte - Weltladen Schw\u00e4bisch Hall\" \/>\n<meta property=\"og:description\" content=\"Stadtkaffee Schw\u00e4bisch Hall\" \/>\n<meta property=\"og:url\" content=\"https:\/\/weltlaeden.de\/schwaebisch-hall\/kaffee\/\" \/>\n<meta property=\"og:site_name\" content=\"Weltladen Schw\u00e4bisch Hall\" \/>\n<meta property=\"article:modified_time\" content=\"2023-04-18T15:17:38+00:00\" \/>\n<meta property=\"og:image\" content=\"https:\/\/weltlaeden.de\/schwaebisch-hall\/wp-content\/uploads\/sites\/187\/2023\/02\/K640_collage_Prdukte2-300x130.jpg\" \/>\n<meta name=\"twitter:card\" content=\"summary_large_image\" \/>\n<meta name=\"twitter:label1\" content=\"Gesch\u00e4tzte Lesezeit\" \/>\n\t<meta name=\"twitter:data1\" content=\"2\u00a0Minuten\" \/>\n<script type=\"application\/ld+json\" class=\"yoast-schema-graph\">{\"@context\":\"https:\/\/schema.org\",\"@graph\":[{\"@type\":\"WebPage\",\"@id\":\"https:\/\/weltlaeden.de\/schwaebisch-hall\/kaffee\/\",\"url\":\"https:\/\/weltlaeden.de\/schwaebisch-hall\/kaffee\/\",\"name\":\"Produkte - Weltladen Schw\u00e4bisch Hall\",\"isPartOf\":{\"@id\":\"https:\/\/weltlaeden.de\/schwaebisch-hall\/#website\"},\"primaryImageOfPage\":{\"@id\":\"https:\/\/weltlaeden.de\/schwaebisch-hall\/kaffee\/#primaryimage\"},\"image\":{\"@id\":\"https:\/\/weltlaeden.de\/schwaebisch-hall\/kaffee\/#primaryimage\"},\"thumbnailUrl\":\"https:\/\/weltlaeden.de\/schwaebisch-hall\/wp-content\/uploads\/sites\/187\/2023\/02\/K640_collage_Prdukte2-300x130.jpg\",\"datePublished\":\"2016-10-28T11:34:47+00:00\",\"dateModified\":\"2023-04-18T15:17:38+00:00\",\"description\":\"Stadtkaffee Schw\u00e4bisch Hall\",\"breadcrumb\":{\"@id\":\"https:\/\/weltlaeden.de\/schwaebisch-hall\/kaffee\/#breadcrumb\"},\"inLanguage\":\"de\",\"potentialAction\":[{\"@type\":\"ReadAction\",\"target\":[\"https:\/\/weltlaeden.de\/schwaebisch-hall\/kaffee\/\"]}]},{\"@type\":\"ImageObject\",\"inLanguage\":\"de\",\"@id\":\"https:\/\/weltlaeden.de\/schwaebisch-hall\/kaffee\/#primaryimage\",\"url\":\"https:\/\/weltlaeden.de\/schwaebisch-hall\/wp-content\/uploads\/sites\/187\/2023\/02\/K640_collage_Prdukte2.jpg\",\"contentUrl\":\"https:\/\/weltlaeden.de\/schwaebisch-hall\/wp-content\/uploads\/sites\/187\/2023\/02\/K640_collage_Prdukte2.jpg\",\"width\":787,\"height\":340},{\"@type\":\"BreadcrumbList\",\"@id\":\"https:\/\/weltlaeden.de\/schwaebisch-hall\/kaffee\/#breadcrumb\",\"itemListElement\":[{\"@type\":\"ListItem\",\"position\":1,\"name\":\"Startseite\",\"item\":\"https:\/\/weltlaeden.de\/schwaebisch-hall\/\"},{\"@type\":\"ListItem\",\"position\":2,\"name\":\"Produkte\"}]},{\"@type\":\"WebSite\",\"@id\":\"https:\/\/weltlaeden.de\/schwaebisch-hall\/#website\",\"url\":\"https:\/\/weltlaeden.de\/schwaebisch-hall\/\",\"name\":\"Weltladen Schw\u00e4bisch Hall\",\"description\":\"Fachhandel f\u00fcr Faire Produkte\",\"potentialAction\":[{\"@type\":\"SearchAction\",\"target\":{\"@type\":\"EntryPoint\",\"urlTemplate\":\"https:\/\/weltlaeden.de\/schwaebisch-hall\/?s={search_term_string}\"},\"query-input\":{\"@type\":\"PropertyValueSpecification\",\"valueRequired\":true,\"valueName\":\"search_term_string\"}}],\"inLanguage\":\"de\"}]}<\/script>\n<!-- \/ Yoast SEO plugin. -->","yoast_head_json":{"title":"Produkte - Weltladen Schw\u00e4bisch Hall","description":"Stadtkaffee Schw\u00e4bisch Hall","robots":{"index":"index","follow":"follow","max-snippet":"max-snippet:-1","max-image-preview":"max-image-preview:large","max-video-preview":"max-video-preview:-1"},"canonical":"https:\/\/weltlaeden.de\/schwaebisch-hall\/kaffee\/","og_locale":"de_DE","og_type":"article","og_title":"Produkte - Weltladen Schw\u00e4bisch Hall","og_description":"Stadtkaffee Schw\u00e4bisch Hall","og_url":"https:\/\/weltlaeden.de\/schwaebisch-hall\/kaffee\/","og_site_name":"Weltladen Schw\u00e4bisch Hall","article_modified_time":"2023-04-18T15:17:38+00:00","og_image":[{"url":"https:\/\/weltlaeden.de\/schwaebisch-hall\/wp-content\/uploads\/sites\/187\/2023\/02\/K640_collage_Prdukte2-300x130.jpg","type":"","width":"","height":""}],"twitter_card":"summary_large_image","twitter_misc":{"Gesch\u00e4tzte Lesezeit":"2\u00a0Minuten"},"schema":{"@context":"https:\/\/schema.org","@graph":[{"@type":"WebPage","@id":"https:\/\/weltlaeden.de\/schwaebisch-hall\/kaffee\/","url":"https:\/\/weltlaeden.de\/schwaebisch-hall\/kaffee\/","name":"Produkte - Weltladen Schw\u00e4bisch Hall","isPartOf":{"@id":"https:\/\/weltlaeden.de\/schwaebisch-hall\/#website"},"primaryImageOfPage":{"@id":"https:\/\/weltlaeden.de\/schwaebisch-hall\/kaffee\/#primaryimage"},"image":{"@id":"https:\/\/weltlaeden.de\/schwaebisch-hall\/kaffee\/#primaryimage"},"thumbnailUrl":"https:\/\/weltlaeden.de\/schwaebisch-hall\/wp-content\/uploads\/sites\/187\/2023\/02\/K640_collage_Prdukte2-300x130.jpg","datePublished":"2016-10-28T11:34:47+00:00","dateModified":"2023-04-18T15:17:38+00:00","description":"Stadtkaffee Schw\u00e4bisch Hall","breadcrumb":{"@id":"https:\/\/weltlaeden.de\/schwaebisch-hall\/kaffee\/#breadcrumb"},"inLanguage":"de","potentialAction":[{"@type":"ReadAction","target":["https:\/\/weltlaeden.de\/schwaebisch-hall\/kaffee\/"]}]},{"@type":"ImageObject","inLanguage":"de","@id":"https:\/\/weltlaeden.de\/schwaebisch-hall\/kaffee\/#primaryimage","url":"https:\/\/weltlaeden.de\/schwaebisch-hall\/wp-content\/uploads\/sites\/187\/2023\/02\/K640_collage_Prdukte2.jpg","contentUrl":"https:\/\/weltlaeden.de\/schwaebisch-hall\/wp-content\/uploads\/sites\/187\/2023\/02\/K640_collage_Prdukte2.jpg","width":787,"height":340},{"@type":"BreadcrumbList","@id":"https:\/\/weltlaeden.de\/schwaebisch-hall\/kaffee\/#breadcrumb","itemListElement":[{"@type":"ListItem","position":1,"name":"Startseite","item":"https:\/\/weltlaeden.de\/schwaebisch-hall\/"},{"@type":"ListItem","position":2,"name":"Produkte"}]},{"@type":"WebSite","@id":"https:\/\/weltlaeden.de\/schwaebisch-hall\/#website","url":"https:\/\/weltlaeden.de\/schwaebisch-hall\/","name":"Weltladen Schw\u00e4bisch Hall","description":"Fachhandel f\u00fcr Faire Produkte","potentialAction":[{"@type":"SearchAction","target":{"@type":"EntryPoint","urlTemplate":"https:\/\/weltlaeden.de\/schwaebisch-hall\/?s={search_term_string}"},"query-input":{"@type":"PropertyValueSpecification","valueRequired":true,"valueName":"search_term_string"}}],"inLanguage":"de"}]}},"_links":{"self":[{"href":"https:\/\/weltlaeden.de\/schwaebisch-hall\/wp-json\/wp\/v2\/pages\/217","targetHints":{"allow":["GET"]}}],"collection":[{"href":"https:\/\/weltlaeden.de\/schwaebisch-hall\/wp-json\/wp\/v2\/pages"}],"about":[{"href":"https:\/\/weltlaeden.de\/schwaebisch-hall\/wp-json\/wp\/v2\/types\/page"}],"author":[{"embeddable":true,"href":"https:\/\/weltlaeden.de\/schwaebisch-hall\/wp-json\/wp\/v2\/users\/1"}],"replies":[{"embeddable":true,"href":"https:\/\/weltlaeden.de\/schwaebisch-hall\/wp-json\/wp\/v2\/comments?post=217"}],"version-history":[{"count":81,"href":"https:\/\/weltlaeden.de\/schwaebisch-hall\/wp-json\/wp\/v2\/pages\/217\/revisions"}],"predecessor-version":[{"id":1560,"href":"https:\/\/weltlaeden.de\/schwaebisch-hall\/wp-json\/wp\/v2\/pages\/217\/revisions\/1560"}],"wp:attachment":[{"href":"https:\/\/weltlaeden.de\/schwaebisch-hall\/wp-json\/wp\/v2\/media?parent=217"}],"curies":[{"name":"wp","href":"https:\/\/api.w.org\/{rel}","templated":true}]}}