{"id":1442,"date":"2023-03-29T12:52:06","date_gmt":"2023-03-29T10:52:06","guid":{"rendered":"https:\/\/weltlaeden.de\/schwaebisch-hall\/?page_id=1442"},"modified":"2023-03-29T18:29:32","modified_gmt":"2023-03-29T16:29:32","slug":"unser-taschensortiment","status":"publish","type":"page","link":"https:\/\/weltlaeden.de\/schwaebisch-hall\/kaffee\/unser-taschensortiment\/","title":{"rendered":"Unser Taschensortiment"},"content":{"rendered":"<div class=\"wpb-content-wrapper\"><p>[vc_row][vc_column][vc_column_text]<\/p>\n<h1>Unser erweitertes Taschensortiment und Rucks\u00e4cke<\/h1>\n<p>[\/vc_column_text]<div class=\"wl_einzelbild\"><p><img loading=\"lazy\" decoding=\"async\" class=\"alignnone wp-image-1452\" src=\"https:\/\/weltlaeden.de\/schwaebisch-hall\/wp-content\/uploads\/sites\/187\/2023\/03\/dragolina_2-300x121.jpg\" alt=\"\" width=\"698\" height=\"282\" srcset=\"https:\/\/weltlaeden.de\/schwaebisch-hall\/wp-content\/uploads\/sites\/187\/2023\/03\/dragolina_2-300x121.jpg 300w, https:\/\/weltlaeden.de\/schwaebisch-hall\/wp-content\/uploads\/sites\/187\/2023\/03\/dragolina_2-1024x414.jpg 1024w, https:\/\/weltlaeden.de\/schwaebisch-hall\/wp-content\/uploads\/sites\/187\/2023\/03\/dragolina_2-768x310.jpg 768w, https:\/\/weltlaeden.de\/schwaebisch-hall\/wp-content\/uploads\/sites\/187\/2023\/03\/dragolina_2-1536x620.jpg 1536w, https:\/\/weltlaeden.de\/schwaebisch-hall\/wp-content\/uploads\/sites\/187\/2023\/03\/dragolina_2.jpg 1731w\" sizes=\"auto, (max-width: 698px) 100vw, 698px\" \/><\/p><\/div>[vc_column_text][\/vc_column_text][vc_column_text]<\/p>\n<h2>IKI Taschen<\/h2>\n<p>Italienische Design trifft auf ein au\u00dfergew\u00f6hnliches Material:<\/p>\n<p>Basierend auf industrielle Verpackungsabf\u00e4llen hat SMARTERIA<br \/>\nein recyceltes Material mit hochwertiger Textur entwickelt das wasserabweisend, unglaublich robust und glatt im Griff ist.<\/p>\n<p>\u00c4hnlich wie Leder entwickelt dieses innovative Material eine Patina<br \/>\nund ver\u00e4ndert sich mit der Zeit zu ihrem ganz individuellen Begleiter. Ein echter Hingucker!<\/p>\n<p>SMARTERIA steht f\u00fcr Transformation eines Materials und daf\u00fcr, ihm neues Leben zu geben.<\/p>\n<p>IKI ist jetzt ihre neueste Entwicklung um nachhaltige und ethische Mode zu schaffen.[\/vc_column_text]<div class=\"wl_einzelbild\"><p><img loading=\"lazy\" decoding=\"async\" class=\"wp-image-1449 aligncenter\" src=\"https:\/\/weltlaeden.de\/schwaebisch-hall\/wp-content\/uploads\/sites\/187\/2023\/03\/iki-expert-einkaufstasche-300x300.jpg\" alt=\"\" width=\"389\" height=\"389\" srcset=\"https:\/\/weltlaeden.de\/schwaebisch-hall\/wp-content\/uploads\/sites\/187\/2023\/03\/iki-expert-einkaufstasche-300x300.jpg 300w, https:\/\/weltlaeden.de\/schwaebisch-hall\/wp-content\/uploads\/sites\/187\/2023\/03\/iki-expert-einkaufstasche-150x150.jpg 150w, https:\/\/weltlaeden.de\/schwaebisch-hall\/wp-content\/uploads\/sites\/187\/2023\/03\/iki-expert-einkaufstasche-768x768.jpg 768w, https:\/\/weltlaeden.de\/schwaebisch-hall\/wp-content\/uploads\/sites\/187\/2023\/03\/iki-expert-einkaufstasche.jpg 800w\" sizes=\"auto, (max-width: 389px) 100vw, 389px\" \/><\/p><\/div>[vc_column_text]<\/p>\n<h2>Trusted Craft bunte Canvas Taschen<\/h2>\n<h2>Stoffe, Accessoires &amp; Homeartikel aus S\u00fcdafrika<\/h2>\n<p>TRUSTED CRAFT DESIGN fertigt Taschen aller Art &amp; Homeartikel in lebendigen Farbkombinationen, als auch die traditionellen Shweshwe-Baumwollstoffe, Accessoires und Telefondrahtk\u00f6rbe. Jedes Teil wird in solider Handarbeit gefertigt.<\/p>\n<p>TRUSTED CRAFT &#8222;bew\u00e4hrte Handarbeit&#8220; steht f\u00fcr aufwendige Glasperlenstickerei, das Flechten mit Telefondraht und f\u00fcr ausdruckstarke Handsiebdruckstoffe.<br \/>\nS\u00fcdafrikanisches Design, das zu 100% &#8222;PROUDLY MADE IN SOUTH AFRICA&#8220; ist![\/vc_column_text]<div class=\"wl_einzelbild\"><p><img loading=\"lazy\" decoding=\"async\" class=\"wp-image-1484 aligncenter\" src=\"https:\/\/weltlaeden.de\/schwaebisch-hall\/wp-content\/uploads\/sites\/187\/2023\/03\/mandala_Sling17n-300x300.jpeg\" alt=\"\" width=\"449\" height=\"449\" srcset=\"https:\/\/weltlaeden.de\/schwaebisch-hall\/wp-content\/uploads\/sites\/187\/2023\/03\/mandala_Sling17n-300x300.jpeg 300w, https:\/\/weltlaeden.de\/schwaebisch-hall\/wp-content\/uploads\/sites\/187\/2023\/03\/mandala_Sling17n-1024x1024.jpeg 1024w, https:\/\/weltlaeden.de\/schwaebisch-hall\/wp-content\/uploads\/sites\/187\/2023\/03\/mandala_Sling17n-150x150.jpeg 150w, https:\/\/weltlaeden.de\/schwaebisch-hall\/wp-content\/uploads\/sites\/187\/2023\/03\/mandala_Sling17n-768x768.jpeg 768w, https:\/\/weltlaeden.de\/schwaebisch-hall\/wp-content\/uploads\/sites\/187\/2023\/03\/mandala_Sling17n.jpeg 1080w\" sizes=\"auto, (max-width: 449px) 100vw, 449px\" \/><\/p><\/div>[vc_column_text]<\/p>\n<h2>Taschen von Dragolina<\/h2>\n<p>Hochwertiges Baumwoll-Canvas, Wolle, Seide und Rindsleder aus ausgew\u00e4hlter Produktion.<\/p>\n<p>Handarbeit mit Liebe zum Detail in seit Jahrhunderten bew\u00e4hrter Techniken.[\/vc_column_text]<div class=\"wl_einzelbild\"><p><img loading=\"lazy\" decoding=\"async\" class=\"wp-image-1451 aligncenter\" src=\"https:\/\/weltlaeden.de\/schwaebisch-hall\/wp-content\/uploads\/sites\/187\/2023\/03\/dragolina_1-202x300.jpg\" alt=\"\" width=\"414\" height=\"615\" srcset=\"https:\/\/weltlaeden.de\/schwaebisch-hall\/wp-content\/uploads\/sites\/187\/2023\/03\/dragolina_1-202x300.jpg 202w, https:\/\/weltlaeden.de\/schwaebisch-hall\/wp-content\/uploads\/sites\/187\/2023\/03\/dragolina_1-689x1024.jpg 689w, https:\/\/weltlaeden.de\/schwaebisch-hall\/wp-content\/uploads\/sites\/187\/2023\/03\/dragolina_1-768x1142.jpg 768w, https:\/\/weltlaeden.de\/schwaebisch-hall\/wp-content\/uploads\/sites\/187\/2023\/03\/dragolina_1.jpg 896w\" sizes=\"auto, (max-width: 414px) 100vw, 414px\" \/><\/p><\/div>[\/vc_column][\/vc_row][vc_row][vc_column][vc_column_text]<\/p>\n<div class=\"title\">\n<h2 class=\"h2\">SMATERIA<\/h2>\n<\/div>\n<div class=\"desc\">\n<p>Smateria ist ein Eco-Fashion Label, das 2006 von zwei Italienerinnen in Kambodscha gegr\u00fcndet wurde. Die Idee, Materialien ihrem urspr\u00fcnglichen Zweck zu entfremden und daraus etwas Neues zu kreieren, hatten die beiden Gr\u00fcnderinnen, weil ihnen das Thema Nachhaltigkeit sehr am Herzen liegt. Sie wollten etwas schaffen, das fair hergestellt wird, das innovativ ist und Kreativi\u00adt\u00e4t ausstrahlt.<\/p>\n<p>Die rund 130 Mitarbeiter\/-innen des Unternehmens haben geregelte Arbeitszeiten, \u00dcberstunden werden bezahlt, sie erhalten bezahlten Urlaub und haben einen umfassenden Versicherungsschutz. Seit Herbst 2011 gibt es ein Day-Care-Zentrum auf dem Gel\u00e4nde; so k\u00f6nnen die Mitarbeiter\/-innen Beruf und Familie gut verbinden.<\/p>\n<\/div>\n<p>[\/vc_column_text][vc_column_text][\/vc_column_text][\/vc_column][\/vc_row][vc_row][vc_column]<div class=\"wl_einzelbild\"><p><\/p><\/div>[vc_empty_space][\/vc_column][\/vc_row][vc_row][vc_column][vc_column_text]<\/p>\n<h2>MELA Taschen und Rucks\u00e4cke aus okologisch angebauter Biobaumwolle<\/h2>\n<p>[\/vc_column_text]<div class=\"wl_einzelbild\"><p><img loading=\"lazy\" decoding=\"async\" class=\"alignnone wp-image-1493\" src=\"https:\/\/weltlaeden.de\/schwaebisch-hall\/wp-content\/uploads\/sites\/187\/2023\/03\/K640_IMG_2850-300x200.jpg\" alt=\"\" width=\"732\" height=\"488\" srcset=\"https:\/\/weltlaeden.de\/schwaebisch-hall\/wp-content\/uploads\/sites\/187\/2023\/03\/K640_IMG_2850-300x200.jpg 300w, https:\/\/weltlaeden.de\/schwaebisch-hall\/wp-content\/uploads\/sites\/187\/2023\/03\/K640_IMG_2850.jpg 720w\" sizes=\"auto, (max-width: 732px) 100vw, 732px\" \/><\/p><\/div>[\/vc_column][\/vc_row]<\/p>\n<\/div>","protected":false},"excerpt":{"rendered":"<p>[vc_row][vc_column][vc_column_text] Unser erweitertes Taschensortiment und Rucks\u00e4cke [\/vc_column_text][vc_column_text][\/vc_column_text][vc_column_text] IKI Taschen Italienische Design trifft auf ein au\u00dfergew\u00f6hnliches Material: Basierend auf industrielle Verpackungsabf\u00e4llen hat SMARTERIA ein recyceltes Material mit hochwertiger Textur entwickelt das wasserabweisend, unglaublich robust und glatt im Griff ist. \u00c4hnlich wie Leder entwickelt dieses innovative Material eine Patina und ver\u00e4ndert sich mit der Zeit zu ihrem&hellip;<\/p>\n","protected":false},"author":279,"featured_media":0,"parent":217,"menu_order":12,"comment_status":"closed","ping_status":"closed","template":"","meta":{"footnotes":""},"class_list":["post-1442","page","type-page","status-publish","hentry","description-off"],"yoast_head":"<!-- This site is optimized with the Yoast SEO plugin v26.8 - https:\/\/yoast.com\/product\/yoast-seo-wordpress\/ -->\n<title>Unser Taschensortiment - Weltladen Schw\u00e4bisch Hall<\/title>\n<meta name=\"robots\" content=\"index, follow, max-snippet:-1, max-image-preview:large, max-video-preview:-1\" \/>\n<link rel=\"canonical\" href=\"https:\/\/weltlaeden.de\/schwaebisch-hall\/kaffee\/unser-taschensortiment\/\" \/>\n<meta property=\"og:locale\" content=\"de_DE\" \/>\n<meta property=\"og:type\" content=\"article\" \/>\n<meta property=\"og:title\" content=\"Unser Taschensortiment - Weltladen Schw\u00e4bisch Hall\" \/>\n<meta property=\"og:description\" content=\"[vc_row][vc_column][vc_column_text] Unser erweitertes Taschensortiment und Rucks\u00e4cke [\/vc_column_text][vc_column_text][\/vc_column_text][vc_column_text] IKI Taschen Italienische Design trifft auf ein au\u00dfergew\u00f6hnliches Material: Basierend auf industrielle Verpackungsabf\u00e4llen hat SMARTERIA ein recyceltes Material mit hochwertiger Textur entwickelt das wasserabweisend, unglaublich robust und glatt im Griff ist. \u00c4hnlich wie Leder entwickelt dieses innovative Material eine Patina und ver\u00e4ndert sich mit der Zeit zu ihrem&hellip;\" \/>\n<meta property=\"og:url\" content=\"https:\/\/weltlaeden.de\/schwaebisch-hall\/kaffee\/unser-taschensortiment\/\" \/>\n<meta property=\"og:site_name\" content=\"Weltladen Schw\u00e4bisch Hall\" \/>\n<meta property=\"article:modified_time\" content=\"2023-03-29T16:29:32+00:00\" \/>\n<meta property=\"og:image\" content=\"https:\/\/weltlaeden.de\/schwaebisch-hall\/wp-content\/uploads\/sites\/187\/2023\/03\/dragolina_2-300x121.jpg\" \/>\n<meta name=\"twitter:card\" content=\"summary_large_image\" \/>\n<meta name=\"twitter:label1\" content=\"Gesch\u00e4tzte Lesezeit\" \/>\n\t<meta name=\"twitter:data1\" content=\"3\u00a0Minuten\" \/>\n<script type=\"application\/ld+json\" class=\"yoast-schema-graph\">{\"@context\":\"https:\/\/schema.org\",\"@graph\":[{\"@type\":\"WebPage\",\"@id\":\"https:\/\/weltlaeden.de\/schwaebisch-hall\/kaffee\/unser-taschensortiment\/\",\"url\":\"https:\/\/weltlaeden.de\/schwaebisch-hall\/kaffee\/unser-taschensortiment\/\",\"name\":\"Unser Taschensortiment - Weltladen Schw\u00e4bisch Hall\",\"isPartOf\":{\"@id\":\"https:\/\/weltlaeden.de\/schwaebisch-hall\/#website\"},\"primaryImageOfPage\":{\"@id\":\"https:\/\/weltlaeden.de\/schwaebisch-hall\/kaffee\/unser-taschensortiment\/#primaryimage\"},\"image\":{\"@id\":\"https:\/\/weltlaeden.de\/schwaebisch-hall\/kaffee\/unser-taschensortiment\/#primaryimage\"},\"thumbnailUrl\":\"https:\/\/weltlaeden.de\/schwaebisch-hall\/wp-content\/uploads\/sites\/187\/2023\/03\/dragolina_2-300x121.jpg\",\"datePublished\":\"2023-03-29T10:52:06+00:00\",\"dateModified\":\"2023-03-29T16:29:32+00:00\",\"breadcrumb\":{\"@id\":\"https:\/\/weltlaeden.de\/schwaebisch-hall\/kaffee\/unser-taschensortiment\/#breadcrumb\"},\"inLanguage\":\"de\",\"potentialAction\":[{\"@type\":\"ReadAction\",\"target\":[\"https:\/\/weltlaeden.de\/schwaebisch-hall\/kaffee\/unser-taschensortiment\/\"]}]},{\"@type\":\"ImageObject\",\"inLanguage\":\"de\",\"@id\":\"https:\/\/weltlaeden.de\/schwaebisch-hall\/kaffee\/unser-taschensortiment\/#primaryimage\",\"url\":\"https:\/\/weltlaeden.de\/schwaebisch-hall\/wp-content\/uploads\/sites\/187\/2023\/03\/dragolina_2.jpg\",\"contentUrl\":\"https:\/\/weltlaeden.de\/schwaebisch-hall\/wp-content\/uploads\/sites\/187\/2023\/03\/dragolina_2.jpg\",\"width\":1731,\"height\":699},{\"@type\":\"BreadcrumbList\",\"@id\":\"https:\/\/weltlaeden.de\/schwaebisch-hall\/kaffee\/unser-taschensortiment\/#breadcrumb\",\"itemListElement\":[{\"@type\":\"ListItem\",\"position\":1,\"name\":\"Startseite\",\"item\":\"https:\/\/weltlaeden.de\/schwaebisch-hall\/\"},{\"@type\":\"ListItem\",\"position\":2,\"name\":\"Produkte\",\"item\":\"https:\/\/weltlaeden.de\/schwaebisch-hall\/kaffee\/\"},{\"@type\":\"ListItem\",\"position\":3,\"name\":\"Unser Taschensortiment\"}]},{\"@type\":\"WebSite\",\"@id\":\"https:\/\/weltlaeden.de\/schwaebisch-hall\/#website\",\"url\":\"https:\/\/weltlaeden.de\/schwaebisch-hall\/\",\"name\":\"Weltladen Schw\u00e4bisch Hall\",\"description\":\"Fachhandel f\u00fcr Faire Produkte\",\"potentialAction\":[{\"@type\":\"SearchAction\",\"target\":{\"@type\":\"EntryPoint\",\"urlTemplate\":\"https:\/\/weltlaeden.de\/schwaebisch-hall\/?s={search_term_string}\"},\"query-input\":{\"@type\":\"PropertyValueSpecification\",\"valueRequired\":true,\"valueName\":\"search_term_string\"}}],\"inLanguage\":\"de\"}]}<\/script>\n<!-- \/ Yoast SEO plugin. -->","yoast_head_json":{"title":"Unser Taschensortiment - Weltladen Schw\u00e4bisch Hall","robots":{"index":"index","follow":"follow","max-snippet":"max-snippet:-1","max-image-preview":"max-image-preview:large","max-video-preview":"max-video-preview:-1"},"canonical":"https:\/\/weltlaeden.de\/schwaebisch-hall\/kaffee\/unser-taschensortiment\/","og_locale":"de_DE","og_type":"article","og_title":"Unser Taschensortiment - Weltladen Schw\u00e4bisch Hall","og_description":"[vc_row][vc_column][vc_column_text] Unser erweitertes Taschensortiment und Rucks\u00e4cke [\/vc_column_text][vc_column_text][\/vc_column_text][vc_column_text] IKI Taschen Italienische Design trifft auf ein au\u00dfergew\u00f6hnliches Material: Basierend auf industrielle Verpackungsabf\u00e4llen hat SMARTERIA ein recyceltes Material mit hochwertiger Textur entwickelt das wasserabweisend, unglaublich robust und glatt im Griff ist. \u00c4hnlich wie Leder entwickelt dieses innovative Material eine Patina und ver\u00e4ndert sich mit der Zeit zu ihrem&hellip;","og_url":"https:\/\/weltlaeden.de\/schwaebisch-hall\/kaffee\/unser-taschensortiment\/","og_site_name":"Weltladen Schw\u00e4bisch Hall","article_modified_time":"2023-03-29T16:29:32+00:00","og_image":[{"url":"https:\/\/weltlaeden.de\/schwaebisch-hall\/wp-content\/uploads\/sites\/187\/2023\/03\/dragolina_2-300x121.jpg","type":"","width":"","height":""}],"twitter_card":"summary_large_image","twitter_misc":{"Gesch\u00e4tzte Lesezeit":"3\u00a0Minuten"},"schema":{"@context":"https:\/\/schema.org","@graph":[{"@type":"WebPage","@id":"https:\/\/weltlaeden.de\/schwaebisch-hall\/kaffee\/unser-taschensortiment\/","url":"https:\/\/weltlaeden.de\/schwaebisch-hall\/kaffee\/unser-taschensortiment\/","name":"Unser Taschensortiment - Weltladen Schw\u00e4bisch Hall","isPartOf":{"@id":"https:\/\/weltlaeden.de\/schwaebisch-hall\/#website"},"primaryImageOfPage":{"@id":"https:\/\/weltlaeden.de\/schwaebisch-hall\/kaffee\/unser-taschensortiment\/#primaryimage"},"image":{"@id":"https:\/\/weltlaeden.de\/schwaebisch-hall\/kaffee\/unser-taschensortiment\/#primaryimage"},"thumbnailUrl":"https:\/\/weltlaeden.de\/schwaebisch-hall\/wp-content\/uploads\/sites\/187\/2023\/03\/dragolina_2-300x121.jpg","datePublished":"2023-03-29T10:52:06+00:00","dateModified":"2023-03-29T16:29:32+00:00","breadcrumb":{"@id":"https:\/\/weltlaeden.de\/schwaebisch-hall\/kaffee\/unser-taschensortiment\/#breadcrumb"},"inLanguage":"de","potentialAction":[{"@type":"ReadAction","target":["https:\/\/weltlaeden.de\/schwaebisch-hall\/kaffee\/unser-taschensortiment\/"]}]},{"@type":"ImageObject","inLanguage":"de","@id":"https:\/\/weltlaeden.de\/schwaebisch-hall\/kaffee\/unser-taschensortiment\/#primaryimage","url":"https:\/\/weltlaeden.de\/schwaebisch-hall\/wp-content\/uploads\/sites\/187\/2023\/03\/dragolina_2.jpg","contentUrl":"https:\/\/weltlaeden.de\/schwaebisch-hall\/wp-content\/uploads\/sites\/187\/2023\/03\/dragolina_2.jpg","width":1731,"height":699},{"@type":"BreadcrumbList","@id":"https:\/\/weltlaeden.de\/schwaebisch-hall\/kaffee\/unser-taschensortiment\/#breadcrumb","itemListElement":[{"@type":"ListItem","position":1,"name":"Startseite","item":"https:\/\/weltlaeden.de\/schwaebisch-hall\/"},{"@type":"ListItem","position":2,"name":"Produkte","item":"https:\/\/weltlaeden.de\/schwaebisch-hall\/kaffee\/"},{"@type":"ListItem","position":3,"name":"Unser Taschensortiment"}]},{"@type":"WebSite","@id":"https:\/\/weltlaeden.de\/schwaebisch-hall\/#website","url":"https:\/\/weltlaeden.de\/schwaebisch-hall\/","name":"Weltladen Schw\u00e4bisch Hall","description":"Fachhandel f\u00fcr Faire Produkte","potentialAction":[{"@type":"SearchAction","target":{"@type":"EntryPoint","urlTemplate":"https:\/\/weltlaeden.de\/schwaebisch-hall\/?s={search_term_string}"},"query-input":{"@type":"PropertyValueSpecification","valueRequired":true,"valueName":"search_term_string"}}],"inLanguage":"de"}]}},"_links":{"self":[{"href":"https:\/\/weltlaeden.de\/schwaebisch-hall\/wp-json\/wp\/v2\/pages\/1442","targetHints":{"allow":["GET"]}}],"collection":[{"href":"https:\/\/weltlaeden.de\/schwaebisch-hall\/wp-json\/wp\/v2\/pages"}],"about":[{"href":"https:\/\/weltlaeden.de\/schwaebisch-hall\/wp-json\/wp\/v2\/types\/page"}],"author":[{"embeddable":true,"href":"https:\/\/weltlaeden.de\/schwaebisch-hall\/wp-json\/wp\/v2\/users\/279"}],"replies":[{"embeddable":true,"href":"https:\/\/weltlaeden.de\/schwaebisch-hall\/wp-json\/wp\/v2\/comments?post=1442"}],"version-history":[{"count":44,"href":"https:\/\/weltlaeden.de\/schwaebisch-hall\/wp-json\/wp\/v2\/pages\/1442\/revisions"}],"predecessor-version":[{"id":1499,"href":"https:\/\/weltlaeden.de\/schwaebisch-hall\/wp-json\/wp\/v2\/pages\/1442\/revisions\/1499"}],"up":[{"embeddable":true,"href":"https:\/\/weltlaeden.de\/schwaebisch-hall\/wp-json\/wp\/v2\/pages\/217"}],"wp:attachment":[{"href":"https:\/\/weltlaeden.de\/schwaebisch-hall\/wp-json\/wp\/v2\/media?parent=1442"}],"curies":[{"name":"wp","href":"https:\/\/api.w.org\/{rel}","templated":true}]}}