{"id":1000,"date":"2023-02-21T13:01:21","date_gmt":"2023-02-21T12:01:57","guid":{"rendered":"https:\/\/weltlaeden.de\/schwaebisch-hall\/?page_id=1000"},"modified":"2023-03-29T18:29:31","modified_gmt":"2023-03-29T16:29:31","slug":"accessoires","status":"publish","type":"page","link":"https:\/\/weltlaeden.de\/schwaebisch-hall\/kaffee\/accessoires\/","title":{"rendered":"Accessoires"},"content":{"rendered":"<div class=\"wpb-content-wrapper\"><p>[vc_row][vc_column][vc_column_text]<\/p>\n<h1>Mode und Accessoires<\/h1>\n<p>[\/vc_column_text]<div class=\"wl_einzelbild\"><p><img loading=\"lazy\" decoding=\"async\" class=\"wp-image-810 alignleft\" src=\"https:\/\/weltlaeden.de\/schwaebisch-hall\/wp-content\/uploads\/sites\/187\/2023\/02\/K640_IMG_2867-300x200.jpg\" alt=\"\" width=\"517\" height=\"344\" srcset=\"https:\/\/weltlaeden.de\/schwaebisch-hall\/wp-content\/uploads\/sites\/187\/2023\/02\/K640_IMG_2867-300x200.jpg 300w, https:\/\/weltlaeden.de\/schwaebisch-hall\/wp-content\/uploads\/sites\/187\/2023\/02\/K640_IMG_2867.jpg 720w\" sizes=\"auto, (max-width: 517px) 100vw, 517px\" \/><\/p><\/div>[vc_empty_space][\/vc_column][\/vc_row][vc_row][vc_column][vc_column_text]<strong>Wir f\u00fchren ein kleines Fair-Fashion-Sortiment<\/strong><\/p>\n<p>Je nach Saison gibt es bei uns folgende Frauen- und M\u00e4nnermode<\/p>\n<ul>\n<li>T-Shirts f\u00fcr Kinder und Erwachsene von Kindern aus Afrika<\/li>\n<li>Schals, M\u00fctzen, Handschuhe<\/li>\n<li>gefilzte Hausschuhe aus Nepal<\/li>\n<\/ul>\n<p>Au\u00dferdem finden Sie bei uns eine gro\u00dfe Auswahl an Taschen und Rucks\u00e4cken<br \/>\nund ein vielf\u00e4ltiges Ledersortiment bestehend aus Geldbeuteln, G\u00fcrteln, M\u00e4ppchen und vielem mehr.[\/vc_column_text][\/vc_column][\/vc_row][vc_row][vc_column][vc_column_text][\/vc_column_text]<div class=\"wl_einzelbild\"><p><img loading=\"lazy\" decoding=\"async\" class=\"wp-image-676 alignleft\" src=\"https:\/\/weltlaeden.de\/schwaebisch-hall\/wp-content\/uploads\/sites\/187\/2023\/02\/K640_IMG_20230207_115221-225x300.jpg\" alt=\"\" width=\"518\" height=\"691\" srcset=\"https:\/\/weltlaeden.de\/schwaebisch-hall\/wp-content\/uploads\/sites\/187\/2023\/02\/K640_IMG_20230207_115221-225x300.jpg 225w, https:\/\/weltlaeden.de\/schwaebisch-hall\/wp-content\/uploads\/sites\/187\/2023\/02\/K640_IMG_20230207_115221.jpg 480w\" sizes=\"auto, (max-width: 518px) 100vw, 518px\" \/><\/p><\/div>[\/vc_column][\/vc_row]<\/p>\n<\/div>","protected":false},"excerpt":{"rendered":"<p>[vc_row][vc_column][vc_column_text] Mode und Accessoires [\/vc_column_text][vc_empty_space][\/vc_column][\/vc_row][vc_row][vc_column][vc_column_text]Wir f\u00fchren ein kleines Fair-Fashion-Sortiment Je nach Saison gibt es bei uns folgende Frauen- und M\u00e4nnermode T-Shirts f\u00fcr Kinder und Erwachsene von Kindern aus Afrika Schals, M\u00fctzen, Handschuhe gefilzte Hausschuhe aus Nepal Au\u00dferdem finden Sie bei uns eine gro\u00dfe Auswahl an Taschen und Rucks\u00e4cken und ein vielf\u00e4ltiges Ledersortiment bestehend aus Geldbeuteln,&hellip;<\/p>\n","protected":false},"author":279,"featured_media":0,"parent":217,"menu_order":11,"comment_status":"closed","ping_status":"closed","template":"","meta":{"footnotes":""},"class_list":["post-1000","page","type-page","status-publish","hentry","description-off"],"yoast_head":"<!-- This site is optimized with the Yoast SEO plugin v26.8 - https:\/\/yoast.com\/product\/yoast-seo-wordpress\/ -->\n<title>Accessoires - Weltladen Schw\u00e4bisch Hall<\/title>\n<meta name=\"description\" content=\"Faire Mode und Accessoires\" \/>\n<meta name=\"robots\" content=\"index, follow, max-snippet:-1, max-image-preview:large, max-video-preview:-1\" \/>\n<link rel=\"canonical\" href=\"https:\/\/weltlaeden.de\/schwaebisch-hall\/kaffee\/accessoires\/\" \/>\n<meta property=\"og:locale\" content=\"de_DE\" \/>\n<meta property=\"og:type\" content=\"article\" \/>\n<meta property=\"og:title\" content=\"Accessoires - Weltladen Schw\u00e4bisch Hall\" \/>\n<meta property=\"og:description\" content=\"Faire Mode und Accessoires\" \/>\n<meta property=\"og:url\" content=\"https:\/\/weltlaeden.de\/schwaebisch-hall\/kaffee\/accessoires\/\" \/>\n<meta property=\"og:site_name\" content=\"Weltladen Schw\u00e4bisch Hall\" \/>\n<meta property=\"article:modified_time\" content=\"2023-03-29T16:29:31+00:00\" \/>\n<meta property=\"og:image\" content=\"https:\/\/weltlaeden.de\/schwaebisch-hall\/wp-content\/uploads\/sites\/187\/2023\/02\/K640_IMG_2867-300x200.jpg\" \/>\n<meta name=\"twitter:card\" content=\"summary_large_image\" \/>\n<meta name=\"twitter:label1\" content=\"Gesch\u00e4tzte Lesezeit\" \/>\n\t<meta name=\"twitter:data1\" content=\"1\u00a0Minute\" \/>\n<script type=\"application\/ld+json\" class=\"yoast-schema-graph\">{\"@context\":\"https:\/\/schema.org\",\"@graph\":[{\"@type\":\"WebPage\",\"@id\":\"https:\/\/weltlaeden.de\/schwaebisch-hall\/kaffee\/accessoires\/\",\"url\":\"https:\/\/weltlaeden.de\/schwaebisch-hall\/kaffee\/accessoires\/\",\"name\":\"Accessoires - Weltladen Schw\u00e4bisch Hall\",\"isPartOf\":{\"@id\":\"https:\/\/weltlaeden.de\/schwaebisch-hall\/#website\"},\"primaryImageOfPage\":{\"@id\":\"https:\/\/weltlaeden.de\/schwaebisch-hall\/kaffee\/accessoires\/#primaryimage\"},\"image\":{\"@id\":\"https:\/\/weltlaeden.de\/schwaebisch-hall\/kaffee\/accessoires\/#primaryimage\"},\"thumbnailUrl\":\"https:\/\/weltlaeden.de\/schwaebisch-hall\/wp-content\/uploads\/sites\/187\/2023\/02\/K640_IMG_2867-300x200.jpg\",\"datePublished\":\"2023-02-21T12:01:57+00:00\",\"dateModified\":\"2023-03-29T16:29:31+00:00\",\"description\":\"Faire Mode und Accessoires\",\"breadcrumb\":{\"@id\":\"https:\/\/weltlaeden.de\/schwaebisch-hall\/kaffee\/accessoires\/#breadcrumb\"},\"inLanguage\":\"de\",\"potentialAction\":[{\"@type\":\"ReadAction\",\"target\":[\"https:\/\/weltlaeden.de\/schwaebisch-hall\/kaffee\/accessoires\/\"]}]},{\"@type\":\"ImageObject\",\"inLanguage\":\"de\",\"@id\":\"https:\/\/weltlaeden.de\/schwaebisch-hall\/kaffee\/accessoires\/#primaryimage\",\"url\":\"https:\/\/weltlaeden.de\/schwaebisch-hall\/wp-content\/uploads\/sites\/187\/2023\/02\/K640_IMG_2867.jpg\",\"contentUrl\":\"https:\/\/weltlaeden.de\/schwaebisch-hall\/wp-content\/uploads\/sites\/187\/2023\/02\/K640_IMG_2867.jpg\",\"width\":720,\"height\":480},{\"@type\":\"BreadcrumbList\",\"@id\":\"https:\/\/weltlaeden.de\/schwaebisch-hall\/kaffee\/accessoires\/#breadcrumb\",\"itemListElement\":[{\"@type\":\"ListItem\",\"position\":1,\"name\":\"Startseite\",\"item\":\"https:\/\/weltlaeden.de\/schwaebisch-hall\/\"},{\"@type\":\"ListItem\",\"position\":2,\"name\":\"Produkte\",\"item\":\"https:\/\/weltlaeden.de\/schwaebisch-hall\/kaffee\/\"},{\"@type\":\"ListItem\",\"position\":3,\"name\":\"Accessoires\"}]},{\"@type\":\"WebSite\",\"@id\":\"https:\/\/weltlaeden.de\/schwaebisch-hall\/#website\",\"url\":\"https:\/\/weltlaeden.de\/schwaebisch-hall\/\",\"name\":\"Weltladen Schw\u00e4bisch Hall\",\"description\":\"Fachhandel f\u00fcr Faire Produkte\",\"potentialAction\":[{\"@type\":\"SearchAction\",\"target\":{\"@type\":\"EntryPoint\",\"urlTemplate\":\"https:\/\/weltlaeden.de\/schwaebisch-hall\/?s={search_term_string}\"},\"query-input\":{\"@type\":\"PropertyValueSpecification\",\"valueRequired\":true,\"valueName\":\"search_term_string\"}}],\"inLanguage\":\"de\"}]}<\/script>\n<!-- \/ Yoast SEO plugin. -->","yoast_head_json":{"title":"Accessoires - Weltladen Schw\u00e4bisch Hall","description":"Faire Mode und Accessoires","robots":{"index":"index","follow":"follow","max-snippet":"max-snippet:-1","max-image-preview":"max-image-preview:large","max-video-preview":"max-video-preview:-1"},"canonical":"https:\/\/weltlaeden.de\/schwaebisch-hall\/kaffee\/accessoires\/","og_locale":"de_DE","og_type":"article","og_title":"Accessoires - Weltladen Schw\u00e4bisch Hall","og_description":"Faire Mode und Accessoires","og_url":"https:\/\/weltlaeden.de\/schwaebisch-hall\/kaffee\/accessoires\/","og_site_name":"Weltladen Schw\u00e4bisch Hall","article_modified_time":"2023-03-29T16:29:31+00:00","og_image":[{"url":"https:\/\/weltlaeden.de\/schwaebisch-hall\/wp-content\/uploads\/sites\/187\/2023\/02\/K640_IMG_2867-300x200.jpg","type":"","width":"","height":""}],"twitter_card":"summary_large_image","twitter_misc":{"Gesch\u00e4tzte Lesezeit":"1\u00a0Minute"},"schema":{"@context":"https:\/\/schema.org","@graph":[{"@type":"WebPage","@id":"https:\/\/weltlaeden.de\/schwaebisch-hall\/kaffee\/accessoires\/","url":"https:\/\/weltlaeden.de\/schwaebisch-hall\/kaffee\/accessoires\/","name":"Accessoires - Weltladen Schw\u00e4bisch Hall","isPartOf":{"@id":"https:\/\/weltlaeden.de\/schwaebisch-hall\/#website"},"primaryImageOfPage":{"@id":"https:\/\/weltlaeden.de\/schwaebisch-hall\/kaffee\/accessoires\/#primaryimage"},"image":{"@id":"https:\/\/weltlaeden.de\/schwaebisch-hall\/kaffee\/accessoires\/#primaryimage"},"thumbnailUrl":"https:\/\/weltlaeden.de\/schwaebisch-hall\/wp-content\/uploads\/sites\/187\/2023\/02\/K640_IMG_2867-300x200.jpg","datePublished":"2023-02-21T12:01:57+00:00","dateModified":"2023-03-29T16:29:31+00:00","description":"Faire Mode und Accessoires","breadcrumb":{"@id":"https:\/\/weltlaeden.de\/schwaebisch-hall\/kaffee\/accessoires\/#breadcrumb"},"inLanguage":"de","potentialAction":[{"@type":"ReadAction","target":["https:\/\/weltlaeden.de\/schwaebisch-hall\/kaffee\/accessoires\/"]}]},{"@type":"ImageObject","inLanguage":"de","@id":"https:\/\/weltlaeden.de\/schwaebisch-hall\/kaffee\/accessoires\/#primaryimage","url":"https:\/\/weltlaeden.de\/schwaebisch-hall\/wp-content\/uploads\/sites\/187\/2023\/02\/K640_IMG_2867.jpg","contentUrl":"https:\/\/weltlaeden.de\/schwaebisch-hall\/wp-content\/uploads\/sites\/187\/2023\/02\/K640_IMG_2867.jpg","width":720,"height":480},{"@type":"BreadcrumbList","@id":"https:\/\/weltlaeden.de\/schwaebisch-hall\/kaffee\/accessoires\/#breadcrumb","itemListElement":[{"@type":"ListItem","position":1,"name":"Startseite","item":"https:\/\/weltlaeden.de\/schwaebisch-hall\/"},{"@type":"ListItem","position":2,"name":"Produkte","item":"https:\/\/weltlaeden.de\/schwaebisch-hall\/kaffee\/"},{"@type":"ListItem","position":3,"name":"Accessoires"}]},{"@type":"WebSite","@id":"https:\/\/weltlaeden.de\/schwaebisch-hall\/#website","url":"https:\/\/weltlaeden.de\/schwaebisch-hall\/","name":"Weltladen Schw\u00e4bisch Hall","description":"Fachhandel f\u00fcr Faire Produkte","potentialAction":[{"@type":"SearchAction","target":{"@type":"EntryPoint","urlTemplate":"https:\/\/weltlaeden.de\/schwaebisch-hall\/?s={search_term_string}"},"query-input":{"@type":"PropertyValueSpecification","valueRequired":true,"valueName":"search_term_string"}}],"inLanguage":"de"}]}},"_links":{"self":[{"href":"https:\/\/weltlaeden.de\/schwaebisch-hall\/wp-json\/wp\/v2\/pages\/1000","targetHints":{"allow":["GET"]}}],"collection":[{"href":"https:\/\/weltlaeden.de\/schwaebisch-hall\/wp-json\/wp\/v2\/pages"}],"about":[{"href":"https:\/\/weltlaeden.de\/schwaebisch-hall\/wp-json\/wp\/v2\/types\/page"}],"author":[{"embeddable":true,"href":"https:\/\/weltlaeden.de\/schwaebisch-hall\/wp-json\/wp\/v2\/users\/279"}],"replies":[{"embeddable":true,"href":"https:\/\/weltlaeden.de\/schwaebisch-hall\/wp-json\/wp\/v2\/comments?post=1000"}],"version-history":[{"count":15,"href":"https:\/\/weltlaeden.de\/schwaebisch-hall\/wp-json\/wp\/v2\/pages\/1000\/revisions"}],"predecessor-version":[{"id":1405,"href":"https:\/\/weltlaeden.de\/schwaebisch-hall\/wp-json\/wp\/v2\/pages\/1000\/revisions\/1405"}],"up":[{"embeddable":true,"href":"https:\/\/weltlaeden.de\/schwaebisch-hall\/wp-json\/wp\/v2\/pages\/217"}],"wp:attachment":[{"href":"https:\/\/weltlaeden.de\/schwaebisch-hall\/wp-json\/wp\/v2\/media?parent=1000"}],"curies":[{"name":"wp","href":"https:\/\/api.w.org\/{rel}","templated":true}]}}