{"id":655,"date":"2022-02-28T20:49:16","date_gmt":"2022-02-28T19:49:16","guid":{"rendered":"https:\/\/weltlaeden.de\/schwaebisch-gmuend\/?page_id=655"},"modified":"2022-02-28T21:14:06","modified_gmt":"2022-02-28T20:14:06","slug":"geschichte-des-fairen-handels","status":"publish","type":"page","link":"https:\/\/weltlaeden.de\/schwaebisch-gmuend\/geschichte-des-fairen-handels\/","title":{"rendered":"Geschichte des fairen Handels"},"content":{"rendered":"<div class=\"wpb-content-wrapper\"><p>[vc_row][vc_column][vc_column_text]<\/p>\n<h1>Geschichte des fairen Handels<\/h1>\n<p>[\/vc_column_text][\/vc_column][\/vc_row][vc_row][vc_column][vc_column_text]<\/p>\n<div id=\"block-main\">\n<div class=\"wrapper\">\n<div id=\"main\" class=\"grid-block\">\n<div id=\"maininner\" class=\"grid-box\">\n<section id=\"content\" class=\"grid-block\">\n<div id=\"system\">\n<article class=\"item\" data-permalink=\"http:\/\/gmuenderweltladen.de\/fairer-handel\/geschichte\">\n<div class=\"content clearfix\">\n<p><strong>Kurzfassung<\/strong><\/p>\n<p><strong>1958<\/strong> erster Fair Trade Shop in den USA<\/p>\n<p><strong>1959<\/strong> Gr\u00fcndung der Stiftung S.O.S.(\u201eUnterst\u00fctzung f\u00fcr unterentwickelte Regionen\u201c) in den Niederlanden als erste sogenannte Alternative Handelsorganisation<\/p>\n<p><strong>1967<\/strong> Beginn mit dem Handel von Produkten aus der sogenannten Dritten Welt<\/p>\n<p><strong>1968<\/strong> Die UNCTAD \u00fcbernimmt den Slogan \u201eTrade not aid\u201c (\u201eHandel statt Hilfe\u201c)<\/p>\n<p><strong>1969<\/strong> erster Weltladen er\u00f6ffnet im niederl\u00e4ndischen Ort Breukelen mit Ehrenamtlichen; bald dutzende \u00e4hnlicher L\u00e4den in den Beneluxstaaten, Deutschland und anderen westeurop\u00e4ischen L\u00e4ndern<\/p>\n<p><strong>1973<\/strong> wird in den Niederlanden der weltweit erste fair gehandelte Kaffee verkauft<\/p>\n<p><strong>1980<\/strong> Handwerksprodukte werden um weitere Landwirtschaftsprodukte erg\u00e4nzt (Tee, getrocknetes Obst, Kakao, Zucker, Fruchts\u00e4fte, Reis, Gew\u00fcrze, N\u00fcsse)<\/p>\n<p><strong>1983<\/strong> ungef\u00e4hr 2.500 Aktionsgruppen im Fairen Handel<\/p>\n<p><strong>1985<\/strong> etwa 350 Weltl\u00e4den<\/p>\n<p><strong>1986<\/strong> ungef\u00e4hr 400 Weltl\u00e4den und etwa 4.000 Aktionsgruppen.<\/p>\n<p><strong>1988<\/strong> Gr\u00fcndung Verein Dritte-Welt Partner Ravensburg (dwp); im selben Jahr Max-Havelaar-G\u00fctesiegel f\u00fcr Fairen Handel der niederl\u00e4ndische Organisation Solidaridad<\/p>\n<p><strong>1989<\/strong> Gr\u00fcndung IFAT (Weltverband alternativer Importorganisationen)<\/p>\n<p><strong>1998<\/strong> dem IFAT geh\u00f6ren 100 Fair-Handelorganisationen an, darunter in Deutschland dwp, El Puente und gepa<\/p>\n<p><strong>1990<\/strong> Zusammenschluss zur EFTA (European Fair Trade Association)<\/p>\n<p><strong>1992<\/strong> Gr\u00fcndung TransFair International als Tr\u00e4ger des europ\u00e4ischen Fair-Trade-Siegels<\/p>\n<p><strong>1993<\/strong> Unicef tritt TransFair bei und NEWS! (Netzwerk Europ\u00e4ischer Weltl\u00e4den) wird gegr\u00fcndet<\/p>\n<p><strong>1994<\/strong> TransFair hat 33 Mitgliedsorganisationen; erster TransFair-gesiegelter Tee; 5.000 Tonnen Rohkaffee unter TransFair-Bedingungen importiert<\/p>\n<p><strong>1996<\/strong> Schokolade (Kakao und Zucker) und Kakaoprodukte mit TransFair-Siegel; erster Europ\u00e4ischer Weltladentag unter dem Motto \u201eFr\u00fchst\u00fccke mit Afrika!\u201c<\/p>\n<p><strong>1997<\/strong> FLO (Dachorganisation verschiedener internationaler Siegelorganisationen); TransFair hat 37 Mitgliedsorganisationen; Misereor und BDKJ geben Infodienst f\u00fcr den Fairen Handel heraus; Bonbons mit TransFair-Siegel; Kampagne Saubere Kleidung (Sozialfonds f\u00fcr thail\u00e4ndische N\u00e4harbeiterinnen); Kooperation Handwerksprodukte GEPA und Otto-Versand; Aktion \u201eMehr Recht als billig \u2013 FAIR gehandelte Bananen\u201c<\/p>\n<p><strong>1998<\/strong> dritter Europ\u00e4ischer Weltladentag, Motto: \u201emade in dignity \u2013 Produktionsbedingungen in der Bekleidungsbranche\u201c; achte Europ\u00e4ische Weltladenkonferenz in Rom<\/p>\n<p><strong>1999<\/strong> vierter Europ\u00e4ischer Weltladentag: dreij\u00e4hrige Kampagne \u201eLand Macht Satt\u201c<\/p>\n<p><strong>2002<\/strong> gemeinsames Logo von 17 nationalen Siegelorganisationen; Europ\u00e4ische Kommission will Fairen Handel unterst\u00fctzen; Weltbank \u00e4u\u00dfert sich positiv zum Fairen Handel<\/p>\n<p><strong>2004<\/strong> wird von den UN zum Reisjahrerkl\u00e4rt; Fairer Handel soll in WTO (Welthandelsorganisation) integriert werden, was jedoch umstritten ist; europ\u00e4ische Konferenz \u201eFairer Handel \u2013 Ein Beitrag f\u00fcr eine nachhaltige Entwicklung?\u201c im EU-Parlament<\/p>\n<p><strong>2005<\/strong> wird von den UN als Jahr der Mikrofinanzsysteme ausgerufen<\/p>\n<p><strong>2006<\/strong> \u201ePC global\u201c (Arbeitsrechte und Umweltgerechtigkeit in der Computerindustrie)<\/p>\n<p><strong>2013<\/strong> Fairhandelsh\u00e4user wie GEPA, dwp, EL PUENTE und BanaFair setzen sich vom Fairtrade-Siegel ab, weil Sie ihre \u201eMarke\u201c f\u00fcr st\u00e4rker halten. Ob das die K\u00e4uferInnen auch so sehen, wird sich erst in den n\u00e4chsten Jahren zeigen<\/p>\n<p>Mehr Informationen zur Geschichte des fairen Handels siehe:<\/p>\n<p><a href=\"https:\/\/www.weltladen.de\/ueber-weltlaeden\/fairer-handel\/geschichte\/\">https:\/\/www.weltladen.de\/ueber-weltlaeden\/fairer-handel\/geschichte\/<\/a><\/p>\n<p>&nbsp;<\/p>\n<p><em>Quellen: aus dem Internet recherchiert<\/em><\/p>\n<\/div>\n<\/article>\n<\/div>\n<\/section>\n<\/div>\n<\/div>\n<\/div>\n<\/div>\n<div id=\"block-footer\">\n<div class=\"wrapper\">\n<footer id=\"footer\" class=\"grid-block\"><a id=\"totop-scroller\" href=\"https:\/\/gmuenderweltladen.de\/fairer-handel\/geschichte#page\"><\/a><\/p>\n<div class=\"module deepest\">\n<p>&nbsp;<\/p>\n<\/div>\n<\/footer>\n<\/div>\n<\/div>\n<p>[\/vc_column_text][\/vc_column][\/vc_row]<\/p>\n<\/div>","protected":false},"excerpt":{"rendered":"<p>[vc_row][vc_column][vc_column_text] Geschichte des fairen Handels [\/vc_column_text][\/vc_column][\/vc_row][vc_row][vc_column][vc_column_text] Kurzfassung 1958 erster Fair Trade Shop in den USA 1959 Gr\u00fcndung der Stiftung S.O.S.(\u201eUnterst\u00fctzung f\u00fcr unterentwickelte Regionen\u201c) in den Niederlanden als erste sogenannte Alternative Handelsorganisation 1967 Beginn mit dem Handel von Produkten aus der sogenannten Dritten Welt 1968 Die UNCTAD \u00fcbernimmt den Slogan \u201eTrade not aid\u201c (\u201eHandel statt Hilfe\u201c)&hellip;<\/p>\n","protected":false},"author":265,"featured_media":0,"parent":0,"menu_order":0,"comment_status":"closed","ping_status":"closed","template":"","meta":{"footnotes":""},"class_list":["post-655","page","type-page","status-publish","hentry","description-off"],"yoast_head":"<!-- This site is optimized with the Yoast SEO plugin v26.8 - https:\/\/yoast.com\/product\/yoast-seo-wordpress\/ -->\n<title>Geschichte des fairen Handels - Weltladen Schw\u00e4bisch Gm\u00fcnd<\/title>\n<meta name=\"robots\" content=\"index, follow, max-snippet:-1, max-image-preview:large, max-video-preview:-1\" \/>\n<link rel=\"canonical\" href=\"https:\/\/weltlaeden.de\/schwaebisch-gmuend\/geschichte-des-fairen-handels\/\" \/>\n<meta property=\"og:locale\" content=\"de_DE\" \/>\n<meta property=\"og:type\" content=\"article\" \/>\n<meta property=\"og:title\" content=\"Geschichte des fairen Handels - Weltladen Schw\u00e4bisch Gm\u00fcnd\" \/>\n<meta property=\"og:description\" content=\"[vc_row][vc_column][vc_column_text] Geschichte des fairen Handels [\/vc_column_text][\/vc_column][\/vc_row][vc_row][vc_column][vc_column_text] Kurzfassung 1958 erster Fair Trade Shop in den USA 1959 Gr\u00fcndung der Stiftung S.O.S.(\u201eUnterst\u00fctzung f\u00fcr unterentwickelte Regionen\u201c) in den Niederlanden als erste sogenannte Alternative Handelsorganisation 1967 Beginn mit dem Handel von Produkten aus der sogenannten Dritten Welt 1968 Die UNCTAD \u00fcbernimmt den Slogan \u201eTrade not aid\u201c (\u201eHandel statt Hilfe\u201c)&hellip;\" \/>\n<meta property=\"og:url\" content=\"https:\/\/weltlaeden.de\/schwaebisch-gmuend\/geschichte-des-fairen-handels\/\" \/>\n<meta property=\"og:site_name\" content=\"Weltladen Schw\u00e4bisch Gm\u00fcnd\" \/>\n<meta property=\"article:modified_time\" content=\"2022-02-28T20:14:06+00:00\" \/>\n<meta name=\"twitter:card\" content=\"summary_large_image\" \/>\n<meta name=\"twitter:label1\" content=\"Gesch\u00e4tzte Lesezeit\" \/>\n\t<meta name=\"twitter:data1\" content=\"3\u00a0Minuten\" \/>\n<script type=\"application\/ld+json\" class=\"yoast-schema-graph\">{\"@context\":\"https:\/\/schema.org\",\"@graph\":[{\"@type\":\"WebPage\",\"@id\":\"https:\/\/weltlaeden.de\/schwaebisch-gmuend\/geschichte-des-fairen-handels\/\",\"url\":\"https:\/\/weltlaeden.de\/schwaebisch-gmuend\/geschichte-des-fairen-handels\/\",\"name\":\"Geschichte des fairen Handels - Weltladen Schw\u00e4bisch Gm\u00fcnd\",\"isPartOf\":{\"@id\":\"https:\/\/weltlaeden.de\/schwaebisch-gmuend\/#website\"},\"datePublished\":\"2022-02-28T19:49:16+00:00\",\"dateModified\":\"2022-02-28T20:14:06+00:00\",\"breadcrumb\":{\"@id\":\"https:\/\/weltlaeden.de\/schwaebisch-gmuend\/geschichte-des-fairen-handels\/#breadcrumb\"},\"inLanguage\":\"de\",\"potentialAction\":[{\"@type\":\"ReadAction\",\"target\":[\"https:\/\/weltlaeden.de\/schwaebisch-gmuend\/geschichte-des-fairen-handels\/\"]}]},{\"@type\":\"BreadcrumbList\",\"@id\":\"https:\/\/weltlaeden.de\/schwaebisch-gmuend\/geschichte-des-fairen-handels\/#breadcrumb\",\"itemListElement\":[{\"@type\":\"ListItem\",\"position\":1,\"name\":\"Startseite\",\"item\":\"https:\/\/weltlaeden.de\/schwaebisch-gmuend\/\"},{\"@type\":\"ListItem\",\"position\":2,\"name\":\"Geschichte des fairen Handels\"}]},{\"@type\":\"WebSite\",\"@id\":\"https:\/\/weltlaeden.de\/schwaebisch-gmuend\/#website\",\"url\":\"https:\/\/weltlaeden.de\/schwaebisch-gmuend\/\",\"name\":\"Weltladen Schw\u00e4bisch Gm\u00fcnd\",\"description\":\"Faire Produkte seit 1990\",\"potentialAction\":[{\"@type\":\"SearchAction\",\"target\":{\"@type\":\"EntryPoint\",\"urlTemplate\":\"https:\/\/weltlaeden.de\/schwaebisch-gmuend\/?s={search_term_string}\"},\"query-input\":{\"@type\":\"PropertyValueSpecification\",\"valueRequired\":true,\"valueName\":\"search_term_string\"}}],\"inLanguage\":\"de\"}]}<\/script>\n<!-- \/ Yoast SEO plugin. -->","yoast_head_json":{"title":"Geschichte des fairen Handels - Weltladen Schw\u00e4bisch Gm\u00fcnd","robots":{"index":"index","follow":"follow","max-snippet":"max-snippet:-1","max-image-preview":"max-image-preview:large","max-video-preview":"max-video-preview:-1"},"canonical":"https:\/\/weltlaeden.de\/schwaebisch-gmuend\/geschichte-des-fairen-handels\/","og_locale":"de_DE","og_type":"article","og_title":"Geschichte des fairen Handels - Weltladen Schw\u00e4bisch Gm\u00fcnd","og_description":"[vc_row][vc_column][vc_column_text] Geschichte des fairen Handels [\/vc_column_text][\/vc_column][\/vc_row][vc_row][vc_column][vc_column_text] Kurzfassung 1958 erster Fair Trade Shop in den USA 1959 Gr\u00fcndung der Stiftung S.O.S.(\u201eUnterst\u00fctzung f\u00fcr unterentwickelte Regionen\u201c) in den Niederlanden als erste sogenannte Alternative Handelsorganisation 1967 Beginn mit dem Handel von Produkten aus der sogenannten Dritten Welt 1968 Die UNCTAD \u00fcbernimmt den Slogan \u201eTrade not aid\u201c (\u201eHandel statt Hilfe\u201c)&hellip;","og_url":"https:\/\/weltlaeden.de\/schwaebisch-gmuend\/geschichte-des-fairen-handels\/","og_site_name":"Weltladen Schw\u00e4bisch Gm\u00fcnd","article_modified_time":"2022-02-28T20:14:06+00:00","twitter_card":"summary_large_image","twitter_misc":{"Gesch\u00e4tzte Lesezeit":"3\u00a0Minuten"},"schema":{"@context":"https:\/\/schema.org","@graph":[{"@type":"WebPage","@id":"https:\/\/weltlaeden.de\/schwaebisch-gmuend\/geschichte-des-fairen-handels\/","url":"https:\/\/weltlaeden.de\/schwaebisch-gmuend\/geschichte-des-fairen-handels\/","name":"Geschichte des fairen Handels - Weltladen Schw\u00e4bisch Gm\u00fcnd","isPartOf":{"@id":"https:\/\/weltlaeden.de\/schwaebisch-gmuend\/#website"},"datePublished":"2022-02-28T19:49:16+00:00","dateModified":"2022-02-28T20:14:06+00:00","breadcrumb":{"@id":"https:\/\/weltlaeden.de\/schwaebisch-gmuend\/geschichte-des-fairen-handels\/#breadcrumb"},"inLanguage":"de","potentialAction":[{"@type":"ReadAction","target":["https:\/\/weltlaeden.de\/schwaebisch-gmuend\/geschichte-des-fairen-handels\/"]}]},{"@type":"BreadcrumbList","@id":"https:\/\/weltlaeden.de\/schwaebisch-gmuend\/geschichte-des-fairen-handels\/#breadcrumb","itemListElement":[{"@type":"ListItem","position":1,"name":"Startseite","item":"https:\/\/weltlaeden.de\/schwaebisch-gmuend\/"},{"@type":"ListItem","position":2,"name":"Geschichte des fairen Handels"}]},{"@type":"WebSite","@id":"https:\/\/weltlaeden.de\/schwaebisch-gmuend\/#website","url":"https:\/\/weltlaeden.de\/schwaebisch-gmuend\/","name":"Weltladen Schw\u00e4bisch Gm\u00fcnd","description":"Faire Produkte seit 1990","potentialAction":[{"@type":"SearchAction","target":{"@type":"EntryPoint","urlTemplate":"https:\/\/weltlaeden.de\/schwaebisch-gmuend\/?s={search_term_string}"},"query-input":{"@type":"PropertyValueSpecification","valueRequired":true,"valueName":"search_term_string"}}],"inLanguage":"de"}]}},"_links":{"self":[{"href":"https:\/\/weltlaeden.de\/schwaebisch-gmuend\/wp-json\/wp\/v2\/pages\/655","targetHints":{"allow":["GET"]}}],"collection":[{"href":"https:\/\/weltlaeden.de\/schwaebisch-gmuend\/wp-json\/wp\/v2\/pages"}],"about":[{"href":"https:\/\/weltlaeden.de\/schwaebisch-gmuend\/wp-json\/wp\/v2\/types\/page"}],"author":[{"embeddable":true,"href":"https:\/\/weltlaeden.de\/schwaebisch-gmuend\/wp-json\/wp\/v2\/users\/265"}],"replies":[{"embeddable":true,"href":"https:\/\/weltlaeden.de\/schwaebisch-gmuend\/wp-json\/wp\/v2\/comments?post=655"}],"version-history":[{"count":3,"href":"https:\/\/weltlaeden.de\/schwaebisch-gmuend\/wp-json\/wp\/v2\/pages\/655\/revisions"}],"predecessor-version":[{"id":661,"href":"https:\/\/weltlaeden.de\/schwaebisch-gmuend\/wp-json\/wp\/v2\/pages\/655\/revisions\/661"}],"wp:attachment":[{"href":"https:\/\/weltlaeden.de\/schwaebisch-gmuend\/wp-json\/wp\/v2\/media?parent=655"}],"curies":[{"name":"wp","href":"https:\/\/api.w.org\/{rel}","templated":true}]}}