{"id":646,"date":"2022-02-27T21:11:09","date_gmt":"2022-02-27T20:11:09","guid":{"rendered":"https:\/\/weltlaeden.de\/schwaebisch-gmuend\/?page_id=646"},"modified":"2024-06-21T19:15:18","modified_gmt":"2024-06-21T17:15:18","slug":"produktgruppen","status":"publish","type":"page","link":"https:\/\/weltlaeden.de\/schwaebisch-gmuend\/produktgruppen\/","title":{"rendered":"Produktgruppen"},"content":{"rendered":"<div class=\"wpb-content-wrapper\"><p>[vc_row][vc_column][vc_column_text]<\/p>\n<h1>Unsere Produktgruppen<\/h1>\n<p>[\/vc_column_text][\/vc_column][\/vc_row][vc_row][vc_column][vc_column_text css=&#8220;&#8220;]<\/p>\n<div id=\"block-main\">\n<div class=\"wrapper\">\n<div id=\"main\" class=\"grid-block\">\n<div id=\"maininner\" class=\"grid-box\">\n<section id=\"content\" class=\"grid-block\">\n<div id=\"system\">\n<article class=\"item\" data-permalink=\"http:\/\/gmuenderweltladen.de\/sortiment\/lebensmittel\">\n<div class=\"content clearfix\">\n<p>Sie finden bei uns hochwertige Produkte aus verschiedenen Produktgruppen.<\/p>\n<p>Faszinierend vielseitig, praktisch und sch\u00f6n. Geschenke f\u00fcr jeden Geschmack!<br \/>\nWissenswertes zu fair gehandeltem Kaffee, Schokolade und Gew\u00fcrzen finden Sie im Informationsbereich.<\/p>\n<p><strong>Unsere Produktgruppen:<\/strong><\/p>\n<p><strong>Lebensmittel<br \/>\n<\/strong>Garantiert fair gehandelt und zunehmend aus biologischem Anbau.<br \/>\nGenuss in jeder Hinsicht!<\/p>\n<ul>\n<li>aromatischen <strong>Kaffee<\/strong> &#8211; ganze Bohne, gemahlen oder entcoffeiniert &#8211; aus den besten Anbaugebieten der Welt<\/li>\n<li>feinen <strong>Tee<\/strong> &#8211; Gr\u00fcntee, Schwarztee, wei\u00dfer Tee sowie Rooibos- Fr\u00fcchte- und Kr\u00e4uterteesorten<\/li>\n<li>vielf\u00e4ltige <strong>Honig<\/strong>sorten und Marmeladen<\/li>\n<li>hochwertige, frische Bio-<strong>Bananen<\/strong><\/li>\n<li>verschiedene <strong>Reis<\/strong>sorten aus Asien<\/li>\n<li>fruchtige <strong>S\u00e4fte<\/strong> und edle <strong>Weine<\/strong> f\u00fcr Genie\u00dfer<\/li>\n<li>gesunde <strong>M\u00fc<\/strong><strong>s<\/strong><strong>lis<\/strong><\/li>\n<li>leckere <strong>S\u00fc\u00dfigkeiten<\/strong> &#8211; Schokolade, Fruchtgummis, Bonbons, Fruchtriegel und Kekse<\/li>\n<li>tropische <strong>Trockenfr\u00fcchte<\/strong> und <strong>N\u00fcsse<\/strong> zum Knabbern<\/li>\n<li>erlesene<strong> Gew\u00fcrze <\/strong>und kreative Gew\u00fcrzmischungen<\/li>\n<\/ul>\n<p><strong>K\u00f6rbe und Taschen<\/strong><\/p>\n<p><strong>Schmuck<\/strong><\/p>\n<ul>\n<li>Ketten \/ Ringe \/ Ohrringe \/ Armb\u00e4nder\/ Uhren<strong><br \/>\n<\/strong><\/li>\n<\/ul>\n<p><strong>Haushaltswaren und Geschirr<\/strong><\/p>\n<p><strong>Leder- und Filzwaren<\/strong><\/p>\n<ul>\n<li>Geldbeutel \/ Ledertaschen<\/li>\n<li>Filzprodukte aus Nepal \/ Filzblumen<\/li>\n<\/ul>\n<p><strong>Heimtextilien<\/strong><\/p>\n<p><strong>Papierwaren<\/strong><\/p>\n<p><strong>Dekorationsartikel<\/strong><\/p>\n<p><strong>Spielzeug<\/strong><\/p>\n<p><strong>Bambusprodukte<\/strong><\/p>\n<p><strong>Kunsthandwerk<\/strong><\/p>\n<ul>\n<li>Klangschalen \/ Schnitzereien \/ Friedenstanzgruppen \/ Specksteinartikel<\/li>\n<\/ul>\n<p><strong><span style=\"color: #ff6600\">Textilien: Damen- und etwas Herrenmode aus fairem Handel<\/span><br \/>\n<\/strong><\/p>\n<ul>\n<li>Kleider, Pullover, Blusen, R\u00f6cke<\/li>\n<li>Hemden, Shirts<\/li>\n<li>Socken<\/li>\n<li>T\u00fccher, Schals<\/li>\n<li>M\u00fctzen, Handschuhe<\/li>\n<\/ul>\n<\/div>\n<\/article>\n<\/div>\n<\/section>\n<\/div>\n<\/div>\n<\/div>\n<\/div>\n<div id=\"block-footer\">\n<div class=\"wrapper\">\n<footer id=\"footer\" class=\"grid-block\"><a id=\"totop-scroller\" href=\"https:\/\/gmuenderweltladen.de\/sortiment\/lebensmittel#page\"><\/a><\/p>\n<div class=\"module deepest\">\n<p>&nbsp;<\/p>\n<\/div>\n<\/footer>\n<\/div>\n<\/div>\n<p>[\/vc_column_text][\/vc_column][\/vc_row]<\/p>\n<\/div>","protected":false},"excerpt":{"rendered":"<p>[vc_row][vc_column][vc_column_text] Unsere Produktgruppen [\/vc_column_text][\/vc_column][\/vc_row][vc_row][vc_column][vc_column_text css=&#8220;&#8220;] Sie finden bei uns hochwertige Produkte aus verschiedenen Produktgruppen. Faszinierend vielseitig, praktisch und sch\u00f6n. Geschenke f\u00fcr jeden Geschmack! Wissenswertes zu fair gehandeltem Kaffee, Schokolade und Gew\u00fcrzen finden Sie im Informationsbereich. Unsere Produktgruppen: Lebensmittel Garantiert fair gehandelt und zunehmend aus biologischem Anbau. Genuss in jeder Hinsicht! aromatischen Kaffee &#8211; ganze Bohne,&hellip;<\/p>\n","protected":false},"author":265,"featured_media":0,"parent":0,"menu_order":0,"comment_status":"closed","ping_status":"closed","template":"","meta":{"footnotes":""},"class_list":["post-646","page","type-page","status-publish","hentry","description-off"],"yoast_head":"<!-- This site is optimized with the Yoast SEO plugin v26.8 - https:\/\/yoast.com\/product\/yoast-seo-wordpress\/ -->\n<title>Produktgruppen - Weltladen Schw\u00e4bisch Gm\u00fcnd<\/title>\n<meta name=\"robots\" content=\"index, follow, max-snippet:-1, max-image-preview:large, max-video-preview:-1\" \/>\n<link rel=\"canonical\" href=\"https:\/\/weltlaeden.de\/schwaebisch-gmuend\/produktgruppen\/\" \/>\n<meta property=\"og:locale\" content=\"de_DE\" \/>\n<meta property=\"og:type\" content=\"article\" \/>\n<meta property=\"og:title\" content=\"Produktgruppen - Weltladen Schw\u00e4bisch Gm\u00fcnd\" \/>\n<meta property=\"og:description\" content=\"[vc_row][vc_column][vc_column_text] Unsere Produktgruppen [\/vc_column_text][\/vc_column][\/vc_row][vc_row][vc_column][vc_column_text css=&#8220;&#8220;] Sie finden bei uns hochwertige Produkte aus verschiedenen Produktgruppen. Faszinierend vielseitig, praktisch und sch\u00f6n. Geschenke f\u00fcr jeden Geschmack! Wissenswertes zu fair gehandeltem Kaffee, Schokolade und Gew\u00fcrzen finden Sie im Informationsbereich. Unsere Produktgruppen: Lebensmittel Garantiert fair gehandelt und zunehmend aus biologischem Anbau. Genuss in jeder Hinsicht! aromatischen Kaffee &#8211; ganze Bohne,&hellip;\" \/>\n<meta property=\"og:url\" content=\"https:\/\/weltlaeden.de\/schwaebisch-gmuend\/produktgruppen\/\" \/>\n<meta property=\"og:site_name\" content=\"Weltladen Schw\u00e4bisch Gm\u00fcnd\" \/>\n<meta property=\"article:modified_time\" content=\"2024-06-21T17:15:18+00:00\" \/>\n<meta name=\"twitter:card\" content=\"summary_large_image\" \/>\n<meta name=\"twitter:label1\" content=\"Gesch\u00e4tzte Lesezeit\" \/>\n\t<meta name=\"twitter:data1\" content=\"1\u00a0Minute\" \/>\n<script type=\"application\/ld+json\" class=\"yoast-schema-graph\">{\"@context\":\"https:\/\/schema.org\",\"@graph\":[{\"@type\":\"WebPage\",\"@id\":\"https:\/\/weltlaeden.de\/schwaebisch-gmuend\/produktgruppen\/\",\"url\":\"https:\/\/weltlaeden.de\/schwaebisch-gmuend\/produktgruppen\/\",\"name\":\"Produktgruppen - Weltladen Schw\u00e4bisch Gm\u00fcnd\",\"isPartOf\":{\"@id\":\"https:\/\/weltlaeden.de\/schwaebisch-gmuend\/#website\"},\"datePublished\":\"2022-02-27T20:11:09+00:00\",\"dateModified\":\"2024-06-21T17:15:18+00:00\",\"breadcrumb\":{\"@id\":\"https:\/\/weltlaeden.de\/schwaebisch-gmuend\/produktgruppen\/#breadcrumb\"},\"inLanguage\":\"de\",\"potentialAction\":[{\"@type\":\"ReadAction\",\"target\":[\"https:\/\/weltlaeden.de\/schwaebisch-gmuend\/produktgruppen\/\"]}]},{\"@type\":\"BreadcrumbList\",\"@id\":\"https:\/\/weltlaeden.de\/schwaebisch-gmuend\/produktgruppen\/#breadcrumb\",\"itemListElement\":[{\"@type\":\"ListItem\",\"position\":1,\"name\":\"Startseite\",\"item\":\"https:\/\/weltlaeden.de\/schwaebisch-gmuend\/\"},{\"@type\":\"ListItem\",\"position\":2,\"name\":\"Produktgruppen\"}]},{\"@type\":\"WebSite\",\"@id\":\"https:\/\/weltlaeden.de\/schwaebisch-gmuend\/#website\",\"url\":\"https:\/\/weltlaeden.de\/schwaebisch-gmuend\/\",\"name\":\"Weltladen Schw\u00e4bisch Gm\u00fcnd\",\"description\":\"Faire Produkte seit 1990\",\"potentialAction\":[{\"@type\":\"SearchAction\",\"target\":{\"@type\":\"EntryPoint\",\"urlTemplate\":\"https:\/\/weltlaeden.de\/schwaebisch-gmuend\/?s={search_term_string}\"},\"query-input\":{\"@type\":\"PropertyValueSpecification\",\"valueRequired\":true,\"valueName\":\"search_term_string\"}}],\"inLanguage\":\"de\"}]}<\/script>\n<!-- \/ Yoast SEO plugin. -->","yoast_head_json":{"title":"Produktgruppen - Weltladen Schw\u00e4bisch Gm\u00fcnd","robots":{"index":"index","follow":"follow","max-snippet":"max-snippet:-1","max-image-preview":"max-image-preview:large","max-video-preview":"max-video-preview:-1"},"canonical":"https:\/\/weltlaeden.de\/schwaebisch-gmuend\/produktgruppen\/","og_locale":"de_DE","og_type":"article","og_title":"Produktgruppen - Weltladen Schw\u00e4bisch Gm\u00fcnd","og_description":"[vc_row][vc_column][vc_column_text] Unsere Produktgruppen [\/vc_column_text][\/vc_column][\/vc_row][vc_row][vc_column][vc_column_text css=&#8220;&#8220;] Sie finden bei uns hochwertige Produkte aus verschiedenen Produktgruppen. Faszinierend vielseitig, praktisch und sch\u00f6n. Geschenke f\u00fcr jeden Geschmack! Wissenswertes zu fair gehandeltem Kaffee, Schokolade und Gew\u00fcrzen finden Sie im Informationsbereich. Unsere Produktgruppen: Lebensmittel Garantiert fair gehandelt und zunehmend aus biologischem Anbau. Genuss in jeder Hinsicht! aromatischen Kaffee &#8211; ganze Bohne,&hellip;","og_url":"https:\/\/weltlaeden.de\/schwaebisch-gmuend\/produktgruppen\/","og_site_name":"Weltladen Schw\u00e4bisch Gm\u00fcnd","article_modified_time":"2024-06-21T17:15:18+00:00","twitter_card":"summary_large_image","twitter_misc":{"Gesch\u00e4tzte Lesezeit":"1\u00a0Minute"},"schema":{"@context":"https:\/\/schema.org","@graph":[{"@type":"WebPage","@id":"https:\/\/weltlaeden.de\/schwaebisch-gmuend\/produktgruppen\/","url":"https:\/\/weltlaeden.de\/schwaebisch-gmuend\/produktgruppen\/","name":"Produktgruppen - Weltladen Schw\u00e4bisch Gm\u00fcnd","isPartOf":{"@id":"https:\/\/weltlaeden.de\/schwaebisch-gmuend\/#website"},"datePublished":"2022-02-27T20:11:09+00:00","dateModified":"2024-06-21T17:15:18+00:00","breadcrumb":{"@id":"https:\/\/weltlaeden.de\/schwaebisch-gmuend\/produktgruppen\/#breadcrumb"},"inLanguage":"de","potentialAction":[{"@type":"ReadAction","target":["https:\/\/weltlaeden.de\/schwaebisch-gmuend\/produktgruppen\/"]}]},{"@type":"BreadcrumbList","@id":"https:\/\/weltlaeden.de\/schwaebisch-gmuend\/produktgruppen\/#breadcrumb","itemListElement":[{"@type":"ListItem","position":1,"name":"Startseite","item":"https:\/\/weltlaeden.de\/schwaebisch-gmuend\/"},{"@type":"ListItem","position":2,"name":"Produktgruppen"}]},{"@type":"WebSite","@id":"https:\/\/weltlaeden.de\/schwaebisch-gmuend\/#website","url":"https:\/\/weltlaeden.de\/schwaebisch-gmuend\/","name":"Weltladen Schw\u00e4bisch Gm\u00fcnd","description":"Faire Produkte seit 1990","potentialAction":[{"@type":"SearchAction","target":{"@type":"EntryPoint","urlTemplate":"https:\/\/weltlaeden.de\/schwaebisch-gmuend\/?s={search_term_string}"},"query-input":{"@type":"PropertyValueSpecification","valueRequired":true,"valueName":"search_term_string"}}],"inLanguage":"de"}]}},"_links":{"self":[{"href":"https:\/\/weltlaeden.de\/schwaebisch-gmuend\/wp-json\/wp\/v2\/pages\/646","targetHints":{"allow":["GET"]}}],"collection":[{"href":"https:\/\/weltlaeden.de\/schwaebisch-gmuend\/wp-json\/wp\/v2\/pages"}],"about":[{"href":"https:\/\/weltlaeden.de\/schwaebisch-gmuend\/wp-json\/wp\/v2\/types\/page"}],"author":[{"embeddable":true,"href":"https:\/\/weltlaeden.de\/schwaebisch-gmuend\/wp-json\/wp\/v2\/users\/265"}],"replies":[{"embeddable":true,"href":"https:\/\/weltlaeden.de\/schwaebisch-gmuend\/wp-json\/wp\/v2\/comments?post=646"}],"version-history":[{"count":5,"href":"https:\/\/weltlaeden.de\/schwaebisch-gmuend\/wp-json\/wp\/v2\/pages\/646\/revisions"}],"predecessor-version":[{"id":1062,"href":"https:\/\/weltlaeden.de\/schwaebisch-gmuend\/wp-json\/wp\/v2\/pages\/646\/revisions\/1062"}],"wp:attachment":[{"href":"https:\/\/weltlaeden.de\/schwaebisch-gmuend\/wp-json\/wp\/v2\/media?parent=646"}],"curies":[{"name":"wp","href":"https:\/\/api.w.org\/{rel}","templated":true}]}}