{"id":514,"date":"2021-03-17T21:33:54","date_gmt":"2021-03-17T20:33:54","guid":{"rendered":"https:\/\/weltlaeden.de\/schwabmuenchen\/?page_id=514"},"modified":"2024-11-04T18:38:48","modified_gmt":"2024-11-04T17:38:48","slug":"handelspartner-portrait-soap-n-scent","status":"publish","type":"page","link":"https:\/\/weltlaeden.de\/schwabmuenchen\/portraits-von-handelspartnern\/handelspartner-portrait-soap-n-scent\/","title":{"rendered":"Caf\u00e9 Chavalo"},"content":{"rendered":"<div class=\"wpb-content-wrapper\"><p>[vc_row][vc_column]<div class=\"wl_einzelbild\"><p><\/p>\n<div id=\"attachment_830\" style=\"width: 1034px\" class=\"wp-caption aligncenter\"><img loading=\"lazy\" decoding=\"async\" aria-describedby=\"caption-attachment-830\" class=\"wp-image-830 size-full\" src=\"https:\/\/weltlaeden.de\/schwabmuenchen\/wp-content\/uploads\/sites\/181\/2024\/10\/Cafe-chavallo_Kaffeeernte-II_ausschnitt.jpg\" alt=\"Consuela Talavera, Kaffeeb\u00e4uerin in der Kooperative Miraflor. erntet nur reife Kaffeebohnen in Handarbeit.\" width=\"1024\" height=\"488\" srcset=\"https:\/\/weltlaeden.de\/schwabmuenchen\/wp-content\/uploads\/sites\/181\/2024\/10\/Cafe-chavallo_Kaffeeernte-II_ausschnitt.jpg 1024w, https:\/\/weltlaeden.de\/schwabmuenchen\/wp-content\/uploads\/sites\/181\/2024\/10\/Cafe-chavallo_Kaffeeernte-II_ausschnitt-300x143.jpg 300w, https:\/\/weltlaeden.de\/schwabmuenchen\/wp-content\/uploads\/sites\/181\/2024\/10\/Cafe-chavallo_Kaffeeernte-II_ausschnitt-768x366.jpg 768w\" sizes=\"auto, (max-width: 1024px) 100vw, 1024px\" \/><p id=\"caption-attachment-830\" class=\"wp-caption-text\">Consuela Talavera, Kaffeeb\u00e4uerin in der Kooperative Miraflor. erntet nur reife Kaffeebohnen in Handarbeit.<\/p><\/div>\n<p><\/p><\/div>[vc_empty_space][\/vc_column][\/vc_row][vc_row][vc_column][vc_column_text css=&#8220;&#8220;]<span style=\"color: #808080\"><strong><em>Handelspartner-Portrait<\/em><\/strong><\/span><\/p>\n<h1>Caf\u00e9 Chavalo<\/h1>\n<p><strong>Genossenschaftlich organisiert<\/strong><\/p>\n<p>Der Fairhandelsimporteur Caf\u00e9 Chavalo mit Sitz in Leipzig arbeitet direkt mit kleinb\u00e4uerlichen Kooperativen in Nicaragua zusammen. Das Besondere: die beiden Handelspartner in Nicaragua, die Kooperativen Miraflor und Tierra Nueva, sind selbst Mitglied der Caf\u00e9 Chavalo eG.<\/p>\n<p><span style=\"color: #ff9900\"><strong>Das Projekt der globalen solidarischen Landwirtschaft: wir.kaffee<\/strong><\/span><\/p>\n<p>Mit diesem Pilotprojekt zeigt Jens Klein von Caf\u00e9 Chavalo eG , dass anderes Wirtschaften m\u00f6glich ist &#8211; fair und direkt.<\/p>\n<p>Die Idee: Ankauf der gesamten Kaffeeernte einer Region mit Vorauszahlung des vollen Preises. Kundinnen und Kunden kaufen im Weltladen einen Ernteanteil, der je nach Verlauf des Anbaujahres mengenm\u00e4\u00dfig schwanken kann. Sie gehen mit den Erzeugern eine solidarische Partnerschaft ein und tragen die Anbaurisiken mit. Die Kaffeebauern und ihre Familien k\u00f6nnen sich auf ein gesichertes Einkommen verlassen.<\/p>\n<p>Im Naturreservat Miraflor bauen 15 Erzeugerfamilien den Arabica Kaffee f\u00fcr Caf\u00e9 Cavalo an. Anbau, Ernte und Verarbeitung erfolgen nach \u00f6kologischen Kriterien, gr\u00f6\u00dftenteils in Handarbeit. Ger\u00f6stet wird der Kaffee in Deutschland.<\/p>\n<p>Gemeinsam mit den Iller-Lech Weltl\u00e4den beteiligen wir uns am Projekt der Globalen Solidarischen Landwirtschaft.<\/p>\n<p><span style=\"color: #ff9900\"><strong>Machen Sie mit, werden Sie zum Solawista!<\/strong><\/span>[\/vc_column_text][\/vc_column][\/vc_row][vc_row][vc_column][vc_empty_space height=&#8220;20px&#8220;]<div class=\"wl_einzelbild\"><p><img loading=\"lazy\" decoding=\"async\" class=\"aligncenter wp-image-835 size-full\" src=\"https:\/\/weltlaeden.de\/schwabmuenchen\/wp-content\/uploads\/sites\/181\/2024\/10\/20231010_115517_900px_ausschnitt.jpg\" alt=\"\" width=\"891\" height=\"589\" srcset=\"https:\/\/weltlaeden.de\/schwabmuenchen\/wp-content\/uploads\/sites\/181\/2024\/10\/20231010_115517_900px_ausschnitt.jpg 891w, https:\/\/weltlaeden.de\/schwabmuenchen\/wp-content\/uploads\/sites\/181\/2024\/10\/20231010_115517_900px_ausschnitt-300x198.jpg 300w, https:\/\/weltlaeden.de\/schwabmuenchen\/wp-content\/uploads\/sites\/181\/2024\/10\/20231010_115517_900px_ausschnitt-768x508.jpg 768w\" sizes=\"auto, (max-width: 891px) 100vw, 891px\" \/><\/p><\/div>[vc_empty_space height=&#8220;15px&#8220;][vc_column_text css=&#8220;&#8220;][\/vc_column_text][\/vc_column][\/vc_row][vc_row][vc_column][vc_empty_space height=&#8220;20px&#8220;][vc_separator border_width=&#8220;2&#8243;][\/vc_column][\/vc_row][vc_row][vc_column][vc_column_text css=&#8220;&#8220;]<em>Bildnachweise f\u00fcr diese Seite Caf\u00e9 Chavalo; Weltladen Dachverband; Weltladen Schwabm\u00fcnchen<\/em><em><br \/>\n<\/em><\/p>\n<p>Quellen: <a href=\"https:\/\/cafe-chavalo.de\/\">Caf\u00e9 Chavalo<\/a>, <a href=\"https:\/\/www.weltladen.de\/\">Weltladen Dachverband<\/a>[\/vc_column_text][\/vc_column][\/vc_row]<\/p>\n<\/div>","protected":false},"excerpt":{"rendered":"<p>[vc_row][vc_column][vc_empty_space][\/vc_column][\/vc_row][vc_row][vc_column][vc_column_text css=&#8220;&#8220;]Handelspartner-Portrait Caf\u00e9 Chavalo Genossenschaftlich organisiert Der Fairhandelsimporteur Caf\u00e9 Chavalo mit Sitz in Leipzig arbeitet direkt mit kleinb\u00e4uerlichen Kooperativen in Nicaragua zusammen. Das Besondere: die beiden Handelspartner in Nicaragua, die Kooperativen Miraflor und Tierra Nueva, sind selbst Mitglied der Caf\u00e9 Chavalo eG. Das Projekt der globalen solidarischen Landwirtschaft: wir.kaffee Mit diesem Pilotprojekt zeigt Jens Klein&hellip;<\/p>\n","protected":false},"author":14,"featured_media":0,"parent":507,"menu_order":0,"comment_status":"closed","ping_status":"closed","template":"","meta":{"footnotes":""},"class_list":["post-514","page","type-page","status-publish","hentry","description-off"],"yoast_head":"<!-- This site is optimized with the Yoast SEO plugin v26.8 - https:\/\/yoast.com\/product\/yoast-seo-wordpress\/ -->\n<title>Caf\u00e9 Chavalo - Weltladen Schwabm\u00fcnchen<\/title>\n<meta name=\"robots\" content=\"index, follow, max-snippet:-1, max-image-preview:large, max-video-preview:-1\" \/>\n<link rel=\"canonical\" href=\"https:\/\/weltlaeden.de\/schwabmuenchen\/portraits-von-handelspartnern\/handelspartner-portrait-soap-n-scent\/\" \/>\n<meta property=\"og:locale\" content=\"de_DE\" \/>\n<meta property=\"og:type\" content=\"article\" \/>\n<meta property=\"og:title\" content=\"Caf\u00e9 Chavalo - Weltladen Schwabm\u00fcnchen\" \/>\n<meta property=\"og:description\" content=\"[vc_row][vc_column][vc_empty_space][\/vc_column][\/vc_row][vc_row][vc_column][vc_column_text css=&#8220;&#8220;]Handelspartner-Portrait Caf\u00e9 Chavalo Genossenschaftlich organisiert Der Fairhandelsimporteur Caf\u00e9 Chavalo mit Sitz in Leipzig arbeitet direkt mit kleinb\u00e4uerlichen Kooperativen in Nicaragua zusammen. Das Besondere: die beiden Handelspartner in Nicaragua, die Kooperativen Miraflor und Tierra Nueva, sind selbst Mitglied der Caf\u00e9 Chavalo eG. Das Projekt der globalen solidarischen Landwirtschaft: wir.kaffee Mit diesem Pilotprojekt zeigt Jens Klein&hellip;\" \/>\n<meta property=\"og:url\" content=\"https:\/\/weltlaeden.de\/schwabmuenchen\/portraits-von-handelspartnern\/handelspartner-portrait-soap-n-scent\/\" \/>\n<meta property=\"og:site_name\" content=\"Weltladen Schwabm\u00fcnchen\" \/>\n<meta property=\"article:modified_time\" content=\"2024-11-04T17:38:48+00:00\" \/>\n<meta property=\"og:image\" content=\"https:\/\/weltlaeden.de\/schwabmuenchen\/wp-content\/uploads\/sites\/181\/2024\/10\/Cafe-chavallo_Kaffeeernte-II_ausschnitt.jpg\" \/>\n<meta name=\"twitter:card\" content=\"summary_large_image\" \/>\n<meta name=\"twitter:label1\" content=\"Gesch\u00e4tzte Lesezeit\" \/>\n\t<meta name=\"twitter:data1\" content=\"2\u00a0Minuten\" \/>\n<script type=\"application\/ld+json\" class=\"yoast-schema-graph\">{\"@context\":\"https:\/\/schema.org\",\"@graph\":[{\"@type\":\"WebPage\",\"@id\":\"https:\/\/weltlaeden.de\/schwabmuenchen\/portraits-von-handelspartnern\/handelspartner-portrait-soap-n-scent\/\",\"url\":\"https:\/\/weltlaeden.de\/schwabmuenchen\/portraits-von-handelspartnern\/handelspartner-portrait-soap-n-scent\/\",\"name\":\"Caf\u00e9 Chavalo - Weltladen Schwabm\u00fcnchen\",\"isPartOf\":{\"@id\":\"https:\/\/weltlaeden.de\/schwabmuenchen\/#website\"},\"primaryImageOfPage\":{\"@id\":\"https:\/\/weltlaeden.de\/schwabmuenchen\/portraits-von-handelspartnern\/handelspartner-portrait-soap-n-scent\/#primaryimage\"},\"image\":{\"@id\":\"https:\/\/weltlaeden.de\/schwabmuenchen\/portraits-von-handelspartnern\/handelspartner-portrait-soap-n-scent\/#primaryimage\"},\"thumbnailUrl\":\"https:\/\/weltlaeden.de\/schwabmuenchen\/wp-content\/uploads\/sites\/181\/2024\/10\/Cafe-chavallo_Kaffeeernte-II_ausschnitt.jpg\",\"datePublished\":\"2021-03-17T20:33:54+00:00\",\"dateModified\":\"2024-11-04T17:38:48+00:00\",\"breadcrumb\":{\"@id\":\"https:\/\/weltlaeden.de\/schwabmuenchen\/portraits-von-handelspartnern\/handelspartner-portrait-soap-n-scent\/#breadcrumb\"},\"inLanguage\":\"de\",\"potentialAction\":[{\"@type\":\"ReadAction\",\"target\":[\"https:\/\/weltlaeden.de\/schwabmuenchen\/portraits-von-handelspartnern\/handelspartner-portrait-soap-n-scent\/\"]}]},{\"@type\":\"ImageObject\",\"inLanguage\":\"de\",\"@id\":\"https:\/\/weltlaeden.de\/schwabmuenchen\/portraits-von-handelspartnern\/handelspartner-portrait-soap-n-scent\/#primaryimage\",\"url\":\"https:\/\/weltlaeden.de\/schwabmuenchen\/wp-content\/uploads\/sites\/181\/2024\/10\/Cafe-chavallo_Kaffeeernte-II_ausschnitt.jpg\",\"contentUrl\":\"https:\/\/weltlaeden.de\/schwabmuenchen\/wp-content\/uploads\/sites\/181\/2024\/10\/Cafe-chavallo_Kaffeeernte-II_ausschnitt.jpg\",\"width\":1024,\"height\":488},{\"@type\":\"BreadcrumbList\",\"@id\":\"https:\/\/weltlaeden.de\/schwabmuenchen\/portraits-von-handelspartnern\/handelspartner-portrait-soap-n-scent\/#breadcrumb\",\"itemListElement\":[{\"@type\":\"ListItem\",\"position\":1,\"name\":\"Startseite\",\"item\":\"https:\/\/weltlaeden.de\/schwabmuenchen\/\"},{\"@type\":\"ListItem\",\"position\":2,\"name\":\"Portraits von Handelspartnern\",\"item\":\"https:\/\/weltlaeden.de\/schwabmuenchen\/portraits-von-handelspartnern\/\"},{\"@type\":\"ListItem\",\"position\":3,\"name\":\"Caf\u00e9 Chavalo\"}]},{\"@type\":\"WebSite\",\"@id\":\"https:\/\/weltlaeden.de\/schwabmuenchen\/#website\",\"url\":\"https:\/\/weltlaeden.de\/schwabmuenchen\/\",\"name\":\"Weltladen Schwabm\u00fcnchen\",\"description\":\"Fairer Handel - seit 25 Jahren in Schwabm\u00fcnchen\",\"potentialAction\":[{\"@type\":\"SearchAction\",\"target\":{\"@type\":\"EntryPoint\",\"urlTemplate\":\"https:\/\/weltlaeden.de\/schwabmuenchen\/?s={search_term_string}\"},\"query-input\":{\"@type\":\"PropertyValueSpecification\",\"valueRequired\":true,\"valueName\":\"search_term_string\"}}],\"inLanguage\":\"de\"}]}<\/script>\n<!-- \/ Yoast SEO plugin. -->","yoast_head_json":{"title":"Caf\u00e9 Chavalo - Weltladen Schwabm\u00fcnchen","robots":{"index":"index","follow":"follow","max-snippet":"max-snippet:-1","max-image-preview":"max-image-preview:large","max-video-preview":"max-video-preview:-1"},"canonical":"https:\/\/weltlaeden.de\/schwabmuenchen\/portraits-von-handelspartnern\/handelspartner-portrait-soap-n-scent\/","og_locale":"de_DE","og_type":"article","og_title":"Caf\u00e9 Chavalo - Weltladen Schwabm\u00fcnchen","og_description":"[vc_row][vc_column][vc_empty_space][\/vc_column][\/vc_row][vc_row][vc_column][vc_column_text css=&#8220;&#8220;]Handelspartner-Portrait Caf\u00e9 Chavalo Genossenschaftlich organisiert Der Fairhandelsimporteur Caf\u00e9 Chavalo mit Sitz in Leipzig arbeitet direkt mit kleinb\u00e4uerlichen Kooperativen in Nicaragua zusammen. Das Besondere: die beiden Handelspartner in Nicaragua, die Kooperativen Miraflor und Tierra Nueva, sind selbst Mitglied der Caf\u00e9 Chavalo eG. Das Projekt der globalen solidarischen Landwirtschaft: wir.kaffee Mit diesem Pilotprojekt zeigt Jens Klein&hellip;","og_url":"https:\/\/weltlaeden.de\/schwabmuenchen\/portraits-von-handelspartnern\/handelspartner-portrait-soap-n-scent\/","og_site_name":"Weltladen Schwabm\u00fcnchen","article_modified_time":"2024-11-04T17:38:48+00:00","og_image":[{"url":"https:\/\/weltlaeden.de\/schwabmuenchen\/wp-content\/uploads\/sites\/181\/2024\/10\/Cafe-chavallo_Kaffeeernte-II_ausschnitt.jpg","type":"","width":"","height":""}],"twitter_card":"summary_large_image","twitter_misc":{"Gesch\u00e4tzte Lesezeit":"2\u00a0Minuten"},"schema":{"@context":"https:\/\/schema.org","@graph":[{"@type":"WebPage","@id":"https:\/\/weltlaeden.de\/schwabmuenchen\/portraits-von-handelspartnern\/handelspartner-portrait-soap-n-scent\/","url":"https:\/\/weltlaeden.de\/schwabmuenchen\/portraits-von-handelspartnern\/handelspartner-portrait-soap-n-scent\/","name":"Caf\u00e9 Chavalo - Weltladen Schwabm\u00fcnchen","isPartOf":{"@id":"https:\/\/weltlaeden.de\/schwabmuenchen\/#website"},"primaryImageOfPage":{"@id":"https:\/\/weltlaeden.de\/schwabmuenchen\/portraits-von-handelspartnern\/handelspartner-portrait-soap-n-scent\/#primaryimage"},"image":{"@id":"https:\/\/weltlaeden.de\/schwabmuenchen\/portraits-von-handelspartnern\/handelspartner-portrait-soap-n-scent\/#primaryimage"},"thumbnailUrl":"https:\/\/weltlaeden.de\/schwabmuenchen\/wp-content\/uploads\/sites\/181\/2024\/10\/Cafe-chavallo_Kaffeeernte-II_ausschnitt.jpg","datePublished":"2021-03-17T20:33:54+00:00","dateModified":"2024-11-04T17:38:48+00:00","breadcrumb":{"@id":"https:\/\/weltlaeden.de\/schwabmuenchen\/portraits-von-handelspartnern\/handelspartner-portrait-soap-n-scent\/#breadcrumb"},"inLanguage":"de","potentialAction":[{"@type":"ReadAction","target":["https:\/\/weltlaeden.de\/schwabmuenchen\/portraits-von-handelspartnern\/handelspartner-portrait-soap-n-scent\/"]}]},{"@type":"ImageObject","inLanguage":"de","@id":"https:\/\/weltlaeden.de\/schwabmuenchen\/portraits-von-handelspartnern\/handelspartner-portrait-soap-n-scent\/#primaryimage","url":"https:\/\/weltlaeden.de\/schwabmuenchen\/wp-content\/uploads\/sites\/181\/2024\/10\/Cafe-chavallo_Kaffeeernte-II_ausschnitt.jpg","contentUrl":"https:\/\/weltlaeden.de\/schwabmuenchen\/wp-content\/uploads\/sites\/181\/2024\/10\/Cafe-chavallo_Kaffeeernte-II_ausschnitt.jpg","width":1024,"height":488},{"@type":"BreadcrumbList","@id":"https:\/\/weltlaeden.de\/schwabmuenchen\/portraits-von-handelspartnern\/handelspartner-portrait-soap-n-scent\/#breadcrumb","itemListElement":[{"@type":"ListItem","position":1,"name":"Startseite","item":"https:\/\/weltlaeden.de\/schwabmuenchen\/"},{"@type":"ListItem","position":2,"name":"Portraits von Handelspartnern","item":"https:\/\/weltlaeden.de\/schwabmuenchen\/portraits-von-handelspartnern\/"},{"@type":"ListItem","position":3,"name":"Caf\u00e9 Chavalo"}]},{"@type":"WebSite","@id":"https:\/\/weltlaeden.de\/schwabmuenchen\/#website","url":"https:\/\/weltlaeden.de\/schwabmuenchen\/","name":"Weltladen Schwabm\u00fcnchen","description":"Fairer Handel - seit 25 Jahren in Schwabm\u00fcnchen","potentialAction":[{"@type":"SearchAction","target":{"@type":"EntryPoint","urlTemplate":"https:\/\/weltlaeden.de\/schwabmuenchen\/?s={search_term_string}"},"query-input":{"@type":"PropertyValueSpecification","valueRequired":true,"valueName":"search_term_string"}}],"inLanguage":"de"}]}},"_links":{"self":[{"href":"https:\/\/weltlaeden.de\/schwabmuenchen\/wp-json\/wp\/v2\/pages\/514","targetHints":{"allow":["GET"]}}],"collection":[{"href":"https:\/\/weltlaeden.de\/schwabmuenchen\/wp-json\/wp\/v2\/pages"}],"about":[{"href":"https:\/\/weltlaeden.de\/schwabmuenchen\/wp-json\/wp\/v2\/types\/page"}],"author":[{"embeddable":true,"href":"https:\/\/weltlaeden.de\/schwabmuenchen\/wp-json\/wp\/v2\/users\/14"}],"replies":[{"embeddable":true,"href":"https:\/\/weltlaeden.de\/schwabmuenchen\/wp-json\/wp\/v2\/comments?post=514"}],"version-history":[{"count":10,"href":"https:\/\/weltlaeden.de\/schwabmuenchen\/wp-json\/wp\/v2\/pages\/514\/revisions"}],"predecessor-version":[{"id":856,"href":"https:\/\/weltlaeden.de\/schwabmuenchen\/wp-json\/wp\/v2\/pages\/514\/revisions\/856"}],"up":[{"embeddable":true,"href":"https:\/\/weltlaeden.de\/schwabmuenchen\/wp-json\/wp\/v2\/pages\/507"}],"wp:attachment":[{"href":"https:\/\/weltlaeden.de\/schwabmuenchen\/wp-json\/wp\/v2\/media?parent=514"}],"curies":[{"name":"wp","href":"https:\/\/api.w.org\/{rel}","templated":true}]}}