{"id":507,"date":"2021-02-12T09:41:06","date_gmt":"2021-02-12T08:41:06","guid":{"rendered":"https:\/\/weltlaeden.de\/schwabmuenchen\/?page_id=507"},"modified":"2024-11-05T11:01:31","modified_gmt":"2024-11-05T10:01:31","slug":"portraits-von-handelspartnern","status":"publish","type":"page","link":"https:\/\/weltlaeden.de\/schwabmuenchen\/portraits-von-handelspartnern\/","title":{"rendered":"Portraits von Handelspartnern"},"content":{"rendered":"<div class=\"wpb-content-wrapper\"><p>[vc_row][vc_column]<div class=\"wl_einzelbild\"><p><img loading=\"lazy\" decoding=\"async\" class=\"aligncenter size-full wp-image-nsm-3-84\" src=\"https:\/\/weltlaeden.de\/schwabmuenchen\/wp-content\/uploads\/sites\/3\/2020\/10\/portraet_hero_prokritee_Quelle_Dave-Klassen_1200x500.jpg\" alt=\"\" width=\"1200\" height=\"500\" \/><\/p><\/div>[\/vc_column][\/vc_row][vc_row][vc_column][vc_empty_space][\/vc_column][\/vc_row][vc_row][vc_column][vc_column_text]<\/p>\n<h1>Portraits von Handelspartnern<\/h1>\n<p>Transparenz und langfristige Handelsbeziehungen sind wichtige Merkmale des Fairen Handels. Im globalen Handel ist es etwas Besonderes, die Menschen hinter den Produkten kennenlernen zu k\u00f6nnen. Erfahren Sie, wo, von wem und wie besondere Lebensmittel oder faszinierendes Kunsthandwerk hergestellt werden.[\/vc_column_text][\/vc_column][\/vc_row][vc_row][vc_column][vc_empty_space height=&#8220;20px&#8220;][\/vc_column][\/vc_row][vc_row][vc_column][vc_column_text]<\/p>\n<h1>Handwerkskunst von Prokritee aus Bangladesch<\/h1>\n<p>[\/vc_column_text][vc_row_inner][vc_column_inner width=&#8220;1\/3&#8243;]<div class=\"wl_einzelbild\"><p><img loading=\"lazy\" decoding=\"async\" class=\"aligncenter size-medium wp-image-nsm-3-83\" src=\"https:\/\/weltlaeden.de\/schwabmuenchen\/wp-content\/uploads\/sites\/3\/2020\/10\/Prokritee-1_K.-Khatun_Quelle_Dave-Klassen-1-300x200.jpg\" alt=\"\" width=\"300\" height=\"200\" \/><\/p><\/div>[\/vc_column_inner][vc_column_inner width=&#8220;2\/3&#8243;][vc_column_text css=&#8220;.vc_custom_1604646632054{background-color: #ffffff !important;border-radius: 2px !important;}&#8220;]K\u00f6rbe aus Kaisa-Gras, handgesch\u00f6pftes Papier aus Juteresten, Sessel aus recycelten Sari-Stoffen,\u2026 Prokritee bedeutet auf Bengalisch \u201eNatur\u201c. Alle Produkte werden von Hand und ausschlie\u00dflich aus nat\u00fcrlichen oder recycelten Materialien gefertigt. Genau so bunt und vielf\u00e4ltig wie die Muster und Materialen der Produkte von Prokritee sind die Geschichten der Frauen, die sie herstellen. <a href=\"?pagename=handelspartner-portrait-prokritee\">Erfahren Sie mehr &#8230;<\/a>[\/vc_column_text][\/vc_column_inner][\/vc_row_inner][vc_empty_space][vc_column_text]<\/p>\n<h1>Die Rooibos-Revolution von Heiveld aus S\u00fcdafrika<\/h1>\n<p>[\/vc_column_text][vc_row_inner][vc_column_inner width=&#8220;1\/3&#8243;]<div class=\"wl_einzelbild\"><p><img loading=\"lazy\" decoding=\"async\" class=\"aligncenter size-medium wp-image-nsm-3-94\" src=\"https:\/\/weltlaeden.de\/schwabmuenchennsammlung\/wp-content\/uploads\/sites\/3\/2020\/11\/Heiveld-1_K.-Kotze_Quelle_Albert-Retief_1200x800-300x200.jpg\" alt=\"\" width=\"300\" height=\"200\" \/><\/p><\/div>[\/vc_column_inner][vc_column_inner width=&#8220;2\/3&#8243;][vc_column_text]Die Zederberge in S\u00fcdafrika sind hei\u00df und trocken \u2013 diese karge Landschaft ist der einzige Ort auf der Welt, an dem Rooibos w\u00e4chst. Dort haben sich in der Heiveld-Kooperative 70 B\u00e4uerinnen und Bauern zusammengeschlossen, um auf ihrem eigenen Land biologisch angebauten Rooibos-Tee zu produzieren. <a href=\"?pagename=handelspartner-portrait-heiveld\">Erfahren Sie mehr&#8230;<\/a>[\/vc_column_text][\/vc_column_inner][\/vc_row_inner][vc_empty_space][vc_column_text]<\/p>\n<h1>Guter Kaffee von APROLMA aus Honduras<\/h1>\n<p>[\/vc_column_text][vc_row_inner][vc_column_inner width=&#8220;1\/3&#8243;]<div class=\"wl_einzelbild\"><p><img loading=\"lazy\" decoding=\"async\" class=\"aligncenter size-medium wp-image-nsm-3-89\" src=\"https:\/\/weltlaeden.de\/schwabmuenchen\/wp-content\/uploads\/sites\/3\/2020\/10\/APROLMA-1_R\u00f6stmeisterinnen_Quelle_GEPA-A.-Welsing-300x169.jpg\" alt=\"\" width=\"300\" height=\"169\" \/><\/p><\/div>[\/vc_column_inner][vc_column_inner width=&#8220;2\/3&#8243;][vc_column_text]Wir k\u00f6nnen auch anders! \u2013 das k\u00f6nnte das Motto von APROLMA sein. Zwei Besonderheiten zeichnen diese Kaffeekooperative in Honduras aus: Nur Frauen k\u00f6nnen Mitglied werden und der Kaffee wird vor Ort von den eigens ausgebildeten R\u00f6stmeisterinnen ger\u00f6stet und verpackt. <a href=\"?pagename=handelspartner-portrait-aprolma\">Erfahren Sie mehr&#8230;<\/a>[\/vc_column_text][\/vc_column_inner][\/vc_row_inner][vc_empty_space][vc_column_text]<\/p>\n<h1>fairafric: Schokolade made in Ghana<\/h1>\n<p>[\/vc_column_text][vc_row_inner][vc_column_inner width=&#8220;1\/3&#8243;]<div class=\"wl_einzelbild\"><p><img loading=\"lazy\" decoding=\"async\" class=\"size-medium wp-image-nsm-3-101 aligncenter\" src=\"https:\/\/weltlaeden.de\/schwabmuenchennsammlung\/wp-content\/uploads\/sites\/3\/2021\/02\/fairafric-1_Team-Schokotisch_Quelle_fairafric_1200x800-300x200.jpg\" alt=\"\" width=\"300\" height=\"200\" \/><\/p><\/div>[\/vc_column_inner][vc_column_inner width=&#8220;2\/3&#8243;][vc_column_text]Ghana ist eines der f\u00fchrenden Anbau- und Exportl\u00e4nder von Rohkakao, Schokolade wird dort bisher allerdings kaum produziert. Ein Gro\u00dfteil der Wertsch\u00f6pfung geschieht bei der Verarbeitung in Europa, w\u00e4hrend viele Kakaofarmer*innen in Armut leben. Das deutsch-ghanaische Unternehmen fairafric ist angetreten, das zu \u00e4ndern. <a href=\"?pagename=handelspartner-portrait-fairafric\">Erfahren Sie mehr&#8230;<\/a>[\/vc_column_text][\/vc_column_inner][\/vc_row_inner][vc_empty_space][\/vc_column][\/vc_row][vc_row][vc_column][vc_column_text css=&#8220;&#8220;]<\/p>\n<h1>Caf\u00e9 Chavalo<\/h1>\n<p>[\/vc_column_text][vc_row_inner][vc_column_inner width=&#8220;1\/3&#8243;]<div class=\"wl_einzelbild\"><p><img loading=\"lazy\" decoding=\"async\" class=\"alignleft size-medium wp-image-830\" src=\"https:\/\/weltlaeden.de\/schwabmuenchen\/wp-content\/uploads\/sites\/181\/2024\/10\/Cafe-chavallo_Kaffeeernte-II_ausschnitt-300x143.jpg\" alt=\"\" width=\"300\" height=\"143\" srcset=\"https:\/\/weltlaeden.de\/schwabmuenchen\/wp-content\/uploads\/sites\/181\/2024\/10\/Cafe-chavallo_Kaffeeernte-II_ausschnitt-300x143.jpg 300w, https:\/\/weltlaeden.de\/schwabmuenchen\/wp-content\/uploads\/sites\/181\/2024\/10\/Cafe-chavallo_Kaffeeernte-II_ausschnitt-768x366.jpg 768w, https:\/\/weltlaeden.de\/schwabmuenchen\/wp-content\/uploads\/sites\/181\/2024\/10\/Cafe-chavallo_Kaffeeernte-II_ausschnitt.jpg 1024w\" sizes=\"auto, (max-width: 300px) 100vw, 300px\" \/><\/p><\/div>[\/vc_column_inner][vc_column_inner width=&#8220;2\/3&#8243;][vc_column_text css=&#8220;.vc_custom_1616010642960{background-color: #ffffff !important;border-radius: 2px !important;}&#8220;]<span class=\"tm5\">Mit dem Projekt einer Globalen Solidarischen Landwirtschaft entwickelt Jens Klein von Caf\u00e9 Chavalo die Idee des gerechten Handels weiter. Er kauft die gesamte Kaffeeernte der Kooperative Miraflor, Nicaragua, zum garantierten Preis. Kundinnen und Kunden im Weltladen kaufen Ernteanteile und werden so zu Anteilseignern des Kaffeeanbaus.<\/span><\/p>\n<p><a href=\"?pagename=handelspartner-portrait-soap-n-scent\">Erfahren Sie mehr &#8230;<\/a>[\/vc_column_text][\/vc_column_inner][\/vc_row_inner][vc_empty_space][vc_column_text]<\/p>\n<h1>Gew\u00fcrzmischungen &amp; Co von Turqle Trading in S\u00fcdafrika<\/h1>\n<p>[\/vc_column_text][vc_row_inner][vc_column_inner width=&#8220;1\/3&#8243;]<div class=\"wl_einzelbild\"><p><img loading=\"lazy\" decoding=\"async\" class=\"aligncenter size-medium wp-image-nsm-3-109\" src=\"https:\/\/weltlaeden.de\/schwabmuenchennsammlung\/wp-content\/uploads\/sites\/3\/2021\/05\/Turqle-Trading-II_Laodicea-Okkers_Quelle_St.-Louis_600x400-300x200.jpg\" alt=\"\" width=\"300\" height=\"200\" \/><\/p><\/div>[\/vc_column_inner][vc_column_inner width=&#8220;2\/3&#8243;][vc_column_text css=&#8220;.vc_custom_1621597662780{background-color: #ffffff !important;border-radius: 2px !important;}&#8220;]Sonnengereifte Tomaten, feurige Chilis und aromatische Gew\u00fcrze sind das Erfolgsrezept von Turqle Trading. Die Organisation unterst\u00fctzt kleine Betriebe beim Export verarbeiteter Lebensmittel und schafft so zukunftsf\u00e4hige Arbeitspl\u00e4tze und mehr lokale Wertsch\u00f6pfung. <a href=\"?pagename=handelspartner-portrait-turqle-trading\">Erfahren Sie mehr &#8230;<\/a>[\/vc_column_text][\/vc_column_inner][\/vc_row_inner][vc_empty_space][vc_column_text]<\/p>\n<h1>Feinkost von Canaan Fair Trade in Pal\u00e4stina<\/h1>\n<p>[\/vc_column_text][vc_row_inner][vc_column_inner width=&#8220;1\/3&#8243;]<div class=\"wl_einzelbild\"><p><img loading=\"lazy\" decoding=\"async\" class=\"alignleft\" src=\"https:\/\/weltlaeden.de\/schwabmuenchennsammlung\/wp-content\/uploads\/sites\/3\/2021\/08\/Canaan-I_Familie-Jarar_Quelle_WeltPartner-eG_1200x800-300x200.jpg\" alt=\"Die Familie von Abu Mahmoud Jarar in ihrem Olivenhain. \" width=\"300\" height=\"200\" \/><\/p><\/div>[\/vc_column_inner][vc_column_inner width=&#8220;2\/3&#8243;][vc_column_text]Die knorrigen, widerstandsf\u00e4higen Olivenb\u00e4ume pr\u00e4gen die Landschaft in Pal\u00e4stina. Aus ihren Fr\u00fcchten stellen die Produzent*innen von Canaan Fair Trade k\u00f6stliches Oliven\u00f6l der h\u00f6chsten G\u00fcteklasse her und erschaffen so Perspektiven f\u00fcr ein selbstbestimmtes Leben. <a href=\"?pagename=handelspartner-portrait-canaan\">Erfahren Sie mehr &#8230;<\/a>[\/vc_column_text][\/vc_column_inner][\/vc_row_inner][vc_empty_space][vc_column_text]<\/p>\n<h1>Sonnengl\u00e4ser von Suntoy in S\u00fcdafrika<\/h1>\n<p>[\/vc_column_text][vc_row_inner][vc_column_inner width=&#8220;1\/3&#8243;]<div class=\"wl_einzelbild\"><p><img loading=\"lazy\" decoding=\"async\" class=\"aligncenter size-medium wp-image-nsm-3-116\" src=\"https:\/\/weltlaeden.de\/schwabmuenchennsammlung\/wp-content\/uploads\/sites\/3\/2021\/12\/Sonnenglas-I_Sonnengl\u00e4ser_Q_Sonnenglas_600x400-300x200.png\" alt=\"\" width=\"300\" height=\"200\" \/><\/p><\/div>[\/vc_column_inner][vc_column_inner width=&#8220;2\/3&#8243;][vc_column_text css=&#8220;.vc_custom_1639486931660{background-color: #ffffff !important;border-radius: 2px !important;}&#8220;]Die handgefertigte Solarlampe ist nicht nur eine stimmungsvolle Dekoration, sondern dient in S\u00fcdafrika als nachhaltige und sichere Lichtquelle f\u00fcr Gebiete ohne Stromanschluss. Die Produktion sichert 75 Arbeitspl\u00e4tze f\u00fcr zuvor arbeitslose M\u00e4nner und Frauen in Johannesburg. <a href=\"?pagename=handelspartner-portrait-sonnenglas\">Erfahren Sie mehr &#8230;<\/a>[\/vc_column_text][\/vc_column_inner][\/vc_row_inner][vc_empty_space][vc_separator border_width=&#8220;2&#8243;][vc_column_text]<em> Bildnachweise f\u00fcr diese Seite (von oben nach unten): Dave Klassen, Dave Klassen, Albert Retief, GEPA\/A. Welsing,<\/em> <em>fairafric, GEPA-The Fair Trade Company, St. Louis<\/em>, <em>WeltPartner eG, Sonnenglas<\/em>[\/vc_column_text][\/vc_column][\/vc_row][vc_column][\/vc_column]<\/p>\n<\/div>","protected":false},"excerpt":{"rendered":"<p>[vc_row][vc_column][\/vc_column][\/vc_row][vc_row][vc_column][vc_empty_space][\/vc_column][\/vc_row][vc_row][vc_column][vc_column_text] Portraits von Handelspartnern Transparenz und langfristige Handelsbeziehungen sind wichtige Merkmale des Fairen Handels. Im globalen Handel ist es etwas Besonderes, die Menschen hinter den Produkten kennenlernen zu k\u00f6nnen. Erfahren Sie, wo, von wem und wie besondere Lebensmittel oder faszinierendes Kunsthandwerk hergestellt werden.[\/vc_column_text][\/vc_column][\/vc_row][vc_row][vc_column][vc_empty_space height=&#8220;20px&#8220;][\/vc_column][\/vc_row][vc_row][vc_column][vc_column_text] Handwerkskunst von Prokritee aus Bangladesch [\/vc_column_text][vc_row_inner][vc_column_inner width=&#8220;1\/3&#8243;][\/vc_column_inner][vc_column_inner width=&#8220;2\/3&#8243;][vc_column_text css=&#8220;.vc_custom_1604646632054{background-color: #ffffff !important;border-radius:&hellip;<\/p>\n","protected":false},"author":14,"featured_media":0,"parent":0,"menu_order":2,"comment_status":"closed","ping_status":"closed","template":"","meta":{"footnotes":""},"class_list":["post-507","page","type-page","status-publish","hentry","description-off"],"yoast_head":"<!-- This site is optimized with the Yoast SEO plugin v26.8 - https:\/\/yoast.com\/product\/yoast-seo-wordpress\/ -->\n<title>Portraits von Handelspartnern - Weltladen Schwabm\u00fcnchen<\/title>\n<meta name=\"robots\" content=\"index, follow, max-snippet:-1, max-image-preview:large, max-video-preview:-1\" \/>\n<link rel=\"canonical\" href=\"https:\/\/weltlaeden.de\/schwabmuenchen\/portraits-von-handelspartnern\/\" \/>\n<meta property=\"og:locale\" content=\"de_DE\" \/>\n<meta property=\"og:type\" content=\"article\" \/>\n<meta property=\"og:title\" content=\"Portraits von Handelspartnern - Weltladen Schwabm\u00fcnchen\" \/>\n<meta property=\"og:description\" content=\"[vc_row][vc_column][\/vc_column][\/vc_row][vc_row][vc_column][vc_empty_space][\/vc_column][\/vc_row][vc_row][vc_column][vc_column_text] Portraits von Handelspartnern Transparenz und langfristige Handelsbeziehungen sind wichtige Merkmale des Fairen Handels. Im globalen Handel ist es etwas Besonderes, die Menschen hinter den Produkten kennenlernen zu k\u00f6nnen. Erfahren Sie, wo, von wem und wie besondere Lebensmittel oder faszinierendes Kunsthandwerk hergestellt werden.[\/vc_column_text][\/vc_column][\/vc_row][vc_row][vc_column][vc_empty_space height=&#8220;20px&#8220;][\/vc_column][\/vc_row][vc_row][vc_column][vc_column_text] Handwerkskunst von Prokritee aus Bangladesch [\/vc_column_text][vc_row_inner][vc_column_inner width=&#8220;1\/3&#8243;][\/vc_column_inner][vc_column_inner width=&#8220;2\/3&#8243;][vc_column_text css=&#8220;.vc_custom_1604646632054{background-color: #ffffff !important;border-radius:&hellip;\" \/>\n<meta property=\"og:url\" content=\"https:\/\/weltlaeden.de\/schwabmuenchen\/portraits-von-handelspartnern\/\" \/>\n<meta property=\"og:site_name\" content=\"Weltladen Schwabm\u00fcnchen\" \/>\n<meta property=\"article:modified_time\" content=\"2024-11-05T10:01:31+00:00\" \/>\n<meta property=\"og:image\" content=\"https:\/\/weltlaeden.de\/schwabmuenchen\/wp-content\/uploads\/sites\/3\/2020\/10\/portraet_hero_prokritee_Quelle_Dave-Klassen_1200x500.jpg\" \/>\n<meta name=\"twitter:card\" content=\"summary_large_image\" \/>\n<meta name=\"twitter:label1\" content=\"Gesch\u00e4tzte Lesezeit\" \/>\n\t<meta name=\"twitter:data1\" content=\"5\u00a0Minuten\" \/>\n<script type=\"application\/ld+json\" class=\"yoast-schema-graph\">{\"@context\":\"https:\/\/schema.org\",\"@graph\":[{\"@type\":\"WebPage\",\"@id\":\"https:\/\/weltlaeden.de\/schwabmuenchen\/portraits-von-handelspartnern\/\",\"url\":\"https:\/\/weltlaeden.de\/schwabmuenchen\/portraits-von-handelspartnern\/\",\"name\":\"Portraits von Handelspartnern - Weltladen Schwabm\u00fcnchen\",\"isPartOf\":{\"@id\":\"https:\/\/weltlaeden.de\/schwabmuenchen\/#website\"},\"primaryImageOfPage\":{\"@id\":\"https:\/\/weltlaeden.de\/schwabmuenchen\/portraits-von-handelspartnern\/#primaryimage\"},\"image\":{\"@id\":\"https:\/\/weltlaeden.de\/schwabmuenchen\/portraits-von-handelspartnern\/#primaryimage\"},\"thumbnailUrl\":\"https:\/\/weltlaeden.de\/schwabmuenchen\/wp-content\/uploads\/sites\/3\/2020\/10\/portraet_hero_prokritee_Quelle_Dave-Klassen_1200x500.jpg\",\"datePublished\":\"2021-02-12T08:41:06+00:00\",\"dateModified\":\"2024-11-05T10:01:31+00:00\",\"breadcrumb\":{\"@id\":\"https:\/\/weltlaeden.de\/schwabmuenchen\/portraits-von-handelspartnern\/#breadcrumb\"},\"inLanguage\":\"de\",\"potentialAction\":[{\"@type\":\"ReadAction\",\"target\":[\"https:\/\/weltlaeden.de\/schwabmuenchen\/portraits-von-handelspartnern\/\"]}]},{\"@type\":\"ImageObject\",\"inLanguage\":\"de\",\"@id\":\"https:\/\/weltlaeden.de\/schwabmuenchen\/portraits-von-handelspartnern\/#primaryimage\",\"url\":\"https:\/\/weltlaeden.de\/schwabmuenchen\/wp-content\/uploads\/sites\/3\/2020\/10\/portraet_hero_prokritee_Quelle_Dave-Klassen_1200x500.jpg\",\"contentUrl\":\"https:\/\/weltlaeden.de\/schwabmuenchen\/wp-content\/uploads\/sites\/3\/2020\/10\/portraet_hero_prokritee_Quelle_Dave-Klassen_1200x500.jpg\"},{\"@type\":\"BreadcrumbList\",\"@id\":\"https:\/\/weltlaeden.de\/schwabmuenchen\/portraits-von-handelspartnern\/#breadcrumb\",\"itemListElement\":[{\"@type\":\"ListItem\",\"position\":1,\"name\":\"Startseite\",\"item\":\"https:\/\/weltlaeden.de\/schwabmuenchen\/\"},{\"@type\":\"ListItem\",\"position\":2,\"name\":\"Portraits von Handelspartnern\"}]},{\"@type\":\"WebSite\",\"@id\":\"https:\/\/weltlaeden.de\/schwabmuenchen\/#website\",\"url\":\"https:\/\/weltlaeden.de\/schwabmuenchen\/\",\"name\":\"Weltladen Schwabm\u00fcnchen\",\"description\":\"Fairer Handel - seit 25 Jahren in Schwabm\u00fcnchen\",\"potentialAction\":[{\"@type\":\"SearchAction\",\"target\":{\"@type\":\"EntryPoint\",\"urlTemplate\":\"https:\/\/weltlaeden.de\/schwabmuenchen\/?s={search_term_string}\"},\"query-input\":{\"@type\":\"PropertyValueSpecification\",\"valueRequired\":true,\"valueName\":\"search_term_string\"}}],\"inLanguage\":\"de\"}]}<\/script>\n<!-- \/ Yoast SEO plugin. -->","yoast_head_json":{"title":"Portraits von Handelspartnern - Weltladen Schwabm\u00fcnchen","robots":{"index":"index","follow":"follow","max-snippet":"max-snippet:-1","max-image-preview":"max-image-preview:large","max-video-preview":"max-video-preview:-1"},"canonical":"https:\/\/weltlaeden.de\/schwabmuenchen\/portraits-von-handelspartnern\/","og_locale":"de_DE","og_type":"article","og_title":"Portraits von Handelspartnern - Weltladen Schwabm\u00fcnchen","og_description":"[vc_row][vc_column][\/vc_column][\/vc_row][vc_row][vc_column][vc_empty_space][\/vc_column][\/vc_row][vc_row][vc_column][vc_column_text] Portraits von Handelspartnern Transparenz und langfristige Handelsbeziehungen sind wichtige Merkmale des Fairen Handels. Im globalen Handel ist es etwas Besonderes, die Menschen hinter den Produkten kennenlernen zu k\u00f6nnen. Erfahren Sie, wo, von wem und wie besondere Lebensmittel oder faszinierendes Kunsthandwerk hergestellt werden.[\/vc_column_text][\/vc_column][\/vc_row][vc_row][vc_column][vc_empty_space height=&#8220;20px&#8220;][\/vc_column][\/vc_row][vc_row][vc_column][vc_column_text] Handwerkskunst von Prokritee aus Bangladesch [\/vc_column_text][vc_row_inner][vc_column_inner width=&#8220;1\/3&#8243;][\/vc_column_inner][vc_column_inner width=&#8220;2\/3&#8243;][vc_column_text css=&#8220;.vc_custom_1604646632054{background-color: #ffffff !important;border-radius:&hellip;","og_url":"https:\/\/weltlaeden.de\/schwabmuenchen\/portraits-von-handelspartnern\/","og_site_name":"Weltladen Schwabm\u00fcnchen","article_modified_time":"2024-11-05T10:01:31+00:00","og_image":[{"url":"https:\/\/weltlaeden.de\/schwabmuenchen\/wp-content\/uploads\/sites\/3\/2020\/10\/portraet_hero_prokritee_Quelle_Dave-Klassen_1200x500.jpg","type":"","width":"","height":""}],"twitter_card":"summary_large_image","twitter_misc":{"Gesch\u00e4tzte Lesezeit":"5\u00a0Minuten"},"schema":{"@context":"https:\/\/schema.org","@graph":[{"@type":"WebPage","@id":"https:\/\/weltlaeden.de\/schwabmuenchen\/portraits-von-handelspartnern\/","url":"https:\/\/weltlaeden.de\/schwabmuenchen\/portraits-von-handelspartnern\/","name":"Portraits von Handelspartnern - Weltladen Schwabm\u00fcnchen","isPartOf":{"@id":"https:\/\/weltlaeden.de\/schwabmuenchen\/#website"},"primaryImageOfPage":{"@id":"https:\/\/weltlaeden.de\/schwabmuenchen\/portraits-von-handelspartnern\/#primaryimage"},"image":{"@id":"https:\/\/weltlaeden.de\/schwabmuenchen\/portraits-von-handelspartnern\/#primaryimage"},"thumbnailUrl":"https:\/\/weltlaeden.de\/schwabmuenchen\/wp-content\/uploads\/sites\/3\/2020\/10\/portraet_hero_prokritee_Quelle_Dave-Klassen_1200x500.jpg","datePublished":"2021-02-12T08:41:06+00:00","dateModified":"2024-11-05T10:01:31+00:00","breadcrumb":{"@id":"https:\/\/weltlaeden.de\/schwabmuenchen\/portraits-von-handelspartnern\/#breadcrumb"},"inLanguage":"de","potentialAction":[{"@type":"ReadAction","target":["https:\/\/weltlaeden.de\/schwabmuenchen\/portraits-von-handelspartnern\/"]}]},{"@type":"ImageObject","inLanguage":"de","@id":"https:\/\/weltlaeden.de\/schwabmuenchen\/portraits-von-handelspartnern\/#primaryimage","url":"https:\/\/weltlaeden.de\/schwabmuenchen\/wp-content\/uploads\/sites\/3\/2020\/10\/portraet_hero_prokritee_Quelle_Dave-Klassen_1200x500.jpg","contentUrl":"https:\/\/weltlaeden.de\/schwabmuenchen\/wp-content\/uploads\/sites\/3\/2020\/10\/portraet_hero_prokritee_Quelle_Dave-Klassen_1200x500.jpg"},{"@type":"BreadcrumbList","@id":"https:\/\/weltlaeden.de\/schwabmuenchen\/portraits-von-handelspartnern\/#breadcrumb","itemListElement":[{"@type":"ListItem","position":1,"name":"Startseite","item":"https:\/\/weltlaeden.de\/schwabmuenchen\/"},{"@type":"ListItem","position":2,"name":"Portraits von Handelspartnern"}]},{"@type":"WebSite","@id":"https:\/\/weltlaeden.de\/schwabmuenchen\/#website","url":"https:\/\/weltlaeden.de\/schwabmuenchen\/","name":"Weltladen Schwabm\u00fcnchen","description":"Fairer Handel - seit 25 Jahren in Schwabm\u00fcnchen","potentialAction":[{"@type":"SearchAction","target":{"@type":"EntryPoint","urlTemplate":"https:\/\/weltlaeden.de\/schwabmuenchen\/?s={search_term_string}"},"query-input":{"@type":"PropertyValueSpecification","valueRequired":true,"valueName":"search_term_string"}}],"inLanguage":"de"}]}},"_links":{"self":[{"href":"https:\/\/weltlaeden.de\/schwabmuenchen\/wp-json\/wp\/v2\/pages\/507","targetHints":{"allow":["GET"]}}],"collection":[{"href":"https:\/\/weltlaeden.de\/schwabmuenchen\/wp-json\/wp\/v2\/pages"}],"about":[{"href":"https:\/\/weltlaeden.de\/schwabmuenchen\/wp-json\/wp\/v2\/types\/page"}],"author":[{"embeddable":true,"href":"https:\/\/weltlaeden.de\/schwabmuenchen\/wp-json\/wp\/v2\/users\/14"}],"replies":[{"embeddable":true,"href":"https:\/\/weltlaeden.de\/schwabmuenchen\/wp-json\/wp\/v2\/comments?post=507"}],"version-history":[{"count":10,"href":"https:\/\/weltlaeden.de\/schwabmuenchen\/wp-json\/wp\/v2\/pages\/507\/revisions"}],"predecessor-version":[{"id":857,"href":"https:\/\/weltlaeden.de\/schwabmuenchen\/wp-json\/wp\/v2\/pages\/507\/revisions\/857"}],"wp:attachment":[{"href":"https:\/\/weltlaeden.de\/schwabmuenchen\/wp-json\/wp\/v2\/media?parent=507"}],"curies":[{"name":"wp","href":"https:\/\/api.w.org\/{rel}","templated":true}]}}