{"id":217,"date":"2016-10-28T13:34:47","date_gmt":"2016-10-28T11:34:47","guid":{"rendered":"https:\/\/wl.heimpixel.de\/vorlage\/produkte\/"},"modified":"2024-11-22T11:33:59","modified_gmt":"2024-11-22T10:33:59","slug":"produkte","status":"publish","type":"page","link":"https:\/\/weltlaeden.de\/schwabmuenchen\/produkte\/","title":{"rendered":"Produkte"},"content":{"rendered":"<div class=\"wpb-content-wrapper\"><p>[vc_row][vc_column]<div class=\"wl_einzelbild\"><p><\/p><\/div>[vc_empty_space][vc_column_text]<\/p>\n<h1>Unser Sortiment<\/h1>\n<p>[\/vc_column_text][vc_column_text]Wir f\u00fchren in unserem Weltladen ein vielf\u00e4ltiges Sortiment hochwertiger Waren aus aller Welt, die wir von anerkannten Fair-Handels-Importeuren wie z.B. El Puente, GEPA, Globo, Weltpartner oder auch Banafair beziehen.<br \/>\nKleinproduzent*innen erhalten so einen fairen Preis.<br \/>\nUnsere Lebensmittel sind nicht nur fair gehandelt, sondern meist auch in Bio-Qualit\u00e4t.<\/p>\n<p>[\/vc_column_text][vc_empty_space][vc_row_inner][vc_column_inner width=&#8220;1\/2&#8243;][vc_column_text]<\/p>\n<h2>Lebensmittel<\/h2>\n<p>[\/vc_column_text]<div class=\"wl_einzelbild\"><p><img loading=\"lazy\" decoding=\"async\" class=\"aligncenter size-full wp-image-nsm-3-26\" src=\"https:\/\/weltlaeden.de\/schwabmuenchen\/wp-content\/uploads\/sites\/3\/2018\/05\/Lebensmittel_WL-Bornheim-Christian-Schilling.jpg\" alt=\"\" width=\"600\" height=\"402\" \/><\/p><\/div>[vc_column_text css=&#8220;&#8220;]Zum Sortiment geh\u00f6ren neben den Klassikern Kaffee, Tee und Schokolade auch H\u00fclsenfr\u00fcchte, Honig, Reis oder Saucen und Aufstriche sowie s\u00fc\u00dfe Verf\u00fchrungen oder Knabbereien.<\/p>\n<p>Au\u00dferdem f\u00fchren wir Wein und Sekt sowie verschiedene nicht-alkoholische Getr\u00e4nke.[\/vc_column_text][\/vc_column_inner][vc_column_inner width=&#8220;1\/2&#8243;][vc_column_text]<\/p>\n<h2>Kunsthandwerk<\/h2>\n<p>[\/vc_column_text]<div class=\"wl_einzelbild\"><p><img loading=\"lazy\" decoding=\"async\" class=\"aligncenter size-full wp-image-nsm-3-18\" src=\"https:\/\/weltlaeden.de\/schwabmuenchen\/wp-content\/uploads\/sites\/3\/2016\/11\/NonFoodweltladen31.jpg\" alt=\"\" width=\"600\" height=\"402\" \/><\/p><\/div>[vc_column_text css=&#8220;&#8220;]Der Bereich Kunsthandwerk umfasst eine gro\u00dfe Auswahl an Keramik und Gl\u00e4sern, Deko oder auch saisonalen Produkten, z.B. zu Weihnachten oder Ostern.<\/p>\n<p>Wenn Sie auf der Suche nach einem besonderen Geschenk sind &#8211; schauen Sie bei uns vorbei, Sie werden immer wieder neue Anregungen finden.[\/vc_column_text][\/vc_column_inner][vc_column_inner][vc_column_text]<\/p>\n<h2>Haushalt<\/h2>\n<p>[\/vc_column_text]<div class=\"wl_einzelbild\"><p><\/p><\/div>[vc_column_text]Sch\u00f6ne und n\u00fctzliche Dinge f\u00fcr den t\u00e4glichen Gebrauch.[\/vc_column_text][\/vc_column_inner][vc_column_inner][vc_column_text]<\/p>\n<h2>Zotter Schokolade<\/h2>\n<p>[\/vc_column_text]<div class=\"wl_einzelbild\"><p><\/p><\/div>[vc_column_text css=&#8220;&#8220;]Die &#8222;Praline unter den Schokoladen&#8220;. Wir f\u00fchren st\u00e4ndig eine gro\u00dfe Auswahl an handgesch\u00f6pften Zotter Schokoladen. Lassen Sie sich ein auf die oftmals \u00fcberraschenden Kreationen oder genie\u00dfen Sie Bew\u00e4hrtes in bester Qualit\u00e4t.[\/vc_column_text][\/vc_column_inner][vc_column_inner][vc_column_text]<\/p>\n<h2>Mode-Accessoires<\/h2>\n<p>[\/vc_column_text]<div class=\"wl_einzelbild\"><p><\/p><\/div>[vc_column_text css=&#8220;&#8220;]Taschen, Geldb\u00f6rsen, G\u00fcrtel, oder T\u00fccher, die Ihrem Kleidungsstil noch das gewisse Etwas verleihen.<br \/>\nImmer wieder neue Kreationen aus verschiedenen Materialien.[\/vc_column_text][\/vc_column_inner][vc_column_inner][vc_column_text]<\/p>\n<h2>Schmuck<\/h2>\n<p>[\/vc_column_text]<div class=\"wl_einzelbild\"><p><\/p><\/div>[vc_column_text css=&#8220;&#8220;]Unsere Auswahl an Schmuck ist vielf\u00e4ltig. Sie finden echte Handarbeit aus Silber oder auch vergoldet, sowie Modeschmuck aus Glas, Keramik, Holz&#8230;[\/vc_column_text][\/vc_column_inner][\/vc_row_inner][\/vc_column][vc_column][vc_column_text]<\/p>\n<h2>Kosmetik, Wellness, SPA und Bad<\/h2>\n<p>[\/vc_column_text]<div class=\"wl_einzelbild\"><p><\/p><\/div>[vc_column_text]H\u00fcllen Sie sich in Fouta-Badet\u00fccher und verw\u00f6hnen Sie sich mit Bio-Kosmetik oder Seifen und K\u00f6rper\u00f6len aus hochwertigen Inhaltsstoffen.[\/vc_column_text][\/vc_column][vc_column][vc_column_text]<\/p>\n<h2>Stadtschokolade und -kaffee,<br \/>\nGeschenkk\u00f6rbe<\/h2>\n<p>[\/vc_column_text]<div class=\"wl_einzelbild\"><p><\/p><\/div>[vc_column_text]Verschenken Sie doch mal unser &#8222;faires Duo&#8220; aus Stadtkaffee und Stadtschokolade oder aber einen liebevoll gepackten Geschenkkorb bzw. Geschenkkarton.[\/vc_column_text][\/vc_column][vc_column][vc_column_text css=&#8220;&#8220;]<\/p>\n<h2>Papeterie<\/h2>\n<p>[\/vc_column_text]<div class=\"wl_einzelbild\"><p>\u00a0<\/p><\/div>[vc_column_text css=&#8220;&#8220;]Besondere Gru\u00dfkarten f\u00fcr besondere Menschen:<br \/>\nF\u00fcr Ihre guten Gedanken und W\u00fcnsche an liebe Menschen finden Sie bei uns die passende Karte. Fotos, Grafiken oder kunsthandwerklichen Arbeiten, flotte Spr\u00fcchen oder besinnlichen Texte sprechen die Adressaten an. Die FairMail Karten schenken gleich doppelte Freude, denn hier stellen sich jugendliche Fotok\u00fcnstler vor &#8211; Kontaktaufnahme erw\u00fcnscht.<\/p>\n<p>Der &#8222;Gute Laune Block&#8220; erfreut t\u00e4glich mit Bildern und Botschaften.<\/p>\n<p>Handgesch\u00f6pfte Papiere begeistern sch\u00f6n gebunden als Briefblock oder als Geschenkpapier, z. B. mit eingeschlossenen Bl\u00fcten.[\/vc_column_text][\/vc_column][\/vc_row][vc_row][vc_column][vc_column_text]<\/p>\n<h2>Entspannung und Meditation<\/h2>\n<p>[\/vc_column_text]<div class=\"wl_einzelbild\"><p><\/p><\/div>[vc_column_text css=&#8220;&#8220;]Entspannen Sie mit R\u00e4ucherwaren, Kerzen oder Klangschalen.[\/vc_column_text][\/vc_column][\/vc_row][vc_row][vc_column][vc_empty_space][vc_column_text]<\/p>\n<h1>Gutschein<\/h1>\n<p>[\/vc_column_text][vc_single_image image=&#8220;605&#8243; img_size=&#8220;full&#8220;][vc_column_text css=&#8220;&#8220;]Mit einem Gutschein aus unserem Laden verschenken Sie eine pers\u00f6nliche Wunscherf\u00fcllung und zugleich ein faires Einkaufserlebnis. Gutscheine erhalten Sie \u00fcber jeden gew\u00fcnschten Betrag. Wir beraten Sie gern.[\/vc_column_text][\/vc_column][\/vc_row]<\/p>\n<\/div>","protected":false},"excerpt":{"rendered":"<p>[vc_row][vc_column][vc_empty_space][vc_column_text] Unser Sortiment [\/vc_column_text][vc_column_text]Wir f\u00fchren in unserem Weltladen ein vielf\u00e4ltiges Sortiment hochwertiger Waren aus aller Welt, die wir von anerkannten Fair-Handels-Importeuren wie z.B. El Puente, GEPA, Globo, Weltpartner oder auch Banafair beziehen. Kleinproduzent*innen erhalten so einen fairen Preis. Unsere Lebensmittel sind nicht nur fair gehandelt, sondern meist auch in Bio-Qualit\u00e4t. [\/vc_column_text][vc_empty_space][vc_row_inner][vc_column_inner width=&#8220;1\/2&#8243;][vc_column_text] Lebensmittel [\/vc_column_text][vc_column_text css=&#8220;&#8220;]Zum&hellip;<\/p>\n","protected":false},"author":1,"featured_media":0,"parent":0,"menu_order":5,"comment_status":"closed","ping_status":"closed","template":"","meta":{"footnotes":""},"class_list":["post-217","page","type-page","status-publish","hentry","description-off"],"yoast_head":"<!-- This site is optimized with the Yoast SEO plugin v26.8 - https:\/\/yoast.com\/product\/yoast-seo-wordpress\/ -->\n<title>Produkte - Weltladen Schwabm\u00fcnchen<\/title>\n<meta name=\"robots\" content=\"index, follow, max-snippet:-1, max-image-preview:large, max-video-preview:-1\" \/>\n<link rel=\"canonical\" href=\"https:\/\/weltlaeden.de\/schwabmuenchen\/produkte\/\" \/>\n<meta property=\"og:locale\" content=\"de_DE\" \/>\n<meta property=\"og:type\" content=\"article\" \/>\n<meta property=\"og:title\" content=\"Produkte - Weltladen Schwabm\u00fcnchen\" \/>\n<meta property=\"og:description\" content=\"[vc_row][vc_column][vc_empty_space][vc_column_text] Unser Sortiment [\/vc_column_text][vc_column_text]Wir f\u00fchren in unserem Weltladen ein vielf\u00e4ltiges Sortiment hochwertiger Waren aus aller Welt, die wir von anerkannten Fair-Handels-Importeuren wie z.B. El Puente, GEPA, Globo, Weltpartner oder auch Banafair beziehen. Kleinproduzent*innen erhalten so einen fairen Preis. Unsere Lebensmittel sind nicht nur fair gehandelt, sondern meist auch in Bio-Qualit\u00e4t. [\/vc_column_text][vc_empty_space][vc_row_inner][vc_column_inner width=&#8220;1\/2&#8243;][vc_column_text] Lebensmittel [\/vc_column_text][vc_column_text css=&#8220;&#8220;]Zum&hellip;\" \/>\n<meta property=\"og:url\" content=\"https:\/\/weltlaeden.de\/schwabmuenchen\/produkte\/\" \/>\n<meta property=\"og:site_name\" content=\"Weltladen Schwabm\u00fcnchen\" \/>\n<meta property=\"article:modified_time\" content=\"2024-11-22T10:33:59+00:00\" \/>\n<meta property=\"og:image\" content=\"https:\/\/weltlaeden.de\/schwabmuenchen\/wp-content\/uploads\/sites\/3\/2018\/05\/Lebensmittel_WL-Bornheim-Christian-Schilling.jpg\" \/>\n<meta name=\"twitter:card\" content=\"summary_large_image\" \/>\n<meta name=\"twitter:label1\" content=\"Gesch\u00e4tzte Lesezeit\" \/>\n\t<meta name=\"twitter:data1\" content=\"3\u00a0Minuten\" \/>\n<script type=\"application\/ld+json\" class=\"yoast-schema-graph\">{\"@context\":\"https:\/\/schema.org\",\"@graph\":[{\"@type\":\"WebPage\",\"@id\":\"https:\/\/weltlaeden.de\/schwabmuenchen\/produkte\/\",\"url\":\"https:\/\/weltlaeden.de\/schwabmuenchen\/produkte\/\",\"name\":\"Produkte - Weltladen Schwabm\u00fcnchen\",\"isPartOf\":{\"@id\":\"https:\/\/weltlaeden.de\/schwabmuenchen\/#website\"},\"primaryImageOfPage\":{\"@id\":\"https:\/\/weltlaeden.de\/schwabmuenchen\/produkte\/#primaryimage\"},\"image\":{\"@id\":\"https:\/\/weltlaeden.de\/schwabmuenchen\/produkte\/#primaryimage\"},\"thumbnailUrl\":\"https:\/\/weltlaeden.de\/schwabmuenchen\/wp-content\/uploads\/sites\/3\/2018\/05\/Lebensmittel_WL-Bornheim-Christian-Schilling.jpg\",\"datePublished\":\"2016-10-28T11:34:47+00:00\",\"dateModified\":\"2024-11-22T10:33:59+00:00\",\"breadcrumb\":{\"@id\":\"https:\/\/weltlaeden.de\/schwabmuenchen\/produkte\/#breadcrumb\"},\"inLanguage\":\"de\",\"potentialAction\":[{\"@type\":\"ReadAction\",\"target\":[\"https:\/\/weltlaeden.de\/schwabmuenchen\/produkte\/\"]}]},{\"@type\":\"ImageObject\",\"inLanguage\":\"de\",\"@id\":\"https:\/\/weltlaeden.de\/schwabmuenchen\/produkte\/#primaryimage\",\"url\":\"https:\/\/weltlaeden.de\/schwabmuenchen\/wp-content\/uploads\/sites\/3\/2018\/05\/Lebensmittel_WL-Bornheim-Christian-Schilling.jpg\",\"contentUrl\":\"https:\/\/weltlaeden.de\/schwabmuenchen\/wp-content\/uploads\/sites\/3\/2018\/05\/Lebensmittel_WL-Bornheim-Christian-Schilling.jpg\"},{\"@type\":\"BreadcrumbList\",\"@id\":\"https:\/\/weltlaeden.de\/schwabmuenchen\/produkte\/#breadcrumb\",\"itemListElement\":[{\"@type\":\"ListItem\",\"position\":1,\"name\":\"Startseite\",\"item\":\"https:\/\/weltlaeden.de\/schwabmuenchen\/\"},{\"@type\":\"ListItem\",\"position\":2,\"name\":\"Produkte\"}]},{\"@type\":\"WebSite\",\"@id\":\"https:\/\/weltlaeden.de\/schwabmuenchen\/#website\",\"url\":\"https:\/\/weltlaeden.de\/schwabmuenchen\/\",\"name\":\"Weltladen Schwabm\u00fcnchen\",\"description\":\"Fairer Handel - seit 25 Jahren in Schwabm\u00fcnchen\",\"potentialAction\":[{\"@type\":\"SearchAction\",\"target\":{\"@type\":\"EntryPoint\",\"urlTemplate\":\"https:\/\/weltlaeden.de\/schwabmuenchen\/?s={search_term_string}\"},\"query-input\":{\"@type\":\"PropertyValueSpecification\",\"valueRequired\":true,\"valueName\":\"search_term_string\"}}],\"inLanguage\":\"de\"}]}<\/script>\n<!-- \/ Yoast SEO plugin. -->","yoast_head_json":{"title":"Produkte - Weltladen Schwabm\u00fcnchen","robots":{"index":"index","follow":"follow","max-snippet":"max-snippet:-1","max-image-preview":"max-image-preview:large","max-video-preview":"max-video-preview:-1"},"canonical":"https:\/\/weltlaeden.de\/schwabmuenchen\/produkte\/","og_locale":"de_DE","og_type":"article","og_title":"Produkte - Weltladen Schwabm\u00fcnchen","og_description":"[vc_row][vc_column][vc_empty_space][vc_column_text] Unser Sortiment [\/vc_column_text][vc_column_text]Wir f\u00fchren in unserem Weltladen ein vielf\u00e4ltiges Sortiment hochwertiger Waren aus aller Welt, die wir von anerkannten Fair-Handels-Importeuren wie z.B. El Puente, GEPA, Globo, Weltpartner oder auch Banafair beziehen. Kleinproduzent*innen erhalten so einen fairen Preis. Unsere Lebensmittel sind nicht nur fair gehandelt, sondern meist auch in Bio-Qualit\u00e4t. [\/vc_column_text][vc_empty_space][vc_row_inner][vc_column_inner width=&#8220;1\/2&#8243;][vc_column_text] Lebensmittel [\/vc_column_text][vc_column_text css=&#8220;&#8220;]Zum&hellip;","og_url":"https:\/\/weltlaeden.de\/schwabmuenchen\/produkte\/","og_site_name":"Weltladen Schwabm\u00fcnchen","article_modified_time":"2024-11-22T10:33:59+00:00","og_image":[{"url":"https:\/\/weltlaeden.de\/schwabmuenchen\/wp-content\/uploads\/sites\/3\/2018\/05\/Lebensmittel_WL-Bornheim-Christian-Schilling.jpg","type":"","width":"","height":""}],"twitter_card":"summary_large_image","twitter_misc":{"Gesch\u00e4tzte Lesezeit":"3\u00a0Minuten"},"schema":{"@context":"https:\/\/schema.org","@graph":[{"@type":"WebPage","@id":"https:\/\/weltlaeden.de\/schwabmuenchen\/produkte\/","url":"https:\/\/weltlaeden.de\/schwabmuenchen\/produkte\/","name":"Produkte - Weltladen Schwabm\u00fcnchen","isPartOf":{"@id":"https:\/\/weltlaeden.de\/schwabmuenchen\/#website"},"primaryImageOfPage":{"@id":"https:\/\/weltlaeden.de\/schwabmuenchen\/produkte\/#primaryimage"},"image":{"@id":"https:\/\/weltlaeden.de\/schwabmuenchen\/produkte\/#primaryimage"},"thumbnailUrl":"https:\/\/weltlaeden.de\/schwabmuenchen\/wp-content\/uploads\/sites\/3\/2018\/05\/Lebensmittel_WL-Bornheim-Christian-Schilling.jpg","datePublished":"2016-10-28T11:34:47+00:00","dateModified":"2024-11-22T10:33:59+00:00","breadcrumb":{"@id":"https:\/\/weltlaeden.de\/schwabmuenchen\/produkte\/#breadcrumb"},"inLanguage":"de","potentialAction":[{"@type":"ReadAction","target":["https:\/\/weltlaeden.de\/schwabmuenchen\/produkte\/"]}]},{"@type":"ImageObject","inLanguage":"de","@id":"https:\/\/weltlaeden.de\/schwabmuenchen\/produkte\/#primaryimage","url":"https:\/\/weltlaeden.de\/schwabmuenchen\/wp-content\/uploads\/sites\/3\/2018\/05\/Lebensmittel_WL-Bornheim-Christian-Schilling.jpg","contentUrl":"https:\/\/weltlaeden.de\/schwabmuenchen\/wp-content\/uploads\/sites\/3\/2018\/05\/Lebensmittel_WL-Bornheim-Christian-Schilling.jpg"},{"@type":"BreadcrumbList","@id":"https:\/\/weltlaeden.de\/schwabmuenchen\/produkte\/#breadcrumb","itemListElement":[{"@type":"ListItem","position":1,"name":"Startseite","item":"https:\/\/weltlaeden.de\/schwabmuenchen\/"},{"@type":"ListItem","position":2,"name":"Produkte"}]},{"@type":"WebSite","@id":"https:\/\/weltlaeden.de\/schwabmuenchen\/#website","url":"https:\/\/weltlaeden.de\/schwabmuenchen\/","name":"Weltladen Schwabm\u00fcnchen","description":"Fairer Handel - seit 25 Jahren in Schwabm\u00fcnchen","potentialAction":[{"@type":"SearchAction","target":{"@type":"EntryPoint","urlTemplate":"https:\/\/weltlaeden.de\/schwabmuenchen\/?s={search_term_string}"},"query-input":{"@type":"PropertyValueSpecification","valueRequired":true,"valueName":"search_term_string"}}],"inLanguage":"de"}]}},"_links":{"self":[{"href":"https:\/\/weltlaeden.de\/schwabmuenchen\/wp-json\/wp\/v2\/pages\/217","targetHints":{"allow":["GET"]}}],"collection":[{"href":"https:\/\/weltlaeden.de\/schwabmuenchen\/wp-json\/wp\/v2\/pages"}],"about":[{"href":"https:\/\/weltlaeden.de\/schwabmuenchen\/wp-json\/wp\/v2\/types\/page"}],"author":[{"embeddable":true,"href":"https:\/\/weltlaeden.de\/schwabmuenchen\/wp-json\/wp\/v2\/users\/1"}],"replies":[{"embeddable":true,"href":"https:\/\/weltlaeden.de\/schwabmuenchen\/wp-json\/wp\/v2\/comments?post=217"}],"version-history":[{"count":21,"href":"https:\/\/weltlaeden.de\/schwabmuenchen\/wp-json\/wp\/v2\/pages\/217\/revisions"}],"predecessor-version":[{"id":900,"href":"https:\/\/weltlaeden.de\/schwabmuenchen\/wp-json\/wp\/v2\/pages\/217\/revisions\/900"}],"wp:attachment":[{"href":"https:\/\/weltlaeden.de\/schwabmuenchen\/wp-json\/wp\/v2\/media?parent=217"}],"curies":[{"name":"wp","href":"https:\/\/api.w.org\/{rel}","templated":true}]}}