{"id":969,"date":"2021-12-04T17:47:43","date_gmt":"2021-12-04T16:47:43","guid":{"rendered":"https:\/\/weltlaeden.de\/schongau\/?page_id=969"},"modified":"2025-03-30T07:57:28","modified_gmt":"2025-03-30T05:57:28","slug":"gutscheine","status":"publish","type":"page","link":"https:\/\/weltlaeden.de\/schongau\/produkte\/gutscheine\/","title":{"rendered":"Gutscheine"},"content":{"rendered":"<div class=\"wpb-content-wrapper\"><p>[vc_row][vc_column][vc_column_text css_animation=&#8220;fadeInLeft&#8220; css=&#8220;&#8220;]<\/p>\n<h1>Gutschein des Weltladens Schongau<\/h1>\n<p><img loading=\"lazy\" decoding=\"async\" class=\"wp-image-612 alignleft\" src=\"https:\/\/weltlaeden.de\/schongau\/wp-content\/uploads\/sites\/170\/2021\/11\/Gutschein-292x300.png\" alt=\"\" width=\"203\" height=\"209\" srcset=\"https:\/\/weltlaeden.de\/schongau\/wp-content\/uploads\/sites\/170\/2021\/11\/Gutschein-292x300.png 292w, https:\/\/weltlaeden.de\/schongau\/wp-content\/uploads\/sites\/170\/2021\/11\/Gutschein.png 465w\" sizes=\"auto, (max-width: 203px) 100vw, 203px\" \/><\/p>\n<p>Sie haben noch kein Geschenk?<\/p>\n<p>Wir freuen uns, wenn Sie bei uns einen Gutschein erwerben.<\/p>\n<p>Kommen Sie doch bei uns im Laden vorbei.<\/p>\n<p>Falls Sie gerade nicht in den Weltladen kommen, k\u00f6nnen Sie einen Gutschein auch\u00a0<a href=\"https:\/\/www.gutscheine-schongau.de\/20\/27\/weltladen-schongau.html?tmsp=150514\">online<\/a> erwerben.<\/p>\n<p><strong>Akzeptanzstellen unseres Weltladen Gutscheins:<\/strong><br \/>\nHier finden Sie eine\u00a0<strong>\u00dcbersicht<\/strong>,\u00a0<strong><a href=\"https:\/\/weltlaeden.de\/netzwerk-iller-lech\/wp-content\/uploads\/sites\/58\/2025\/03\/Weltlaeden-die-Gutscheine-gegenseitig-akzeptieren_Stand-03-2025.pdf\">bei welchen L\u00e4den unsere Weltladen-Gutscheine eingel\u00f6st werden k\u00f6nnen.<\/a><\/strong>[\/vc_column_text]<div class=\"wl_einzelbild\"><p><\/p><\/div>[\/vc_column][\/vc_row][vc_row][vc_column][vc_column_text css=&#8220;&#8220;]<\/p>\n<h1 class=\"page-header\">Wertkarten der Werbegemeinschaft Altstadt Schongau<\/h1>\n<h2><img loading=\"lazy\" decoding=\"async\" class=\"alignnone wp-image-2064 size-medium\" src=\"https:\/\/weltlaeden.de\/schongau\/wp-content\/uploads\/sites\/170\/2025\/03\/wertkarte_10-300x188.jpg\" alt=\"\" width=\"300\" height=\"188\" srcset=\"https:\/\/weltlaeden.de\/schongau\/wp-content\/uploads\/sites\/170\/2025\/03\/wertkarte_10-300x188.jpg 300w, https:\/\/weltlaeden.de\/schongau\/wp-content\/uploads\/sites\/170\/2025\/03\/wertkarte_10-768x483.jpg 768w, https:\/\/weltlaeden.de\/schongau\/wp-content\/uploads\/sites\/170\/2025\/03\/wertkarte_10.jpg 1017w\" sizes=\"auto, (max-width: 300px) 100vw, 300px\" \/><\/h2>\n<p>Sie k\u00f6nnen Ihre Wertkarte gerne bei uns einl\u00f6sen.[\/vc_column_text][\/vc_column][\/vc_row][vc_row][vc_column][vc_column_text]<\/p>\n<h1 class=\"page-header\">Weltladen-Gutschein des Weltladen-Dachverbands<\/h1>\n<p><img loading=\"lazy\" decoding=\"async\" class=\"size-medium wp-image-1838 alignleft\" src=\"https:\/\/weltlaeden.de\/schongau\/wp-content\/uploads\/sites\/170\/2024\/03\/Gutschein-Weltladen-Dachverband-300x109.png\" alt=\"\" width=\"300\" height=\"109\" srcset=\"https:\/\/weltlaeden.de\/schongau\/wp-content\/uploads\/sites\/170\/2024\/03\/Gutschein-Weltladen-Dachverband-300x109.png 300w, https:\/\/weltlaeden.de\/schongau\/wp-content\/uploads\/sites\/170\/2024\/03\/Gutschein-Weltladen-Dachverband-1024x372.png 1024w, https:\/\/weltlaeden.de\/schongau\/wp-content\/uploads\/sites\/170\/2024\/03\/Gutschein-Weltladen-Dachverband-768x279.png 768w, https:\/\/weltlaeden.de\/schongau\/wp-content\/uploads\/sites\/170\/2024\/03\/Gutschein-Weltladen-Dachverband.png 1140w\" sizes=\"auto, (max-width: 300px) 100vw, 300px\" \/> Sie k\u00f6nnen auch gerne Ihren Gutschein des Weltladen-Dachverbands bei uns einl\u00f6sen.[\/vc_column_text][\/vc_column][\/vc_row]<\/p>\n<\/div>","protected":false},"excerpt":{"rendered":"<p>[vc_row][vc_column][vc_column_text css_animation=&#8220;fadeInLeft&#8220; css=&#8220;&#8220;] Gutschein des Weltladens Schongau Sie haben noch kein Geschenk? Wir freuen uns, wenn Sie bei uns einen Gutschein erwerben. Kommen Sie doch bei uns im Laden vorbei. Falls Sie gerade nicht in den Weltladen kommen, k\u00f6nnen Sie einen Gutschein auch\u00a0online erwerben. Akzeptanzstellen unseres Weltladen Gutscheins: Hier finden Sie eine\u00a0\u00dcbersicht,\u00a0bei welchen L\u00e4den unsere&hellip;<\/p>\n","protected":false},"author":246,"featured_media":0,"parent":217,"menu_order":1,"comment_status":"closed","ping_status":"closed","template":"","meta":{"footnotes":""},"class_list":["post-969","page","type-page","status-publish","hentry","description-off"],"yoast_head":"<!-- This site is optimized with the Yoast SEO plugin v26.8 - https:\/\/yoast.com\/product\/yoast-seo-wordpress\/ -->\n<title>Gutscheine - Weltladen Schongau<\/title>\n<meta name=\"description\" content=\"SIe haben noch kein Geschenk? Wir freuen uns, wenn Sie bei uns einen Gutschein erwerben.\" \/>\n<meta name=\"robots\" content=\"index, follow, max-snippet:-1, max-image-preview:large, max-video-preview:-1\" \/>\n<link rel=\"canonical\" href=\"https:\/\/weltlaeden.de\/schongau\/produkte\/gutscheine\/\" \/>\n<meta property=\"og:locale\" content=\"de_DE\" \/>\n<meta property=\"og:type\" content=\"article\" \/>\n<meta property=\"og:title\" content=\"Gutscheine - Weltladen Schongau\" \/>\n<meta property=\"og:description\" content=\"SIe haben noch kein Geschenk? Wir freuen uns, wenn Sie bei uns einen Gutschein erwerben.\" \/>\n<meta property=\"og:url\" content=\"https:\/\/weltlaeden.de\/schongau\/produkte\/gutscheine\/\" \/>\n<meta property=\"og:site_name\" content=\"Weltladen Schongau\" \/>\n<meta property=\"article:modified_time\" content=\"2025-03-30T05:57:28+00:00\" \/>\n<meta property=\"og:image\" content=\"https:\/\/weltlaeden.de\/schongau\/wp-content\/uploads\/sites\/170\/2021\/11\/Gutschein.png\" \/>\n\t<meta property=\"og:image:width\" content=\"465\" \/>\n\t<meta property=\"og:image:height\" content=\"478\" \/>\n\t<meta property=\"og:image:type\" content=\"image\/png\" \/>\n<meta name=\"twitter:card\" content=\"summary_large_image\" \/>\n<meta name=\"twitter:label1\" content=\"Gesch\u00e4tzte Lesezeit\" \/>\n\t<meta name=\"twitter:data1\" content=\"2\u00a0Minuten\" \/>\n<script type=\"application\/ld+json\" class=\"yoast-schema-graph\">{\"@context\":\"https:\/\/schema.org\",\"@graph\":[{\"@type\":\"WebPage\",\"@id\":\"https:\/\/weltlaeden.de\/schongau\/produkte\/gutscheine\/\",\"url\":\"https:\/\/weltlaeden.de\/schongau\/produkte\/gutscheine\/\",\"name\":\"Gutscheine - Weltladen Schongau\",\"isPartOf\":{\"@id\":\"https:\/\/weltlaeden.de\/schongau\/#website\"},\"primaryImageOfPage\":{\"@id\":\"https:\/\/weltlaeden.de\/schongau\/produkte\/gutscheine\/#primaryimage\"},\"image\":{\"@id\":\"https:\/\/weltlaeden.de\/schongau\/produkte\/gutscheine\/#primaryimage\"},\"thumbnailUrl\":\"https:\/\/weltlaeden.de\/schongau\/wp-content\/uploads\/sites\/170\/2021\/11\/Gutschein-292x300.png\",\"datePublished\":\"2021-12-04T16:47:43+00:00\",\"dateModified\":\"2025-03-30T05:57:28+00:00\",\"description\":\"SIe haben noch kein Geschenk? Wir freuen uns, wenn Sie bei uns einen Gutschein erwerben.\",\"breadcrumb\":{\"@id\":\"https:\/\/weltlaeden.de\/schongau\/produkte\/gutscheine\/#breadcrumb\"},\"inLanguage\":\"de\",\"potentialAction\":[{\"@type\":\"ReadAction\",\"target\":[\"https:\/\/weltlaeden.de\/schongau\/produkte\/gutscheine\/\"]}]},{\"@type\":\"ImageObject\",\"inLanguage\":\"de\",\"@id\":\"https:\/\/weltlaeden.de\/schongau\/produkte\/gutscheine\/#primaryimage\",\"url\":\"https:\/\/weltlaeden.de\/schongau\/wp-content\/uploads\/sites\/170\/2021\/11\/Gutschein.png\",\"contentUrl\":\"https:\/\/weltlaeden.de\/schongau\/wp-content\/uploads\/sites\/170\/2021\/11\/Gutschein.png\",\"width\":465,\"height\":478},{\"@type\":\"BreadcrumbList\",\"@id\":\"https:\/\/weltlaeden.de\/schongau\/produkte\/gutscheine\/#breadcrumb\",\"itemListElement\":[{\"@type\":\"ListItem\",\"position\":1,\"name\":\"Startseite\",\"item\":\"https:\/\/weltlaeden.de\/schongau\/\"},{\"@type\":\"ListItem\",\"position\":2,\"name\":\"Produkte\",\"item\":\"https:\/\/weltlaeden.de\/schongau\/produkte\/\"},{\"@type\":\"ListItem\",\"position\":3,\"name\":\"Gutscheine\"}]},{\"@type\":\"WebSite\",\"@id\":\"https:\/\/weltlaeden.de\/schongau\/#website\",\"url\":\"https:\/\/weltlaeden.de\/schongau\/\",\"name\":\"Weltladen Schongau\",\"description\":\"Faire Produkte seit 2003 in Schongau\",\"potentialAction\":[{\"@type\":\"SearchAction\",\"target\":{\"@type\":\"EntryPoint\",\"urlTemplate\":\"https:\/\/weltlaeden.de\/schongau\/?s={search_term_string}\"},\"query-input\":{\"@type\":\"PropertyValueSpecification\",\"valueRequired\":true,\"valueName\":\"search_term_string\"}}],\"inLanguage\":\"de\"}]}<\/script>\n<!-- \/ Yoast SEO plugin. -->","yoast_head_json":{"title":"Gutscheine - Weltladen Schongau","description":"SIe haben noch kein Geschenk? Wir freuen uns, wenn Sie bei uns einen Gutschein erwerben.","robots":{"index":"index","follow":"follow","max-snippet":"max-snippet:-1","max-image-preview":"max-image-preview:large","max-video-preview":"max-video-preview:-1"},"canonical":"https:\/\/weltlaeden.de\/schongau\/produkte\/gutscheine\/","og_locale":"de_DE","og_type":"article","og_title":"Gutscheine - Weltladen Schongau","og_description":"SIe haben noch kein Geschenk? Wir freuen uns, wenn Sie bei uns einen Gutschein erwerben.","og_url":"https:\/\/weltlaeden.de\/schongau\/produkte\/gutscheine\/","og_site_name":"Weltladen Schongau","article_modified_time":"2025-03-30T05:57:28+00:00","og_image":[{"width":465,"height":478,"url":"https:\/\/weltlaeden.de\/schongau\/wp-content\/uploads\/sites\/170\/2021\/11\/Gutschein.png","type":"image\/png"}],"twitter_card":"summary_large_image","twitter_misc":{"Gesch\u00e4tzte Lesezeit":"2\u00a0Minuten"},"schema":{"@context":"https:\/\/schema.org","@graph":[{"@type":"WebPage","@id":"https:\/\/weltlaeden.de\/schongau\/produkte\/gutscheine\/","url":"https:\/\/weltlaeden.de\/schongau\/produkte\/gutscheine\/","name":"Gutscheine - Weltladen Schongau","isPartOf":{"@id":"https:\/\/weltlaeden.de\/schongau\/#website"},"primaryImageOfPage":{"@id":"https:\/\/weltlaeden.de\/schongau\/produkte\/gutscheine\/#primaryimage"},"image":{"@id":"https:\/\/weltlaeden.de\/schongau\/produkte\/gutscheine\/#primaryimage"},"thumbnailUrl":"https:\/\/weltlaeden.de\/schongau\/wp-content\/uploads\/sites\/170\/2021\/11\/Gutschein-292x300.png","datePublished":"2021-12-04T16:47:43+00:00","dateModified":"2025-03-30T05:57:28+00:00","description":"SIe haben noch kein Geschenk? Wir freuen uns, wenn Sie bei uns einen Gutschein erwerben.","breadcrumb":{"@id":"https:\/\/weltlaeden.de\/schongau\/produkte\/gutscheine\/#breadcrumb"},"inLanguage":"de","potentialAction":[{"@type":"ReadAction","target":["https:\/\/weltlaeden.de\/schongau\/produkte\/gutscheine\/"]}]},{"@type":"ImageObject","inLanguage":"de","@id":"https:\/\/weltlaeden.de\/schongau\/produkte\/gutscheine\/#primaryimage","url":"https:\/\/weltlaeden.de\/schongau\/wp-content\/uploads\/sites\/170\/2021\/11\/Gutschein.png","contentUrl":"https:\/\/weltlaeden.de\/schongau\/wp-content\/uploads\/sites\/170\/2021\/11\/Gutschein.png","width":465,"height":478},{"@type":"BreadcrumbList","@id":"https:\/\/weltlaeden.de\/schongau\/produkte\/gutscheine\/#breadcrumb","itemListElement":[{"@type":"ListItem","position":1,"name":"Startseite","item":"https:\/\/weltlaeden.de\/schongau\/"},{"@type":"ListItem","position":2,"name":"Produkte","item":"https:\/\/weltlaeden.de\/schongau\/produkte\/"},{"@type":"ListItem","position":3,"name":"Gutscheine"}]},{"@type":"WebSite","@id":"https:\/\/weltlaeden.de\/schongau\/#website","url":"https:\/\/weltlaeden.de\/schongau\/","name":"Weltladen Schongau","description":"Faire Produkte seit 2003 in Schongau","potentialAction":[{"@type":"SearchAction","target":{"@type":"EntryPoint","urlTemplate":"https:\/\/weltlaeden.de\/schongau\/?s={search_term_string}"},"query-input":{"@type":"PropertyValueSpecification","valueRequired":true,"valueName":"search_term_string"}}],"inLanguage":"de"}]}},"_links":{"self":[{"href":"https:\/\/weltlaeden.de\/schongau\/wp-json\/wp\/v2\/pages\/969","targetHints":{"allow":["GET"]}}],"collection":[{"href":"https:\/\/weltlaeden.de\/schongau\/wp-json\/wp\/v2\/pages"}],"about":[{"href":"https:\/\/weltlaeden.de\/schongau\/wp-json\/wp\/v2\/types\/page"}],"author":[{"embeddable":true,"href":"https:\/\/weltlaeden.de\/schongau\/wp-json\/wp\/v2\/users\/246"}],"replies":[{"embeddable":true,"href":"https:\/\/weltlaeden.de\/schongau\/wp-json\/wp\/v2\/comments?post=969"}],"version-history":[{"count":7,"href":"https:\/\/weltlaeden.de\/schongau\/wp-json\/wp\/v2\/pages\/969\/revisions"}],"predecessor-version":[{"id":2065,"href":"https:\/\/weltlaeden.de\/schongau\/wp-json\/wp\/v2\/pages\/969\/revisions\/2065"}],"up":[{"embeddable":true,"href":"https:\/\/weltlaeden.de\/schongau\/wp-json\/wp\/v2\/pages\/217"}],"wp:attachment":[{"href":"https:\/\/weltlaeden.de\/schongau\/wp-json\/wp\/v2\/media?parent=969"}],"curies":[{"name":"wp","href":"https:\/\/api.w.org\/{rel}","templated":true}]}}