{"id":912,"date":"2021-12-03T18:49:03","date_gmt":"2021-12-03T17:49:03","guid":{"rendered":"https:\/\/weltlaeden.de\/schongau\/?page_id=912"},"modified":"2024-08-08T09:38:10","modified_gmt":"2024-08-08T07:38:10","slug":"unsere-stadtschokolade-und-unser-stadtkaffee","status":"publish","type":"page","link":"https:\/\/weltlaeden.de\/schongau\/produkte\/unsere-stadtschokolade-und-unser-stadtkaffee\/","title":{"rendered":"Unsere Stadtschokolade und unser Stadtkaffee"},"content":{"rendered":"<div class=\"wpb-content-wrapper\"><p>[vc_row][vc_column][vc_column_text css=&#8220;&#8220;]<b><img loading=\"lazy\" decoding=\"async\" class=\" wp-image-1897 alignleft\" src=\"https:\/\/weltlaeden.de\/schongau\/wp-content\/uploads\/sites\/170\/2024\/08\/Schongauer-Stadtschokolade-und-Kaffee-Plakat-211x300.jpg\" alt=\"\" width=\"251\" height=\"357\" srcset=\"https:\/\/weltlaeden.de\/schongau\/wp-content\/uploads\/sites\/170\/2024\/08\/Schongauer-Stadtschokolade-und-Kaffee-Plakat-211x300.jpg 211w, https:\/\/weltlaeden.de\/schongau\/wp-content\/uploads\/sites\/170\/2024\/08\/Schongauer-Stadtschokolade-und-Kaffee-Plakat.jpg 488w\" sizes=\"auto, (max-width: 251px) 100vw, 251px\" \/>Schongau, das Tor zum Pfaffenwinkel, blickt als Handelsstadt auf eine lange Geschichte zur\u00fcck. Wer sich auf einen Streifzug durch unsere Altstadt begibt, wird von den historischen Sehensw\u00fcrdigkeiten beeindruckt sein. Erleben Sie die einzigartige Atmosph\u00e4re bei einem <\/b><b>ausge<\/b><b>dehnten Stadtspaziergang durch das historische Zentrum. Alleine oder im Rahmen einer Stadtf\u00fchrung, beides lohnt sich.<\/b><\/p>\n<p>In der Altstadt finden Sie auch unseren sch\u00f6nen Weltladen. Nehmen Sie dort doch als Erinnerung unsere Stadtschokolade und unseren Stadtkaffee mit.<\/p>\n<p>Paul Ressl, Kunstschaffender aus der Nachbargemeinde Altenstadt, hat f\u00fcr uns die sommerliche Atmosph\u00e4re auf dem Marienplatz eingefangen, mit dem historischen Ballenhaus im Hintergrund.[\/vc_column_text][\/vc_column][\/vc_row][vc_row][vc_column]<div class=\"wl_einzelbild\"><p><\/p><\/div>[vc_column_text css=&#8220;&#8220;]<\/p>\n<h1 class=\"aktion\">Schongauer Stadtschokolade<\/h1>\n<p><img loading=\"lazy\" decoding=\"async\" class=\" wp-image-1742 alignleft\" src=\"https:\/\/weltlaeden.de\/schongau\/wp-content\/uploads\/sites\/170\/2023\/10\/Schongauer-Stadtschokolade-124x300.jpg\" alt=\"\" width=\"113\" height=\"274\" srcset=\"https:\/\/weltlaeden.de\/schongau\/wp-content\/uploads\/sites\/170\/2023\/10\/Schongauer-Stadtschokolade-124x300.jpg 124w, https:\/\/weltlaeden.de\/schongau\/wp-content\/uploads\/sites\/170\/2023\/10\/Schongauer-Stadtschokolade.jpg 247w\" sizes=\"auto, (max-width: 113px) 100vw, 113px\" \/><img loading=\"lazy\" decoding=\"async\" class=\" wp-image-1743 alignright\" src=\"https:\/\/weltlaeden.de\/schongau\/wp-content\/uploads\/sites\/170\/2023\/10\/Schongauer-Stadtschokolade-innen-1-300x213.jpg\" alt=\"\" width=\"313\" height=\"222\" srcset=\"https:\/\/weltlaeden.de\/schongau\/wp-content\/uploads\/sites\/170\/2023\/10\/Schongauer-Stadtschokolade-innen-1-300x213.jpg 300w, https:\/\/weltlaeden.de\/schongau\/wp-content\/uploads\/sites\/170\/2023\/10\/Schongauer-Stadtschokolade-innen-1-768x544.jpg 768w, https:\/\/weltlaeden.de\/schongau\/wp-content\/uploads\/sites\/170\/2023\/10\/Schongauer-Stadtschokolade-innen-1.jpg 835w\" sizes=\"auto, (max-width: 313px) 100vw, 313px\" \/><\/p>\n<p>F\u00fcr alle Freunde und Besucher Schongaus bietet unser Weltladen eine ganz besondere Schokolade aus hochprozentigen Edelkakaosorten an:<\/p>\n<p>Ein Schokoladenduo, das aus einer aromatischen dunklen Schokolade und einer cremigen Milchschokolade besteht.<br \/>\nKlar im Geschmack und in Bioqualit\u00e4t, steht unsere Stadtschokolade f\u00fcr s\u00fc\u00dfen und fairen Genuss.<\/p>\n<p>Auf der Innenseite der Stadtschokolade finden Sie Fotos von unserer sch\u00f6nen Altstadt.[\/vc_column_text][\/vc_column][\/vc_row][vc_row][vc_column][vc_column_text css=&#8220;&#8220;]<\/p>\n<h1>Schongauer Stadtkaffee<\/h1>\n<p><img loading=\"lazy\" decoding=\"async\" class=\" wp-image-1740 alignleft\" src=\"https:\/\/weltlaeden.de\/schongau\/wp-content\/uploads\/sites\/170\/2023\/10\/Schongauer-Stadtkaffee-154x300.jpg\" alt=\"\" width=\"178\" height=\"347\" srcset=\"https:\/\/weltlaeden.de\/schongau\/wp-content\/uploads\/sites\/170\/2023\/10\/Schongauer-Stadtkaffee-154x300.jpg 154w, https:\/\/weltlaeden.de\/schongau\/wp-content\/uploads\/sites\/170\/2023\/10\/Schongauer-Stadtkaffee.jpg 370w\" sizes=\"auto, (max-width: 178px) 100vw, 178px\" \/>Besondere Kaffeemischung von Kleinbauern in Nicaragua, \u00c4thiopien und Indonesien.<br \/>\n100% Arabica aus kontrolliert \u00f6kologischem Anbau und Fairem Handel. Eine schonende Langzeitr\u00f6stung macht diesen Kaffee besonders vertr\u00e4glich.<\/p>\n<p>Der Stadtkaffee schmeckt Schongauern wie Besuchern der sch\u00f6nen Lechstadt gleicherma\u00dfen gut und entfaltet seine ganze Bandbreite an Aromen bei 80\u00b0C hei\u00dfem Wasser.<\/p>\n<ul>\n<li>250g gemahlen<\/li>\n<li>500g Bohne<\/li>\n<\/ul>\n<p>[\/vc_column_text][\/vc_column][\/vc_row]<\/p>\n<\/div>","protected":false},"excerpt":{"rendered":"<p>[vc_row][vc_column][vc_column_text css=&#8220;&#8220;]Schongau, das Tor zum Pfaffenwinkel, blickt als Handelsstadt auf eine lange Geschichte zur\u00fcck. Wer sich auf einen Streifzug durch unsere Altstadt begibt, wird von den historischen Sehensw\u00fcrdigkeiten beeindruckt sein. Erleben Sie die einzigartige Atmosph\u00e4re bei einem ausgedehnten Stadtspaziergang durch das historische Zentrum. Alleine oder im Rahmen einer Stadtf\u00fchrung, beides lohnt sich. In der Altstadt&hellip;<\/p>\n","protected":false},"author":246,"featured_media":0,"parent":217,"menu_order":3,"comment_status":"closed","ping_status":"closed","template":"","meta":{"footnotes":""},"class_list":["post-912","page","type-page","status-publish","hentry","description-off"],"yoast_head":"<!-- This site is optimized with the Yoast SEO plugin v26.8 - https:\/\/yoast.com\/product\/yoast-seo-wordpress\/ -->\n<title>Unsere Stadtschokolade und unser Stadtkaffee - Weltladen Schongau<\/title>\n<meta name=\"description\" content=\"F\u00fcr alle Freunde und Besucher Schongaus bietet unser Weltladen eine ganz besondere Schokolade und einen guten Kaffee im Schongauer Design.\" \/>\n<meta name=\"robots\" content=\"index, follow, max-snippet:-1, max-image-preview:large, max-video-preview:-1\" \/>\n<link rel=\"canonical\" href=\"https:\/\/weltlaeden.de\/schongau\/produkte\/unsere-stadtschokolade-und-unser-stadtkaffee\/\" \/>\n<meta property=\"og:locale\" content=\"de_DE\" \/>\n<meta property=\"og:type\" content=\"article\" \/>\n<meta property=\"og:title\" content=\"Unsere Stadtschokolade und unser Stadtkaffee - Weltladen Schongau\" \/>\n<meta property=\"og:description\" content=\"F\u00fcr alle Freunde und Besucher Schongaus bietet unser Weltladen eine ganz besondere Schokolade und einen guten Kaffee im Schongauer Design.\" \/>\n<meta property=\"og:url\" content=\"https:\/\/weltlaeden.de\/schongau\/produkte\/unsere-stadtschokolade-und-unser-stadtkaffee\/\" \/>\n<meta property=\"og:site_name\" content=\"Weltladen Schongau\" \/>\n<meta property=\"article:modified_time\" content=\"2024-08-08T07:38:10+00:00\" \/>\n<meta property=\"og:image\" content=\"https:\/\/weltlaeden.de\/schongau\/wp-content\/uploads\/sites\/170\/2024\/08\/Schongauer-Stadtschokolade-und-Kaffee-Plakat-211x300.jpg\" \/>\n<meta name=\"twitter:card\" content=\"summary_large_image\" \/>\n<meta name=\"twitter:label1\" content=\"Gesch\u00e4tzte Lesezeit\" \/>\n\t<meta name=\"twitter:data1\" content=\"2\u00a0Minuten\" \/>\n<script type=\"application\/ld+json\" class=\"yoast-schema-graph\">{\"@context\":\"https:\/\/schema.org\",\"@graph\":[{\"@type\":\"WebPage\",\"@id\":\"https:\/\/weltlaeden.de\/schongau\/produkte\/unsere-stadtschokolade-und-unser-stadtkaffee\/\",\"url\":\"https:\/\/weltlaeden.de\/schongau\/produkte\/unsere-stadtschokolade-und-unser-stadtkaffee\/\",\"name\":\"Unsere Stadtschokolade und unser Stadtkaffee - Weltladen Schongau\",\"isPartOf\":{\"@id\":\"https:\/\/weltlaeden.de\/schongau\/#website\"},\"primaryImageOfPage\":{\"@id\":\"https:\/\/weltlaeden.de\/schongau\/produkte\/unsere-stadtschokolade-und-unser-stadtkaffee\/#primaryimage\"},\"image\":{\"@id\":\"https:\/\/weltlaeden.de\/schongau\/produkte\/unsere-stadtschokolade-und-unser-stadtkaffee\/#primaryimage\"},\"thumbnailUrl\":\"https:\/\/weltlaeden.de\/schongau\/wp-content\/uploads\/sites\/170\/2024\/08\/Schongauer-Stadtschokolade-und-Kaffee-Plakat-211x300.jpg\",\"datePublished\":\"2021-12-03T17:49:03+00:00\",\"dateModified\":\"2024-08-08T07:38:10+00:00\",\"description\":\"F\u00fcr alle Freunde und Besucher Schongaus bietet unser Weltladen eine ganz besondere Schokolade und einen guten Kaffee im Schongauer Design.\",\"breadcrumb\":{\"@id\":\"https:\/\/weltlaeden.de\/schongau\/produkte\/unsere-stadtschokolade-und-unser-stadtkaffee\/#breadcrumb\"},\"inLanguage\":\"de\",\"potentialAction\":[{\"@type\":\"ReadAction\",\"target\":[\"https:\/\/weltlaeden.de\/schongau\/produkte\/unsere-stadtschokolade-und-unser-stadtkaffee\/\"]}]},{\"@type\":\"ImageObject\",\"inLanguage\":\"de\",\"@id\":\"https:\/\/weltlaeden.de\/schongau\/produkte\/unsere-stadtschokolade-und-unser-stadtkaffee\/#primaryimage\",\"url\":\"https:\/\/weltlaeden.de\/schongau\/wp-content\/uploads\/sites\/170\/2024\/08\/Schongauer-Stadtschokolade-und-Kaffee-Plakat.jpg\",\"contentUrl\":\"https:\/\/weltlaeden.de\/schongau\/wp-content\/uploads\/sites\/170\/2024\/08\/Schongauer-Stadtschokolade-und-Kaffee-Plakat.jpg\",\"width\":488,\"height\":695},{\"@type\":\"BreadcrumbList\",\"@id\":\"https:\/\/weltlaeden.de\/schongau\/produkte\/unsere-stadtschokolade-und-unser-stadtkaffee\/#breadcrumb\",\"itemListElement\":[{\"@type\":\"ListItem\",\"position\":1,\"name\":\"Startseite\",\"item\":\"https:\/\/weltlaeden.de\/schongau\/\"},{\"@type\":\"ListItem\",\"position\":2,\"name\":\"Produkte\",\"item\":\"https:\/\/weltlaeden.de\/schongau\/produkte\/\"},{\"@type\":\"ListItem\",\"position\":3,\"name\":\"Unsere Stadtschokolade und unser Stadtkaffee\"}]},{\"@type\":\"WebSite\",\"@id\":\"https:\/\/weltlaeden.de\/schongau\/#website\",\"url\":\"https:\/\/weltlaeden.de\/schongau\/\",\"name\":\"Weltladen Schongau\",\"description\":\"Faire Produkte seit 2003 in Schongau\",\"potentialAction\":[{\"@type\":\"SearchAction\",\"target\":{\"@type\":\"EntryPoint\",\"urlTemplate\":\"https:\/\/weltlaeden.de\/schongau\/?s={search_term_string}\"},\"query-input\":{\"@type\":\"PropertyValueSpecification\",\"valueRequired\":true,\"valueName\":\"search_term_string\"}}],\"inLanguage\":\"de\"}]}<\/script>\n<!-- \/ Yoast SEO plugin. -->","yoast_head_json":{"title":"Unsere Stadtschokolade und unser Stadtkaffee - Weltladen Schongau","description":"F\u00fcr alle Freunde und Besucher Schongaus bietet unser Weltladen eine ganz besondere Schokolade und einen guten Kaffee im Schongauer Design.","robots":{"index":"index","follow":"follow","max-snippet":"max-snippet:-1","max-image-preview":"max-image-preview:large","max-video-preview":"max-video-preview:-1"},"canonical":"https:\/\/weltlaeden.de\/schongau\/produkte\/unsere-stadtschokolade-und-unser-stadtkaffee\/","og_locale":"de_DE","og_type":"article","og_title":"Unsere Stadtschokolade und unser Stadtkaffee - Weltladen Schongau","og_description":"F\u00fcr alle Freunde und Besucher Schongaus bietet unser Weltladen eine ganz besondere Schokolade und einen guten Kaffee im Schongauer Design.","og_url":"https:\/\/weltlaeden.de\/schongau\/produkte\/unsere-stadtschokolade-und-unser-stadtkaffee\/","og_site_name":"Weltladen Schongau","article_modified_time":"2024-08-08T07:38:10+00:00","og_image":[{"url":"https:\/\/weltlaeden.de\/schongau\/wp-content\/uploads\/sites\/170\/2024\/08\/Schongauer-Stadtschokolade-und-Kaffee-Plakat-211x300.jpg","type":"","width":"","height":""}],"twitter_card":"summary_large_image","twitter_misc":{"Gesch\u00e4tzte Lesezeit":"2\u00a0Minuten"},"schema":{"@context":"https:\/\/schema.org","@graph":[{"@type":"WebPage","@id":"https:\/\/weltlaeden.de\/schongau\/produkte\/unsere-stadtschokolade-und-unser-stadtkaffee\/","url":"https:\/\/weltlaeden.de\/schongau\/produkte\/unsere-stadtschokolade-und-unser-stadtkaffee\/","name":"Unsere Stadtschokolade und unser Stadtkaffee - Weltladen Schongau","isPartOf":{"@id":"https:\/\/weltlaeden.de\/schongau\/#website"},"primaryImageOfPage":{"@id":"https:\/\/weltlaeden.de\/schongau\/produkte\/unsere-stadtschokolade-und-unser-stadtkaffee\/#primaryimage"},"image":{"@id":"https:\/\/weltlaeden.de\/schongau\/produkte\/unsere-stadtschokolade-und-unser-stadtkaffee\/#primaryimage"},"thumbnailUrl":"https:\/\/weltlaeden.de\/schongau\/wp-content\/uploads\/sites\/170\/2024\/08\/Schongauer-Stadtschokolade-und-Kaffee-Plakat-211x300.jpg","datePublished":"2021-12-03T17:49:03+00:00","dateModified":"2024-08-08T07:38:10+00:00","description":"F\u00fcr alle Freunde und Besucher Schongaus bietet unser Weltladen eine ganz besondere Schokolade und einen guten Kaffee im Schongauer Design.","breadcrumb":{"@id":"https:\/\/weltlaeden.de\/schongau\/produkte\/unsere-stadtschokolade-und-unser-stadtkaffee\/#breadcrumb"},"inLanguage":"de","potentialAction":[{"@type":"ReadAction","target":["https:\/\/weltlaeden.de\/schongau\/produkte\/unsere-stadtschokolade-und-unser-stadtkaffee\/"]}]},{"@type":"ImageObject","inLanguage":"de","@id":"https:\/\/weltlaeden.de\/schongau\/produkte\/unsere-stadtschokolade-und-unser-stadtkaffee\/#primaryimage","url":"https:\/\/weltlaeden.de\/schongau\/wp-content\/uploads\/sites\/170\/2024\/08\/Schongauer-Stadtschokolade-und-Kaffee-Plakat.jpg","contentUrl":"https:\/\/weltlaeden.de\/schongau\/wp-content\/uploads\/sites\/170\/2024\/08\/Schongauer-Stadtschokolade-und-Kaffee-Plakat.jpg","width":488,"height":695},{"@type":"BreadcrumbList","@id":"https:\/\/weltlaeden.de\/schongau\/produkte\/unsere-stadtschokolade-und-unser-stadtkaffee\/#breadcrumb","itemListElement":[{"@type":"ListItem","position":1,"name":"Startseite","item":"https:\/\/weltlaeden.de\/schongau\/"},{"@type":"ListItem","position":2,"name":"Produkte","item":"https:\/\/weltlaeden.de\/schongau\/produkte\/"},{"@type":"ListItem","position":3,"name":"Unsere Stadtschokolade und unser Stadtkaffee"}]},{"@type":"WebSite","@id":"https:\/\/weltlaeden.de\/schongau\/#website","url":"https:\/\/weltlaeden.de\/schongau\/","name":"Weltladen Schongau","description":"Faire Produkte seit 2003 in Schongau","potentialAction":[{"@type":"SearchAction","target":{"@type":"EntryPoint","urlTemplate":"https:\/\/weltlaeden.de\/schongau\/?s={search_term_string}"},"query-input":{"@type":"PropertyValueSpecification","valueRequired":true,"valueName":"search_term_string"}}],"inLanguage":"de"}]}},"_links":{"self":[{"href":"https:\/\/weltlaeden.de\/schongau\/wp-json\/wp\/v2\/pages\/912","targetHints":{"allow":["GET"]}}],"collection":[{"href":"https:\/\/weltlaeden.de\/schongau\/wp-json\/wp\/v2\/pages"}],"about":[{"href":"https:\/\/weltlaeden.de\/schongau\/wp-json\/wp\/v2\/types\/page"}],"author":[{"embeddable":true,"href":"https:\/\/weltlaeden.de\/schongau\/wp-json\/wp\/v2\/users\/246"}],"replies":[{"embeddable":true,"href":"https:\/\/weltlaeden.de\/schongau\/wp-json\/wp\/v2\/comments?post=912"}],"version-history":[{"count":8,"href":"https:\/\/weltlaeden.de\/schongau\/wp-json\/wp\/v2\/pages\/912\/revisions"}],"predecessor-version":[{"id":1900,"href":"https:\/\/weltlaeden.de\/schongau\/wp-json\/wp\/v2\/pages\/912\/revisions\/1900"}],"up":[{"embeddable":true,"href":"https:\/\/weltlaeden.de\/schongau\/wp-json\/wp\/v2\/pages\/217"}],"wp:attachment":[{"href":"https:\/\/weltlaeden.de\/schongau\/wp-json\/wp\/v2\/media?parent=912"}],"curies":[{"name":"wp","href":"https:\/\/api.w.org\/{rel}","templated":true}]}}