{"id":844,"date":"2021-11-29T20:22:25","date_gmt":"2021-11-29T19:22:25","guid":{"rendered":"https:\/\/weltlaeden.de\/schongau\/?page_id=844"},"modified":"2023-01-19T10:22:45","modified_gmt":"2023-01-19T09:22:45","slug":"ehrenamtlich-im-weltladen","status":"publish","type":"page","link":"https:\/\/weltlaeden.de\/schongau\/ueber-uns\/ehrenamtlich-im-weltladen\/","title":{"rendered":"Ehrenamtlich im Weltladen"},"content":{"rendered":"<div class=\"wpb-content-wrapper\"><p>[vc_row][vc_column][vc_column_text]<\/p>\n<h2><strong>Warum bringen wir MitarbeiterInnen uns im Weltladen ein?<\/strong><\/h2>\n<p><img loading=\"lazy\" decoding=\"async\" class=\"size-medium wp-image-1293 alignleft\" src=\"https:\/\/weltlaeden.de\/schongau\/wp-content\/uploads\/sites\/170\/2022\/07\/Ehrenamt-macht-FreuNde-300x161.jpg\" alt=\"\" width=\"300\" height=\"161\" srcset=\"https:\/\/weltlaeden.de\/schongau\/wp-content\/uploads\/sites\/170\/2022\/07\/Ehrenamt-macht-FreuNde-300x161.jpg 300w, https:\/\/weltlaeden.de\/schongau\/wp-content\/uploads\/sites\/170\/2022\/07\/Ehrenamt-macht-FreuNde-768x412.jpg 768w, https:\/\/weltlaeden.de\/schongau\/wp-content\/uploads\/sites\/170\/2022\/07\/Ehrenamt-macht-FreuNde.jpg 795w\" sizes=\"auto, (max-width: 300px) 100vw, 300px\" \/><\/p>\n<ul>\n<li>Uns ist es wichtig an etwas Sinnvollem und Wichtigem Anteil zu haben. Hier direkt vor Ort k\u00f6nnen wir einen Beitrag f\u00fcr eine\u00a0<b>gerechtere und folglich friedlichere Welt<\/b>\u00a0leisten<\/li>\n<li>Wir sind uns sicher, dass unsere Produkte frei von ausbeuterischer Kinderarbeit sind, von hoher Qualit\u00e4t sind \u2013 zum Gro\u00dfteil in Bioqualit\u00e4t, die Produzenten gerecht entlohnt werden, eine partnerschaftliche Zusammenarbeit zwischen Produzenten und Handelsorganisationen gelebt wird<\/li>\n<li>\u00dcber die Produkte lernen wir Land und Leute, trotz der enormen Entfernungen, n\u00e4her kennen. Es werden neue und andere Perspektiven er\u00f6ffnet<\/li>\n<li>Wir sind ein nettes Team, das sich gegenseitig unterst\u00fctzt. Uns gef\u00e4llt die Abwechslung zum sonstigen Berufs- und Alltagsleben. <strong>Jeder investiert so viel Zeit, wie er erm\u00f6glichen kann.<\/strong><\/li>\n<\/ul>\n<h2><b>K\u00f6nnten Sie sich vorstellen ehrenamtlich im Weltladen t\u00e4tig zu sein?<\/b><\/h2>\n<h2><b>Dann werden Sie doch Teil unseres Verkaufsteams!<\/b><\/h2>\n<p>Wir freuen uns, wenn Sie sich mit uns f\u00fcr den Fairen Handel in Schongau engagieren!<\/p>\n<p>Sprechen Sie uns an.<\/p>\n<p><em><b>Es gr\u00fc\u00dfen Sie herzlich die MitarbeiterInnen vom Weltladen Schongau<\/b><\/em>[\/vc_column_text][\/vc_column][\/vc_row]<\/p>\n<\/div>","protected":false},"excerpt":{"rendered":"<p>[vc_row][vc_column][vc_column_text] Warum bringen wir MitarbeiterInnen uns im Weltladen ein? Uns ist es wichtig an etwas Sinnvollem und Wichtigem Anteil zu haben. Hier direkt vor Ort k\u00f6nnen wir einen Beitrag f\u00fcr eine\u00a0gerechtere und folglich friedlichere Welt\u00a0leisten Wir sind uns sicher, dass unsere Produkte frei von ausbeuterischer Kinderarbeit sind, von hoher Qualit\u00e4t sind \u2013 zum Gro\u00dfteil in&hellip;<\/p>\n","protected":false},"author":246,"featured_media":0,"parent":219,"menu_order":4,"comment_status":"closed","ping_status":"closed","template":"","meta":{"footnotes":""},"class_list":["post-844","page","type-page","status-publish","hentry","description-off"],"yoast_head":"<!-- This site is optimized with the Yoast SEO plugin v26.8 - https:\/\/yoast.com\/product\/yoast-seo-wordpress\/ -->\n<title>Ehrenamtlich im Weltladen - Weltladen Schongau<\/title>\n<meta name=\"robots\" content=\"index, follow, max-snippet:-1, max-image-preview:large, max-video-preview:-1\" \/>\n<link rel=\"canonical\" href=\"https:\/\/weltlaeden.de\/schongau\/ueber-uns\/ehrenamtlich-im-weltladen\/\" \/>\n<meta property=\"og:locale\" content=\"de_DE\" \/>\n<meta property=\"og:type\" content=\"article\" \/>\n<meta property=\"og:title\" content=\"Ehrenamtlich im Weltladen - Weltladen Schongau\" \/>\n<meta property=\"og:description\" content=\"[vc_row][vc_column][vc_column_text] Warum bringen wir MitarbeiterInnen uns im Weltladen ein? Uns ist es wichtig an etwas Sinnvollem und Wichtigem Anteil zu haben. Hier direkt vor Ort k\u00f6nnen wir einen Beitrag f\u00fcr eine\u00a0gerechtere und folglich friedlichere Welt\u00a0leisten Wir sind uns sicher, dass unsere Produkte frei von ausbeuterischer Kinderarbeit sind, von hoher Qualit\u00e4t sind \u2013 zum Gro\u00dfteil in&hellip;\" \/>\n<meta property=\"og:url\" content=\"https:\/\/weltlaeden.de\/schongau\/ueber-uns\/ehrenamtlich-im-weltladen\/\" \/>\n<meta property=\"og:site_name\" content=\"Weltladen Schongau\" \/>\n<meta property=\"article:modified_time\" content=\"2023-01-19T09:22:45+00:00\" \/>\n<meta property=\"og:image\" content=\"https:\/\/weltlaeden.de\/schongau\/wp-content\/uploads\/sites\/170\/2022\/07\/Ehrenamt-macht-FreuNde-300x161.jpg\" \/>\n<meta name=\"twitter:card\" content=\"summary_large_image\" \/>\n<meta name=\"twitter:label1\" content=\"Gesch\u00e4tzte Lesezeit\" \/>\n\t<meta name=\"twitter:data1\" content=\"2\u00a0Minuten\" \/>\n<script type=\"application\/ld+json\" class=\"yoast-schema-graph\">{\"@context\":\"https:\/\/schema.org\",\"@graph\":[{\"@type\":\"WebPage\",\"@id\":\"https:\/\/weltlaeden.de\/schongau\/ueber-uns\/ehrenamtlich-im-weltladen\/\",\"url\":\"https:\/\/weltlaeden.de\/schongau\/ueber-uns\/ehrenamtlich-im-weltladen\/\",\"name\":\"Ehrenamtlich im Weltladen - Weltladen Schongau\",\"isPartOf\":{\"@id\":\"https:\/\/weltlaeden.de\/schongau\/#website\"},\"primaryImageOfPage\":{\"@id\":\"https:\/\/weltlaeden.de\/schongau\/ueber-uns\/ehrenamtlich-im-weltladen\/#primaryimage\"},\"image\":{\"@id\":\"https:\/\/weltlaeden.de\/schongau\/ueber-uns\/ehrenamtlich-im-weltladen\/#primaryimage\"},\"thumbnailUrl\":\"https:\/\/weltlaeden.de\/schongau\/wp-content\/uploads\/sites\/170\/2022\/07\/Ehrenamt-macht-FreuNde-300x161.jpg\",\"datePublished\":\"2021-11-29T19:22:25+00:00\",\"dateModified\":\"2023-01-19T09:22:45+00:00\",\"breadcrumb\":{\"@id\":\"https:\/\/weltlaeden.de\/schongau\/ueber-uns\/ehrenamtlich-im-weltladen\/#breadcrumb\"},\"inLanguage\":\"de\",\"potentialAction\":[{\"@type\":\"ReadAction\",\"target\":[\"https:\/\/weltlaeden.de\/schongau\/ueber-uns\/ehrenamtlich-im-weltladen\/\"]}]},{\"@type\":\"ImageObject\",\"inLanguage\":\"de\",\"@id\":\"https:\/\/weltlaeden.de\/schongau\/ueber-uns\/ehrenamtlich-im-weltladen\/#primaryimage\",\"url\":\"https:\/\/weltlaeden.de\/schongau\/wp-content\/uploads\/sites\/170\/2022\/07\/Ehrenamt-macht-FreuNde.jpg\",\"contentUrl\":\"https:\/\/weltlaeden.de\/schongau\/wp-content\/uploads\/sites\/170\/2022\/07\/Ehrenamt-macht-FreuNde.jpg\",\"width\":795,\"height\":426},{\"@type\":\"BreadcrumbList\",\"@id\":\"https:\/\/weltlaeden.de\/schongau\/ueber-uns\/ehrenamtlich-im-weltladen\/#breadcrumb\",\"itemListElement\":[{\"@type\":\"ListItem\",\"position\":1,\"name\":\"Startseite\",\"item\":\"https:\/\/weltlaeden.de\/schongau\/\"},{\"@type\":\"ListItem\",\"position\":2,\"name\":\"\u00dcber uns\",\"item\":\"https:\/\/weltlaeden.de\/schongau\/ueber-uns\/\"},{\"@type\":\"ListItem\",\"position\":3,\"name\":\"Ehrenamtlich im Weltladen\"}]},{\"@type\":\"WebSite\",\"@id\":\"https:\/\/weltlaeden.de\/schongau\/#website\",\"url\":\"https:\/\/weltlaeden.de\/schongau\/\",\"name\":\"Weltladen Schongau\",\"description\":\"Faire Produkte seit 2003 in Schongau\",\"potentialAction\":[{\"@type\":\"SearchAction\",\"target\":{\"@type\":\"EntryPoint\",\"urlTemplate\":\"https:\/\/weltlaeden.de\/schongau\/?s={search_term_string}\"},\"query-input\":{\"@type\":\"PropertyValueSpecification\",\"valueRequired\":true,\"valueName\":\"search_term_string\"}}],\"inLanguage\":\"de\"}]}<\/script>\n<!-- \/ Yoast SEO plugin. -->","yoast_head_json":{"title":"Ehrenamtlich im Weltladen - Weltladen Schongau","robots":{"index":"index","follow":"follow","max-snippet":"max-snippet:-1","max-image-preview":"max-image-preview:large","max-video-preview":"max-video-preview:-1"},"canonical":"https:\/\/weltlaeden.de\/schongau\/ueber-uns\/ehrenamtlich-im-weltladen\/","og_locale":"de_DE","og_type":"article","og_title":"Ehrenamtlich im Weltladen - Weltladen Schongau","og_description":"[vc_row][vc_column][vc_column_text] Warum bringen wir MitarbeiterInnen uns im Weltladen ein? Uns ist es wichtig an etwas Sinnvollem und Wichtigem Anteil zu haben. Hier direkt vor Ort k\u00f6nnen wir einen Beitrag f\u00fcr eine\u00a0gerechtere und folglich friedlichere Welt\u00a0leisten Wir sind uns sicher, dass unsere Produkte frei von ausbeuterischer Kinderarbeit sind, von hoher Qualit\u00e4t sind \u2013 zum Gro\u00dfteil in&hellip;","og_url":"https:\/\/weltlaeden.de\/schongau\/ueber-uns\/ehrenamtlich-im-weltladen\/","og_site_name":"Weltladen Schongau","article_modified_time":"2023-01-19T09:22:45+00:00","og_image":[{"url":"https:\/\/weltlaeden.de\/schongau\/wp-content\/uploads\/sites\/170\/2022\/07\/Ehrenamt-macht-FreuNde-300x161.jpg","type":"","width":"","height":""}],"twitter_card":"summary_large_image","twitter_misc":{"Gesch\u00e4tzte Lesezeit":"2\u00a0Minuten"},"schema":{"@context":"https:\/\/schema.org","@graph":[{"@type":"WebPage","@id":"https:\/\/weltlaeden.de\/schongau\/ueber-uns\/ehrenamtlich-im-weltladen\/","url":"https:\/\/weltlaeden.de\/schongau\/ueber-uns\/ehrenamtlich-im-weltladen\/","name":"Ehrenamtlich im Weltladen - Weltladen Schongau","isPartOf":{"@id":"https:\/\/weltlaeden.de\/schongau\/#website"},"primaryImageOfPage":{"@id":"https:\/\/weltlaeden.de\/schongau\/ueber-uns\/ehrenamtlich-im-weltladen\/#primaryimage"},"image":{"@id":"https:\/\/weltlaeden.de\/schongau\/ueber-uns\/ehrenamtlich-im-weltladen\/#primaryimage"},"thumbnailUrl":"https:\/\/weltlaeden.de\/schongau\/wp-content\/uploads\/sites\/170\/2022\/07\/Ehrenamt-macht-FreuNde-300x161.jpg","datePublished":"2021-11-29T19:22:25+00:00","dateModified":"2023-01-19T09:22:45+00:00","breadcrumb":{"@id":"https:\/\/weltlaeden.de\/schongau\/ueber-uns\/ehrenamtlich-im-weltladen\/#breadcrumb"},"inLanguage":"de","potentialAction":[{"@type":"ReadAction","target":["https:\/\/weltlaeden.de\/schongau\/ueber-uns\/ehrenamtlich-im-weltladen\/"]}]},{"@type":"ImageObject","inLanguage":"de","@id":"https:\/\/weltlaeden.de\/schongau\/ueber-uns\/ehrenamtlich-im-weltladen\/#primaryimage","url":"https:\/\/weltlaeden.de\/schongau\/wp-content\/uploads\/sites\/170\/2022\/07\/Ehrenamt-macht-FreuNde.jpg","contentUrl":"https:\/\/weltlaeden.de\/schongau\/wp-content\/uploads\/sites\/170\/2022\/07\/Ehrenamt-macht-FreuNde.jpg","width":795,"height":426},{"@type":"BreadcrumbList","@id":"https:\/\/weltlaeden.de\/schongau\/ueber-uns\/ehrenamtlich-im-weltladen\/#breadcrumb","itemListElement":[{"@type":"ListItem","position":1,"name":"Startseite","item":"https:\/\/weltlaeden.de\/schongau\/"},{"@type":"ListItem","position":2,"name":"\u00dcber uns","item":"https:\/\/weltlaeden.de\/schongau\/ueber-uns\/"},{"@type":"ListItem","position":3,"name":"Ehrenamtlich im Weltladen"}]},{"@type":"WebSite","@id":"https:\/\/weltlaeden.de\/schongau\/#website","url":"https:\/\/weltlaeden.de\/schongau\/","name":"Weltladen Schongau","description":"Faire Produkte seit 2003 in Schongau","potentialAction":[{"@type":"SearchAction","target":{"@type":"EntryPoint","urlTemplate":"https:\/\/weltlaeden.de\/schongau\/?s={search_term_string}"},"query-input":{"@type":"PropertyValueSpecification","valueRequired":true,"valueName":"search_term_string"}}],"inLanguage":"de"}]}},"_links":{"self":[{"href":"https:\/\/weltlaeden.de\/schongau\/wp-json\/wp\/v2\/pages\/844","targetHints":{"allow":["GET"]}}],"collection":[{"href":"https:\/\/weltlaeden.de\/schongau\/wp-json\/wp\/v2\/pages"}],"about":[{"href":"https:\/\/weltlaeden.de\/schongau\/wp-json\/wp\/v2\/types\/page"}],"author":[{"embeddable":true,"href":"https:\/\/weltlaeden.de\/schongau\/wp-json\/wp\/v2\/users\/246"}],"replies":[{"embeddable":true,"href":"https:\/\/weltlaeden.de\/schongau\/wp-json\/wp\/v2\/comments?post=844"}],"version-history":[{"count":7,"href":"https:\/\/weltlaeden.de\/schongau\/wp-json\/wp\/v2\/pages\/844\/revisions"}],"predecessor-version":[{"id":1294,"href":"https:\/\/weltlaeden.de\/schongau\/wp-json\/wp\/v2\/pages\/844\/revisions\/1294"}],"up":[{"embeddable":true,"href":"https:\/\/weltlaeden.de\/schongau\/wp-json\/wp\/v2\/pages\/219"}],"wp:attachment":[{"href":"https:\/\/weltlaeden.de\/schongau\/wp-json\/wp\/v2\/media?parent=844"}],"curies":[{"name":"wp","href":"https:\/\/api.w.org\/{rel}","templated":true}]}}