{"id":799,"date":"2021-11-26T15:37:55","date_gmt":"2021-11-26T14:37:55","guid":{"rendered":"https:\/\/weltlaeden.de\/schongau\/?page_id=799"},"modified":"2025-07-02T15:18:21","modified_gmt":"2025-07-02T13:18:21","slug":"bildungsangebot","status":"publish","type":"page","link":"https:\/\/weltlaeden.de\/schongau\/ueber-uns\/bildungsangebot\/","title":{"rendered":"Bildungsangebot"},"content":{"rendered":"<div class=\"wpb-content-wrapper\"><p>[vc_row][vc_column]<div class=\"wl_einzelbild\"><p><\/p><\/div>[vc_column_text css=&#8220;&#8220;]<\/p>\n<h1>F\u00fchrungen im Weltladen<\/h1>\n<p>Wir veranstalten gerne F\u00fchrungen im Weltladen, zum Beispiel f\u00fcr Schulklassen, Konfirmations-, Firm- und Kommuniongruppen.[\/vc_column_text][\/vc_column][\/vc_row][vc_row][vc_column][vc_column_text css=&#8220;&#8220;]<\/p>\n<h1>Bildungsveranstaltung in Schule oder Kindergarten<\/h1>\n<p>Sie haben Interesse an einer Bildungsveranstaltung in Schule oder Kindergarten? Sprechen Sie uns gerne an!<br \/>\nHier erhalten Sie einen Einblick in unser Workshop-Angebot:<\/p>\n<p><strong><a href=\"https:\/\/weltlaeden.de\/schongau\/wp-content\/uploads\/sites\/170\/2025\/03\/Schulen-Workshops-Fairer-Handel-Angebot-Weltladen-Schongau.pdf\" target=\"_blank\" rel=\"noopener\">Workshops zum fairen Handel<\/a><\/strong><\/p>\n<p><strong><a href=\"https:\/\/weltlaeden.de\/schongau\/wp-content\/uploads\/sites\/170\/2024\/08\/Workshopangebot-Nachhaltig-und-fair-in-die-Zukunft.pdf\" target=\"_blank\" rel=\"noopener\">Workshop Nachhaltig und fair in die Zukunft (ab 15 Jahre)<\/a><\/strong><\/p>\n<hr \/>\n<p>Seit 2017 gibt es zudem die Regionale Bildungsstelle <strong>&#8222;Bildung trifft Entwicklung&#8220;<\/strong> in Bayern, mit Sitz in Augsburg. BtE vermittelt ReferentInnen f\u00fcr Bildungsveranstaltungen des\u00a0<strong><a href=\"http:\/\/www.eineweltnetzwerkbayern.de\/globales-lernen.shtml\" target=\"_blank\" rel=\"noopener\">Globalen Lernens<\/a><\/strong>\u00a0an Kinderg\u00e4rten, Schulen, Hochschulen, Einrichtungen der au\u00dferschulischen Jugend- und Erwachsenenbildung sowie an weitere interessierte Gruppen.<br \/>\nDie ReferentInnen haben alle mindestens ein Jahr in der Entwicklungszusammenarbeit oder in internationalen Freiwilligendiensten gearbeitet oder sind MigrantInnen aus L\u00e4ndern des Globalen S\u00fcdens. Durch ihre pers\u00f6nlichen Erfahrungen geben sie authentische Einblicke in weltweite Zusammenh\u00e4nge und erm\u00f6glichen so einen Perspektivenwechsel auf die Themen und Herausforderungen der Globalisierung.<br \/>\nF\u00fcr den Veranstalter fallen nur geringe Kosten an.<br \/>\nN\u00e4here Infos finden Sie auf der Homepage von <strong><a href=\"http:\/\/www.bte-bayern.de\/\" target=\"_blank\" rel=\"noopener\">BtE.<\/a> <\/strong>Bitte nehmen Sie bei Interesse direkt mit BtE Kontakt auf.[\/vc_column_text][\/vc_column][\/vc_row][vc_row][vc_column][vc_column_text css=&#8220;&#8220;]<\/p>\n<h1>Vortr\u00e4ge und Veranstaltungen<\/h1>\n<p>Wir kommen gerne zu Ihnen f\u00fcr einen Vortrag \u00fcber Themen mit Bezug zum Fairen Handel.<\/p>\n<p>Ein bis zweimal im Jahr organisieren wir Vortr\u00e4ge und Veranstaltungen.<br \/>\nInformationen dazu finden Sie rechtzeitig auf unserer Homepage[\/vc_column_text][vc_separator css=&#8220;&#8220;][vc_column_text css=&#8220;&#8220;]<\/p>\n<h3>Zur Terminabsprache kontaktieren sie uns bitte fr\u00fchzeitig am besten per <a href=\"weltladenschongau@gmail.com\">E-Mail<\/a><\/h3>\n<p>[\/vc_column_text][vc_separator][\/vc_column][\/vc_row][vc_row][vc_column][vc_column_text css=&#8220;&#8220;]<\/p>\n<div class=\"entry-content\">\n<h1>Interaktiver Stadtrundgang<\/h1>\n<p>Entdecken Sie mit Kuh Elsa die Altstadt von Schongau auf einer interaktiven Tour und erfahren Sie, wie sich wichtige Orte im Laufe der Geschichte ver\u00e4ndert haben. Elsa zeigt historische Fakten mit aktuellen Fragen zu Nachhaltigkeit und Gemeinwohl.<\/p>\n<p><b>Ziel:<\/b> Sie lernen Schongau aus einer neuen Perspektive kennen \u2013 als Stadt mit einer reichen Vergangenheit und einer nachhaltigen Zukunft!<\/p>\n<p>Anleitung:<\/p>\n<ol>\n<li>Installieren Sie die App Actionbound (dies ist ein interaktiver Guide f\u00fcr Smartphones und Tablets \u2013 kann in jeder Stadt genutzt werden)<\/li>\n<li>\u00d6ffnen Sie die App und suchen Sie den Bound \u201amit Kuh Elsa durch Schongau\u2018<\/li>\n<li>Starten Sie den Bound (er beginnt am Tourismusb\u00fcro und endet auf dem Marienplatz in Schongau)<\/li>\n<\/ol>\n<p>Der Stadtrundgang dauert ca. 80 Minuten, ist ca. 1,5 km lang und f\u00fchrt auch zum Weltladen.<br \/>\n<a href=\"https:\/\/weltlaeden.de\/schongau\/wp-content\/uploads\/sites\/170\/2025\/07\/Flyer-Actionbound-mit-Kuh-Elsa-durch-Schongau.pdf\" target=\"_blank\" rel=\"noopener\">Flyer zum herunterladen<\/a>.<\/p>\n<p>[Ein Actionbound entwickelt von der Gemeinwohl-\u00d6konomie AmmerLechLand in Zusammenarbeit mit der Touristinformation Schongau]<\/p>\n<\/div>\n<p>[\/vc_column_text][\/vc_column][\/vc_row]<\/p>\n<\/div>","protected":false},"excerpt":{"rendered":"<p>[vc_row][vc_column][vc_column_text css=&#8220;&#8220;] F\u00fchrungen im Weltladen Wir veranstalten gerne F\u00fchrungen im Weltladen, zum Beispiel f\u00fcr Schulklassen, Konfirmations-, Firm- und Kommuniongruppen.[\/vc_column_text][\/vc_column][\/vc_row][vc_row][vc_column][vc_column_text css=&#8220;&#8220;] Bildungsveranstaltung in Schule oder Kindergarten Sie haben Interesse an einer Bildungsveranstaltung in Schule oder Kindergarten? Sprechen Sie uns gerne an! Hier erhalten Sie einen Einblick in unser Workshop-Angebot: Workshops zum fairen Handel Workshop Nachhaltig und&hellip;<\/p>\n","protected":false},"author":246,"featured_media":0,"parent":219,"menu_order":1,"comment_status":"closed","ping_status":"closed","template":"","meta":{"footnotes":""},"class_list":["post-799","page","type-page","status-publish","hentry","description-off"],"yoast_head":"<!-- This site is optimized with the Yoast SEO plugin v26.8 - https:\/\/yoast.com\/product\/yoast-seo-wordpress\/ -->\n<title>Bildungsangebot - Weltladen Schongau<\/title>\n<meta name=\"robots\" content=\"index, follow, max-snippet:-1, max-image-preview:large, max-video-preview:-1\" \/>\n<link rel=\"canonical\" href=\"https:\/\/weltlaeden.de\/schongau\/ueber-uns\/bildungsangebot\/\" \/>\n<meta property=\"og:locale\" content=\"de_DE\" \/>\n<meta property=\"og:type\" content=\"article\" \/>\n<meta property=\"og:title\" content=\"Bildungsangebot - Weltladen Schongau\" \/>\n<meta property=\"og:description\" content=\"[vc_row][vc_column][vc_column_text css=&#8220;&#8220;] F\u00fchrungen im Weltladen Wir veranstalten gerne F\u00fchrungen im Weltladen, zum Beispiel f\u00fcr Schulklassen, Konfirmations-, Firm- und Kommuniongruppen.[\/vc_column_text][\/vc_column][\/vc_row][vc_row][vc_column][vc_column_text css=&#8220;&#8220;] Bildungsveranstaltung in Schule oder Kindergarten Sie haben Interesse an einer Bildungsveranstaltung in Schule oder Kindergarten? Sprechen Sie uns gerne an! Hier erhalten Sie einen Einblick in unser Workshop-Angebot: Workshops zum fairen Handel Workshop Nachhaltig und&hellip;\" \/>\n<meta property=\"og:url\" content=\"https:\/\/weltlaeden.de\/schongau\/ueber-uns\/bildungsangebot\/\" \/>\n<meta property=\"og:site_name\" content=\"Weltladen Schongau\" \/>\n<meta property=\"article:modified_time\" content=\"2025-07-02T13:18:21+00:00\" \/>\n<meta name=\"twitter:card\" content=\"summary_large_image\" \/>\n<meta name=\"twitter:label1\" content=\"Gesch\u00e4tzte Lesezeit\" \/>\n\t<meta name=\"twitter:data1\" content=\"3\u00a0Minuten\" \/>\n<script type=\"application\/ld+json\" class=\"yoast-schema-graph\">{\"@context\":\"https:\/\/schema.org\",\"@graph\":[{\"@type\":\"WebPage\",\"@id\":\"https:\/\/weltlaeden.de\/schongau\/ueber-uns\/bildungsangebot\/\",\"url\":\"https:\/\/weltlaeden.de\/schongau\/ueber-uns\/bildungsangebot\/\",\"name\":\"Bildungsangebot - Weltladen Schongau\",\"isPartOf\":{\"@id\":\"https:\/\/weltlaeden.de\/schongau\/#website\"},\"datePublished\":\"2021-11-26T14:37:55+00:00\",\"dateModified\":\"2025-07-02T13:18:21+00:00\",\"breadcrumb\":{\"@id\":\"https:\/\/weltlaeden.de\/schongau\/ueber-uns\/bildungsangebot\/#breadcrumb\"},\"inLanguage\":\"de\",\"potentialAction\":[{\"@type\":\"ReadAction\",\"target\":[\"https:\/\/weltlaeden.de\/schongau\/ueber-uns\/bildungsangebot\/\"]}]},{\"@type\":\"BreadcrumbList\",\"@id\":\"https:\/\/weltlaeden.de\/schongau\/ueber-uns\/bildungsangebot\/#breadcrumb\",\"itemListElement\":[{\"@type\":\"ListItem\",\"position\":1,\"name\":\"Startseite\",\"item\":\"https:\/\/weltlaeden.de\/schongau\/\"},{\"@type\":\"ListItem\",\"position\":2,\"name\":\"\u00dcber uns\",\"item\":\"https:\/\/weltlaeden.de\/schongau\/ueber-uns\/\"},{\"@type\":\"ListItem\",\"position\":3,\"name\":\"Bildungsangebot\"}]},{\"@type\":\"WebSite\",\"@id\":\"https:\/\/weltlaeden.de\/schongau\/#website\",\"url\":\"https:\/\/weltlaeden.de\/schongau\/\",\"name\":\"Weltladen Schongau\",\"description\":\"Faire Produkte seit 2003 in Schongau\",\"potentialAction\":[{\"@type\":\"SearchAction\",\"target\":{\"@type\":\"EntryPoint\",\"urlTemplate\":\"https:\/\/weltlaeden.de\/schongau\/?s={search_term_string}\"},\"query-input\":{\"@type\":\"PropertyValueSpecification\",\"valueRequired\":true,\"valueName\":\"search_term_string\"}}],\"inLanguage\":\"de\"}]}<\/script>\n<!-- \/ Yoast SEO plugin. -->","yoast_head_json":{"title":"Bildungsangebot - Weltladen Schongau","robots":{"index":"index","follow":"follow","max-snippet":"max-snippet:-1","max-image-preview":"max-image-preview:large","max-video-preview":"max-video-preview:-1"},"canonical":"https:\/\/weltlaeden.de\/schongau\/ueber-uns\/bildungsangebot\/","og_locale":"de_DE","og_type":"article","og_title":"Bildungsangebot - Weltladen Schongau","og_description":"[vc_row][vc_column][vc_column_text css=&#8220;&#8220;] F\u00fchrungen im Weltladen Wir veranstalten gerne F\u00fchrungen im Weltladen, zum Beispiel f\u00fcr Schulklassen, Konfirmations-, Firm- und Kommuniongruppen.[\/vc_column_text][\/vc_column][\/vc_row][vc_row][vc_column][vc_column_text css=&#8220;&#8220;] Bildungsveranstaltung in Schule oder Kindergarten Sie haben Interesse an einer Bildungsveranstaltung in Schule oder Kindergarten? Sprechen Sie uns gerne an! Hier erhalten Sie einen Einblick in unser Workshop-Angebot: Workshops zum fairen Handel Workshop Nachhaltig und&hellip;","og_url":"https:\/\/weltlaeden.de\/schongau\/ueber-uns\/bildungsangebot\/","og_site_name":"Weltladen Schongau","article_modified_time":"2025-07-02T13:18:21+00:00","twitter_card":"summary_large_image","twitter_misc":{"Gesch\u00e4tzte Lesezeit":"3\u00a0Minuten"},"schema":{"@context":"https:\/\/schema.org","@graph":[{"@type":"WebPage","@id":"https:\/\/weltlaeden.de\/schongau\/ueber-uns\/bildungsangebot\/","url":"https:\/\/weltlaeden.de\/schongau\/ueber-uns\/bildungsangebot\/","name":"Bildungsangebot - Weltladen Schongau","isPartOf":{"@id":"https:\/\/weltlaeden.de\/schongau\/#website"},"datePublished":"2021-11-26T14:37:55+00:00","dateModified":"2025-07-02T13:18:21+00:00","breadcrumb":{"@id":"https:\/\/weltlaeden.de\/schongau\/ueber-uns\/bildungsangebot\/#breadcrumb"},"inLanguage":"de","potentialAction":[{"@type":"ReadAction","target":["https:\/\/weltlaeden.de\/schongau\/ueber-uns\/bildungsangebot\/"]}]},{"@type":"BreadcrumbList","@id":"https:\/\/weltlaeden.de\/schongau\/ueber-uns\/bildungsangebot\/#breadcrumb","itemListElement":[{"@type":"ListItem","position":1,"name":"Startseite","item":"https:\/\/weltlaeden.de\/schongau\/"},{"@type":"ListItem","position":2,"name":"\u00dcber uns","item":"https:\/\/weltlaeden.de\/schongau\/ueber-uns\/"},{"@type":"ListItem","position":3,"name":"Bildungsangebot"}]},{"@type":"WebSite","@id":"https:\/\/weltlaeden.de\/schongau\/#website","url":"https:\/\/weltlaeden.de\/schongau\/","name":"Weltladen Schongau","description":"Faire Produkte seit 2003 in Schongau","potentialAction":[{"@type":"SearchAction","target":{"@type":"EntryPoint","urlTemplate":"https:\/\/weltlaeden.de\/schongau\/?s={search_term_string}"},"query-input":{"@type":"PropertyValueSpecification","valueRequired":true,"valueName":"search_term_string"}}],"inLanguage":"de"}]}},"_links":{"self":[{"href":"https:\/\/weltlaeden.de\/schongau\/wp-json\/wp\/v2\/pages\/799","targetHints":{"allow":["GET"]}}],"collection":[{"href":"https:\/\/weltlaeden.de\/schongau\/wp-json\/wp\/v2\/pages"}],"about":[{"href":"https:\/\/weltlaeden.de\/schongau\/wp-json\/wp\/v2\/types\/page"}],"author":[{"embeddable":true,"href":"https:\/\/weltlaeden.de\/schongau\/wp-json\/wp\/v2\/users\/246"}],"replies":[{"embeddable":true,"href":"https:\/\/weltlaeden.de\/schongau\/wp-json\/wp\/v2\/comments?post=799"}],"version-history":[{"count":17,"href":"https:\/\/weltlaeden.de\/schongau\/wp-json\/wp\/v2\/pages\/799\/revisions"}],"predecessor-version":[{"id":2126,"href":"https:\/\/weltlaeden.de\/schongau\/wp-json\/wp\/v2\/pages\/799\/revisions\/2126"}],"up":[{"embeddable":true,"href":"https:\/\/weltlaeden.de\/schongau\/wp-json\/wp\/v2\/pages\/219"}],"wp:attachment":[{"href":"https:\/\/weltlaeden.de\/schongau\/wp-json\/wp\/v2\/media?parent=799"}],"curies":[{"name":"wp","href":"https:\/\/api.w.org\/{rel}","templated":true}]}}