{"id":219,"date":"2016-10-28T13:34:47","date_gmt":"2016-10-28T11:34:47","guid":{"rendered":"https:\/\/wl.heimpixel.de\/vorlage\/ueber-uns\/"},"modified":"2024-04-22T23:39:09","modified_gmt":"2024-04-22T21:39:09","slug":"ueber-uns","status":"publish","type":"page","link":"https:\/\/weltlaeden.de\/schongau\/ueber-uns\/","title":{"rendered":"\u00dcber uns"},"content":{"rendered":"<div class=\"wpb-content-wrapper\"><p>[vc_row][vc_column][vc_video link=&#8220;https:\/\/www.youtube.com\/watch?v=fhp8NIulfjc&#8220; el_width=&#8220;60&#8243; align=&#8220;center&#8220;][\/vc_column][\/vc_row][vc_row][vc_column][vc_empty_space][vc_column_text]<\/p>\n<h1>\u00dcber den Weltladen Schongau<\/h1>\n<p>[\/vc_column_text][vc_column_text]Seit 2003 gibt es unseren Weltladen in Schongau. Wir bieten hochwertige <a href=\"https:\/\/weltlaeden.de\/schongau\/produkte\/\">Produkte<\/a> wie Kaffee, Tee, Schokolade, Gew\u00fcrze, die in unserer Region nicht angebaut werden k\u00f6nnen. Zudem haben wir N\u00fctzliches und Kunsthandwerk aus Projekten des globalen S\u00fcdens in unserem Sortiment, bei denen sichergestellt ist, dass von der Produzentenorganisation bis ins P\u00e4ckchen Menschenrechte und gerechter Lohn eingehalten werden.[\/vc_column_text][vc_column_text]<\/p>\n<h1>Warum wir unser Angebot empfehlen<\/h1>\n<ul>\n<li>Sie finden bei uns <b>ausschlie\u00dflich<\/b><b> fair <\/b><b>gehandelte<\/b> <b>Lebensmittel<\/b>, vieles davon auch <b>aus<\/b> <b>biologischem<\/b> <b>Anbau<\/b>.<br \/>\nDas <b>Kunsthandwerk wird<\/b><b>\u00a0<\/b><b>handgemacht in<\/b> kleinen Produktionsst\u00e4tten und Gemeinschaftsprojekten. Viele Produkte tragen dazu bei, so wenig Ressourcen wie m\u00f6glich zu verbrauchen (z.B. <strong>aus recycelten Materialien<\/strong>).<\/li>\n<li>Bei unseren Lieferanten wird sichergestellt, dass die <strong>Kinder zur Schule gehen<\/strong> k\u00f6nnen.<\/li>\n<li>Alle Mitarbeiter*innen <b>spenden<\/b> <b>ihre<\/b> <b>Arbeitszeit<\/b> <b>als<\/b> <b>soziales<\/b><b> und <\/b><b>faires<\/b><b> Engagement<\/b>, um ein wenig mehr Ausgeglichenheit in die Welt zu bringen und auch benachteiligten Menschen eine Chance zu geben.<\/li>\n<li>Mit unserem <strong>Schongauer Stadtkaffee<\/strong> und unserer <strong>Schongauer Stadtschokolade<\/strong> bieten wir Ihnen einen regionalen Bezug.<\/li>\n<li>Unser sch\u00f6ner <b>Laden in der Schongauer Altstadt<\/b> ist f\u00fcr Einheimische und G\u00e4ste gut zu Fu\u00df und mit dem Rad erreichbar. Falls Sie mit dem Auto kommen sollten, ist der Parkplatz am B\u00fcrgermeister Sch\u00e4gger Platz gleich um die Ecke.<\/li>\n<\/ul>\n<p>[\/vc_column_text][\/vc_column][\/vc_row][vc_row][vc_column][vc_empty_space][vc_column_text]<\/p>\n<h1>Mitmachen im Weltladen Schongau<\/h1>\n<p>[\/vc_column_text][vc_column_text]<b>K\u00f6nnten Sie sich vorstellen ehrenamtlich im Weltladen t\u00e4tig zu sein?<\/b><\/p>\n<p><b>Dann werden Sie doch Teil unseres <a href=\"https:\/\/weltlaeden.de\/schongau\/ueber-uns\/ehrenamtlich-im-weltladen\/\" target=\"_blank\" rel=\"noopener\">Verkaufsteams<\/a>!<\/b><\/p>\n<p>Wir freuen uns, wenn Sie sich mit uns f\u00fcr den Fairen Handel in Schongau engagieren!<\/p>\n<p>Sprechen Sie uns an.<\/p>\n<p><strong>Ansprechpartnerin:<\/strong><br \/>\nElke Schaur<br \/>\nKontakt \u00fcber Weltladen Schongau (vor Ort, telefonisch, per <a href=\"mailto:weltladenschongau@gmail.com\">Email<\/a>)<\/p>\n<p><strong>Wir freuen uns auf Sie!<\/strong>[\/vc_column_text][\/vc_column][\/vc_row]<\/p>\n<\/div>","protected":false},"excerpt":{"rendered":"<p>[vc_row][vc_column][vc_video link=&#8220;https:\/\/www.youtube.com\/watch?v=fhp8NIulfjc&#8220; el_width=&#8220;60&#8243; align=&#8220;center&#8220;][\/vc_column][\/vc_row][vc_row][vc_column][vc_empty_space][vc_column_text] \u00dcber den Weltladen Schongau [\/vc_column_text][vc_column_text]Seit 2003 gibt es unseren Weltladen in Schongau. Wir bieten hochwertige Produkte wie Kaffee, Tee, Schokolade, Gew\u00fcrze, die in unserer Region nicht angebaut werden k\u00f6nnen. Zudem haben wir N\u00fctzliches und Kunsthandwerk aus Projekten des globalen S\u00fcdens in unserem Sortiment, bei denen sichergestellt ist, dass von der Produzentenorganisation&hellip;<\/p>\n","protected":false},"author":1,"featured_media":0,"parent":0,"menu_order":9,"comment_status":"closed","ping_status":"closed","template":"","meta":{"footnotes":""},"class_list":["post-219","page","type-page","status-publish","hentry","description-off"],"yoast_head":"<!-- This site is optimized with the Yoast SEO plugin v26.8 - https:\/\/yoast.com\/product\/yoast-seo-wordpress\/ -->\n<title>\u00dcber uns - Weltladen Schongau<\/title>\n<meta name=\"description\" content=\"Faire Produkte des globalen S\u00fcdens im Herzen Schongaus. Lebensmittel, meist in Bioqualit\u00e4t und sch\u00f6nes Kunsthandwerk - f\u00fcr sich selbst und zum Verschenken.\" \/>\n<meta name=\"robots\" content=\"index, follow, max-snippet:-1, max-image-preview:large, max-video-preview:-1\" \/>\n<link rel=\"canonical\" href=\"https:\/\/weltlaeden.de\/schongau\/ueber-uns\/\" \/>\n<meta property=\"og:locale\" content=\"de_DE\" \/>\n<meta property=\"og:type\" content=\"article\" \/>\n<meta property=\"og:title\" content=\"\u00dcber uns - Weltladen Schongau\" \/>\n<meta property=\"og:description\" content=\"Faire Produkte des globalen S\u00fcdens im Herzen Schongaus. Lebensmittel, meist in Bioqualit\u00e4t und sch\u00f6nes Kunsthandwerk - f\u00fcr sich selbst und zum Verschenken.\" \/>\n<meta property=\"og:url\" content=\"https:\/\/weltlaeden.de\/schongau\/ueber-uns\/\" \/>\n<meta property=\"og:site_name\" content=\"Weltladen Schongau\" \/>\n<meta property=\"article:modified_time\" content=\"2024-04-22T21:39:09+00:00\" \/>\n<meta name=\"twitter:card\" content=\"summary_large_image\" \/>\n<meta name=\"twitter:label1\" content=\"Gesch\u00e4tzte Lesezeit\" \/>\n\t<meta name=\"twitter:data1\" content=\"2\u00a0Minuten\" \/>\n<script type=\"application\/ld+json\" class=\"yoast-schema-graph\">{\"@context\":\"https:\/\/schema.org\",\"@graph\":[{\"@type\":\"WebPage\",\"@id\":\"https:\/\/weltlaeden.de\/schongau\/ueber-uns\/\",\"url\":\"https:\/\/weltlaeden.de\/schongau\/ueber-uns\/\",\"name\":\"\u00dcber uns - Weltladen Schongau\",\"isPartOf\":{\"@id\":\"https:\/\/weltlaeden.de\/schongau\/#website\"},\"datePublished\":\"2016-10-28T11:34:47+00:00\",\"dateModified\":\"2024-04-22T21:39:09+00:00\",\"description\":\"Faire Produkte des globalen S\u00fcdens im Herzen Schongaus. Lebensmittel, meist in Bioqualit\u00e4t und sch\u00f6nes Kunsthandwerk - f\u00fcr sich selbst und zum Verschenken.\",\"breadcrumb\":{\"@id\":\"https:\/\/weltlaeden.de\/schongau\/ueber-uns\/#breadcrumb\"},\"inLanguage\":\"de\",\"potentialAction\":[{\"@type\":\"ReadAction\",\"target\":[\"https:\/\/weltlaeden.de\/schongau\/ueber-uns\/\"]}]},{\"@type\":\"BreadcrumbList\",\"@id\":\"https:\/\/weltlaeden.de\/schongau\/ueber-uns\/#breadcrumb\",\"itemListElement\":[{\"@type\":\"ListItem\",\"position\":1,\"name\":\"Startseite\",\"item\":\"https:\/\/weltlaeden.de\/schongau\/\"},{\"@type\":\"ListItem\",\"position\":2,\"name\":\"\u00dcber uns\"}]},{\"@type\":\"WebSite\",\"@id\":\"https:\/\/weltlaeden.de\/schongau\/#website\",\"url\":\"https:\/\/weltlaeden.de\/schongau\/\",\"name\":\"Weltladen Schongau\",\"description\":\"Faire Produkte seit 2003 in Schongau\",\"potentialAction\":[{\"@type\":\"SearchAction\",\"target\":{\"@type\":\"EntryPoint\",\"urlTemplate\":\"https:\/\/weltlaeden.de\/schongau\/?s={search_term_string}\"},\"query-input\":{\"@type\":\"PropertyValueSpecification\",\"valueRequired\":true,\"valueName\":\"search_term_string\"}}],\"inLanguage\":\"de\"}]}<\/script>\n<!-- \/ Yoast SEO plugin. -->","yoast_head_json":{"title":"\u00dcber uns - Weltladen Schongau","description":"Faire Produkte des globalen S\u00fcdens im Herzen Schongaus. Lebensmittel, meist in Bioqualit\u00e4t und sch\u00f6nes Kunsthandwerk - f\u00fcr sich selbst und zum Verschenken.","robots":{"index":"index","follow":"follow","max-snippet":"max-snippet:-1","max-image-preview":"max-image-preview:large","max-video-preview":"max-video-preview:-1"},"canonical":"https:\/\/weltlaeden.de\/schongau\/ueber-uns\/","og_locale":"de_DE","og_type":"article","og_title":"\u00dcber uns - Weltladen Schongau","og_description":"Faire Produkte des globalen S\u00fcdens im Herzen Schongaus. Lebensmittel, meist in Bioqualit\u00e4t und sch\u00f6nes Kunsthandwerk - f\u00fcr sich selbst und zum Verschenken.","og_url":"https:\/\/weltlaeden.de\/schongau\/ueber-uns\/","og_site_name":"Weltladen Schongau","article_modified_time":"2024-04-22T21:39:09+00:00","twitter_card":"summary_large_image","twitter_misc":{"Gesch\u00e4tzte Lesezeit":"2\u00a0Minuten"},"schema":{"@context":"https:\/\/schema.org","@graph":[{"@type":"WebPage","@id":"https:\/\/weltlaeden.de\/schongau\/ueber-uns\/","url":"https:\/\/weltlaeden.de\/schongau\/ueber-uns\/","name":"\u00dcber uns - Weltladen Schongau","isPartOf":{"@id":"https:\/\/weltlaeden.de\/schongau\/#website"},"datePublished":"2016-10-28T11:34:47+00:00","dateModified":"2024-04-22T21:39:09+00:00","description":"Faire Produkte des globalen S\u00fcdens im Herzen Schongaus. Lebensmittel, meist in Bioqualit\u00e4t und sch\u00f6nes Kunsthandwerk - f\u00fcr sich selbst und zum Verschenken.","breadcrumb":{"@id":"https:\/\/weltlaeden.de\/schongau\/ueber-uns\/#breadcrumb"},"inLanguage":"de","potentialAction":[{"@type":"ReadAction","target":["https:\/\/weltlaeden.de\/schongau\/ueber-uns\/"]}]},{"@type":"BreadcrumbList","@id":"https:\/\/weltlaeden.de\/schongau\/ueber-uns\/#breadcrumb","itemListElement":[{"@type":"ListItem","position":1,"name":"Startseite","item":"https:\/\/weltlaeden.de\/schongau\/"},{"@type":"ListItem","position":2,"name":"\u00dcber uns"}]},{"@type":"WebSite","@id":"https:\/\/weltlaeden.de\/schongau\/#website","url":"https:\/\/weltlaeden.de\/schongau\/","name":"Weltladen Schongau","description":"Faire Produkte seit 2003 in Schongau","potentialAction":[{"@type":"SearchAction","target":{"@type":"EntryPoint","urlTemplate":"https:\/\/weltlaeden.de\/schongau\/?s={search_term_string}"},"query-input":{"@type":"PropertyValueSpecification","valueRequired":true,"valueName":"search_term_string"}}],"inLanguage":"de"}]}},"_links":{"self":[{"href":"https:\/\/weltlaeden.de\/schongau\/wp-json\/wp\/v2\/pages\/219","targetHints":{"allow":["GET"]}}],"collection":[{"href":"https:\/\/weltlaeden.de\/schongau\/wp-json\/wp\/v2\/pages"}],"about":[{"href":"https:\/\/weltlaeden.de\/schongau\/wp-json\/wp\/v2\/types\/page"}],"author":[{"embeddable":true,"href":"https:\/\/weltlaeden.de\/schongau\/wp-json\/wp\/v2\/users\/1"}],"replies":[{"embeddable":true,"href":"https:\/\/weltlaeden.de\/schongau\/wp-json\/wp\/v2\/comments?post=219"}],"version-history":[{"count":25,"href":"https:\/\/weltlaeden.de\/schongau\/wp-json\/wp\/v2\/pages\/219\/revisions"}],"predecessor-version":[{"id":1857,"href":"https:\/\/weltlaeden.de\/schongau\/wp-json\/wp\/v2\/pages\/219\/revisions\/1857"}],"wp:attachment":[{"href":"https:\/\/weltlaeden.de\/schongau\/wp-json\/wp\/v2\/media?parent=219"}],"curies":[{"name":"wp","href":"https:\/\/api.w.org\/{rel}","templated":true}]}}