{"id":20,"date":"2016-10-14T09:05:21","date_gmt":"2016-10-14T07:05:21","guid":{"rendered":"https:\/\/wl.heimpixel.de\/vorlage\/weltladen-musterdorf\/"},"modified":"2026-02-24T20:38:23","modified_gmt":"2026-02-24T19:38:23","slug":"weltladen-musterdorf","status":"publish","type":"page","link":"https:\/\/weltlaeden.de\/schongau\/","title":{"rendered":"Weltladen Schongau"},"content":{"rendered":"<div class=\"wpb-content-wrapper\"><p>[vc_row][vc_column][vc_column_text css=&#8220;&#8220;]<\/p>\n<h2 style=\"text-align: left\">Willkommen im Weltladen Schongau!<\/h2>\n<p><img loading=\"lazy\" decoding=\"async\" class=\" wp-image-558 alignleft\" src=\"https:\/\/weltlaeden.de\/schongau\/wp-content\/uploads\/sites\/170\/2021\/11\/Weltladen-Eingang-297x300.jpg\" alt=\"\" width=\"227\" height=\"229\" srcset=\"https:\/\/weltlaeden.de\/schongau\/wp-content\/uploads\/sites\/170\/2021\/11\/Weltladen-Eingang-297x300.jpg 297w, https:\/\/weltlaeden.de\/schongau\/wp-content\/uploads\/sites\/170\/2021\/11\/Weltladen-Eingang-150x150.jpg 150w, https:\/\/weltlaeden.de\/schongau\/wp-content\/uploads\/sites\/170\/2021\/11\/Weltladen-Eingang.jpg 592w\" sizes=\"auto, (max-width: 227px) 100vw, 227px\" \/><\/p>\n<p>In unserem Weltladen in der sch\u00f6nen Altstadt von Schongau finden Sie eine gro\u00dfe Auswahl an fair gehandelten <a href=\"https:\/\/weltlaeden.de\/schongau\/produkte\/\" target=\"_blank\" rel=\"noopener\">Produkten<\/a>:<\/p>\n<p>hochwertige Lebensmittel, meist in Bioqualit\u00e4t, einzigartiges Kunstwerk, N\u00fctzliches f\u00fcr den Haushalt, Schmuck und Mode-Accessoires und vieles mehr.<\/p>\n<p>[\/vc_column_text][vc_separator][vc_column_text css=&#8220;&#8220;]<\/p>\n<hr \/>\n<h2><img loading=\"lazy\" decoding=\"async\" class=\"wp-image-1474 alignright\" src=\"https:\/\/weltlaeden.de\/schongau\/wp-content\/uploads\/sites\/170\/2023\/01\/LM-Ostern-263x300.png\" alt=\"\" width=\"231\" height=\"263\" srcset=\"https:\/\/weltlaeden.de\/schongau\/wp-content\/uploads\/sites\/170\/2023\/01\/LM-Ostern-263x300.png 263w, https:\/\/weltlaeden.de\/schongau\/wp-content\/uploads\/sites\/170\/2023\/01\/LM-Ostern.png 720w\" sizes=\"auto, (max-width: 231px) 100vw, 231px\" \/>Ostern steht vor der T\u00fcr \u2013 ein Fest des Aufbl\u00fchens, der Hoffnung und des Miteinanders.<\/h2>\n<p>Wir bieten eine liebevoll zusammengestellte Auswahl an handgefertigten Produkten und bio-fairer Schokolade \u2013 perfekt f\u00fcr ein bewusstes und farbenfrohes Osterfest.<\/p>\n<p>Die Weltladen-Osterwelt steckt voller handgemachter Sch\u00e4tze und Unikate:<\/p>\n<ul>\n<li><strong>Oster-Dekoration<\/strong>: Filzanh\u00e4nger, bunte Eierw\u00e4rmer, handgeflochtene K\u00f6rbchen<\/li>\n<li><strong>Kleine Geschenke<\/strong>\u00a0mit Pers\u00f6nlichkeit \u2013 ideal f\u00fcr das Osternest oder als Mitbringsel<\/li>\n<li>Fr\u00fchlingshafte\u00a0<strong>Filzblumen\u00a0<\/strong>bringen dauerhaft Farbe in jedes Zuhause<\/li>\n<li><strong>Geschenkpapier, Geschenkboxen\u00a0<\/strong>und\u00a0<strong>Gru\u00dfkarten<\/strong>\u00a0\u2013 oft aus Recyclingmaterial oder Samenpapier gefertigt<\/li>\n<\/ul>\n<p>[\/vc_column_text][vc_column_text css=&#8220;&#8220;][\/vc_column_text][vc_separator][\/vc_column][\/vc_row][vc_row][vc_column][vc_column_text css=&#8220;&#8220;]<\/p>\n<h2><\/h2>\n<hr \/>\n<p>&nbsp;<\/p>\n<h2><a href=\"https:\/\/weltlaeden.de\/schongau\/neuigkeiten\/\">Aktuelles<\/a><\/h2>\n<p>[\/vc_column_text][vc_basic_grid post_type=&#8220;post&#8220; max_items=&#8220;3&#8243; item=&#8220;basicGrid_ScaleInWithRotation&#8220; css=&#8220;.vc_custom_1697617300054{border-radius: 5px !important;}&#8220; grid_id=&#8220;vc_gid:1771961802888-d9b2d3bf-14b5-5&#8243;][vc_separator][vc_btn title=&#8220;zur \u00dcbersicht unserer Aktionen&#8220; color=&#8220;orange&#8220; link=&#8220;url:https%3A%2F%2Fweltlaeden.de%2Fschongau%2Fneuigkeiten%2F|title:Aktionen|target:_blank&#8220;][vc_separator][\/vc_column][\/vc_row][vc_row][vc_column][vc_column_text]<\/p>\n<hr \/>\n<p>&nbsp;<\/p>\n<h2>wir.kaffee &#8211; Zeichnen Sie Ernteanteile!<\/h2>\n<p>Nach dem erfolgreichen Start in 2022 freuen wir uns, dass die SoLaWi-Aktion weiterl\u00e4uft.<\/p>\n<h4><img loading=\"lazy\" decoding=\"async\" class=\" wp-image-568 alignleft\" src=\"https:\/\/weltlaeden.de\/schongau\/wp-content\/uploads\/sites\/170\/2021\/11\/wir-kaffee-300x300.jpg\" alt=\"\" width=\"182\" height=\"182\" srcset=\"https:\/\/weltlaeden.de\/schongau\/wp-content\/uploads\/sites\/170\/2021\/11\/wir-kaffee-300x300.jpg 300w, https:\/\/weltlaeden.de\/schongau\/wp-content\/uploads\/sites\/170\/2021\/11\/wir-kaffee-150x150.jpg 150w, https:\/\/weltlaeden.de\/schongau\/wp-content\/uploads\/sites\/170\/2021\/11\/wir-kaffee-768x765.jpg 768w, https:\/\/weltlaeden.de\/schongau\/wp-content\/uploads\/sites\/170\/2021\/11\/wir-kaffee.jpg 850w\" sizes=\"auto, (max-width: 182px) 100vw, 182px\" \/><\/h4>\n<h4>Kommen Sie vorbei und zeichnen Sie Anteile f\u00fcr sich oder auch zum Verschenken:<\/h4>\n<div>Durch den Kauf von Ernteanteilen finanzieren Sie, ganz im Sinn der SoLaWi, den Lebensunterhalt und die landwirtschaftlichen Kosten der Kaffeebauern vor und erhalten als Gegenwert ihren Ernteanteil in Form von fertig ger\u00f6stetem Kaffee.<\/div>\n<h4>Mehr \u00fcber den ersten Kaffee aus solidarischer Landwirtschaft erfahren sie <a href=\"https:\/\/weltlaeden.de\/schongau\/solidarische-kaffee-landwirtschaft\/\">hier<\/a><\/h4>\n<h4>F\u00fcr diejenigen, die den Kaffee gerne vorab probieren m\u00f6chten:<\/h4>\n<p>Wir bieten den wir.kaffee in unserem Sortiment als einzelne P\u00e4ckchen zum Kauf an.[\/vc_column_text][vc_separator][\/vc_column][\/vc_row][vc_row][vc_column][vc_column_text css=&#8220;&#8220;]<\/p>\n<hr \/>\n<h2><\/h2>\n<p>&nbsp;<\/p>\n<h2><em>Wir brauchen Unterst\u00fctzung!<\/em><\/h2>\n<p><em>Haben Sie Interesse bei uns <a href=\"https:\/\/weltlaeden.de\/schongau\/ueber-uns\/\">mitzuarbeiten<\/a>? Sprechen Sie uns gerne an.<br \/>\n<\/em><\/p>\n<p><em>\u00dcbrigens: Wertvolle Aufgaben halten jung!<\/em>[\/vc_column_text][vc_separator][\/vc_column][\/vc_row][vc_row][vc_column][vc_column_text]<\/p>\n<hr \/>\n<p>&nbsp;<\/p>\n<h2>Fairer Handel<\/h2>\n<p>Was meint Fairer Handel \u00fcberhaupt? Welche Kriterien m\u00fcssen eingehalten werden und wer \u00fcberpr\u00fcft diese? <a href=\"https:\/\/weltlaeden.de\/schongau\/fairer-handel\/\">Erfahren Sie mehr &#8230;<\/a>[\/vc_column_text][vc_separator][vc_column_text]<\/p>\n<hr \/>\n<p>&nbsp;<\/p>\n<p>[\/vc_column_text]<div class=\"wl_einzelbild\"><p> <img loading=\"lazy\" decoding=\"async\" class=\"alignnone wp-image-1122\" src=\"https:\/\/weltlaeden.de\/schongau\/wp-content\/uploads\/sites\/170\/2022\/01\/Laden-Innen-300x184.jpg\" alt=\"\" width=\"261\" height=\"160\" srcset=\"https:\/\/weltlaeden.de\/schongau\/wp-content\/uploads\/sites\/170\/2022\/01\/Laden-Innen-300x184.jpg 300w, https:\/\/weltlaeden.de\/schongau\/wp-content\/uploads\/sites\/170\/2022\/01\/Laden-Innen-768x470.jpg 768w, https:\/\/weltlaeden.de\/schongau\/wp-content\/uploads\/sites\/170\/2022\/01\/Laden-Innen-1024x627.jpg 1024w, https:\/\/weltlaeden.de\/schongau\/wp-content\/uploads\/sites\/170\/2022\/01\/Laden-Innen.jpg 1143w\" sizes=\"auto, (max-width: 261px) 100vw, 261px\" \/> <img loading=\"lazy\" decoding=\"async\" class=\"alignnone wp-image-1131\" src=\"https:\/\/weltlaeden.de\/schongau\/wp-content\/uploads\/sites\/170\/2019\/03\/Laden-Innen-LM-300x167.jpg\" alt=\"\" width=\"287\" height=\"160\" srcset=\"https:\/\/weltlaeden.de\/schongau\/wp-content\/uploads\/sites\/170\/2019\/03\/Laden-Innen-LM-300x167.jpg 300w, https:\/\/weltlaeden.de\/schongau\/wp-content\/uploads\/sites\/170\/2019\/03\/Laden-Innen-LM-768x428.jpg 768w, https:\/\/weltlaeden.de\/schongau\/wp-content\/uploads\/sites\/170\/2019\/03\/Laden-Innen-LM-1024x571.jpg 1024w, https:\/\/weltlaeden.de\/schongau\/wp-content\/uploads\/sites\/170\/2019\/03\/Laden-Innen-LM.jpg 1717w\" sizes=\"auto, (max-width: 287px) 100vw, 287px\" \/> <img loading=\"lazy\" decoding=\"async\" class=\"alignnone wp-image-664\" src=\"https:\/\/weltlaeden.de\/schongau\/wp-content\/uploads\/sites\/170\/2021\/11\/Weltladen-innen.jpg\" alt=\"\" width=\"160\" height=\"160\" srcset=\"https:\/\/weltlaeden.de\/schongau\/wp-content\/uploads\/sites\/170\/2021\/11\/Weltladen-innen.jpg 170w, https:\/\/weltlaeden.de\/schongau\/wp-content\/uploads\/sites\/170\/2021\/11\/Weltladen-innen-150x150.jpg 150w\" sizes=\"auto, (max-width: 160px) 100vw, 160px\" \/><\/p><\/div>[\/vc_column][\/vc_row][vc_row][vc_column][\/vc_column][\/vc_row]<\/p>\n<\/div>","protected":false},"excerpt":{"rendered":"<p>[vc_row][vc_column][vc_column_text css=&#8220;&#8220;] Willkommen im Weltladen Schongau! In unserem Weltladen in der sch\u00f6nen Altstadt von Schongau finden Sie eine gro\u00dfe Auswahl an fair gehandelten Produkten: hochwertige Lebensmittel, meist in Bioqualit\u00e4t, einzigartiges Kunstwerk, N\u00fctzliches f\u00fcr den Haushalt, Schmuck und Mode-Accessoires und vieles mehr. [\/vc_column_text][vc_separator][vc_column_text css=&#8220;&#8220;] Ostern steht vor der T\u00fcr \u2013 ein Fest des Aufbl\u00fchens, der Hoffnung&hellip;<\/p>\n","protected":false},"author":1,"featured_media":0,"parent":0,"menu_order":0,"comment_status":"closed","ping_status":"closed","template":"","meta":{"footnotes":""},"class_list":["post-20","page","type-page","status-publish","hentry","description-off"],"yoast_head":"<!-- This site is optimized with the Yoast SEO plugin v26.8 - https:\/\/yoast.com\/product\/yoast-seo-wordpress\/ -->\n<title>Weltladen Schongau - Weltladen Schongau<\/title>\n<meta name=\"description\" content=\"Im Weltladen Schongau in der sch\u00f6nen Altstadt von Schongau finden Sie eine gro\u00dfe Auswahl an fair gehandelten Produkten. St\u00f6bern Sie mit Genuss im Weltladen Schongau.\" \/>\n<meta name=\"robots\" content=\"index, follow, max-snippet:-1, max-image-preview:large, max-video-preview:-1\" \/>\n<link rel=\"canonical\" href=\"https:\/\/weltlaeden.de\/schongau\/\" \/>\n<meta property=\"og:locale\" content=\"de_DE\" \/>\n<meta property=\"og:type\" content=\"article\" \/>\n<meta property=\"og:title\" content=\"Weltladen Schongau - Weltladen Schongau\" \/>\n<meta property=\"og:description\" content=\"Im Weltladen Schongau in der sch\u00f6nen Altstadt von Schongau finden Sie eine gro\u00dfe Auswahl an fair gehandelten Produkten. St\u00f6bern Sie mit Genuss im Weltladen Schongau.\" \/>\n<meta property=\"og:url\" content=\"https:\/\/weltlaeden.de\/schongau\/\" \/>\n<meta property=\"og:site_name\" content=\"Weltladen Schongau\" \/>\n<meta property=\"article:modified_time\" content=\"2026-02-24T19:38:23+00:00\" \/>\n<meta property=\"og:image\" content=\"https:\/\/weltlaeden.de\/schongau\/wp-content\/uploads\/sites\/170\/2021\/11\/Weltladen-Eingang.jpg\" \/>\n\t<meta property=\"og:image:width\" content=\"592\" \/>\n\t<meta property=\"og:image:height\" content=\"598\" \/>\n\t<meta property=\"og:image:type\" content=\"image\/jpeg\" \/>\n<meta name=\"twitter:card\" content=\"summary_large_image\" \/>\n<meta name=\"twitter:label1\" content=\"Gesch\u00e4tzte Lesezeit\" \/>\n\t<meta name=\"twitter:data1\" content=\"3\u00a0Minuten\" \/>\n<script type=\"application\/ld+json\" class=\"yoast-schema-graph\">{\"@context\":\"https:\/\/schema.org\",\"@graph\":[{\"@type\":\"WebPage\",\"@id\":\"https:\/\/weltlaeden.de\/schongau\/\",\"url\":\"https:\/\/weltlaeden.de\/schongau\/\",\"name\":\"Weltladen Schongau - Weltladen Schongau\",\"isPartOf\":{\"@id\":\"https:\/\/weltlaeden.de\/schongau\/#website\"},\"primaryImageOfPage\":{\"@id\":\"https:\/\/weltlaeden.de\/schongau\/#primaryimage\"},\"image\":{\"@id\":\"https:\/\/weltlaeden.de\/schongau\/#primaryimage\"},\"thumbnailUrl\":\"https:\/\/weltlaeden.de\/schongau\/wp-content\/uploads\/sites\/170\/2021\/11\/Weltladen-Eingang-297x300.jpg\",\"datePublished\":\"2016-10-14T07:05:21+00:00\",\"dateModified\":\"2026-02-24T19:38:23+00:00\",\"description\":\"Im Weltladen Schongau in der sch\u00f6nen Altstadt von Schongau finden Sie eine gro\u00dfe Auswahl an fair gehandelten Produkten. St\u00f6bern Sie mit Genuss im Weltladen Schongau.\",\"breadcrumb\":{\"@id\":\"https:\/\/weltlaeden.de\/schongau\/#breadcrumb\"},\"inLanguage\":\"de\",\"potentialAction\":[{\"@type\":\"ReadAction\",\"target\":[\"https:\/\/weltlaeden.de\/schongau\/\"]}]},{\"@type\":\"ImageObject\",\"inLanguage\":\"de\",\"@id\":\"https:\/\/weltlaeden.de\/schongau\/#primaryimage\",\"url\":\"https:\/\/weltlaeden.de\/schongau\/wp-content\/uploads\/sites\/170\/2021\/11\/Weltladen-Eingang.jpg\",\"contentUrl\":\"https:\/\/weltlaeden.de\/schongau\/wp-content\/uploads\/sites\/170\/2021\/11\/Weltladen-Eingang.jpg\",\"width\":592,\"height\":598},{\"@type\":\"BreadcrumbList\",\"@id\":\"https:\/\/weltlaeden.de\/schongau\/#breadcrumb\",\"itemListElement\":[{\"@type\":\"ListItem\",\"position\":1,\"name\":\"Startseite\",\"item\":\"https:\/\/weltlaeden.de\/schongau\/\"},{\"@type\":\"ListItem\",\"position\":2,\"name\":\"Weltladen Schongau\"}]},{\"@type\":\"WebSite\",\"@id\":\"https:\/\/weltlaeden.de\/schongau\/#website\",\"url\":\"https:\/\/weltlaeden.de\/schongau\/\",\"name\":\"Weltladen Schongau\",\"description\":\"Faire Produkte seit 2003 in Schongau\",\"potentialAction\":[{\"@type\":\"SearchAction\",\"target\":{\"@type\":\"EntryPoint\",\"urlTemplate\":\"https:\/\/weltlaeden.de\/schongau\/?s={search_term_string}\"},\"query-input\":{\"@type\":\"PropertyValueSpecification\",\"valueRequired\":true,\"valueName\":\"search_term_string\"}}],\"inLanguage\":\"de\"}]}<\/script>\n<!-- \/ Yoast SEO plugin. -->","yoast_head_json":{"title":"Weltladen Schongau - Weltladen Schongau","description":"Im Weltladen Schongau in der sch\u00f6nen Altstadt von Schongau finden Sie eine gro\u00dfe Auswahl an fair gehandelten Produkten. St\u00f6bern Sie mit Genuss im Weltladen Schongau.","robots":{"index":"index","follow":"follow","max-snippet":"max-snippet:-1","max-image-preview":"max-image-preview:large","max-video-preview":"max-video-preview:-1"},"canonical":"https:\/\/weltlaeden.de\/schongau\/","og_locale":"de_DE","og_type":"article","og_title":"Weltladen Schongau - Weltladen Schongau","og_description":"Im Weltladen Schongau in der sch\u00f6nen Altstadt von Schongau finden Sie eine gro\u00dfe Auswahl an fair gehandelten Produkten. St\u00f6bern Sie mit Genuss im Weltladen Schongau.","og_url":"https:\/\/weltlaeden.de\/schongau\/","og_site_name":"Weltladen Schongau","article_modified_time":"2026-02-24T19:38:23+00:00","og_image":[{"width":592,"height":598,"url":"https:\/\/weltlaeden.de\/schongau\/wp-content\/uploads\/sites\/170\/2021\/11\/Weltladen-Eingang.jpg","type":"image\/jpeg"}],"twitter_card":"summary_large_image","twitter_misc":{"Gesch\u00e4tzte Lesezeit":"3\u00a0Minuten"},"schema":{"@context":"https:\/\/schema.org","@graph":[{"@type":"WebPage","@id":"https:\/\/weltlaeden.de\/schongau\/","url":"https:\/\/weltlaeden.de\/schongau\/","name":"Weltladen Schongau - Weltladen Schongau","isPartOf":{"@id":"https:\/\/weltlaeden.de\/schongau\/#website"},"primaryImageOfPage":{"@id":"https:\/\/weltlaeden.de\/schongau\/#primaryimage"},"image":{"@id":"https:\/\/weltlaeden.de\/schongau\/#primaryimage"},"thumbnailUrl":"https:\/\/weltlaeden.de\/schongau\/wp-content\/uploads\/sites\/170\/2021\/11\/Weltladen-Eingang-297x300.jpg","datePublished":"2016-10-14T07:05:21+00:00","dateModified":"2026-02-24T19:38:23+00:00","description":"Im Weltladen Schongau in der sch\u00f6nen Altstadt von Schongau finden Sie eine gro\u00dfe Auswahl an fair gehandelten Produkten. St\u00f6bern Sie mit Genuss im Weltladen Schongau.","breadcrumb":{"@id":"https:\/\/weltlaeden.de\/schongau\/#breadcrumb"},"inLanguage":"de","potentialAction":[{"@type":"ReadAction","target":["https:\/\/weltlaeden.de\/schongau\/"]}]},{"@type":"ImageObject","inLanguage":"de","@id":"https:\/\/weltlaeden.de\/schongau\/#primaryimage","url":"https:\/\/weltlaeden.de\/schongau\/wp-content\/uploads\/sites\/170\/2021\/11\/Weltladen-Eingang.jpg","contentUrl":"https:\/\/weltlaeden.de\/schongau\/wp-content\/uploads\/sites\/170\/2021\/11\/Weltladen-Eingang.jpg","width":592,"height":598},{"@type":"BreadcrumbList","@id":"https:\/\/weltlaeden.de\/schongau\/#breadcrumb","itemListElement":[{"@type":"ListItem","position":1,"name":"Startseite","item":"https:\/\/weltlaeden.de\/schongau\/"},{"@type":"ListItem","position":2,"name":"Weltladen Schongau"}]},{"@type":"WebSite","@id":"https:\/\/weltlaeden.de\/schongau\/#website","url":"https:\/\/weltlaeden.de\/schongau\/","name":"Weltladen Schongau","description":"Faire Produkte seit 2003 in Schongau","potentialAction":[{"@type":"SearchAction","target":{"@type":"EntryPoint","urlTemplate":"https:\/\/weltlaeden.de\/schongau\/?s={search_term_string}"},"query-input":{"@type":"PropertyValueSpecification","valueRequired":true,"valueName":"search_term_string"}}],"inLanguage":"de"}]}},"_links":{"self":[{"href":"https:\/\/weltlaeden.de\/schongau\/wp-json\/wp\/v2\/pages\/20","targetHints":{"allow":["GET"]}}],"collection":[{"href":"https:\/\/weltlaeden.de\/schongau\/wp-json\/wp\/v2\/pages"}],"about":[{"href":"https:\/\/weltlaeden.de\/schongau\/wp-json\/wp\/v2\/types\/page"}],"author":[{"embeddable":true,"href":"https:\/\/weltlaeden.de\/schongau\/wp-json\/wp\/v2\/users\/1"}],"replies":[{"embeddable":true,"href":"https:\/\/weltlaeden.de\/schongau\/wp-json\/wp\/v2\/comments?post=20"}],"version-history":[{"count":202,"href":"https:\/\/weltlaeden.de\/schongau\/wp-json\/wp\/v2\/pages\/20\/revisions"}],"predecessor-version":[{"id":2213,"href":"https:\/\/weltlaeden.de\/schongau\/wp-json\/wp\/v2\/pages\/20\/revisions\/2213"}],"wp:attachment":[{"href":"https:\/\/weltlaeden.de\/schongau\/wp-json\/wp\/v2\/media?parent=20"}],"curies":[{"name":"wp","href":"https:\/\/api.w.org\/{rel}","templated":true}]}}