{"id":1041,"date":"2021-12-31T17:54:52","date_gmt":"2021-12-31T16:54:52","guid":{"rendered":"https:\/\/weltlaeden.de\/schongau\/?page_id=1041"},"modified":"2022-01-08T13:16:35","modified_gmt":"2022-01-08T12:16:35","slug":"praesentkoerbe-und-geschenkkartons","status":"publish","type":"page","link":"https:\/\/weltlaeden.de\/schongau\/produkte\/praesentkoerbe-und-geschenkkartons\/","title":{"rendered":"Pr\u00e4sentk\u00f6rbe und Geschenkkartons"},"content":{"rendered":"<div class=\"wpb-content-wrapper\"><p>[vc_row][vc_column][\/vc_column][\/vc_row][vc_row][vc_column][vc_column_text]<\/p>\n<h1>Pr\u00e4sentk\u00f6rbe und Geschenkkartons<\/h1>\n<p>Ob Sie Ihren MitarbeiterInnen Ihre Wertsch\u00e4tzung mit einer kleinen \u00dcberraschung zeigen, sich bei Ihren Gesch\u00e4ftspartnerInnen f\u00fcr die gute Zusammenarbeit bedanken m\u00f6chten oder ob Sie FreundInnen mit K\u00f6stlichkeiten beschenken:<\/p>\n<p>Wir unterst\u00fctzen Sie gerne mit fein best\u00fcckten Pr\u00e4sentk\u00f6rben oder Geschenkkartons.<br \/>\nSprechen Sie uns gerne an: im Weltladen oder per\u00a0<a href=\"mailto:weltladenschongau@gmail.com\">Email<\/a><\/p>\n<p><b>Wir freuen uns, wenn Sie dieses Angebot wahrnehmen\u00a0und\u00a0<\/b><b>fairschenken!<\/b>[\/vc_column_text]<div class=\"wl_einzelbild\"><p><img loading=\"lazy\" decoding=\"async\" class=\"alignnone wp-image-1045\" src=\"https:\/\/weltlaeden.de\/schongau\/wp-content\/uploads\/sites\/170\/2021\/12\/Geschenkkorb1-272x300.png\" alt=\"\" width=\"181\" height=\"200\" srcset=\"https:\/\/weltlaeden.de\/schongau\/wp-content\/uploads\/sites\/170\/2021\/12\/Geschenkkorb1-272x300.png 272w, https:\/\/weltlaeden.de\/schongau\/wp-content\/uploads\/sites\/170\/2021\/12\/Geschenkkorb1.png 714w\" sizes=\"auto, (max-width: 181px) 100vw, 181px\" \/>\u00a0\u00a0<img loading=\"lazy\" decoding=\"async\" class=\"alignnone wp-image-1046\" src=\"https:\/\/weltlaeden.de\/schongau\/wp-content\/uploads\/sites\/170\/2021\/12\/Geschenkkorb2-297x300.png\" alt=\"\" width=\"198\" height=\"200\" srcset=\"https:\/\/weltlaeden.de\/schongau\/wp-content\/uploads\/sites\/170\/2021\/12\/Geschenkkorb2-297x300.png 297w, https:\/\/weltlaeden.de\/schongau\/wp-content\/uploads\/sites\/170\/2021\/12\/Geschenkkorb2.png 708w\" sizes=\"auto, (max-width: 198px) 100vw, 198px\" \/>\u00a0\u00a0<img loading=\"lazy\" decoding=\"async\" class=\"alignnone wp-image-1044\" src=\"https:\/\/weltlaeden.de\/schongau\/wp-content\/uploads\/sites\/170\/2021\/12\/Geschenkkiste-klein-Tee-203x300.jpg\" alt=\"\" width=\"135\" height=\"200\" srcset=\"https:\/\/weltlaeden.de\/schongau\/wp-content\/uploads\/sites\/170\/2021\/12\/Geschenkkiste-klein-Tee-203x300.jpg 203w, https:\/\/weltlaeden.de\/schongau\/wp-content\/uploads\/sites\/170\/2021\/12\/Geschenkkiste-klein-Tee-768x1134.jpg 768w, https:\/\/weltlaeden.de\/schongau\/wp-content\/uploads\/sites\/170\/2021\/12\/Geschenkkiste-klein-Tee-693x1024.jpg 693w, https:\/\/weltlaeden.de\/schongau\/wp-content\/uploads\/sites\/170\/2021\/12\/Geschenkkiste-klein-Tee.jpg 1300w\" sizes=\"auto, (max-width: 135px) 100vw, 135px\" \/>\u00a0\u00a0<img loading=\"lazy\" decoding=\"async\" class=\"alignnone wp-image-569\" src=\"https:\/\/weltlaeden.de\/schongau\/wp-content\/uploads\/sites\/170\/2021\/11\/Geschenkkiste-gro\u00df-ohne-Alkohol-217x300.jpg\" alt=\"\" width=\"144\" height=\"200\" srcset=\"https:\/\/weltlaeden.de\/schongau\/wp-content\/uploads\/sites\/170\/2021\/11\/Geschenkkiste-gro\u00df-ohne-Alkohol-217x300.jpg 217w, https:\/\/weltlaeden.de\/schongau\/wp-content\/uploads\/sites\/170\/2021\/11\/Geschenkkiste-gro\u00df-ohne-Alkohol-768x1064.jpg 768w, https:\/\/weltlaeden.de\/schongau\/wp-content\/uploads\/sites\/170\/2021\/11\/Geschenkkiste-gro\u00df-ohne-Alkohol-739x1024.jpg 739w, https:\/\/weltlaeden.de\/schongau\/wp-content\/uploads\/sites\/170\/2021\/11\/Geschenkkiste-gro\u00df-ohne-Alkohol.jpg 1386w\" sizes=\"auto, (max-width: 144px) 100vw, 144px\" \/><\/p><\/div>[\/vc_column][\/vc_row][vc_row][vc_column][vc_column_text]\u00dcbrigens: Die Geschenkkartons eignen sich auch gut zum postalischen Versand.[\/vc_column_text][\/vc_column][\/vc_row]<\/p>\n<\/div>","protected":false},"excerpt":{"rendered":"<p>[vc_row][vc_column][\/vc_column][\/vc_row][vc_row][vc_column][vc_column_text] Pr\u00e4sentk\u00f6rbe und Geschenkkartons Ob Sie Ihren MitarbeiterInnen Ihre Wertsch\u00e4tzung mit einer kleinen \u00dcberraschung zeigen, sich bei Ihren Gesch\u00e4ftspartnerInnen f\u00fcr die gute Zusammenarbeit bedanken m\u00f6chten oder ob Sie FreundInnen mit K\u00f6stlichkeiten beschenken: Wir unterst\u00fctzen Sie gerne mit fein best\u00fcckten Pr\u00e4sentk\u00f6rben oder Geschenkkartons. Sprechen Sie uns gerne an: im Weltladen oder per\u00a0Email Wir freuen uns, wenn&hellip;<\/p>\n","protected":false},"author":246,"featured_media":0,"parent":217,"menu_order":5,"comment_status":"closed","ping_status":"closed","template":"","meta":{"footnotes":""},"class_list":["post-1041","page","type-page","status-publish","hentry","description-off"],"yoast_head":"<!-- This site is optimized with the Yoast SEO plugin v26.8 - https:\/\/yoast.com\/product\/yoast-seo-wordpress\/ -->\n<title>Pr\u00e4sentk\u00f6rbe und Geschenkkartons - Weltladen Schongau<\/title>\n<meta name=\"description\" content=\"Fein best\u00fcckte Pr\u00e4sentk\u00f6rbe und Geschenkkartons aus dem Weltladen Schongau.\" \/>\n<meta name=\"robots\" content=\"index, follow, max-snippet:-1, max-image-preview:large, max-video-preview:-1\" \/>\n<link rel=\"canonical\" href=\"https:\/\/weltlaeden.de\/schongau\/produkte\/praesentkoerbe-und-geschenkkartons\/\" \/>\n<meta property=\"og:locale\" content=\"de_DE\" \/>\n<meta property=\"og:type\" content=\"article\" \/>\n<meta property=\"og:title\" content=\"Pr\u00e4sentk\u00f6rbe und Geschenkkartons - Weltladen Schongau\" \/>\n<meta property=\"og:description\" content=\"Fein best\u00fcckte Pr\u00e4sentk\u00f6rbe und Geschenkkartons aus dem Weltladen Schongau.\" \/>\n<meta property=\"og:url\" content=\"https:\/\/weltlaeden.de\/schongau\/produkte\/praesentkoerbe-und-geschenkkartons\/\" \/>\n<meta property=\"og:site_name\" content=\"Weltladen Schongau\" \/>\n<meta property=\"article:modified_time\" content=\"2022-01-08T12:16:35+00:00\" \/>\n<meta property=\"og:image\" content=\"https:\/\/weltlaeden.de\/schongau\/wp-content\/uploads\/sites\/170\/2021\/12\/Geschenkkorb1-272x300.png\" \/>\n<meta name=\"twitter:card\" content=\"summary_large_image\" \/>\n<meta name=\"twitter:label1\" content=\"Gesch\u00e4tzte Lesezeit\" \/>\n\t<meta name=\"twitter:data1\" content=\"1\u00a0Minute\" \/>\n<script type=\"application\/ld+json\" class=\"yoast-schema-graph\">{\"@context\":\"https:\/\/schema.org\",\"@graph\":[{\"@type\":\"WebPage\",\"@id\":\"https:\/\/weltlaeden.de\/schongau\/produkte\/praesentkoerbe-und-geschenkkartons\/\",\"url\":\"https:\/\/weltlaeden.de\/schongau\/produkte\/praesentkoerbe-und-geschenkkartons\/\",\"name\":\"Pr\u00e4sentk\u00f6rbe und Geschenkkartons - Weltladen Schongau\",\"isPartOf\":{\"@id\":\"https:\/\/weltlaeden.de\/schongau\/#website\"},\"primaryImageOfPage\":{\"@id\":\"https:\/\/weltlaeden.de\/schongau\/produkte\/praesentkoerbe-und-geschenkkartons\/#primaryimage\"},\"image\":{\"@id\":\"https:\/\/weltlaeden.de\/schongau\/produkte\/praesentkoerbe-und-geschenkkartons\/#primaryimage\"},\"thumbnailUrl\":\"https:\/\/weltlaeden.de\/schongau\/wp-content\/uploads\/sites\/170\/2021\/12\/Geschenkkorb1-272x300.png\",\"datePublished\":\"2021-12-31T16:54:52+00:00\",\"dateModified\":\"2022-01-08T12:16:35+00:00\",\"description\":\"Fein best\u00fcckte Pr\u00e4sentk\u00f6rbe und Geschenkkartons aus dem Weltladen Schongau.\",\"breadcrumb\":{\"@id\":\"https:\/\/weltlaeden.de\/schongau\/produkte\/praesentkoerbe-und-geschenkkartons\/#breadcrumb\"},\"inLanguage\":\"de\",\"potentialAction\":[{\"@type\":\"ReadAction\",\"target\":[\"https:\/\/weltlaeden.de\/schongau\/produkte\/praesentkoerbe-und-geschenkkartons\/\"]}]},{\"@type\":\"ImageObject\",\"inLanguage\":\"de\",\"@id\":\"https:\/\/weltlaeden.de\/schongau\/produkte\/praesentkoerbe-und-geschenkkartons\/#primaryimage\",\"url\":\"https:\/\/weltlaeden.de\/schongau\/wp-content\/uploads\/sites\/170\/2021\/12\/Geschenkkorb1.png\",\"contentUrl\":\"https:\/\/weltlaeden.de\/schongau\/wp-content\/uploads\/sites\/170\/2021\/12\/Geschenkkorb1.png\",\"width\":714,\"height\":788},{\"@type\":\"BreadcrumbList\",\"@id\":\"https:\/\/weltlaeden.de\/schongau\/produkte\/praesentkoerbe-und-geschenkkartons\/#breadcrumb\",\"itemListElement\":[{\"@type\":\"ListItem\",\"position\":1,\"name\":\"Startseite\",\"item\":\"https:\/\/weltlaeden.de\/schongau\/\"},{\"@type\":\"ListItem\",\"position\":2,\"name\":\"Produkte\",\"item\":\"https:\/\/weltlaeden.de\/schongau\/produkte\/\"},{\"@type\":\"ListItem\",\"position\":3,\"name\":\"Pr\u00e4sentk\u00f6rbe und Geschenkkartons\"}]},{\"@type\":\"WebSite\",\"@id\":\"https:\/\/weltlaeden.de\/schongau\/#website\",\"url\":\"https:\/\/weltlaeden.de\/schongau\/\",\"name\":\"Weltladen Schongau\",\"description\":\"Faire Produkte seit 2003 in Schongau\",\"potentialAction\":[{\"@type\":\"SearchAction\",\"target\":{\"@type\":\"EntryPoint\",\"urlTemplate\":\"https:\/\/weltlaeden.de\/schongau\/?s={search_term_string}\"},\"query-input\":{\"@type\":\"PropertyValueSpecification\",\"valueRequired\":true,\"valueName\":\"search_term_string\"}}],\"inLanguage\":\"de\"}]}<\/script>\n<!-- \/ Yoast SEO plugin. -->","yoast_head_json":{"title":"Pr\u00e4sentk\u00f6rbe und Geschenkkartons - Weltladen Schongau","description":"Fein best\u00fcckte Pr\u00e4sentk\u00f6rbe und Geschenkkartons aus dem Weltladen Schongau.","robots":{"index":"index","follow":"follow","max-snippet":"max-snippet:-1","max-image-preview":"max-image-preview:large","max-video-preview":"max-video-preview:-1"},"canonical":"https:\/\/weltlaeden.de\/schongau\/produkte\/praesentkoerbe-und-geschenkkartons\/","og_locale":"de_DE","og_type":"article","og_title":"Pr\u00e4sentk\u00f6rbe und Geschenkkartons - Weltladen Schongau","og_description":"Fein best\u00fcckte Pr\u00e4sentk\u00f6rbe und Geschenkkartons aus dem Weltladen Schongau.","og_url":"https:\/\/weltlaeden.de\/schongau\/produkte\/praesentkoerbe-und-geschenkkartons\/","og_site_name":"Weltladen Schongau","article_modified_time":"2022-01-08T12:16:35+00:00","og_image":[{"url":"https:\/\/weltlaeden.de\/schongau\/wp-content\/uploads\/sites\/170\/2021\/12\/Geschenkkorb1-272x300.png","type":"","width":"","height":""}],"twitter_card":"summary_large_image","twitter_misc":{"Gesch\u00e4tzte Lesezeit":"1\u00a0Minute"},"schema":{"@context":"https:\/\/schema.org","@graph":[{"@type":"WebPage","@id":"https:\/\/weltlaeden.de\/schongau\/produkte\/praesentkoerbe-und-geschenkkartons\/","url":"https:\/\/weltlaeden.de\/schongau\/produkte\/praesentkoerbe-und-geschenkkartons\/","name":"Pr\u00e4sentk\u00f6rbe und Geschenkkartons - Weltladen Schongau","isPartOf":{"@id":"https:\/\/weltlaeden.de\/schongau\/#website"},"primaryImageOfPage":{"@id":"https:\/\/weltlaeden.de\/schongau\/produkte\/praesentkoerbe-und-geschenkkartons\/#primaryimage"},"image":{"@id":"https:\/\/weltlaeden.de\/schongau\/produkte\/praesentkoerbe-und-geschenkkartons\/#primaryimage"},"thumbnailUrl":"https:\/\/weltlaeden.de\/schongau\/wp-content\/uploads\/sites\/170\/2021\/12\/Geschenkkorb1-272x300.png","datePublished":"2021-12-31T16:54:52+00:00","dateModified":"2022-01-08T12:16:35+00:00","description":"Fein best\u00fcckte Pr\u00e4sentk\u00f6rbe und Geschenkkartons aus dem Weltladen Schongau.","breadcrumb":{"@id":"https:\/\/weltlaeden.de\/schongau\/produkte\/praesentkoerbe-und-geschenkkartons\/#breadcrumb"},"inLanguage":"de","potentialAction":[{"@type":"ReadAction","target":["https:\/\/weltlaeden.de\/schongau\/produkte\/praesentkoerbe-und-geschenkkartons\/"]}]},{"@type":"ImageObject","inLanguage":"de","@id":"https:\/\/weltlaeden.de\/schongau\/produkte\/praesentkoerbe-und-geschenkkartons\/#primaryimage","url":"https:\/\/weltlaeden.de\/schongau\/wp-content\/uploads\/sites\/170\/2021\/12\/Geschenkkorb1.png","contentUrl":"https:\/\/weltlaeden.de\/schongau\/wp-content\/uploads\/sites\/170\/2021\/12\/Geschenkkorb1.png","width":714,"height":788},{"@type":"BreadcrumbList","@id":"https:\/\/weltlaeden.de\/schongau\/produkte\/praesentkoerbe-und-geschenkkartons\/#breadcrumb","itemListElement":[{"@type":"ListItem","position":1,"name":"Startseite","item":"https:\/\/weltlaeden.de\/schongau\/"},{"@type":"ListItem","position":2,"name":"Produkte","item":"https:\/\/weltlaeden.de\/schongau\/produkte\/"},{"@type":"ListItem","position":3,"name":"Pr\u00e4sentk\u00f6rbe und Geschenkkartons"}]},{"@type":"WebSite","@id":"https:\/\/weltlaeden.de\/schongau\/#website","url":"https:\/\/weltlaeden.de\/schongau\/","name":"Weltladen Schongau","description":"Faire Produkte seit 2003 in Schongau","potentialAction":[{"@type":"SearchAction","target":{"@type":"EntryPoint","urlTemplate":"https:\/\/weltlaeden.de\/schongau\/?s={search_term_string}"},"query-input":{"@type":"PropertyValueSpecification","valueRequired":true,"valueName":"search_term_string"}}],"inLanguage":"de"}]}},"_links":{"self":[{"href":"https:\/\/weltlaeden.de\/schongau\/wp-json\/wp\/v2\/pages\/1041","targetHints":{"allow":["GET"]}}],"collection":[{"href":"https:\/\/weltlaeden.de\/schongau\/wp-json\/wp\/v2\/pages"}],"about":[{"href":"https:\/\/weltlaeden.de\/schongau\/wp-json\/wp\/v2\/types\/page"}],"author":[{"embeddable":true,"href":"https:\/\/weltlaeden.de\/schongau\/wp-json\/wp\/v2\/users\/246"}],"replies":[{"embeddable":true,"href":"https:\/\/weltlaeden.de\/schongau\/wp-json\/wp\/v2\/comments?post=1041"}],"version-history":[{"count":9,"href":"https:\/\/weltlaeden.de\/schongau\/wp-json\/wp\/v2\/pages\/1041\/revisions"}],"predecessor-version":[{"id":1101,"href":"https:\/\/weltlaeden.de\/schongau\/wp-json\/wp\/v2\/pages\/1041\/revisions\/1101"}],"up":[{"embeddable":true,"href":"https:\/\/weltlaeden.de\/schongau\/wp-json\/wp\/v2\/pages\/217"}],"wp:attachment":[{"href":"https:\/\/weltlaeden.de\/schongau\/wp-json\/wp\/v2\/media?parent=1041"}],"curies":[{"name":"wp","href":"https:\/\/api.w.org\/{rel}","templated":true}]}}