{"id":23,"date":"2016-10-14T09:05:21","date_gmt":"2016-10-14T07:05:21","guid":{"rendered":"https:\/\/wl.heimpixel.de\/vorlage\/termine\/"},"modified":"2025-05-10T12:05:46","modified_gmt":"2025-05-10T10:05:46","slug":"termine","status":"publish","type":"page","link":"https:\/\/weltlaeden.de\/saarbruecken\/termine\/","title":{"rendered":"Termine"},"content":{"rendered":"<div class=\"wpb-content-wrapper\"><p>[vc_row][vc_column]<div class=\"wl_einzelbild\"><p><img loading=\"lazy\" decoding=\"async\" class=\"aligncenter size-full wp-image-nsm-3-33\" src=\"https:\/\/weltlaeden.de\/saarbruecken\/wp-content\/uploads\/sites\/3\/2018\/07\/pocket-watch-1637396_1920_pixabay.png\" alt=\"\" width=\"787\" height=\"340\" \/><\/p><\/div>[vc_empty_space height=&#8220;30px&#8220;][vc_column_text]<\/p>\n<h1>Termine<\/h1>\n<h4><\/h4>\n<p>[\/vc_column_text][vc_empty_space height=&#8220;30px&#8220;][\/vc_column][\/vc_row][vc_row][vc_column width=&#8220;2\/3&#8243;][vc_column_text]<\/p>\n<h2>Kommende Termine<\/h2>\n<p>[\/vc_column_text]<ul class=\"termine-page current aktuell\">[vc_empty_space height=&#8220;30px&#8220;][vc_column_text]<\/p>\n<h2>Vergangene Termine<\/h2>\n<p>[\/vc_column_text]<ul class=\"termine-page past vergangen\"><li><h5 class=\"termine-titel\"><a href=\"https:\/\/weltlaeden.de\/saarbruecken\/termin\/ladenversammlung\/\">Ladenversammlung<\/a><\/h5><p class=\"termine-date\">Di., 10.03.2026, 14:30<\/p><p class=\"termine-auszug\">Am Dienstag, 10. M\u00e4rz, findet um 14 Uhr 30 im Globalen Klassenzimmer im Ev. Gemeindezentrum (Ev. Kirch-Stra\u00dfe) die n\u00e4chste Ladenversammlung aller Mitarbeitenden im Weltladen statt. G\u00e4ste sind willkommen.<\/li><li><h5 class=\"termine-titel\"><a href=\"https:\/\/weltlaeden.de\/saarbruecken\/termin\/multivisionsshow-im-saarbruecker-schlosskeller\/\">Multivisionsshow im Saarbr\u00fccker Schlosskeller<\/a><\/h5><p class=\"termine-date\">Fr., 06.03.2026, 18:00<\/p><p class=\"termine-auszug\">Schokolade geh\u00f6rt zu den beliebtesten S\u00fc\u00dfigkeiten weltweit. Sie ist k\u00f6stlich, schmilzt auf der Zunge und ruft Gl\u00fccksgef\u00fchle hervor. Ihre Hauptingredienzen sind Kakao, Zucker und Milch. Wie werden aus diesen Zutaten eigentlich Schokoladentafeln hergestellt? Wer verdient mit ihnen das gro\u00dfe Geld und warum ist Schokolade so teuer geworden? <strong>Diesen Fragen gehen Jutta Ulmer und Michael Wolfsteiner in ihrer Multivisionsshow auf den Grund: am Freitag, 6. M\u00e4rz, um 18 Uhr im Schlosskeller (Am Schlossplatz) in Saarbr\u00fccken.<\/strong> Ihre Reportage beginnt in den mystischen Regenw\u00e4ldern Guatemalas, wo die Maya bereits vor 1.500 Jahren aus den Fr\u00fcchten des Kakaobaums Trinkschokolade zubereiteten. Die Reise f\u00fchrt aber auch zu den ersten Schokoladenfabriken Europas und den Gr\u00fcnden, warum heute im konventionellen Kakaosektor Armut und Kinderarbeit weit verbreitet sind. Eine Alternative bietet der Faire Handel, weshalb die beiden Fotojournalisten drei bio-zertifizierte Fair-Trade-Kleinbauernverb\u00e4nde besucht haben: in Bolivien Kakaobauern, in Paraguay Zuckerrohrbauern und in Deutschland eine Milchbauernfamilie. Mit au\u00dfergew\u00f6hnlichen Fotos berichtet [...] <a href=\"https:\/\/weltlaeden.de\/saarbruecken\/termin\/multivisionsshow-im-saarbruecker-schlosskeller\/\"><small>[WEITERLESEN]<\/small><\/a><\/p><\/li><li><h5 class=\"termine-titel\"><a href=\"https:\/\/weltlaeden.de\/saarbruecken\/termin\/die-vielfalt-der-welt-schmecken\/\">Die Vielfalt der Welt schmecken<\/a><\/h5><p class=\"termine-date\">Sa., 20.09.2025, 11:00<\/p><p class=\"termine-auszug\">Anl\u00e4sslich der bundesweiten Fairen Wochen l\u00e4dt der Weltladen Saarbr\u00fccken in der Evangelisch-Kirch-Stra\u00dfe 8 am Samstag, 21. September, dazu ein, die Vielfalt fair gehandelter Produkte zu schmecken: Von 11 bis 15 Uhr k\u00f6nnen N\u00fcsse aus Kolumbien, Schokolade aus der Dominikanischen Republik, Kartoffel-Chips aus Peru und getrocknete Mangos von den Philippinen gekostet werden. Dazu gibt es Infos \u00fcber die Produzenten. Die bundesweite \u201eFaire Woche\u201c vom 12. bis 26. September steht unter dem Motto \u201eFair handeln \u2013 Vielfalt erleben!\u201c Dass Vielfalt im Fairen Handel eine gro\u00dfe Rolle spielt, zeigt sich an vielen Stellen. Angefangen bei der gro\u00dfen Produktvielfalt, die unser Leben bereichert. Kaffee, Tee und Schokolade kennen alle. Aber wie sieht es aus mit bunten Kartoffelchips, Notizb\u00fcchern aus Elefantenmist oder H\u00e4ngematten? Die Faire Woche l\u00e4dt zum Entdecken ein! Tel. 0681\/ 32282 Info@weltladen-saarbruecken.de. &nbsp;<\/li><\/ul>[\/vc_column][\/vc_row]<\/p>\n<\/div>","protected":false},"excerpt":{"rendered":"<p>[vc_row][vc_column][vc_empty_space height=&#8220;30px&#8220;][vc_column_text] Termine [\/vc_column_text][vc_empty_space height=&#8220;30px&#8220;][\/vc_column][\/vc_row][vc_row][vc_column width=&#8220;2\/3&#8243;][vc_column_text] Kommende Termine [\/vc_column_text][vc_empty_space height=&#8220;30px&#8220;][vc_column_text] Vergangene Termine [\/vc_column_text][\/vc_column][\/vc_row]<\/p>\n","protected":false},"author":1,"featured_media":0,"parent":0,"menu_order":5,"comment_status":"closed","ping_status":"closed","template":"","meta":{"footnotes":""},"class_list":["post-23","page","type-page","status-publish","hentry","description-off"],"yoast_head":"<!-- This site is optimized with the Yoast SEO plugin v26.8 - https:\/\/yoast.com\/product\/yoast-seo-wordpress\/ -->\n<title>Termine - Weltladen Saarbr\u00fccken<\/title>\n<meta name=\"robots\" content=\"index, follow, max-snippet:-1, max-image-preview:large, max-video-preview:-1\" \/>\n<link rel=\"canonical\" href=\"https:\/\/weltlaeden.de\/saarbruecken\/termine\/\" \/>\n<meta property=\"og:locale\" content=\"de_DE\" \/>\n<meta property=\"og:type\" content=\"article\" \/>\n<meta property=\"og:title\" content=\"Termine - Weltladen Saarbr\u00fccken\" \/>\n<meta property=\"og:description\" content=\"[vc_row][vc_column][vc_empty_space height=&#8220;30px&#8220;][vc_column_text] Termine [\/vc_column_text][vc_empty_space height=&#8220;30px&#8220;][\/vc_column][\/vc_row][vc_row][vc_column width=&#8220;2\/3&#8243;][vc_column_text] Kommende Termine [\/vc_column_text][vc_empty_space height=&#8220;30px&#8220;][vc_column_text] Vergangene Termine [\/vc_column_text][\/vc_column][\/vc_row]\" \/>\n<meta property=\"og:url\" content=\"https:\/\/weltlaeden.de\/saarbruecken\/termine\/\" \/>\n<meta property=\"og:site_name\" content=\"Weltladen Saarbr\u00fccken\" \/>\n<meta property=\"article:modified_time\" content=\"2025-05-10T10:05:46+00:00\" \/>\n<meta property=\"og:image\" content=\"https:\/\/weltlaeden.de\/saarbruecken\/wp-content\/uploads\/sites\/3\/2018\/07\/pocket-watch-1637396_1920_pixabay.png\" \/>\n<meta name=\"twitter:card\" content=\"summary_large_image\" \/>\n<script type=\"application\/ld+json\" class=\"yoast-schema-graph\">{\"@context\":\"https:\/\/schema.org\",\"@graph\":[{\"@type\":\"WebPage\",\"@id\":\"https:\/\/weltlaeden.de\/saarbruecken\/termine\/\",\"url\":\"https:\/\/weltlaeden.de\/saarbruecken\/termine\/\",\"name\":\"Termine - Weltladen Saarbr\u00fccken\",\"isPartOf\":{\"@id\":\"https:\/\/weltlaeden.de\/saarbruecken\/#website\"},\"primaryImageOfPage\":{\"@id\":\"https:\/\/weltlaeden.de\/saarbruecken\/termine\/#primaryimage\"},\"image\":{\"@id\":\"https:\/\/weltlaeden.de\/saarbruecken\/termine\/#primaryimage\"},\"thumbnailUrl\":\"https:\/\/weltlaeden.de\/saarbruecken\/wp-content\/uploads\/sites\/3\/2018\/07\/pocket-watch-1637396_1920_pixabay.png\",\"datePublished\":\"2016-10-14T07:05:21+00:00\",\"dateModified\":\"2025-05-10T10:05:46+00:00\",\"breadcrumb\":{\"@id\":\"https:\/\/weltlaeden.de\/saarbruecken\/termine\/#breadcrumb\"},\"inLanguage\":\"de\",\"potentialAction\":[{\"@type\":\"ReadAction\",\"target\":[\"https:\/\/weltlaeden.de\/saarbruecken\/termine\/\"]}]},{\"@type\":\"ImageObject\",\"inLanguage\":\"de\",\"@id\":\"https:\/\/weltlaeden.de\/saarbruecken\/termine\/#primaryimage\",\"url\":\"https:\/\/weltlaeden.de\/saarbruecken\/wp-content\/uploads\/sites\/3\/2018\/07\/pocket-watch-1637396_1920_pixabay.png\",\"contentUrl\":\"https:\/\/weltlaeden.de\/saarbruecken\/wp-content\/uploads\/sites\/3\/2018\/07\/pocket-watch-1637396_1920_pixabay.png\"},{\"@type\":\"BreadcrumbList\",\"@id\":\"https:\/\/weltlaeden.de\/saarbruecken\/termine\/#breadcrumb\",\"itemListElement\":[{\"@type\":\"ListItem\",\"position\":1,\"name\":\"Startseite\",\"item\":\"https:\/\/weltlaeden.de\/saarbruecken\/\"},{\"@type\":\"ListItem\",\"position\":2,\"name\":\"Termine\"}]},{\"@type\":\"WebSite\",\"@id\":\"https:\/\/weltlaeden.de\/saarbruecken\/#website\",\"url\":\"https:\/\/weltlaeden.de\/saarbruecken\/\",\"name\":\"Weltladen Saarbr\u00fccken\",\"description\":\"Faire Produkte seit 1990\",\"potentialAction\":[{\"@type\":\"SearchAction\",\"target\":{\"@type\":\"EntryPoint\",\"urlTemplate\":\"https:\/\/weltlaeden.de\/saarbruecken\/?s={search_term_string}\"},\"query-input\":{\"@type\":\"PropertyValueSpecification\",\"valueRequired\":true,\"valueName\":\"search_term_string\"}}],\"inLanguage\":\"de\"}]}<\/script>\n<!-- \/ Yoast SEO plugin. -->","yoast_head_json":{"title":"Termine - Weltladen Saarbr\u00fccken","robots":{"index":"index","follow":"follow","max-snippet":"max-snippet:-1","max-image-preview":"max-image-preview:large","max-video-preview":"max-video-preview:-1"},"canonical":"https:\/\/weltlaeden.de\/saarbruecken\/termine\/","og_locale":"de_DE","og_type":"article","og_title":"Termine - Weltladen Saarbr\u00fccken","og_description":"[vc_row][vc_column][vc_empty_space height=&#8220;30px&#8220;][vc_column_text] Termine [\/vc_column_text][vc_empty_space height=&#8220;30px&#8220;][\/vc_column][\/vc_row][vc_row][vc_column width=&#8220;2\/3&#8243;][vc_column_text] Kommende Termine [\/vc_column_text][vc_empty_space height=&#8220;30px&#8220;][vc_column_text] Vergangene Termine [\/vc_column_text][\/vc_column][\/vc_row]","og_url":"https:\/\/weltlaeden.de\/saarbruecken\/termine\/","og_site_name":"Weltladen Saarbr\u00fccken","article_modified_time":"2025-05-10T10:05:46+00:00","og_image":[{"url":"https:\/\/weltlaeden.de\/saarbruecken\/wp-content\/uploads\/sites\/3\/2018\/07\/pocket-watch-1637396_1920_pixabay.png","type":"","width":"","height":""}],"twitter_card":"summary_large_image","schema":{"@context":"https:\/\/schema.org","@graph":[{"@type":"WebPage","@id":"https:\/\/weltlaeden.de\/saarbruecken\/termine\/","url":"https:\/\/weltlaeden.de\/saarbruecken\/termine\/","name":"Termine - Weltladen Saarbr\u00fccken","isPartOf":{"@id":"https:\/\/weltlaeden.de\/saarbruecken\/#website"},"primaryImageOfPage":{"@id":"https:\/\/weltlaeden.de\/saarbruecken\/termine\/#primaryimage"},"image":{"@id":"https:\/\/weltlaeden.de\/saarbruecken\/termine\/#primaryimage"},"thumbnailUrl":"https:\/\/weltlaeden.de\/saarbruecken\/wp-content\/uploads\/sites\/3\/2018\/07\/pocket-watch-1637396_1920_pixabay.png","datePublished":"2016-10-14T07:05:21+00:00","dateModified":"2025-05-10T10:05:46+00:00","breadcrumb":{"@id":"https:\/\/weltlaeden.de\/saarbruecken\/termine\/#breadcrumb"},"inLanguage":"de","potentialAction":[{"@type":"ReadAction","target":["https:\/\/weltlaeden.de\/saarbruecken\/termine\/"]}]},{"@type":"ImageObject","inLanguage":"de","@id":"https:\/\/weltlaeden.de\/saarbruecken\/termine\/#primaryimage","url":"https:\/\/weltlaeden.de\/saarbruecken\/wp-content\/uploads\/sites\/3\/2018\/07\/pocket-watch-1637396_1920_pixabay.png","contentUrl":"https:\/\/weltlaeden.de\/saarbruecken\/wp-content\/uploads\/sites\/3\/2018\/07\/pocket-watch-1637396_1920_pixabay.png"},{"@type":"BreadcrumbList","@id":"https:\/\/weltlaeden.de\/saarbruecken\/termine\/#breadcrumb","itemListElement":[{"@type":"ListItem","position":1,"name":"Startseite","item":"https:\/\/weltlaeden.de\/saarbruecken\/"},{"@type":"ListItem","position":2,"name":"Termine"}]},{"@type":"WebSite","@id":"https:\/\/weltlaeden.de\/saarbruecken\/#website","url":"https:\/\/weltlaeden.de\/saarbruecken\/","name":"Weltladen Saarbr\u00fccken","description":"Faire Produkte seit 1990","potentialAction":[{"@type":"SearchAction","target":{"@type":"EntryPoint","urlTemplate":"https:\/\/weltlaeden.de\/saarbruecken\/?s={search_term_string}"},"query-input":{"@type":"PropertyValueSpecification","valueRequired":true,"valueName":"search_term_string"}}],"inLanguage":"de"}]}},"_links":{"self":[{"href":"https:\/\/weltlaeden.de\/saarbruecken\/wp-json\/wp\/v2\/pages\/23","targetHints":{"allow":["GET"]}}],"collection":[{"href":"https:\/\/weltlaeden.de\/saarbruecken\/wp-json\/wp\/v2\/pages"}],"about":[{"href":"https:\/\/weltlaeden.de\/saarbruecken\/wp-json\/wp\/v2\/types\/page"}],"author":[{"embeddable":true,"href":"https:\/\/weltlaeden.de\/saarbruecken\/wp-json\/wp\/v2\/users\/1"}],"replies":[{"embeddable":true,"href":"https:\/\/weltlaeden.de\/saarbruecken\/wp-json\/wp\/v2\/comments?post=23"}],"version-history":[{"count":14,"href":"https:\/\/weltlaeden.de\/saarbruecken\/wp-json\/wp\/v2\/pages\/23\/revisions"}],"predecessor-version":[{"id":414,"href":"https:\/\/weltlaeden.de\/saarbruecken\/wp-json\/wp\/v2\/pages\/23\/revisions\/414"}],"wp:attachment":[{"href":"https:\/\/weltlaeden.de\/saarbruecken\/wp-json\/wp\/v2\/media?parent=23"}],"curies":[{"name":"wp","href":"https:\/\/api.w.org\/{rel}","templated":true}]}}