{"id":649,"date":"2019-07-08T14:48:54","date_gmt":"2019-07-08T12:48:54","guid":{"rendered":"https:\/\/weltlaeden.de\/s-vaihingen\/?page_id=649"},"modified":"2025-03-03T23:51:35","modified_gmt":"2025-03-03T22:51:35","slug":"spendenprojekte","status":"publish","type":"page","link":"https:\/\/weltlaeden.de\/s-vaihingen\/spendenprojekte\/","title":{"rendered":"Spendenprojekte"},"content":{"rendered":"<div class=\"wpb-content-wrapper\"><p>[vc_row][vc_column][vc_column_text]<\/p>\n<h1>Spendenprojekte<\/h1>\n<div>\n<p>Dank Ihres Einkaufs und des t\u00e4glichen ehrenamtlichen Einsatzes des Weltladen-Teams k\u00f6nnen wir regelm\u00e4\u00dfig folgende Projekte unterst\u00fctzen:<\/p>\n<\/div>\n<p>[\/vc_column_text][vc_empty_space][\/vc_column][\/vc_row][vc_row type=&#8220;vc_default&#8220; content_placement=&#8220;middle&#8220;][vc_column width=&#8220;1\/2&#8243;][vc_single_image image=&#8220;1057&#8243; img_size=&#8220;large&#8220;][vc_empty_space][\/vc_column][vc_column width=&#8220;1\/2&#8243;][vc_column_text]<\/p>\n<h2>Shishu Neer<\/h2>\n<p>Ort: Bangladesh<\/p>\n<ul>\n<li>Fokus: Stra\u00dfenkinder und Kinderarbeit<\/li>\n<li>Einrichtung einer Slumschule in Dhaka<\/li>\n<li>grundlegende Versorgung der Kinder z.B. Wasser<\/li>\n<\/ul>\n<p><a href=\"http:\/\/shishuneer.de\/\">http:\/\/shishuneer.de\/<\/a>[\/vc_column_text][\/vc_column][\/vc_row][vc_row type=&#8220;vc_default&#8220; content_placement=&#8220;middle&#8220;][vc_column width=&#8220;1\/2&#8243;][vc_column_text]<\/p>\n<h2>Kipepeo e.V.<\/h2>\n<p>Ort: Uganda &amp; Tansania<\/p>\n<ul>\n<li>Wassertanks<\/li>\n<li>Hilfe zur Selbsthilfe<\/li>\n<li>sauberes Wasser<\/li>\n<\/ul>\n<p><a href=\"https:\/\/weltlaeden.de\/s-vaihingen\/kipepeo-2\/\">mehr<\/a>&#8230;[\/vc_column_text][\/vc_column][vc_column width=&#8220;1\/2&#8243;][vc_single_image image=&#8220;501&#8243; img_size=&#8220;large&#8220;][vc_empty_space][\/vc_column][\/vc_row][vc_row type=&#8220;vc_default&#8220; content_placement=&#8220;middle&#8220;][vc_column width=&#8220;1\/2&#8243;][vc_single_image image=&#8220;1055&#8243; img_size=&#8220;large&#8220;][vc_empty_space][\/vc_column][vc_column width=&#8220;1\/2&#8243;][vc_column_text]<\/p>\n<h2>Kranich &#8211; AIDS in Afrika e.V.<\/h2>\n<p>Ort: Uganda &amp; Kenia<\/p>\n<ul>\n<li>medizinische Information<\/li>\n<li>Selbsthilfe f\u00fcr Waisen &amp; Witwer\/n<\/li>\n<li>Leben in W\u00fcrde mit HIV\/AIDS<\/li>\n<\/ul>\n<p><a href=\"http:\/\/www.kranich-aidsinafrika.de\/\">http:\/\/www.kranich-aidsinafrika.de\/<\/a>[\/vc_column_text][\/vc_column][\/vc_row][vc_row][vc_column width=&#8220;1\/2&#8243;][vc_column_text]<span style=\"color: #000000;font-size: large\">EinDollarBrille e.V.<\/span><\/p>\n<p><span style=\"color: #000000\"><span style=\"font-size: small\">Ort:<\/span><\/span> <span style=\"color: #000000\"><span style=\"font-size: small\">Derzeit in den L\u00e4ndern Bolivien, Brasilien, Burkina Faso, Kenia, Indien, Malawi und Peru mit eigenen Projekten aktiv.<\/span><\/span><\/p>\n<ul>\n<li><span style=\"color: #000000\"><span style=\"font-size: small\">Augenoptische Grundversorgung<\/span><\/span><\/li>\n<li><span style=\"color: #000000\"><span style=\"font-family: Calibri, serif\"><span style=\"font-size: small\">Sehtests vor Ort mit sofortiger Anpassung der Brille<\/span><\/span><\/span><\/li>\n<li><span style=\"color: #000000\"><span style=\"font-size: small\">Ausbildungskonzepte f\u00fcr optische Fachkr\u00e4fte <\/span><\/span><\/li>\n<\/ul>\n<p><span style=\"color: #000000\"><span style=\"font-size: small\">Die Jahresberichte finden sie auf der Webseite<\/span><\/span><\/p>\n<p><a href=\"http:\/\/www.eindollarbrille.de\"><span style=\"color: #ffbb27\"><span style=\"font-size: small\">www.eindollarbrille.de<\/span><\/span><\/a>[\/vc_column_text][\/vc_column][vc_column width=&#8220;1\/2&#8243;][vc_single_image image=&#8220;1152&#8243; img_size=&#8220;full&#8220;][\/vc_column][vc_column][vc_empty_space][vc_row_inner][vc_column_inner width=&#8220;1\/2&#8243;][vc_empty_space height=&#8220;64px&#8220;][vc_single_image image=&#8220;1685&#8243; img_size=&#8220;full&#8220;][\/vc_column_inner][vc_column_inner width=&#8220;1\/2&#8243;][vc_column_text]<span style=\"color: #000000;font-size: large\">Trinity Academy Bukomansimbi<\/span><\/p>\n<p>Ort: Uganda<\/p>\n<ul>\n<li>Vor- und Grundschule mit M\u00f6glichkeit der Internatsunterbringung<\/li>\n<li>Patenschaften<\/li>\n<li>Erweiterungsbau Schulgeb\u00e4ude<\/li>\n<li>Schule integriert in den Verein \u201eOur Children And Our Future\u201c<\/li>\n<\/ul>\n<p>Weitere Informationen zum Projekt: <a href=\"https:\/\/wechange.de\/group\/trinity-academy-bukomansimbi-uganda\/\" target=\"_blank\" rel=\"noopener\">https:\/\/wechange.de\/group\/trinity-academy-bukomansimbi-uganda\/<\/a>[\/vc_column_text][\/vc_column_inner][\/vc_row_inner][\/vc_column][\/vc_row][vc_row][vc_column width=&#8220;1\/2&#8243;][vc_empty_space][vc_column_text css=&#8220;&#8220;]<\/p>\n<h2>Preda Freundeskreis<\/h2>\n<p>Der PREDA Freundeskreis e.V. wirkt als Sprachrohr zwischen der PREDA Foundation, Inc. auf den Philippinen und Deutschland \/ Europa. Es verbindet sie eine Vision: Der Glaube an eine gerechte, freie und friedliche Gesellschaft, die dem Gemeinwohl dient, Menschen- und Kinderrechte achtet und verteidigt, in der keine Armut herrscht, in der die Umwelt gesch\u00fctzt und in der die Kultur von indigenen Bev\u00f6lkerungsgruppen respektiert und gef\u00f6rdert wird.<\/p>\n<p>Ein Teil der Arbeit von PREDA auf den Philippinen: Fairer Handel, der lecker schmeckt,\u00a0Mangos f\u00fcr Kinderrechte: Mit unseren Kooperationspartnern bringen wir mit den leckeren Mangoprodukten von PREDA ein St\u00fcck Philippinen in die Weltl\u00e4den Europas \u2013 und eine faire Bezahlung dorthin, wo sie dringend ben\u00f6tigt wird.<\/p>\n<p>N\u00e4heres siehe <a href=\"https:\/\/preda-freundeskreis.de\/\" target=\"_blank\" rel=\"noopener\">https:\/\/preda-freundeskreis.de\/<\/a> und <a href=\"https:\/\/preda.org\/\" target=\"_blank\" rel=\"noopener\">https:\/\/preda.org\/<\/a><\/p>\n<p>Foto: <a href=\"https:\/\/preda.org\/photogallery\/\" target=\"_blank\" rel=\"noopener\">https:\/\/preda.org\/photogallery\/<\/a><\/p>\n<p>&nbsp;<\/p>\n<p>[\/vc_column_text][\/vc_column][vc_column width=&#8220;1\/2&#8243;][vc_empty_space height=&#8220;180&#8243;][vc_single_image image=&#8220;1855&#8243; img_size=&#8220;full&#8220; add_caption=&#8220;yes&#8220; css=&#8220;&#8220;][\/vc_column][\/vc_row][vc_row][vc_column][vc_row_inner][vc_column_inner width=&#8220;1\/2&#8243;][vc_single_image image=&#8220;1859&#8243; img_size=&#8220;full&#8220; css=&#8220;&#8220;][\/vc_column_inner][vc_column_inner width=&#8220;1\/2&#8243;][vc_column_text css=&#8220;&#8220;]<span style=\"color: #000000;font-size: large\">Regenwald Institut e.V.<\/span><\/p>\n<p>Das Regenwald Institut engagiert sich im Schutz der Amazonas Regenw\u00e4lder. Unter anderem wurden 45km\u00b2 Regenwald gekauft. Dieser wird mit nahegelegenen Dorfgemeinschaften nachhaltig genutzt.<br \/>\nWeitere Informationen: <a href=\"https:\/\/regenwald-institut.de\/\">https:\/\/regenwald-institut.de\/<\/a><\/p>\n<p>Foto: Regenwald Weg Morgennebel, Kanenori, Pixabay<\/p>\n<p>[\/vc_column_text][\/vc_column_inner][\/vc_row_inner][\/vc_column][\/vc_row][vc_row][vc_column width=&#8220;1\/2&#8243;][vc_empty_space][vc_column_text css=&#8220;&#8220;]<\/p>\n<h2>Ganesh Nepalhilfe e.V.<\/h2>\n<p>Ganesh Nepalhilfe betreibt ein Kinderheim f\u00fcr behinderte Kinder, unterst\u00fctzt Frauen in Nepal und ist in der Nothilfe aktiv.<\/p>\n<p>Entstanden aus jahrzehntelangen Kontakten nach Nepal: <a href=\"http:\/\/www.ganesh-nepalhilfe.org\">www.ganesh-nepalhilfe.org<\/a><\/p>\n<p>Foto: <a href=\"https:\/\/www.ganesh-nepalhilfe.org\/kinderheim\">https:\/\/www.ganesh-nepalhilfe.org\/kinderheim<\/a>[\/vc_column_text][\/vc_column][vc_column width=&#8220;1\/2&#8243;][vc_empty_space height=&#8220;64px&#8220;][vc_single_image image=&#8220;1862&#8243; img_size=&#8220;full&#8220; add_caption=&#8220;yes&#8220; css=&#8220;&#8220;][\/vc_column][\/vc_row][vc_row][vc_column][vc_row_inner][vc_column_inner width=&#8220;1\/2&#8243;][vc_empty_space height=&#8220;110px&#8220;][vc_single_image image=&#8220;1865&#8243; img_size=&#8220;full&#8220; css=&#8220;&#8220;][\/vc_column_inner][vc_column_inner width=&#8220;1\/2&#8243;][vc_column_text css=&#8220;&#8220;]<span style=\"color: #000000;font-size: large\">Hilfsfonds Burkina Faso e.V.<\/span><\/p>\n<p>Durch die Arbeit und Projekte des Hilfsfonds werden u.a. nachfolgende Punkte realisiert:<\/p>\n<ul>\n<li>Durch Bildung Wohlstand f\u00fcr alle schaffen<\/li>\n<li>Handwerker, Bauern und Handel vor Ort Arbeit geben und unterst\u00fctzen<\/li>\n<li>Erwirtschaftung des n\u00f6tigen Kapitals durch den Verkauf von Mangos, Papayas und anderer Fr\u00fcchte.<\/li>\n<li>Neue Technologien wie Solartechnik einf\u00fchren, so dass im Land Fachkr\u00e4fte daf\u00fcr ausgebildet werden k\u00f6nnen&#8230;<\/li>\n<\/ul>\n<p>Und wir beziehen vom Hilfsfonds ein- bis zweimal im Jahr &#8222;die besten Mangos der Welt&#8220;, um dazu ein bisschen beizutragen.<\/p>\n<p>N\u00e4here Informationen: <a href=\"http:\/\/www.direkthilfe-burkina.de\">www.direkthilfe-burkina.de<\/a><\/p>\n<p>Foto: <a href=\"https:\/\/www.direkthilfe-burkina.de\/projekte\/schulbau\/koudougou-berufschule.html\">https:\/\/www.direkthilfe-burkina.de\/projekte\/schulbau\/koudougou-berufschule.html<\/a><\/p>\n<p>[\/vc_column_text][\/vc_column_inner][\/vc_row_inner][\/vc_column][\/vc_row][vc_row][vc_column width=&#8220;1\/2&#8243;][vc_empty_space][vc_column_text css=&#8220;&#8220;]<\/p>\n<h2>Pidecaf\u00e9 (Kaffee mit Weitblick)<\/h2>\n<p>Wir unterst\u00fctzen die Initiativen, die seit vielen Jahren daran mitarbeiten, dass der Pidecaf\u00e9 in Peru produziert und vorverarbeitet werden kann, bevor er durch die Gepa importiert und fertigverarbeitet wird,<\/p>\n<p>Pidecaf\u00e9 ist ein Hochlandkaffee aus der Andenregion im Norden Perus, der inzwischen weltweit exportiert wird und f\u00fcr mittlerweile \u00fcber 10.000 Bauernfamilien ein Auskommen bedeutet. Er steht f\u00fcr ein integriertes, seit 30 Jahren stetig wachsendes und sich weiterentwickelndes Kaffeeprojekt nach dem Motto \u201eHilfe zur Selbsthilfe\u201c. Die B\u00e4uerinnen und Bauern sind autark, gewerkschaftlich organisiert und arbeiten nach den Zielen der Agrar\u00f6kologie. Eine beispielgebende Erfolgsarbeit der Beraterorganisation PROGRESO Piura und der Initialgruppe \u201eInitiative \u00dcberleben Bad Urach\u201c.<\/p>\n<p>N\u00e4heres, siehe\u00a0<a href=\"https:\/\/www.pidecafe.de\/uber-uns\">https:\/\/www.pidecafe.de\/uber-uns<\/a>[\/vc_column_text][\/vc_column][vc_column width=&#8220;1\/2&#8243;][vc_empty_space height=&#8220;96px&#8220;][vc_single_image image=&#8220;1868&#8243; img_size=&#8220;full&#8220; add_caption=&#8220;yes&#8220; css=&#8220;&#8220;][\/vc_column][\/vc_row][vc_row][vc_column][vc_empty_space][vc_column_text css=&#8220;&#8220;]<\/p>\n<h2>Kann ich da auch spenden?<\/h2>\n<p>Tr\u00e4ger des Weltladens ist der Kiwicha e.V., gemeinnn\u00fctzig, also in der Lage, Spendenbescheinigungen zu erstellen.<br \/>\nIhre Spenden werden einem unserer <a href=\"https:\/\/weltlaeden.de\/s-vaihingen\/spendenprojekte\/\">Spendenprojekte<\/a> zugewiesen.<\/p>\n<p>Hier unsere Bankverbindung\/Kontonummer:<br \/>\nVolksbank Stuttgart IBAN: DE34 6009 0100 0697 0050 03 BIC: VOBADESS<\/p>\n<p>&nbsp;<\/p>\n<p>[\/vc_column_text][\/vc_column][\/vc_row]<\/p>\n<\/div>","protected":false},"excerpt":{"rendered":"<p>[vc_row][vc_column][vc_column_text] Spendenprojekte Dank Ihres Einkaufs und des t\u00e4glichen ehrenamtlichen Einsatzes des Weltladen-Teams k\u00f6nnen wir regelm\u00e4\u00dfig folgende Projekte unterst\u00fctzen: [\/vc_column_text][vc_empty_space][\/vc_column][\/vc_row][vc_row type=&#8220;vc_default&#8220; content_placement=&#8220;middle&#8220;][vc_column width=&#8220;1\/2&#8243;][vc_single_image image=&#8220;1057&#8243; img_size=&#8220;large&#8220;][vc_empty_space][\/vc_column][vc_column width=&#8220;1\/2&#8243;][vc_column_text] Shishu Neer Ort: Bangladesh Fokus: Stra\u00dfenkinder und Kinderarbeit Einrichtung einer Slumschule in Dhaka grundlegende Versorgung der Kinder z.B. Wasser http:\/\/shishuneer.de\/[\/vc_column_text][\/vc_column][\/vc_row][vc_row type=&#8220;vc_default&#8220; content_placement=&#8220;middle&#8220;][vc_column width=&#8220;1\/2&#8243;][vc_column_text] Kipepeo e.V. Ort: Uganda &amp; Tansania Wassertanks&hellip;<\/p>\n","protected":false},"author":144,"featured_media":0,"parent":0,"menu_order":3,"comment_status":"closed","ping_status":"closed","template":"","meta":{"footnotes":""},"class_list":["post-649","page","type-page","status-publish","hentry","description-off"],"yoast_head":"<!-- This site is optimized with the Yoast SEO plugin v26.8 - https:\/\/yoast.com\/product\/yoast-seo-wordpress\/ -->\n<title>Spendenprojekte - Weltladen Stuttgart-Vaihingen<\/title>\n<meta name=\"robots\" content=\"index, follow, max-snippet:-1, max-image-preview:large, max-video-preview:-1\" \/>\n<link rel=\"canonical\" href=\"https:\/\/weltlaeden.de\/s-vaihingen\/spendenprojekte\/\" \/>\n<meta property=\"og:locale\" content=\"de_DE\" \/>\n<meta property=\"og:type\" content=\"article\" \/>\n<meta property=\"og:title\" content=\"Spendenprojekte - Weltladen Stuttgart-Vaihingen\" \/>\n<meta property=\"og:description\" content=\"[vc_row][vc_column][vc_column_text] Spendenprojekte Dank Ihres Einkaufs und des t\u00e4glichen ehrenamtlichen Einsatzes des Weltladen-Teams k\u00f6nnen wir regelm\u00e4\u00dfig folgende Projekte unterst\u00fctzen: [\/vc_column_text][vc_empty_space][\/vc_column][\/vc_row][vc_row type=&#8220;vc_default&#8220; content_placement=&#8220;middle&#8220;][vc_column width=&#8220;1\/2&#8243;][vc_single_image image=&#8220;1057&#8243; img_size=&#8220;large&#8220;][vc_empty_space][\/vc_column][vc_column width=&#8220;1\/2&#8243;][vc_column_text] Shishu Neer Ort: Bangladesh Fokus: Stra\u00dfenkinder und Kinderarbeit Einrichtung einer Slumschule in Dhaka grundlegende Versorgung der Kinder z.B. Wasser http:\/\/shishuneer.de\/[\/vc_column_text][\/vc_column][\/vc_row][vc_row type=&#8220;vc_default&#8220; content_placement=&#8220;middle&#8220;][vc_column width=&#8220;1\/2&#8243;][vc_column_text] Kipepeo e.V. Ort: Uganda &amp; Tansania Wassertanks&hellip;\" \/>\n<meta property=\"og:url\" content=\"https:\/\/weltlaeden.de\/s-vaihingen\/spendenprojekte\/\" \/>\n<meta property=\"og:site_name\" content=\"Weltladen Stuttgart-Vaihingen\" \/>\n<meta property=\"article:publisher\" content=\"https:\/\/www.facebook.com\/weltladenstuttgartvaihingen\/\" \/>\n<meta property=\"article:modified_time\" content=\"2025-03-03T22:51:35+00:00\" \/>\n<meta name=\"twitter:card\" content=\"summary_large_image\" \/>\n<meta name=\"twitter:label1\" content=\"Gesch\u00e4tzte Lesezeit\" \/>\n\t<meta name=\"twitter:data1\" content=\"4\u00a0Minuten\" \/>\n<script type=\"application\/ld+json\" class=\"yoast-schema-graph\">{\"@context\":\"https:\/\/schema.org\",\"@graph\":[{\"@type\":\"WebPage\",\"@id\":\"https:\/\/weltlaeden.de\/s-vaihingen\/spendenprojekte\/\",\"url\":\"https:\/\/weltlaeden.de\/s-vaihingen\/spendenprojekte\/\",\"name\":\"Spendenprojekte - Weltladen Stuttgart-Vaihingen\",\"isPartOf\":{\"@id\":\"https:\/\/weltlaeden.de\/s-vaihingen\/#website\"},\"datePublished\":\"2019-07-08T12:48:54+00:00\",\"dateModified\":\"2025-03-03T22:51:35+00:00\",\"breadcrumb\":{\"@id\":\"https:\/\/weltlaeden.de\/s-vaihingen\/spendenprojekte\/#breadcrumb\"},\"inLanguage\":\"de\",\"potentialAction\":[{\"@type\":\"ReadAction\",\"target\":[\"https:\/\/weltlaeden.de\/s-vaihingen\/spendenprojekte\/\"]}]},{\"@type\":\"BreadcrumbList\",\"@id\":\"https:\/\/weltlaeden.de\/s-vaihingen\/spendenprojekte\/#breadcrumb\",\"itemListElement\":[{\"@type\":\"ListItem\",\"position\":1,\"name\":\"Startseite\",\"item\":\"https:\/\/weltlaeden.de\/s-vaihingen\/\"},{\"@type\":\"ListItem\",\"position\":2,\"name\":\"Spendenprojekte\"}]},{\"@type\":\"WebSite\",\"@id\":\"https:\/\/weltlaeden.de\/s-vaihingen\/#website\",\"url\":\"https:\/\/weltlaeden.de\/s-vaihingen\/\",\"name\":\"Weltladen Stuttgart-Vaihingen\",\"description\":\"Faire Produkte seit 1987\",\"publisher\":{\"@id\":\"https:\/\/weltlaeden.de\/s-vaihingen\/#organization\"},\"potentialAction\":[{\"@type\":\"SearchAction\",\"target\":{\"@type\":\"EntryPoint\",\"urlTemplate\":\"https:\/\/weltlaeden.de\/s-vaihingen\/?s={search_term_string}\"},\"query-input\":{\"@type\":\"PropertyValueSpecification\",\"valueRequired\":true,\"valueName\":\"search_term_string\"}}],\"inLanguage\":\"de\"},{\"@type\":\"Organization\",\"@id\":\"https:\/\/weltlaeden.de\/s-vaihingen\/#organization\",\"name\":\"Stuttgarter Weltladen in Vaihingen\",\"url\":\"https:\/\/weltlaeden.de\/s-vaihingen\/\",\"logo\":{\"@type\":\"ImageObject\",\"inLanguage\":\"de\",\"@id\":\"https:\/\/weltlaeden.de\/s-vaihingen\/#\/schema\/logo\/image\/\",\"url\":\"https:\/\/weltlaeden.de\/s-vaihingen\/wp-content\/uploads\/sites\/90\/2019\/04\/stuttgarter-Weltladen-in-vaihingen.jpg\",\"contentUrl\":\"https:\/\/weltlaeden.de\/s-vaihingen\/wp-content\/uploads\/sites\/90\/2019\/04\/stuttgarter-Weltladen-in-vaihingen.jpg\",\"width\":2601,\"height\":1625,\"caption\":\"Stuttgarter Weltladen in Vaihingen\"},\"image\":{\"@id\":\"https:\/\/weltlaeden.de\/s-vaihingen\/#\/schema\/logo\/image\/\"},\"sameAs\":[\"https:\/\/www.facebook.com\/weltladenstuttgartvaihingen\/\"]}]}<\/script>\n<!-- \/ Yoast SEO plugin. -->","yoast_head_json":{"title":"Spendenprojekte - Weltladen Stuttgart-Vaihingen","robots":{"index":"index","follow":"follow","max-snippet":"max-snippet:-1","max-image-preview":"max-image-preview:large","max-video-preview":"max-video-preview:-1"},"canonical":"https:\/\/weltlaeden.de\/s-vaihingen\/spendenprojekte\/","og_locale":"de_DE","og_type":"article","og_title":"Spendenprojekte - Weltladen Stuttgart-Vaihingen","og_description":"[vc_row][vc_column][vc_column_text] Spendenprojekte Dank Ihres Einkaufs und des t\u00e4glichen ehrenamtlichen Einsatzes des Weltladen-Teams k\u00f6nnen wir regelm\u00e4\u00dfig folgende Projekte unterst\u00fctzen: [\/vc_column_text][vc_empty_space][\/vc_column][\/vc_row][vc_row type=&#8220;vc_default&#8220; content_placement=&#8220;middle&#8220;][vc_column width=&#8220;1\/2&#8243;][vc_single_image image=&#8220;1057&#8243; img_size=&#8220;large&#8220;][vc_empty_space][\/vc_column][vc_column width=&#8220;1\/2&#8243;][vc_column_text] Shishu Neer Ort: Bangladesh Fokus: Stra\u00dfenkinder und Kinderarbeit Einrichtung einer Slumschule in Dhaka grundlegende Versorgung der Kinder z.B. Wasser http:\/\/shishuneer.de\/[\/vc_column_text][\/vc_column][\/vc_row][vc_row type=&#8220;vc_default&#8220; content_placement=&#8220;middle&#8220;][vc_column width=&#8220;1\/2&#8243;][vc_column_text] Kipepeo e.V. Ort: Uganda &amp; Tansania Wassertanks&hellip;","og_url":"https:\/\/weltlaeden.de\/s-vaihingen\/spendenprojekte\/","og_site_name":"Weltladen Stuttgart-Vaihingen","article_publisher":"https:\/\/www.facebook.com\/weltladenstuttgartvaihingen\/","article_modified_time":"2025-03-03T22:51:35+00:00","twitter_card":"summary_large_image","twitter_misc":{"Gesch\u00e4tzte Lesezeit":"4\u00a0Minuten"},"schema":{"@context":"https:\/\/schema.org","@graph":[{"@type":"WebPage","@id":"https:\/\/weltlaeden.de\/s-vaihingen\/spendenprojekte\/","url":"https:\/\/weltlaeden.de\/s-vaihingen\/spendenprojekte\/","name":"Spendenprojekte - Weltladen Stuttgart-Vaihingen","isPartOf":{"@id":"https:\/\/weltlaeden.de\/s-vaihingen\/#website"},"datePublished":"2019-07-08T12:48:54+00:00","dateModified":"2025-03-03T22:51:35+00:00","breadcrumb":{"@id":"https:\/\/weltlaeden.de\/s-vaihingen\/spendenprojekte\/#breadcrumb"},"inLanguage":"de","potentialAction":[{"@type":"ReadAction","target":["https:\/\/weltlaeden.de\/s-vaihingen\/spendenprojekte\/"]}]},{"@type":"BreadcrumbList","@id":"https:\/\/weltlaeden.de\/s-vaihingen\/spendenprojekte\/#breadcrumb","itemListElement":[{"@type":"ListItem","position":1,"name":"Startseite","item":"https:\/\/weltlaeden.de\/s-vaihingen\/"},{"@type":"ListItem","position":2,"name":"Spendenprojekte"}]},{"@type":"WebSite","@id":"https:\/\/weltlaeden.de\/s-vaihingen\/#website","url":"https:\/\/weltlaeden.de\/s-vaihingen\/","name":"Weltladen Stuttgart-Vaihingen","description":"Faire Produkte seit 1987","publisher":{"@id":"https:\/\/weltlaeden.de\/s-vaihingen\/#organization"},"potentialAction":[{"@type":"SearchAction","target":{"@type":"EntryPoint","urlTemplate":"https:\/\/weltlaeden.de\/s-vaihingen\/?s={search_term_string}"},"query-input":{"@type":"PropertyValueSpecification","valueRequired":true,"valueName":"search_term_string"}}],"inLanguage":"de"},{"@type":"Organization","@id":"https:\/\/weltlaeden.de\/s-vaihingen\/#organization","name":"Stuttgarter Weltladen in Vaihingen","url":"https:\/\/weltlaeden.de\/s-vaihingen\/","logo":{"@type":"ImageObject","inLanguage":"de","@id":"https:\/\/weltlaeden.de\/s-vaihingen\/#\/schema\/logo\/image\/","url":"https:\/\/weltlaeden.de\/s-vaihingen\/wp-content\/uploads\/sites\/90\/2019\/04\/stuttgarter-Weltladen-in-vaihingen.jpg","contentUrl":"https:\/\/weltlaeden.de\/s-vaihingen\/wp-content\/uploads\/sites\/90\/2019\/04\/stuttgarter-Weltladen-in-vaihingen.jpg","width":2601,"height":1625,"caption":"Stuttgarter Weltladen in Vaihingen"},"image":{"@id":"https:\/\/weltlaeden.de\/s-vaihingen\/#\/schema\/logo\/image\/"},"sameAs":["https:\/\/www.facebook.com\/weltladenstuttgartvaihingen\/"]}]}},"_links":{"self":[{"href":"https:\/\/weltlaeden.de\/s-vaihingen\/wp-json\/wp\/v2\/pages\/649","targetHints":{"allow":["GET"]}}],"collection":[{"href":"https:\/\/weltlaeden.de\/s-vaihingen\/wp-json\/wp\/v2\/pages"}],"about":[{"href":"https:\/\/weltlaeden.de\/s-vaihingen\/wp-json\/wp\/v2\/types\/page"}],"author":[{"embeddable":true,"href":"https:\/\/weltlaeden.de\/s-vaihingen\/wp-json\/wp\/v2\/users\/144"}],"replies":[{"embeddable":true,"href":"https:\/\/weltlaeden.de\/s-vaihingen\/wp-json\/wp\/v2\/comments?post=649"}],"version-history":[{"count":45,"href":"https:\/\/weltlaeden.de\/s-vaihingen\/wp-json\/wp\/v2\/pages\/649\/revisions"}],"predecessor-version":[{"id":1872,"href":"https:\/\/weltlaeden.de\/s-vaihingen\/wp-json\/wp\/v2\/pages\/649\/revisions\/1872"}],"wp:attachment":[{"href":"https:\/\/weltlaeden.de\/s-vaihingen\/wp-json\/wp\/v2\/media?parent=649"}],"curies":[{"name":"wp","href":"https:\/\/api.w.org\/{rel}","templated":true}]}}