{"id":1984,"date":"2025-08-15T23:53:54","date_gmt":"2025-08-15T21:53:54","guid":{"rendered":"https:\/\/weltlaeden.de\/s-vaihingen\/?page_id=1984"},"modified":"2025-08-16T00:02:37","modified_gmt":"2025-08-15T22:02:37","slug":"brotbox","status":"publish","type":"page","link":"https:\/\/weltlaeden.de\/s-vaihingen\/produkte\/produktbeschreibungen\/brotbox\/","title":{"rendered":"Erd\u00f6l hat Pause: Brotbox und anderes aus Zuckerrohrsaft&#8230;"},"content":{"rendered":"<div class=\"wpb-content-wrapper\"><p>[vc_row][vc_column][vc_column_text css=&#8220;&#8220;]<\/p>\n<h1 style=\"text-align: center\">Erd\u00f6l hat Pause: Brotbox und anderes aus Zuckerrohrsaft&#8230;<\/h1>\n<p style=\"text-align: center\"><img loading=\"lazy\" decoding=\"async\" class=\"alignnone size-full wp-image-785 aligncenter\" src=\"https:\/\/weltlaeden.de\/s-vaihingen\/wp-content\/uploads\/sites\/90\/2019\/08\/Brotboxen_0057_large-e1755293127581.jpg\" alt=\"\" width=\"479\" height=\"320\" srcset=\"https:\/\/weltlaeden.de\/s-vaihingen\/wp-content\/uploads\/sites\/90\/2019\/08\/Brotboxen_0057_large-e1755293127581.jpg 479w, https:\/\/weltlaeden.de\/s-vaihingen\/wp-content\/uploads\/sites\/90\/2019\/08\/Brotboxen_0057_large-e1755293127581-300x200.jpg 300w\" sizes=\"auto, (max-width: 479px) 100vw, 479px\" \/><\/p>\n<p style=\"text-align: center\">Die Rohstoffe (Zuckerrohrsaft,\u00a0Carnaubawachs) kommen von brasilianischen Palmen und werden in Deutschland verarbeitet. Der Zuckerrohrsaft ist dabei ein Restprodukt aus der Rohrzuckerproduktion, es wird also keine weitere landwirtschaftliche Fl\u00e4che daf\u00fcr ben\u00f6tigt und kein zus\u00e4tzlicher Baum daf\u00fcr gef\u00e4llt!<\/p>\n<p style=\"text-align: center\">Aus diesem Zuckerrohrsaft wird Bio-Ethanol hergestellt. Durch Polymerisation und Anreicherung mit Mineralien wird hochwertiges und langlebiges Bio-Polyethylen (Bio-PE) gewonnen. Dieses ist identisch in Qualit\u00e4t und Eigenschaften wie herk\u00f6mmlicher, hochwertiger Kunststoff, aber eben ohne die umwelt- und gesundheitssch\u00e4dlichen Komponenten.<\/p>\n<p style=\"text-align: center\">H\u00e4ufig gestellte Fragen werden <a href=\"http:\/\/www.ajaa.de\/pages\/faq\" target=\"_blank\" rel=\"noopener\">hier<\/a> beantwortet.<\/p>\n<p>\u00a0[\/vc_column_text][\/vc_column][\/vc_row]<\/p>\n<\/div>","protected":false},"excerpt":{"rendered":"<p>[vc_row][vc_column][vc_column_text css=&#8220;&#8220;] Erd\u00f6l hat Pause: Brotbox und anderes aus Zuckerrohrsaft&#8230; Die Rohstoffe (Zuckerrohrsaft,\u00a0Carnaubawachs) kommen von brasilianischen Palmen und werden in Deutschland verarbeitet. Der Zuckerrohrsaft ist dabei ein Restprodukt aus der Rohrzuckerproduktion, es wird also keine weitere landwirtschaftliche Fl\u00e4che daf\u00fcr ben\u00f6tigt und kein zus\u00e4tzlicher Baum daf\u00fcr gef\u00e4llt! Aus diesem Zuckerrohrsaft wird Bio-Ethanol hergestellt. Durch Polymerisation und&hellip;<\/p>\n","protected":false},"author":136,"featured_media":0,"parent":1501,"menu_order":8,"comment_status":"closed","ping_status":"closed","template":"","meta":{"footnotes":""},"class_list":["post-1984","page","type-page","status-publish","hentry","description-off"],"yoast_head":"<!-- This site is optimized with the Yoast SEO plugin v26.8 - https:\/\/yoast.com\/product\/yoast-seo-wordpress\/ -->\n<title>Erd\u00f6l hat Pause: Brotbox und anderes aus Zuckerrohrsaft... - Weltladen Stuttgart-Vaihingen<\/title>\n<meta name=\"robots\" content=\"index, follow, max-snippet:-1, max-image-preview:large, max-video-preview:-1\" \/>\n<link rel=\"canonical\" href=\"https:\/\/weltlaeden.de\/s-vaihingen\/brotbox\/\" \/>\n<meta property=\"og:locale\" content=\"de_DE\" \/>\n<meta property=\"og:type\" content=\"article\" \/>\n<meta property=\"og:title\" content=\"Erd\u00f6l hat Pause: Brotbox und anderes aus Zuckerrohrsaft... - Weltladen Stuttgart-Vaihingen\" \/>\n<meta property=\"og:description\" content=\"[vc_row][vc_column][vc_column_text css=&#8220;&#8220;] Erd\u00f6l hat Pause: Brotbox und anderes aus Zuckerrohrsaft&#8230; Die Rohstoffe (Zuckerrohrsaft,\u00a0Carnaubawachs) kommen von brasilianischen Palmen und werden in Deutschland verarbeitet. Der Zuckerrohrsaft ist dabei ein Restprodukt aus der Rohrzuckerproduktion, es wird also keine weitere landwirtschaftliche Fl\u00e4che daf\u00fcr ben\u00f6tigt und kein zus\u00e4tzlicher Baum daf\u00fcr gef\u00e4llt! Aus diesem Zuckerrohrsaft wird Bio-Ethanol hergestellt. Durch Polymerisation und&hellip;\" \/>\n<meta property=\"og:url\" content=\"https:\/\/weltlaeden.de\/s-vaihingen\/brotbox\/\" \/>\n<meta property=\"og:site_name\" content=\"Weltladen Stuttgart-Vaihingen\" \/>\n<meta property=\"article:publisher\" content=\"https:\/\/www.facebook.com\/weltladenstuttgartvaihingen\/\" \/>\n<meta property=\"article:modified_time\" content=\"2025-08-15T22:02:37+00:00\" \/>\n<meta property=\"og:image\" content=\"https:\/\/weltlaeden.de\/s-vaihingen\/wp-content\/uploads\/sites\/90\/2019\/08\/Brotboxen_0057_large-e1755293127581.jpg\" \/>\n\t<meta property=\"og:image:width\" content=\"479\" \/>\n\t<meta property=\"og:image:height\" content=\"320\" \/>\n\t<meta property=\"og:image:type\" content=\"image\/jpeg\" \/>\n<meta name=\"twitter:card\" content=\"summary_large_image\" \/>\n<meta name=\"twitter:label1\" content=\"Gesch\u00e4tzte Lesezeit\" \/>\n\t<meta name=\"twitter:data1\" content=\"1\u00a0Minute\" \/>\n<script type=\"application\/ld+json\" class=\"yoast-schema-graph\">{\"@context\":\"https:\/\/schema.org\",\"@graph\":[{\"@type\":\"WebPage\",\"@id\":\"https:\/\/weltlaeden.de\/s-vaihingen\/brotbox\/\",\"url\":\"https:\/\/weltlaeden.de\/s-vaihingen\/brotbox\/\",\"name\":\"Erd\u00f6l hat Pause: Brotbox und anderes aus Zuckerrohrsaft... - Weltladen Stuttgart-Vaihingen\",\"isPartOf\":{\"@id\":\"https:\/\/weltlaeden.de\/s-vaihingen\/#website\"},\"primaryImageOfPage\":{\"@id\":\"https:\/\/weltlaeden.de\/s-vaihingen\/brotbox\/#primaryimage\"},\"image\":{\"@id\":\"https:\/\/weltlaeden.de\/s-vaihingen\/brotbox\/#primaryimage\"},\"thumbnailUrl\":\"https:\/\/weltlaeden.de\/s-vaihingen\/wp-content\/uploads\/sites\/90\/2019\/08\/Brotboxen_0057_large-e1755293127581.jpg\",\"datePublished\":\"2025-08-15T21:53:54+00:00\",\"dateModified\":\"2025-08-15T22:02:37+00:00\",\"breadcrumb\":{\"@id\":\"https:\/\/weltlaeden.de\/s-vaihingen\/brotbox\/#breadcrumb\"},\"inLanguage\":\"de\",\"potentialAction\":[{\"@type\":\"ReadAction\",\"target\":[\"https:\/\/weltlaeden.de\/s-vaihingen\/brotbox\/\"]}]},{\"@type\":\"ImageObject\",\"inLanguage\":\"de\",\"@id\":\"https:\/\/weltlaeden.de\/s-vaihingen\/brotbox\/#primaryimage\",\"url\":\"https:\/\/weltlaeden.de\/s-vaihingen\/wp-content\/uploads\/sites\/90\/2019\/08\/Brotboxen_0057_large-e1755293127581.jpg\",\"contentUrl\":\"https:\/\/weltlaeden.de\/s-vaihingen\/wp-content\/uploads\/sites\/90\/2019\/08\/Brotboxen_0057_large-e1755293127581.jpg\",\"width\":479,\"height\":320},{\"@type\":\"BreadcrumbList\",\"@id\":\"https:\/\/weltlaeden.de\/s-vaihingen\/brotbox\/#breadcrumb\",\"itemListElement\":[{\"@type\":\"ListItem\",\"position\":1,\"name\":\"Startseite\",\"item\":\"https:\/\/weltlaeden.de\/s-vaihingen\/\"},{\"@type\":\"ListItem\",\"position\":2,\"name\":\"Erd\u00f6l hat Pause: Brotbox und anderes aus Zuckerrohrsaft&#8230;\"}]},{\"@type\":\"WebSite\",\"@id\":\"https:\/\/weltlaeden.de\/s-vaihingen\/#website\",\"url\":\"https:\/\/weltlaeden.de\/s-vaihingen\/\",\"name\":\"Weltladen Stuttgart-Vaihingen\",\"description\":\"Faire Produkte seit 1987\",\"publisher\":{\"@id\":\"https:\/\/weltlaeden.de\/s-vaihingen\/#organization\"},\"potentialAction\":[{\"@type\":\"SearchAction\",\"target\":{\"@type\":\"EntryPoint\",\"urlTemplate\":\"https:\/\/weltlaeden.de\/s-vaihingen\/?s={search_term_string}\"},\"query-input\":{\"@type\":\"PropertyValueSpecification\",\"valueRequired\":true,\"valueName\":\"search_term_string\"}}],\"inLanguage\":\"de\"},{\"@type\":\"Organization\",\"@id\":\"https:\/\/weltlaeden.de\/s-vaihingen\/#organization\",\"name\":\"Stuttgarter Weltladen in Vaihingen\",\"url\":\"https:\/\/weltlaeden.de\/s-vaihingen\/\",\"logo\":{\"@type\":\"ImageObject\",\"inLanguage\":\"de\",\"@id\":\"https:\/\/weltlaeden.de\/s-vaihingen\/#\/schema\/logo\/image\/\",\"url\":\"https:\/\/weltlaeden.de\/s-vaihingen\/wp-content\/uploads\/sites\/90\/2019\/04\/stuttgarter-Weltladen-in-vaihingen.jpg\",\"contentUrl\":\"https:\/\/weltlaeden.de\/s-vaihingen\/wp-content\/uploads\/sites\/90\/2019\/04\/stuttgarter-Weltladen-in-vaihingen.jpg\",\"width\":2601,\"height\":1625,\"caption\":\"Stuttgarter Weltladen in Vaihingen\"},\"image\":{\"@id\":\"https:\/\/weltlaeden.de\/s-vaihingen\/#\/schema\/logo\/image\/\"},\"sameAs\":[\"https:\/\/www.facebook.com\/weltladenstuttgartvaihingen\/\"]}]}<\/script>\n<!-- \/ Yoast SEO plugin. -->","yoast_head_json":{"title":"Erd\u00f6l hat Pause: Brotbox und anderes aus Zuckerrohrsaft... - Weltladen Stuttgart-Vaihingen","robots":{"index":"index","follow":"follow","max-snippet":"max-snippet:-1","max-image-preview":"max-image-preview:large","max-video-preview":"max-video-preview:-1"},"canonical":"https:\/\/weltlaeden.de\/s-vaihingen\/brotbox\/","og_locale":"de_DE","og_type":"article","og_title":"Erd\u00f6l hat Pause: Brotbox und anderes aus Zuckerrohrsaft... - Weltladen Stuttgart-Vaihingen","og_description":"[vc_row][vc_column][vc_column_text css=&#8220;&#8220;] Erd\u00f6l hat Pause: Brotbox und anderes aus Zuckerrohrsaft&#8230; Die Rohstoffe (Zuckerrohrsaft,\u00a0Carnaubawachs) kommen von brasilianischen Palmen und werden in Deutschland verarbeitet. Der Zuckerrohrsaft ist dabei ein Restprodukt aus der Rohrzuckerproduktion, es wird also keine weitere landwirtschaftliche Fl\u00e4che daf\u00fcr ben\u00f6tigt und kein zus\u00e4tzlicher Baum daf\u00fcr gef\u00e4llt! Aus diesem Zuckerrohrsaft wird Bio-Ethanol hergestellt. Durch Polymerisation und&hellip;","og_url":"https:\/\/weltlaeden.de\/s-vaihingen\/brotbox\/","og_site_name":"Weltladen Stuttgart-Vaihingen","article_publisher":"https:\/\/www.facebook.com\/weltladenstuttgartvaihingen\/","article_modified_time":"2025-08-15T22:02:37+00:00","og_image":[{"width":479,"height":320,"url":"https:\/\/weltlaeden.de\/s-vaihingen\/wp-content\/uploads\/sites\/90\/2019\/08\/Brotboxen_0057_large-e1755293127581.jpg","type":"image\/jpeg"}],"twitter_card":"summary_large_image","twitter_misc":{"Gesch\u00e4tzte Lesezeit":"1\u00a0Minute"},"schema":{"@context":"https:\/\/schema.org","@graph":[{"@type":"WebPage","@id":"https:\/\/weltlaeden.de\/s-vaihingen\/brotbox\/","url":"https:\/\/weltlaeden.de\/s-vaihingen\/brotbox\/","name":"Erd\u00f6l hat Pause: Brotbox und anderes aus Zuckerrohrsaft... - Weltladen Stuttgart-Vaihingen","isPartOf":{"@id":"https:\/\/weltlaeden.de\/s-vaihingen\/#website"},"primaryImageOfPage":{"@id":"https:\/\/weltlaeden.de\/s-vaihingen\/brotbox\/#primaryimage"},"image":{"@id":"https:\/\/weltlaeden.de\/s-vaihingen\/brotbox\/#primaryimage"},"thumbnailUrl":"https:\/\/weltlaeden.de\/s-vaihingen\/wp-content\/uploads\/sites\/90\/2019\/08\/Brotboxen_0057_large-e1755293127581.jpg","datePublished":"2025-08-15T21:53:54+00:00","dateModified":"2025-08-15T22:02:37+00:00","breadcrumb":{"@id":"https:\/\/weltlaeden.de\/s-vaihingen\/brotbox\/#breadcrumb"},"inLanguage":"de","potentialAction":[{"@type":"ReadAction","target":["https:\/\/weltlaeden.de\/s-vaihingen\/brotbox\/"]}]},{"@type":"ImageObject","inLanguage":"de","@id":"https:\/\/weltlaeden.de\/s-vaihingen\/brotbox\/#primaryimage","url":"https:\/\/weltlaeden.de\/s-vaihingen\/wp-content\/uploads\/sites\/90\/2019\/08\/Brotboxen_0057_large-e1755293127581.jpg","contentUrl":"https:\/\/weltlaeden.de\/s-vaihingen\/wp-content\/uploads\/sites\/90\/2019\/08\/Brotboxen_0057_large-e1755293127581.jpg","width":479,"height":320},{"@type":"BreadcrumbList","@id":"https:\/\/weltlaeden.de\/s-vaihingen\/brotbox\/#breadcrumb","itemListElement":[{"@type":"ListItem","position":1,"name":"Startseite","item":"https:\/\/weltlaeden.de\/s-vaihingen\/"},{"@type":"ListItem","position":2,"name":"Erd\u00f6l hat Pause: Brotbox und anderes aus Zuckerrohrsaft&#8230;"}]},{"@type":"WebSite","@id":"https:\/\/weltlaeden.de\/s-vaihingen\/#website","url":"https:\/\/weltlaeden.de\/s-vaihingen\/","name":"Weltladen Stuttgart-Vaihingen","description":"Faire Produkte seit 1987","publisher":{"@id":"https:\/\/weltlaeden.de\/s-vaihingen\/#organization"},"potentialAction":[{"@type":"SearchAction","target":{"@type":"EntryPoint","urlTemplate":"https:\/\/weltlaeden.de\/s-vaihingen\/?s={search_term_string}"},"query-input":{"@type":"PropertyValueSpecification","valueRequired":true,"valueName":"search_term_string"}}],"inLanguage":"de"},{"@type":"Organization","@id":"https:\/\/weltlaeden.de\/s-vaihingen\/#organization","name":"Stuttgarter Weltladen in Vaihingen","url":"https:\/\/weltlaeden.de\/s-vaihingen\/","logo":{"@type":"ImageObject","inLanguage":"de","@id":"https:\/\/weltlaeden.de\/s-vaihingen\/#\/schema\/logo\/image\/","url":"https:\/\/weltlaeden.de\/s-vaihingen\/wp-content\/uploads\/sites\/90\/2019\/04\/stuttgarter-Weltladen-in-vaihingen.jpg","contentUrl":"https:\/\/weltlaeden.de\/s-vaihingen\/wp-content\/uploads\/sites\/90\/2019\/04\/stuttgarter-Weltladen-in-vaihingen.jpg","width":2601,"height":1625,"caption":"Stuttgarter Weltladen in Vaihingen"},"image":{"@id":"https:\/\/weltlaeden.de\/s-vaihingen\/#\/schema\/logo\/image\/"},"sameAs":["https:\/\/www.facebook.com\/weltladenstuttgartvaihingen\/"]}]}},"_links":{"self":[{"href":"https:\/\/weltlaeden.de\/s-vaihingen\/wp-json\/wp\/v2\/pages\/1984","targetHints":{"allow":["GET"]}}],"collection":[{"href":"https:\/\/weltlaeden.de\/s-vaihingen\/wp-json\/wp\/v2\/pages"}],"about":[{"href":"https:\/\/weltlaeden.de\/s-vaihingen\/wp-json\/wp\/v2\/types\/page"}],"author":[{"embeddable":true,"href":"https:\/\/weltlaeden.de\/s-vaihingen\/wp-json\/wp\/v2\/users\/136"}],"replies":[{"embeddable":true,"href":"https:\/\/weltlaeden.de\/s-vaihingen\/wp-json\/wp\/v2\/comments?post=1984"}],"version-history":[{"count":4,"href":"https:\/\/weltlaeden.de\/s-vaihingen\/wp-json\/wp\/v2\/pages\/1984\/revisions"}],"predecessor-version":[{"id":1986,"href":"https:\/\/weltlaeden.de\/s-vaihingen\/wp-json\/wp\/v2\/pages\/1984\/revisions\/1986"}],"up":[{"embeddable":true,"href":"https:\/\/weltlaeden.de\/s-vaihingen\/wp-json\/wp\/v2\/pages\/1501"}],"wp:attachment":[{"href":"https:\/\/weltlaeden.de\/s-vaihingen\/wp-json\/wp\/v2\/media?parent=1984"}],"curies":[{"name":"wp","href":"https:\/\/api.w.org\/{rel}","templated":true}]}}