{"id":1951,"date":"2025-06-23T23:26:41","date_gmt":"2025-06-23T21:26:41","guid":{"rendered":"https:\/\/weltlaeden.de\/s-vaihingen\/produkte\/produktbeschreibungen\/global-mamas\/"},"modified":"2025-06-23T23:29:38","modified_gmt":"2025-06-23T21:29:38","slug":"global-mamas","status":"publish","type":"page","link":"https:\/\/weltlaeden.de\/s-vaihingen\/produkte\/produktbeschreibungen\/global-mamas\/","title":{"rendered":"Global Mamas"},"content":{"rendered":"<h1>Global Mamas:\u00a0Sch\u00fcrzen, Topflappen, Untersetzer<\/h1>\n<h2><img loading=\"lazy\" decoding=\"async\" class=\"alignnone  wp-image-1953\" src=\"https:\/\/weltlaeden.de\/s-vaihingen\/wp-content\/uploads\/sites\/90\/2025\/06\/aprons.png\" alt=\"\" width=\"748\" height=\"419\" \/><\/h2>\n<p>Global Mamas ver\u00e4ndert das Leben von Frauen in Afrika durch die Schaffung nachhaltiger Einkommensm\u00f6glichkeiten, durch die Produktion und den Export von einzigartigen, qualitativ hochwertigen, fair gehandelten Produkten.<\/p>\n<p>Wir glauben, dass die finanzielle Unabh\u00e4ngigkeit der Frauen der effektivste Weg ist, um dauerhaften Wohlstand f\u00fcr sich und ihre Familie zu erreichen.<\/p>\n<p>&nbsp;<\/p>\n<p>Siehe auch <a href=\"https:\/\/globalmamas.org\/about\/\">https:\/\/globalmamas.org\/about\/ <\/a><\/p>\n","protected":false},"excerpt":{"rendered":"<p>Global Mamas:\u00a0Sch\u00fcrzen, Topflappen, Untersetzer Global Mamas ver\u00e4ndert das Leben von Frauen in Afrika durch die Schaffung nachhaltiger Einkommensm\u00f6glichkeiten, durch die Produktion und den Export von einzigartigen, qualitativ hochwertigen, fair gehandelten Produkten. Wir glauben, dass die finanzielle Unabh\u00e4ngigkeit der Frauen der effektivste Weg ist, um dauerhaften Wohlstand f\u00fcr sich und ihre Familie zu erreichen. &nbsp; Siehe&hellip;<\/p>\n","protected":false},"author":136,"featured_media":0,"parent":1501,"menu_order":7,"comment_status":"closed","ping_status":"closed","template":"","meta":{"footnotes":""},"class_list":["post-1951","page","type-page","status-publish","hentry","description-off"],"yoast_head":"<!-- This site is optimized with the Yoast SEO plugin v26.8 - https:\/\/yoast.com\/product\/yoast-seo-wordpress\/ -->\n<title>Global Mamas - Weltladen Stuttgart-Vaihingen<\/title>\n<meta name=\"robots\" content=\"index, follow, max-snippet:-1, max-image-preview:large, max-video-preview:-1\" \/>\n<link rel=\"canonical\" href=\"https:\/\/weltlaeden.de\/s-vaihingen\/produkte\/produktbeschreibungen\/global-mamas\/\" \/>\n<meta property=\"og:locale\" content=\"de_DE\" \/>\n<meta property=\"og:type\" content=\"article\" \/>\n<meta property=\"og:title\" content=\"Global Mamas - Weltladen Stuttgart-Vaihingen\" \/>\n<meta property=\"og:description\" content=\"Global Mamas:\u00a0Sch\u00fcrzen, Topflappen, Untersetzer Global Mamas ver\u00e4ndert das Leben von Frauen in Afrika durch die Schaffung nachhaltiger Einkommensm\u00f6glichkeiten, durch die Produktion und den Export von einzigartigen, qualitativ hochwertigen, fair gehandelten Produkten. Wir glauben, dass die finanzielle Unabh\u00e4ngigkeit der Frauen der effektivste Weg ist, um dauerhaften Wohlstand f\u00fcr sich und ihre Familie zu erreichen. &nbsp; Siehe&hellip;\" \/>\n<meta property=\"og:url\" content=\"https:\/\/weltlaeden.de\/s-vaihingen\/produkte\/produktbeschreibungen\/global-mamas\/\" \/>\n<meta property=\"og:site_name\" content=\"Weltladen Stuttgart-Vaihingen\" \/>\n<meta property=\"article:publisher\" content=\"https:\/\/www.facebook.com\/weltladenstuttgartvaihingen\/\" \/>\n<meta property=\"article:modified_time\" content=\"2025-06-23T21:29:38+00:00\" \/>\n<meta property=\"og:image\" content=\"https:\/\/weltlaeden.de\/s-vaihingen\/wp-content\/uploads\/sites\/90\/2025\/06\/aprons-e1750714372461.png\" \/>\n\t<meta property=\"og:image:width\" content=\"303\" \/>\n\t<meta property=\"og:image:height\" content=\"200\" \/>\n\t<meta property=\"og:image:type\" content=\"image\/png\" \/>\n<meta name=\"twitter:card\" content=\"summary_large_image\" \/>\n<meta name=\"twitter:label1\" content=\"Gesch\u00e4tzte Lesezeit\" \/>\n\t<meta name=\"twitter:data1\" content=\"1\u00a0Minute\" \/>\n<script type=\"application\/ld+json\" class=\"yoast-schema-graph\">{\"@context\":\"https:\/\/schema.org\",\"@graph\":[{\"@type\":\"WebPage\",\"@id\":\"https:\/\/weltlaeden.de\/s-vaihingen\/produkte\/produktbeschreibungen\/global-mamas\/\",\"url\":\"https:\/\/weltlaeden.de\/s-vaihingen\/produkte\/produktbeschreibungen\/global-mamas\/\",\"name\":\"Global Mamas - Weltladen Stuttgart-Vaihingen\",\"isPartOf\":{\"@id\":\"https:\/\/weltlaeden.de\/s-vaihingen\/#website\"},\"primaryImageOfPage\":{\"@id\":\"https:\/\/weltlaeden.de\/s-vaihingen\/produkte\/produktbeschreibungen\/global-mamas\/#primaryimage\"},\"image\":{\"@id\":\"https:\/\/weltlaeden.de\/s-vaihingen\/produkte\/produktbeschreibungen\/global-mamas\/#primaryimage\"},\"thumbnailUrl\":\"https:\/\/weltlaeden.de\/s-vaihingen\/wp-content\/uploads\/sites\/90\/2025\/06\/aprons.png\",\"datePublished\":\"2025-06-23T21:26:41+00:00\",\"dateModified\":\"2025-06-23T21:29:38+00:00\",\"breadcrumb\":{\"@id\":\"https:\/\/weltlaeden.de\/s-vaihingen\/produkte\/produktbeschreibungen\/global-mamas\/#breadcrumb\"},\"inLanguage\":\"de\",\"potentialAction\":[{\"@type\":\"ReadAction\",\"target\":[\"https:\/\/weltlaeden.de\/s-vaihingen\/produkte\/produktbeschreibungen\/global-mamas\/\"]}]},{\"@type\":\"ImageObject\",\"inLanguage\":\"de\",\"@id\":\"https:\/\/weltlaeden.de\/s-vaihingen\/produkte\/produktbeschreibungen\/global-mamas\/#primaryimage\",\"url\":\"https:\/\/weltlaeden.de\/s-vaihingen\/wp-content\/uploads\/sites\/90\/2025\/06\/aprons-e1750714372461.png\",\"contentUrl\":\"https:\/\/weltlaeden.de\/s-vaihingen\/wp-content\/uploads\/sites\/90\/2025\/06\/aprons-e1750714372461.png\",\"width\":303,\"height\":200},{\"@type\":\"BreadcrumbList\",\"@id\":\"https:\/\/weltlaeden.de\/s-vaihingen\/produkte\/produktbeschreibungen\/global-mamas\/#breadcrumb\",\"itemListElement\":[{\"@type\":\"ListItem\",\"position\":1,\"name\":\"Startseite\",\"item\":\"https:\/\/weltlaeden.de\/s-vaihingen\/\"},{\"@type\":\"ListItem\",\"position\":2,\"name\":\"Sortiment\",\"item\":\"https:\/\/weltlaeden.de\/s-vaihingen\/produkte\/\"},{\"@type\":\"ListItem\",\"position\":3,\"name\":\"Produktbeschreibungen\",\"item\":\"https:\/\/weltlaeden.de\/s-vaihingen\/produkte\/produktbeschreibungen\/\"},{\"@type\":\"ListItem\",\"position\":4,\"name\":\"Global Mamas\"}]},{\"@type\":\"WebSite\",\"@id\":\"https:\/\/weltlaeden.de\/s-vaihingen\/#website\",\"url\":\"https:\/\/weltlaeden.de\/s-vaihingen\/\",\"name\":\"Weltladen Stuttgart-Vaihingen\",\"description\":\"Faire Produkte seit 1987\",\"publisher\":{\"@id\":\"https:\/\/weltlaeden.de\/s-vaihingen\/#organization\"},\"potentialAction\":[{\"@type\":\"SearchAction\",\"target\":{\"@type\":\"EntryPoint\",\"urlTemplate\":\"https:\/\/weltlaeden.de\/s-vaihingen\/?s={search_term_string}\"},\"query-input\":{\"@type\":\"PropertyValueSpecification\",\"valueRequired\":true,\"valueName\":\"search_term_string\"}}],\"inLanguage\":\"de\"},{\"@type\":\"Organization\",\"@id\":\"https:\/\/weltlaeden.de\/s-vaihingen\/#organization\",\"name\":\"Stuttgarter Weltladen in Vaihingen\",\"url\":\"https:\/\/weltlaeden.de\/s-vaihingen\/\",\"logo\":{\"@type\":\"ImageObject\",\"inLanguage\":\"de\",\"@id\":\"https:\/\/weltlaeden.de\/s-vaihingen\/#\/schema\/logo\/image\/\",\"url\":\"https:\/\/weltlaeden.de\/s-vaihingen\/wp-content\/uploads\/sites\/90\/2019\/04\/stuttgarter-Weltladen-in-vaihingen.jpg\",\"contentUrl\":\"https:\/\/weltlaeden.de\/s-vaihingen\/wp-content\/uploads\/sites\/90\/2019\/04\/stuttgarter-Weltladen-in-vaihingen.jpg\",\"width\":2601,\"height\":1625,\"caption\":\"Stuttgarter Weltladen in Vaihingen\"},\"image\":{\"@id\":\"https:\/\/weltlaeden.de\/s-vaihingen\/#\/schema\/logo\/image\/\"},\"sameAs\":[\"https:\/\/www.facebook.com\/weltladenstuttgartvaihingen\/\"]}]}<\/script>\n<!-- \/ Yoast SEO plugin. -->","yoast_head_json":{"title":"Global Mamas - Weltladen Stuttgart-Vaihingen","robots":{"index":"index","follow":"follow","max-snippet":"max-snippet:-1","max-image-preview":"max-image-preview:large","max-video-preview":"max-video-preview:-1"},"canonical":"https:\/\/weltlaeden.de\/s-vaihingen\/produkte\/produktbeschreibungen\/global-mamas\/","og_locale":"de_DE","og_type":"article","og_title":"Global Mamas - Weltladen Stuttgart-Vaihingen","og_description":"Global Mamas:\u00a0Sch\u00fcrzen, Topflappen, Untersetzer Global Mamas ver\u00e4ndert das Leben von Frauen in Afrika durch die Schaffung nachhaltiger Einkommensm\u00f6glichkeiten, durch die Produktion und den Export von einzigartigen, qualitativ hochwertigen, fair gehandelten Produkten. Wir glauben, dass die finanzielle Unabh\u00e4ngigkeit der Frauen der effektivste Weg ist, um dauerhaften Wohlstand f\u00fcr sich und ihre Familie zu erreichen. &nbsp; Siehe&hellip;","og_url":"https:\/\/weltlaeden.de\/s-vaihingen\/produkte\/produktbeschreibungen\/global-mamas\/","og_site_name":"Weltladen Stuttgart-Vaihingen","article_publisher":"https:\/\/www.facebook.com\/weltladenstuttgartvaihingen\/","article_modified_time":"2025-06-23T21:29:38+00:00","og_image":[{"width":303,"height":200,"url":"https:\/\/weltlaeden.de\/s-vaihingen\/wp-content\/uploads\/sites\/90\/2025\/06\/aprons-e1750714372461.png","type":"image\/png"}],"twitter_card":"summary_large_image","twitter_misc":{"Gesch\u00e4tzte Lesezeit":"1\u00a0Minute"},"schema":{"@context":"https:\/\/schema.org","@graph":[{"@type":"WebPage","@id":"https:\/\/weltlaeden.de\/s-vaihingen\/produkte\/produktbeschreibungen\/global-mamas\/","url":"https:\/\/weltlaeden.de\/s-vaihingen\/produkte\/produktbeschreibungen\/global-mamas\/","name":"Global Mamas - Weltladen Stuttgart-Vaihingen","isPartOf":{"@id":"https:\/\/weltlaeden.de\/s-vaihingen\/#website"},"primaryImageOfPage":{"@id":"https:\/\/weltlaeden.de\/s-vaihingen\/produkte\/produktbeschreibungen\/global-mamas\/#primaryimage"},"image":{"@id":"https:\/\/weltlaeden.de\/s-vaihingen\/produkte\/produktbeschreibungen\/global-mamas\/#primaryimage"},"thumbnailUrl":"https:\/\/weltlaeden.de\/s-vaihingen\/wp-content\/uploads\/sites\/90\/2025\/06\/aprons.png","datePublished":"2025-06-23T21:26:41+00:00","dateModified":"2025-06-23T21:29:38+00:00","breadcrumb":{"@id":"https:\/\/weltlaeden.de\/s-vaihingen\/produkte\/produktbeschreibungen\/global-mamas\/#breadcrumb"},"inLanguage":"de","potentialAction":[{"@type":"ReadAction","target":["https:\/\/weltlaeden.de\/s-vaihingen\/produkte\/produktbeschreibungen\/global-mamas\/"]}]},{"@type":"ImageObject","inLanguage":"de","@id":"https:\/\/weltlaeden.de\/s-vaihingen\/produkte\/produktbeschreibungen\/global-mamas\/#primaryimage","url":"https:\/\/weltlaeden.de\/s-vaihingen\/wp-content\/uploads\/sites\/90\/2025\/06\/aprons-e1750714372461.png","contentUrl":"https:\/\/weltlaeden.de\/s-vaihingen\/wp-content\/uploads\/sites\/90\/2025\/06\/aprons-e1750714372461.png","width":303,"height":200},{"@type":"BreadcrumbList","@id":"https:\/\/weltlaeden.de\/s-vaihingen\/produkte\/produktbeschreibungen\/global-mamas\/#breadcrumb","itemListElement":[{"@type":"ListItem","position":1,"name":"Startseite","item":"https:\/\/weltlaeden.de\/s-vaihingen\/"},{"@type":"ListItem","position":2,"name":"Sortiment","item":"https:\/\/weltlaeden.de\/s-vaihingen\/produkte\/"},{"@type":"ListItem","position":3,"name":"Produktbeschreibungen","item":"https:\/\/weltlaeden.de\/s-vaihingen\/produkte\/produktbeschreibungen\/"},{"@type":"ListItem","position":4,"name":"Global Mamas"}]},{"@type":"WebSite","@id":"https:\/\/weltlaeden.de\/s-vaihingen\/#website","url":"https:\/\/weltlaeden.de\/s-vaihingen\/","name":"Weltladen Stuttgart-Vaihingen","description":"Faire Produkte seit 1987","publisher":{"@id":"https:\/\/weltlaeden.de\/s-vaihingen\/#organization"},"potentialAction":[{"@type":"SearchAction","target":{"@type":"EntryPoint","urlTemplate":"https:\/\/weltlaeden.de\/s-vaihingen\/?s={search_term_string}"},"query-input":{"@type":"PropertyValueSpecification","valueRequired":true,"valueName":"search_term_string"}}],"inLanguage":"de"},{"@type":"Organization","@id":"https:\/\/weltlaeden.de\/s-vaihingen\/#organization","name":"Stuttgarter Weltladen in Vaihingen","url":"https:\/\/weltlaeden.de\/s-vaihingen\/","logo":{"@type":"ImageObject","inLanguage":"de","@id":"https:\/\/weltlaeden.de\/s-vaihingen\/#\/schema\/logo\/image\/","url":"https:\/\/weltlaeden.de\/s-vaihingen\/wp-content\/uploads\/sites\/90\/2019\/04\/stuttgarter-Weltladen-in-vaihingen.jpg","contentUrl":"https:\/\/weltlaeden.de\/s-vaihingen\/wp-content\/uploads\/sites\/90\/2019\/04\/stuttgarter-Weltladen-in-vaihingen.jpg","width":2601,"height":1625,"caption":"Stuttgarter Weltladen in Vaihingen"},"image":{"@id":"https:\/\/weltlaeden.de\/s-vaihingen\/#\/schema\/logo\/image\/"},"sameAs":["https:\/\/www.facebook.com\/weltladenstuttgartvaihingen\/"]}]}},"_links":{"self":[{"href":"https:\/\/weltlaeden.de\/s-vaihingen\/wp-json\/wp\/v2\/pages\/1951","targetHints":{"allow":["GET"]}}],"collection":[{"href":"https:\/\/weltlaeden.de\/s-vaihingen\/wp-json\/wp\/v2\/pages"}],"about":[{"href":"https:\/\/weltlaeden.de\/s-vaihingen\/wp-json\/wp\/v2\/types\/page"}],"author":[{"embeddable":true,"href":"https:\/\/weltlaeden.de\/s-vaihingen\/wp-json\/wp\/v2\/users\/136"}],"replies":[{"embeddable":true,"href":"https:\/\/weltlaeden.de\/s-vaihingen\/wp-json\/wp\/v2\/comments?post=1951"}],"version-history":[{"count":3,"href":"https:\/\/weltlaeden.de\/s-vaihingen\/wp-json\/wp\/v2\/pages\/1951\/revisions"}],"predecessor-version":[{"id":1955,"href":"https:\/\/weltlaeden.de\/s-vaihingen\/wp-json\/wp\/v2\/pages\/1951\/revisions\/1955"}],"up":[{"embeddable":true,"href":"https:\/\/weltlaeden.de\/s-vaihingen\/wp-json\/wp\/v2\/pages\/1501"}],"wp:attachment":[{"href":"https:\/\/weltlaeden.de\/s-vaihingen\/wp-json\/wp\/v2\/media?parent=1951"}],"curies":[{"name":"wp","href":"https:\/\/api.w.org\/{rel}","templated":true}]}}