{"id":1921,"date":"2025-06-21T23:42:00","date_gmt":"2025-06-21T21:42:00","guid":{"rendered":"https:\/\/weltlaeden.de\/s-vaihingen\/?page_id=1921"},"modified":"2025-06-21T23:42:00","modified_gmt":"2025-06-21T21:42:00","slug":"sonnenglas","status":"publish","type":"page","link":"https:\/\/weltlaeden.de\/s-vaihingen\/produkte\/produktbeschreibungen\/sonnenglas\/","title":{"rendered":"Sonnenglas"},"content":{"rendered":"<div class=\"wpb-content-wrapper\"><p>[vc_row][vc_column][vc_column_text css=&#8220;&#8220;]<\/p>\n<h1 class=\"entry-title\" style=\"text-align: center\">Sonnengl\u00e4ser<\/h1>\n<p><img loading=\"lazy\" decoding=\"async\" class=\"alignnone size-large wp-image-534\" src=\"https:\/\/weltlaeden.de\/s-vaihingen\/wp-content\/uploads\/sites\/90\/2019\/05\/sonnenglas-20-1024x683.jpg\" alt=\"\" width=\"1024\" height=\"683\" srcset=\"https:\/\/weltlaeden.de\/s-vaihingen\/wp-content\/uploads\/sites\/90\/2019\/05\/sonnenglas-20-1024x683.jpg 1024w, https:\/\/weltlaeden.de\/s-vaihingen\/wp-content\/uploads\/sites\/90\/2019\/05\/sonnenglas-20-300x200.jpg 300w, https:\/\/weltlaeden.de\/s-vaihingen\/wp-content\/uploads\/sites\/90\/2019\/05\/sonnenglas-20-768x512.jpg 768w\" sizes=\"auto, (max-width: 1024px) 100vw, 1024px\" \/><\/p>\n<p>Mehr als Licht spendet das Sonnenglas aus S\u00fcdafrika. Es wird von Menschen aus Townships in Handarbeit produziert, urspr\u00fcnglich als Lichtquelle f\u00fcr Gegenden ohne Strom. Seit 2016 erm\u00f6glicht der integrierte USB-Anschluss (Micro-USB) in der dunkleren Jahreszeit die Ladung \u00fcber das Stromnetz. Passend f\u00fcr jeder Gelegenheit k\u00f6nnen Sie das Glas durch den abschraubbaren Deckel individuell dekorieren. Es ist f\u00fcr den Innen- und Au\u00dfenbereich geeignet.<\/p>\n<p><img loading=\"lazy\" decoding=\"async\" class=\"alignnone size-large wp-image-533\" src=\"https:\/\/weltlaeden.de\/s-vaihingen\/wp-content\/uploads\/sites\/90\/2019\/05\/SoGlas18-e1750539371935-1024x819.jpg\" alt=\"\" width=\"1024\" height=\"819\" srcset=\"https:\/\/weltlaeden.de\/s-vaihingen\/wp-content\/uploads\/sites\/90\/2019\/05\/SoGlas18-e1750539371935-1024x819.jpg 1024w, https:\/\/weltlaeden.de\/s-vaihingen\/wp-content\/uploads\/sites\/90\/2019\/05\/SoGlas18-e1750539371935-300x240.jpg 300w, https:\/\/weltlaeden.de\/s-vaihingen\/wp-content\/uploads\/sites\/90\/2019\/05\/SoGlas18-e1750539371935-768x614.jpg 768w, https:\/\/weltlaeden.de\/s-vaihingen\/wp-content\/uploads\/sites\/90\/2019\/05\/SoGlas18-e1750539371935.jpg 1250w\" sizes=\"auto, (max-width: 1024px) 100vw, 1024px\" \/><\/p>\n<p>Ein paar Informationen zum Hersteller:<\/p>\n<p>\u201eSonnenglas\u00ae hat es sich als Start-up Unternehmen zum Ziel gemacht, die beste Solarleuchte zu produzieren und ist der \u00dcberzeugung, dass Handel die nachhaltigste Unterst\u00fctzung ist. Handel schafft Arbeitspl\u00e4tze und bringt nachhaltig Wohlstand und Bildung. Die Firma Suntoy, die das Sonnenglas\u00ae in Handarbeit herstellt, ist nach marktwirtschaftlichen Regeln aufgestellt und stolz darauf mit ihrem Produkt nach den Spielregeln des Weltmarktes \u00fcber Landesgrenzen hinweg erfolgreich zu sein.<\/p>\n<p>Suntoy orientiert sich an den Prinzipien von Black Economic Empowerment (BEE), einem Programm zur Chancengleichheit, und Corporate Social Responsibility (CSR). Suntoy agiert au\u00dferdem sozial verantwortlich und nachhaltig in der Entwicklung des Unternehmens. Die Mitarbeiterinnen und Mitarbeiter werden \u00fcbertariflich bezahlt, sind sozialversichert und haben Anspruch auf eine Pension. Dar\u00fcber hinaus hat Sonnenglas\u00ae einen Fond f\u00fcr Weiterbildungsma\u00dfnahmen der Mitarbeiterinnen und Mitarbeiter geschaffen.\u201c<\/p>\n<p>Weitere Informationen unter:<\/p>\n<p><a href=\"https:\/\/www.sonnenglas.net\">https:\/\/www.sonnenglas.net<\/a><\/p>\n<p><a href=\"http:\/\/suntoy.co.za\/index.php\/about-us\">http:\/\/suntoy.co.za\/index.php\/about-us<\/a><\/p>\n<p><a href=\"https:\/\/www.facebook.com\/sonnenglas\">https:\/\/www.facebook.com\/sonnenglas<\/a>[\/vc_column_text][\/vc_column][\/vc_row]<\/p>\n<\/div>","protected":false},"excerpt":{"rendered":"<p>[vc_row][vc_column][vc_column_text css=&#8220;&#8220;] Sonnengl\u00e4ser Mehr als Licht spendet das Sonnenglas aus S\u00fcdafrika. Es wird von Menschen aus Townships in Handarbeit produziert, urspr\u00fcnglich als Lichtquelle f\u00fcr Gegenden ohne Strom. Seit 2016 erm\u00f6glicht der integrierte USB-Anschluss (Micro-USB) in der dunkleren Jahreszeit die Ladung \u00fcber das Stromnetz. Passend f\u00fcr jeder Gelegenheit k\u00f6nnen Sie das Glas durch den abschraubbaren Deckel&hellip;<\/p>\n","protected":false},"author":136,"featured_media":0,"parent":1501,"menu_order":5,"comment_status":"closed","ping_status":"closed","template":"","meta":{"footnotes":""},"class_list":["post-1921","page","type-page","status-publish","hentry","description-off"],"yoast_head":"<!-- This site is optimized with the Yoast SEO plugin v26.8 - https:\/\/yoast.com\/product\/yoast-seo-wordpress\/ -->\n<title>Sonnenglas - Weltladen Stuttgart-Vaihingen<\/title>\n<meta name=\"robots\" content=\"index, follow, max-snippet:-1, max-image-preview:large, max-video-preview:-1\" \/>\n<link rel=\"canonical\" href=\"https:\/\/weltlaeden.de\/s-vaihingen\/sonnenglas\/\" \/>\n<meta property=\"og:locale\" content=\"de_DE\" \/>\n<meta property=\"og:type\" content=\"article\" \/>\n<meta property=\"og:title\" content=\"Sonnenglas - Weltladen Stuttgart-Vaihingen\" \/>\n<meta property=\"og:description\" content=\"[vc_row][vc_column][vc_column_text css=&#8220;&#8220;] Sonnengl\u00e4ser Mehr als Licht spendet das Sonnenglas aus S\u00fcdafrika. Es wird von Menschen aus Townships in Handarbeit produziert, urspr\u00fcnglich als Lichtquelle f\u00fcr Gegenden ohne Strom. Seit 2016 erm\u00f6glicht der integrierte USB-Anschluss (Micro-USB) in der dunkleren Jahreszeit die Ladung \u00fcber das Stromnetz. Passend f\u00fcr jeder Gelegenheit k\u00f6nnen Sie das Glas durch den abschraubbaren Deckel&hellip;\" \/>\n<meta property=\"og:url\" content=\"https:\/\/weltlaeden.de\/s-vaihingen\/sonnenglas\/\" \/>\n<meta property=\"og:site_name\" content=\"Weltladen Stuttgart-Vaihingen\" \/>\n<meta property=\"article:publisher\" content=\"https:\/\/www.facebook.com\/weltladenstuttgartvaihingen\/\" \/>\n<meta property=\"og:image\" content=\"https:\/\/weltlaeden.de\/s-vaihingen\/wp-content\/uploads\/sites\/90\/2019\/05\/sonnenglas-20.jpg\" \/>\n\t<meta property=\"og:image:width\" content=\"4290\" \/>\n\t<meta property=\"og:image:height\" content=\"2860\" \/>\n\t<meta property=\"og:image:type\" content=\"image\/jpeg\" \/>\n<meta name=\"twitter:card\" content=\"summary_large_image\" \/>\n<meta name=\"twitter:label1\" content=\"Gesch\u00e4tzte Lesezeit\" \/>\n\t<meta name=\"twitter:data1\" content=\"2\u00a0Minuten\" \/>\n<script type=\"application\/ld+json\" class=\"yoast-schema-graph\">{\"@context\":\"https:\/\/schema.org\",\"@graph\":[{\"@type\":\"WebPage\",\"@id\":\"https:\/\/weltlaeden.de\/s-vaihingen\/sonnenglas\/\",\"url\":\"https:\/\/weltlaeden.de\/s-vaihingen\/sonnenglas\/\",\"name\":\"Sonnenglas - Weltladen Stuttgart-Vaihingen\",\"isPartOf\":{\"@id\":\"https:\/\/weltlaeden.de\/s-vaihingen\/#website\"},\"primaryImageOfPage\":{\"@id\":\"https:\/\/weltlaeden.de\/s-vaihingen\/sonnenglas\/#primaryimage\"},\"image\":{\"@id\":\"https:\/\/weltlaeden.de\/s-vaihingen\/sonnenglas\/#primaryimage\"},\"thumbnailUrl\":\"https:\/\/weltlaeden.de\/s-vaihingen\/wp-content\/uploads\/sites\/90\/2019\/05\/sonnenglas-20-1024x683.jpg\",\"datePublished\":\"2025-06-21T21:42:00+00:00\",\"breadcrumb\":{\"@id\":\"https:\/\/weltlaeden.de\/s-vaihingen\/sonnenglas\/#breadcrumb\"},\"inLanguage\":\"de\",\"potentialAction\":[{\"@type\":\"ReadAction\",\"target\":[\"https:\/\/weltlaeden.de\/s-vaihingen\/sonnenglas\/\"]}]},{\"@type\":\"ImageObject\",\"inLanguage\":\"de\",\"@id\":\"https:\/\/weltlaeden.de\/s-vaihingen\/sonnenglas\/#primaryimage\",\"url\":\"https:\/\/weltlaeden.de\/s-vaihingen\/wp-content\/uploads\/sites\/90\/2019\/05\/sonnenglas-20.jpg\",\"contentUrl\":\"https:\/\/weltlaeden.de\/s-vaihingen\/wp-content\/uploads\/sites\/90\/2019\/05\/sonnenglas-20.jpg\",\"width\":4290,\"height\":2860},{\"@type\":\"BreadcrumbList\",\"@id\":\"https:\/\/weltlaeden.de\/s-vaihingen\/sonnenglas\/#breadcrumb\",\"itemListElement\":[{\"@type\":\"ListItem\",\"position\":1,\"name\":\"Startseite\",\"item\":\"https:\/\/weltlaeden.de\/s-vaihingen\/\"},{\"@type\":\"ListItem\",\"position\":2,\"name\":\"Sonnenglas\"}]},{\"@type\":\"WebSite\",\"@id\":\"https:\/\/weltlaeden.de\/s-vaihingen\/#website\",\"url\":\"https:\/\/weltlaeden.de\/s-vaihingen\/\",\"name\":\"Weltladen Stuttgart-Vaihingen\",\"description\":\"Faire Produkte seit 1987\",\"publisher\":{\"@id\":\"https:\/\/weltlaeden.de\/s-vaihingen\/#organization\"},\"potentialAction\":[{\"@type\":\"SearchAction\",\"target\":{\"@type\":\"EntryPoint\",\"urlTemplate\":\"https:\/\/weltlaeden.de\/s-vaihingen\/?s={search_term_string}\"},\"query-input\":{\"@type\":\"PropertyValueSpecification\",\"valueRequired\":true,\"valueName\":\"search_term_string\"}}],\"inLanguage\":\"de\"},{\"@type\":\"Organization\",\"@id\":\"https:\/\/weltlaeden.de\/s-vaihingen\/#organization\",\"name\":\"Stuttgarter Weltladen in Vaihingen\",\"url\":\"https:\/\/weltlaeden.de\/s-vaihingen\/\",\"logo\":{\"@type\":\"ImageObject\",\"inLanguage\":\"de\",\"@id\":\"https:\/\/weltlaeden.de\/s-vaihingen\/#\/schema\/logo\/image\/\",\"url\":\"https:\/\/weltlaeden.de\/s-vaihingen\/wp-content\/uploads\/sites\/90\/2019\/04\/stuttgarter-Weltladen-in-vaihingen.jpg\",\"contentUrl\":\"https:\/\/weltlaeden.de\/s-vaihingen\/wp-content\/uploads\/sites\/90\/2019\/04\/stuttgarter-Weltladen-in-vaihingen.jpg\",\"width\":2601,\"height\":1625,\"caption\":\"Stuttgarter Weltladen in Vaihingen\"},\"image\":{\"@id\":\"https:\/\/weltlaeden.de\/s-vaihingen\/#\/schema\/logo\/image\/\"},\"sameAs\":[\"https:\/\/www.facebook.com\/weltladenstuttgartvaihingen\/\"]}]}<\/script>\n<!-- \/ Yoast SEO plugin. -->","yoast_head_json":{"title":"Sonnenglas - Weltladen Stuttgart-Vaihingen","robots":{"index":"index","follow":"follow","max-snippet":"max-snippet:-1","max-image-preview":"max-image-preview:large","max-video-preview":"max-video-preview:-1"},"canonical":"https:\/\/weltlaeden.de\/s-vaihingen\/sonnenglas\/","og_locale":"de_DE","og_type":"article","og_title":"Sonnenglas - Weltladen Stuttgart-Vaihingen","og_description":"[vc_row][vc_column][vc_column_text css=&#8220;&#8220;] Sonnengl\u00e4ser Mehr als Licht spendet das Sonnenglas aus S\u00fcdafrika. Es wird von Menschen aus Townships in Handarbeit produziert, urspr\u00fcnglich als Lichtquelle f\u00fcr Gegenden ohne Strom. Seit 2016 erm\u00f6glicht der integrierte USB-Anschluss (Micro-USB) in der dunkleren Jahreszeit die Ladung \u00fcber das Stromnetz. Passend f\u00fcr jeder Gelegenheit k\u00f6nnen Sie das Glas durch den abschraubbaren Deckel&hellip;","og_url":"https:\/\/weltlaeden.de\/s-vaihingen\/sonnenglas\/","og_site_name":"Weltladen Stuttgart-Vaihingen","article_publisher":"https:\/\/www.facebook.com\/weltladenstuttgartvaihingen\/","og_image":[{"width":4290,"height":2860,"url":"https:\/\/weltlaeden.de\/s-vaihingen\/wp-content\/uploads\/sites\/90\/2019\/05\/sonnenglas-20.jpg","type":"image\/jpeg"}],"twitter_card":"summary_large_image","twitter_misc":{"Gesch\u00e4tzte Lesezeit":"2\u00a0Minuten"},"schema":{"@context":"https:\/\/schema.org","@graph":[{"@type":"WebPage","@id":"https:\/\/weltlaeden.de\/s-vaihingen\/sonnenglas\/","url":"https:\/\/weltlaeden.de\/s-vaihingen\/sonnenglas\/","name":"Sonnenglas - Weltladen Stuttgart-Vaihingen","isPartOf":{"@id":"https:\/\/weltlaeden.de\/s-vaihingen\/#website"},"primaryImageOfPage":{"@id":"https:\/\/weltlaeden.de\/s-vaihingen\/sonnenglas\/#primaryimage"},"image":{"@id":"https:\/\/weltlaeden.de\/s-vaihingen\/sonnenglas\/#primaryimage"},"thumbnailUrl":"https:\/\/weltlaeden.de\/s-vaihingen\/wp-content\/uploads\/sites\/90\/2019\/05\/sonnenglas-20-1024x683.jpg","datePublished":"2025-06-21T21:42:00+00:00","breadcrumb":{"@id":"https:\/\/weltlaeden.de\/s-vaihingen\/sonnenglas\/#breadcrumb"},"inLanguage":"de","potentialAction":[{"@type":"ReadAction","target":["https:\/\/weltlaeden.de\/s-vaihingen\/sonnenglas\/"]}]},{"@type":"ImageObject","inLanguage":"de","@id":"https:\/\/weltlaeden.de\/s-vaihingen\/sonnenglas\/#primaryimage","url":"https:\/\/weltlaeden.de\/s-vaihingen\/wp-content\/uploads\/sites\/90\/2019\/05\/sonnenglas-20.jpg","contentUrl":"https:\/\/weltlaeden.de\/s-vaihingen\/wp-content\/uploads\/sites\/90\/2019\/05\/sonnenglas-20.jpg","width":4290,"height":2860},{"@type":"BreadcrumbList","@id":"https:\/\/weltlaeden.de\/s-vaihingen\/sonnenglas\/#breadcrumb","itemListElement":[{"@type":"ListItem","position":1,"name":"Startseite","item":"https:\/\/weltlaeden.de\/s-vaihingen\/"},{"@type":"ListItem","position":2,"name":"Sonnenglas"}]},{"@type":"WebSite","@id":"https:\/\/weltlaeden.de\/s-vaihingen\/#website","url":"https:\/\/weltlaeden.de\/s-vaihingen\/","name":"Weltladen Stuttgart-Vaihingen","description":"Faire Produkte seit 1987","publisher":{"@id":"https:\/\/weltlaeden.de\/s-vaihingen\/#organization"},"potentialAction":[{"@type":"SearchAction","target":{"@type":"EntryPoint","urlTemplate":"https:\/\/weltlaeden.de\/s-vaihingen\/?s={search_term_string}"},"query-input":{"@type":"PropertyValueSpecification","valueRequired":true,"valueName":"search_term_string"}}],"inLanguage":"de"},{"@type":"Organization","@id":"https:\/\/weltlaeden.de\/s-vaihingen\/#organization","name":"Stuttgarter Weltladen in Vaihingen","url":"https:\/\/weltlaeden.de\/s-vaihingen\/","logo":{"@type":"ImageObject","inLanguage":"de","@id":"https:\/\/weltlaeden.de\/s-vaihingen\/#\/schema\/logo\/image\/","url":"https:\/\/weltlaeden.de\/s-vaihingen\/wp-content\/uploads\/sites\/90\/2019\/04\/stuttgarter-Weltladen-in-vaihingen.jpg","contentUrl":"https:\/\/weltlaeden.de\/s-vaihingen\/wp-content\/uploads\/sites\/90\/2019\/04\/stuttgarter-Weltladen-in-vaihingen.jpg","width":2601,"height":1625,"caption":"Stuttgarter Weltladen in Vaihingen"},"image":{"@id":"https:\/\/weltlaeden.de\/s-vaihingen\/#\/schema\/logo\/image\/"},"sameAs":["https:\/\/www.facebook.com\/weltladenstuttgartvaihingen\/"]}]}},"_links":{"self":[{"href":"https:\/\/weltlaeden.de\/s-vaihingen\/wp-json\/wp\/v2\/pages\/1921","targetHints":{"allow":["GET"]}}],"collection":[{"href":"https:\/\/weltlaeden.de\/s-vaihingen\/wp-json\/wp\/v2\/pages"}],"about":[{"href":"https:\/\/weltlaeden.de\/s-vaihingen\/wp-json\/wp\/v2\/types\/page"}],"author":[{"embeddable":true,"href":"https:\/\/weltlaeden.de\/s-vaihingen\/wp-json\/wp\/v2\/users\/136"}],"replies":[{"embeddable":true,"href":"https:\/\/weltlaeden.de\/s-vaihingen\/wp-json\/wp\/v2\/comments?post=1921"}],"version-history":[{"count":1,"href":"https:\/\/weltlaeden.de\/s-vaihingen\/wp-json\/wp\/v2\/pages\/1921\/revisions"}],"predecessor-version":[{"id":1922,"href":"https:\/\/weltlaeden.de\/s-vaihingen\/wp-json\/wp\/v2\/pages\/1921\/revisions\/1922"}],"up":[{"embeddable":true,"href":"https:\/\/weltlaeden.de\/s-vaihingen\/wp-json\/wp\/v2\/pages\/1501"}],"wp:attachment":[{"href":"https:\/\/weltlaeden.de\/s-vaihingen\/wp-json\/wp\/v2\/media?parent=1921"}],"curies":[{"name":"wp","href":"https:\/\/api.w.org\/{rel}","templated":true}]}}