{"id":1610,"date":"2022-05-17T17:33:21","date_gmt":"2022-05-17T15:33:21","guid":{"rendered":"https:\/\/weltlaeden.de\/s-vaihingen\/?page_id=1610"},"modified":"2022-05-17T17:45:09","modified_gmt":"2022-05-17T15:45:09","slug":"kipepeo-2","status":"publish","type":"page","link":"https:\/\/weltlaeden.de\/s-vaihingen\/kipepeo-2\/","title":{"rendered":"Kipepeo"},"content":{"rendered":"<div class=\"wpb-content-wrapper\"><p>[vc_row][vc_column][vc_column_text]<\/p>\n<h1>Kipepeo Entwicklung in Afrika e.V.<\/h1>\n<p>Von Kipepeo erhielten wir 2022 f\u00fcr die Spenden der vergangenen Jahre folgende Nachricht:<\/p>\n<p style=\"padding-left: 40px\">Es freut uns sehr, dass Sie unsere Arbeit unterst\u00fctzen. Mit Ihrem wertvollen Beitrag haben Sie geholfen vor allem Frauen und Kindern in Ostafrika das t\u00e4gliche Leben um vieles leichter zu machen. Besonders in Trockenzeiten, wenn nahe gelegene Ressourcen ausgetrocknet und manchmal lange Anmarschwege zu S\u00fcmpfen, Wassert\u00fcmpeln oder Rinnsalen n\u00f6tig sind. Es ist eine unglaublich m\u00fchsame Plackerei, Wasser in Kanistern oder anderen Gef\u00e4\u00dfen auf dem Kopf nach Hause zu schleppen! Nun bekommen sie ein Regenwasser-Reservoir direkt vor ihrer Haust\u00fcre, gespeist von ihrem eigenen Wellblechdach\u2013 und keine schmutzige Br\u00fche, sondern klares Wasser!<\/p>\n<p style=\"padding-left: 40px\">Durch Ihre Spende konnten wir in den vergangenen beiden Jahren \u00fcber weitere 150 Wassertanks bestellen und in die D\u00f6rfer Tansanias und Ugandas transportieren.<\/p>\n<p>Und wir erhielten Spendenurkunden, wie <a href=\"https:\/\/weltlaeden.de\/s-vaihingen\/wp-content\/uploads\/sites\/90\/2022\/05\/220517-Kipepeo-Spendenurkunde.jpg\" target=\"_blank\" rel=\"noopener\">diese<\/a>.<\/p>\n<p>Weitere Information auf der <a href=\"http:\/\/www.kipepeo-afrika.de\/\">Homepage von Kipepeo Entwicklung in Afrika e.V.<\/a>[\/vc_column_text][\/vc_column][\/vc_row]<\/p>\n<\/div>","protected":false},"excerpt":{"rendered":"<p>[vc_row][vc_column][vc_column_text] Kipepeo Entwicklung in Afrika e.V. Von Kipepeo erhielten wir 2022 f\u00fcr die Spenden der vergangenen Jahre folgende Nachricht: Es freut uns sehr, dass Sie unsere Arbeit unterst\u00fctzen. Mit Ihrem wertvollen Beitrag haben Sie geholfen vor allem Frauen und Kindern in Ostafrika das t\u00e4gliche Leben um vieles leichter zu machen. Besonders in Trockenzeiten, wenn nahe&hellip;<\/p>\n","protected":false},"author":136,"featured_media":0,"parent":0,"menu_order":1,"comment_status":"closed","ping_status":"closed","template":"","meta":{"footnotes":""},"class_list":["post-1610","page","type-page","status-publish","hentry","description-off"],"yoast_head":"<!-- This site is optimized with the Yoast SEO plugin v26.8 - https:\/\/yoast.com\/product\/yoast-seo-wordpress\/ -->\n<title>Kipepeo - Weltladen Stuttgart-Vaihingen<\/title>\n<meta name=\"robots\" content=\"index, follow, max-snippet:-1, max-image-preview:large, max-video-preview:-1\" \/>\n<link rel=\"canonical\" href=\"https:\/\/weltlaeden.de\/s-vaihingen\/kipepeo-2\/\" \/>\n<meta property=\"og:locale\" content=\"de_DE\" \/>\n<meta property=\"og:type\" content=\"article\" \/>\n<meta property=\"og:title\" content=\"Kipepeo - Weltladen Stuttgart-Vaihingen\" \/>\n<meta property=\"og:description\" content=\"[vc_row][vc_column][vc_column_text] Kipepeo Entwicklung in Afrika e.V. Von Kipepeo erhielten wir 2022 f\u00fcr die Spenden der vergangenen Jahre folgende Nachricht: Es freut uns sehr, dass Sie unsere Arbeit unterst\u00fctzen. Mit Ihrem wertvollen Beitrag haben Sie geholfen vor allem Frauen und Kindern in Ostafrika das t\u00e4gliche Leben um vieles leichter zu machen. Besonders in Trockenzeiten, wenn nahe&hellip;\" \/>\n<meta property=\"og:url\" content=\"https:\/\/weltlaeden.de\/s-vaihingen\/kipepeo-2\/\" \/>\n<meta property=\"og:site_name\" content=\"Weltladen Stuttgart-Vaihingen\" \/>\n<meta property=\"article:publisher\" content=\"https:\/\/www.facebook.com\/weltladenstuttgartvaihingen\/\" \/>\n<meta property=\"article:modified_time\" content=\"2022-05-17T15:45:09+00:00\" \/>\n<meta name=\"twitter:card\" content=\"summary_large_image\" \/>\n<meta name=\"twitter:label1\" content=\"Gesch\u00e4tzte Lesezeit\" \/>\n\t<meta name=\"twitter:data1\" content=\"1\u00a0Minute\" \/>\n<script type=\"application\/ld+json\" class=\"yoast-schema-graph\">{\"@context\":\"https:\/\/schema.org\",\"@graph\":[{\"@type\":\"WebPage\",\"@id\":\"https:\/\/weltlaeden.de\/s-vaihingen\/kipepeo-2\/\",\"url\":\"https:\/\/weltlaeden.de\/s-vaihingen\/kipepeo-2\/\",\"name\":\"Kipepeo - Weltladen Stuttgart-Vaihingen\",\"isPartOf\":{\"@id\":\"https:\/\/weltlaeden.de\/s-vaihingen\/#website\"},\"datePublished\":\"2022-05-17T15:33:21+00:00\",\"dateModified\":\"2022-05-17T15:45:09+00:00\",\"breadcrumb\":{\"@id\":\"https:\/\/weltlaeden.de\/s-vaihingen\/kipepeo-2\/#breadcrumb\"},\"inLanguage\":\"de\",\"potentialAction\":[{\"@type\":\"ReadAction\",\"target\":[\"https:\/\/weltlaeden.de\/s-vaihingen\/kipepeo-2\/\"]}]},{\"@type\":\"BreadcrumbList\",\"@id\":\"https:\/\/weltlaeden.de\/s-vaihingen\/kipepeo-2\/#breadcrumb\",\"itemListElement\":[{\"@type\":\"ListItem\",\"position\":1,\"name\":\"Startseite\",\"item\":\"https:\/\/weltlaeden.de\/s-vaihingen\/\"},{\"@type\":\"ListItem\",\"position\":2,\"name\":\"Kipepeo\"}]},{\"@type\":\"WebSite\",\"@id\":\"https:\/\/weltlaeden.de\/s-vaihingen\/#website\",\"url\":\"https:\/\/weltlaeden.de\/s-vaihingen\/\",\"name\":\"Weltladen Stuttgart-Vaihingen\",\"description\":\"Faire Produkte seit 1987\",\"publisher\":{\"@id\":\"https:\/\/weltlaeden.de\/s-vaihingen\/#organization\"},\"potentialAction\":[{\"@type\":\"SearchAction\",\"target\":{\"@type\":\"EntryPoint\",\"urlTemplate\":\"https:\/\/weltlaeden.de\/s-vaihingen\/?s={search_term_string}\"},\"query-input\":{\"@type\":\"PropertyValueSpecification\",\"valueRequired\":true,\"valueName\":\"search_term_string\"}}],\"inLanguage\":\"de\"},{\"@type\":\"Organization\",\"@id\":\"https:\/\/weltlaeden.de\/s-vaihingen\/#organization\",\"name\":\"Stuttgarter Weltladen in Vaihingen\",\"url\":\"https:\/\/weltlaeden.de\/s-vaihingen\/\",\"logo\":{\"@type\":\"ImageObject\",\"inLanguage\":\"de\",\"@id\":\"https:\/\/weltlaeden.de\/s-vaihingen\/#\/schema\/logo\/image\/\",\"url\":\"https:\/\/weltlaeden.de\/s-vaihingen\/wp-content\/uploads\/sites\/90\/2019\/04\/stuttgarter-Weltladen-in-vaihingen.jpg\",\"contentUrl\":\"https:\/\/weltlaeden.de\/s-vaihingen\/wp-content\/uploads\/sites\/90\/2019\/04\/stuttgarter-Weltladen-in-vaihingen.jpg\",\"width\":2601,\"height\":1625,\"caption\":\"Stuttgarter Weltladen in Vaihingen\"},\"image\":{\"@id\":\"https:\/\/weltlaeden.de\/s-vaihingen\/#\/schema\/logo\/image\/\"},\"sameAs\":[\"https:\/\/www.facebook.com\/weltladenstuttgartvaihingen\/\"]}]}<\/script>\n<!-- \/ Yoast SEO plugin. -->","yoast_head_json":{"title":"Kipepeo - Weltladen Stuttgart-Vaihingen","robots":{"index":"index","follow":"follow","max-snippet":"max-snippet:-1","max-image-preview":"max-image-preview:large","max-video-preview":"max-video-preview:-1"},"canonical":"https:\/\/weltlaeden.de\/s-vaihingen\/kipepeo-2\/","og_locale":"de_DE","og_type":"article","og_title":"Kipepeo - Weltladen Stuttgart-Vaihingen","og_description":"[vc_row][vc_column][vc_column_text] Kipepeo Entwicklung in Afrika e.V. Von Kipepeo erhielten wir 2022 f\u00fcr die Spenden der vergangenen Jahre folgende Nachricht: Es freut uns sehr, dass Sie unsere Arbeit unterst\u00fctzen. Mit Ihrem wertvollen Beitrag haben Sie geholfen vor allem Frauen und Kindern in Ostafrika das t\u00e4gliche Leben um vieles leichter zu machen. Besonders in Trockenzeiten, wenn nahe&hellip;","og_url":"https:\/\/weltlaeden.de\/s-vaihingen\/kipepeo-2\/","og_site_name":"Weltladen Stuttgart-Vaihingen","article_publisher":"https:\/\/www.facebook.com\/weltladenstuttgartvaihingen\/","article_modified_time":"2022-05-17T15:45:09+00:00","twitter_card":"summary_large_image","twitter_misc":{"Gesch\u00e4tzte Lesezeit":"1\u00a0Minute"},"schema":{"@context":"https:\/\/schema.org","@graph":[{"@type":"WebPage","@id":"https:\/\/weltlaeden.de\/s-vaihingen\/kipepeo-2\/","url":"https:\/\/weltlaeden.de\/s-vaihingen\/kipepeo-2\/","name":"Kipepeo - Weltladen Stuttgart-Vaihingen","isPartOf":{"@id":"https:\/\/weltlaeden.de\/s-vaihingen\/#website"},"datePublished":"2022-05-17T15:33:21+00:00","dateModified":"2022-05-17T15:45:09+00:00","breadcrumb":{"@id":"https:\/\/weltlaeden.de\/s-vaihingen\/kipepeo-2\/#breadcrumb"},"inLanguage":"de","potentialAction":[{"@type":"ReadAction","target":["https:\/\/weltlaeden.de\/s-vaihingen\/kipepeo-2\/"]}]},{"@type":"BreadcrumbList","@id":"https:\/\/weltlaeden.de\/s-vaihingen\/kipepeo-2\/#breadcrumb","itemListElement":[{"@type":"ListItem","position":1,"name":"Startseite","item":"https:\/\/weltlaeden.de\/s-vaihingen\/"},{"@type":"ListItem","position":2,"name":"Kipepeo"}]},{"@type":"WebSite","@id":"https:\/\/weltlaeden.de\/s-vaihingen\/#website","url":"https:\/\/weltlaeden.de\/s-vaihingen\/","name":"Weltladen Stuttgart-Vaihingen","description":"Faire Produkte seit 1987","publisher":{"@id":"https:\/\/weltlaeden.de\/s-vaihingen\/#organization"},"potentialAction":[{"@type":"SearchAction","target":{"@type":"EntryPoint","urlTemplate":"https:\/\/weltlaeden.de\/s-vaihingen\/?s={search_term_string}"},"query-input":{"@type":"PropertyValueSpecification","valueRequired":true,"valueName":"search_term_string"}}],"inLanguage":"de"},{"@type":"Organization","@id":"https:\/\/weltlaeden.de\/s-vaihingen\/#organization","name":"Stuttgarter Weltladen in Vaihingen","url":"https:\/\/weltlaeden.de\/s-vaihingen\/","logo":{"@type":"ImageObject","inLanguage":"de","@id":"https:\/\/weltlaeden.de\/s-vaihingen\/#\/schema\/logo\/image\/","url":"https:\/\/weltlaeden.de\/s-vaihingen\/wp-content\/uploads\/sites\/90\/2019\/04\/stuttgarter-Weltladen-in-vaihingen.jpg","contentUrl":"https:\/\/weltlaeden.de\/s-vaihingen\/wp-content\/uploads\/sites\/90\/2019\/04\/stuttgarter-Weltladen-in-vaihingen.jpg","width":2601,"height":1625,"caption":"Stuttgarter Weltladen in Vaihingen"},"image":{"@id":"https:\/\/weltlaeden.de\/s-vaihingen\/#\/schema\/logo\/image\/"},"sameAs":["https:\/\/www.facebook.com\/weltladenstuttgartvaihingen\/"]}]}},"_links":{"self":[{"href":"https:\/\/weltlaeden.de\/s-vaihingen\/wp-json\/wp\/v2\/pages\/1610","targetHints":{"allow":["GET"]}}],"collection":[{"href":"https:\/\/weltlaeden.de\/s-vaihingen\/wp-json\/wp\/v2\/pages"}],"about":[{"href":"https:\/\/weltlaeden.de\/s-vaihingen\/wp-json\/wp\/v2\/types\/page"}],"author":[{"embeddable":true,"href":"https:\/\/weltlaeden.de\/s-vaihingen\/wp-json\/wp\/v2\/users\/136"}],"replies":[{"embeddable":true,"href":"https:\/\/weltlaeden.de\/s-vaihingen\/wp-json\/wp\/v2\/comments?post=1610"}],"version-history":[{"count":4,"href":"https:\/\/weltlaeden.de\/s-vaihingen\/wp-json\/wp\/v2\/pages\/1610\/revisions"}],"predecessor-version":[{"id":1617,"href":"https:\/\/weltlaeden.de\/s-vaihingen\/wp-json\/wp\/v2\/pages\/1610\/revisions\/1617"}],"wp:attachment":[{"href":"https:\/\/weltlaeden.de\/s-vaihingen\/wp-json\/wp\/v2\/media?parent=1610"}],"curies":[{"name":"wp","href":"https:\/\/api.w.org\/{rel}","templated":true}]}}