{"id":1464,"date":"2021-10-05T22:18:55","date_gmt":"2021-10-05T20:18:55","guid":{"rendered":"https:\/\/weltlaeden.de\/s-vaihingen\/?page_id=1464"},"modified":"2022-07-25T12:40:37","modified_gmt":"2022-07-25T10:40:37","slug":"kunsthandwerk-geschenkartikel","status":"publish","type":"page","link":"https:\/\/weltlaeden.de\/s-vaihingen\/produkte\/kunsthandwerk-geschenkartikel\/","title":{"rendered":"Kunsthandwerk-Geschenkartikel"},"content":{"rendered":"<div class=\"wpb-content-wrapper\"><p>[vc_row][vc_column][vc_column_text]<\/p>\n<h1 style=\"text-align: center\">Kunsthandwerk &#8211; Geschenkartikel<\/h1>\n<p><img loading=\"lazy\" decoding=\"async\" class=\"alignnone wp-image-1593 size-large\" src=\"https:\/\/weltlaeden.de\/s-vaihingen\/wp-content\/uploads\/sites\/90\/2022\/05\/20220225_192446_Kunsthw-klein-1024x498.jpg\" alt=\"\" width=\"1024\" height=\"498\" srcset=\"https:\/\/weltlaeden.de\/s-vaihingen\/wp-content\/uploads\/sites\/90\/2022\/05\/20220225_192446_Kunsthw-klein-1024x498.jpg 1024w, https:\/\/weltlaeden.de\/s-vaihingen\/wp-content\/uploads\/sites\/90\/2022\/05\/20220225_192446_Kunsthw-klein-300x146.jpg 300w, https:\/\/weltlaeden.de\/s-vaihingen\/wp-content\/uploads\/sites\/90\/2022\/05\/20220225_192446_Kunsthw-klein-768x373.jpg 768w, https:\/\/weltlaeden.de\/s-vaihingen\/wp-content\/uploads\/sites\/90\/2022\/05\/20220225_192446_Kunsthw-klein-1536x747.jpg 1536w, https:\/\/weltlaeden.de\/s-vaihingen\/wp-content\/uploads\/sites\/90\/2022\/05\/20220225_192446_Kunsthw-klein-2048x995.jpg 2048w, https:\/\/weltlaeden.de\/s-vaihingen\/wp-content\/uploads\/sites\/90\/2022\/05\/20220225_192446_Kunsthw-klein-scaled.jpg 1920w\" sizes=\"auto, (max-width: 1024px) 100vw, 1024px\" \/><\/p>\n<p>In unserem Laden finden Sie viele sch\u00f6ne, dekorative und n\u00fctzliche Dinge sowie auch ansprechende Geschenkideen aus fairem Handel.<br \/>\nSowohl neue Produkte als auch altbew\u00e4hrte Klassiker zeugen von den handwerklichen und k\u00fcnstlerischen Fertigkeiten unserer Partner. Aus nat\u00fcrlichen Werkstoffen wie Gr\u00e4ser, Wolle, Papier, Stein, Zuckerrohr, Holz und Metall entstehen Dinge von besonderer Wertigkeit, die langlebig und oft einzigartig sind.<\/p>\n<p>&nbsp;<\/p>\n<p><img loading=\"lazy\" decoding=\"async\" class=\"wp-image-1636 size-medium aligncenter\" src=\"https:\/\/weltlaeden.de\/s-vaihingen\/wp-content\/uploads\/sites\/90\/2022\/07\/Simona_1_K-300x199.jpg\" alt=\"\" width=\"300\" height=\"199\" srcset=\"https:\/\/weltlaeden.de\/s-vaihingen\/wp-content\/uploads\/sites\/90\/2022\/07\/Simona_1_K-300x199.jpg 300w, https:\/\/weltlaeden.de\/s-vaihingen\/wp-content\/uploads\/sites\/90\/2022\/07\/Simona_1_K-1024x679.jpg 1024w, https:\/\/weltlaeden.de\/s-vaihingen\/wp-content\/uploads\/sites\/90\/2022\/07\/Simona_1_K-768x510.jpg 768w, https:\/\/weltlaeden.de\/s-vaihingen\/wp-content\/uploads\/sites\/90\/2022\/07\/Simona_1_K-1536x1019.jpg 1536w, https:\/\/weltlaeden.de\/s-vaihingen\/wp-content\/uploads\/sites\/90\/2022\/07\/Simona_1_K.jpg 1777w\" sizes=\"auto, (max-width: 300px) 100vw, 300px\" \/><\/p>\n<p>Wir f\u00fchren individuellen Schmuck, sch\u00f6ne Schals, Haushaltswaren, Hygieneartikel, K\u00f6rbe, interessante Taschen und Geldb\u00f6rsen, originelle Fu\u00dfabstreifer, Karten, Geschenkpapier und vieles mehr.<\/p>\n<p><img loading=\"lazy\" decoding=\"async\" class=\"size-medium wp-image-1651 aligncenter\" src=\"https:\/\/weltlaeden.de\/s-vaihingen\/wp-content\/uploads\/sites\/90\/2022\/07\/karina-tanais-233x300.jpg\" alt=\"\" width=\"233\" height=\"300\" srcset=\"https:\/\/weltlaeden.de\/s-vaihingen\/wp-content\/uploads\/sites\/90\/2022\/07\/karina-tanais-233x300.jpg 233w, https:\/\/weltlaeden.de\/s-vaihingen\/wp-content\/uploads\/sites\/90\/2022\/07\/karina-tanais.jpg 617w\" sizes=\"auto, (max-width: 233px) 100vw, 233px\" \/><\/p>\n<p>[\/vc_column_text][\/vc_column][\/vc_row]<\/p>\n<\/div>","protected":false},"excerpt":{"rendered":"<p>[vc_row][vc_column][vc_column_text] Kunsthandwerk &#8211; Geschenkartikel In unserem Laden finden Sie viele sch\u00f6ne, dekorative und n\u00fctzliche Dinge sowie auch ansprechende Geschenkideen aus fairem Handel. Sowohl neue Produkte als auch altbew\u00e4hrte Klassiker zeugen von den handwerklichen und k\u00fcnstlerischen Fertigkeiten unserer Partner. Aus nat\u00fcrlichen Werkstoffen wie Gr\u00e4ser, Wolle, Papier, Stein, Zuckerrohr, Holz und Metall entstehen Dinge von besonderer Wertigkeit,&hellip;<\/p>\n","protected":false},"author":136,"featured_media":0,"parent":217,"menu_order":1,"comment_status":"closed","ping_status":"closed","template":"","meta":{"footnotes":""},"class_list":["post-1464","page","type-page","status-publish","hentry","description-off"],"yoast_head":"<!-- This site is optimized with the Yoast SEO plugin v26.8 - https:\/\/yoast.com\/product\/yoast-seo-wordpress\/ -->\n<title>Kunsthandwerk-Geschenkartikel - Weltladen Stuttgart-Vaihingen<\/title>\n<meta name=\"robots\" content=\"index, follow, max-snippet:-1, max-image-preview:large, max-video-preview:-1\" \/>\n<link rel=\"canonical\" href=\"https:\/\/weltlaeden.de\/s-vaihingen\/produkte\/kunsthandwerk-geschenkartikel\/\" \/>\n<meta property=\"og:locale\" content=\"de_DE\" \/>\n<meta property=\"og:type\" content=\"article\" \/>\n<meta property=\"og:title\" content=\"Kunsthandwerk-Geschenkartikel - Weltladen Stuttgart-Vaihingen\" \/>\n<meta property=\"og:description\" content=\"[vc_row][vc_column][vc_column_text] Kunsthandwerk &#8211; Geschenkartikel In unserem Laden finden Sie viele sch\u00f6ne, dekorative und n\u00fctzliche Dinge sowie auch ansprechende Geschenkideen aus fairem Handel. Sowohl neue Produkte als auch altbew\u00e4hrte Klassiker zeugen von den handwerklichen und k\u00fcnstlerischen Fertigkeiten unserer Partner. Aus nat\u00fcrlichen Werkstoffen wie Gr\u00e4ser, Wolle, Papier, Stein, Zuckerrohr, Holz und Metall entstehen Dinge von besonderer Wertigkeit,&hellip;\" \/>\n<meta property=\"og:url\" content=\"https:\/\/weltlaeden.de\/s-vaihingen\/produkte\/kunsthandwerk-geschenkartikel\/\" \/>\n<meta property=\"og:site_name\" content=\"Weltladen Stuttgart-Vaihingen\" \/>\n<meta property=\"article:publisher\" content=\"https:\/\/www.facebook.com\/weltladenstuttgartvaihingen\/\" \/>\n<meta property=\"article:modified_time\" content=\"2022-07-25T10:40:37+00:00\" \/>\n<meta property=\"og:image\" content=\"https:\/\/weltlaeden.de\/s-vaihingen\/wp-content\/uploads\/sites\/90\/2022\/05\/20220225_192446_Kunsthw-klein-1024x498.jpg\" \/>\n<meta name=\"twitter:card\" content=\"summary_large_image\" \/>\n<meta name=\"twitter:label1\" content=\"Gesch\u00e4tzte Lesezeit\" \/>\n\t<meta name=\"twitter:data1\" content=\"1\u00a0Minute\" \/>\n<script type=\"application\/ld+json\" class=\"yoast-schema-graph\">{\"@context\":\"https:\/\/schema.org\",\"@graph\":[{\"@type\":\"WebPage\",\"@id\":\"https:\/\/weltlaeden.de\/s-vaihingen\/produkte\/kunsthandwerk-geschenkartikel\/\",\"url\":\"https:\/\/weltlaeden.de\/s-vaihingen\/produkte\/kunsthandwerk-geschenkartikel\/\",\"name\":\"Kunsthandwerk-Geschenkartikel - Weltladen Stuttgart-Vaihingen\",\"isPartOf\":{\"@id\":\"https:\/\/weltlaeden.de\/s-vaihingen\/#website\"},\"primaryImageOfPage\":{\"@id\":\"https:\/\/weltlaeden.de\/s-vaihingen\/produkte\/kunsthandwerk-geschenkartikel\/#primaryimage\"},\"image\":{\"@id\":\"https:\/\/weltlaeden.de\/s-vaihingen\/produkte\/kunsthandwerk-geschenkartikel\/#primaryimage\"},\"thumbnailUrl\":\"https:\/\/weltlaeden.de\/s-vaihingen\/wp-content\/uploads\/sites\/90\/2022\/05\/20220225_192446_Kunsthw-klein-1024x498.jpg\",\"datePublished\":\"2021-10-05T20:18:55+00:00\",\"dateModified\":\"2022-07-25T10:40:37+00:00\",\"breadcrumb\":{\"@id\":\"https:\/\/weltlaeden.de\/s-vaihingen\/produkte\/kunsthandwerk-geschenkartikel\/#breadcrumb\"},\"inLanguage\":\"de\",\"potentialAction\":[{\"@type\":\"ReadAction\",\"target\":[\"https:\/\/weltlaeden.de\/s-vaihingen\/produkte\/kunsthandwerk-geschenkartikel\/\"]}]},{\"@type\":\"ImageObject\",\"inLanguage\":\"de\",\"@id\":\"https:\/\/weltlaeden.de\/s-vaihingen\/produkte\/kunsthandwerk-geschenkartikel\/#primaryimage\",\"url\":\"https:\/\/weltlaeden.de\/s-vaihingen\/wp-content\/uploads\/sites\/90\/2022\/05\/20220225_192446_Kunsthw-klein-scaled.jpg\",\"contentUrl\":\"https:\/\/weltlaeden.de\/s-vaihingen\/wp-content\/uploads\/sites\/90\/2022\/05\/20220225_192446_Kunsthw-klein-scaled.jpg\",\"width\":1920,\"height\":933},{\"@type\":\"BreadcrumbList\",\"@id\":\"https:\/\/weltlaeden.de\/s-vaihingen\/produkte\/kunsthandwerk-geschenkartikel\/#breadcrumb\",\"itemListElement\":[{\"@type\":\"ListItem\",\"position\":1,\"name\":\"Startseite\",\"item\":\"https:\/\/weltlaeden.de\/s-vaihingen\/\"},{\"@type\":\"ListItem\",\"position\":2,\"name\":\"Sortiment\",\"item\":\"https:\/\/weltlaeden.de\/s-vaihingen\/produkte\/\"},{\"@type\":\"ListItem\",\"position\":3,\"name\":\"Kunsthandwerk-Geschenkartikel\"}]},{\"@type\":\"WebSite\",\"@id\":\"https:\/\/weltlaeden.de\/s-vaihingen\/#website\",\"url\":\"https:\/\/weltlaeden.de\/s-vaihingen\/\",\"name\":\"Weltladen Stuttgart-Vaihingen\",\"description\":\"Faire Produkte seit 1987\",\"publisher\":{\"@id\":\"https:\/\/weltlaeden.de\/s-vaihingen\/#organization\"},\"potentialAction\":[{\"@type\":\"SearchAction\",\"target\":{\"@type\":\"EntryPoint\",\"urlTemplate\":\"https:\/\/weltlaeden.de\/s-vaihingen\/?s={search_term_string}\"},\"query-input\":{\"@type\":\"PropertyValueSpecification\",\"valueRequired\":true,\"valueName\":\"search_term_string\"}}],\"inLanguage\":\"de\"},{\"@type\":\"Organization\",\"@id\":\"https:\/\/weltlaeden.de\/s-vaihingen\/#organization\",\"name\":\"Stuttgarter Weltladen in Vaihingen\",\"url\":\"https:\/\/weltlaeden.de\/s-vaihingen\/\",\"logo\":{\"@type\":\"ImageObject\",\"inLanguage\":\"de\",\"@id\":\"https:\/\/weltlaeden.de\/s-vaihingen\/#\/schema\/logo\/image\/\",\"url\":\"https:\/\/weltlaeden.de\/s-vaihingen\/wp-content\/uploads\/sites\/90\/2019\/04\/stuttgarter-Weltladen-in-vaihingen.jpg\",\"contentUrl\":\"https:\/\/weltlaeden.de\/s-vaihingen\/wp-content\/uploads\/sites\/90\/2019\/04\/stuttgarter-Weltladen-in-vaihingen.jpg\",\"width\":2601,\"height\":1625,\"caption\":\"Stuttgarter Weltladen in Vaihingen\"},\"image\":{\"@id\":\"https:\/\/weltlaeden.de\/s-vaihingen\/#\/schema\/logo\/image\/\"},\"sameAs\":[\"https:\/\/www.facebook.com\/weltladenstuttgartvaihingen\/\"]}]}<\/script>\n<!-- \/ Yoast SEO plugin. -->","yoast_head_json":{"title":"Kunsthandwerk-Geschenkartikel - Weltladen Stuttgart-Vaihingen","robots":{"index":"index","follow":"follow","max-snippet":"max-snippet:-1","max-image-preview":"max-image-preview:large","max-video-preview":"max-video-preview:-1"},"canonical":"https:\/\/weltlaeden.de\/s-vaihingen\/produkte\/kunsthandwerk-geschenkartikel\/","og_locale":"de_DE","og_type":"article","og_title":"Kunsthandwerk-Geschenkartikel - Weltladen Stuttgart-Vaihingen","og_description":"[vc_row][vc_column][vc_column_text] Kunsthandwerk &#8211; Geschenkartikel In unserem Laden finden Sie viele sch\u00f6ne, dekorative und n\u00fctzliche Dinge sowie auch ansprechende Geschenkideen aus fairem Handel. Sowohl neue Produkte als auch altbew\u00e4hrte Klassiker zeugen von den handwerklichen und k\u00fcnstlerischen Fertigkeiten unserer Partner. Aus nat\u00fcrlichen Werkstoffen wie Gr\u00e4ser, Wolle, Papier, Stein, Zuckerrohr, Holz und Metall entstehen Dinge von besonderer Wertigkeit,&hellip;","og_url":"https:\/\/weltlaeden.de\/s-vaihingen\/produkte\/kunsthandwerk-geschenkartikel\/","og_site_name":"Weltladen Stuttgart-Vaihingen","article_publisher":"https:\/\/www.facebook.com\/weltladenstuttgartvaihingen\/","article_modified_time":"2022-07-25T10:40:37+00:00","og_image":[{"url":"https:\/\/weltlaeden.de\/s-vaihingen\/wp-content\/uploads\/sites\/90\/2022\/05\/20220225_192446_Kunsthw-klein-1024x498.jpg","type":"","width":"","height":""}],"twitter_card":"summary_large_image","twitter_misc":{"Gesch\u00e4tzte Lesezeit":"1\u00a0Minute"},"schema":{"@context":"https:\/\/schema.org","@graph":[{"@type":"WebPage","@id":"https:\/\/weltlaeden.de\/s-vaihingen\/produkte\/kunsthandwerk-geschenkartikel\/","url":"https:\/\/weltlaeden.de\/s-vaihingen\/produkte\/kunsthandwerk-geschenkartikel\/","name":"Kunsthandwerk-Geschenkartikel - Weltladen Stuttgart-Vaihingen","isPartOf":{"@id":"https:\/\/weltlaeden.de\/s-vaihingen\/#website"},"primaryImageOfPage":{"@id":"https:\/\/weltlaeden.de\/s-vaihingen\/produkte\/kunsthandwerk-geschenkartikel\/#primaryimage"},"image":{"@id":"https:\/\/weltlaeden.de\/s-vaihingen\/produkte\/kunsthandwerk-geschenkartikel\/#primaryimage"},"thumbnailUrl":"https:\/\/weltlaeden.de\/s-vaihingen\/wp-content\/uploads\/sites\/90\/2022\/05\/20220225_192446_Kunsthw-klein-1024x498.jpg","datePublished":"2021-10-05T20:18:55+00:00","dateModified":"2022-07-25T10:40:37+00:00","breadcrumb":{"@id":"https:\/\/weltlaeden.de\/s-vaihingen\/produkte\/kunsthandwerk-geschenkartikel\/#breadcrumb"},"inLanguage":"de","potentialAction":[{"@type":"ReadAction","target":["https:\/\/weltlaeden.de\/s-vaihingen\/produkte\/kunsthandwerk-geschenkartikel\/"]}]},{"@type":"ImageObject","inLanguage":"de","@id":"https:\/\/weltlaeden.de\/s-vaihingen\/produkte\/kunsthandwerk-geschenkartikel\/#primaryimage","url":"https:\/\/weltlaeden.de\/s-vaihingen\/wp-content\/uploads\/sites\/90\/2022\/05\/20220225_192446_Kunsthw-klein-scaled.jpg","contentUrl":"https:\/\/weltlaeden.de\/s-vaihingen\/wp-content\/uploads\/sites\/90\/2022\/05\/20220225_192446_Kunsthw-klein-scaled.jpg","width":1920,"height":933},{"@type":"BreadcrumbList","@id":"https:\/\/weltlaeden.de\/s-vaihingen\/produkte\/kunsthandwerk-geschenkartikel\/#breadcrumb","itemListElement":[{"@type":"ListItem","position":1,"name":"Startseite","item":"https:\/\/weltlaeden.de\/s-vaihingen\/"},{"@type":"ListItem","position":2,"name":"Sortiment","item":"https:\/\/weltlaeden.de\/s-vaihingen\/produkte\/"},{"@type":"ListItem","position":3,"name":"Kunsthandwerk-Geschenkartikel"}]},{"@type":"WebSite","@id":"https:\/\/weltlaeden.de\/s-vaihingen\/#website","url":"https:\/\/weltlaeden.de\/s-vaihingen\/","name":"Weltladen Stuttgart-Vaihingen","description":"Faire Produkte seit 1987","publisher":{"@id":"https:\/\/weltlaeden.de\/s-vaihingen\/#organization"},"potentialAction":[{"@type":"SearchAction","target":{"@type":"EntryPoint","urlTemplate":"https:\/\/weltlaeden.de\/s-vaihingen\/?s={search_term_string}"},"query-input":{"@type":"PropertyValueSpecification","valueRequired":true,"valueName":"search_term_string"}}],"inLanguage":"de"},{"@type":"Organization","@id":"https:\/\/weltlaeden.de\/s-vaihingen\/#organization","name":"Stuttgarter Weltladen in Vaihingen","url":"https:\/\/weltlaeden.de\/s-vaihingen\/","logo":{"@type":"ImageObject","inLanguage":"de","@id":"https:\/\/weltlaeden.de\/s-vaihingen\/#\/schema\/logo\/image\/","url":"https:\/\/weltlaeden.de\/s-vaihingen\/wp-content\/uploads\/sites\/90\/2019\/04\/stuttgarter-Weltladen-in-vaihingen.jpg","contentUrl":"https:\/\/weltlaeden.de\/s-vaihingen\/wp-content\/uploads\/sites\/90\/2019\/04\/stuttgarter-Weltladen-in-vaihingen.jpg","width":2601,"height":1625,"caption":"Stuttgarter Weltladen in Vaihingen"},"image":{"@id":"https:\/\/weltlaeden.de\/s-vaihingen\/#\/schema\/logo\/image\/"},"sameAs":["https:\/\/www.facebook.com\/weltladenstuttgartvaihingen\/"]}]}},"_links":{"self":[{"href":"https:\/\/weltlaeden.de\/s-vaihingen\/wp-json\/wp\/v2\/pages\/1464","targetHints":{"allow":["GET"]}}],"collection":[{"href":"https:\/\/weltlaeden.de\/s-vaihingen\/wp-json\/wp\/v2\/pages"}],"about":[{"href":"https:\/\/weltlaeden.de\/s-vaihingen\/wp-json\/wp\/v2\/types\/page"}],"author":[{"embeddable":true,"href":"https:\/\/weltlaeden.de\/s-vaihingen\/wp-json\/wp\/v2\/users\/136"}],"replies":[{"embeddable":true,"href":"https:\/\/weltlaeden.de\/s-vaihingen\/wp-json\/wp\/v2\/comments?post=1464"}],"version-history":[{"count":14,"href":"https:\/\/weltlaeden.de\/s-vaihingen\/wp-json\/wp\/v2\/pages\/1464\/revisions"}],"predecessor-version":[{"id":1652,"href":"https:\/\/weltlaeden.de\/s-vaihingen\/wp-json\/wp\/v2\/pages\/1464\/revisions\/1652"}],"up":[{"embeddable":true,"href":"https:\/\/weltlaeden.de\/s-vaihingen\/wp-json\/wp\/v2\/pages\/217"}],"wp:attachment":[{"href":"https:\/\/weltlaeden.de\/s-vaihingen\/wp-json\/wp\/v2\/media?parent=1464"}],"curies":[{"name":"wp","href":"https:\/\/api.w.org\/{rel}","templated":true}]}}