{"id":778,"date":"2022-11-12T18:29:49","date_gmt":"2022-11-12T17:29:49","guid":{"rendered":"https:\/\/weltlaeden.de\/rottenburg-am-neckar\/?page_id=778"},"modified":"2025-06-07T18:42:18","modified_gmt":"2025-06-07T16:42:18","slug":"wellness-schoene-dinge","status":"publish","type":"page","link":"https:\/\/weltlaeden.de\/rottenburg-am-neckar\/produkte\/kunsthandwerk\/wellness-schoene-dinge\/","title":{"rendered":"Wellness &amp; sch\u00f6ne Dinge"},"content":{"rendered":"<div class=\"wpb-content-wrapper\"><p>[vc_row][vc_column][vc_column_text css=&#8220;&#8220;]<\/p>\n<h1>Wellness &#8211; sch\u00f6ne Dinge, die einfach gut tun<\/h1>\n<p>[\/vc_column_text][vc_column_text css=&#8220;&#8220;]Alles was Sie zum Wohlf\u00fchlen brauchen k\u00f6nnen, finden Sie hier. Ob Sie im Sommer entspannt abh\u00e4ngen m\u00f6chten, ob Sie beim Yoga, Tai Chi, Qi Gong mit Klangschalen zur Ruhe finden m\u00f6chten, \u00a0mit Kerzen eine besondere Stimmung schaffen m\u00f6chten, die Auswahl an sch\u00f6nen Dingen ist gro\u00df, viel gr\u00f6\u00dfer, als unser Laden Platz hat. Mehr Produkte k\u00f6nnen wir gerne f\u00fcr Sie aus unseren Katalogen bestellen![\/vc_column_text][\/vc_column][\/vc_row][vc_row][vc_column][vc_media_grid element_width=&#8220;3&#8243; css=&#8220;.vc_custom_1726082864685{border-radius: 4px !important;}&#8220; grid_id=&#8220;vc_gid:1726082788039-959fbf58-4db5-7&#8243; include=&#8220;1138,1146,703,1169&#8243;][\/vc_column][\/vc_row]<\/p>\n<\/div>","protected":false},"excerpt":{"rendered":"<p>[vc_row][vc_column][vc_column_text css=&#8220;&#8220;] Wellness &#8211; sch\u00f6ne Dinge, die einfach gut tun [\/vc_column_text][vc_column_text css=&#8220;&#8220;]Alles was Sie zum Wohlf\u00fchlen brauchen k\u00f6nnen, finden Sie hier. Ob Sie im Sommer entspannt abh\u00e4ngen m\u00f6chten, ob Sie beim Yoga, Tai Chi, Qi Gong mit Klangschalen zur Ruhe finden m\u00f6chten, \u00a0mit Kerzen eine besondere Stimmung schaffen m\u00f6chten, die Auswahl an sch\u00f6nen Dingen ist&hellip;<\/p>\n","protected":false},"author":285,"featured_media":0,"parent":769,"menu_order":9,"comment_status":"closed","ping_status":"closed","template":"","meta":{"footnotes":""},"class_list":["post-778","page","type-page","status-publish","hentry","description-off"],"yoast_head":"<!-- This site is optimized with the Yoast SEO plugin v26.8 - https:\/\/yoast.com\/product\/yoast-seo-wordpress\/ -->\n<title>Wellness &amp; sch\u00f6ne Dinge - Weltladen Rottenburg<\/title>\n<meta name=\"robots\" content=\"index, follow, max-snippet:-1, max-image-preview:large, max-video-preview:-1\" \/>\n<link rel=\"canonical\" href=\"https:\/\/weltlaeden.de\/rottenburg-am-neckar\/produkte\/kunsthandwerk\/wellness-schoene-dinge\/\" \/>\n<meta property=\"og:locale\" content=\"de_DE\" \/>\n<meta property=\"og:type\" content=\"article\" \/>\n<meta property=\"og:title\" content=\"Wellness &amp; sch\u00f6ne Dinge - Weltladen Rottenburg\" \/>\n<meta property=\"og:description\" content=\"[vc_row][vc_column][vc_column_text css=&#8220;&#8220;] Wellness &#8211; sch\u00f6ne Dinge, die einfach gut tun [\/vc_column_text][vc_column_text css=&#8220;&#8220;]Alles was Sie zum Wohlf\u00fchlen brauchen k\u00f6nnen, finden Sie hier. Ob Sie im Sommer entspannt abh\u00e4ngen m\u00f6chten, ob Sie beim Yoga, Tai Chi, Qi Gong mit Klangschalen zur Ruhe finden m\u00f6chten, \u00a0mit Kerzen eine besondere Stimmung schaffen m\u00f6chten, die Auswahl an sch\u00f6nen Dingen ist&hellip;\" \/>\n<meta property=\"og:url\" content=\"https:\/\/weltlaeden.de\/rottenburg-am-neckar\/produkte\/kunsthandwerk\/wellness-schoene-dinge\/\" \/>\n<meta property=\"og:site_name\" content=\"Weltladen Rottenburg\" \/>\n<meta property=\"article:modified_time\" content=\"2025-06-07T16:42:18+00:00\" \/>\n<meta name=\"twitter:card\" content=\"summary_large_image\" \/>\n<meta name=\"twitter:label1\" content=\"Gesch\u00e4tzte Lesezeit\" \/>\n\t<meta name=\"twitter:data1\" content=\"2\u00a0Minuten\" \/>\n<script type=\"application\/ld+json\" class=\"yoast-schema-graph\">{\"@context\":\"https:\/\/schema.org\",\"@graph\":[{\"@type\":\"WebPage\",\"@id\":\"https:\/\/weltlaeden.de\/rottenburg-am-neckar\/produkte\/kunsthandwerk\/wellness-schoene-dinge\/\",\"url\":\"https:\/\/weltlaeden.de\/rottenburg-am-neckar\/produkte\/kunsthandwerk\/wellness-schoene-dinge\/\",\"name\":\"Wellness &amp; sch\u00f6ne Dinge - Weltladen Rottenburg\",\"isPartOf\":{\"@id\":\"https:\/\/weltlaeden.de\/rottenburg-am-neckar\/#website\"},\"datePublished\":\"2022-11-12T17:29:49+00:00\",\"dateModified\":\"2025-06-07T16:42:18+00:00\",\"breadcrumb\":{\"@id\":\"https:\/\/weltlaeden.de\/rottenburg-am-neckar\/produkte\/kunsthandwerk\/wellness-schoene-dinge\/#breadcrumb\"},\"inLanguage\":\"de\",\"potentialAction\":[{\"@type\":\"ReadAction\",\"target\":[\"https:\/\/weltlaeden.de\/rottenburg-am-neckar\/produkte\/kunsthandwerk\/wellness-schoene-dinge\/\"]}]},{\"@type\":\"BreadcrumbList\",\"@id\":\"https:\/\/weltlaeden.de\/rottenburg-am-neckar\/produkte\/kunsthandwerk\/wellness-schoene-dinge\/#breadcrumb\",\"itemListElement\":[{\"@type\":\"ListItem\",\"position\":1,\"name\":\"Startseite\",\"item\":\"https:\/\/weltlaeden.de\/rottenburg-am-neckar\/\"},{\"@type\":\"ListItem\",\"position\":2,\"name\":\"Sortiment\",\"item\":\"https:\/\/weltlaeden.de\/rottenburg-am-neckar\/produkte\/\"},{\"@type\":\"ListItem\",\"position\":3,\"name\":\"Kunsthandwerk\",\"item\":\"https:\/\/weltlaeden.de\/rottenburg-am-neckar\/produkte\/kunsthandwerk\/\"},{\"@type\":\"ListItem\",\"position\":4,\"name\":\"Wellness &amp; sch\u00f6ne Dinge\"}]},{\"@type\":\"WebSite\",\"@id\":\"https:\/\/weltlaeden.de\/rottenburg-am-neckar\/#website\",\"url\":\"https:\/\/weltlaeden.de\/rottenburg-am-neckar\/\",\"name\":\"Weltladen Rottenburg\",\"description\":\"Faire Produkte seit 1977\",\"potentialAction\":[{\"@type\":\"SearchAction\",\"target\":{\"@type\":\"EntryPoint\",\"urlTemplate\":\"https:\/\/weltlaeden.de\/rottenburg-am-neckar\/?s={search_term_string}\"},\"query-input\":{\"@type\":\"PropertyValueSpecification\",\"valueRequired\":true,\"valueName\":\"search_term_string\"}}],\"inLanguage\":\"de\"}]}<\/script>\n<!-- \/ Yoast SEO plugin. -->","yoast_head_json":{"title":"Wellness &amp; sch\u00f6ne Dinge - Weltladen Rottenburg","robots":{"index":"index","follow":"follow","max-snippet":"max-snippet:-1","max-image-preview":"max-image-preview:large","max-video-preview":"max-video-preview:-1"},"canonical":"https:\/\/weltlaeden.de\/rottenburg-am-neckar\/produkte\/kunsthandwerk\/wellness-schoene-dinge\/","og_locale":"de_DE","og_type":"article","og_title":"Wellness &amp; sch\u00f6ne Dinge - Weltladen Rottenburg","og_description":"[vc_row][vc_column][vc_column_text css=&#8220;&#8220;] Wellness &#8211; sch\u00f6ne Dinge, die einfach gut tun [\/vc_column_text][vc_column_text css=&#8220;&#8220;]Alles was Sie zum Wohlf\u00fchlen brauchen k\u00f6nnen, finden Sie hier. Ob Sie im Sommer entspannt abh\u00e4ngen m\u00f6chten, ob Sie beim Yoga, Tai Chi, Qi Gong mit Klangschalen zur Ruhe finden m\u00f6chten, \u00a0mit Kerzen eine besondere Stimmung schaffen m\u00f6chten, die Auswahl an sch\u00f6nen Dingen ist&hellip;","og_url":"https:\/\/weltlaeden.de\/rottenburg-am-neckar\/produkte\/kunsthandwerk\/wellness-schoene-dinge\/","og_site_name":"Weltladen Rottenburg","article_modified_time":"2025-06-07T16:42:18+00:00","twitter_card":"summary_large_image","twitter_misc":{"Gesch\u00e4tzte Lesezeit":"2\u00a0Minuten"},"schema":{"@context":"https:\/\/schema.org","@graph":[{"@type":"WebPage","@id":"https:\/\/weltlaeden.de\/rottenburg-am-neckar\/produkte\/kunsthandwerk\/wellness-schoene-dinge\/","url":"https:\/\/weltlaeden.de\/rottenburg-am-neckar\/produkte\/kunsthandwerk\/wellness-schoene-dinge\/","name":"Wellness &amp; sch\u00f6ne Dinge - Weltladen Rottenburg","isPartOf":{"@id":"https:\/\/weltlaeden.de\/rottenburg-am-neckar\/#website"},"datePublished":"2022-11-12T17:29:49+00:00","dateModified":"2025-06-07T16:42:18+00:00","breadcrumb":{"@id":"https:\/\/weltlaeden.de\/rottenburg-am-neckar\/produkte\/kunsthandwerk\/wellness-schoene-dinge\/#breadcrumb"},"inLanguage":"de","potentialAction":[{"@type":"ReadAction","target":["https:\/\/weltlaeden.de\/rottenburg-am-neckar\/produkte\/kunsthandwerk\/wellness-schoene-dinge\/"]}]},{"@type":"BreadcrumbList","@id":"https:\/\/weltlaeden.de\/rottenburg-am-neckar\/produkte\/kunsthandwerk\/wellness-schoene-dinge\/#breadcrumb","itemListElement":[{"@type":"ListItem","position":1,"name":"Startseite","item":"https:\/\/weltlaeden.de\/rottenburg-am-neckar\/"},{"@type":"ListItem","position":2,"name":"Sortiment","item":"https:\/\/weltlaeden.de\/rottenburg-am-neckar\/produkte\/"},{"@type":"ListItem","position":3,"name":"Kunsthandwerk","item":"https:\/\/weltlaeden.de\/rottenburg-am-neckar\/produkte\/kunsthandwerk\/"},{"@type":"ListItem","position":4,"name":"Wellness &amp; sch\u00f6ne Dinge"}]},{"@type":"WebSite","@id":"https:\/\/weltlaeden.de\/rottenburg-am-neckar\/#website","url":"https:\/\/weltlaeden.de\/rottenburg-am-neckar\/","name":"Weltladen Rottenburg","description":"Faire Produkte seit 1977","potentialAction":[{"@type":"SearchAction","target":{"@type":"EntryPoint","urlTemplate":"https:\/\/weltlaeden.de\/rottenburg-am-neckar\/?s={search_term_string}"},"query-input":{"@type":"PropertyValueSpecification","valueRequired":true,"valueName":"search_term_string"}}],"inLanguage":"de"}]}},"_links":{"self":[{"href":"https:\/\/weltlaeden.de\/rottenburg-am-neckar\/wp-json\/wp\/v2\/pages\/778","targetHints":{"allow":["GET"]}}],"collection":[{"href":"https:\/\/weltlaeden.de\/rottenburg-am-neckar\/wp-json\/wp\/v2\/pages"}],"about":[{"href":"https:\/\/weltlaeden.de\/rottenburg-am-neckar\/wp-json\/wp\/v2\/types\/page"}],"author":[{"embeddable":true,"href":"https:\/\/weltlaeden.de\/rottenburg-am-neckar\/wp-json\/wp\/v2\/users\/285"}],"replies":[{"embeddable":true,"href":"https:\/\/weltlaeden.de\/rottenburg-am-neckar\/wp-json\/wp\/v2\/comments?post=778"}],"version-history":[{"count":10,"href":"https:\/\/weltlaeden.de\/rottenburg-am-neckar\/wp-json\/wp\/v2\/pages\/778\/revisions"}],"predecessor-version":[{"id":1355,"href":"https:\/\/weltlaeden.de\/rottenburg-am-neckar\/wp-json\/wp\/v2\/pages\/778\/revisions\/1355"}],"up":[{"embeddable":true,"href":"https:\/\/weltlaeden.de\/rottenburg-am-neckar\/wp-json\/wp\/v2\/pages\/769"}],"wp:attachment":[{"href":"https:\/\/weltlaeden.de\/rottenburg-am-neckar\/wp-json\/wp\/v2\/media?parent=778"}],"curies":[{"name":"wp","href":"https:\/\/api.w.org\/{rel}","templated":true}]}}