{"id":769,"date":"2022-11-12T18:17:59","date_gmt":"2022-11-12T17:17:59","guid":{"rendered":"https:\/\/weltlaeden.de\/rottenburg-am-neckar\/?page_id=769"},"modified":"2025-06-07T18:43:07","modified_gmt":"2025-06-07T16:43:07","slug":"kunsthandwerk","status":"publish","type":"page","link":"https:\/\/weltlaeden.de\/rottenburg-am-neckar\/produkte\/kunsthandwerk\/","title":{"rendered":"Kunsthandwerk"},"content":{"rendered":"<div class=\"wpb-content-wrapper\"><p>[vc_row][vc_column][vc_column_text css=&#8220;&#8220;]<\/p>\n<h1>Kunsthandwerk<\/h1>\n<p>[\/vc_column_text][vc_column_text css=&#8220;&#8220;]<\/p>\n<h2>Kunsthandwerk im Weltladen &#8211; phantasievoll und aus besonderen Materialien!<\/h2>\n<p>Im Weltladen Rottenburg bieten wir Ihnen eine beeindruckende Auswahl an kunsthandwerklichen Produkten aus aller Welt. Unser Sortiment umfasst handgefertigten Schmuck, Textilien, Keramik und Dekorationsartikel, die Fair Trade-Kriterien erf\u00fcllen. Jedes St\u00fcck ist einzigartig und repr\u00e4sentiert die Kultur und Tradition der Handwerker.<\/p>\n<p>Alle Handwerksprodukte werden in L\u00e4ndern des S\u00fcdens hergestellt, oftmals in traditionellen Verfahren. Aber auch neue Produktzweige entstehen in der Zusammenarbeit, wie zum Beispiel Taschen aus recycelten Reiss\u00e4cken aus Vietnam, Ketten aus recyceltem Glas aus Ghana, Blechspielzeug aus Getr\u00e4nkedosen aus Madagaskar, sie nutzen neue Ressourcen und schaffen sichere Einkommensquellen f\u00fcr die Produzentinnen und Produzenten. <a href=\"https:\/\/weltlaeden.de\/rottenburg-am-neckar\/fairer-handel\/\">Mehr zum Thema fairer Handel findest du hier.<\/a>[\/vc_column_text][vc_empty_space][\/vc_column][\/vc_row][vc_row][vc_column css_animation=&#8220;fadeInRight&#8220;][vc_media_grid css=&#8220;&#8220; grid_id=&#8220;vc_gid:1732039485854-5cd2d836-f224-3&#8243; include=&#8220;1315,1399,1400,1308,1143,1261&#8243;][\/vc_column][\/vc_row]<\/p>\n<\/div>","protected":false},"excerpt":{"rendered":"<p>[vc_row][vc_column][vc_column_text css=&#8220;&#8220;] Kunsthandwerk [\/vc_column_text][vc_column_text css=&#8220;&#8220;] Kunsthandwerk im Weltladen &#8211; phantasievoll und aus besonderen Materialien! Im Weltladen Rottenburg bieten wir Ihnen eine beeindruckende Auswahl an kunsthandwerklichen Produkten aus aller Welt. Unser Sortiment umfasst handgefertigten Schmuck, Textilien, Keramik und Dekorationsartikel, die Fair Trade-Kriterien erf\u00fcllen. Jedes St\u00fcck ist einzigartig und repr\u00e4sentiert die Kultur und Tradition der Handwerker. Alle&hellip;<\/p>\n","protected":false},"author":285,"featured_media":0,"parent":217,"menu_order":3,"comment_status":"closed","ping_status":"closed","template":"","meta":{"footnotes":""},"class_list":["post-769","page","type-page","status-publish","hentry","description-off"],"yoast_head":"<!-- This site is optimized with the Yoast SEO plugin v26.8 - https:\/\/yoast.com\/product\/yoast-seo-wordpress\/ -->\n<title>Kunsthandwerk - Weltladen Rottenburg<\/title>\n<meta name=\"robots\" content=\"index, follow, max-snippet:-1, max-image-preview:large, max-video-preview:-1\" \/>\n<link rel=\"canonical\" href=\"https:\/\/weltlaeden.de\/rottenburg-am-neckar\/produkte\/kunsthandwerk\/\" \/>\n<meta property=\"og:locale\" content=\"de_DE\" \/>\n<meta property=\"og:type\" content=\"article\" \/>\n<meta property=\"og:title\" content=\"Kunsthandwerk - Weltladen Rottenburg\" \/>\n<meta property=\"og:description\" content=\"[vc_row][vc_column][vc_column_text css=&#8220;&#8220;] Kunsthandwerk [\/vc_column_text][vc_column_text css=&#8220;&#8220;] Kunsthandwerk im Weltladen &#8211; phantasievoll und aus besonderen Materialien! Im Weltladen Rottenburg bieten wir Ihnen eine beeindruckende Auswahl an kunsthandwerklichen Produkten aus aller Welt. Unser Sortiment umfasst handgefertigten Schmuck, Textilien, Keramik und Dekorationsartikel, die Fair Trade-Kriterien erf\u00fcllen. Jedes St\u00fcck ist einzigartig und repr\u00e4sentiert die Kultur und Tradition der Handwerker. Alle&hellip;\" \/>\n<meta property=\"og:url\" content=\"https:\/\/weltlaeden.de\/rottenburg-am-neckar\/produkte\/kunsthandwerk\/\" \/>\n<meta property=\"og:site_name\" content=\"Weltladen Rottenburg\" \/>\n<meta property=\"article:modified_time\" content=\"2025-06-07T16:43:07+00:00\" \/>\n<meta name=\"twitter:card\" content=\"summary_large_image\" \/>\n<meta name=\"twitter:label1\" content=\"Gesch\u00e4tzte Lesezeit\" \/>\n\t<meta name=\"twitter:data1\" content=\"1\u00a0Minute\" \/>\n<script type=\"application\/ld+json\" class=\"yoast-schema-graph\">{\"@context\":\"https:\/\/schema.org\",\"@graph\":[{\"@type\":\"WebPage\",\"@id\":\"https:\/\/weltlaeden.de\/rottenburg-am-neckar\/produkte\/kunsthandwerk\/\",\"url\":\"https:\/\/weltlaeden.de\/rottenburg-am-neckar\/produkte\/kunsthandwerk\/\",\"name\":\"Kunsthandwerk - Weltladen Rottenburg\",\"isPartOf\":{\"@id\":\"https:\/\/weltlaeden.de\/rottenburg-am-neckar\/#website\"},\"datePublished\":\"2022-11-12T17:17:59+00:00\",\"dateModified\":\"2025-06-07T16:43:07+00:00\",\"breadcrumb\":{\"@id\":\"https:\/\/weltlaeden.de\/rottenburg-am-neckar\/produkte\/kunsthandwerk\/#breadcrumb\"},\"inLanguage\":\"de\",\"potentialAction\":[{\"@type\":\"ReadAction\",\"target\":[\"https:\/\/weltlaeden.de\/rottenburg-am-neckar\/produkte\/kunsthandwerk\/\"]}]},{\"@type\":\"BreadcrumbList\",\"@id\":\"https:\/\/weltlaeden.de\/rottenburg-am-neckar\/produkte\/kunsthandwerk\/#breadcrumb\",\"itemListElement\":[{\"@type\":\"ListItem\",\"position\":1,\"name\":\"Startseite\",\"item\":\"https:\/\/weltlaeden.de\/rottenburg-am-neckar\/\"},{\"@type\":\"ListItem\",\"position\":2,\"name\":\"Sortiment\",\"item\":\"https:\/\/weltlaeden.de\/rottenburg-am-neckar\/produkte\/\"},{\"@type\":\"ListItem\",\"position\":3,\"name\":\"Kunsthandwerk\"}]},{\"@type\":\"WebSite\",\"@id\":\"https:\/\/weltlaeden.de\/rottenburg-am-neckar\/#website\",\"url\":\"https:\/\/weltlaeden.de\/rottenburg-am-neckar\/\",\"name\":\"Weltladen Rottenburg\",\"description\":\"Faire Produkte seit 1977\",\"potentialAction\":[{\"@type\":\"SearchAction\",\"target\":{\"@type\":\"EntryPoint\",\"urlTemplate\":\"https:\/\/weltlaeden.de\/rottenburg-am-neckar\/?s={search_term_string}\"},\"query-input\":{\"@type\":\"PropertyValueSpecification\",\"valueRequired\":true,\"valueName\":\"search_term_string\"}}],\"inLanguage\":\"de\"}]}<\/script>\n<!-- \/ Yoast SEO plugin. -->","yoast_head_json":{"title":"Kunsthandwerk - Weltladen Rottenburg","robots":{"index":"index","follow":"follow","max-snippet":"max-snippet:-1","max-image-preview":"max-image-preview:large","max-video-preview":"max-video-preview:-1"},"canonical":"https:\/\/weltlaeden.de\/rottenburg-am-neckar\/produkte\/kunsthandwerk\/","og_locale":"de_DE","og_type":"article","og_title":"Kunsthandwerk - Weltladen Rottenburg","og_description":"[vc_row][vc_column][vc_column_text css=&#8220;&#8220;] Kunsthandwerk [\/vc_column_text][vc_column_text css=&#8220;&#8220;] Kunsthandwerk im Weltladen &#8211; phantasievoll und aus besonderen Materialien! Im Weltladen Rottenburg bieten wir Ihnen eine beeindruckende Auswahl an kunsthandwerklichen Produkten aus aller Welt. Unser Sortiment umfasst handgefertigten Schmuck, Textilien, Keramik und Dekorationsartikel, die Fair Trade-Kriterien erf\u00fcllen. Jedes St\u00fcck ist einzigartig und repr\u00e4sentiert die Kultur und Tradition der Handwerker. Alle&hellip;","og_url":"https:\/\/weltlaeden.de\/rottenburg-am-neckar\/produkte\/kunsthandwerk\/","og_site_name":"Weltladen Rottenburg","article_modified_time":"2025-06-07T16:43:07+00:00","twitter_card":"summary_large_image","twitter_misc":{"Gesch\u00e4tzte Lesezeit":"1\u00a0Minute"},"schema":{"@context":"https:\/\/schema.org","@graph":[{"@type":"WebPage","@id":"https:\/\/weltlaeden.de\/rottenburg-am-neckar\/produkte\/kunsthandwerk\/","url":"https:\/\/weltlaeden.de\/rottenburg-am-neckar\/produkte\/kunsthandwerk\/","name":"Kunsthandwerk - Weltladen Rottenburg","isPartOf":{"@id":"https:\/\/weltlaeden.de\/rottenburg-am-neckar\/#website"},"datePublished":"2022-11-12T17:17:59+00:00","dateModified":"2025-06-07T16:43:07+00:00","breadcrumb":{"@id":"https:\/\/weltlaeden.de\/rottenburg-am-neckar\/produkte\/kunsthandwerk\/#breadcrumb"},"inLanguage":"de","potentialAction":[{"@type":"ReadAction","target":["https:\/\/weltlaeden.de\/rottenburg-am-neckar\/produkte\/kunsthandwerk\/"]}]},{"@type":"BreadcrumbList","@id":"https:\/\/weltlaeden.de\/rottenburg-am-neckar\/produkte\/kunsthandwerk\/#breadcrumb","itemListElement":[{"@type":"ListItem","position":1,"name":"Startseite","item":"https:\/\/weltlaeden.de\/rottenburg-am-neckar\/"},{"@type":"ListItem","position":2,"name":"Sortiment","item":"https:\/\/weltlaeden.de\/rottenburg-am-neckar\/produkte\/"},{"@type":"ListItem","position":3,"name":"Kunsthandwerk"}]},{"@type":"WebSite","@id":"https:\/\/weltlaeden.de\/rottenburg-am-neckar\/#website","url":"https:\/\/weltlaeden.de\/rottenburg-am-neckar\/","name":"Weltladen Rottenburg","description":"Faire Produkte seit 1977","potentialAction":[{"@type":"SearchAction","target":{"@type":"EntryPoint","urlTemplate":"https:\/\/weltlaeden.de\/rottenburg-am-neckar\/?s={search_term_string}"},"query-input":{"@type":"PropertyValueSpecification","valueRequired":true,"valueName":"search_term_string"}}],"inLanguage":"de"}]}},"_links":{"self":[{"href":"https:\/\/weltlaeden.de\/rottenburg-am-neckar\/wp-json\/wp\/v2\/pages\/769","targetHints":{"allow":["GET"]}}],"collection":[{"href":"https:\/\/weltlaeden.de\/rottenburg-am-neckar\/wp-json\/wp\/v2\/pages"}],"about":[{"href":"https:\/\/weltlaeden.de\/rottenburg-am-neckar\/wp-json\/wp\/v2\/types\/page"}],"author":[{"embeddable":true,"href":"https:\/\/weltlaeden.de\/rottenburg-am-neckar\/wp-json\/wp\/v2\/users\/285"}],"replies":[{"embeddable":true,"href":"https:\/\/weltlaeden.de\/rottenburg-am-neckar\/wp-json\/wp\/v2\/comments?post=769"}],"version-history":[{"count":14,"href":"https:\/\/weltlaeden.de\/rottenburg-am-neckar\/wp-json\/wp\/v2\/pages\/769\/revisions"}],"predecessor-version":[{"id":1403,"href":"https:\/\/weltlaeden.de\/rottenburg-am-neckar\/wp-json\/wp\/v2\/pages\/769\/revisions\/1403"}],"up":[{"embeddable":true,"href":"https:\/\/weltlaeden.de\/rottenburg-am-neckar\/wp-json\/wp\/v2\/pages\/217"}],"wp:attachment":[{"href":"https:\/\/weltlaeden.de\/rottenburg-am-neckar\/wp-json\/wp\/v2\/media?parent=769"}],"curies":[{"name":"wp","href":"https:\/\/api.w.org\/{rel}","templated":true}]}}