{"id":766,"date":"2022-11-12T18:14:37","date_gmt":"2022-11-12T17:14:37","guid":{"rendered":"https:\/\/weltlaeden.de\/rottenburg-am-neckar\/?page_id=766"},"modified":"2025-06-07T18:41:06","modified_gmt":"2025-06-07T16:41:06","slug":"lebensmittel","status":"publish","type":"page","link":"https:\/\/weltlaeden.de\/rottenburg-am-neckar\/produkte\/lebensmittel\/","title":{"rendered":"Lebensmittel"},"content":{"rendered":"<div class=\"wpb-content-wrapper\"><p>[vc_row][vc_column][vc_column_text css=&#8220;&#8220;]<\/p>\n<h1>Lebensmittel<\/h1>\n<p>[\/vc_column_text][vc_column_text css=&#8220;&#8220;]<\/p>\n<h2>Faire Lebensmittel, ein besonderer Genuss &#8211; bei uns finden Sie eine gro\u00dfe Auswahl<\/h2>\n<p>Bei uns stehen <strong>Qualit\u00e4t, Nachhaltigkeit und Fairness<\/strong> im Mittelpunkt. Unsere Lebensmittel stammen aus kleinb\u00e4uerlichen Genossenschaften in den L\u00e4ndern des S\u00fcdens. Hier werden Kaffee, Tee, Reis, Zucker, Kakao, Quinoa, Trockenfr\u00fcchte, Honig und Bananen und vieles mehr mit Sorgfalt und Hingabe produziert. Diese Genossenschaften erm\u00f6glichen es den Produzenten unter fairen Bedingungen zu arbeiten und ihre Lebensgrundlage zu sichern.<\/p>\n<p>F\u00fcr die Weiterverarbeitung und Verpackung der Produkte in Europa arbeiten wir vermehrt mit sozialen Projekten zusammen. So vertrauen wir beispielsweise auf die Bruderhausdiakonie und die italienische Kooperative &#8222;Libero Mondo&#8220;.<\/p>\n<p><strong>\u00a0<\/strong>[\/vc_column_text][vc_separator css=&#8220;&#8220;][vc_column_text css=&#8220;&#8220;]<\/p>\n<h2 style=\"text-align: center\">Erleben Sie die Vielfalt und den Geschmack unserer Produkte!<\/h2>\n<p>[\/vc_column_text][vc_separator css=&#8220;&#8220;][\/vc_column][\/vc_row][vc_row][vc_column][vc_empty_space][\/vc_column][\/vc_row][vc_row][vc_column][vc_media_grid css=&#8220;.vc_custom_1732039265203{border-radius: 4px !important;}&#8220; grid_id=&#8220;vc_gid:1732038801597-3050ceb7-8294-10&#8243; include=&#8220;1398,1396,1397,1305,1306,1303,1304,1302,1300,1301,1147,1117,1130,1120,1309&#8243;][vc_separator css=&#8220;&#8220;][vc_column_text css=&#8220;&#8220;]<\/p>\n<h2 style=\"text-align: center\">Das und vieles mehr entdecken Sie in unserem Laden. Kommen Sie gerne vorbei und \u00fcberzeugen sich selbst!<\/h2>\n<p>[\/vc_column_text][vc_separator css=&#8220;&#8220;][vc_empty_space][\/vc_column][\/vc_row][vc_row][vc_column][vc_column_text css=&#8220;&#8220;]<\/p>\n<h2>Unklarheiten?<\/h2>\n<p>Haben Sie Fragen oder m\u00f6chten Sie mehr \u00fcber unsere Produkte erfahren? Dann stehen wir Ihnen in unserem Laden gerne zur Verf\u00fcgung.[\/vc_column_text][\/vc_column][\/vc_row]<\/p>\n<\/div>","protected":false},"excerpt":{"rendered":"<p>[vc_row][vc_column][vc_column_text css=&#8220;&#8220;] Lebensmittel [\/vc_column_text][vc_column_text css=&#8220;&#8220;] Faire Lebensmittel, ein besonderer Genuss &#8211; bei uns finden Sie eine gro\u00dfe Auswahl Bei uns stehen Qualit\u00e4t, Nachhaltigkeit und Fairness im Mittelpunkt. Unsere Lebensmittel stammen aus kleinb\u00e4uerlichen Genossenschaften in den L\u00e4ndern des S\u00fcdens. Hier werden Kaffee, Tee, Reis, Zucker, Kakao, Quinoa, Trockenfr\u00fcchte, Honig und Bananen und vieles mehr mit Sorgfalt&hellip;<\/p>\n","protected":false},"author":285,"featured_media":0,"parent":217,"menu_order":7,"comment_status":"closed","ping_status":"closed","template":"","meta":{"footnotes":""},"class_list":["post-766","page","type-page","status-publish","hentry","description-off"],"yoast_head":"<!-- This site is optimized with the Yoast SEO plugin v26.8 - https:\/\/yoast.com\/product\/yoast-seo-wordpress\/ -->\n<title>Lebensmittel - Weltladen Rottenburg<\/title>\n<meta name=\"robots\" content=\"index, follow, max-snippet:-1, max-image-preview:large, max-video-preview:-1\" \/>\n<link rel=\"canonical\" href=\"https:\/\/weltlaeden.de\/rottenburg-am-neckar\/produkte\/lebensmittel\/\" \/>\n<meta property=\"og:locale\" content=\"de_DE\" \/>\n<meta property=\"og:type\" content=\"article\" \/>\n<meta property=\"og:title\" content=\"Lebensmittel - Weltladen Rottenburg\" \/>\n<meta property=\"og:description\" content=\"[vc_row][vc_column][vc_column_text css=&#8220;&#8220;] Lebensmittel [\/vc_column_text][vc_column_text css=&#8220;&#8220;] Faire Lebensmittel, ein besonderer Genuss &#8211; bei uns finden Sie eine gro\u00dfe Auswahl Bei uns stehen Qualit\u00e4t, Nachhaltigkeit und Fairness im Mittelpunkt. Unsere Lebensmittel stammen aus kleinb\u00e4uerlichen Genossenschaften in den L\u00e4ndern des S\u00fcdens. Hier werden Kaffee, Tee, Reis, Zucker, Kakao, Quinoa, Trockenfr\u00fcchte, Honig und Bananen und vieles mehr mit Sorgfalt&hellip;\" \/>\n<meta property=\"og:url\" content=\"https:\/\/weltlaeden.de\/rottenburg-am-neckar\/produkte\/lebensmittel\/\" \/>\n<meta property=\"og:site_name\" content=\"Weltladen Rottenburg\" \/>\n<meta property=\"article:modified_time\" content=\"2025-06-07T16:41:06+00:00\" \/>\n<meta name=\"twitter:card\" content=\"summary_large_image\" \/>\n<meta name=\"twitter:label1\" content=\"Gesch\u00e4tzte Lesezeit\" \/>\n\t<meta name=\"twitter:data1\" content=\"1\u00a0Minute\" \/>\n<script type=\"application\/ld+json\" class=\"yoast-schema-graph\">{\"@context\":\"https:\/\/schema.org\",\"@graph\":[{\"@type\":\"WebPage\",\"@id\":\"https:\/\/weltlaeden.de\/rottenburg-am-neckar\/produkte\/lebensmittel\/\",\"url\":\"https:\/\/weltlaeden.de\/rottenburg-am-neckar\/produkte\/lebensmittel\/\",\"name\":\"Lebensmittel - Weltladen Rottenburg\",\"isPartOf\":{\"@id\":\"https:\/\/weltlaeden.de\/rottenburg-am-neckar\/#website\"},\"datePublished\":\"2022-11-12T17:14:37+00:00\",\"dateModified\":\"2025-06-07T16:41:06+00:00\",\"breadcrumb\":{\"@id\":\"https:\/\/weltlaeden.de\/rottenburg-am-neckar\/produkte\/lebensmittel\/#breadcrumb\"},\"inLanguage\":\"de\",\"potentialAction\":[{\"@type\":\"ReadAction\",\"target\":[\"https:\/\/weltlaeden.de\/rottenburg-am-neckar\/produkte\/lebensmittel\/\"]}]},{\"@type\":\"BreadcrumbList\",\"@id\":\"https:\/\/weltlaeden.de\/rottenburg-am-neckar\/produkte\/lebensmittel\/#breadcrumb\",\"itemListElement\":[{\"@type\":\"ListItem\",\"position\":1,\"name\":\"Startseite\",\"item\":\"https:\/\/weltlaeden.de\/rottenburg-am-neckar\/\"},{\"@type\":\"ListItem\",\"position\":2,\"name\":\"Sortiment\",\"item\":\"https:\/\/weltlaeden.de\/rottenburg-am-neckar\/produkte\/\"},{\"@type\":\"ListItem\",\"position\":3,\"name\":\"Lebensmittel\"}]},{\"@type\":\"WebSite\",\"@id\":\"https:\/\/weltlaeden.de\/rottenburg-am-neckar\/#website\",\"url\":\"https:\/\/weltlaeden.de\/rottenburg-am-neckar\/\",\"name\":\"Weltladen Rottenburg\",\"description\":\"Faire Produkte seit 1977\",\"potentialAction\":[{\"@type\":\"SearchAction\",\"target\":{\"@type\":\"EntryPoint\",\"urlTemplate\":\"https:\/\/weltlaeden.de\/rottenburg-am-neckar\/?s={search_term_string}\"},\"query-input\":{\"@type\":\"PropertyValueSpecification\",\"valueRequired\":true,\"valueName\":\"search_term_string\"}}],\"inLanguage\":\"de\"}]}<\/script>\n<!-- \/ Yoast SEO plugin. -->","yoast_head_json":{"title":"Lebensmittel - Weltladen Rottenburg","robots":{"index":"index","follow":"follow","max-snippet":"max-snippet:-1","max-image-preview":"max-image-preview:large","max-video-preview":"max-video-preview:-1"},"canonical":"https:\/\/weltlaeden.de\/rottenburg-am-neckar\/produkte\/lebensmittel\/","og_locale":"de_DE","og_type":"article","og_title":"Lebensmittel - Weltladen Rottenburg","og_description":"[vc_row][vc_column][vc_column_text css=&#8220;&#8220;] Lebensmittel [\/vc_column_text][vc_column_text css=&#8220;&#8220;] Faire Lebensmittel, ein besonderer Genuss &#8211; bei uns finden Sie eine gro\u00dfe Auswahl Bei uns stehen Qualit\u00e4t, Nachhaltigkeit und Fairness im Mittelpunkt. Unsere Lebensmittel stammen aus kleinb\u00e4uerlichen Genossenschaften in den L\u00e4ndern des S\u00fcdens. Hier werden Kaffee, Tee, Reis, Zucker, Kakao, Quinoa, Trockenfr\u00fcchte, Honig und Bananen und vieles mehr mit Sorgfalt&hellip;","og_url":"https:\/\/weltlaeden.de\/rottenburg-am-neckar\/produkte\/lebensmittel\/","og_site_name":"Weltladen Rottenburg","article_modified_time":"2025-06-07T16:41:06+00:00","twitter_card":"summary_large_image","twitter_misc":{"Gesch\u00e4tzte Lesezeit":"1\u00a0Minute"},"schema":{"@context":"https:\/\/schema.org","@graph":[{"@type":"WebPage","@id":"https:\/\/weltlaeden.de\/rottenburg-am-neckar\/produkte\/lebensmittel\/","url":"https:\/\/weltlaeden.de\/rottenburg-am-neckar\/produkte\/lebensmittel\/","name":"Lebensmittel - Weltladen Rottenburg","isPartOf":{"@id":"https:\/\/weltlaeden.de\/rottenburg-am-neckar\/#website"},"datePublished":"2022-11-12T17:14:37+00:00","dateModified":"2025-06-07T16:41:06+00:00","breadcrumb":{"@id":"https:\/\/weltlaeden.de\/rottenburg-am-neckar\/produkte\/lebensmittel\/#breadcrumb"},"inLanguage":"de","potentialAction":[{"@type":"ReadAction","target":["https:\/\/weltlaeden.de\/rottenburg-am-neckar\/produkte\/lebensmittel\/"]}]},{"@type":"BreadcrumbList","@id":"https:\/\/weltlaeden.de\/rottenburg-am-neckar\/produkte\/lebensmittel\/#breadcrumb","itemListElement":[{"@type":"ListItem","position":1,"name":"Startseite","item":"https:\/\/weltlaeden.de\/rottenburg-am-neckar\/"},{"@type":"ListItem","position":2,"name":"Sortiment","item":"https:\/\/weltlaeden.de\/rottenburg-am-neckar\/produkte\/"},{"@type":"ListItem","position":3,"name":"Lebensmittel"}]},{"@type":"WebSite","@id":"https:\/\/weltlaeden.de\/rottenburg-am-neckar\/#website","url":"https:\/\/weltlaeden.de\/rottenburg-am-neckar\/","name":"Weltladen Rottenburg","description":"Faire Produkte seit 1977","potentialAction":[{"@type":"SearchAction","target":{"@type":"EntryPoint","urlTemplate":"https:\/\/weltlaeden.de\/rottenburg-am-neckar\/?s={search_term_string}"},"query-input":{"@type":"PropertyValueSpecification","valueRequired":true,"valueName":"search_term_string"}}],"inLanguage":"de"}]}},"_links":{"self":[{"href":"https:\/\/weltlaeden.de\/rottenburg-am-neckar\/wp-json\/wp\/v2\/pages\/766","targetHints":{"allow":["GET"]}}],"collection":[{"href":"https:\/\/weltlaeden.de\/rottenburg-am-neckar\/wp-json\/wp\/v2\/pages"}],"about":[{"href":"https:\/\/weltlaeden.de\/rottenburg-am-neckar\/wp-json\/wp\/v2\/types\/page"}],"author":[{"embeddable":true,"href":"https:\/\/weltlaeden.de\/rottenburg-am-neckar\/wp-json\/wp\/v2\/users\/285"}],"replies":[{"embeddable":true,"href":"https:\/\/weltlaeden.de\/rottenburg-am-neckar\/wp-json\/wp\/v2\/comments?post=766"}],"version-history":[{"count":22,"href":"https:\/\/weltlaeden.de\/rottenburg-am-neckar\/wp-json\/wp\/v2\/pages\/766\/revisions"}],"predecessor-version":[{"id":1401,"href":"https:\/\/weltlaeden.de\/rottenburg-am-neckar\/wp-json\/wp\/v2\/pages\/766\/revisions\/1401"}],"up":[{"embeddable":true,"href":"https:\/\/weltlaeden.de\/rottenburg-am-neckar\/wp-json\/wp\/v2\/pages\/217"}],"wp:attachment":[{"href":"https:\/\/weltlaeden.de\/rottenburg-am-neckar\/wp-json\/wp\/v2\/media?parent=766"}],"curies":[{"name":"wp","href":"https:\/\/api.w.org\/{rel}","templated":true}]}}