{"id":757,"date":"2022-11-11T18:02:22","date_gmt":"2022-11-11T17:02:22","guid":{"rendered":"https:\/\/weltlaeden.de\/rottenburg-am-neckar\/?page_id=757"},"modified":"2025-06-07T18:47:37","modified_gmt":"2025-06-07T16:47:37","slug":"mitmachen-im-weltladen","status":"publish","type":"page","link":"https:\/\/weltlaeden.de\/rottenburg-am-neckar\/ueber-uns\/mitmachen-im-weltladen\/","title":{"rendered":"Mitmachen im Weltladen"},"content":{"rendered":"<div class=\"wpb-content-wrapper\"><p>[vc_row][vc_column][vc_column_text css=&#8220;&#8220;]<\/p>\n<h1>Mitmachen im Weltladen<\/h1>\n<p>[\/vc_column_text][vc_single_image image=&#8220;1323&#8243; img_size=&#8220;3000&#215;500&#8243; add_caption=&#8220;yes&#8220; alignment=&#8220;center&#8220; css=&#8220;&#8220;][vc_column_text css=&#8220;&#8220;]<em>\u00a9 Bild von Bob Dmyt auf Pixabay<\/em>[\/vc_column_text][vc_empty_space][\/vc_column][\/vc_row][vc_row][vc_column][vc_column_text css=&#8220;&#8220;]<\/p>\n<h2>Lust, Teil unseres Teams zu werden?<\/h2>\n<p>Wir suchen engagierte Menschen, die den fairen Handel unterst\u00fctzen und Lust haben, unser Team zu bereichern! Ob im Verkauf oder im Hintergrund \u2013 bei uns gibt es vielf\u00e4ltige M\u00f6glichkeiten, aktiv zu werden.<\/p>\n<p><strong>Ihre Aufgaben im Verkauf w\u00e4ren zum Beispiel folgende:<\/strong><\/p>\n<ul>\n<li>Kundenkontakt und Teamarbeit<\/li>\n<li>Auszeichnen, Einr\u00e4umen und Pflegen der Ware<\/li>\n<\/ul>\n<p>[\/vc_column_text][vc_empty_space][vc_column_text css=&#8220;&#8220;]<\/p>\n<h2>Was wir an Bildungsarbeit anbieten?<\/h2>\n<ul>\n<li>Mitgestaltung von Unterrichtseinheiten f\u00fcr Schulen und Kinderg\u00e4rten<\/li>\n<li>Unterst\u00fctzung bei Vortr\u00e4gen, Filmvorf\u00fchrungen oder Veranstaltungen in Kooperation mit der VHS und dem Kino Waldhorn<\/li>\n<li>Du kannst immer neue Ideen und Themen f\u00fcr unsere Bildungsangebote einbringen und weiterentwickeln<\/li>\n<\/ul>\n<p>[\/vc_column_text][vc_empty_space][vc_column_text css=&#8220;&#8220;]<\/p>\n<h2>Beteiligung an Veranstaltungen<\/h2>\n<p><strong>Was Sie dazu beitragen k\u00f6nnen?<\/strong><\/p>\n<ul>\n<li>Ideen einbringen<\/li>\n<li>Angebotene Themen f\u00fcr unsere G\u00e4ste aktualisieren, neue Themen ausarbeiten und evtl. Unterlagen erstellen<\/li>\n<li>Mitarbeit bei der Durchf\u00fchrung der Veranstaltungen &#8211; ganz nach Ihren Neigungen<\/li>\n<li>Sie k\u00f6nnen selbst entscheiden, in welchem Umfang Sie sich einbringen k\u00f6nnen und wollen!<\/li>\n<\/ul>\n<p>[\/vc_column_text][vc_empty_space][vc_separator css=&#8220;&#8220;][vc_column_text css=&#8220;&#8220;]<\/p>\n<h2 style=\"text-align: center\"><strong>Wir freuen uns auf Sie<\/strong> \u2013 rufen Sie einfach an!<\/h2>\n<p>[\/vc_column_text][\/vc_column][\/vc_row][vc_row][vc_column width=&#8220;1\/2&#8243;][\/vc_column][vc_column width=&#8220;1\/2&#8243;][\/vc_column][\/vc_row]<\/p>\n<\/div>","protected":false},"excerpt":{"rendered":"<p>[vc_row][vc_column][vc_column_text css=&#8220;&#8220;] Mitmachen im Weltladen [\/vc_column_text][vc_single_image image=&#8220;1323&#8243; img_size=&#8220;3000&#215;500&#8243; add_caption=&#8220;yes&#8220; alignment=&#8220;center&#8220; css=&#8220;&#8220;][vc_column_text css=&#8220;&#8220;]\u00a9 Bild von Bob Dmyt auf Pixabay[\/vc_column_text][vc_empty_space][\/vc_column][\/vc_row][vc_row][vc_column][vc_column_text css=&#8220;&#8220;] Lust, Teil unseres Teams zu werden? Wir suchen engagierte Menschen, die den fairen Handel unterst\u00fctzen und Lust haben, unser Team zu bereichern! Ob im Verkauf oder im Hintergrund \u2013 bei uns gibt es vielf\u00e4ltige M\u00f6glichkeiten, aktiv&hellip;<\/p>\n","protected":false},"author":285,"featured_media":0,"parent":589,"menu_order":6,"comment_status":"closed","ping_status":"closed","template":"","meta":{"footnotes":""},"class_list":["post-757","page","type-page","status-publish","hentry","description-off"],"yoast_head":"<!-- This site is optimized with the Yoast SEO plugin v26.8 - https:\/\/yoast.com\/product\/yoast-seo-wordpress\/ -->\n<title>Mitmachen im Weltladen - Weltladen Rottenburg<\/title>\n<meta name=\"description\" content=\"Werden Sie Teil des Weltladen Rottenburg und unterst\u00fctzen Sie den fairen Handel im Verkauf oder bei Bildungsprojekten!\" \/>\n<meta name=\"robots\" content=\"index, follow, max-snippet:-1, max-image-preview:large, max-video-preview:-1\" \/>\n<link rel=\"canonical\" href=\"https:\/\/weltlaeden.de\/rottenburg-am-neckar\/ueber-uns\/mitmachen-im-weltladen\/\" \/>\n<meta property=\"og:locale\" content=\"de_DE\" \/>\n<meta property=\"og:type\" content=\"article\" \/>\n<meta property=\"og:title\" content=\"Mitmachen im Weltladen - Weltladen Rottenburg\" \/>\n<meta property=\"og:description\" content=\"Werden Sie Teil des Weltladen Rottenburg und unterst\u00fctzen Sie den fairen Handel im Verkauf oder bei Bildungsprojekten!\" \/>\n<meta property=\"og:url\" content=\"https:\/\/weltlaeden.de\/rottenburg-am-neckar\/ueber-uns\/mitmachen-im-weltladen\/\" \/>\n<meta property=\"og:site_name\" content=\"Weltladen Rottenburg\" \/>\n<meta property=\"article:modified_time\" content=\"2025-06-07T16:47:37+00:00\" \/>\n<meta name=\"twitter:card\" content=\"summary_large_image\" \/>\n<meta name=\"twitter:label1\" content=\"Gesch\u00e4tzte Lesezeit\" \/>\n\t<meta name=\"twitter:data1\" content=\"2\u00a0Minuten\" \/>\n<script type=\"application\/ld+json\" class=\"yoast-schema-graph\">{\"@context\":\"https:\/\/schema.org\",\"@graph\":[{\"@type\":\"WebPage\",\"@id\":\"https:\/\/weltlaeden.de\/rottenburg-am-neckar\/ueber-uns\/mitmachen-im-weltladen\/\",\"url\":\"https:\/\/weltlaeden.de\/rottenburg-am-neckar\/ueber-uns\/mitmachen-im-weltladen\/\",\"name\":\"Mitmachen im Weltladen - Weltladen Rottenburg\",\"isPartOf\":{\"@id\":\"https:\/\/weltlaeden.de\/rottenburg-am-neckar\/#website\"},\"datePublished\":\"2022-11-11T17:02:22+00:00\",\"dateModified\":\"2025-06-07T16:47:37+00:00\",\"description\":\"Werden Sie Teil des Weltladen Rottenburg und unterst\u00fctzen Sie den fairen Handel im Verkauf oder bei Bildungsprojekten!\",\"breadcrumb\":{\"@id\":\"https:\/\/weltlaeden.de\/rottenburg-am-neckar\/ueber-uns\/mitmachen-im-weltladen\/#breadcrumb\"},\"inLanguage\":\"de\",\"potentialAction\":[{\"@type\":\"ReadAction\",\"target\":[\"https:\/\/weltlaeden.de\/rottenburg-am-neckar\/ueber-uns\/mitmachen-im-weltladen\/\"]}]},{\"@type\":\"BreadcrumbList\",\"@id\":\"https:\/\/weltlaeden.de\/rottenburg-am-neckar\/ueber-uns\/mitmachen-im-weltladen\/#breadcrumb\",\"itemListElement\":[{\"@type\":\"ListItem\",\"position\":1,\"name\":\"Startseite\",\"item\":\"https:\/\/weltlaeden.de\/rottenburg-am-neckar\/\"},{\"@type\":\"ListItem\",\"position\":2,\"name\":\"\u00dcber uns\",\"item\":\"https:\/\/weltlaeden.de\/rottenburg-am-neckar\/ueber-uns\/\"},{\"@type\":\"ListItem\",\"position\":3,\"name\":\"Mitmachen im Weltladen\"}]},{\"@type\":\"WebSite\",\"@id\":\"https:\/\/weltlaeden.de\/rottenburg-am-neckar\/#website\",\"url\":\"https:\/\/weltlaeden.de\/rottenburg-am-neckar\/\",\"name\":\"Weltladen Rottenburg\",\"description\":\"Faire Produkte seit 1977\",\"potentialAction\":[{\"@type\":\"SearchAction\",\"target\":{\"@type\":\"EntryPoint\",\"urlTemplate\":\"https:\/\/weltlaeden.de\/rottenburg-am-neckar\/?s={search_term_string}\"},\"query-input\":{\"@type\":\"PropertyValueSpecification\",\"valueRequired\":true,\"valueName\":\"search_term_string\"}}],\"inLanguage\":\"de\"}]}<\/script>\n<!-- \/ Yoast SEO plugin. -->","yoast_head_json":{"title":"Mitmachen im Weltladen - Weltladen Rottenburg","description":"Werden Sie Teil des Weltladen Rottenburg und unterst\u00fctzen Sie den fairen Handel im Verkauf oder bei Bildungsprojekten!","robots":{"index":"index","follow":"follow","max-snippet":"max-snippet:-1","max-image-preview":"max-image-preview:large","max-video-preview":"max-video-preview:-1"},"canonical":"https:\/\/weltlaeden.de\/rottenburg-am-neckar\/ueber-uns\/mitmachen-im-weltladen\/","og_locale":"de_DE","og_type":"article","og_title":"Mitmachen im Weltladen - Weltladen Rottenburg","og_description":"Werden Sie Teil des Weltladen Rottenburg und unterst\u00fctzen Sie den fairen Handel im Verkauf oder bei Bildungsprojekten!","og_url":"https:\/\/weltlaeden.de\/rottenburg-am-neckar\/ueber-uns\/mitmachen-im-weltladen\/","og_site_name":"Weltladen Rottenburg","article_modified_time":"2025-06-07T16:47:37+00:00","twitter_card":"summary_large_image","twitter_misc":{"Gesch\u00e4tzte Lesezeit":"2\u00a0Minuten"},"schema":{"@context":"https:\/\/schema.org","@graph":[{"@type":"WebPage","@id":"https:\/\/weltlaeden.de\/rottenburg-am-neckar\/ueber-uns\/mitmachen-im-weltladen\/","url":"https:\/\/weltlaeden.de\/rottenburg-am-neckar\/ueber-uns\/mitmachen-im-weltladen\/","name":"Mitmachen im Weltladen - Weltladen Rottenburg","isPartOf":{"@id":"https:\/\/weltlaeden.de\/rottenburg-am-neckar\/#website"},"datePublished":"2022-11-11T17:02:22+00:00","dateModified":"2025-06-07T16:47:37+00:00","description":"Werden Sie Teil des Weltladen Rottenburg und unterst\u00fctzen Sie den fairen Handel im Verkauf oder bei Bildungsprojekten!","breadcrumb":{"@id":"https:\/\/weltlaeden.de\/rottenburg-am-neckar\/ueber-uns\/mitmachen-im-weltladen\/#breadcrumb"},"inLanguage":"de","potentialAction":[{"@type":"ReadAction","target":["https:\/\/weltlaeden.de\/rottenburg-am-neckar\/ueber-uns\/mitmachen-im-weltladen\/"]}]},{"@type":"BreadcrumbList","@id":"https:\/\/weltlaeden.de\/rottenburg-am-neckar\/ueber-uns\/mitmachen-im-weltladen\/#breadcrumb","itemListElement":[{"@type":"ListItem","position":1,"name":"Startseite","item":"https:\/\/weltlaeden.de\/rottenburg-am-neckar\/"},{"@type":"ListItem","position":2,"name":"\u00dcber uns","item":"https:\/\/weltlaeden.de\/rottenburg-am-neckar\/ueber-uns\/"},{"@type":"ListItem","position":3,"name":"Mitmachen im Weltladen"}]},{"@type":"WebSite","@id":"https:\/\/weltlaeden.de\/rottenburg-am-neckar\/#website","url":"https:\/\/weltlaeden.de\/rottenburg-am-neckar\/","name":"Weltladen Rottenburg","description":"Faire Produkte seit 1977","potentialAction":[{"@type":"SearchAction","target":{"@type":"EntryPoint","urlTemplate":"https:\/\/weltlaeden.de\/rottenburg-am-neckar\/?s={search_term_string}"},"query-input":{"@type":"PropertyValueSpecification","valueRequired":true,"valueName":"search_term_string"}}],"inLanguage":"de"}]}},"_links":{"self":[{"href":"https:\/\/weltlaeden.de\/rottenburg-am-neckar\/wp-json\/wp\/v2\/pages\/757","targetHints":{"allow":["GET"]}}],"collection":[{"href":"https:\/\/weltlaeden.de\/rottenburg-am-neckar\/wp-json\/wp\/v2\/pages"}],"about":[{"href":"https:\/\/weltlaeden.de\/rottenburg-am-neckar\/wp-json\/wp\/v2\/types\/page"}],"author":[{"embeddable":true,"href":"https:\/\/weltlaeden.de\/rottenburg-am-neckar\/wp-json\/wp\/v2\/users\/285"}],"replies":[{"embeddable":true,"href":"https:\/\/weltlaeden.de\/rottenburg-am-neckar\/wp-json\/wp\/v2\/comments?post=757"}],"version-history":[{"count":7,"href":"https:\/\/weltlaeden.de\/rottenburg-am-neckar\/wp-json\/wp\/v2\/pages\/757\/revisions"}],"predecessor-version":[{"id":1424,"href":"https:\/\/weltlaeden.de\/rottenburg-am-neckar\/wp-json\/wp\/v2\/pages\/757\/revisions\/1424"}],"up":[{"embeddable":true,"href":"https:\/\/weltlaeden.de\/rottenburg-am-neckar\/wp-json\/wp\/v2\/pages\/589"}],"wp:attachment":[{"href":"https:\/\/weltlaeden.de\/rottenburg-am-neckar\/wp-json\/wp\/v2\/media?parent=757"}],"curies":[{"name":"wp","href":"https:\/\/api.w.org\/{rel}","templated":true}]}}