{"id":749,"date":"2022-11-11T17:48:36","date_gmt":"2022-11-11T16:48:36","guid":{"rendered":"https:\/\/weltlaeden.de\/rottenburg-am-neckar\/?page_id=749"},"modified":"2026-05-07T12:21:12","modified_gmt":"2026-05-07T10:21:12","slug":"verein","status":"publish","type":"page","link":"https:\/\/weltlaeden.de\/rottenburg-am-neckar\/ueber-uns\/verein\/","title":{"rendered":"Verein"},"content":{"rendered":"<div class=\"wpb-content-wrapper\"><p>[vc_row][vc_column][vc_column_text css=&#8220;&#8220;]<\/p>\n<h1>Verein<\/h1>\n<p>[\/vc_column_text][\/vc_column][\/vc_row][vc_row][vc_column width=&#8220;2\/5&#8243;][vc_column_text css=&#8220;&#8220;]<\/p>\n<h2>Gemeinsam f\u00fcr eine\u00a0 \u00a0 \u00a0 \u00a0 \u00a0 \u00a0 faire Welt<\/h2>\n<p>Unser Verein engagiert sich aktiv f\u00fcr den Fairen Handel:<\/p>\n<p>durch <strong>Informations- und Bildungsarbeit<\/strong> sowie den<strong> Verkauf fair gehandelter Waren<\/strong> &#8211; f\u00fcr bessere Lebensbedingungen von Produzenten im globalen S\u00fcden.[\/vc_column_text][\/vc_column][vc_column width=&#8220;3\/5&#8243;][vc_single_image image=&#8220;1523&#8243; img_size=&#8220;large&#8220; alignment=&#8220;center&#8220; css=&#8220;&#8220;][\/vc_column][\/vc_row][vc_row type=&#8220;1&#8243; full_width_row=&#8220;true&#8220; padding_top=&#8220;30&#8243; padding_bottom=&#8220;30&#8243;][vc_column width=&#8220;1\/4&#8243;][vc_icon type=&#8220;openiconic&#8220; icon_openiconic=&#8220;vc-oi vc-oi-user&#8220; color=&#8220;black&#8220; background_style=&#8220;rounded-outline&#8220; background_color=&#8220;black&#8220; size=&#8220;lg&#8220; align=&#8220;center&#8220; css=&#8220;.vc_custom_1778139422855{padding-top: 30px !important;}&#8220;][\/vc_column][vc_column width=&#8220;3\/4&#8243;][vc_column_text css=&#8220;&#8220;]<\/p>\n<h2>Werden Sie Mitglied!<\/h2>\n<p>Als Mitglied im Weltladenverein e.V. unterst\u00fctzen Sie unsere Bildungs- und Informationsarbeit mit einem j\u00e4hrlichen Beitrag von <strong>nur 12 \u20ac<\/strong>. Ihre Mitgliedschaft tr\u00e4gt direkt dazu bei, unsere Bildungsprojekte und \u00d6ffentlichkeitsarbeit zu f\u00f6rdern. Ihre Mitgliedschaft tr\u00e4gt direkt dazu bei, unsere Bildungsprojekte und \u00d6ffentlichkeitsarbeit zu f\u00f6rdern.[\/vc_column_text][\/vc_column][\/vc_row][vc_row][vc_column][vc_empty_space][\/vc_column][\/vc_row][vc_row type=&#8220;vc_default&#8220; css=&#8220;.vc_custom_1778148831898{margin-bottom: 30px !important;}&#8220;][vc_column width=&#8220;1\/4&#8243;][vc_icon icon_fontawesome=&#8220;fa fa-solid fa-landmark&#8220; color=&#8220;orange&#8220; background_style=&#8220;rounded-outline&#8220; size=&#8220;lg&#8220; align=&#8220;center&#8220; css=&#8220;&#8220;][\/vc_column][vc_column width=&#8220;3\/4&#8243;][vc_column_text css=&#8220;&#8220;]<\/p>\n<h2>So werden Sie Mitglied<\/h2>\n<p>Wir bitten Sie, f\u00fcr die Beitragszahlung, Ihrer Bank einen Dauerauftrag zu erteilen[\/vc_column_text][\/vc_column][\/vc_row][vc_row type=&#8220;vc_default&#8220; css=&#8220;.vc_custom_1778148831898{margin-bottom: 30px !important;}&#8220;][vc_column width=&#8220;1\/4&#8243;][vc_empty_space][vc_icon type=&#8220;openiconic&#8220; icon_openiconic=&#8220;vc-oi vc-oi-star&#8220; color=&#8220;orange&#8220; background_style=&#8220;rounded-outline&#8220; size=&#8220;lg&#8220; align=&#8220;center&#8220; css=&#8220;&#8220;][\/vc_column][vc_column width=&#8220;3\/4&#8243;][vc_column_text css=&#8220;&#8220;]<\/p>\n<h2>Was Sie erwartet<\/h2>\n<ul>\n<li>Regelm\u00e4\u00dfige Einladungen zu Mitgliedsversammlungen<\/li>\n<li>Einblick in T\u00e4tigkeitsberichte und Kassenberichte<\/li>\n<li>Gelegenheit zur Mitgestaltung und Diskussion<\/li>\n<\/ul>\n<p>[\/vc_column_text][\/vc_column][\/vc_row][vc_row type=&#8220;vc_default&#8220; css=&#8220;.vc_custom_1778148831898{margin-bottom: 30px !important;}&#8220;][vc_column width=&#8220;1\/4&#8243;][vc_empty_space][vc_icon icon_fontawesome=&#8220;fa fa-solid fa-hand-holding-heart&#8220; color=&#8220;orange&#8220; background_style=&#8220;rounded-outline&#8220; size=&#8220;lg&#8220; align=&#8220;center&#8220; css=&#8220;&#8220;][\/vc_column][vc_column width=&#8220;3\/4&#8243;][vc_column_text css=&#8220;&#8220;]<\/p>\n<h2>Spenden<\/h2>\n<p>Mit Ihrer Spende unterst\u00fctzen Sie wertvolle Projekte:<\/p>\n<ul>\n<li>Wir unterst\u00fctzten in 2025 die Arbeit von INKOTA<\/li>\n<li>Wir unterst\u00fctzen in 2026 die Arbeit des Malawi-Verein<\/li>\n<\/ul>\n<p>[\/vc_column_text][\/vc_column][\/vc_row][vc_row][vc_column][vc_separator border_width=&#8220;2&#8243; css=&#8220;&#8220;][\/vc_column][\/vc_row][vc_row margin_top=&#8220;30&#8243; margin_bottom=&#8220;30&#8243;][vc_column width=&#8220;2\/5&#8243;][vc_single_image image=&#8220;1524&#8243; img_size=&#8220;full&#8220; alignment=&#8220;center&#8220; css=&#8220;&#8220;][\/vc_column][vc_column width=&#8220;3\/5&#8243;][vc_empty_space][vc_column_text css=&#8220;&#8220;]Unser Verein z\u00e4hlt derzeit \u00fcber 100 Mitglieder, von denen rund 30 aktiv im Laden sowie in der \u00d6ffentlichkeits- und Bildungsarbeit engagiert sind. Wir freuen uns darauf, Sie als neues Mitglied begr\u00fc\u00dfen zu d\u00fcrfen![\/vc_column_text][\/vc_column][\/vc_row]<\/p>\n<\/div>","protected":false},"excerpt":{"rendered":"<p>[vc_row][vc_column][vc_column_text css=&#8220;&#8220;] Verein [\/vc_column_text][\/vc_column][\/vc_row][vc_row][vc_column width=&#8220;2\/5&#8243;][vc_column_text css=&#8220;&#8220;] Gemeinsam f\u00fcr eine\u00a0 \u00a0 \u00a0 \u00a0 \u00a0 \u00a0 faire Welt Unser Verein engagiert sich aktiv f\u00fcr den Fairen Handel: durch Informations- und Bildungsarbeit sowie den Verkauf fair gehandelter Waren &#8211; f\u00fcr bessere Lebensbedingungen von Produzenten im globalen S\u00fcden.[\/vc_column_text][\/vc_column][vc_column width=&#8220;3\/5&#8243;][vc_single_image image=&#8220;1523&#8243; img_size=&#8220;large&#8220; alignment=&#8220;center&#8220; css=&#8220;&#8220;][\/vc_column][\/vc_row][vc_row type=&#8220;1&#8243; full_width_row=&#8220;true&#8220; padding_top=&#8220;30&#8243; padding_bottom=&#8220;30&#8243;][vc_column width=&#8220;1\/4&#8243;][vc_icon type=&#8220;openiconic&#8220;&hellip;<\/p>\n","protected":false},"author":285,"featured_media":0,"parent":589,"menu_order":4,"comment_status":"closed","ping_status":"closed","template":"","meta":{"footnotes":""},"class_list":["post-749","page","type-page","status-publish","hentry","description-off"],"yoast_head":"<!-- This site is optimized with the Yoast SEO plugin v26.8 - https:\/\/yoast.com\/product\/yoast-seo-wordpress\/ -->\n<title>Verein - Weltladen Rottenburg<\/title>\n<meta name=\"description\" content=\"Werden Sie Mitglied im Weltladen Rottenburg f\u00fcr 12 \u20ac\/Jahr und unterst\u00fctzen Sie unsere Bildungsarbeit f\u00fcr den Fairen Handel.\" \/>\n<meta name=\"robots\" content=\"index, follow, max-snippet:-1, max-image-preview:large, max-video-preview:-1\" \/>\n<link rel=\"canonical\" href=\"https:\/\/weltlaeden.de\/rottenburg-am-neckar\/ueber-uns\/verein\/\" \/>\n<meta property=\"og:locale\" content=\"de_DE\" \/>\n<meta property=\"og:type\" content=\"article\" \/>\n<meta property=\"og:title\" content=\"Verein - Weltladen Rottenburg\" \/>\n<meta property=\"og:description\" content=\"Werden Sie Mitglied im Weltladen Rottenburg f\u00fcr 12 \u20ac\/Jahr und unterst\u00fctzen Sie unsere Bildungsarbeit f\u00fcr den Fairen Handel.\" \/>\n<meta property=\"og:url\" content=\"https:\/\/weltlaeden.de\/rottenburg-am-neckar\/ueber-uns\/verein\/\" \/>\n<meta property=\"og:site_name\" content=\"Weltladen Rottenburg\" \/>\n<meta property=\"article:modified_time\" content=\"2026-05-07T10:21:12+00:00\" \/>\n<meta name=\"twitter:card\" content=\"summary_large_image\" \/>\n<meta name=\"twitter:label1\" content=\"Gesch\u00e4tzte Lesezeit\" \/>\n\t<meta name=\"twitter:data1\" content=\"2\u00a0Minuten\" \/>\n<script type=\"application\/ld+json\" class=\"yoast-schema-graph\">{\"@context\":\"https:\/\/schema.org\",\"@graph\":[{\"@type\":\"WebPage\",\"@id\":\"https:\/\/weltlaeden.de\/rottenburg-am-neckar\/ueber-uns\/verein\/\",\"url\":\"https:\/\/weltlaeden.de\/rottenburg-am-neckar\/ueber-uns\/verein\/\",\"name\":\"Verein - Weltladen Rottenburg\",\"isPartOf\":{\"@id\":\"https:\/\/weltlaeden.de\/rottenburg-am-neckar\/#website\"},\"datePublished\":\"2022-11-11T16:48:36+00:00\",\"dateModified\":\"2026-05-07T10:21:12+00:00\",\"description\":\"Werden Sie Mitglied im Weltladen Rottenburg f\u00fcr 12 \u20ac\/Jahr und unterst\u00fctzen Sie unsere Bildungsarbeit f\u00fcr den Fairen Handel.\",\"breadcrumb\":{\"@id\":\"https:\/\/weltlaeden.de\/rottenburg-am-neckar\/ueber-uns\/verein\/#breadcrumb\"},\"inLanguage\":\"de\",\"potentialAction\":[{\"@type\":\"ReadAction\",\"target\":[\"https:\/\/weltlaeden.de\/rottenburg-am-neckar\/ueber-uns\/verein\/\"]}]},{\"@type\":\"BreadcrumbList\",\"@id\":\"https:\/\/weltlaeden.de\/rottenburg-am-neckar\/ueber-uns\/verein\/#breadcrumb\",\"itemListElement\":[{\"@type\":\"ListItem\",\"position\":1,\"name\":\"Startseite\",\"item\":\"https:\/\/weltlaeden.de\/rottenburg-am-neckar\/\"},{\"@type\":\"ListItem\",\"position\":2,\"name\":\"\u00dcber uns\",\"item\":\"https:\/\/weltlaeden.de\/rottenburg-am-neckar\/ueber-uns\/\"},{\"@type\":\"ListItem\",\"position\":3,\"name\":\"Verein\"}]},{\"@type\":\"WebSite\",\"@id\":\"https:\/\/weltlaeden.de\/rottenburg-am-neckar\/#website\",\"url\":\"https:\/\/weltlaeden.de\/rottenburg-am-neckar\/\",\"name\":\"Weltladen Rottenburg\",\"description\":\"Faire Produkte seit 1977\",\"potentialAction\":[{\"@type\":\"SearchAction\",\"target\":{\"@type\":\"EntryPoint\",\"urlTemplate\":\"https:\/\/weltlaeden.de\/rottenburg-am-neckar\/?s={search_term_string}\"},\"query-input\":{\"@type\":\"PropertyValueSpecification\",\"valueRequired\":true,\"valueName\":\"search_term_string\"}}],\"inLanguage\":\"de\"}]}<\/script>\n<!-- \/ Yoast SEO plugin. -->","yoast_head_json":{"title":"Verein - Weltladen Rottenburg","description":"Werden Sie Mitglied im Weltladen Rottenburg f\u00fcr 12 \u20ac\/Jahr und unterst\u00fctzen Sie unsere Bildungsarbeit f\u00fcr den Fairen Handel.","robots":{"index":"index","follow":"follow","max-snippet":"max-snippet:-1","max-image-preview":"max-image-preview:large","max-video-preview":"max-video-preview:-1"},"canonical":"https:\/\/weltlaeden.de\/rottenburg-am-neckar\/ueber-uns\/verein\/","og_locale":"de_DE","og_type":"article","og_title":"Verein - Weltladen Rottenburg","og_description":"Werden Sie Mitglied im Weltladen Rottenburg f\u00fcr 12 \u20ac\/Jahr und unterst\u00fctzen Sie unsere Bildungsarbeit f\u00fcr den Fairen Handel.","og_url":"https:\/\/weltlaeden.de\/rottenburg-am-neckar\/ueber-uns\/verein\/","og_site_name":"Weltladen Rottenburg","article_modified_time":"2026-05-07T10:21:12+00:00","twitter_card":"summary_large_image","twitter_misc":{"Gesch\u00e4tzte Lesezeit":"2\u00a0Minuten"},"schema":{"@context":"https:\/\/schema.org","@graph":[{"@type":"WebPage","@id":"https:\/\/weltlaeden.de\/rottenburg-am-neckar\/ueber-uns\/verein\/","url":"https:\/\/weltlaeden.de\/rottenburg-am-neckar\/ueber-uns\/verein\/","name":"Verein - Weltladen Rottenburg","isPartOf":{"@id":"https:\/\/weltlaeden.de\/rottenburg-am-neckar\/#website"},"datePublished":"2022-11-11T16:48:36+00:00","dateModified":"2026-05-07T10:21:12+00:00","description":"Werden Sie Mitglied im Weltladen Rottenburg f\u00fcr 12 \u20ac\/Jahr und unterst\u00fctzen Sie unsere Bildungsarbeit f\u00fcr den Fairen Handel.","breadcrumb":{"@id":"https:\/\/weltlaeden.de\/rottenburg-am-neckar\/ueber-uns\/verein\/#breadcrumb"},"inLanguage":"de","potentialAction":[{"@type":"ReadAction","target":["https:\/\/weltlaeden.de\/rottenburg-am-neckar\/ueber-uns\/verein\/"]}]},{"@type":"BreadcrumbList","@id":"https:\/\/weltlaeden.de\/rottenburg-am-neckar\/ueber-uns\/verein\/#breadcrumb","itemListElement":[{"@type":"ListItem","position":1,"name":"Startseite","item":"https:\/\/weltlaeden.de\/rottenburg-am-neckar\/"},{"@type":"ListItem","position":2,"name":"\u00dcber uns","item":"https:\/\/weltlaeden.de\/rottenburg-am-neckar\/ueber-uns\/"},{"@type":"ListItem","position":3,"name":"Verein"}]},{"@type":"WebSite","@id":"https:\/\/weltlaeden.de\/rottenburg-am-neckar\/#website","url":"https:\/\/weltlaeden.de\/rottenburg-am-neckar\/","name":"Weltladen Rottenburg","description":"Faire Produkte seit 1977","potentialAction":[{"@type":"SearchAction","target":{"@type":"EntryPoint","urlTemplate":"https:\/\/weltlaeden.de\/rottenburg-am-neckar\/?s={search_term_string}"},"query-input":{"@type":"PropertyValueSpecification","valueRequired":true,"valueName":"search_term_string"}}],"inLanguage":"de"}]}},"_links":{"self":[{"href":"https:\/\/weltlaeden.de\/rottenburg-am-neckar\/wp-json\/wp\/v2\/pages\/749","targetHints":{"allow":["GET"]}}],"collection":[{"href":"https:\/\/weltlaeden.de\/rottenburg-am-neckar\/wp-json\/wp\/v2\/pages"}],"about":[{"href":"https:\/\/weltlaeden.de\/rottenburg-am-neckar\/wp-json\/wp\/v2\/types\/page"}],"author":[{"embeddable":true,"href":"https:\/\/weltlaeden.de\/rottenburg-am-neckar\/wp-json\/wp\/v2\/users\/285"}],"replies":[{"embeddable":true,"href":"https:\/\/weltlaeden.de\/rottenburg-am-neckar\/wp-json\/wp\/v2\/comments?post=749"}],"version-history":[{"count":8,"href":"https:\/\/weltlaeden.de\/rottenburg-am-neckar\/wp-json\/wp\/v2\/pages\/749\/revisions"}],"predecessor-version":[{"id":1526,"href":"https:\/\/weltlaeden.de\/rottenburg-am-neckar\/wp-json\/wp\/v2\/pages\/749\/revisions\/1526"}],"up":[{"embeddable":true,"href":"https:\/\/weltlaeden.de\/rottenburg-am-neckar\/wp-json\/wp\/v2\/pages\/589"}],"wp:attachment":[{"href":"https:\/\/weltlaeden.de\/rottenburg-am-neckar\/wp-json\/wp\/v2\/media?parent=749"}],"curies":[{"name":"wp","href":"https:\/\/api.w.org\/{rel}","templated":true}]}}