{"id":217,"date":"2016-10-28T13:34:47","date_gmt":"2016-10-28T11:34:47","guid":{"rendered":"https:\/\/wl.heimpixel.de\/vorlage\/produkte\/"},"modified":"2024-04-02T18:14:45","modified_gmt":"2024-04-02T16:14:45","slug":"produkte","status":"publish","type":"page","link":"https:\/\/weltlaeden.de\/rothenburg\/produkte\/","title":{"rendered":"Produkte"},"content":{"rendered":"<div class=\"wpb-content-wrapper\"><p>[vc_row][vc_column]<div class=\"wl_einzelbild\"><p><\/p><\/div>[vc_empty_space][vc_column_text]<\/p>\n<h1>Unsere Produkte<\/h1>\n<p>[\/vc_column_text][vc_column_text]<\/p>\n<h3><strong>Besuchen Sie uns und werden Sie Teil unserer Geschichte<\/strong><\/h3>\n<p><span style=\"font-weight: 400\">Egal, ob Sie den <a href=\"https:\/\/www.dorfladen-neusitz.de\/#angebote\">Dorfladen Neusitz<\/a> oder den Weltladen Rothenburg besuchen, wir laden Sie ein, Teil unserer gemeinsamen Reise zu einer gerechteren und nachhaltigeren Welt zu werden. Entdecken Sie bei uns Produkte, die mehr sind als nur Waren \u2013 sie sind Botschafter f\u00fcr Fairness, Nachhaltigkeit und Hoffnung. Unsere Lieferanten sind vom Weltladen-Dachverband anerkannt und haben sich dem Fairen Handel verpflichtet. Die Erzeugnisse sind von hochwertiger Qualit\u00e4t und \u00fcberwiegend bio: keine Ausbeutung von Mensch und Natur, keine Kinderarbeit.<\/span><\/p>\n<h3><\/h3>\n<h3><strong>Unsere Philosophie: Weniger ist mehr<\/strong><\/h3>\n<p><span style=\"font-weight: 400\">Wir glauben, dass eine bewusste Auswahl an Produkten nicht nur die Qualit\u00e4t unseres Angebots steigert, sondern auch eine tiefere Verbindung zwischen unseren Kunden, den Produzenten und den Produkten selbst schafft. Indem wir uns auf Besonderheiten und die beliebtesten Produkte unserer Kunden konzentrieren, erm\u00f6glichen wir es Ihnen, die Geschichten und Werte hinter jedem einzelnen Produkt kennenzulernen und zu sch\u00e4tzen.<\/span><\/p>\n<p><strong>Besuchen Sie uns und werden Sie Teil unserer Geschichte<\/strong><\/p>\n<p><span style=\"font-weight: 400\">Egal, ob Sie den Dorfladen Neusitz oder den Weltladen Rothenburg besuchen, wir laden Sie ein, Teil unserer gemeinsamen Reise zu einer gerechteren und nachhaltigeren Welt zu werden. Entdecken Sie bei uns Produkte, die mehr sind als nur Waren \u2013 sie sind Botschafter f\u00fcr Fairness, Nachhaltigkeit und Hoffnung.<\/span>[\/vc_column_text][vc_empty_space][vc_row_inner][vc_column_inner width=&#8220;1\/2&#8243;][vc_column_text]<\/p>\n<h2>Weltladen Rothenburg<\/h2>\n<p>[\/vc_column_text]<div class=\"wl_einzelbild\"><p><img loading=\"lazy\" decoding=\"async\" class=\"alignnone size-medium wp-image-707\" src=\"https:\/\/weltlaeden.de\/rothenburg\/wp-content\/uploads\/sites\/112\/2024\/04\/Weltladen-Team-im-Laden-300x200.jpg\" alt=\"\" width=\"300\" height=\"200\" srcset=\"https:\/\/weltlaeden.de\/rothenburg\/wp-content\/uploads\/sites\/112\/2024\/04\/Weltladen-Team-im-Laden-300x200.jpg 300w, https:\/\/weltlaeden.de\/rothenburg\/wp-content\/uploads\/sites\/112\/2024\/04\/Weltladen-Team-im-Laden-1024x683.jpg 1024w, https:\/\/weltlaeden.de\/rothenburg\/wp-content\/uploads\/sites\/112\/2024\/04\/Weltladen-Team-im-Laden-768x512.jpg 768w, https:\/\/weltlaeden.de\/rothenburg\/wp-content\/uploads\/sites\/112\/2024\/04\/Weltladen-Team-im-Laden-1536x1024.jpg 1536w, https:\/\/weltlaeden.de\/rothenburg\/wp-content\/uploads\/sites\/112\/2024\/04\/Weltladen-Team-im-Laden.jpg 1600w\" sizes=\"auto, (max-width: 300px) 100vw, 300px\" \/><\/p><\/div>[vc_column_text]<\/p>\n<h3><strong>Entdecken Sie die Welt in einem Laden<\/strong><\/h3>\n<p>Der Weltladen Rothenburg \u00f6ffnet Ihnen das Tor zu einer Welt voller einzigartiger und handverlesener Produkte aus den verschiedensten Regionen des globalen S\u00fcdens. Unsere Auswahl konzentriert sich auf Besonderheiten und die beliebtesten Produkte unserer Kunden, die regelm\u00e4\u00dfig aktualisiert werden, um Ihnen stets neue Entdeckungen und Geschichten n\u00e4herbringen. Von handgefertigtem Kunsthandwerk bis zu erlesenen Lebensmitteln aus kleinb\u00e4uerlicher Produktion \u2013 jedes Produkt erz\u00e4hlt die Geschichte seiner Herkunft und der Menschen, die es mit Liebe und Sorgfalt f\u00fcr Sie angefertigt haben.[\/vc_column_text][\/vc_column_inner][vc_column_inner width=&#8220;1\/2&#8243;][vc_column_text]<\/p>\n<h2>Dorfladen &#8222;Alte Steige&#8220; Neusitz<\/h2>\n<p>[\/vc_column_text]<div class=\"wl_einzelbild\"><p><img loading=\"lazy\" decoding=\"async\" class=\"alignnone size-medium wp-image-705\" src=\"https:\/\/weltlaeden.de\/rothenburg\/wp-content\/uploads\/sites\/112\/2024\/04\/Weltladen-im-Dorfladen-Neusitz-Unverpacktstation-300x225.jpg\" alt=\"\" width=\"300\" height=\"225\" srcset=\"https:\/\/weltlaeden.de\/rothenburg\/wp-content\/uploads\/sites\/112\/2024\/04\/Weltladen-im-Dorfladen-Neusitz-Unverpacktstation-300x225.jpg 300w, https:\/\/weltlaeden.de\/rothenburg\/wp-content\/uploads\/sites\/112\/2024\/04\/Weltladen-im-Dorfladen-Neusitz-Unverpacktstation-1024x768.jpg 1024w, https:\/\/weltlaeden.de\/rothenburg\/wp-content\/uploads\/sites\/112\/2024\/04\/Weltladen-im-Dorfladen-Neusitz-Unverpacktstation-768x576.jpg 768w, https:\/\/weltlaeden.de\/rothenburg\/wp-content\/uploads\/sites\/112\/2024\/04\/Weltladen-im-Dorfladen-Neusitz-Unverpacktstation-1536x1152.jpg 1536w, https:\/\/weltlaeden.de\/rothenburg\/wp-content\/uploads\/sites\/112\/2024\/04\/Weltladen-im-Dorfladen-Neusitz-Unverpacktstation.jpg 1600w\" sizes=\"auto, (max-width: 300px) 100vw, 300px\" \/><\/p><\/div>[vc_column_text]<\/p>\n<h3><b>Ein Schatzk\u00e4stchen der Nachhaltigkeit<\/b><\/h3>\n<p><span style=\"font-weight: 400\">Im <a href=\"https:\/\/www.dorfladen-neusitz.de\/#angebote\">Dorfladen Neusitz<\/a> erwartet Sie eine exklusive Auswahl biofairer Produkte, die nicht nur Ihren Alltag bereichern, sondern auch einen positiven Beitrag f\u00fcr unsere Welt leisten. Ein Highlight unseres Angebots ist die einzigartige biofaire Unverpackt-Station. Hier k\u00f6nnen Sie nicht nur bewusst einkaufen, sondern auch Plastikm\u00fcll reduzieren und unsere Umwelt sch\u00fctzen.\u00a0<\/span><\/p>\n<p><span style=\"font-weight: 400\">F\u00fcr alle Gro\u00dfverbraucher haben wir gute Nachrichten: Unser beliebter Fairtrade-Kaffee gibt es auch im Pfandbeh\u00e4lterauf Anfrage. <a href=\"mailto:weltladen-rothenburg@gmx.de\">Kontaktieren<\/a> Sie uns gerne!<\/span><\/p>\n<p><br style=\"font-weight: 400\" \/><br style=\"font-weight: 400\" \/>[\/vc_column_text][\/vc_column_inner][vc_column_inner][\/vc_column_inner][\/vc_row_inner][\/vc_column][\/vc_row]<\/p>\n<\/div>","protected":false},"excerpt":{"rendered":"<p>[vc_row][vc_column][vc_empty_space][vc_column_text] Unsere Produkte [\/vc_column_text][vc_column_text] Besuchen Sie uns und werden Sie Teil unserer Geschichte Egal, ob Sie den Dorfladen Neusitz oder den Weltladen Rothenburg besuchen, wir laden Sie ein, Teil unserer gemeinsamen Reise zu einer gerechteren und nachhaltigeren Welt zu werden. Entdecken Sie bei uns Produkte, die mehr sind als nur Waren \u2013 sie sind Botschafter&hellip;<\/p>\n","protected":false},"author":1,"featured_media":0,"parent":0,"menu_order":1,"comment_status":"closed","ping_status":"closed","template":"","meta":{"footnotes":""},"class_list":["post-217","page","type-page","status-publish","hentry","description-off"],"yoast_head":"<!-- This site is optimized with the Yoast SEO plugin v26.8 - https:\/\/yoast.com\/product\/yoast-seo-wordpress\/ -->\n<title>Produkte - Weltladen Rothenburg<\/title>\n<meta name=\"description\" content=\"Entdecken Sie im Weltladen Rothenburg einzigartige, handgefertigte Produkte und Lebensmittel. Jedes St\u00fcck erz\u00e4hlt eine besondere Geschichte.\" \/>\n<meta name=\"robots\" content=\"index, follow, max-snippet:-1, max-image-preview:large, max-video-preview:-1\" \/>\n<link rel=\"canonical\" href=\"https:\/\/weltlaeden.de\/rothenburg\/produkte\/\" \/>\n<meta property=\"og:locale\" content=\"de_DE\" \/>\n<meta property=\"og:type\" content=\"article\" \/>\n<meta property=\"og:title\" content=\"Produkte - Weltladen Rothenburg\" \/>\n<meta property=\"og:description\" content=\"Entdecken Sie im Weltladen Rothenburg einzigartige, handgefertigte Produkte und Lebensmittel. Jedes St\u00fcck erz\u00e4hlt eine besondere Geschichte.\" \/>\n<meta property=\"og:url\" content=\"https:\/\/weltlaeden.de\/rothenburg\/produkte\/\" \/>\n<meta property=\"og:site_name\" content=\"Weltladen Rothenburg\" \/>\n<meta property=\"article:modified_time\" content=\"2024-04-02T16:14:45+00:00\" \/>\n<meta property=\"og:image\" content=\"https:\/\/weltlaeden.de\/rothenburg\/wp-content\/uploads\/sites\/112\/2024\/04\/Weltladen-Team-im-Laden-300x200.jpg\" \/>\n<meta name=\"twitter:card\" content=\"summary_large_image\" \/>\n<meta name=\"twitter:label1\" content=\"Gesch\u00e4tzte Lesezeit\" \/>\n\t<meta name=\"twitter:data1\" content=\"3\u00a0Minuten\" \/>\n<script type=\"application\/ld+json\" class=\"yoast-schema-graph\">{\"@context\":\"https:\/\/schema.org\",\"@graph\":[{\"@type\":\"WebPage\",\"@id\":\"https:\/\/weltlaeden.de\/rothenburg\/produkte\/\",\"url\":\"https:\/\/weltlaeden.de\/rothenburg\/produkte\/\",\"name\":\"Produkte - Weltladen Rothenburg\",\"isPartOf\":{\"@id\":\"https:\/\/weltlaeden.de\/rothenburg\/#website\"},\"primaryImageOfPage\":{\"@id\":\"https:\/\/weltlaeden.de\/rothenburg\/produkte\/#primaryimage\"},\"image\":{\"@id\":\"https:\/\/weltlaeden.de\/rothenburg\/produkte\/#primaryimage\"},\"thumbnailUrl\":\"https:\/\/weltlaeden.de\/rothenburg\/wp-content\/uploads\/sites\/112\/2024\/04\/Weltladen-Team-im-Laden-300x200.jpg\",\"datePublished\":\"2016-10-28T11:34:47+00:00\",\"dateModified\":\"2024-04-02T16:14:45+00:00\",\"description\":\"Entdecken Sie im Weltladen Rothenburg einzigartige, handgefertigte Produkte und Lebensmittel. Jedes St\u00fcck erz\u00e4hlt eine besondere Geschichte.\",\"breadcrumb\":{\"@id\":\"https:\/\/weltlaeden.de\/rothenburg\/produkte\/#breadcrumb\"},\"inLanguage\":\"de\",\"potentialAction\":[{\"@type\":\"ReadAction\",\"target\":[\"https:\/\/weltlaeden.de\/rothenburg\/produkte\/\"]}]},{\"@type\":\"ImageObject\",\"inLanguage\":\"de\",\"@id\":\"https:\/\/weltlaeden.de\/rothenburg\/produkte\/#primaryimage\",\"url\":\"https:\/\/weltlaeden.de\/rothenburg\/wp-content\/uploads\/sites\/112\/2024\/04\/Weltladen-Team-im-Laden.jpg\",\"contentUrl\":\"https:\/\/weltlaeden.de\/rothenburg\/wp-content\/uploads\/sites\/112\/2024\/04\/Weltladen-Team-im-Laden.jpg\",\"width\":1600,\"height\":1067},{\"@type\":\"BreadcrumbList\",\"@id\":\"https:\/\/weltlaeden.de\/rothenburg\/produkte\/#breadcrumb\",\"itemListElement\":[{\"@type\":\"ListItem\",\"position\":1,\"name\":\"Startseite\",\"item\":\"https:\/\/weltlaeden.de\/rothenburg\/\"},{\"@type\":\"ListItem\",\"position\":2,\"name\":\"Produkte\"}]},{\"@type\":\"WebSite\",\"@id\":\"https:\/\/weltlaeden.de\/rothenburg\/#website\",\"url\":\"https:\/\/weltlaeden.de\/rothenburg\/\",\"name\":\"Weltladen Rothenburg\",\"description\":\"100% Fair Trade seit 1992\",\"potentialAction\":[{\"@type\":\"SearchAction\",\"target\":{\"@type\":\"EntryPoint\",\"urlTemplate\":\"https:\/\/weltlaeden.de\/rothenburg\/?s={search_term_string}\"},\"query-input\":{\"@type\":\"PropertyValueSpecification\",\"valueRequired\":true,\"valueName\":\"search_term_string\"}}],\"inLanguage\":\"de\"}]}<\/script>\n<!-- \/ Yoast SEO plugin. -->","yoast_head_json":{"title":"Produkte - Weltladen Rothenburg","description":"Entdecken Sie im Weltladen Rothenburg einzigartige, handgefertigte Produkte und Lebensmittel. Jedes St\u00fcck erz\u00e4hlt eine besondere Geschichte.","robots":{"index":"index","follow":"follow","max-snippet":"max-snippet:-1","max-image-preview":"max-image-preview:large","max-video-preview":"max-video-preview:-1"},"canonical":"https:\/\/weltlaeden.de\/rothenburg\/produkte\/","og_locale":"de_DE","og_type":"article","og_title":"Produkte - Weltladen Rothenburg","og_description":"Entdecken Sie im Weltladen Rothenburg einzigartige, handgefertigte Produkte und Lebensmittel. Jedes St\u00fcck erz\u00e4hlt eine besondere Geschichte.","og_url":"https:\/\/weltlaeden.de\/rothenburg\/produkte\/","og_site_name":"Weltladen Rothenburg","article_modified_time":"2024-04-02T16:14:45+00:00","og_image":[{"url":"https:\/\/weltlaeden.de\/rothenburg\/wp-content\/uploads\/sites\/112\/2024\/04\/Weltladen-Team-im-Laden-300x200.jpg","type":"","width":"","height":""}],"twitter_card":"summary_large_image","twitter_misc":{"Gesch\u00e4tzte Lesezeit":"3\u00a0Minuten"},"schema":{"@context":"https:\/\/schema.org","@graph":[{"@type":"WebPage","@id":"https:\/\/weltlaeden.de\/rothenburg\/produkte\/","url":"https:\/\/weltlaeden.de\/rothenburg\/produkte\/","name":"Produkte - Weltladen Rothenburg","isPartOf":{"@id":"https:\/\/weltlaeden.de\/rothenburg\/#website"},"primaryImageOfPage":{"@id":"https:\/\/weltlaeden.de\/rothenburg\/produkte\/#primaryimage"},"image":{"@id":"https:\/\/weltlaeden.de\/rothenburg\/produkte\/#primaryimage"},"thumbnailUrl":"https:\/\/weltlaeden.de\/rothenburg\/wp-content\/uploads\/sites\/112\/2024\/04\/Weltladen-Team-im-Laden-300x200.jpg","datePublished":"2016-10-28T11:34:47+00:00","dateModified":"2024-04-02T16:14:45+00:00","description":"Entdecken Sie im Weltladen Rothenburg einzigartige, handgefertigte Produkte und Lebensmittel. Jedes St\u00fcck erz\u00e4hlt eine besondere Geschichte.","breadcrumb":{"@id":"https:\/\/weltlaeden.de\/rothenburg\/produkte\/#breadcrumb"},"inLanguage":"de","potentialAction":[{"@type":"ReadAction","target":["https:\/\/weltlaeden.de\/rothenburg\/produkte\/"]}]},{"@type":"ImageObject","inLanguage":"de","@id":"https:\/\/weltlaeden.de\/rothenburg\/produkte\/#primaryimage","url":"https:\/\/weltlaeden.de\/rothenburg\/wp-content\/uploads\/sites\/112\/2024\/04\/Weltladen-Team-im-Laden.jpg","contentUrl":"https:\/\/weltlaeden.de\/rothenburg\/wp-content\/uploads\/sites\/112\/2024\/04\/Weltladen-Team-im-Laden.jpg","width":1600,"height":1067},{"@type":"BreadcrumbList","@id":"https:\/\/weltlaeden.de\/rothenburg\/produkte\/#breadcrumb","itemListElement":[{"@type":"ListItem","position":1,"name":"Startseite","item":"https:\/\/weltlaeden.de\/rothenburg\/"},{"@type":"ListItem","position":2,"name":"Produkte"}]},{"@type":"WebSite","@id":"https:\/\/weltlaeden.de\/rothenburg\/#website","url":"https:\/\/weltlaeden.de\/rothenburg\/","name":"Weltladen Rothenburg","description":"100% Fair Trade seit 1992","potentialAction":[{"@type":"SearchAction","target":{"@type":"EntryPoint","urlTemplate":"https:\/\/weltlaeden.de\/rothenburg\/?s={search_term_string}"},"query-input":{"@type":"PropertyValueSpecification","valueRequired":true,"valueName":"search_term_string"}}],"inLanguage":"de"}]}},"_links":{"self":[{"href":"https:\/\/weltlaeden.de\/rothenburg\/wp-json\/wp\/v2\/pages\/217","targetHints":{"allow":["GET"]}}],"collection":[{"href":"https:\/\/weltlaeden.de\/rothenburg\/wp-json\/wp\/v2\/pages"}],"about":[{"href":"https:\/\/weltlaeden.de\/rothenburg\/wp-json\/wp\/v2\/types\/page"}],"author":[{"embeddable":true,"href":"https:\/\/weltlaeden.de\/rothenburg\/wp-json\/wp\/v2\/users\/1"}],"replies":[{"embeddable":true,"href":"https:\/\/weltlaeden.de\/rothenburg\/wp-json\/wp\/v2\/comments?post=217"}],"version-history":[{"count":18,"href":"https:\/\/weltlaeden.de\/rothenburg\/wp-json\/wp\/v2\/pages\/217\/revisions"}],"predecessor-version":[{"id":726,"href":"https:\/\/weltlaeden.de\/rothenburg\/wp-json\/wp\/v2\/pages\/217\/revisions\/726"}],"wp:attachment":[{"href":"https:\/\/weltlaeden.de\/rothenburg\/wp-json\/wp\/v2\/media?parent=217"}],"curies":[{"name":"wp","href":"https:\/\/api.w.org\/{rel}","templated":true}]}}