{"id":217,"date":"2016-10-28T13:34:47","date_gmt":"2016-10-28T11:34:47","guid":{"rendered":"https:\/\/wl.heimpixel.de\/rostock\/produkte\/"},"modified":"2023-12-05T18:00:59","modified_gmt":"2023-12-05T17:00:59","slug":"produkte","status":"publish","type":"page","link":"https:\/\/weltlaeden.de\/rostock\/produkte\/","title":{"rendered":"Produkte"},"content":{"rendered":"<div class=\"wpb-content-wrapper\"><p>[vc_row][vc_column]<div class=\"wl_einzelbild\"><p><\/p><\/div>[vc_empty_space][vc_column_text]<\/p>\n<h1>Unser Sortiment<\/h1>\n<p>[\/vc_column_text][vc_column_text]Kommen Sie selbst, schauen Sie und lassen Sie sich inspirieren![\/vc_column_text][vc_empty_space][vc_row_inner][vc_column_inner width=&#8220;1\/2&#8243;][vc_column_text]<\/p>\n<h2>Lebensmittel<\/h2>\n<p>[\/vc_column_text]<div class=\"wl_einzelbild\"><p><img loading=\"lazy\" decoding=\"async\" class=\" wp-image-348 alignleft\" src=\"https:\/\/weltlaeden.de\/rostock\/wp-content\/uploads\/sites\/24\/2020\/04\/DSC05067-300x200.jpg\" alt=\"\" width=\"620\" height=\"413\" srcset=\"https:\/\/weltlaeden.de\/rostock\/wp-content\/uploads\/sites\/24\/2020\/04\/DSC05067-300x200.jpg 300w, https:\/\/weltlaeden.de\/rostock\/wp-content\/uploads\/sites\/24\/2020\/04\/DSC05067-768x512.jpg 768w, https:\/\/weltlaeden.de\/rostock\/wp-content\/uploads\/sites\/24\/2020\/04\/DSC05067-1024x683.jpg 1024w, https:\/\/weltlaeden.de\/rostock\/wp-content\/uploads\/sites\/24\/2020\/04\/DSC05067.jpg 1920w\" sizes=\"auto, (max-width: 620px) 100vw, 620px\" \/><\/p><\/div>[vc_column_text]Unsere <b>Lebensmittel <\/b>kommen von unterschiedlichen Kleinbauerngenossenschaften aus dem globalen S\u00fcden. Im Sortiment sind z.B. Schokoladen mit Kakao aus Bolivien und Sao Tom\u00e9, Mangos von den Philippinen, Cashews aus Honduras, Gr\u00fcn- und Schwarztees aus Indien sowie Gew\u00fcrze aus S\u00fcdafrika.[\/vc_column_text][\/vc_column_inner][vc_column_inner width=&#8220;1\/2&#8243;][vc_column_text]<\/p>\n<h2>Kunsthandwerk &amp; Textilien<\/h2>\n<p>[\/vc_column_text]<div class=\"wl_einzelbild\"><p><img loading=\"lazy\" decoding=\"async\" class=\"alignnone wp-image-350\" src=\"https:\/\/weltlaeden.de\/rostock\/wp-content\/uploads\/sites\/24\/2020\/04\/DSC05087-300x200.jpg\" alt=\"\" width=\"479\" height=\"319\" srcset=\"https:\/\/weltlaeden.de\/rostock\/wp-content\/uploads\/sites\/24\/2020\/04\/DSC05087-300x200.jpg 300w, https:\/\/weltlaeden.de\/rostock\/wp-content\/uploads\/sites\/24\/2020\/04\/DSC05087-768x512.jpg 768w, https:\/\/weltlaeden.de\/rostock\/wp-content\/uploads\/sites\/24\/2020\/04\/DSC05087-1024x683.jpg 1024w, https:\/\/weltlaeden.de\/rostock\/wp-content\/uploads\/sites\/24\/2020\/04\/DSC05087.jpg 1920w\" sizes=\"auto, (max-width: 479px) 100vw, 479px\" \/><\/p><\/div>[vc_column_text]Auch das <b>Kunsthandwerk <\/b>beziehen wir von vielen kleinen und gr\u00f6\u00dferen Handelspartner*innen, z.B. aus Peru, Indien, den Philippinen, Vietnam und Mexiko. Sie finden bei uns u.a. T\u00fccher, Schmuck, Lederkleinwaren, Gebrauchsgeschirr, Gl\u00e4ser, Kerzen, Spiele, Wellnessartikel und vieles mehr.[\/vc_column_text][\/vc_column_inner][\/vc_row_inner][vc_row_inner][vc_column_inner el_class=&#8220;Schmuck&#8220; width=&#8220;1\/2&#8243;][vc_column_text]<\/p>\n<h2>Rostock tickt fair!<\/h2>\n<p>[\/vc_column_text]<div class=\"wl_einzelbild\"><p><img loading=\"lazy\" decoding=\"async\" class=\"alignnone size-medium wp-image-360\" src=\"https:\/\/weltlaeden.de\/rostock\/wp-content\/uploads\/sites\/24\/2020\/04\/Mock-ups-produkte-mitillu--300x300.jpg\" alt=\"\" width=\"300\" height=\"300\" srcset=\"https:\/\/weltlaeden.de\/rostock\/wp-content\/uploads\/sites\/24\/2020\/04\/Mock-ups-produkte-mitillu--300x300.jpg 300w, https:\/\/weltlaeden.de\/rostock\/wp-content\/uploads\/sites\/24\/2020\/04\/Mock-ups-produkte-mitillu--150x150.jpg 150w, https:\/\/weltlaeden.de\/rostock\/wp-content\/uploads\/sites\/24\/2020\/04\/Mock-ups-produkte-mitillu-.jpg 600w\" sizes=\"auto, (max-width: 300px) 100vw, 300px\" \/><\/p><\/div>[vc_column_text]<\/p>\n<div class=\"wpb_text_column wpb_content_element \">\n<div class=\"wpb_wrapper\">\n<p>Zum 800-j\u00e4hrigen Stadtjubil\u00e4um von Rostock 2018 hat der Weltladen einen Fairen Stadtkaffee, importiert von der Leipziger Fair-Handels-Genossenschaft <a href=\"https:\/\/cafe-chavalo.de\">Caf\u00e9 Chavalo<\/a> , und ein Faires Stadtschokoladen-Duo (Peru Criollo 70% und Santo Domingo 40%) vom Chocolatier Zotter aus \u00d6sterreich eingef\u00fchrt. Seit Sommer 2021 wird der Rohkaffee sogar per Frachtsegler von Nicaragua nach Deutschland transportiert.<\/p>\n<p><strong>Mehr Infos zu den besonderen Stadtprodukten unter: <a href=\"https:\/\/rostock-tickt-fair.de\/\">Rostock tickt fair\u00a0<\/a><\/strong><\/p>\n<\/div>\n<\/div>\n<p>[\/vc_column_text][\/vc_column_inner][vc_column_inner width=&#8220;1\/2&#8243;][\/vc_column_inner][\/vc_row_inner][\/vc_column][\/vc_row]<\/p>\n<\/div>","protected":false},"excerpt":{"rendered":"<p>[vc_row][vc_column][vc_empty_space][vc_column_text] Unser Sortiment [\/vc_column_text][vc_column_text]Kommen Sie selbst, schauen Sie und lassen Sie sich inspirieren![\/vc_column_text][vc_empty_space][vc_row_inner][vc_column_inner width=&#8220;1\/2&#8243;][vc_column_text] Lebensmittel [\/vc_column_text][vc_column_text]Unsere Lebensmittel kommen von unterschiedlichen Kleinbauerngenossenschaften aus dem globalen S\u00fcden. Im Sortiment sind z.B. Schokoladen mit Kakao aus Bolivien und Sao Tom\u00e9, Mangos von den Philippinen, Cashews aus Honduras, Gr\u00fcn- und Schwarztees aus Indien sowie Gew\u00fcrze aus S\u00fcdafrika.[\/vc_column_text][\/vc_column_inner][vc_column_inner width=&#8220;1\/2&#8243;][vc_column_text] Kunsthandwerk&hellip;<\/p>\n","protected":false},"author":1,"featured_media":0,"parent":0,"menu_order":2,"comment_status":"closed","ping_status":"closed","template":"","meta":{"footnotes":""},"class_list":["post-217","page","type-page","status-publish","hentry","description-off"],"_links":{"self":[{"href":"https:\/\/weltlaeden.de\/rostock\/wp-json\/wp\/v2\/pages\/217","targetHints":{"allow":["GET"]}}],"collection":[{"href":"https:\/\/weltlaeden.de\/rostock\/wp-json\/wp\/v2\/pages"}],"about":[{"href":"https:\/\/weltlaeden.de\/rostock\/wp-json\/wp\/v2\/types\/page"}],"author":[{"embeddable":true,"href":"https:\/\/weltlaeden.de\/rostock\/wp-json\/wp\/v2\/users\/1"}],"replies":[{"embeddable":true,"href":"https:\/\/weltlaeden.de\/rostock\/wp-json\/wp\/v2\/comments?post=217"}],"version-history":[{"count":14,"href":"https:\/\/weltlaeden.de\/rostock\/wp-json\/wp\/v2\/pages\/217\/revisions"}],"predecessor-version":[{"id":473,"href":"https:\/\/weltlaeden.de\/rostock\/wp-json\/wp\/v2\/pages\/217\/revisions\/473"}],"wp:attachment":[{"href":"https:\/\/weltlaeden.de\/rostock\/wp-json\/wp\/v2\/media?parent=217"}],"curies":[{"name":"wp","href":"https:\/\/api.w.org\/{rel}","templated":true}]}}