{"id":20,"date":"2016-10-14T09:05:21","date_gmt":"2016-10-14T07:05:21","guid":{"rendered":"https:\/\/wl.heimpixel.de\/vorlage\/weltladen-musterdorf\/"},"modified":"2020-01-09T18:28:22","modified_gmt":"2020-01-09T17:28:22","slug":"weltladen-musterdorf","status":"publish","type":"page","link":"https:\/\/weltlaeden.de\/rodenkirchen\/","title":{"rendered":"Weltgruppe der ev. Kirchengemeinde Rodenkirchen"},"content":{"rendered":"<div class=\"wpb-content-wrapper\"><p>[vc_row][vc_column]<div class=\"wl_einzelbild\"><p><\/p><\/div>[vc_empty_space height=&#8220;20px&#8220;][\/vc_column][\/vc_row][vc_row][vc_column][vc_column_text]<\/p>\n<h1 style=\"text-align: center\">Willkommen bei der Weltgruppe der evangelischen Kirchengemeinde Rodenkirchen<\/h1>\n<p>&nbsp;<\/p>\n<p>[\/vc_column_text][vc_column_text]<\/p>\n<p style=\"text-align: center\">Wir freuen uns, dass Sie neugierig sind auf unseren kleinen Weltladen.<\/p>\n<p style=\"text-align: center\">Hier finden Sie Informationen \u00fcber unseren Laden, \u00fcber den Fairen Handel und \u00fcber<br \/>\naktuelle Termine.<\/p>\n<p style=\"text-align: center\">Bei uns kann man wunderbar einkaufen und dabei viel Interessantes erfahren \u00fcber jedes einzelne unserer Produkte.<\/p>\n<p>[\/vc_column_text][vc_empty_space height=&#8220;30px&#8220;][\/vc_column][\/vc_row][vc_row][vc_column][vc_column_text]<\/p>\n<h2>Was Sie auf dieser Website finden:<\/h2>\n<p>[\/vc_column_text][vc_empty_space height=&#8220;20px&#8220;][vc_row_inner][vc_column_inner width=&#8220;1\/4&#8243;]<div class=\"wl_einzelbild\"><p><img loading=\"lazy\" decoding=\"async\" class=\"alignleft size-thumbnail wp-image-nsm-3-15\" src=\"https:\/\/weltlaeden.de\/rodenkirchen\/wp-content\/uploads\/sites\/3\/2016\/11\/FairerHandel_ElPuente_Fingerpuppen_EccoExe_Peru-150x150.jpg\" alt=\"\" width=\"150\" height=\"150\" \/><\/p><\/div>[\/vc_column_inner][vc_column_inner width=&#8220;3\/4&#8243;][vc_column_text]<\/p>\n<h3>Fairer Handel<\/h3>\n<p>Was meint Fairer Handel \u00fcberhaupt? Welche Kriterien m\u00fcssen eingehalten werden und wer \u00fcberpr\u00fcft diese? <a href=\"https:\/\/weltlaeden.de\/rodenkirchen\/fairer-handel\/\">Erfahren Sie mehr &#8230;<\/a>[\/vc_column_text][\/vc_column_inner][\/vc_row_inner][vc_separator][vc_row_inner][vc_column_inner width=&#8220;1\/4&#8243;]<div class=\"wl_einzelbild\"><p><img loading=\"lazy\" decoding=\"async\" class=\"alignleft size-full wp-image-nsm-3-28\" src=\"https:\/\/weltlaeden.de\/rodenkirchen\/wp-content\/uploads\/sites\/3\/2018\/05\/Lebensmittel_WL-Bornheim-Christian-Schilling_150x150.jpg\" alt=\"\" width=\"150\" height=\"150\" \/><\/p><\/div>[\/vc_column_inner][vc_column_inner width=&#8220;3\/4&#8243;][vc_column_text]<\/p>\n<h3>Produkte<\/h3>\n<p>Unsere Produkte im Weltladen sind nat\u00fcrlich alle aus Fairem Handel, dennoch kommen sie von unterschiedlichen Fair-Handels-Importeuren. <a href=\"https:\/\/weltlaeden.de\/rodenkirchen\/produkte\/\">Hier zeigen wir Ihnen unser Sortiment &#8230;<\/a>[\/vc_column_text][\/vc_column_inner][\/vc_row_inner][vc_separator][vc_row_inner][vc_column_inner width=&#8220;1\/4&#8243;]<div class=\"wl_einzelbild\"><p><img loading=\"lazy\" decoding=\"async\" class=\"alignleft size-thumbnail wp-image-nsm-3-16\" src=\"https:\/\/weltlaeden.de\/rodenkirchen\/wp-content\/uploads\/sites\/3\/2016\/11\/ElPuente_Kakaobohnen_El-Ceibo_Bolivien-150x150.jpg\" alt=\"\" width=\"150\" height=\"150\" \/><\/p><\/div>[\/vc_column_inner][vc_column_inner width=&#8220;3\/4&#8243;][vc_column_text]<\/p>\n<h3>\u00dcber uns<\/h3>\n<p>Wer wir sind, warum wir uns f\u00fcr Fairen Handel engagieren und wie man bei uns mitmachen kann &#8211; <a href=\"https:\/\/weltlaeden.de\/rodenkirchen\/ueber-uns\/\">hier stellen wir uns vor &#8230;<\/a>[\/vc_column_text][\/vc_column_inner][\/vc_row_inner][vc_separator][vc_row_inner][vc_column_inner width=&#8220;1\/4&#8243;]<div class=\"wl_einzelbild\"><p><img loading=\"lazy\" decoding=\"async\" class=\"alignleft size-full wp-image-nsm-3-35\" src=\"https:\/\/weltlaeden.de\/rodenkirchen\/wp-content\/uploads\/sites\/3\/2018\/08\/pocket-watch-1637396_1920_150x150.png\" alt=\"\" width=\"150\" height=\"150\" \/><\/p><\/div>[\/vc_column_inner][vc_column_inner width=&#8220;3\/4&#8243;][vc_column_text]<\/p>\n<h3>Termine<\/h3>\n<p>Bei uns ist immer etwas los! Wir treffen uns regelm\u00e4\u00dfig zu Teamsitzungen und Fortbildungen, organisieren aber auch immer mal wieder eine Veranstaltung zum Fairen Handel und verwandten Themen. <a href=\"https:\/\/weltlaeden.de\/rodenkirchen\/termine\/\">Hier erfahren Sie was bei uns los ist \u2026<\/a><br \/>\n[\/vc_column_text][\/vc_column_inner][\/vc_row_inner][vc_row_inner][\/vc_row_inner][vc_separator][vc_row_inner][vc_column_inner width=&#8220;1\/4&#8243;]<div class=\"wl_einzelbild\"><p><img loading=\"lazy\" decoding=\"async\" class=\"size-thumbnail wp-image-557 alignleft\" src=\"https:\/\/weltlaeden.de\/rodenkirchen\/wp-content\/uploads\/sites\/93\/2019\/12\/P1010663-2-150x150.jpg\" alt=\"\" width=\"150\" height=\"150\" \/><\/p><\/div>[\/vc_column_inner][vc_column_inner width=&#8220;3\/4&#8243;][vc_column_text]<\/p>\n<h3>Weltladen unterwegs<\/h3>\n<p>Unser kleiner Laden im Rathaus ist nur Donnerstag-Vormittag und Freitag-Nachmittag ge\u00f6ffnet. Damit wir mehr Menschen erreichen, machen wir uns mit unserem Laden auf den Weg zu M\u00e4rkten und Veranstaltungen. <a href=\"https:\/\/weltlaeden.de\/rodenkirchen\/weltladen-unterwegs\/\">Hier erfahren Sie wo Sie uns finden \u2026<\/a>[\/vc_column_text][\/vc_column_inner][\/vc_row_inner][vc_empty_space][\/vc_column][\/vc_row]<\/p>\n<\/div>","protected":false},"excerpt":{"rendered":"<p>[vc_row][vc_column][vc_empty_space height=&#8220;20px&#8220;][\/vc_column][\/vc_row][vc_row][vc_column][vc_column_text] Willkommen bei der Weltgruppe der evangelischen Kirchengemeinde Rodenkirchen &nbsp; [\/vc_column_text][vc_column_text] Wir freuen uns, dass Sie neugierig sind auf unseren kleinen Weltladen. Hier finden Sie Informationen \u00fcber unseren Laden, \u00fcber den Fairen Handel und \u00fcber aktuelle Termine. Bei uns kann man wunderbar einkaufen und dabei viel Interessantes erfahren \u00fcber jedes einzelne unserer Produkte. [\/vc_column_text][vc_empty_space&hellip;<\/p>\n","protected":false},"author":1,"featured_media":0,"parent":0,"menu_order":0,"comment_status":"closed","ping_status":"closed","template":"","meta":{"footnotes":""},"class_list":["post-20","page","type-page","status-publish","hentry","description-off"],"yoast_head":"<!-- This site is optimized with the Yoast SEO plugin v26.8 - https:\/\/yoast.com\/product\/yoast-seo-wordpress\/ -->\n<title>Weltgruppe der ev. Kirchengemeinde Rodenkirchen - Weltgruppe Rodenkirchen<\/title>\n<meta name=\"robots\" content=\"index, follow, max-snippet:-1, max-image-preview:large, max-video-preview:-1\" \/>\n<link rel=\"canonical\" href=\"https:\/\/weltlaeden.de\/rodenkirchen\/\" \/>\n<meta property=\"og:locale\" content=\"de_DE\" \/>\n<meta property=\"og:type\" content=\"article\" \/>\n<meta property=\"og:title\" content=\"Weltgruppe der ev. Kirchengemeinde Rodenkirchen - Weltgruppe Rodenkirchen\" \/>\n<meta property=\"og:description\" content=\"[vc_row][vc_column][vc_empty_space height=&#8220;20px&#8220;][\/vc_column][\/vc_row][vc_row][vc_column][vc_column_text] Willkommen bei der Weltgruppe der evangelischen Kirchengemeinde Rodenkirchen &nbsp; [\/vc_column_text][vc_column_text] Wir freuen uns, dass Sie neugierig sind auf unseren kleinen Weltladen. Hier finden Sie Informationen \u00fcber unseren Laden, \u00fcber den Fairen Handel und \u00fcber aktuelle Termine. Bei uns kann man wunderbar einkaufen und dabei viel Interessantes erfahren \u00fcber jedes einzelne unserer Produkte. [\/vc_column_text][vc_empty_space&hellip;\" \/>\n<meta property=\"og:url\" content=\"https:\/\/weltlaeden.de\/rodenkirchen\/\" \/>\n<meta property=\"og:site_name\" content=\"Weltgruppe Rodenkirchen\" \/>\n<meta property=\"article:modified_time\" content=\"2020-01-09T17:28:22+00:00\" \/>\n<meta property=\"og:image\" content=\"https:\/\/weltlaeden.de\/rodenkirchen\/wp-content\/uploads\/sites\/3\/2016\/11\/FairerHandel_ElPuente_Fingerpuppen_EccoExe_Peru-150x150.jpg\" \/>\n<meta name=\"twitter:card\" content=\"summary_large_image\" \/>\n<meta name=\"twitter:label1\" content=\"Gesch\u00e4tzte Lesezeit\" \/>\n\t<meta name=\"twitter:data1\" content=\"2\u00a0Minuten\" \/>\n<script type=\"application\/ld+json\" class=\"yoast-schema-graph\">{\"@context\":\"https:\/\/schema.org\",\"@graph\":[{\"@type\":\"WebPage\",\"@id\":\"https:\/\/weltlaeden.de\/rodenkirchen\/\",\"url\":\"https:\/\/weltlaeden.de\/rodenkirchen\/\",\"name\":\"Weltgruppe der ev. Kirchengemeinde Rodenkirchen - Weltgruppe Rodenkirchen\",\"isPartOf\":{\"@id\":\"https:\/\/weltlaeden.de\/rodenkirchen\/#website\"},\"primaryImageOfPage\":{\"@id\":\"https:\/\/weltlaeden.de\/rodenkirchen\/#primaryimage\"},\"image\":{\"@id\":\"https:\/\/weltlaeden.de\/rodenkirchen\/#primaryimage\"},\"thumbnailUrl\":\"https:\/\/weltlaeden.de\/rodenkirchen\/wp-content\/uploads\/sites\/3\/2016\/11\/FairerHandel_ElPuente_Fingerpuppen_EccoExe_Peru-150x150.jpg\",\"datePublished\":\"2016-10-14T07:05:21+00:00\",\"dateModified\":\"2020-01-09T17:28:22+00:00\",\"breadcrumb\":{\"@id\":\"https:\/\/weltlaeden.de\/rodenkirchen\/#breadcrumb\"},\"inLanguage\":\"de\",\"potentialAction\":[{\"@type\":\"ReadAction\",\"target\":[\"https:\/\/weltlaeden.de\/rodenkirchen\/\"]}]},{\"@type\":\"ImageObject\",\"inLanguage\":\"de\",\"@id\":\"https:\/\/weltlaeden.de\/rodenkirchen\/#primaryimage\",\"url\":\"https:\/\/weltlaeden.de\/rodenkirchen\/wp-content\/uploads\/sites\/3\/2016\/11\/FairerHandel_ElPuente_Fingerpuppen_EccoExe_Peru-150x150.jpg\",\"contentUrl\":\"https:\/\/weltlaeden.de\/rodenkirchen\/wp-content\/uploads\/sites\/3\/2016\/11\/FairerHandel_ElPuente_Fingerpuppen_EccoExe_Peru-150x150.jpg\"},{\"@type\":\"BreadcrumbList\",\"@id\":\"https:\/\/weltlaeden.de\/rodenkirchen\/#breadcrumb\",\"itemListElement\":[{\"@type\":\"ListItem\",\"position\":1,\"name\":\"Startseite\",\"item\":\"https:\/\/weltlaeden.de\/rodenkirchen\/\"},{\"@type\":\"ListItem\",\"position\":2,\"name\":\"Weltgruppe der ev. Kirchengemeinde Rodenkirchen\"}]},{\"@type\":\"WebSite\",\"@id\":\"https:\/\/weltlaeden.de\/rodenkirchen\/#website\",\"url\":\"https:\/\/weltlaeden.de\/rodenkirchen\/\",\"name\":\"Weltgruppe Rodenkirchen\",\"description\":\"Fairer Handel global und regional\",\"potentialAction\":[{\"@type\":\"SearchAction\",\"target\":{\"@type\":\"EntryPoint\",\"urlTemplate\":\"https:\/\/weltlaeden.de\/rodenkirchen\/?s={search_term_string}\"},\"query-input\":{\"@type\":\"PropertyValueSpecification\",\"valueRequired\":true,\"valueName\":\"search_term_string\"}}],\"inLanguage\":\"de\"}]}<\/script>\n<!-- \/ Yoast SEO plugin. -->","yoast_head_json":{"title":"Weltgruppe der ev. Kirchengemeinde Rodenkirchen - Weltgruppe Rodenkirchen","robots":{"index":"index","follow":"follow","max-snippet":"max-snippet:-1","max-image-preview":"max-image-preview:large","max-video-preview":"max-video-preview:-1"},"canonical":"https:\/\/weltlaeden.de\/rodenkirchen\/","og_locale":"de_DE","og_type":"article","og_title":"Weltgruppe der ev. Kirchengemeinde Rodenkirchen - Weltgruppe Rodenkirchen","og_description":"[vc_row][vc_column][vc_empty_space height=&#8220;20px&#8220;][\/vc_column][\/vc_row][vc_row][vc_column][vc_column_text] Willkommen bei der Weltgruppe der evangelischen Kirchengemeinde Rodenkirchen &nbsp; [\/vc_column_text][vc_column_text] Wir freuen uns, dass Sie neugierig sind auf unseren kleinen Weltladen. Hier finden Sie Informationen \u00fcber unseren Laden, \u00fcber den Fairen Handel und \u00fcber aktuelle Termine. Bei uns kann man wunderbar einkaufen und dabei viel Interessantes erfahren \u00fcber jedes einzelne unserer Produkte. [\/vc_column_text][vc_empty_space&hellip;","og_url":"https:\/\/weltlaeden.de\/rodenkirchen\/","og_site_name":"Weltgruppe Rodenkirchen","article_modified_time":"2020-01-09T17:28:22+00:00","og_image":[{"url":"https:\/\/weltlaeden.de\/rodenkirchen\/wp-content\/uploads\/sites\/3\/2016\/11\/FairerHandel_ElPuente_Fingerpuppen_EccoExe_Peru-150x150.jpg","type":"","width":"","height":""}],"twitter_card":"summary_large_image","twitter_misc":{"Gesch\u00e4tzte Lesezeit":"2\u00a0Minuten"},"schema":{"@context":"https:\/\/schema.org","@graph":[{"@type":"WebPage","@id":"https:\/\/weltlaeden.de\/rodenkirchen\/","url":"https:\/\/weltlaeden.de\/rodenkirchen\/","name":"Weltgruppe der ev. Kirchengemeinde Rodenkirchen - Weltgruppe Rodenkirchen","isPartOf":{"@id":"https:\/\/weltlaeden.de\/rodenkirchen\/#website"},"primaryImageOfPage":{"@id":"https:\/\/weltlaeden.de\/rodenkirchen\/#primaryimage"},"image":{"@id":"https:\/\/weltlaeden.de\/rodenkirchen\/#primaryimage"},"thumbnailUrl":"https:\/\/weltlaeden.de\/rodenkirchen\/wp-content\/uploads\/sites\/3\/2016\/11\/FairerHandel_ElPuente_Fingerpuppen_EccoExe_Peru-150x150.jpg","datePublished":"2016-10-14T07:05:21+00:00","dateModified":"2020-01-09T17:28:22+00:00","breadcrumb":{"@id":"https:\/\/weltlaeden.de\/rodenkirchen\/#breadcrumb"},"inLanguage":"de","potentialAction":[{"@type":"ReadAction","target":["https:\/\/weltlaeden.de\/rodenkirchen\/"]}]},{"@type":"ImageObject","inLanguage":"de","@id":"https:\/\/weltlaeden.de\/rodenkirchen\/#primaryimage","url":"https:\/\/weltlaeden.de\/rodenkirchen\/wp-content\/uploads\/sites\/3\/2016\/11\/FairerHandel_ElPuente_Fingerpuppen_EccoExe_Peru-150x150.jpg","contentUrl":"https:\/\/weltlaeden.de\/rodenkirchen\/wp-content\/uploads\/sites\/3\/2016\/11\/FairerHandel_ElPuente_Fingerpuppen_EccoExe_Peru-150x150.jpg"},{"@type":"BreadcrumbList","@id":"https:\/\/weltlaeden.de\/rodenkirchen\/#breadcrumb","itemListElement":[{"@type":"ListItem","position":1,"name":"Startseite","item":"https:\/\/weltlaeden.de\/rodenkirchen\/"},{"@type":"ListItem","position":2,"name":"Weltgruppe der ev. Kirchengemeinde Rodenkirchen"}]},{"@type":"WebSite","@id":"https:\/\/weltlaeden.de\/rodenkirchen\/#website","url":"https:\/\/weltlaeden.de\/rodenkirchen\/","name":"Weltgruppe Rodenkirchen","description":"Fairer Handel global und regional","potentialAction":[{"@type":"SearchAction","target":{"@type":"EntryPoint","urlTemplate":"https:\/\/weltlaeden.de\/rodenkirchen\/?s={search_term_string}"},"query-input":{"@type":"PropertyValueSpecification","valueRequired":true,"valueName":"search_term_string"}}],"inLanguage":"de"}]}},"_links":{"self":[{"href":"https:\/\/weltlaeden.de\/rodenkirchen\/wp-json\/wp\/v2\/pages\/20","targetHints":{"allow":["GET"]}}],"collection":[{"href":"https:\/\/weltlaeden.de\/rodenkirchen\/wp-json\/wp\/v2\/pages"}],"about":[{"href":"https:\/\/weltlaeden.de\/rodenkirchen\/wp-json\/wp\/v2\/types\/page"}],"author":[{"embeddable":true,"href":"https:\/\/weltlaeden.de\/rodenkirchen\/wp-json\/wp\/v2\/users\/1"}],"replies":[{"embeddable":true,"href":"https:\/\/weltlaeden.de\/rodenkirchen\/wp-json\/wp\/v2\/comments?post=20"}],"version-history":[{"count":46,"href":"https:\/\/weltlaeden.de\/rodenkirchen\/wp-json\/wp\/v2\/pages\/20\/revisions"}],"predecessor-version":[{"id":600,"href":"https:\/\/weltlaeden.de\/rodenkirchen\/wp-json\/wp\/v2\/pages\/20\/revisions\/600"}],"wp:attachment":[{"href":"https:\/\/weltlaeden.de\/rodenkirchen\/wp-json\/wp\/v2\/media?parent=20"}],"curies":[{"name":"wp","href":"https:\/\/api.w.org\/{rel}","templated":true}]}}