{"id":217,"date":"2016-10-28T13:34:47","date_gmt":"2016-10-28T11:34:47","guid":{"rendered":"https:\/\/wl.heimpixel.de\/vorlage\/produkte\/"},"modified":"2023-02-03T13:07:23","modified_gmt":"2023-02-03T12:07:23","slug":"produkte","status":"publish","type":"page","link":"https:\/\/weltlaeden.de\/rimpar\/produkte\/","title":{"rendered":"Produkte"},"content":{"rendered":"<div class=\"wpb-content-wrapper\"><p>[vc_row][vc_column]<div class=\"wl_einzelbild\"><p><img loading=\"lazy\" decoding=\"async\" class=\"alignnone size-medium wp-image-643\" src=\"https:\/\/weltlaeden.de\/rimpar\/wp-content\/uploads\/sites\/199\/2023\/02\/IMG-20221123-WA0009-225x300.jpg\" alt=\"\" width=\"225\" height=\"300\" srcset=\"https:\/\/weltlaeden.de\/rimpar\/wp-content\/uploads\/sites\/199\/2023\/02\/IMG-20221123-WA0009-225x300.jpg 225w, https:\/\/weltlaeden.de\/rimpar\/wp-content\/uploads\/sites\/199\/2023\/02\/IMG-20221123-WA0009-768x1024.jpg 768w, https:\/\/weltlaeden.de\/rimpar\/wp-content\/uploads\/sites\/199\/2023\/02\/IMG-20221123-WA0009-1152x1536.jpg 1152w, https:\/\/weltlaeden.de\/rimpar\/wp-content\/uploads\/sites\/199\/2023\/02\/IMG-20221123-WA0009.jpg 1536w\" sizes=\"auto, (max-width: 225px) 100vw, 225px\" \/><img loading=\"lazy\" decoding=\"async\" class=\"alignnone size-medium wp-image-646\" src=\"https:\/\/weltlaeden.de\/rimpar\/wp-content\/uploads\/sites\/199\/2023\/02\/IMG-20221124-WA00001-300x289.jpg\" alt=\"\" width=\"300\" height=\"289\" \/><img loading=\"lazy\" decoding=\"async\" class=\"alignnone size-medium wp-image-629\" src=\"https:\/\/weltlaeden.de\/rimpar\/wp-content\/uploads\/sites\/199\/2023\/02\/Geschenkkorb-2021-225x300.jpg\" alt=\"\" width=\"225\" height=\"300\" srcset=\"https:\/\/weltlaeden.de\/rimpar\/wp-content\/uploads\/sites\/199\/2023\/02\/Geschenkkorb-2021-225x300.jpg 225w, https:\/\/weltlaeden.de\/rimpar\/wp-content\/uploads\/sites\/199\/2023\/02\/Geschenkkorb-2021-768x1024.jpg 768w, https:\/\/weltlaeden.de\/rimpar\/wp-content\/uploads\/sites\/199\/2023\/02\/Geschenkkorb-2021-1152x1536.jpg 1152w, https:\/\/weltlaeden.de\/rimpar\/wp-content\/uploads\/sites\/199\/2023\/02\/Geschenkkorb-2021.jpg 1379w\" sizes=\"auto, (max-width: 225px) 100vw, 225px\" \/><\/p><\/div>[vc_empty_space][vc_column_text]<\/p>\n<h1>Unser Sortiment<\/h1>\n<p>[\/vc_column_text][vc_column_text]Bei uns finden Sie eine gro\u00dfe Auswahl an ganz unterschiedlichen fair gehandelten Produkten!<\/p>\n<p>Unsere Kaffeespezialit\u00e4ten kommen aus der ganzen Welt &#8211; teilweise sogar beim sog. &#8222;Segelkaffee&#8220; ohne CO2-Aussto\u00df beim Transport, da der Kaffee aus S\u00fcdamerika per Segelschiff geliefert wird. Aber auch Kaffee aus Afrika (in Zusammenarbeit mit W\u00fcPaKa &#8211; W\u00fcrzburger Partnerkaffee) und vieles mehr bieten wir als Bohnen, Pulver oder Kaffeepads an. Auch unsere Teeauswahl ist riesig, so dass f\u00fcr jeden Geschmack etwas dabei ist.<\/p>\n<p>Ein gro\u00dfes Sortiment an Leckereien erwartet Sie bei uns &#8211; Schokolade, N\u00fcsse, getrocknete Fr\u00fcchte sind nur eine kleine Auswahl unseres Angebots. Aber auch &#8222;Herzhaftes&#8220; wie Nudeln oder Reis, Saucen, Gew\u00fcrze und \u00e4hnliches finden Sie bei uns. Besonders stolz sind wir auf unsere &#8222;mafiafreien&#8220; Produkte aus Italien, mit denen gezielt kleinere Betriebe unterst\u00fctzt werden, die sich klar gegen die Mafia stellen.<\/p>\n<p>Daneben finden Sie aber auch viele sch\u00f6ne andere Dinge bei uns, sehr gut auch als &#8222;das besondere Geschenk&#8220; geeignet :-). Kerzen, Handarbeiten, Schmuck, Taschen, K\u00f6rbe und viels mehr bieten wir Ihnen an.<\/p>\n<p>Einen kleinen Bereich an Textilien finden Sie auch bei uns &#8211; neben T\u00fcchern, Socken oder Schals bieten wir auch eine Auswahl von fair hergestellten und fair gehandelten T-Shirts und Babyklamotten der Stuttgarter NGO Kipepeo an. Seit Jahren ist Kipepeo ein Vorreiter der fair gehandelten Textilien aus Afrika und wir waren begeistert, dass der Gr\u00fcnder Martin Kluck einen spannenden Vortrag \u00fcber seine Arbeit in unserem Weltladen hielt.<\/p>\n<p>F\u00fcr Geschenkideen bieten wir viele M\u00f6glichkeiten mit Geschenkk\u00f6rben, die Sie ganz individuell zusammenstellen k\u00f6nnen oder ganz einfach mit einem Geschenkgutschein, den Sie im Laden erhalten k\u00f6nnen.<\/p>\n<p>&nbsp;<\/p>\n<p><img loading=\"lazy\" decoding=\"async\" class=\"wp-image-679 alignleft\" src=\"https:\/\/weltlaeden.de\/rimpar\/wp-content\/uploads\/sites\/199\/2023\/02\/Weltladen-Weihnachtszauber-1-225x300.jpg\" alt=\"\" width=\"225\" height=\"300\" srcset=\"https:\/\/weltlaeden.de\/rimpar\/wp-content\/uploads\/sites\/199\/2023\/02\/Weltladen-Weihnachtszauber-1-225x300.jpg 225w, https:\/\/weltlaeden.de\/rimpar\/wp-content\/uploads\/sites\/199\/2023\/02\/Weltladen-Weihnachtszauber-1-768x1024.jpg 768w, https:\/\/weltlaeden.de\/rimpar\/wp-content\/uploads\/sites\/199\/2023\/02\/Weltladen-Weihnachtszauber-1-1152x1536.jpg 1152w, https:\/\/weltlaeden.de\/rimpar\/wp-content\/uploads\/sites\/199\/2023\/02\/Weltladen-Weihnachtszauber-1.jpg 1536w\" sizes=\"auto, (max-width: 225px) 100vw, 225px\" \/><img loading=\"lazy\" decoding=\"async\" class=\"wp-image-651 alignnone\" src=\"https:\/\/weltlaeden.de\/rimpar\/wp-content\/uploads\/sites\/199\/2023\/02\/Kipepeo-2-300x200.jpg\" alt=\"\" width=\"450\" height=\"300\" srcset=\"https:\/\/weltlaeden.de\/rimpar\/wp-content\/uploads\/sites\/199\/2023\/02\/Kipepeo-2-300x200.jpg 300w, https:\/\/weltlaeden.de\/rimpar\/wp-content\/uploads\/sites\/199\/2023\/02\/Kipepeo-2-1024x683.jpg 1024w, https:\/\/weltlaeden.de\/rimpar\/wp-content\/uploads\/sites\/199\/2023\/02\/Kipepeo-2-768x512.jpg 768w, https:\/\/weltlaeden.de\/rimpar\/wp-content\/uploads\/sites\/199\/2023\/02\/Kipepeo-2-1536x1024.jpg 1536w, https:\/\/weltlaeden.de\/rimpar\/wp-content\/uploads\/sites\/199\/2023\/02\/Kipepeo-2-scaled.jpg 2048w\" sizes=\"auto, (max-width: 450px) 100vw, 450px\" \/><img loading=\"lazy\" decoding=\"async\" class=\"wp-image-645 alignnone\" src=\"https:\/\/weltlaeden.de\/rimpar\/wp-content\/uploads\/sites\/199\/2023\/02\/IMG-20221123-WA0020-300x238.jpg\" alt=\"\" width=\"378\" height=\"300\" \/><img loading=\"lazy\" decoding=\"async\" class=\"wp-image-644 alignnone\" src=\"https:\/\/weltlaeden.de\/rimpar\/wp-content\/uploads\/sites\/199\/2023\/02\/IMG-20221123-WA0013-300x274.jpg\" alt=\"\" width=\"339\" height=\"310\" \/><\/p>\n<p>Weitere Informationen \u00fcber unsere Partner finden Sie in der Rubrik &#8222;Fairer Handel&#8220;\u00a0oder unter<\/p>\n<p><a href=\"https:\/\/www.saindochina.de\/\">https:\/\/www.saindochina.de\/<\/a><\/p>\n<p><a href=\"https:\/\/kepocko.de\/\">https:\/\/kepocko.de\/<\/a><\/p>\n<p><a href=\"https:\/\/www.nobunto.de\/\">https:\/\/www.nobunto.de\/<\/a><\/p>\n<p><a href=\"https:\/\/www.globo-fairtrade.com\/\">https:\/\/www.globo-fairtrade.com\/<\/a><\/p>\n<p><a href=\"https:\/\/www.kipepeo-clothing.com\/\">https:\/\/www.kipepeo-clothing.com\/<\/a><\/p>\n<p>&nbsp;<\/p>\n<p>UNSERE GANZ PERS\u00d6NLICHEN LIEBLINGSPRODUKTE:<\/p>\n<p><img loading=\"lazy\" decoding=\"async\" class=\"alignnone size-medium wp-image-798\" src=\"https:\/\/weltlaeden.de\/rimpar\/wp-content\/uploads\/sites\/199\/2023\/02\/Lieblingsprodukt-Erdnusscreme-300x251.jpg\" alt=\"\" width=\"300\" height=\"251\" srcset=\"https:\/\/weltlaeden.de\/rimpar\/wp-content\/uploads\/sites\/199\/2023\/02\/Lieblingsprodukt-Erdnusscreme-300x251.jpg 300w, https:\/\/weltlaeden.de\/rimpar\/wp-content\/uploads\/sites\/199\/2023\/02\/Lieblingsprodukt-Erdnusscreme-768x644.jpg 768w, https:\/\/weltlaeden.de\/rimpar\/wp-content\/uploads\/sites\/199\/2023\/02\/Lieblingsprodukt-Erdnusscreme.jpg 940w\" sizes=\"auto, (max-width: 300px) 100vw, 300px\" \/><\/p>\n<p><span data-contrast=\"none\">\u201eIch liebe sie, die Erdnusscreme von GEPA aus Nicaragua \u2013 \u00fcbrigens: hergestellt ohne Palm\u00f6l. Tag f\u00fcr Tag freue ich mich auf das dick mit Erdnussbutter bestrichene Fr\u00fchst\u00fccksbrot. Es macht mich (sofort) munter und heiter. Geeignet ist die Creme aber auch zum W\u00fcrzen von Gem\u00fcsesaucen und Fleischgerichten. Ich bevorzuge sie, weil sie nicht so s\u00fc\u00df ist\u2026 wie viele andere aus dem Supermarktregal. Einfach lecker! Probieren geht \u00fcber studieren\u2026\u201c<\/span><\/p>\n<p><span data-contrast=\"none\">Anni Lindner, Mitarbeiterin Weltladen Rimpar e.V.<\/span><span data-ccp-props=\"{&quot;201341983&quot;:0,&quot;335559739&quot;:200,&quot;335559740&quot;:276}\">\u00a0<\/span><\/p>\n<p>&nbsp;<\/p>\n<p><img loading=\"lazy\" decoding=\"async\" class=\"alignnone size-medium wp-image-800\" src=\"https:\/\/weltlaeden.de\/rimpar\/wp-content\/uploads\/sites\/199\/2023\/02\/Lieblingsprodukt-Kaffee-300x251.jpg\" alt=\"\" width=\"300\" height=\"251\" srcset=\"https:\/\/weltlaeden.de\/rimpar\/wp-content\/uploads\/sites\/199\/2023\/02\/Lieblingsprodukt-Kaffee-300x251.jpg 300w, https:\/\/weltlaeden.de\/rimpar\/wp-content\/uploads\/sites\/199\/2023\/02\/Lieblingsprodukt-Kaffee-768x644.jpg 768w, https:\/\/weltlaeden.de\/rimpar\/wp-content\/uploads\/sites\/199\/2023\/02\/Lieblingsprodukt-Kaffee.jpg 940w\" sizes=\"auto, (max-width: 300px) 100vw, 300px\" \/><\/p>\n<p><span data-contrast=\"none\">\u201eSeit Jahren ist der \u201eBio-Org\u00e1nico mild\u201c von GEPA unser absoluter Lieblingskaffee! Die aus Peru stammende Bohne ist relativ mild im Geschmack, fair gehandelt und die Pads landen nach dem Kaffeegenuss im Biom\u00fcll. Zudem: Der Premium-Hochlandkaffee ist mit \u00d6kostrom langzeitger\u00f6stet und ein Teil des Erl\u00f6ses geht in Bildungs- und Umweltprojekte. Eine rundum super Sache!\u201c\u00a0<\/span><span data-ccp-props=\"{&quot;201341983&quot;:0,&quot;335559739&quot;:0,&quot;335559740&quot;:240}\">\u00a0<\/span><\/p>\n<p><span data-contrast=\"none\">Alex Thumbs, Schriftf\u00fchrer Vorstand Weltladen Rimpar e.V.<\/span><span data-ccp-props=\"{&quot;201341983&quot;:0,&quot;335559739&quot;:0,&quot;335559740&quot;:240}\">\u00a0<\/span><\/p>\n<p>&nbsp;<\/p>\n<p><img loading=\"lazy\" decoding=\"async\" class=\"alignnone size-medium wp-image-803\" src=\"https:\/\/weltlaeden.de\/rimpar\/wp-content\/uploads\/sites\/199\/2023\/02\/Lieblingsprodukt-mafiafrei-300x251.jpg\" alt=\"\" width=\"300\" height=\"251\" srcset=\"https:\/\/weltlaeden.de\/rimpar\/wp-content\/uploads\/sites\/199\/2023\/02\/Lieblingsprodukt-mafiafrei-300x251.jpg 300w, https:\/\/weltlaeden.de\/rimpar\/wp-content\/uploads\/sites\/199\/2023\/02\/Lieblingsprodukt-mafiafrei-768x644.jpg 768w, https:\/\/weltlaeden.de\/rimpar\/wp-content\/uploads\/sites\/199\/2023\/02\/Lieblingsprodukt-mafiafrei.jpg 940w\" sizes=\"auto, (max-width: 300px) 100vw, 300px\" \/><\/p>\n<p><span data-contrast=\"none\">\u201eAuf Sizilien bezahlen vier von f\u00fcnf Gesch\u00e4ften Schutzgeld an die Mafia \u2013 den sogenannten \u201ePizzo\u201c. Mit Sozialkooperativen bietet der Staat der Mafia die Stirn. Ich finde diese Projekte eine tolle Sache! Der Weltladen in Rimpar unterst\u00fctzt im Moment drei dieser Kooperativen. Im Angebot sind: Marmeladen, Nudeln, Saucen, Weine, Geb\u00e4ck und andere Spezialit\u00e4ten (alle Produkte aus kontrolliert biologischem Anbau). Ich schw\u00e4rme vor allem f\u00fcr die Marmeladen. Ein beispielloser Genuss\u2026\u201c<\/span><span data-ccp-props=\"{&quot;201341983&quot;:0,&quot;335559739&quot;:0,&quot;335559740&quot;:240}\">\u00a0<\/span><\/p>\n<p><span data-contrast=\"none\">Eva Schorno, Revisorin Weltladen Rimpar e.V.<\/span><span data-ccp-props=\"{&quot;201341983&quot;:0,&quot;335559739&quot;:0,&quot;335559740&quot;:240}\">\u00a0<\/span><\/p>\n<p>&nbsp;<\/p>\n<p><img loading=\"lazy\" decoding=\"async\" class=\"alignnone size-medium wp-image-801\" src=\"https:\/\/weltlaeden.de\/rimpar\/wp-content\/uploads\/sites\/199\/2023\/02\/LIeblingsprodukt-Kakao-300x251.jpg\" alt=\"\" width=\"300\" height=\"251\" srcset=\"https:\/\/weltlaeden.de\/rimpar\/wp-content\/uploads\/sites\/199\/2023\/02\/LIeblingsprodukt-Kakao-300x251.jpg 300w, https:\/\/weltlaeden.de\/rimpar\/wp-content\/uploads\/sites\/199\/2023\/02\/LIeblingsprodukt-Kakao-768x644.jpg 768w, https:\/\/weltlaeden.de\/rimpar\/wp-content\/uploads\/sites\/199\/2023\/02\/LIeblingsprodukt-Kakao.jpg 940w\" sizes=\"auto, (max-width: 300px) 100vw, 300px\" \/><\/p>\n<p><span data-contrast=\"none\">\u201eMein Liebling im Weltladen ist das Schokoladenpulver Kakao Chai von WeltPartner. Die veganen Zutaten (Kakao, Rohrzucker, Chai-Gew\u00fcrze) werden biologisch in Paraguay angebaut und fair vermarktet. Diesen Kakao Chai genie\u00dfe ich t\u00e4glich. Er ist, in Kombination mit dem entkoffeinierten Caf\u00e9 Benita von GEPA, mein nachmitt\u00e4glicher Muntermacher, der mir den Schwung f\u00fcr die zweite Tagesh\u00e4lfte verschafft. Kakao Chai empfiehlt sich auch im Sommer als eisgek\u00fchlte Erfrischung. Und vielen schokoladenen Desserts verleiht er eine besondere Note. Inspirierend!\u201c<\/span><span data-ccp-props=\"{&quot;201341983&quot;:0,&quot;335559739&quot;:0,&quot;335559740&quot;:240}\">\u00a0<\/span><\/p>\n<p><span data-contrast=\"none\">Roswitha Mehling, Mitarbeiterin Weltladen Rimpar e.V.<\/span><span data-ccp-props=\"{&quot;201341983&quot;:0,&quot;335559739&quot;:0,&quot;335559740&quot;:240}\">\u00a0<\/span><\/p>\n<p>&nbsp;<\/p>\n<p><img loading=\"lazy\" decoding=\"async\" class=\"alignnone size-medium wp-image-799\" src=\"https:\/\/weltlaeden.de\/rimpar\/wp-content\/uploads\/sites\/199\/2023\/02\/Lieblingsprodukt-Gewuerze-300x251.jpg\" alt=\"\" width=\"300\" height=\"251\" srcset=\"https:\/\/weltlaeden.de\/rimpar\/wp-content\/uploads\/sites\/199\/2023\/02\/Lieblingsprodukt-Gewuerze-300x251.jpg 300w, https:\/\/weltlaeden.de\/rimpar\/wp-content\/uploads\/sites\/199\/2023\/02\/Lieblingsprodukt-Gewuerze-768x644.jpg 768w, https:\/\/weltlaeden.de\/rimpar\/wp-content\/uploads\/sites\/199\/2023\/02\/Lieblingsprodukt-Gewuerze.jpg 940w\" sizes=\"auto, (max-width: 300px) 100vw, 300px\" \/><\/p>\n<p><span data-contrast=\"none\">\u201eDer Weltladen in Rimpar bietet ein breites Gew\u00fcrz-Sortiment von Life Earth an \u2013 fair gehandelt und aus Bio-Anbau. Mein absoluter Liebling ist Kurkuma Latte. In Milch einger\u00fchrt\u2026 ein Highlight. Zu Recht wird der Mix \u201eGoldene Milch\u201c genannt. Das sehr k\u00f6stliche und \u00fcberaus gesunde Getr\u00e4nk bringt die Kraft der Sonne auch im tr\u00fcben Winter ins Wohnzimmer. Entdecken Sie dieses K\u00f6rper und Seele w\u00e4rmende Getr\u00e4nk!\u201c<\/span><span data-ccp-props=\"{&quot;201341983&quot;:0,&quot;335559739&quot;:0,&quot;335559740&quot;:240}\">\u00a0<\/span><\/p>\n<p><span data-contrast=\"none\">Anne Kranewitter, Mitarbeiterin Weltladen Rimpar e.V.<\/span><span data-ccp-props=\"{&quot;201341983&quot;:0,&quot;335559739&quot;:0,&quot;335559740&quot;:240}\">\u00a0<\/span><\/p>\n<p>&nbsp;<\/p>\n<p><img loading=\"lazy\" decoding=\"async\" class=\"alignnone size-medium wp-image-802\" src=\"https:\/\/weltlaeden.de\/rimpar\/wp-content\/uploads\/sites\/199\/2023\/02\/Lieblingsprodukt-Kerzen-300x251.jpg\" alt=\"\" width=\"300\" height=\"251\" srcset=\"https:\/\/weltlaeden.de\/rimpar\/wp-content\/uploads\/sites\/199\/2023\/02\/Lieblingsprodukt-Kerzen-300x251.jpg 300w, https:\/\/weltlaeden.de\/rimpar\/wp-content\/uploads\/sites\/199\/2023\/02\/Lieblingsprodukt-Kerzen-768x644.jpg 768w, https:\/\/weltlaeden.de\/rimpar\/wp-content\/uploads\/sites\/199\/2023\/02\/Lieblingsprodukt-Kerzen.jpg 940w\" sizes=\"auto, (max-width: 300px) 100vw, 300px\" \/><\/p>\n<p><span data-contrast=\"none\">\u201eIch bin gern Feuer und Flamme. Kerzenlicht inspiriert mich. Die guten Gedanken kommen geflogen&#8230;Im Weltladen gibt&#8217;s diese Zauberlichter in verschiedenen Farben. Sie sind handgezogen, handbemalt. Produziert von Fair-Trade-Manufakturen in Indonesien, S\u00fcdafrika, Indien&#8230; Es ist die richtige Zeit \u2013 bald Weihnachten. \u201cIhr Licht\u201d im Weltladen Rimpar steht bereit!\u201d\u00a0<\/span><span data-ccp-props=\"{&quot;201341983&quot;:0,&quot;335559739&quot;:0,&quot;335559740&quot;:240}\">\u00a0<\/span><\/p>\n<p><span data-contrast=\"none\">Xaver Schorno, 2. Vorsitzender Weltladen Rimpar e.V.<\/span><span data-ccp-props=\"{&quot;201341983&quot;:0,&quot;335559739&quot;:0,&quot;335559740&quot;:240}\">\u00a0<\/span>[\/vc_column_text][vc_empty_space][\/vc_column][\/vc_row]<\/p>\n<\/div>","protected":false},"excerpt":{"rendered":"<p>[vc_row][vc_column][vc_empty_space][vc_column_text] Unser Sortiment [\/vc_column_text][vc_column_text]Bei uns finden Sie eine gro\u00dfe Auswahl an ganz unterschiedlichen fair gehandelten Produkten! Unsere Kaffeespezialit\u00e4ten kommen aus der ganzen Welt &#8211; teilweise sogar beim sog. &#8222;Segelkaffee&#8220; ohne CO2-Aussto\u00df beim Transport, da der Kaffee aus S\u00fcdamerika per Segelschiff geliefert wird. Aber auch Kaffee aus Afrika (in Zusammenarbeit mit W\u00fcPaKa &#8211; W\u00fcrzburger Partnerkaffee) und&hellip;<\/p>\n","protected":false},"author":1,"featured_media":0,"parent":0,"menu_order":6,"comment_status":"closed","ping_status":"closed","template":"","meta":{"footnotes":""},"class_list":["post-217","page","type-page","status-publish","hentry","description-off"],"yoast_head":"<!-- This site is optimized with the Yoast SEO plugin v26.8 - https:\/\/yoast.com\/product\/yoast-seo-wordpress\/ -->\n<title>Produkte - Weltladen Rimpar<\/title>\n<meta name=\"robots\" content=\"index, follow, max-snippet:-1, max-image-preview:large, max-video-preview:-1\" \/>\n<link rel=\"canonical\" href=\"https:\/\/weltlaeden.de\/rimpar\/produkte\/\" \/>\n<meta property=\"og:locale\" content=\"de_DE\" \/>\n<meta property=\"og:type\" content=\"article\" \/>\n<meta property=\"og:title\" content=\"Produkte - Weltladen Rimpar\" \/>\n<meta property=\"og:description\" content=\"[vc_row][vc_column][vc_empty_space][vc_column_text] Unser Sortiment [\/vc_column_text][vc_column_text]Bei uns finden Sie eine gro\u00dfe Auswahl an ganz unterschiedlichen fair gehandelten Produkten! Unsere Kaffeespezialit\u00e4ten kommen aus der ganzen Welt &#8211; teilweise sogar beim sog. &#8222;Segelkaffee&#8220; ohne CO2-Aussto\u00df beim Transport, da der Kaffee aus S\u00fcdamerika per Segelschiff geliefert wird. Aber auch Kaffee aus Afrika (in Zusammenarbeit mit W\u00fcPaKa &#8211; W\u00fcrzburger Partnerkaffee) und&hellip;\" \/>\n<meta property=\"og:url\" content=\"https:\/\/weltlaeden.de\/rimpar\/produkte\/\" \/>\n<meta property=\"og:site_name\" content=\"Weltladen Rimpar\" \/>\n<meta property=\"article:modified_time\" content=\"2023-02-03T12:07:23+00:00\" \/>\n<meta property=\"og:image\" content=\"https:\/\/weltlaeden.de\/rimpar\/wp-content\/uploads\/sites\/199\/2023\/02\/IMG-20221123-WA0009-225x300.jpg\" \/>\n<meta name=\"twitter:card\" content=\"summary_large_image\" \/>\n<meta name=\"twitter:label1\" content=\"Gesch\u00e4tzte Lesezeit\" \/>\n\t<meta name=\"twitter:data1\" content=\"7\u00a0Minuten\" \/>\n<script type=\"application\/ld+json\" class=\"yoast-schema-graph\">{\"@context\":\"https:\/\/schema.org\",\"@graph\":[{\"@type\":\"WebPage\",\"@id\":\"https:\/\/weltlaeden.de\/rimpar\/produkte\/\",\"url\":\"https:\/\/weltlaeden.de\/rimpar\/produkte\/\",\"name\":\"Produkte - Weltladen Rimpar\",\"isPartOf\":{\"@id\":\"https:\/\/weltlaeden.de\/rimpar\/#website\"},\"primaryImageOfPage\":{\"@id\":\"https:\/\/weltlaeden.de\/rimpar\/produkte\/#primaryimage\"},\"image\":{\"@id\":\"https:\/\/weltlaeden.de\/rimpar\/produkte\/#primaryimage\"},\"thumbnailUrl\":\"https:\/\/weltlaeden.de\/rimpar\/wp-content\/uploads\/sites\/199\/2023\/02\/IMG-20221123-WA0009-225x300.jpg\",\"datePublished\":\"2016-10-28T11:34:47+00:00\",\"dateModified\":\"2023-02-03T12:07:23+00:00\",\"breadcrumb\":{\"@id\":\"https:\/\/weltlaeden.de\/rimpar\/produkte\/#breadcrumb\"},\"inLanguage\":\"de\",\"potentialAction\":[{\"@type\":\"ReadAction\",\"target\":[\"https:\/\/weltlaeden.de\/rimpar\/produkte\/\"]}]},{\"@type\":\"ImageObject\",\"inLanguage\":\"de\",\"@id\":\"https:\/\/weltlaeden.de\/rimpar\/produkte\/#primaryimage\",\"url\":\"https:\/\/weltlaeden.de\/rimpar\/wp-content\/uploads\/sites\/199\/2023\/02\/IMG-20221123-WA0009.jpg\",\"contentUrl\":\"https:\/\/weltlaeden.de\/rimpar\/wp-content\/uploads\/sites\/199\/2023\/02\/IMG-20221123-WA0009.jpg\",\"width\":1536,\"height\":2048},{\"@type\":\"BreadcrumbList\",\"@id\":\"https:\/\/weltlaeden.de\/rimpar\/produkte\/#breadcrumb\",\"itemListElement\":[{\"@type\":\"ListItem\",\"position\":1,\"name\":\"Startseite\",\"item\":\"https:\/\/weltlaeden.de\/rimpar\/\"},{\"@type\":\"ListItem\",\"position\":2,\"name\":\"Produkte\"}]},{\"@type\":\"WebSite\",\"@id\":\"https:\/\/weltlaeden.de\/rimpar\/#website\",\"url\":\"https:\/\/weltlaeden.de\/rimpar\/\",\"name\":\"Weltladen Rimpar\",\"description\":\"Faire Produkte seit 2020\",\"potentialAction\":[{\"@type\":\"SearchAction\",\"target\":{\"@type\":\"EntryPoint\",\"urlTemplate\":\"https:\/\/weltlaeden.de\/rimpar\/?s={search_term_string}\"},\"query-input\":{\"@type\":\"PropertyValueSpecification\",\"valueRequired\":true,\"valueName\":\"search_term_string\"}}],\"inLanguage\":\"de\"}]}<\/script>\n<!-- \/ Yoast SEO plugin. -->","yoast_head_json":{"title":"Produkte - Weltladen Rimpar","robots":{"index":"index","follow":"follow","max-snippet":"max-snippet:-1","max-image-preview":"max-image-preview:large","max-video-preview":"max-video-preview:-1"},"canonical":"https:\/\/weltlaeden.de\/rimpar\/produkte\/","og_locale":"de_DE","og_type":"article","og_title":"Produkte - Weltladen Rimpar","og_description":"[vc_row][vc_column][vc_empty_space][vc_column_text] Unser Sortiment [\/vc_column_text][vc_column_text]Bei uns finden Sie eine gro\u00dfe Auswahl an ganz unterschiedlichen fair gehandelten Produkten! Unsere Kaffeespezialit\u00e4ten kommen aus der ganzen Welt &#8211; teilweise sogar beim sog. &#8222;Segelkaffee&#8220; ohne CO2-Aussto\u00df beim Transport, da der Kaffee aus S\u00fcdamerika per Segelschiff geliefert wird. Aber auch Kaffee aus Afrika (in Zusammenarbeit mit W\u00fcPaKa &#8211; W\u00fcrzburger Partnerkaffee) und&hellip;","og_url":"https:\/\/weltlaeden.de\/rimpar\/produkte\/","og_site_name":"Weltladen Rimpar","article_modified_time":"2023-02-03T12:07:23+00:00","og_image":[{"url":"https:\/\/weltlaeden.de\/rimpar\/wp-content\/uploads\/sites\/199\/2023\/02\/IMG-20221123-WA0009-225x300.jpg","type":"","width":"","height":""}],"twitter_card":"summary_large_image","twitter_misc":{"Gesch\u00e4tzte Lesezeit":"7\u00a0Minuten"},"schema":{"@context":"https:\/\/schema.org","@graph":[{"@type":"WebPage","@id":"https:\/\/weltlaeden.de\/rimpar\/produkte\/","url":"https:\/\/weltlaeden.de\/rimpar\/produkte\/","name":"Produkte - Weltladen Rimpar","isPartOf":{"@id":"https:\/\/weltlaeden.de\/rimpar\/#website"},"primaryImageOfPage":{"@id":"https:\/\/weltlaeden.de\/rimpar\/produkte\/#primaryimage"},"image":{"@id":"https:\/\/weltlaeden.de\/rimpar\/produkte\/#primaryimage"},"thumbnailUrl":"https:\/\/weltlaeden.de\/rimpar\/wp-content\/uploads\/sites\/199\/2023\/02\/IMG-20221123-WA0009-225x300.jpg","datePublished":"2016-10-28T11:34:47+00:00","dateModified":"2023-02-03T12:07:23+00:00","breadcrumb":{"@id":"https:\/\/weltlaeden.de\/rimpar\/produkte\/#breadcrumb"},"inLanguage":"de","potentialAction":[{"@type":"ReadAction","target":["https:\/\/weltlaeden.de\/rimpar\/produkte\/"]}]},{"@type":"ImageObject","inLanguage":"de","@id":"https:\/\/weltlaeden.de\/rimpar\/produkte\/#primaryimage","url":"https:\/\/weltlaeden.de\/rimpar\/wp-content\/uploads\/sites\/199\/2023\/02\/IMG-20221123-WA0009.jpg","contentUrl":"https:\/\/weltlaeden.de\/rimpar\/wp-content\/uploads\/sites\/199\/2023\/02\/IMG-20221123-WA0009.jpg","width":1536,"height":2048},{"@type":"BreadcrumbList","@id":"https:\/\/weltlaeden.de\/rimpar\/produkte\/#breadcrumb","itemListElement":[{"@type":"ListItem","position":1,"name":"Startseite","item":"https:\/\/weltlaeden.de\/rimpar\/"},{"@type":"ListItem","position":2,"name":"Produkte"}]},{"@type":"WebSite","@id":"https:\/\/weltlaeden.de\/rimpar\/#website","url":"https:\/\/weltlaeden.de\/rimpar\/","name":"Weltladen Rimpar","description":"Faire Produkte seit 2020","potentialAction":[{"@type":"SearchAction","target":{"@type":"EntryPoint","urlTemplate":"https:\/\/weltlaeden.de\/rimpar\/?s={search_term_string}"},"query-input":{"@type":"PropertyValueSpecification","valueRequired":true,"valueName":"search_term_string"}}],"inLanguage":"de"}]}},"_links":{"self":[{"href":"https:\/\/weltlaeden.de\/rimpar\/wp-json\/wp\/v2\/pages\/217","targetHints":{"allow":["GET"]}}],"collection":[{"href":"https:\/\/weltlaeden.de\/rimpar\/wp-json\/wp\/v2\/pages"}],"about":[{"href":"https:\/\/weltlaeden.de\/rimpar\/wp-json\/wp\/v2\/types\/page"}],"author":[{"embeddable":true,"href":"https:\/\/weltlaeden.de\/rimpar\/wp-json\/wp\/v2\/users\/1"}],"replies":[{"embeddable":true,"href":"https:\/\/weltlaeden.de\/rimpar\/wp-json\/wp\/v2\/comments?post=217"}],"version-history":[{"count":17,"href":"https:\/\/weltlaeden.de\/rimpar\/wp-json\/wp\/v2\/pages\/217\/revisions"}],"predecessor-version":[{"id":806,"href":"https:\/\/weltlaeden.de\/rimpar\/wp-json\/wp\/v2\/pages\/217\/revisions\/806"}],"wp:attachment":[{"href":"https:\/\/weltlaeden.de\/rimpar\/wp-json\/wp\/v2\/media?parent=217"}],"curies":[{"name":"wp","href":"https:\/\/api.w.org\/{rel}","templated":true}]}}