{"id":20,"date":"2016-10-14T09:05:21","date_gmt":"2016-10-14T07:05:21","guid":{"rendered":"https:\/\/wl.heimpixel.de\/vorlage\/weltladen-musterdorf\/"},"modified":"2026-01-13T15:08:41","modified_gmt":"2026-01-13T14:08:41","slug":"weltladen-rimpar","status":"publish","type":"page","link":"https:\/\/weltlaeden.de\/rimpar\/","title":{"rendered":"Weltladen Rimpar"},"content":{"rendered":"<h2><span style=\"color: #008080\"><strong><img loading=\"lazy\" decoding=\"async\" class=\"alignnone size-full wp-image-1481\" src=\"https:\/\/weltlaeden.de\/rimpar\/wp-content\/uploads\/sites\/199\/2026\/01\/Jubel-Schoki-Kaffee-by-Eva-Schorno-scaled.jpg\" alt=\"\" width=\"2560\" height=\"1990\" srcset=\"https:\/\/weltlaeden.de\/rimpar\/wp-content\/uploads\/sites\/199\/2026\/01\/Jubel-Schoki-Kaffee-by-Eva-Schorno-scaled.jpg 2560w, https:\/\/weltlaeden.de\/rimpar\/wp-content\/uploads\/sites\/199\/2026\/01\/Jubel-Schoki-Kaffee-by-Eva-Schorno-300x233.jpg 300w, https:\/\/weltlaeden.de\/rimpar\/wp-content\/uploads\/sites\/199\/2026\/01\/Jubel-Schoki-Kaffee-by-Eva-Schorno-1024x796.jpg 1024w, https:\/\/weltlaeden.de\/rimpar\/wp-content\/uploads\/sites\/199\/2026\/01\/Jubel-Schoki-Kaffee-by-Eva-Schorno-768x597.jpg 768w, https:\/\/weltlaeden.de\/rimpar\/wp-content\/uploads\/sites\/199\/2026\/01\/Jubel-Schoki-Kaffee-by-Eva-Schorno-1536x1194.jpg 1536w, https:\/\/weltlaeden.de\/rimpar\/wp-content\/uploads\/sites\/199\/2026\/01\/Jubel-Schoki-Kaffee-by-Eva-Schorno-2048x1592.jpg 2048w\" sizes=\"auto, (max-width: 2560px) 100vw, 2560px\" \/><\/strong><\/span><\/h2>\n<h2><span style=\"color: #339966\"><strong>RIMPAR feiert 900 Jahre &#8211; und wir feiern mit! <\/strong><strong>Schokolade und Kaffee lassen Fairtrade-Fans jubeln&#8230;<\/strong><\/span><\/h2>\n<h3>Rimpar hat einiges Besondere f\u00fcr Leib und Magen zu bieten anl\u00e4sslich des 900. Ortsjubil\u00e4ums, das wir in diesem Jahr miteinander feiern. Wein und Secco unserer Winzer, Geb\u00e4ck mit Jubil\u00e4umslogo der B\u00e4ckerei Brandstetter \u2013 und nun auch Fairtrade-Schokolade und Kaffee mit eigens entworfenen Jubil\u00e4umsetiketten.<\/h3>\n","protected":false},"excerpt":{"rendered":"<p>RIMPAR feiert 900 Jahre &#8211; und wir feiern mit! Schokolade und Kaffee lassen Fairtrade-Fans jubeln&#8230; Rimpar hat einiges Besondere f\u00fcr Leib und Magen zu bieten anl\u00e4sslich des 900. Ortsjubil\u00e4ums, das wir in diesem Jahr miteinander feiern. Wein und Secco unserer Winzer, Geb\u00e4ck mit Jubil\u00e4umslogo der B\u00e4ckerei Brandstetter \u2013 und nun auch Fairtrade-Schokolade und Kaffee mit&hellip;<\/p>\n","protected":false},"author":1,"featured_media":0,"parent":0,"menu_order":0,"comment_status":"closed","ping_status":"closed","template":"","meta":{"footnotes":""},"class_list":["post-20","page","type-page","status-publish","hentry","description-off"],"yoast_head":"<!-- This site is optimized with the Yoast SEO plugin v26.8 - https:\/\/yoast.com\/product\/yoast-seo-wordpress\/ -->\n<title>Weltladen Rimpar - Weltladen Rimpar<\/title>\n<meta name=\"robots\" content=\"index, follow, max-snippet:-1, max-image-preview:large, max-video-preview:-1\" \/>\n<link rel=\"canonical\" href=\"https:\/\/weltlaeden.de\/rimpar\/\" \/>\n<meta property=\"og:locale\" content=\"de_DE\" \/>\n<meta property=\"og:type\" content=\"article\" \/>\n<meta property=\"og:title\" content=\"Weltladen Rimpar - Weltladen Rimpar\" \/>\n<meta property=\"og:description\" content=\"RIMPAR feiert 900 Jahre &#8211; und wir feiern mit! Schokolade und Kaffee lassen Fairtrade-Fans jubeln&#8230; Rimpar hat einiges Besondere f\u00fcr Leib und Magen zu bieten anl\u00e4sslich des 900. Ortsjubil\u00e4ums, das wir in diesem Jahr miteinander feiern. Wein und Secco unserer Winzer, Geb\u00e4ck mit Jubil\u00e4umslogo der B\u00e4ckerei Brandstetter \u2013 und nun auch Fairtrade-Schokolade und Kaffee mit&hellip;\" \/>\n<meta property=\"og:url\" content=\"https:\/\/weltlaeden.de\/rimpar\/\" \/>\n<meta property=\"og:site_name\" content=\"Weltladen Rimpar\" \/>\n<meta property=\"article:modified_time\" content=\"2026-01-13T14:08:41+00:00\" \/>\n<meta property=\"og:image\" content=\"https:\/\/weltlaeden.de\/rimpar\/wp-content\/uploads\/sites\/199\/2026\/01\/Jubel-Schoki-Kaffee-by-Eva-Schorno-scaled.jpg\" \/>\n\t<meta property=\"og:image:width\" content=\"2560\" \/>\n\t<meta property=\"og:image:height\" content=\"1990\" \/>\n\t<meta property=\"og:image:type\" content=\"image\/jpeg\" \/>\n<meta name=\"twitter:card\" content=\"summary_large_image\" \/>\n<meta name=\"twitter:label1\" content=\"Gesch\u00e4tzte Lesezeit\" \/>\n\t<meta name=\"twitter:data1\" content=\"1\u00a0Minute\" \/>\n<script type=\"application\/ld+json\" class=\"yoast-schema-graph\">{\"@context\":\"https:\/\/schema.org\",\"@graph\":[{\"@type\":\"WebPage\",\"@id\":\"https:\/\/weltlaeden.de\/rimpar\/\",\"url\":\"https:\/\/weltlaeden.de\/rimpar\/\",\"name\":\"Weltladen Rimpar - Weltladen Rimpar\",\"isPartOf\":{\"@id\":\"https:\/\/weltlaeden.de\/rimpar\/#website\"},\"primaryImageOfPage\":{\"@id\":\"https:\/\/weltlaeden.de\/rimpar\/#primaryimage\"},\"image\":{\"@id\":\"https:\/\/weltlaeden.de\/rimpar\/#primaryimage\"},\"thumbnailUrl\":\"https:\/\/weltlaeden.de\/rimpar\/wp-content\/uploads\/sites\/199\/2026\/01\/Jubel-Schoki-Kaffee-by-Eva-Schorno-scaled.jpg\",\"datePublished\":\"2016-10-14T07:05:21+00:00\",\"dateModified\":\"2026-01-13T14:08:41+00:00\",\"breadcrumb\":{\"@id\":\"https:\/\/weltlaeden.de\/rimpar\/#breadcrumb\"},\"inLanguage\":\"de\",\"potentialAction\":[{\"@type\":\"ReadAction\",\"target\":[\"https:\/\/weltlaeden.de\/rimpar\/\"]}]},{\"@type\":\"ImageObject\",\"inLanguage\":\"de\",\"@id\":\"https:\/\/weltlaeden.de\/rimpar\/#primaryimage\",\"url\":\"https:\/\/weltlaeden.de\/rimpar\/wp-content\/uploads\/sites\/199\/2026\/01\/Jubel-Schoki-Kaffee-by-Eva-Schorno-scaled.jpg\",\"contentUrl\":\"https:\/\/weltlaeden.de\/rimpar\/wp-content\/uploads\/sites\/199\/2026\/01\/Jubel-Schoki-Kaffee-by-Eva-Schorno-scaled.jpg\",\"width\":2560,\"height\":1990},{\"@type\":\"BreadcrumbList\",\"@id\":\"https:\/\/weltlaeden.de\/rimpar\/#breadcrumb\",\"itemListElement\":[{\"@type\":\"ListItem\",\"position\":1,\"name\":\"Startseite\",\"item\":\"https:\/\/weltlaeden.de\/rimpar\/\"},{\"@type\":\"ListItem\",\"position\":2,\"name\":\"Weltladen Rimpar\"}]},{\"@type\":\"WebSite\",\"@id\":\"https:\/\/weltlaeden.de\/rimpar\/#website\",\"url\":\"https:\/\/weltlaeden.de\/rimpar\/\",\"name\":\"Weltladen Rimpar\",\"description\":\"Faire Produkte seit 2020\",\"potentialAction\":[{\"@type\":\"SearchAction\",\"target\":{\"@type\":\"EntryPoint\",\"urlTemplate\":\"https:\/\/weltlaeden.de\/rimpar\/?s={search_term_string}\"},\"query-input\":{\"@type\":\"PropertyValueSpecification\",\"valueRequired\":true,\"valueName\":\"search_term_string\"}}],\"inLanguage\":\"de\"}]}<\/script>\n<!-- \/ Yoast SEO plugin. -->","yoast_head_json":{"title":"Weltladen Rimpar - Weltladen Rimpar","robots":{"index":"index","follow":"follow","max-snippet":"max-snippet:-1","max-image-preview":"max-image-preview:large","max-video-preview":"max-video-preview:-1"},"canonical":"https:\/\/weltlaeden.de\/rimpar\/","og_locale":"de_DE","og_type":"article","og_title":"Weltladen Rimpar - Weltladen Rimpar","og_description":"RIMPAR feiert 900 Jahre &#8211; und wir feiern mit! Schokolade und Kaffee lassen Fairtrade-Fans jubeln&#8230; Rimpar hat einiges Besondere f\u00fcr Leib und Magen zu bieten anl\u00e4sslich des 900. Ortsjubil\u00e4ums, das wir in diesem Jahr miteinander feiern. Wein und Secco unserer Winzer, Geb\u00e4ck mit Jubil\u00e4umslogo der B\u00e4ckerei Brandstetter \u2013 und nun auch Fairtrade-Schokolade und Kaffee mit&hellip;","og_url":"https:\/\/weltlaeden.de\/rimpar\/","og_site_name":"Weltladen Rimpar","article_modified_time":"2026-01-13T14:08:41+00:00","og_image":[{"width":2560,"height":1990,"url":"https:\/\/weltlaeden.de\/rimpar\/wp-content\/uploads\/sites\/199\/2026\/01\/Jubel-Schoki-Kaffee-by-Eva-Schorno-scaled.jpg","type":"image\/jpeg"}],"twitter_card":"summary_large_image","twitter_misc":{"Gesch\u00e4tzte Lesezeit":"1\u00a0Minute"},"schema":{"@context":"https:\/\/schema.org","@graph":[{"@type":"WebPage","@id":"https:\/\/weltlaeden.de\/rimpar\/","url":"https:\/\/weltlaeden.de\/rimpar\/","name":"Weltladen Rimpar - Weltladen Rimpar","isPartOf":{"@id":"https:\/\/weltlaeden.de\/rimpar\/#website"},"primaryImageOfPage":{"@id":"https:\/\/weltlaeden.de\/rimpar\/#primaryimage"},"image":{"@id":"https:\/\/weltlaeden.de\/rimpar\/#primaryimage"},"thumbnailUrl":"https:\/\/weltlaeden.de\/rimpar\/wp-content\/uploads\/sites\/199\/2026\/01\/Jubel-Schoki-Kaffee-by-Eva-Schorno-scaled.jpg","datePublished":"2016-10-14T07:05:21+00:00","dateModified":"2026-01-13T14:08:41+00:00","breadcrumb":{"@id":"https:\/\/weltlaeden.de\/rimpar\/#breadcrumb"},"inLanguage":"de","potentialAction":[{"@type":"ReadAction","target":["https:\/\/weltlaeden.de\/rimpar\/"]}]},{"@type":"ImageObject","inLanguage":"de","@id":"https:\/\/weltlaeden.de\/rimpar\/#primaryimage","url":"https:\/\/weltlaeden.de\/rimpar\/wp-content\/uploads\/sites\/199\/2026\/01\/Jubel-Schoki-Kaffee-by-Eva-Schorno-scaled.jpg","contentUrl":"https:\/\/weltlaeden.de\/rimpar\/wp-content\/uploads\/sites\/199\/2026\/01\/Jubel-Schoki-Kaffee-by-Eva-Schorno-scaled.jpg","width":2560,"height":1990},{"@type":"BreadcrumbList","@id":"https:\/\/weltlaeden.de\/rimpar\/#breadcrumb","itemListElement":[{"@type":"ListItem","position":1,"name":"Startseite","item":"https:\/\/weltlaeden.de\/rimpar\/"},{"@type":"ListItem","position":2,"name":"Weltladen Rimpar"}]},{"@type":"WebSite","@id":"https:\/\/weltlaeden.de\/rimpar\/#website","url":"https:\/\/weltlaeden.de\/rimpar\/","name":"Weltladen Rimpar","description":"Faire Produkte seit 2020","potentialAction":[{"@type":"SearchAction","target":{"@type":"EntryPoint","urlTemplate":"https:\/\/weltlaeden.de\/rimpar\/?s={search_term_string}"},"query-input":{"@type":"PropertyValueSpecification","valueRequired":true,"valueName":"search_term_string"}}],"inLanguage":"de"}]}},"_links":{"self":[{"href":"https:\/\/weltlaeden.de\/rimpar\/wp-json\/wp\/v2\/pages\/20","targetHints":{"allow":["GET"]}}],"collection":[{"href":"https:\/\/weltlaeden.de\/rimpar\/wp-json\/wp\/v2\/pages"}],"about":[{"href":"https:\/\/weltlaeden.de\/rimpar\/wp-json\/wp\/v2\/types\/page"}],"author":[{"embeddable":true,"href":"https:\/\/weltlaeden.de\/rimpar\/wp-json\/wp\/v2\/users\/1"}],"replies":[{"embeddable":true,"href":"https:\/\/weltlaeden.de\/rimpar\/wp-json\/wp\/v2\/comments?post=20"}],"version-history":[{"count":88,"href":"https:\/\/weltlaeden.de\/rimpar\/wp-json\/wp\/v2\/pages\/20\/revisions"}],"predecessor-version":[{"id":1483,"href":"https:\/\/weltlaeden.de\/rimpar\/wp-json\/wp\/v2\/pages\/20\/revisions\/1483"}],"wp:attachment":[{"href":"https:\/\/weltlaeden.de\/rimpar\/wp-json\/wp\/v2\/media?parent=20"}],"curies":[{"name":"wp","href":"https:\/\/api.w.org\/{rel}","templated":true}]}}