{"id":792,"date":"2019-07-29T17:21:18","date_gmt":"2019-07-29T15:21:18","guid":{"rendered":"https:\/\/weltlaeden.de\/reutlingen\/kaffee-10\/"},"modified":"2022-01-08T13:50:03","modified_gmt":"2022-01-08T12:50:03","slug":"schmuck","status":"publish","type":"page","link":"https:\/\/weltlaeden.de\/reutlingen\/schmuck\/","title":{"rendered":"Schmuck"},"content":{"rendered":"<div class=\"wpb-content-wrapper\"><p>[vc_row][vc_column][vc_empty_space][vc_column_text]<\/p>\n<h1>Schmuck<\/h1>\n<p><img loading=\"lazy\" decoding=\"async\" class=\"wp-image-2053 size-full alignleft\" src=\"https:\/\/weltlaeden.de\/reutlingen\/wp-content\/uploads\/sites\/79\/2022\/01\/Produkte_Schmuck_300.png\" alt=\"Fair gehandelter Schmuck\" width=\"300\" height=\"300\" srcset=\"https:\/\/weltlaeden.de\/reutlingen\/wp-content\/uploads\/sites\/79\/2022\/01\/Produkte_Schmuck_300.png 300w, https:\/\/weltlaeden.de\/reutlingen\/wp-content\/uploads\/sites\/79\/2022\/01\/Produkte_Schmuck_300-150x150.png 150w\" sizes=\"auto, (max-width: 300px) 100vw, 300px\" \/><strong>Diese Schmuckst\u00fccke sorgen f\u00fcr <em>Fair<\/em>z\u00fccken!<\/strong><\/p>\n<p>Unser st\u00e4ndig wechselndes Sortiment umfasst<\/p>\n<ul>\n<li>Silberketten, Armb\u00e4nder, Ohrringe und Ringe<\/li>\n<li>Vergoldeter Schmuck<\/li>\n<li>Messingschmuck<\/li>\n<li>Modeschmuck aus Perlen und Naturmaterialien<\/li>\n<li>Upcycling Schmuck<\/li>\n<\/ul>\n<p>Der Schmuck im edlen Design kommt aus verschiedenen Regionen der Welt und wird dort unter gerechten Bedingungen hergestellt und gehandelt. Bei uns finden Sie au\u00dfergew\u00f6hnliche und unverwechselbare St\u00fccke.<br \/>\n<a href=\"https:\/\/weltlaeden.de\/reutlingen\/wp-content\/uploads\/sites\/79\/2022\/01\/Produktinformationen_11_Schmuck.pdf\" target=\"_blank\" rel=\"noopener\"><strong>Information zu fair gehandeltem Schmuck &gt;&gt;<\/strong><\/a>[\/vc_column_text][\/vc_column][\/vc_row]<\/p>\n<\/div>","protected":false},"excerpt":{"rendered":"<p>[vc_row][vc_column][vc_empty_space][vc_column_text] Schmuck Diese Schmuckst\u00fccke sorgen f\u00fcr Fairz\u00fccken! Unser st\u00e4ndig wechselndes Sortiment umfasst Silberketten, Armb\u00e4nder, Ohrringe und Ringe Vergoldeter Schmuck Messingschmuck Modeschmuck aus Perlen und Naturmaterialien Upcycling Schmuck Der Schmuck im edlen Design kommt aus verschiedenen Regionen der Welt und wird dort unter gerechten Bedingungen hergestellt und gehandelt. Bei uns finden Sie au\u00dfergew\u00f6hnliche und unverwechselbare St\u00fccke.&hellip;<\/p>\n","protected":false},"author":14,"featured_media":0,"parent":0,"menu_order":26,"comment_status":"closed","ping_status":"closed","template":"","meta":{"footnotes":""},"class_list":["post-792","page","type-page","status-publish","hentry","description-off"],"yoast_head":"<!-- This site is optimized with the Yoast SEO plugin v26.8 - https:\/\/yoast.com\/product\/yoast-seo-wordpress\/ -->\n<title>Schmuck - Weltladen Reutlingen<\/title>\n<meta name=\"description\" content=\"Unser Schmuck sorgt f\u00fcr Fairz\u00fccken! Ob Modeschmuck aus Naturmaterialien, nachhaltiger Recyclingschmuck oder klassischer Silberschmuck im edlen Design, unser st\u00e4ndig wechselndes Sortiment kommt aus verschiedenen Regionen der Welt und wird dort unter gerechten Bedingungen hergestellt und gehandelt.\" \/>\n<meta name=\"robots\" content=\"index, follow, max-snippet:-1, max-image-preview:large, max-video-preview:-1\" \/>\n<link rel=\"canonical\" href=\"https:\/\/weltlaeden.de\/reutlingen\/schmuck\/\" \/>\n<meta property=\"og:locale\" content=\"de_DE\" \/>\n<meta property=\"og:type\" content=\"article\" \/>\n<meta property=\"og:title\" content=\"Schmuck - Weltladen Reutlingen\" \/>\n<meta property=\"og:description\" content=\"Unser Schmuck sorgt f\u00fcr Fairz\u00fccken! Ob Modeschmuck aus Naturmaterialien, nachhaltiger Recyclingschmuck oder klassischer Silberschmuck im edlen Design, unser st\u00e4ndig wechselndes Sortiment kommt aus verschiedenen Regionen der Welt und wird dort unter gerechten Bedingungen hergestellt und gehandelt.\" \/>\n<meta property=\"og:url\" content=\"https:\/\/weltlaeden.de\/reutlingen\/schmuck\/\" \/>\n<meta property=\"og:site_name\" content=\"Weltladen Reutlingen\" \/>\n<meta property=\"article:modified_time\" content=\"2022-01-08T12:50:03+00:00\" \/>\n<meta property=\"og:image\" content=\"https:\/\/weltlaeden.de\/reutlingen\/wp-content\/uploads\/sites\/79\/2022\/01\/Produkte_Schmuck_300.png\" \/>\n<meta name=\"twitter:card\" content=\"summary_large_image\" \/>\n<script type=\"application\/ld+json\" class=\"yoast-schema-graph\">{\"@context\":\"https:\/\/schema.org\",\"@graph\":[{\"@type\":\"WebPage\",\"@id\":\"https:\/\/weltlaeden.de\/reutlingen\/schmuck\/\",\"url\":\"https:\/\/weltlaeden.de\/reutlingen\/schmuck\/\",\"name\":\"Schmuck - Weltladen Reutlingen\",\"isPartOf\":{\"@id\":\"https:\/\/weltlaeden.de\/reutlingen\/#website\"},\"primaryImageOfPage\":{\"@id\":\"https:\/\/weltlaeden.de\/reutlingen\/schmuck\/#primaryimage\"},\"image\":{\"@id\":\"https:\/\/weltlaeden.de\/reutlingen\/schmuck\/#primaryimage\"},\"thumbnailUrl\":\"https:\/\/weltlaeden.de\/reutlingen\/wp-content\/uploads\/sites\/79\/2022\/01\/Produkte_Schmuck_300.png\",\"datePublished\":\"2019-07-29T15:21:18+00:00\",\"dateModified\":\"2022-01-08T12:50:03+00:00\",\"description\":\"Unser Schmuck sorgt f\u00fcr Fairz\u00fccken! Ob Modeschmuck aus Naturmaterialien, nachhaltiger Recyclingschmuck oder klassischer Silberschmuck im edlen Design, unser st\u00e4ndig wechselndes Sortiment kommt aus verschiedenen Regionen der Welt und wird dort unter gerechten Bedingungen hergestellt und gehandelt.\",\"breadcrumb\":{\"@id\":\"https:\/\/weltlaeden.de\/reutlingen\/schmuck\/#breadcrumb\"},\"inLanguage\":\"de\",\"potentialAction\":[{\"@type\":\"ReadAction\",\"target\":[\"https:\/\/weltlaeden.de\/reutlingen\/schmuck\/\"]}]},{\"@type\":\"ImageObject\",\"inLanguage\":\"de\",\"@id\":\"https:\/\/weltlaeden.de\/reutlingen\/schmuck\/#primaryimage\",\"url\":\"https:\/\/weltlaeden.de\/reutlingen\/wp-content\/uploads\/sites\/79\/2022\/01\/Produkte_Schmuck_300.png\",\"contentUrl\":\"https:\/\/weltlaeden.de\/reutlingen\/wp-content\/uploads\/sites\/79\/2022\/01\/Produkte_Schmuck_300.png\",\"width\":300,\"height\":300,\"caption\":\"Fair gehandelter Schmuck\"},{\"@type\":\"BreadcrumbList\",\"@id\":\"https:\/\/weltlaeden.de\/reutlingen\/schmuck\/#breadcrumb\",\"itemListElement\":[{\"@type\":\"ListItem\",\"position\":1,\"name\":\"Startseite\",\"item\":\"https:\/\/weltlaeden.de\/reutlingen\/\"},{\"@type\":\"ListItem\",\"position\":2,\"name\":\"Schmuck\"}]},{\"@type\":\"WebSite\",\"@id\":\"https:\/\/weltlaeden.de\/reutlingen\/#website\",\"url\":\"https:\/\/weltlaeden.de\/reutlingen\/\",\"name\":\"Weltladen Reutlingen\",\"description\":\"Faire Produkte seit 1990\",\"potentialAction\":[{\"@type\":\"SearchAction\",\"target\":{\"@type\":\"EntryPoint\",\"urlTemplate\":\"https:\/\/weltlaeden.de\/reutlingen\/?s={search_term_string}\"},\"query-input\":{\"@type\":\"PropertyValueSpecification\",\"valueRequired\":true,\"valueName\":\"search_term_string\"}}],\"inLanguage\":\"de\"}]}<\/script>\n<!-- \/ Yoast SEO plugin. -->","yoast_head_json":{"title":"Schmuck - Weltladen Reutlingen","description":"Unser Schmuck sorgt f\u00fcr Fairz\u00fccken! Ob Modeschmuck aus Naturmaterialien, nachhaltiger Recyclingschmuck oder klassischer Silberschmuck im edlen Design, unser st\u00e4ndig wechselndes Sortiment kommt aus verschiedenen Regionen der Welt und wird dort unter gerechten Bedingungen hergestellt und gehandelt.","robots":{"index":"index","follow":"follow","max-snippet":"max-snippet:-1","max-image-preview":"max-image-preview:large","max-video-preview":"max-video-preview:-1"},"canonical":"https:\/\/weltlaeden.de\/reutlingen\/schmuck\/","og_locale":"de_DE","og_type":"article","og_title":"Schmuck - Weltladen Reutlingen","og_description":"Unser Schmuck sorgt f\u00fcr Fairz\u00fccken! Ob Modeschmuck aus Naturmaterialien, nachhaltiger Recyclingschmuck oder klassischer Silberschmuck im edlen Design, unser st\u00e4ndig wechselndes Sortiment kommt aus verschiedenen Regionen der Welt und wird dort unter gerechten Bedingungen hergestellt und gehandelt.","og_url":"https:\/\/weltlaeden.de\/reutlingen\/schmuck\/","og_site_name":"Weltladen Reutlingen","article_modified_time":"2022-01-08T12:50:03+00:00","og_image":[{"url":"https:\/\/weltlaeden.de\/reutlingen\/wp-content\/uploads\/sites\/79\/2022\/01\/Produkte_Schmuck_300.png","type":"","width":"","height":""}],"twitter_card":"summary_large_image","schema":{"@context":"https:\/\/schema.org","@graph":[{"@type":"WebPage","@id":"https:\/\/weltlaeden.de\/reutlingen\/schmuck\/","url":"https:\/\/weltlaeden.de\/reutlingen\/schmuck\/","name":"Schmuck - Weltladen Reutlingen","isPartOf":{"@id":"https:\/\/weltlaeden.de\/reutlingen\/#website"},"primaryImageOfPage":{"@id":"https:\/\/weltlaeden.de\/reutlingen\/schmuck\/#primaryimage"},"image":{"@id":"https:\/\/weltlaeden.de\/reutlingen\/schmuck\/#primaryimage"},"thumbnailUrl":"https:\/\/weltlaeden.de\/reutlingen\/wp-content\/uploads\/sites\/79\/2022\/01\/Produkte_Schmuck_300.png","datePublished":"2019-07-29T15:21:18+00:00","dateModified":"2022-01-08T12:50:03+00:00","description":"Unser Schmuck sorgt f\u00fcr Fairz\u00fccken! Ob Modeschmuck aus Naturmaterialien, nachhaltiger Recyclingschmuck oder klassischer Silberschmuck im edlen Design, unser st\u00e4ndig wechselndes Sortiment kommt aus verschiedenen Regionen der Welt und wird dort unter gerechten Bedingungen hergestellt und gehandelt.","breadcrumb":{"@id":"https:\/\/weltlaeden.de\/reutlingen\/schmuck\/#breadcrumb"},"inLanguage":"de","potentialAction":[{"@type":"ReadAction","target":["https:\/\/weltlaeden.de\/reutlingen\/schmuck\/"]}]},{"@type":"ImageObject","inLanguage":"de","@id":"https:\/\/weltlaeden.de\/reutlingen\/schmuck\/#primaryimage","url":"https:\/\/weltlaeden.de\/reutlingen\/wp-content\/uploads\/sites\/79\/2022\/01\/Produkte_Schmuck_300.png","contentUrl":"https:\/\/weltlaeden.de\/reutlingen\/wp-content\/uploads\/sites\/79\/2022\/01\/Produkte_Schmuck_300.png","width":300,"height":300,"caption":"Fair gehandelter Schmuck"},{"@type":"BreadcrumbList","@id":"https:\/\/weltlaeden.de\/reutlingen\/schmuck\/#breadcrumb","itemListElement":[{"@type":"ListItem","position":1,"name":"Startseite","item":"https:\/\/weltlaeden.de\/reutlingen\/"},{"@type":"ListItem","position":2,"name":"Schmuck"}]},{"@type":"WebSite","@id":"https:\/\/weltlaeden.de\/reutlingen\/#website","url":"https:\/\/weltlaeden.de\/reutlingen\/","name":"Weltladen Reutlingen","description":"Faire Produkte seit 1990","potentialAction":[{"@type":"SearchAction","target":{"@type":"EntryPoint","urlTemplate":"https:\/\/weltlaeden.de\/reutlingen\/?s={search_term_string}"},"query-input":{"@type":"PropertyValueSpecification","valueRequired":true,"valueName":"search_term_string"}}],"inLanguage":"de"}]}},"_links":{"self":[{"href":"https:\/\/weltlaeden.de\/reutlingen\/wp-json\/wp\/v2\/pages\/792","targetHints":{"allow":["GET"]}}],"collection":[{"href":"https:\/\/weltlaeden.de\/reutlingen\/wp-json\/wp\/v2\/pages"}],"about":[{"href":"https:\/\/weltlaeden.de\/reutlingen\/wp-json\/wp\/v2\/types\/page"}],"author":[{"embeddable":true,"href":"https:\/\/weltlaeden.de\/reutlingen\/wp-json\/wp\/v2\/users\/14"}],"replies":[{"embeddable":true,"href":"https:\/\/weltlaeden.de\/reutlingen\/wp-json\/wp\/v2\/comments?post=792"}],"version-history":[{"count":12,"href":"https:\/\/weltlaeden.de\/reutlingen\/wp-json\/wp\/v2\/pages\/792\/revisions"}],"predecessor-version":[{"id":2087,"href":"https:\/\/weltlaeden.de\/reutlingen\/wp-json\/wp\/v2\/pages\/792\/revisions\/2087"}],"wp:attachment":[{"href":"https:\/\/weltlaeden.de\/reutlingen\/wp-json\/wp\/v2\/media?parent=792"}],"curies":[{"name":"wp","href":"https:\/\/api.w.org\/{rel}","templated":true}]}}