{"id":790,"date":"2019-07-29T17:18:49","date_gmt":"2019-07-29T15:18:49","guid":{"rendered":"https:\/\/weltlaeden.de\/reutlingen\/kaffee-9\/"},"modified":"2022-01-08T13:29:22","modified_gmt":"2022-01-08T12:29:22","slug":"mode-und-accessoires","status":"publish","type":"page","link":"https:\/\/weltlaeden.de\/reutlingen\/mode-und-accessoires\/","title":{"rendered":"Mode und Accessoires"},"content":{"rendered":"<div class=\"wpb-content-wrapper\"><p>[vc_row][vc_column][vc_empty_space][vc_column_text]<\/p>\n<h1>Mode und Accessoires<\/h1>\n<p><img loading=\"lazy\" decoding=\"async\" class=\"size-medium wp-image-736 alignleft\" src=\"https:\/\/weltlaeden.de\/reutlingen\/wp-content\/uploads\/sites\/79\/2019\/07\/FaireModeAccessoires-300x300.jpg\" alt=\"\" width=\"300\" height=\"300\" srcset=\"https:\/\/weltlaeden.de\/reutlingen\/wp-content\/uploads\/sites\/79\/2019\/07\/FaireModeAccessoires-300x300.jpg 300w, https:\/\/weltlaeden.de\/reutlingen\/wp-content\/uploads\/sites\/79\/2019\/07\/FaireModeAccessoires-150x150.jpg 150w, https:\/\/weltlaeden.de\/reutlingen\/wp-content\/uploads\/sites\/79\/2019\/07\/FaireModeAccessoires-768x768.jpg 768w, https:\/\/weltlaeden.de\/reutlingen\/wp-content\/uploads\/sites\/79\/2019\/07\/FaireModeAccessoires-1024x1024.jpg 1024w\" sizes=\"auto, (max-width: 300px) 100vw, 300px\" \/><strong>Wir f\u00fchren ein feines Fair-Fashion-Sortiment<\/strong><\/p>\n<p>Je nach Saison gibt es bei uns folgende Frauen- und M\u00e4nnermode<\/p>\n<ul>\n<li>T-Shirts f\u00fcr Sie und Ihn<\/li>\n<li>Pullover und Strickjacken<\/li>\n<li>Kleider und Tunikas<\/li>\n<li>R\u00f6cke und Hosen<\/li>\n<li>Schals, M\u00fctzen, Handschuhe<\/li>\n<li>Flip Flops aus fairem Biokautschuk<\/li>\n<li>gefilzte Hausschuhe aus Nepal.<\/li>\n<\/ul>\n<p>Au\u00dferdem finden Sie bei uns eine gro\u00dfe Auswahl an Taschen und Rucks\u00e4cken und ein vielf\u00e4ltiges Ledersortiment bestehend aus Geldbeuteln, G\u00fcrteln, M\u00e4ppchen und vielem mehr.[\/vc_column_text][\/vc_column][\/vc_row]<\/p>\n<\/div>","protected":false},"excerpt":{"rendered":"<p>[vc_row][vc_column][vc_empty_space][vc_column_text] Mode und Accessoires Wir f\u00fchren ein feines Fair-Fashion-Sortiment Je nach Saison gibt es bei uns folgende Frauen- und M\u00e4nnermode T-Shirts f\u00fcr Sie und Ihn Pullover und Strickjacken Kleider und Tunikas R\u00f6cke und Hosen Schals, M\u00fctzen, Handschuhe Flip Flops aus fairem Biokautschuk gefilzte Hausschuhe aus Nepal. Au\u00dferdem finden Sie bei uns eine gro\u00dfe Auswahl an&hellip;<\/p>\n","protected":false},"author":14,"featured_media":0,"parent":0,"menu_order":25,"comment_status":"closed","ping_status":"closed","template":"","meta":{"footnotes":""},"class_list":["post-790","page","type-page","status-publish","hentry","description-off"],"yoast_head":"<!-- This site is optimized with the Yoast SEO plugin v26.8 - https:\/\/yoast.com\/product\/yoast-seo-wordpress\/ -->\n<title>Mode und Accessoires - Weltladen Reutlingen<\/title>\n<meta name=\"description\" content=\"Wir f\u00fchren ein feines Fair-Fashion-Sortiment. Je nach Saison gibt es bei uns Shirts, Kleider, R\u00f6cke, Hosen und eine gro\u00dfe Auswahl an Schals, M\u00fctzen, Handschuhen, Pullovern und Jacken. Flip Flops aus fairem Biokautschuk geh\u00f6ren zum Sortiment ebenso wie gefilzte Hausschuhe aus Nepal.\" \/>\n<meta name=\"robots\" content=\"index, follow, max-snippet:-1, max-image-preview:large, max-video-preview:-1\" \/>\n<link rel=\"canonical\" href=\"https:\/\/weltlaeden.de\/reutlingen\/mode-und-accessoires\/\" \/>\n<meta property=\"og:locale\" content=\"de_DE\" \/>\n<meta property=\"og:type\" content=\"article\" \/>\n<meta property=\"og:title\" content=\"Mode und Accessoires - Weltladen Reutlingen\" \/>\n<meta property=\"og:description\" content=\"Wir f\u00fchren ein feines Fair-Fashion-Sortiment. Je nach Saison gibt es bei uns Shirts, Kleider, R\u00f6cke, Hosen und eine gro\u00dfe Auswahl an Schals, M\u00fctzen, Handschuhen, Pullovern und Jacken. Flip Flops aus fairem Biokautschuk geh\u00f6ren zum Sortiment ebenso wie gefilzte Hausschuhe aus Nepal.\" \/>\n<meta property=\"og:url\" content=\"https:\/\/weltlaeden.de\/reutlingen\/mode-und-accessoires\/\" \/>\n<meta property=\"og:site_name\" content=\"Weltladen Reutlingen\" \/>\n<meta property=\"article:modified_time\" content=\"2022-01-08T12:29:22+00:00\" \/>\n<meta property=\"og:image\" content=\"https:\/\/weltlaeden.de\/reutlingen\/wp-content\/uploads\/sites\/79\/2019\/07\/FaireModeAccessoires-300x300.jpg\" \/>\n<meta name=\"twitter:card\" content=\"summary_large_image\" \/>\n<script type=\"application\/ld+json\" class=\"yoast-schema-graph\">{\"@context\":\"https:\/\/schema.org\",\"@graph\":[{\"@type\":\"WebPage\",\"@id\":\"https:\/\/weltlaeden.de\/reutlingen\/mode-und-accessoires\/\",\"url\":\"https:\/\/weltlaeden.de\/reutlingen\/mode-und-accessoires\/\",\"name\":\"Mode und Accessoires - Weltladen Reutlingen\",\"isPartOf\":{\"@id\":\"https:\/\/weltlaeden.de\/reutlingen\/#website\"},\"primaryImageOfPage\":{\"@id\":\"https:\/\/weltlaeden.de\/reutlingen\/mode-und-accessoires\/#primaryimage\"},\"image\":{\"@id\":\"https:\/\/weltlaeden.de\/reutlingen\/mode-und-accessoires\/#primaryimage\"},\"thumbnailUrl\":\"https:\/\/weltlaeden.de\/reutlingen\/wp-content\/uploads\/sites\/79\/2019\/07\/FaireModeAccessoires-300x300.jpg\",\"datePublished\":\"2019-07-29T15:18:49+00:00\",\"dateModified\":\"2022-01-08T12:29:22+00:00\",\"description\":\"Wir f\u00fchren ein feines Fair-Fashion-Sortiment. Je nach Saison gibt es bei uns Shirts, Kleider, R\u00f6cke, Hosen und eine gro\u00dfe Auswahl an Schals, M\u00fctzen, Handschuhen, Pullovern und Jacken. Flip Flops aus fairem Biokautschuk geh\u00f6ren zum Sortiment ebenso wie gefilzte Hausschuhe aus Nepal.\",\"breadcrumb\":{\"@id\":\"https:\/\/weltlaeden.de\/reutlingen\/mode-und-accessoires\/#breadcrumb\"},\"inLanguage\":\"de\",\"potentialAction\":[{\"@type\":\"ReadAction\",\"target\":[\"https:\/\/weltlaeden.de\/reutlingen\/mode-und-accessoires\/\"]}]},{\"@type\":\"ImageObject\",\"inLanguage\":\"de\",\"@id\":\"https:\/\/weltlaeden.de\/reutlingen\/mode-und-accessoires\/#primaryimage\",\"url\":\"https:\/\/weltlaeden.de\/reutlingen\/wp-content\/uploads\/sites\/79\/2019\/07\/FaireModeAccessoires.jpg\",\"contentUrl\":\"https:\/\/weltlaeden.de\/reutlingen\/wp-content\/uploads\/sites\/79\/2019\/07\/FaireModeAccessoires.jpg\",\"width\":2560,\"height\":2560},{\"@type\":\"BreadcrumbList\",\"@id\":\"https:\/\/weltlaeden.de\/reutlingen\/mode-und-accessoires\/#breadcrumb\",\"itemListElement\":[{\"@type\":\"ListItem\",\"position\":1,\"name\":\"Startseite\",\"item\":\"https:\/\/weltlaeden.de\/reutlingen\/\"},{\"@type\":\"ListItem\",\"position\":2,\"name\":\"Mode und Accessoires\"}]},{\"@type\":\"WebSite\",\"@id\":\"https:\/\/weltlaeden.de\/reutlingen\/#website\",\"url\":\"https:\/\/weltlaeden.de\/reutlingen\/\",\"name\":\"Weltladen Reutlingen\",\"description\":\"Faire Produkte seit 1990\",\"potentialAction\":[{\"@type\":\"SearchAction\",\"target\":{\"@type\":\"EntryPoint\",\"urlTemplate\":\"https:\/\/weltlaeden.de\/reutlingen\/?s={search_term_string}\"},\"query-input\":{\"@type\":\"PropertyValueSpecification\",\"valueRequired\":true,\"valueName\":\"search_term_string\"}}],\"inLanguage\":\"de\"}]}<\/script>\n<!-- \/ Yoast SEO plugin. -->","yoast_head_json":{"title":"Mode und Accessoires - Weltladen Reutlingen","description":"Wir f\u00fchren ein feines Fair-Fashion-Sortiment. Je nach Saison gibt es bei uns Shirts, Kleider, R\u00f6cke, Hosen und eine gro\u00dfe Auswahl an Schals, M\u00fctzen, Handschuhen, Pullovern und Jacken. Flip Flops aus fairem Biokautschuk geh\u00f6ren zum Sortiment ebenso wie gefilzte Hausschuhe aus Nepal.","robots":{"index":"index","follow":"follow","max-snippet":"max-snippet:-1","max-image-preview":"max-image-preview:large","max-video-preview":"max-video-preview:-1"},"canonical":"https:\/\/weltlaeden.de\/reutlingen\/mode-und-accessoires\/","og_locale":"de_DE","og_type":"article","og_title":"Mode und Accessoires - Weltladen Reutlingen","og_description":"Wir f\u00fchren ein feines Fair-Fashion-Sortiment. Je nach Saison gibt es bei uns Shirts, Kleider, R\u00f6cke, Hosen und eine gro\u00dfe Auswahl an Schals, M\u00fctzen, Handschuhen, Pullovern und Jacken. Flip Flops aus fairem Biokautschuk geh\u00f6ren zum Sortiment ebenso wie gefilzte Hausschuhe aus Nepal.","og_url":"https:\/\/weltlaeden.de\/reutlingen\/mode-und-accessoires\/","og_site_name":"Weltladen Reutlingen","article_modified_time":"2022-01-08T12:29:22+00:00","og_image":[{"url":"https:\/\/weltlaeden.de\/reutlingen\/wp-content\/uploads\/sites\/79\/2019\/07\/FaireModeAccessoires-300x300.jpg","type":"","width":"","height":""}],"twitter_card":"summary_large_image","schema":{"@context":"https:\/\/schema.org","@graph":[{"@type":"WebPage","@id":"https:\/\/weltlaeden.de\/reutlingen\/mode-und-accessoires\/","url":"https:\/\/weltlaeden.de\/reutlingen\/mode-und-accessoires\/","name":"Mode und Accessoires - Weltladen Reutlingen","isPartOf":{"@id":"https:\/\/weltlaeden.de\/reutlingen\/#website"},"primaryImageOfPage":{"@id":"https:\/\/weltlaeden.de\/reutlingen\/mode-und-accessoires\/#primaryimage"},"image":{"@id":"https:\/\/weltlaeden.de\/reutlingen\/mode-und-accessoires\/#primaryimage"},"thumbnailUrl":"https:\/\/weltlaeden.de\/reutlingen\/wp-content\/uploads\/sites\/79\/2019\/07\/FaireModeAccessoires-300x300.jpg","datePublished":"2019-07-29T15:18:49+00:00","dateModified":"2022-01-08T12:29:22+00:00","description":"Wir f\u00fchren ein feines Fair-Fashion-Sortiment. Je nach Saison gibt es bei uns Shirts, Kleider, R\u00f6cke, Hosen und eine gro\u00dfe Auswahl an Schals, M\u00fctzen, Handschuhen, Pullovern und Jacken. Flip Flops aus fairem Biokautschuk geh\u00f6ren zum Sortiment ebenso wie gefilzte Hausschuhe aus Nepal.","breadcrumb":{"@id":"https:\/\/weltlaeden.de\/reutlingen\/mode-und-accessoires\/#breadcrumb"},"inLanguage":"de","potentialAction":[{"@type":"ReadAction","target":["https:\/\/weltlaeden.de\/reutlingen\/mode-und-accessoires\/"]}]},{"@type":"ImageObject","inLanguage":"de","@id":"https:\/\/weltlaeden.de\/reutlingen\/mode-und-accessoires\/#primaryimage","url":"https:\/\/weltlaeden.de\/reutlingen\/wp-content\/uploads\/sites\/79\/2019\/07\/FaireModeAccessoires.jpg","contentUrl":"https:\/\/weltlaeden.de\/reutlingen\/wp-content\/uploads\/sites\/79\/2019\/07\/FaireModeAccessoires.jpg","width":2560,"height":2560},{"@type":"BreadcrumbList","@id":"https:\/\/weltlaeden.de\/reutlingen\/mode-und-accessoires\/#breadcrumb","itemListElement":[{"@type":"ListItem","position":1,"name":"Startseite","item":"https:\/\/weltlaeden.de\/reutlingen\/"},{"@type":"ListItem","position":2,"name":"Mode und Accessoires"}]},{"@type":"WebSite","@id":"https:\/\/weltlaeden.de\/reutlingen\/#website","url":"https:\/\/weltlaeden.de\/reutlingen\/","name":"Weltladen Reutlingen","description":"Faire Produkte seit 1990","potentialAction":[{"@type":"SearchAction","target":{"@type":"EntryPoint","urlTemplate":"https:\/\/weltlaeden.de\/reutlingen\/?s={search_term_string}"},"query-input":{"@type":"PropertyValueSpecification","valueRequired":true,"valueName":"search_term_string"}}],"inLanguage":"de"}]}},"_links":{"self":[{"href":"https:\/\/weltlaeden.de\/reutlingen\/wp-json\/wp\/v2\/pages\/790","targetHints":{"allow":["GET"]}}],"collection":[{"href":"https:\/\/weltlaeden.de\/reutlingen\/wp-json\/wp\/v2\/pages"}],"about":[{"href":"https:\/\/weltlaeden.de\/reutlingen\/wp-json\/wp\/v2\/types\/page"}],"author":[{"embeddable":true,"href":"https:\/\/weltlaeden.de\/reutlingen\/wp-json\/wp\/v2\/users\/14"}],"replies":[{"embeddable":true,"href":"https:\/\/weltlaeden.de\/reutlingen\/wp-json\/wp\/v2\/comments?post=790"}],"version-history":[{"count":5,"href":"https:\/\/weltlaeden.de\/reutlingen\/wp-json\/wp\/v2\/pages\/790\/revisions"}],"predecessor-version":[{"id":2077,"href":"https:\/\/weltlaeden.de\/reutlingen\/wp-json\/wp\/v2\/pages\/790\/revisions\/2077"}],"wp:attachment":[{"href":"https:\/\/weltlaeden.de\/reutlingen\/wp-json\/wp\/v2\/media?parent=790"}],"curies":[{"name":"wp","href":"https:\/\/api.w.org\/{rel}","templated":true}]}}