{"id":787,"date":"2019-07-29T17:15:40","date_gmt":"2019-07-29T15:15:40","guid":{"rendered":"https:\/\/weltlaeden.de\/reutlingen\/kaffee-8\/"},"modified":"2022-01-08T14:03:13","modified_gmt":"2022-01-08T13:03:13","slug":"kunsthandwerk","status":"publish","type":"page","link":"https:\/\/weltlaeden.de\/reutlingen\/kunsthandwerk\/","title":{"rendered":"Kunsthandwerk"},"content":{"rendered":"<div class=\"wpb-content-wrapper\"><p>[vc_row][vc_column][vc_empty_space][vc_column_text]<\/p>\n<h1>Kunsthandwerk<\/h1>\n<p><img loading=\"lazy\" decoding=\"async\" class=\"size-medium wp-image-740 alignleft\" src=\"https:\/\/weltlaeden.de\/reutlingen\/wp-content\/uploads\/sites\/79\/2019\/07\/Kunsthandwerk-300x300.jpg\" alt=\"\" width=\"300\" height=\"300\" srcset=\"https:\/\/weltlaeden.de\/reutlingen\/wp-content\/uploads\/sites\/79\/2019\/07\/Kunsthandwerk-300x300.jpg 300w, https:\/\/weltlaeden.de\/reutlingen\/wp-content\/uploads\/sites\/79\/2019\/07\/Kunsthandwerk-150x150.jpg 150w, https:\/\/weltlaeden.de\/reutlingen\/wp-content\/uploads\/sites\/79\/2019\/07\/Kunsthandwerk-768x768.jpg 768w, https:\/\/weltlaeden.de\/reutlingen\/wp-content\/uploads\/sites\/79\/2019\/07\/Kunsthandwerk-1024x1024.jpg 1024w\" sizes=\"auto, (max-width: 300px) 100vw, 300px\" \/><strong>Au\u00dfergew\u00f6hnliches zum FairSchenken!<br \/>\n<\/strong><\/p>\n<ul>\n<li>Kerzen<\/li>\n<li>Klangschalen<\/li>\n<li>K\u00f6rbe<\/li>\n<li>Gefilzte Kissen, Schalen und Dekoratives<\/li>\n<li>hochwertige Lederwaren<\/li>\n<li>Geschirr\u00a0und\u00a0Haushaltswaren<\/li>\n<li>Papierwaren<\/li>\n<li>ausgefallene Upcycling Produkte<\/li>\n<li>kurzum das faire Geschenk f\u00fcr jeden Anlass.[\/vc_column_text][\/vc_column][\/vc_row]<\/li>\n<\/ul>\n<\/div>","protected":false},"excerpt":{"rendered":"<p>[vc_row][vc_column][vc_empty_space][vc_column_text] Kunsthandwerk Au\u00dfergew\u00f6hnliches zum FairSchenken! Kerzen Klangschalen K\u00f6rbe Gefilzte Kissen, Schalen und Dekoratives hochwertige Lederwaren Geschirr\u00a0und\u00a0Haushaltswaren Papierwaren ausgefallene Upcycling Produkte kurzum das faire Geschenk f\u00fcr jeden Anlass.[\/vc_column_text][\/vc_column][\/vc_row]<\/p>\n","protected":false},"author":14,"featured_media":0,"parent":0,"menu_order":24,"comment_status":"closed","ping_status":"closed","template":"","meta":{"footnotes":""},"class_list":["post-787","page","type-page","status-publish","hentry","description-off"],"yoast_head":"<!-- This site is optimized with the Yoast SEO plugin v26.8 - https:\/\/yoast.com\/product\/yoast-seo-wordpress\/ -->\n<title>Kunsthandwerk - Weltladen Reutlingen<\/title>\n<meta name=\"description\" content=\"Bei uns finden Sie au\u00dfergew\u00f6hnliche Geschenkartikel, Kerzen, Klangschalen, K\u00f6rbe, hochwertige Lederwaren, Geschirr und Haushaltswaren, Papierwaren, ausgefallene Recyclingprodukte \u2013 kurzum das faire Geschenk f\u00fcr jeden Anlass.\" \/>\n<meta name=\"robots\" content=\"index, follow, max-snippet:-1, max-image-preview:large, max-video-preview:-1\" \/>\n<link rel=\"canonical\" href=\"https:\/\/weltlaeden.de\/reutlingen\/kunsthandwerk\/\" \/>\n<meta property=\"og:locale\" content=\"de_DE\" \/>\n<meta property=\"og:type\" content=\"article\" \/>\n<meta property=\"og:title\" content=\"Kunsthandwerk - Weltladen Reutlingen\" \/>\n<meta property=\"og:description\" content=\"Bei uns finden Sie au\u00dfergew\u00f6hnliche Geschenkartikel, Kerzen, Klangschalen, K\u00f6rbe, hochwertige Lederwaren, Geschirr und Haushaltswaren, Papierwaren, ausgefallene Recyclingprodukte \u2013 kurzum das faire Geschenk f\u00fcr jeden Anlass.\" \/>\n<meta property=\"og:url\" content=\"https:\/\/weltlaeden.de\/reutlingen\/kunsthandwerk\/\" \/>\n<meta property=\"og:site_name\" content=\"Weltladen Reutlingen\" \/>\n<meta property=\"article:modified_time\" content=\"2022-01-08T13:03:13+00:00\" \/>\n<meta property=\"og:image\" content=\"https:\/\/weltlaeden.de\/reutlingen\/wp-content\/uploads\/sites\/79\/2019\/07\/Kunsthandwerk-300x300.jpg\" \/>\n<meta name=\"twitter:card\" content=\"summary_large_image\" \/>\n<script type=\"application\/ld+json\" class=\"yoast-schema-graph\">{\"@context\":\"https:\/\/schema.org\",\"@graph\":[{\"@type\":\"WebPage\",\"@id\":\"https:\/\/weltlaeden.de\/reutlingen\/kunsthandwerk\/\",\"url\":\"https:\/\/weltlaeden.de\/reutlingen\/kunsthandwerk\/\",\"name\":\"Kunsthandwerk - Weltladen Reutlingen\",\"isPartOf\":{\"@id\":\"https:\/\/weltlaeden.de\/reutlingen\/#website\"},\"primaryImageOfPage\":{\"@id\":\"https:\/\/weltlaeden.de\/reutlingen\/kunsthandwerk\/#primaryimage\"},\"image\":{\"@id\":\"https:\/\/weltlaeden.de\/reutlingen\/kunsthandwerk\/#primaryimage\"},\"thumbnailUrl\":\"https:\/\/weltlaeden.de\/reutlingen\/wp-content\/uploads\/sites\/79\/2019\/07\/Kunsthandwerk-300x300.jpg\",\"datePublished\":\"2019-07-29T15:15:40+00:00\",\"dateModified\":\"2022-01-08T13:03:13+00:00\",\"description\":\"Bei uns finden Sie au\u00dfergew\u00f6hnliche Geschenkartikel, Kerzen, Klangschalen, K\u00f6rbe, hochwertige Lederwaren, Geschirr und Haushaltswaren, Papierwaren, ausgefallene Recyclingprodukte \u2013 kurzum das faire Geschenk f\u00fcr jeden Anlass.\",\"breadcrumb\":{\"@id\":\"https:\/\/weltlaeden.de\/reutlingen\/kunsthandwerk\/#breadcrumb\"},\"inLanguage\":\"de\",\"potentialAction\":[{\"@type\":\"ReadAction\",\"target\":[\"https:\/\/weltlaeden.de\/reutlingen\/kunsthandwerk\/\"]}]},{\"@type\":\"ImageObject\",\"inLanguage\":\"de\",\"@id\":\"https:\/\/weltlaeden.de\/reutlingen\/kunsthandwerk\/#primaryimage\",\"url\":\"https:\/\/weltlaeden.de\/reutlingen\/wp-content\/uploads\/sites\/79\/2019\/07\/Kunsthandwerk.jpg\",\"contentUrl\":\"https:\/\/weltlaeden.de\/reutlingen\/wp-content\/uploads\/sites\/79\/2019\/07\/Kunsthandwerk.jpg\",\"width\":2560,\"height\":2560},{\"@type\":\"BreadcrumbList\",\"@id\":\"https:\/\/weltlaeden.de\/reutlingen\/kunsthandwerk\/#breadcrumb\",\"itemListElement\":[{\"@type\":\"ListItem\",\"position\":1,\"name\":\"Startseite\",\"item\":\"https:\/\/weltlaeden.de\/reutlingen\/\"},{\"@type\":\"ListItem\",\"position\":2,\"name\":\"Kunsthandwerk\"}]},{\"@type\":\"WebSite\",\"@id\":\"https:\/\/weltlaeden.de\/reutlingen\/#website\",\"url\":\"https:\/\/weltlaeden.de\/reutlingen\/\",\"name\":\"Weltladen Reutlingen\",\"description\":\"Faire Produkte seit 1990\",\"potentialAction\":[{\"@type\":\"SearchAction\",\"target\":{\"@type\":\"EntryPoint\",\"urlTemplate\":\"https:\/\/weltlaeden.de\/reutlingen\/?s={search_term_string}\"},\"query-input\":{\"@type\":\"PropertyValueSpecification\",\"valueRequired\":true,\"valueName\":\"search_term_string\"}}],\"inLanguage\":\"de\"}]}<\/script>\n<!-- \/ Yoast SEO plugin. -->","yoast_head_json":{"title":"Kunsthandwerk - Weltladen Reutlingen","description":"Bei uns finden Sie au\u00dfergew\u00f6hnliche Geschenkartikel, Kerzen, Klangschalen, K\u00f6rbe, hochwertige Lederwaren, Geschirr und Haushaltswaren, Papierwaren, ausgefallene Recyclingprodukte \u2013 kurzum das faire Geschenk f\u00fcr jeden Anlass.","robots":{"index":"index","follow":"follow","max-snippet":"max-snippet:-1","max-image-preview":"max-image-preview:large","max-video-preview":"max-video-preview:-1"},"canonical":"https:\/\/weltlaeden.de\/reutlingen\/kunsthandwerk\/","og_locale":"de_DE","og_type":"article","og_title":"Kunsthandwerk - Weltladen Reutlingen","og_description":"Bei uns finden Sie au\u00dfergew\u00f6hnliche Geschenkartikel, Kerzen, Klangschalen, K\u00f6rbe, hochwertige Lederwaren, Geschirr und Haushaltswaren, Papierwaren, ausgefallene Recyclingprodukte \u2013 kurzum das faire Geschenk f\u00fcr jeden Anlass.","og_url":"https:\/\/weltlaeden.de\/reutlingen\/kunsthandwerk\/","og_site_name":"Weltladen Reutlingen","article_modified_time":"2022-01-08T13:03:13+00:00","og_image":[{"url":"https:\/\/weltlaeden.de\/reutlingen\/wp-content\/uploads\/sites\/79\/2019\/07\/Kunsthandwerk-300x300.jpg","type":"","width":"","height":""}],"twitter_card":"summary_large_image","schema":{"@context":"https:\/\/schema.org","@graph":[{"@type":"WebPage","@id":"https:\/\/weltlaeden.de\/reutlingen\/kunsthandwerk\/","url":"https:\/\/weltlaeden.de\/reutlingen\/kunsthandwerk\/","name":"Kunsthandwerk - Weltladen Reutlingen","isPartOf":{"@id":"https:\/\/weltlaeden.de\/reutlingen\/#website"},"primaryImageOfPage":{"@id":"https:\/\/weltlaeden.de\/reutlingen\/kunsthandwerk\/#primaryimage"},"image":{"@id":"https:\/\/weltlaeden.de\/reutlingen\/kunsthandwerk\/#primaryimage"},"thumbnailUrl":"https:\/\/weltlaeden.de\/reutlingen\/wp-content\/uploads\/sites\/79\/2019\/07\/Kunsthandwerk-300x300.jpg","datePublished":"2019-07-29T15:15:40+00:00","dateModified":"2022-01-08T13:03:13+00:00","description":"Bei uns finden Sie au\u00dfergew\u00f6hnliche Geschenkartikel, Kerzen, Klangschalen, K\u00f6rbe, hochwertige Lederwaren, Geschirr und Haushaltswaren, Papierwaren, ausgefallene Recyclingprodukte \u2013 kurzum das faire Geschenk f\u00fcr jeden Anlass.","breadcrumb":{"@id":"https:\/\/weltlaeden.de\/reutlingen\/kunsthandwerk\/#breadcrumb"},"inLanguage":"de","potentialAction":[{"@type":"ReadAction","target":["https:\/\/weltlaeden.de\/reutlingen\/kunsthandwerk\/"]}]},{"@type":"ImageObject","inLanguage":"de","@id":"https:\/\/weltlaeden.de\/reutlingen\/kunsthandwerk\/#primaryimage","url":"https:\/\/weltlaeden.de\/reutlingen\/wp-content\/uploads\/sites\/79\/2019\/07\/Kunsthandwerk.jpg","contentUrl":"https:\/\/weltlaeden.de\/reutlingen\/wp-content\/uploads\/sites\/79\/2019\/07\/Kunsthandwerk.jpg","width":2560,"height":2560},{"@type":"BreadcrumbList","@id":"https:\/\/weltlaeden.de\/reutlingen\/kunsthandwerk\/#breadcrumb","itemListElement":[{"@type":"ListItem","position":1,"name":"Startseite","item":"https:\/\/weltlaeden.de\/reutlingen\/"},{"@type":"ListItem","position":2,"name":"Kunsthandwerk"}]},{"@type":"WebSite","@id":"https:\/\/weltlaeden.de\/reutlingen\/#website","url":"https:\/\/weltlaeden.de\/reutlingen\/","name":"Weltladen Reutlingen","description":"Faire Produkte seit 1990","potentialAction":[{"@type":"SearchAction","target":{"@type":"EntryPoint","urlTemplate":"https:\/\/weltlaeden.de\/reutlingen\/?s={search_term_string}"},"query-input":{"@type":"PropertyValueSpecification","valueRequired":true,"valueName":"search_term_string"}}],"inLanguage":"de"}]}},"_links":{"self":[{"href":"https:\/\/weltlaeden.de\/reutlingen\/wp-json\/wp\/v2\/pages\/787","targetHints":{"allow":["GET"]}}],"collection":[{"href":"https:\/\/weltlaeden.de\/reutlingen\/wp-json\/wp\/v2\/pages"}],"about":[{"href":"https:\/\/weltlaeden.de\/reutlingen\/wp-json\/wp\/v2\/types\/page"}],"author":[{"embeddable":true,"href":"https:\/\/weltlaeden.de\/reutlingen\/wp-json\/wp\/v2\/users\/14"}],"replies":[{"embeddable":true,"href":"https:\/\/weltlaeden.de\/reutlingen\/wp-json\/wp\/v2\/comments?post=787"}],"version-history":[{"count":4,"href":"https:\/\/weltlaeden.de\/reutlingen\/wp-json\/wp\/v2\/pages\/787\/revisions"}],"predecessor-version":[{"id":2091,"href":"https:\/\/weltlaeden.de\/reutlingen\/wp-json\/wp\/v2\/pages\/787\/revisions\/2091"}],"wp:attachment":[{"href":"https:\/\/weltlaeden.de\/reutlingen\/wp-json\/wp\/v2\/media?parent=787"}],"curies":[{"name":"wp","href":"https:\/\/api.w.org\/{rel}","templated":true}]}}