{"id":780,"date":"2019-07-29T17:10:29","date_gmt":"2019-07-29T15:10:29","guid":{"rendered":"https:\/\/weltlaeden.de\/reutlingen\/kaffee-6\/"},"modified":"2026-03-30T16:47:12","modified_gmt":"2026-03-30T14:47:12","slug":"kochen-und-backen","status":"publish","type":"page","link":"https:\/\/weltlaeden.de\/reutlingen\/kochen-und-backen\/","title":{"rendered":"Kochen und Backen"},"content":{"rendered":"<div class=\"wpb-content-wrapper\"><p>[vc_row][vc_column][vc_empty_space][vc_column_text]<\/p>\n<h1>Kochen und Backen<\/h1>\n<p><img loading=\"lazy\" decoding=\"async\" class=\"size-medium wp-image-739 alignleft\" src=\"https:\/\/weltlaeden.de\/reutlingen\/wp-content\/uploads\/sites\/79\/2026\/03\/KochenUndBacken-2026.jpg\" alt=\"\" width=\"300\" height=\"300\" \/><strong>Hochwertige Lebensmittel aus aller Welt<\/strong><\/p>\n<ul>\n<li>Reis<\/li>\n<li>Nudeln und Pasta<\/li>\n<li>H\u00fclsenfr\u00fcchte und Getreide<\/li>\n<li>Chutneys und Aufstriche<\/li>\n<li>Essig und \u00d6l<\/li>\n<li>Kr\u00e4uter und Gew\u00fcrze<\/li>\n<\/ul>\n<p>Genie\u00dfer finden hier alles f\u00fcr die allt\u00e4gliche, die sehr feine oder auch exotische K\u00fcche. Kommen Sie vorbei und gehen Sie auf kulinarische Erkundungstour rund um\u00a0die Welt.[\/vc_column_text][\/vc_column][\/vc_row]<\/li>\n<\/ul>\n<\/div>","protected":false},"excerpt":{"rendered":"<p>[vc_row][vc_column][vc_empty_space][vc_column_text] Kochen und Backen Hochwertige Lebensmittel aus aller Welt Reis Nudeln und Pasta H\u00fclsenfr\u00fcchte und Getreide Chutneys und Aufstriche Essig und \u00d6l Kr\u00e4uter und Gew\u00fcrze Genie\u00dfer finden hier alles f\u00fcr die allt\u00e4gliche, die sehr feine oder auch exotische K\u00fcche. Kommen Sie vorbei und gehen Sie auf kulinarische Erkundungstour rund um\u00a0die Welt.[\/vc_column_text][\/vc_column][\/vc_row]<\/p>\n","protected":false},"author":14,"featured_media":0,"parent":0,"menu_order":22,"comment_status":"closed","ping_status":"closed","template":"","meta":{"footnotes":""},"class_list":["post-780","page","type-page","status-publish","hentry","description-off"],"yoast_head":"<!-- This site is optimized with the Yoast SEO plugin v26.8 - https:\/\/yoast.com\/product\/yoast-seo-wordpress\/ -->\n<title>Kochen und Backen - Weltladen Reutlingen<\/title>\n<meta name=\"description\" content=\"Genie\u00dfer finden bei uns hochwertige Lebensmittel aus aller Welt. Reis, Nudeln, H\u00fclsenfr\u00fcchte und Getreide, Chutneys, Essig und \u00d6l. Unsere Kr\u00e4uter und Gew\u00fcrze eignen sich sowohl f\u00fcr die allt\u00e4gliche als auch f\u00fcr die sehr feine oder auch exotische K\u00fcche. Kommen Sie vorbei und gehen Sie auf kulinarische Erkundungstour rund um die Welt.\" \/>\n<meta name=\"robots\" content=\"index, follow, max-snippet:-1, max-image-preview:large, max-video-preview:-1\" \/>\n<link rel=\"canonical\" href=\"https:\/\/weltlaeden.de\/reutlingen\/kochen-und-backen\/\" \/>\n<meta property=\"og:locale\" content=\"de_DE\" \/>\n<meta property=\"og:type\" content=\"article\" \/>\n<meta property=\"og:title\" content=\"Kochen und Backen - Weltladen Reutlingen\" \/>\n<meta property=\"og:description\" content=\"Genie\u00dfer finden bei uns hochwertige Lebensmittel aus aller Welt. Reis, Nudeln, H\u00fclsenfr\u00fcchte und Getreide, Chutneys, Essig und \u00d6l. Unsere Kr\u00e4uter und Gew\u00fcrze eignen sich sowohl f\u00fcr die allt\u00e4gliche als auch f\u00fcr die sehr feine oder auch exotische K\u00fcche. Kommen Sie vorbei und gehen Sie auf kulinarische Erkundungstour rund um die Welt.\" \/>\n<meta property=\"og:url\" content=\"https:\/\/weltlaeden.de\/reutlingen\/kochen-und-backen\/\" \/>\n<meta property=\"og:site_name\" content=\"Weltladen Reutlingen\" \/>\n<meta property=\"article:modified_time\" content=\"2026-03-30T14:47:12+00:00\" \/>\n<meta property=\"og:image\" content=\"https:\/\/weltlaeden.de\/reutlingen\/wp-content\/uploads\/sites\/79\/2019\/07\/KochenUndBacken.jpeg\" \/>\n\t<meta property=\"og:image:width\" content=\"480\" \/>\n\t<meta property=\"og:image:height\" content=\"480\" \/>\n\t<meta property=\"og:image:type\" content=\"image\/jpeg\" \/>\n<meta name=\"twitter:card\" content=\"summary_large_image\" \/>\n<meta name=\"twitter:label1\" content=\"Gesch\u00e4tzte Lesezeit\" \/>\n\t<meta name=\"twitter:data1\" content=\"1\u00a0Minute\" \/>\n<script type=\"application\/ld+json\" class=\"yoast-schema-graph\">{\"@context\":\"https:\/\/schema.org\",\"@graph\":[{\"@type\":\"WebPage\",\"@id\":\"https:\/\/weltlaeden.de\/reutlingen\/kochen-und-backen\/\",\"url\":\"https:\/\/weltlaeden.de\/reutlingen\/kochen-und-backen\/\",\"name\":\"Kochen und Backen - Weltladen Reutlingen\",\"isPartOf\":{\"@id\":\"https:\/\/weltlaeden.de\/reutlingen\/#website\"},\"primaryImageOfPage\":{\"@id\":\"https:\/\/weltlaeden.de\/reutlingen\/kochen-und-backen\/#primaryimage\"},\"image\":{\"@id\":\"https:\/\/weltlaeden.de\/reutlingen\/kochen-und-backen\/#primaryimage\"},\"thumbnailUrl\":\"https:\/\/weltlaeden.de\/reutlingen\/wp-content\/uploads\/sites\/79\/2026\/03\/KochenUndBacken-2026.jpg\",\"datePublished\":\"2019-07-29T15:10:29+00:00\",\"dateModified\":\"2026-03-30T14:47:12+00:00\",\"description\":\"Genie\u00dfer finden bei uns hochwertige Lebensmittel aus aller Welt. Reis, Nudeln, H\u00fclsenfr\u00fcchte und Getreide, Chutneys, Essig und \u00d6l. Unsere Kr\u00e4uter und Gew\u00fcrze eignen sich sowohl f\u00fcr die allt\u00e4gliche als auch f\u00fcr die sehr feine oder auch exotische K\u00fcche. Kommen Sie vorbei und gehen Sie auf kulinarische Erkundungstour rund um die Welt.\",\"breadcrumb\":{\"@id\":\"https:\/\/weltlaeden.de\/reutlingen\/kochen-und-backen\/#breadcrumb\"},\"inLanguage\":\"de\",\"potentialAction\":[{\"@type\":\"ReadAction\",\"target\":[\"https:\/\/weltlaeden.de\/reutlingen\/kochen-und-backen\/\"]}]},{\"@type\":\"ImageObject\",\"inLanguage\":\"de\",\"@id\":\"https:\/\/weltlaeden.de\/reutlingen\/kochen-und-backen\/#primaryimage\",\"url\":\"https:\/\/weltlaeden.de\/reutlingen\/wp-content\/uploads\/sites\/79\/2019\/07\/KochenUndBacken.jpeg\",\"contentUrl\":\"https:\/\/weltlaeden.de\/reutlingen\/wp-content\/uploads\/sites\/79\/2019\/07\/KochenUndBacken.jpeg\",\"width\":480,\"height\":480},{\"@type\":\"BreadcrumbList\",\"@id\":\"https:\/\/weltlaeden.de\/reutlingen\/kochen-und-backen\/#breadcrumb\",\"itemListElement\":[{\"@type\":\"ListItem\",\"position\":1,\"name\":\"Startseite\",\"item\":\"https:\/\/weltlaeden.de\/reutlingen\/\"},{\"@type\":\"ListItem\",\"position\":2,\"name\":\"Kochen und Backen\"}]},{\"@type\":\"WebSite\",\"@id\":\"https:\/\/weltlaeden.de\/reutlingen\/#website\",\"url\":\"https:\/\/weltlaeden.de\/reutlingen\/\",\"name\":\"Weltladen Reutlingen\",\"description\":\"Faire Produkte seit 1990\",\"potentialAction\":[{\"@type\":\"SearchAction\",\"target\":{\"@type\":\"EntryPoint\",\"urlTemplate\":\"https:\/\/weltlaeden.de\/reutlingen\/?s={search_term_string}\"},\"query-input\":{\"@type\":\"PropertyValueSpecification\",\"valueRequired\":true,\"valueName\":\"search_term_string\"}}],\"inLanguage\":\"de\"}]}<\/script>\n<!-- \/ Yoast SEO plugin. -->","yoast_head_json":{"title":"Kochen und Backen - Weltladen Reutlingen","description":"Genie\u00dfer finden bei uns hochwertige Lebensmittel aus aller Welt. Reis, Nudeln, H\u00fclsenfr\u00fcchte und Getreide, Chutneys, Essig und \u00d6l. Unsere Kr\u00e4uter und Gew\u00fcrze eignen sich sowohl f\u00fcr die allt\u00e4gliche als auch f\u00fcr die sehr feine oder auch exotische K\u00fcche. Kommen Sie vorbei und gehen Sie auf kulinarische Erkundungstour rund um die Welt.","robots":{"index":"index","follow":"follow","max-snippet":"max-snippet:-1","max-image-preview":"max-image-preview:large","max-video-preview":"max-video-preview:-1"},"canonical":"https:\/\/weltlaeden.de\/reutlingen\/kochen-und-backen\/","og_locale":"de_DE","og_type":"article","og_title":"Kochen und Backen - Weltladen Reutlingen","og_description":"Genie\u00dfer finden bei uns hochwertige Lebensmittel aus aller Welt. Reis, Nudeln, H\u00fclsenfr\u00fcchte und Getreide, Chutneys, Essig und \u00d6l. Unsere Kr\u00e4uter und Gew\u00fcrze eignen sich sowohl f\u00fcr die allt\u00e4gliche als auch f\u00fcr die sehr feine oder auch exotische K\u00fcche. Kommen Sie vorbei und gehen Sie auf kulinarische Erkundungstour rund um die Welt.","og_url":"https:\/\/weltlaeden.de\/reutlingen\/kochen-und-backen\/","og_site_name":"Weltladen Reutlingen","article_modified_time":"2026-03-30T14:47:12+00:00","og_image":[{"width":480,"height":480,"url":"https:\/\/weltlaeden.de\/reutlingen\/wp-content\/uploads\/sites\/79\/2019\/07\/KochenUndBacken.jpeg","type":"image\/jpeg"}],"twitter_card":"summary_large_image","twitter_misc":{"Gesch\u00e4tzte Lesezeit":"1\u00a0Minute"},"schema":{"@context":"https:\/\/schema.org","@graph":[{"@type":"WebPage","@id":"https:\/\/weltlaeden.de\/reutlingen\/kochen-und-backen\/","url":"https:\/\/weltlaeden.de\/reutlingen\/kochen-und-backen\/","name":"Kochen und Backen - Weltladen Reutlingen","isPartOf":{"@id":"https:\/\/weltlaeden.de\/reutlingen\/#website"},"primaryImageOfPage":{"@id":"https:\/\/weltlaeden.de\/reutlingen\/kochen-und-backen\/#primaryimage"},"image":{"@id":"https:\/\/weltlaeden.de\/reutlingen\/kochen-und-backen\/#primaryimage"},"thumbnailUrl":"https:\/\/weltlaeden.de\/reutlingen\/wp-content\/uploads\/sites\/79\/2026\/03\/KochenUndBacken-2026.jpg","datePublished":"2019-07-29T15:10:29+00:00","dateModified":"2026-03-30T14:47:12+00:00","description":"Genie\u00dfer finden bei uns hochwertige Lebensmittel aus aller Welt. Reis, Nudeln, H\u00fclsenfr\u00fcchte und Getreide, Chutneys, Essig und \u00d6l. Unsere Kr\u00e4uter und Gew\u00fcrze eignen sich sowohl f\u00fcr die allt\u00e4gliche als auch f\u00fcr die sehr feine oder auch exotische K\u00fcche. Kommen Sie vorbei und gehen Sie auf kulinarische Erkundungstour rund um die Welt.","breadcrumb":{"@id":"https:\/\/weltlaeden.de\/reutlingen\/kochen-und-backen\/#breadcrumb"},"inLanguage":"de","potentialAction":[{"@type":"ReadAction","target":["https:\/\/weltlaeden.de\/reutlingen\/kochen-und-backen\/"]}]},{"@type":"ImageObject","inLanguage":"de","@id":"https:\/\/weltlaeden.de\/reutlingen\/kochen-und-backen\/#primaryimage","url":"https:\/\/weltlaeden.de\/reutlingen\/wp-content\/uploads\/sites\/79\/2019\/07\/KochenUndBacken.jpeg","contentUrl":"https:\/\/weltlaeden.de\/reutlingen\/wp-content\/uploads\/sites\/79\/2019\/07\/KochenUndBacken.jpeg","width":480,"height":480},{"@type":"BreadcrumbList","@id":"https:\/\/weltlaeden.de\/reutlingen\/kochen-und-backen\/#breadcrumb","itemListElement":[{"@type":"ListItem","position":1,"name":"Startseite","item":"https:\/\/weltlaeden.de\/reutlingen\/"},{"@type":"ListItem","position":2,"name":"Kochen und Backen"}]},{"@type":"WebSite","@id":"https:\/\/weltlaeden.de\/reutlingen\/#website","url":"https:\/\/weltlaeden.de\/reutlingen\/","name":"Weltladen Reutlingen","description":"Faire Produkte seit 1990","potentialAction":[{"@type":"SearchAction","target":{"@type":"EntryPoint","urlTemplate":"https:\/\/weltlaeden.de\/reutlingen\/?s={search_term_string}"},"query-input":{"@type":"PropertyValueSpecification","valueRequired":true,"valueName":"search_term_string"}}],"inLanguage":"de"}]}},"_links":{"self":[{"href":"https:\/\/weltlaeden.de\/reutlingen\/wp-json\/wp\/v2\/pages\/780","targetHints":{"allow":["GET"]}}],"collection":[{"href":"https:\/\/weltlaeden.de\/reutlingen\/wp-json\/wp\/v2\/pages"}],"about":[{"href":"https:\/\/weltlaeden.de\/reutlingen\/wp-json\/wp\/v2\/types\/page"}],"author":[{"embeddable":true,"href":"https:\/\/weltlaeden.de\/reutlingen\/wp-json\/wp\/v2\/users\/14"}],"replies":[{"embeddable":true,"href":"https:\/\/weltlaeden.de\/reutlingen\/wp-json\/wp\/v2\/comments?post=780"}],"version-history":[{"count":5,"href":"https:\/\/weltlaeden.de\/reutlingen\/wp-json\/wp\/v2\/pages\/780\/revisions"}],"predecessor-version":[{"id":2825,"href":"https:\/\/weltlaeden.de\/reutlingen\/wp-json\/wp\/v2\/pages\/780\/revisions\/2825"}],"wp:attachment":[{"href":"https:\/\/weltlaeden.de\/reutlingen\/wp-json\/wp\/v2\/media?parent=780"}],"curies":[{"name":"wp","href":"https:\/\/api.w.org\/{rel}","templated":true}]}}