{"id":778,"date":"2019-07-29T17:07:43","date_gmt":"2019-07-29T15:07:43","guid":{"rendered":"https:\/\/weltlaeden.de\/reutlingen\/kaffee-5\/"},"modified":"2022-01-08T14:00:55","modified_gmt":"2022-01-08T13:00:55","slug":"bananen","status":"publish","type":"page","link":"https:\/\/weltlaeden.de\/reutlingen\/bananen\/","title":{"rendered":"Bananen"},"content":{"rendered":"<div class=\"wpb-content-wrapper\"><p>[vc_row][vc_column][vc_empty_space][vc_column_text]<\/p>\n<h1>Bananen<\/h1>\n<p><img loading=\"lazy\" decoding=\"async\" class=\"size-medium wp-image-735 alignleft\" src=\"https:\/\/weltlaeden.de\/reutlingen\/wp-content\/uploads\/sites\/79\/2019\/07\/Bananen-300x300.jpg\" alt=\"\" width=\"300\" height=\"300\" srcset=\"https:\/\/weltlaeden.de\/reutlingen\/wp-content\/uploads\/sites\/79\/2019\/07\/Bananen-300x300.jpg 300w, https:\/\/weltlaeden.de\/reutlingen\/wp-content\/uploads\/sites\/79\/2019\/07\/Bananen-150x150.jpg 150w, https:\/\/weltlaeden.de\/reutlingen\/wp-content\/uploads\/sites\/79\/2019\/07\/Bananen-768x768.jpg 768w, https:\/\/weltlaeden.de\/reutlingen\/wp-content\/uploads\/sites\/79\/2019\/07\/Bananen-1024x1024.jpg 1024w\" sizes=\"auto, (max-width: 300px) 100vw, 300px\" \/><strong>Make fruits fair<\/strong><\/p>\n<p>Die Banane ist die zweitbeliebteste Frucht der Deutschen, gleich nach dem Apfel. Auch weltweit w\u00e4chst der Handel mit tropischen Fr\u00fcchten wie Bananen, Ananas, Mangos und Orangen sehr schnell. Die Kehrseite: Die Verletzung von Arbeitsrechten und mangelhafter Umweltschutz sind im tropischen Fr\u00fcchte-Sektor h\u00e4ufig an der Tagesordnung.<\/p>\n<p><strong>Wir machen den Unterschied!<\/strong><br \/>\nSie erhalten bei uns garantiert nur Bio-Bananen aus Fairem Handel von BanaFair e.V. Sie kommen vom Kleinbauernverband UROCAL aus Ecuador. Etwa 120 Familien in der K\u00fcstenregion im S\u00fcden des Landes bauen auf kleinen Fl\u00e4chen Kakao und Bananen an, ohne chemischen D\u00fcnger und Pestizide.<\/p>\n<p>Ihnen garantiert BanaFair stabile Preise und langfristige Handelsbeziehungen. Die Bauernfamilien erzielen ein existenzsicherndes Einkommen. UROCAL erh\u00e4lt einen Mehrpreis f\u00fcr Gemeinschaftsaufgaben im sozialen Bereich, f\u00fcr Gesundheitserziehung, fachliche Weiterbildung, Programme f\u00fcr Kinder und Jugendliche oder zur Sicherstellung der Selbstversorgung der Familien.[\/vc_column_text][\/vc_column][\/vc_row]<\/p>\n<\/div>","protected":false},"excerpt":{"rendered":"<p>[vc_row][vc_column][vc_empty_space][vc_column_text] Bananen Make fruits fair Die Banane ist die zweitbeliebteste Frucht der Deutschen, gleich nach dem Apfel. Auch weltweit w\u00e4chst der Handel mit tropischen Fr\u00fcchten wie Bananen, Ananas, Mangos und Orangen sehr schnell. Die Kehrseite: Die Verletzung von Arbeitsrechten und mangelhafter Umweltschutz sind im tropischen Fr\u00fcchte-Sektor h\u00e4ufig an der Tagesordnung. Wir machen den Unterschied! Sie&hellip;<\/p>\n","protected":false},"author":14,"featured_media":0,"parent":0,"menu_order":21,"comment_status":"closed","ping_status":"closed","template":"","meta":{"footnotes":""},"class_list":["post-778","page","type-page","status-publish","hentry","description-off"],"yoast_head":"<!-- This site is optimized with the Yoast SEO plugin v26.8 - https:\/\/yoast.com\/product\/yoast-seo-wordpress\/ -->\n<title>Bananen - Weltladen Reutlingen<\/title>\n<meta name=\"description\" content=\"Die Banane ist die zweitbeliebteste Frucht der Deutschen, gleich nach dem Apfel. Auch weltweit w\u00e4chst der Handel mit tropischen Fr\u00fcchten wie Bananen, Ananas, Mangos und Orangen sehr schnell. Die Kehrseite: Die Verletzung von Arbeitsrechten und mangelhafter Umweltschutz sind im tropischen Fr\u00fcchte-Sektor h\u00e4ufig an der Tagesordnung.\" \/>\n<meta name=\"robots\" content=\"index, follow, max-snippet:-1, max-image-preview:large, max-video-preview:-1\" \/>\n<link rel=\"canonical\" href=\"https:\/\/weltlaeden.de\/reutlingen\/bananen\/\" \/>\n<meta property=\"og:locale\" content=\"de_DE\" \/>\n<meta property=\"og:type\" content=\"article\" \/>\n<meta property=\"og:title\" content=\"Bananen - Weltladen Reutlingen\" \/>\n<meta property=\"og:description\" content=\"Die Banane ist die zweitbeliebteste Frucht der Deutschen, gleich nach dem Apfel. Auch weltweit w\u00e4chst der Handel mit tropischen Fr\u00fcchten wie Bananen, Ananas, Mangos und Orangen sehr schnell. Die Kehrseite: Die Verletzung von Arbeitsrechten und mangelhafter Umweltschutz sind im tropischen Fr\u00fcchte-Sektor h\u00e4ufig an der Tagesordnung.\" \/>\n<meta property=\"og:url\" content=\"https:\/\/weltlaeden.de\/reutlingen\/bananen\/\" \/>\n<meta property=\"og:site_name\" content=\"Weltladen Reutlingen\" \/>\n<meta property=\"article:modified_time\" content=\"2022-01-08T13:00:55+00:00\" \/>\n<meta property=\"og:image\" content=\"https:\/\/weltlaeden.de\/reutlingen\/wp-content\/uploads\/sites\/79\/2019\/07\/Bananen-300x300.jpg\" \/>\n<meta name=\"twitter:card\" content=\"summary_large_image\" \/>\n<meta name=\"twitter:label1\" content=\"Gesch\u00e4tzte Lesezeit\" \/>\n\t<meta name=\"twitter:data1\" content=\"1\u00a0Minute\" \/>\n<script type=\"application\/ld+json\" class=\"yoast-schema-graph\">{\"@context\":\"https:\/\/schema.org\",\"@graph\":[{\"@type\":\"WebPage\",\"@id\":\"https:\/\/weltlaeden.de\/reutlingen\/bananen\/\",\"url\":\"https:\/\/weltlaeden.de\/reutlingen\/bananen\/\",\"name\":\"Bananen - Weltladen Reutlingen\",\"isPartOf\":{\"@id\":\"https:\/\/weltlaeden.de\/reutlingen\/#website\"},\"primaryImageOfPage\":{\"@id\":\"https:\/\/weltlaeden.de\/reutlingen\/bananen\/#primaryimage\"},\"image\":{\"@id\":\"https:\/\/weltlaeden.de\/reutlingen\/bananen\/#primaryimage\"},\"thumbnailUrl\":\"https:\/\/weltlaeden.de\/reutlingen\/wp-content\/uploads\/sites\/79\/2019\/07\/Bananen-300x300.jpg\",\"datePublished\":\"2019-07-29T15:07:43+00:00\",\"dateModified\":\"2022-01-08T13:00:55+00:00\",\"description\":\"Die Banane ist die zweitbeliebteste Frucht der Deutschen, gleich nach dem Apfel. Auch weltweit w\u00e4chst der Handel mit tropischen Fr\u00fcchten wie Bananen, Ananas, Mangos und Orangen sehr schnell. Die Kehrseite: Die Verletzung von Arbeitsrechten und mangelhafter Umweltschutz sind im tropischen Fr\u00fcchte-Sektor h\u00e4ufig an der Tagesordnung.\",\"breadcrumb\":{\"@id\":\"https:\/\/weltlaeden.de\/reutlingen\/bananen\/#breadcrumb\"},\"inLanguage\":\"de\",\"potentialAction\":[{\"@type\":\"ReadAction\",\"target\":[\"https:\/\/weltlaeden.de\/reutlingen\/bananen\/\"]}]},{\"@type\":\"ImageObject\",\"inLanguage\":\"de\",\"@id\":\"https:\/\/weltlaeden.de\/reutlingen\/bananen\/#primaryimage\",\"url\":\"https:\/\/weltlaeden.de\/reutlingen\/wp-content\/uploads\/sites\/79\/2019\/07\/Bananen.jpg\",\"contentUrl\":\"https:\/\/weltlaeden.de\/reutlingen\/wp-content\/uploads\/sites\/79\/2019\/07\/Bananen.jpg\",\"width\":2560,\"height\":2560},{\"@type\":\"BreadcrumbList\",\"@id\":\"https:\/\/weltlaeden.de\/reutlingen\/bananen\/#breadcrumb\",\"itemListElement\":[{\"@type\":\"ListItem\",\"position\":1,\"name\":\"Startseite\",\"item\":\"https:\/\/weltlaeden.de\/reutlingen\/\"},{\"@type\":\"ListItem\",\"position\":2,\"name\":\"Bananen\"}]},{\"@type\":\"WebSite\",\"@id\":\"https:\/\/weltlaeden.de\/reutlingen\/#website\",\"url\":\"https:\/\/weltlaeden.de\/reutlingen\/\",\"name\":\"Weltladen Reutlingen\",\"description\":\"Faire Produkte seit 1990\",\"potentialAction\":[{\"@type\":\"SearchAction\",\"target\":{\"@type\":\"EntryPoint\",\"urlTemplate\":\"https:\/\/weltlaeden.de\/reutlingen\/?s={search_term_string}\"},\"query-input\":{\"@type\":\"PropertyValueSpecification\",\"valueRequired\":true,\"valueName\":\"search_term_string\"}}],\"inLanguage\":\"de\"}]}<\/script>\n<!-- \/ Yoast SEO plugin. -->","yoast_head_json":{"title":"Bananen - Weltladen Reutlingen","description":"Die Banane ist die zweitbeliebteste Frucht der Deutschen, gleich nach dem Apfel. Auch weltweit w\u00e4chst der Handel mit tropischen Fr\u00fcchten wie Bananen, Ananas, Mangos und Orangen sehr schnell. Die Kehrseite: Die Verletzung von Arbeitsrechten und mangelhafter Umweltschutz sind im tropischen Fr\u00fcchte-Sektor h\u00e4ufig an der Tagesordnung.","robots":{"index":"index","follow":"follow","max-snippet":"max-snippet:-1","max-image-preview":"max-image-preview:large","max-video-preview":"max-video-preview:-1"},"canonical":"https:\/\/weltlaeden.de\/reutlingen\/bananen\/","og_locale":"de_DE","og_type":"article","og_title":"Bananen - Weltladen Reutlingen","og_description":"Die Banane ist die zweitbeliebteste Frucht der Deutschen, gleich nach dem Apfel. Auch weltweit w\u00e4chst der Handel mit tropischen Fr\u00fcchten wie Bananen, Ananas, Mangos und Orangen sehr schnell. Die Kehrseite: Die Verletzung von Arbeitsrechten und mangelhafter Umweltschutz sind im tropischen Fr\u00fcchte-Sektor h\u00e4ufig an der Tagesordnung.","og_url":"https:\/\/weltlaeden.de\/reutlingen\/bananen\/","og_site_name":"Weltladen Reutlingen","article_modified_time":"2022-01-08T13:00:55+00:00","og_image":[{"url":"https:\/\/weltlaeden.de\/reutlingen\/wp-content\/uploads\/sites\/79\/2019\/07\/Bananen-300x300.jpg","type":"","width":"","height":""}],"twitter_card":"summary_large_image","twitter_misc":{"Gesch\u00e4tzte Lesezeit":"1\u00a0Minute"},"schema":{"@context":"https:\/\/schema.org","@graph":[{"@type":"WebPage","@id":"https:\/\/weltlaeden.de\/reutlingen\/bananen\/","url":"https:\/\/weltlaeden.de\/reutlingen\/bananen\/","name":"Bananen - Weltladen Reutlingen","isPartOf":{"@id":"https:\/\/weltlaeden.de\/reutlingen\/#website"},"primaryImageOfPage":{"@id":"https:\/\/weltlaeden.de\/reutlingen\/bananen\/#primaryimage"},"image":{"@id":"https:\/\/weltlaeden.de\/reutlingen\/bananen\/#primaryimage"},"thumbnailUrl":"https:\/\/weltlaeden.de\/reutlingen\/wp-content\/uploads\/sites\/79\/2019\/07\/Bananen-300x300.jpg","datePublished":"2019-07-29T15:07:43+00:00","dateModified":"2022-01-08T13:00:55+00:00","description":"Die Banane ist die zweitbeliebteste Frucht der Deutschen, gleich nach dem Apfel. Auch weltweit w\u00e4chst der Handel mit tropischen Fr\u00fcchten wie Bananen, Ananas, Mangos und Orangen sehr schnell. Die Kehrseite: Die Verletzung von Arbeitsrechten und mangelhafter Umweltschutz sind im tropischen Fr\u00fcchte-Sektor h\u00e4ufig an der Tagesordnung.","breadcrumb":{"@id":"https:\/\/weltlaeden.de\/reutlingen\/bananen\/#breadcrumb"},"inLanguage":"de","potentialAction":[{"@type":"ReadAction","target":["https:\/\/weltlaeden.de\/reutlingen\/bananen\/"]}]},{"@type":"ImageObject","inLanguage":"de","@id":"https:\/\/weltlaeden.de\/reutlingen\/bananen\/#primaryimage","url":"https:\/\/weltlaeden.de\/reutlingen\/wp-content\/uploads\/sites\/79\/2019\/07\/Bananen.jpg","contentUrl":"https:\/\/weltlaeden.de\/reutlingen\/wp-content\/uploads\/sites\/79\/2019\/07\/Bananen.jpg","width":2560,"height":2560},{"@type":"BreadcrumbList","@id":"https:\/\/weltlaeden.de\/reutlingen\/bananen\/#breadcrumb","itemListElement":[{"@type":"ListItem","position":1,"name":"Startseite","item":"https:\/\/weltlaeden.de\/reutlingen\/"},{"@type":"ListItem","position":2,"name":"Bananen"}]},{"@type":"WebSite","@id":"https:\/\/weltlaeden.de\/reutlingen\/#website","url":"https:\/\/weltlaeden.de\/reutlingen\/","name":"Weltladen Reutlingen","description":"Faire Produkte seit 1990","potentialAction":[{"@type":"SearchAction","target":{"@type":"EntryPoint","urlTemplate":"https:\/\/weltlaeden.de\/reutlingen\/?s={search_term_string}"},"query-input":{"@type":"PropertyValueSpecification","valueRequired":true,"valueName":"search_term_string"}}],"inLanguage":"de"}]}},"_links":{"self":[{"href":"https:\/\/weltlaeden.de\/reutlingen\/wp-json\/wp\/v2\/pages\/778","targetHints":{"allow":["GET"]}}],"collection":[{"href":"https:\/\/weltlaeden.de\/reutlingen\/wp-json\/wp\/v2\/pages"}],"about":[{"href":"https:\/\/weltlaeden.de\/reutlingen\/wp-json\/wp\/v2\/types\/page"}],"author":[{"embeddable":true,"href":"https:\/\/weltlaeden.de\/reutlingen\/wp-json\/wp\/v2\/users\/14"}],"replies":[{"embeddable":true,"href":"https:\/\/weltlaeden.de\/reutlingen\/wp-json\/wp\/v2\/comments?post=778"}],"version-history":[{"count":5,"href":"https:\/\/weltlaeden.de\/reutlingen\/wp-json\/wp\/v2\/pages\/778\/revisions"}],"predecessor-version":[{"id":2090,"href":"https:\/\/weltlaeden.de\/reutlingen\/wp-json\/wp\/v2\/pages\/778\/revisions\/2090"}],"wp:attachment":[{"href":"https:\/\/weltlaeden.de\/reutlingen\/wp-json\/wp\/v2\/media?parent=778"}],"curies":[{"name":"wp","href":"https:\/\/api.w.org\/{rel}","templated":true}]}}