{"id":768,"date":"2019-07-29T17:02:01","date_gmt":"2019-07-29T15:02:01","guid":{"rendered":"https:\/\/weltlaeden.de\/reutlingen\/kaffee-2\/"},"modified":"2026-03-30T16:45:22","modified_gmt":"2026-03-30T14:45:22","slug":"tee","status":"publish","type":"page","link":"https:\/\/weltlaeden.de\/reutlingen\/tee\/","title":{"rendered":"Tee"},"content":{"rendered":"<div class=\"wpb-content-wrapper\"><p>[vc_row][vc_column][vc_empty_space][vc_column_text]<\/p>\n<h1>Tee<\/h1>\n<div style=\"float: left;margin-bottom: 70px\"><img loading=\"lazy\" decoding=\"async\" class=\"size-medium wp-image-744 alignleft\" src=\"https:\/\/weltlaeden.de\/reutlingen\/wp-content\/uploads\/sites\/79\/2026\/03\/Tee-2026.jpg\" alt=\"\" width=\"384\" height=\"384\" \/><\/div>\n<div><strong>Tee aus \u00f6kologischem Anbau<\/strong><\/p>\n<p>Ob wei\u00dfer, gr\u00fcner oder schwarzer Tee, Rooibos, Bl\u00fcten- oder Fr\u00fcchtetee, jede Sorte hat ihren ganz eigenen Reiz und bet\u00f6rt durch unterschiedlichste Aromen, D\u00fcfte und phantasievolle Kreationen. Wir f\u00fchren eine gro\u00dfe Auswahl von Teesorten, die ausschlie\u00dflich aus \u00f6kologischem Anbau stammen.<\/p>\n<ul>\n<li>Kr\u00e4uter- und Fr\u00fcchtetee<\/li>\n<li>Gew\u00fcrztee<\/li>\n<li>Matetee<\/li>\n<li>Gr\u00fcntee<\/li>\n<li>Schwarztee<\/li>\n<li>Wei\u00dfer Tee<\/li>\n<li>Wellnesstee und ayurvedischer Tee<\/li>\n<li>Fastentee<\/li>\n<\/ul>\n<\/div>\n<p>[\/vc_column_text][\/vc_column][\/vc_row]<\/p>\n<\/div>","protected":false},"excerpt":{"rendered":"<p>[vc_row][vc_column][vc_empty_space][vc_column_text] Tee Tee aus \u00f6kologischem Anbau Ob wei\u00dfer, gr\u00fcner oder schwarzer Tee, Rooibos, Bl\u00fcten- oder Fr\u00fcchtetee, jede Sorte hat ihren ganz eigenen Reiz und bet\u00f6rt durch unterschiedlichste Aromen, D\u00fcfte und phantasievolle Kreationen. Wir f\u00fchren eine gro\u00dfe Auswahl von Teesorten, die ausschlie\u00dflich aus \u00f6kologischem Anbau stammen. Kr\u00e4uter- und Fr\u00fcchtetee Gew\u00fcrztee Matetee Gr\u00fcntee Schwarztee Wei\u00dfer Tee Wellnesstee&hellip;<\/p>\n","protected":false},"author":14,"featured_media":0,"parent":0,"menu_order":18,"comment_status":"closed","ping_status":"closed","template":"","meta":{"footnotes":""},"class_list":["post-768","page","type-page","status-publish","hentry","description-off"],"yoast_head":"<!-- This site is optimized with the Yoast SEO plugin v26.8 - https:\/\/yoast.com\/product\/yoast-seo-wordpress\/ -->\n<title>Tee - Weltladen Reutlingen<\/title>\n<meta name=\"description\" content=\"Ob wei\u00dfer, gr\u00fcner oder schwarzer Tee, Rooibos, Bl\u00fcten- oder Fr\u00fcchtetee, jede Sorte hat ihren ganz eigenen Reiz und bet\u00f6rt durch unterschiedlichste Aromen, D\u00fcfte und phantasievolle Kreationen. Wir f\u00fchren eine gro\u00dfe Auswahl von Teesorten, die ausschlie\u00dflich aus \u00f6kologischem Anbau stammen.\" \/>\n<meta name=\"robots\" content=\"index, follow, max-snippet:-1, max-image-preview:large, max-video-preview:-1\" \/>\n<link rel=\"canonical\" href=\"https:\/\/weltlaeden.de\/reutlingen\/tee\/\" \/>\n<meta property=\"og:locale\" content=\"de_DE\" \/>\n<meta property=\"og:type\" content=\"article\" \/>\n<meta property=\"og:title\" content=\"Tee - Weltladen Reutlingen\" \/>\n<meta property=\"og:description\" content=\"Ob wei\u00dfer, gr\u00fcner oder schwarzer Tee, Rooibos, Bl\u00fcten- oder Fr\u00fcchtetee, jede Sorte hat ihren ganz eigenen Reiz und bet\u00f6rt durch unterschiedlichste Aromen, D\u00fcfte und phantasievolle Kreationen. Wir f\u00fchren eine gro\u00dfe Auswahl von Teesorten, die ausschlie\u00dflich aus \u00f6kologischem Anbau stammen.\" \/>\n<meta property=\"og:url\" content=\"https:\/\/weltlaeden.de\/reutlingen\/tee\/\" \/>\n<meta property=\"og:site_name\" content=\"Weltladen Reutlingen\" \/>\n<meta property=\"article:modified_time\" content=\"2026-03-30T14:45:22+00:00\" \/>\n<meta property=\"og:image\" content=\"https:\/\/weltlaeden.de\/reutlingen\/wp-content\/uploads\/sites\/79\/2019\/07\/Tee.jpeg\" \/>\n\t<meta property=\"og:image:width\" content=\"480\" \/>\n\t<meta property=\"og:image:height\" content=\"480\" \/>\n\t<meta property=\"og:image:type\" content=\"image\/jpeg\" \/>\n<meta name=\"twitter:card\" content=\"summary_large_image\" \/>\n<meta name=\"twitter:label1\" content=\"Gesch\u00e4tzte Lesezeit\" \/>\n\t<meta name=\"twitter:data1\" content=\"1\u00a0Minute\" \/>\n<script type=\"application\/ld+json\" class=\"yoast-schema-graph\">{\"@context\":\"https:\/\/schema.org\",\"@graph\":[{\"@type\":\"WebPage\",\"@id\":\"https:\/\/weltlaeden.de\/reutlingen\/tee\/\",\"url\":\"https:\/\/weltlaeden.de\/reutlingen\/tee\/\",\"name\":\"Tee - Weltladen Reutlingen\",\"isPartOf\":{\"@id\":\"https:\/\/weltlaeden.de\/reutlingen\/#website\"},\"primaryImageOfPage\":{\"@id\":\"https:\/\/weltlaeden.de\/reutlingen\/tee\/#primaryimage\"},\"image\":{\"@id\":\"https:\/\/weltlaeden.de\/reutlingen\/tee\/#primaryimage\"},\"thumbnailUrl\":\"https:\/\/weltlaeden.de\/reutlingen\/wp-content\/uploads\/sites\/79\/2026\/03\/Tee-2026.jpg\",\"datePublished\":\"2019-07-29T15:02:01+00:00\",\"dateModified\":\"2026-03-30T14:45:22+00:00\",\"description\":\"Ob wei\u00dfer, gr\u00fcner oder schwarzer Tee, Rooibos, Bl\u00fcten- oder Fr\u00fcchtetee, jede Sorte hat ihren ganz eigenen Reiz und bet\u00f6rt durch unterschiedlichste Aromen, D\u00fcfte und phantasievolle Kreationen. Wir f\u00fchren eine gro\u00dfe Auswahl von Teesorten, die ausschlie\u00dflich aus \u00f6kologischem Anbau stammen.\",\"breadcrumb\":{\"@id\":\"https:\/\/weltlaeden.de\/reutlingen\/tee\/#breadcrumb\"},\"inLanguage\":\"de\",\"potentialAction\":[{\"@type\":\"ReadAction\",\"target\":[\"https:\/\/weltlaeden.de\/reutlingen\/tee\/\"]}]},{\"@type\":\"ImageObject\",\"inLanguage\":\"de\",\"@id\":\"https:\/\/weltlaeden.de\/reutlingen\/tee\/#primaryimage\",\"url\":\"https:\/\/weltlaeden.de\/reutlingen\/wp-content\/uploads\/sites\/79\/2019\/07\/Tee.jpeg\",\"contentUrl\":\"https:\/\/weltlaeden.de\/reutlingen\/wp-content\/uploads\/sites\/79\/2019\/07\/Tee.jpeg\",\"width\":480,\"height\":480},{\"@type\":\"BreadcrumbList\",\"@id\":\"https:\/\/weltlaeden.de\/reutlingen\/tee\/#breadcrumb\",\"itemListElement\":[{\"@type\":\"ListItem\",\"position\":1,\"name\":\"Startseite\",\"item\":\"https:\/\/weltlaeden.de\/reutlingen\/\"},{\"@type\":\"ListItem\",\"position\":2,\"name\":\"Tee\"}]},{\"@type\":\"WebSite\",\"@id\":\"https:\/\/weltlaeden.de\/reutlingen\/#website\",\"url\":\"https:\/\/weltlaeden.de\/reutlingen\/\",\"name\":\"Weltladen Reutlingen\",\"description\":\"Faire Produkte seit 1990\",\"potentialAction\":[{\"@type\":\"SearchAction\",\"target\":{\"@type\":\"EntryPoint\",\"urlTemplate\":\"https:\/\/weltlaeden.de\/reutlingen\/?s={search_term_string}\"},\"query-input\":{\"@type\":\"PropertyValueSpecification\",\"valueRequired\":true,\"valueName\":\"search_term_string\"}}],\"inLanguage\":\"de\"}]}<\/script>\n<!-- \/ Yoast SEO plugin. -->","yoast_head_json":{"title":"Tee - Weltladen Reutlingen","description":"Ob wei\u00dfer, gr\u00fcner oder schwarzer Tee, Rooibos, Bl\u00fcten- oder Fr\u00fcchtetee, jede Sorte hat ihren ganz eigenen Reiz und bet\u00f6rt durch unterschiedlichste Aromen, D\u00fcfte und phantasievolle Kreationen. Wir f\u00fchren eine gro\u00dfe Auswahl von Teesorten, die ausschlie\u00dflich aus \u00f6kologischem Anbau stammen.","robots":{"index":"index","follow":"follow","max-snippet":"max-snippet:-1","max-image-preview":"max-image-preview:large","max-video-preview":"max-video-preview:-1"},"canonical":"https:\/\/weltlaeden.de\/reutlingen\/tee\/","og_locale":"de_DE","og_type":"article","og_title":"Tee - Weltladen Reutlingen","og_description":"Ob wei\u00dfer, gr\u00fcner oder schwarzer Tee, Rooibos, Bl\u00fcten- oder Fr\u00fcchtetee, jede Sorte hat ihren ganz eigenen Reiz und bet\u00f6rt durch unterschiedlichste Aromen, D\u00fcfte und phantasievolle Kreationen. Wir f\u00fchren eine gro\u00dfe Auswahl von Teesorten, die ausschlie\u00dflich aus \u00f6kologischem Anbau stammen.","og_url":"https:\/\/weltlaeden.de\/reutlingen\/tee\/","og_site_name":"Weltladen Reutlingen","article_modified_time":"2026-03-30T14:45:22+00:00","og_image":[{"width":480,"height":480,"url":"https:\/\/weltlaeden.de\/reutlingen\/wp-content\/uploads\/sites\/79\/2019\/07\/Tee.jpeg","type":"image\/jpeg"}],"twitter_card":"summary_large_image","twitter_misc":{"Gesch\u00e4tzte Lesezeit":"1\u00a0Minute"},"schema":{"@context":"https:\/\/schema.org","@graph":[{"@type":"WebPage","@id":"https:\/\/weltlaeden.de\/reutlingen\/tee\/","url":"https:\/\/weltlaeden.de\/reutlingen\/tee\/","name":"Tee - Weltladen Reutlingen","isPartOf":{"@id":"https:\/\/weltlaeden.de\/reutlingen\/#website"},"primaryImageOfPage":{"@id":"https:\/\/weltlaeden.de\/reutlingen\/tee\/#primaryimage"},"image":{"@id":"https:\/\/weltlaeden.de\/reutlingen\/tee\/#primaryimage"},"thumbnailUrl":"https:\/\/weltlaeden.de\/reutlingen\/wp-content\/uploads\/sites\/79\/2026\/03\/Tee-2026.jpg","datePublished":"2019-07-29T15:02:01+00:00","dateModified":"2026-03-30T14:45:22+00:00","description":"Ob wei\u00dfer, gr\u00fcner oder schwarzer Tee, Rooibos, Bl\u00fcten- oder Fr\u00fcchtetee, jede Sorte hat ihren ganz eigenen Reiz und bet\u00f6rt durch unterschiedlichste Aromen, D\u00fcfte und phantasievolle Kreationen. Wir f\u00fchren eine gro\u00dfe Auswahl von Teesorten, die ausschlie\u00dflich aus \u00f6kologischem Anbau stammen.","breadcrumb":{"@id":"https:\/\/weltlaeden.de\/reutlingen\/tee\/#breadcrumb"},"inLanguage":"de","potentialAction":[{"@type":"ReadAction","target":["https:\/\/weltlaeden.de\/reutlingen\/tee\/"]}]},{"@type":"ImageObject","inLanguage":"de","@id":"https:\/\/weltlaeden.de\/reutlingen\/tee\/#primaryimage","url":"https:\/\/weltlaeden.de\/reutlingen\/wp-content\/uploads\/sites\/79\/2019\/07\/Tee.jpeg","contentUrl":"https:\/\/weltlaeden.de\/reutlingen\/wp-content\/uploads\/sites\/79\/2019\/07\/Tee.jpeg","width":480,"height":480},{"@type":"BreadcrumbList","@id":"https:\/\/weltlaeden.de\/reutlingen\/tee\/#breadcrumb","itemListElement":[{"@type":"ListItem","position":1,"name":"Startseite","item":"https:\/\/weltlaeden.de\/reutlingen\/"},{"@type":"ListItem","position":2,"name":"Tee"}]},{"@type":"WebSite","@id":"https:\/\/weltlaeden.de\/reutlingen\/#website","url":"https:\/\/weltlaeden.de\/reutlingen\/","name":"Weltladen Reutlingen","description":"Faire Produkte seit 1990","potentialAction":[{"@type":"SearchAction","target":{"@type":"EntryPoint","urlTemplate":"https:\/\/weltlaeden.de\/reutlingen\/?s={search_term_string}"},"query-input":{"@type":"PropertyValueSpecification","valueRequired":true,"valueName":"search_term_string"}}],"inLanguage":"de"}]}},"_links":{"self":[{"href":"https:\/\/weltlaeden.de\/reutlingen\/wp-json\/wp\/v2\/pages\/768","targetHints":{"allow":["GET"]}}],"collection":[{"href":"https:\/\/weltlaeden.de\/reutlingen\/wp-json\/wp\/v2\/pages"}],"about":[{"href":"https:\/\/weltlaeden.de\/reutlingen\/wp-json\/wp\/v2\/types\/page"}],"author":[{"embeddable":true,"href":"https:\/\/weltlaeden.de\/reutlingen\/wp-json\/wp\/v2\/users\/14"}],"replies":[{"embeddable":true,"href":"https:\/\/weltlaeden.de\/reutlingen\/wp-json\/wp\/v2\/comments?post=768"}],"version-history":[{"count":7,"href":"https:\/\/weltlaeden.de\/reutlingen\/wp-json\/wp\/v2\/pages\/768\/revisions"}],"predecessor-version":[{"id":2823,"href":"https:\/\/weltlaeden.de\/reutlingen\/wp-json\/wp\/v2\/pages\/768\/revisions\/2823"}],"wp:attachment":[{"href":"https:\/\/weltlaeden.de\/reutlingen\/wp-json\/wp\/v2\/media?parent=768"}],"curies":[{"name":"wp","href":"https:\/\/api.w.org\/{rel}","templated":true}]}}