{"id":431,"date":"2019-02-20T16:56:12","date_gmt":"2019-02-20T15:56:12","guid":{"rendered":"https:\/\/weltlaeden.de\/reutlingen\/?page_id=431"},"modified":"2025-10-21T09:35:36","modified_gmt":"2025-10-21T07:35:36","slug":"verein","status":"publish","type":"page","link":"https:\/\/weltlaeden.de\/reutlingen\/verein\/","title":{"rendered":"Verein"},"content":{"rendered":"<div class=\"wpb-content-wrapper\"><p>[vc_row][vc_column]<div class=\"wl_einzelbild\"><p><img loading=\"lazy\" decoding=\"async\" class=\" wp-image-641 alignleft\" src=\"https:\/\/weltlaeden.de\/reutlingen\/wp-content\/uploads\/sites\/79\/2019\/07\/Collage_Verein_EA-300x130.jpg\" alt=\"\" width=\"858\" height=\"372\" srcset=\"https:\/\/weltlaeden.de\/reutlingen\/wp-content\/uploads\/sites\/79\/2019\/07\/Collage_Verein_EA-300x130.jpg 300w, https:\/\/weltlaeden.de\/reutlingen\/wp-content\/uploads\/sites\/79\/2019\/07\/Collage_Verein_EA-768x332.jpg 768w, https:\/\/weltlaeden.de\/reutlingen\/wp-content\/uploads\/sites\/79\/2019\/07\/Collage_Verein_EA.jpg 787w\" sizes=\"auto, (max-width: 858px) 100vw, 858px\" \/><\/p><\/div>[\/vc_column][\/vc_row][vc_row][vc_column][vc_empty_space][vc_column_text]<\/p>\n<h1>Der Verein \u2013 Engagement f\u00fcr eine gerechtere Welt<\/h1>\n<h2>Wie alles begann<\/h2>\n<p>Am 13. September 1993 wurde der\u00a0<i>Eine Welt Verein Reutlingen e.V.<\/i>\u00a0gegr\u00fcndet \u2013 aus einer Initiative des \u201e\u00d6kumenischen Arbeitskreises f\u00fcr Gerechtigkeit, Frieden und Bewahrung der Sch\u00f6pfung\u201c. Was mit einem kleinen Marktstand begann, wurde am 26. November 1994 zum ersten festen Ladenlokal gegen\u00fcber der Marienkirche. Heute betreibt der Verein den Weltladen in der Rathausstra\u00dfe 10 \u2013 modern, einladend und mitten in der Stadt.<br \/>\n&nbsp;<\/p>\n<h2>Was uns ausmacht<\/h2>\n<p>Der Verein ist als gemeinn\u00fctzig anerkannt und z\u00e4hlt \u00fcber 100 Mitglieder. Rund 40 Ehrenamtliche engagieren sich im Ladenbetrieb unterst\u00fctzt von einer hauptamtlichen Ladenleitung, in der Bildungsarbeit und bei Veranstaltungen. Der Weltladen ist nicht nur ein Ort des fairen Handels, sondern auch ein Lernort f\u00fcr globale Gerechtigkeit.<br \/>\n&nbsp;<\/p>\n<h2>Unsere Ziele<\/h2>\n<p>Wir wollen das Verst\u00e4ndnis f\u00fcr andere Kulturen f\u00f6rdern und ein Bewusstsein f\u00fcr globale Zusammenh\u00e4nge schaffen. Mit unserer Bildungs- und \u00d6ffentlichkeitsarbeit setzen wir uns f\u00fcr eine gerechte und nachhaltige Entwicklung ein \u2013 seit \u00fcber 30 Jahren.<br \/>\n&nbsp;<\/p>\n<h2>Was wir tun<\/h2>\n<ul>\n<li><strong>Bildungsveranstaltungen<\/strong>\u00a0zu Themen wie faire Kleidung, Klimagerechtigkeit, nachhaltiger Konsum<\/li>\n<li><strong>Kooperationen mit Schulen, Kirchengemeinden und Bildungseinrichtungen<\/strong><\/li>\n<li><strong>Politisches Engagement<\/strong>\u00a0mit Diskussionsrunden, Stellungnahmen und Kontakten zu politischen Entscheidungstr\u00e4gern<\/li>\n<li><strong>Aktionen<\/strong> wie die Mango-Kampagne, Modeschauen oder der Verkauf des \u201eReutlinger Stadtkaffees\u201c aus dem Pid\u00e9-Projekt in Peru<\/li>\n<li><strong>Begleitung des Weltgebetstags<\/strong>\u00a0mit Infos und Produkten aus dem jeweiligen Land<\/li>\n<li><strong>Stadtrundg\u00e4nge<\/strong>\u00a0zu nachhaltigem Konsum (\u201eWeltbewusst durch Reutlingen\u201c)<\/li>\n<\/ul>\n<p>&nbsp;<\/p>\n<h2>Unser Vorstand<\/h2>\n<p>Christina Holder (Sprecherin), G\u00fcnter Banzhaf, Achim Gro\u00dfmann, Gabriele Zwi\u00dfler-Schmid<br \/>\n<strong>Beirat<\/strong>:\u00a0Bernd Friemelt, B\u00e4rbel Haug, Johannes Meyer, Anette Scholz<br \/>\n&nbsp;<\/p>\n<h2>Unser Netzwerk<\/h2>\n<p>Wir sind Teil der Reutlinger Fair-Trade-Steuerungsgruppe und haben die Auszeichnung \u201eFair Trade Town\u201c 2012 mit auf den Weg gebracht. Auch Kirchengemeinden und das Evangelische Stadtjugendwerk wurden durch unser Engagement als \u201eFaire Gemeinde\u201c bzw. \u201eFaire Jugendarbeit\u201c ausgezeichnet.<br \/>\n&nbsp;<\/p>\n<h2>Mitmachen &amp; Unterst\u00fctzen<\/h2>\n<p>Sie m\u00f6chten unsere Arbeit unterst\u00fctzen?<br \/>\nDann werden Sie Mitglied \u2013 schon mit einem Jahresbeitrag von 20 Euro helfen Sie mit, unsere Projekte weiterzuf\u00fchren. Oder bringen Sie sich aktiv ein: im Laden, bei Aktionen oder mit eigenen Ideen. Wir freuen uns auf Sie!<\/p>\n<p><strong>Mitglied werden<\/strong>: <a href=\"https:\/\/weltlaeden.de\/reutlingen\/wp-content\/uploads\/sites\/79\/2023\/04\/Mitgliedschaftsantrag.pdf\" target=\"_blank\" rel=\"noopener\"><strong>Mitgliedsantrag<\/strong><\/a><\/p>\n<p><strong>Spendenkonto<\/strong>:<br \/>\nEine Welt Verein Reutlingen e.V.<\/p>\n<ul>\n<li>IBAN \u00a0DE41 6405 0000 0000 1338 05 (KSK Reutlingen)<\/li>\n<li>IBAN\u00a0 DE41 6039 0000 0113 7790 03 (Vereinigte Volksbanken e.G.)<\/li>\n<\/ul>\n<p>[\/vc_column_text][\/vc_column][\/vc_row]<\/p>\n<\/div>","protected":false},"excerpt":{"rendered":"<p>[vc_row][vc_column][\/vc_column][\/vc_row][vc_row][vc_column][vc_empty_space][vc_column_text] Der Verein \u2013 Engagement f\u00fcr eine gerechtere Welt Wie alles begann Am 13. September 1993 wurde der\u00a0Eine Welt Verein Reutlingen e.V.\u00a0gegr\u00fcndet \u2013 aus einer Initiative des \u201e\u00d6kumenischen Arbeitskreises f\u00fcr Gerechtigkeit, Frieden und Bewahrung der Sch\u00f6pfung\u201c. Was mit einem kleinen Marktstand begann, wurde am 26. November 1994 zum ersten festen Ladenlokal gegen\u00fcber der Marienkirche. Heute&hellip;<\/p>\n","protected":false},"author":121,"featured_media":0,"parent":0,"menu_order":31,"comment_status":"closed","ping_status":"closed","template":"","meta":{"footnotes":""},"class_list":["post-431","page","type-page","status-publish","hentry","description-off"],"yoast_head":"<!-- This site is optimized with the Yoast SEO plugin v26.8 - https:\/\/yoast.com\/product\/yoast-seo-wordpress\/ -->\n<title>Verein - Weltladen Reutlingen<\/title>\n<meta name=\"description\" content=\"Der \u201eEine Welt Verein Reutlingen e.V.\u201c ist Tr\u00e4ger des Weltladens und als gemeinn\u00fctzig anerkannt. Er wurde am 13. September1993 auf Initiative des \u201e\u00d6kumenischen Arbeitskreises f\u00fcr Gerechtigkeit, Frieden und Bewahrung der Sch\u00f6pfung\u201c gegr\u00fcndet. Zun\u00e4chst war der Verein mit einem mobilen Stand auf dem Reutlinger Wochenmarkt pr\u00e4sent. Am 26. November 1994 konnte dann ein Laden im alten evangelischen Dekanat gegen\u00fcber der Marienkirche er\u00f6ffnet werden.\" \/>\n<meta name=\"robots\" content=\"index, follow, max-snippet:-1, max-image-preview:large, max-video-preview:-1\" \/>\n<link rel=\"canonical\" href=\"https:\/\/weltlaeden.de\/reutlingen\/verein\/\" \/>\n<meta property=\"og:locale\" content=\"de_DE\" \/>\n<meta property=\"og:type\" content=\"article\" \/>\n<meta property=\"og:title\" content=\"Verein - Weltladen Reutlingen\" \/>\n<meta property=\"og:description\" content=\"Der \u201eEine Welt Verein Reutlingen e.V.\u201c ist Tr\u00e4ger des Weltladens und als gemeinn\u00fctzig anerkannt. Er wurde am 13. September1993 auf Initiative des \u201e\u00d6kumenischen Arbeitskreises f\u00fcr Gerechtigkeit, Frieden und Bewahrung der Sch\u00f6pfung\u201c gegr\u00fcndet. Zun\u00e4chst war der Verein mit einem mobilen Stand auf dem Reutlinger Wochenmarkt pr\u00e4sent. Am 26. November 1994 konnte dann ein Laden im alten evangelischen Dekanat gegen\u00fcber der Marienkirche er\u00f6ffnet werden.\" \/>\n<meta property=\"og:url\" content=\"https:\/\/weltlaeden.de\/reutlingen\/verein\/\" \/>\n<meta property=\"og:site_name\" content=\"Weltladen Reutlingen\" \/>\n<meta property=\"article:modified_time\" content=\"2025-10-21T07:35:36+00:00\" \/>\n<meta property=\"og:image\" content=\"https:\/\/weltlaeden.de\/reutlingen\/wp-content\/uploads\/sites\/79\/2019\/07\/Collage_Verein_EA.jpg\" \/>\n\t<meta property=\"og:image:width\" content=\"787\" \/>\n\t<meta property=\"og:image:height\" content=\"340\" \/>\n\t<meta property=\"og:image:type\" content=\"image\/jpeg\" \/>\n<meta name=\"twitter:card\" content=\"summary_large_image\" \/>\n<meta name=\"twitter:label1\" content=\"Gesch\u00e4tzte Lesezeit\" \/>\n\t<meta name=\"twitter:data1\" content=\"3\u00a0Minuten\" \/>\n<script type=\"application\/ld+json\" class=\"yoast-schema-graph\">{\"@context\":\"https:\/\/schema.org\",\"@graph\":[{\"@type\":\"WebPage\",\"@id\":\"https:\/\/weltlaeden.de\/reutlingen\/verein\/\",\"url\":\"https:\/\/weltlaeden.de\/reutlingen\/verein\/\",\"name\":\"Verein - Weltladen Reutlingen\",\"isPartOf\":{\"@id\":\"https:\/\/weltlaeden.de\/reutlingen\/#website\"},\"primaryImageOfPage\":{\"@id\":\"https:\/\/weltlaeden.de\/reutlingen\/verein\/#primaryimage\"},\"image\":{\"@id\":\"https:\/\/weltlaeden.de\/reutlingen\/verein\/#primaryimage\"},\"thumbnailUrl\":\"https:\/\/weltlaeden.de\/reutlingen\/wp-content\/uploads\/sites\/79\/2019\/07\/Collage_Verein_EA-300x130.jpg\",\"datePublished\":\"2019-02-20T15:56:12+00:00\",\"dateModified\":\"2025-10-21T07:35:36+00:00\",\"description\":\"Der \u201eEine Welt Verein Reutlingen e.V.\u201c ist Tr\u00e4ger des Weltladens und als gemeinn\u00fctzig anerkannt. Er wurde am 13. September1993 auf Initiative des \u201e\u00d6kumenischen Arbeitskreises f\u00fcr Gerechtigkeit, Frieden und Bewahrung der Sch\u00f6pfung\u201c gegr\u00fcndet. Zun\u00e4chst war der Verein mit einem mobilen Stand auf dem Reutlinger Wochenmarkt pr\u00e4sent. Am 26. November 1994 konnte dann ein Laden im alten evangelischen Dekanat gegen\u00fcber der Marienkirche er\u00f6ffnet werden.\",\"breadcrumb\":{\"@id\":\"https:\/\/weltlaeden.de\/reutlingen\/verein\/#breadcrumb\"},\"inLanguage\":\"de\",\"potentialAction\":[{\"@type\":\"ReadAction\",\"target\":[\"https:\/\/weltlaeden.de\/reutlingen\/verein\/\"]}]},{\"@type\":\"ImageObject\",\"inLanguage\":\"de\",\"@id\":\"https:\/\/weltlaeden.de\/reutlingen\/verein\/#primaryimage\",\"url\":\"https:\/\/weltlaeden.de\/reutlingen\/wp-content\/uploads\/sites\/79\/2019\/07\/Collage_Verein_EA.jpg\",\"contentUrl\":\"https:\/\/weltlaeden.de\/reutlingen\/wp-content\/uploads\/sites\/79\/2019\/07\/Collage_Verein_EA.jpg\",\"width\":787,\"height\":340},{\"@type\":\"BreadcrumbList\",\"@id\":\"https:\/\/weltlaeden.de\/reutlingen\/verein\/#breadcrumb\",\"itemListElement\":[{\"@type\":\"ListItem\",\"position\":1,\"name\":\"Startseite\",\"item\":\"https:\/\/weltlaeden.de\/reutlingen\/\"},{\"@type\":\"ListItem\",\"position\":2,\"name\":\"Verein\"}]},{\"@type\":\"WebSite\",\"@id\":\"https:\/\/weltlaeden.de\/reutlingen\/#website\",\"url\":\"https:\/\/weltlaeden.de\/reutlingen\/\",\"name\":\"Weltladen Reutlingen\",\"description\":\"Faire Produkte seit 1990\",\"potentialAction\":[{\"@type\":\"SearchAction\",\"target\":{\"@type\":\"EntryPoint\",\"urlTemplate\":\"https:\/\/weltlaeden.de\/reutlingen\/?s={search_term_string}\"},\"query-input\":{\"@type\":\"PropertyValueSpecification\",\"valueRequired\":true,\"valueName\":\"search_term_string\"}}],\"inLanguage\":\"de\"}]}<\/script>\n<!-- \/ Yoast SEO plugin. -->","yoast_head_json":{"title":"Verein - Weltladen Reutlingen","description":"Der \u201eEine Welt Verein Reutlingen e.V.\u201c ist Tr\u00e4ger des Weltladens und als gemeinn\u00fctzig anerkannt. Er wurde am 13. September1993 auf Initiative des \u201e\u00d6kumenischen Arbeitskreises f\u00fcr Gerechtigkeit, Frieden und Bewahrung der Sch\u00f6pfung\u201c gegr\u00fcndet. Zun\u00e4chst war der Verein mit einem mobilen Stand auf dem Reutlinger Wochenmarkt pr\u00e4sent. Am 26. November 1994 konnte dann ein Laden im alten evangelischen Dekanat gegen\u00fcber der Marienkirche er\u00f6ffnet werden.","robots":{"index":"index","follow":"follow","max-snippet":"max-snippet:-1","max-image-preview":"max-image-preview:large","max-video-preview":"max-video-preview:-1"},"canonical":"https:\/\/weltlaeden.de\/reutlingen\/verein\/","og_locale":"de_DE","og_type":"article","og_title":"Verein - Weltladen Reutlingen","og_description":"Der \u201eEine Welt Verein Reutlingen e.V.\u201c ist Tr\u00e4ger des Weltladens und als gemeinn\u00fctzig anerkannt. Er wurde am 13. September1993 auf Initiative des \u201e\u00d6kumenischen Arbeitskreises f\u00fcr Gerechtigkeit, Frieden und Bewahrung der Sch\u00f6pfung\u201c gegr\u00fcndet. Zun\u00e4chst war der Verein mit einem mobilen Stand auf dem Reutlinger Wochenmarkt pr\u00e4sent. Am 26. November 1994 konnte dann ein Laden im alten evangelischen Dekanat gegen\u00fcber der Marienkirche er\u00f6ffnet werden.","og_url":"https:\/\/weltlaeden.de\/reutlingen\/verein\/","og_site_name":"Weltladen Reutlingen","article_modified_time":"2025-10-21T07:35:36+00:00","og_image":[{"width":787,"height":340,"url":"https:\/\/weltlaeden.de\/reutlingen\/wp-content\/uploads\/sites\/79\/2019\/07\/Collage_Verein_EA.jpg","type":"image\/jpeg"}],"twitter_card":"summary_large_image","twitter_misc":{"Gesch\u00e4tzte Lesezeit":"3\u00a0Minuten"},"schema":{"@context":"https:\/\/schema.org","@graph":[{"@type":"WebPage","@id":"https:\/\/weltlaeden.de\/reutlingen\/verein\/","url":"https:\/\/weltlaeden.de\/reutlingen\/verein\/","name":"Verein - Weltladen Reutlingen","isPartOf":{"@id":"https:\/\/weltlaeden.de\/reutlingen\/#website"},"primaryImageOfPage":{"@id":"https:\/\/weltlaeden.de\/reutlingen\/verein\/#primaryimage"},"image":{"@id":"https:\/\/weltlaeden.de\/reutlingen\/verein\/#primaryimage"},"thumbnailUrl":"https:\/\/weltlaeden.de\/reutlingen\/wp-content\/uploads\/sites\/79\/2019\/07\/Collage_Verein_EA-300x130.jpg","datePublished":"2019-02-20T15:56:12+00:00","dateModified":"2025-10-21T07:35:36+00:00","description":"Der \u201eEine Welt Verein Reutlingen e.V.\u201c ist Tr\u00e4ger des Weltladens und als gemeinn\u00fctzig anerkannt. Er wurde am 13. September1993 auf Initiative des \u201e\u00d6kumenischen Arbeitskreises f\u00fcr Gerechtigkeit, Frieden und Bewahrung der Sch\u00f6pfung\u201c gegr\u00fcndet. Zun\u00e4chst war der Verein mit einem mobilen Stand auf dem Reutlinger Wochenmarkt pr\u00e4sent. Am 26. November 1994 konnte dann ein Laden im alten evangelischen Dekanat gegen\u00fcber der Marienkirche er\u00f6ffnet werden.","breadcrumb":{"@id":"https:\/\/weltlaeden.de\/reutlingen\/verein\/#breadcrumb"},"inLanguage":"de","potentialAction":[{"@type":"ReadAction","target":["https:\/\/weltlaeden.de\/reutlingen\/verein\/"]}]},{"@type":"ImageObject","inLanguage":"de","@id":"https:\/\/weltlaeden.de\/reutlingen\/verein\/#primaryimage","url":"https:\/\/weltlaeden.de\/reutlingen\/wp-content\/uploads\/sites\/79\/2019\/07\/Collage_Verein_EA.jpg","contentUrl":"https:\/\/weltlaeden.de\/reutlingen\/wp-content\/uploads\/sites\/79\/2019\/07\/Collage_Verein_EA.jpg","width":787,"height":340},{"@type":"BreadcrumbList","@id":"https:\/\/weltlaeden.de\/reutlingen\/verein\/#breadcrumb","itemListElement":[{"@type":"ListItem","position":1,"name":"Startseite","item":"https:\/\/weltlaeden.de\/reutlingen\/"},{"@type":"ListItem","position":2,"name":"Verein"}]},{"@type":"WebSite","@id":"https:\/\/weltlaeden.de\/reutlingen\/#website","url":"https:\/\/weltlaeden.de\/reutlingen\/","name":"Weltladen Reutlingen","description":"Faire Produkte seit 1990","potentialAction":[{"@type":"SearchAction","target":{"@type":"EntryPoint","urlTemplate":"https:\/\/weltlaeden.de\/reutlingen\/?s={search_term_string}"},"query-input":{"@type":"PropertyValueSpecification","valueRequired":true,"valueName":"search_term_string"}}],"inLanguage":"de"}]}},"_links":{"self":[{"href":"https:\/\/weltlaeden.de\/reutlingen\/wp-json\/wp\/v2\/pages\/431","targetHints":{"allow":["GET"]}}],"collection":[{"href":"https:\/\/weltlaeden.de\/reutlingen\/wp-json\/wp\/v2\/pages"}],"about":[{"href":"https:\/\/weltlaeden.de\/reutlingen\/wp-json\/wp\/v2\/types\/page"}],"author":[{"embeddable":true,"href":"https:\/\/weltlaeden.de\/reutlingen\/wp-json\/wp\/v2\/users\/121"}],"replies":[{"embeddable":true,"href":"https:\/\/weltlaeden.de\/reutlingen\/wp-json\/wp\/v2\/comments?post=431"}],"version-history":[{"count":38,"href":"https:\/\/weltlaeden.de\/reutlingen\/wp-json\/wp\/v2\/pages\/431\/revisions"}],"predecessor-version":[{"id":2778,"href":"https:\/\/weltlaeden.de\/reutlingen\/wp-json\/wp\/v2\/pages\/431\/revisions\/2778"}],"wp:attachment":[{"href":"https:\/\/weltlaeden.de\/reutlingen\/wp-json\/wp\/v2\/media?parent=431"}],"curies":[{"name":"wp","href":"https:\/\/api.w.org\/{rel}","templated":true}]}}