{"id":411,"date":"2019-02-19T10:58:29","date_gmt":"2019-02-19T09:58:29","guid":{"rendered":"https:\/\/weltlaeden.de\/reutlingen\/?page_id=411"},"modified":"2025-10-17T21:17:23","modified_gmt":"2025-10-17T19:17:23","slug":"bildung","status":"publish","type":"page","link":"https:\/\/weltlaeden.de\/reutlingen\/bildung\/","title":{"rendered":"Bildung"},"content":{"rendered":"<div class=\"wpb-content-wrapper\"><p>[vc_row][vc_column]<div class=\"wl_einzelbild\"><p><img loading=\"lazy\" decoding=\"async\" class=\"alignnone wp-image-637\" src=\"https:\/\/weltlaeden.de\/reutlingen\/wp-content\/uploads\/sites\/79\/2019\/07\/Collage_Bildung_final_EA-300x130.jpg\" alt=\"\" width=\"861\" height=\"373\" srcset=\"https:\/\/weltlaeden.de\/reutlingen\/wp-content\/uploads\/sites\/79\/2019\/07\/Collage_Bildung_final_EA-300x130.jpg 300w, https:\/\/weltlaeden.de\/reutlingen\/wp-content\/uploads\/sites\/79\/2019\/07\/Collage_Bildung_final_EA-768x332.jpg 768w, https:\/\/weltlaeden.de\/reutlingen\/wp-content\/uploads\/sites\/79\/2019\/07\/Collage_Bildung_final_EA.jpg 787w\" sizes=\"auto, (max-width: 861px) 100vw, 861px\" \/><\/p><\/div>[vc_empty_space][vc_column_text]<\/p>\n<h2>Weltladen macht Schule \u2013 Lernen, das die Sicht auf die Welt ver\u00e4ndert<\/h2>\n<p>Schokolade aus Ghana, Fu\u00dfb\u00e4lle aus Pakistan, Kaffee aus Peru\u00a0\u2013 im Weltladen stammen die Produkte aus einer anderen Welt des Handels: fair, transparent und mit Blick auf Mensch und Umwelt. Gemeinsam wollen wir entdecken, was dahintersteckt.<\/p>\n<p>Unser <span style=\"color: #ff6600\"><strong><em>Bildungsprogramm<\/em><\/strong><\/span> richtet sich an Kinder, Jugendliche und Erwachsene, die mehr \u00fcber den Fairen Handel erfahren m\u00f6chten. In Kooperation mit Schulen, Kirchengemeinden und anderen Einrichtungen bieten wir:<\/p>\n<ul>\n<li>F\u00fchrungen durch den Weltladen<\/li>\n<li>Unterrichtseinheiten und Projekttage zum Fairen Handel<\/li>\n<li>Mitmachaktionen und Workshops<\/li>\n<\/ul>\n<h3>Sie m\u00f6chten mit Ihrer Gruppe teilnehmen oder eine Veranstaltung planen?<\/h3>\n<p>Dann richten Sie Ihre Anfrage gerne an leitung@weltladen-reutlingen.de, Tel. 07121\/339200<br \/>\n&nbsp;<\/p>\n<h2>Unsere Kooperationen \u2013 gemeinsam f\u00fcr globale Gerechtigkeit<\/h2>\n<h3>Fair Trade Town Reutlingen<\/h3>\n<p>Seit 2012 ist Reutlingen offiziell <strong> <span style=\"color: #ff6600\"><a style=\"color: #ff6600\" href=\"https:\/\/www.reutlingen.de\/de\/Leben\/Tourismus-Einkaufen\/faiRTrade-Town-Reutlingen\" target=\"_blank\" rel=\"noopener\">Fair Trade Town<\/a><\/span><\/strong>.<br \/>\nGemeinsam mit Bildungstr\u00e4gern gestalten wir zweimal j\u00e4hrlich ein Programm mit spannenden Veranstaltungen rund um globale Themen und den Fairen Handel.<br \/>\n<a href=\"https:\/\/www.reutlingen.de\/bildungsprogramm-fairtrade\" target=\"_blank\" rel=\"noopener\"><strong> Halbjahresprogramm<\/strong><\/a> und <a href=\"https:\/\/www.reutlingen.de\/de\/Leben\/Tourismus-Einkaufen\/faiRTrade-Town-Reutlingen\" target=\"_blank\" rel=\"noopener\"><strong>Der Reutlinger Fairtrade-Einkaufsf\u00fchrer<\/strong><\/a><\/p>\n<h3>Hochschule Reutlingen<\/h3>\n<p>Studierende k\u00f6nnen sich bei uns im Rahmen des <a href=\"http:\/\/www.ekhg.de\/wir-ueber-uns\/do-it\/\" target=\"_blank\" rel=\"noopener noreferrer\"><strong>DoIt!-Projekt<\/strong><\/a>  engagieren und erhalten eine Bescheinigung \u00fcber ihre Ehrenamtsstunden. Nachhaltigkeit und Gerechtigkeit sind bei uns gelebte Praxis \u2013 wir freuen uns auf neue Gesichter!<br \/>\n&nbsp;<\/p>\n<h2>Weltbewusst durch Reutlingen \u2013 ein Stadtrundgang<\/h2>\n<p>Woher kommen unsere T-Shirts? Wie wirkt sich unser Konsum auf andere L\u00e4nder aus?<br \/>\nDer <span style=\"color: #ff6600\"><strong><em>\u201eWeltbewusst\u201c-Rundgang<\/em><\/strong><\/span> f\u00fchrt Gruppen durch die Reutlinger Innenstadt und zeigt auf unterhaltsame Weise, wie globale Zusammenh\u00e4nge direkt vor unserer Haust\u00fcr sichtbar werden.<\/p>\n<h3>Themen:<\/h3>\n<p>Fairer Handel, Nachhaltigkeit bei Textilien, Fleischkonsum und faire Geldanlagen<\/p>\n<p><strong>Dauer:<\/strong>\u00a0ca. 1,5 \u2013 2 Stunden<br \/>\n<strong>Ende:<\/strong>\u00a0im Weltladen Reutlingen<br \/>\n<strong>Kosten:<\/strong>\u00a0kostenlos<br \/>\n<strong>Kontakt:<\/strong>\u00a0B\u00e4rbel Haug, Tel. 07121-2846298,\u00a0<span style=\"color: #0000ff\"><em> haugbaerbel[at]gmail.com<\/em><\/span><\/p>\n<\/div>","protected":false},"excerpt":{"rendered":"<p>[vc_row][vc_column][vc_empty_space][vc_column_text] Weltladen macht Schule \u2013 Lernen, das die Sicht auf die Welt ver\u00e4ndert Schokolade aus Ghana, Fu\u00dfb\u00e4lle aus Pakistan, Kaffee aus Peru\u00a0\u2013 im Weltladen stammen die Produkte aus einer anderen Welt des Handels: fair, transparent und mit Blick auf Mensch und Umwelt. Gemeinsam wollen wir entdecken, was dahintersteckt. Unser Bildungsprogramm richtet sich an Kinder, Jugendliche&hellip;<\/p>\n","protected":false},"author":121,"featured_media":0,"parent":0,"menu_order":30,"comment_status":"closed","ping_status":"closed","template":"","meta":{"footnotes":""},"class_list":["post-411","page","type-page","status-publish","hentry","description-off"],"yoast_head":"<!-- This site is optimized with the Yoast SEO plugin v26.8 - https:\/\/yoast.com\/product\/yoast-seo-wordpress\/ -->\n<title>Bildung - Weltladen Reutlingen<\/title>\n<meta name=\"description\" content=\"Das Programm WELTLADEN MACHT SCHULE richtet sich an Kinder, Jugendliche und Erwachsene, die es genauer wissen wollen. Dazu kooperieren wir mit Schulen, Kirchengemeinden und anderen Einrichtungen. Wir bieten F\u00fchrungen durch den Weltladen an und gestalten Themen des Fairen Handels im Unterricht.\" \/>\n<meta name=\"robots\" content=\"index, follow, max-snippet:-1, max-image-preview:large, max-video-preview:-1\" \/>\n<link rel=\"canonical\" href=\"https:\/\/weltlaeden.de\/reutlingen\/bildung\/\" \/>\n<meta property=\"og:locale\" content=\"de_DE\" \/>\n<meta property=\"og:type\" content=\"article\" \/>\n<meta property=\"og:title\" content=\"Bildung - Weltladen Reutlingen\" \/>\n<meta property=\"og:description\" content=\"Das Programm WELTLADEN MACHT SCHULE richtet sich an Kinder, Jugendliche und Erwachsene, die es genauer wissen wollen. Dazu kooperieren wir mit Schulen, Kirchengemeinden und anderen Einrichtungen. Wir bieten F\u00fchrungen durch den Weltladen an und gestalten Themen des Fairen Handels im Unterricht.\" \/>\n<meta property=\"og:url\" content=\"https:\/\/weltlaeden.de\/reutlingen\/bildung\/\" \/>\n<meta property=\"og:site_name\" content=\"Weltladen Reutlingen\" \/>\n<meta property=\"article:modified_time\" content=\"2025-10-17T19:17:23+00:00\" \/>\n<meta property=\"og:image\" content=\"https:\/\/weltlaeden.de\/reutlingen\/wp-content\/uploads\/sites\/79\/2019\/07\/Collage_Bildung_final_EA.jpg\" \/>\n\t<meta property=\"og:image:width\" content=\"787\" \/>\n\t<meta property=\"og:image:height\" content=\"340\" \/>\n\t<meta property=\"og:image:type\" content=\"image\/jpeg\" \/>\n<meta name=\"twitter:card\" content=\"summary_large_image\" \/>\n<meta name=\"twitter:label1\" content=\"Gesch\u00e4tzte Lesezeit\" \/>\n\t<meta name=\"twitter:data1\" content=\"2\u00a0Minuten\" \/>\n<script type=\"application\/ld+json\" class=\"yoast-schema-graph\">{\"@context\":\"https:\/\/schema.org\",\"@graph\":[{\"@type\":\"WebPage\",\"@id\":\"https:\/\/weltlaeden.de\/reutlingen\/bildung\/\",\"url\":\"https:\/\/weltlaeden.de\/reutlingen\/bildung\/\",\"name\":\"Bildung - Weltladen Reutlingen\",\"isPartOf\":{\"@id\":\"https:\/\/weltlaeden.de\/reutlingen\/#website\"},\"primaryImageOfPage\":{\"@id\":\"https:\/\/weltlaeden.de\/reutlingen\/bildung\/#primaryimage\"},\"image\":{\"@id\":\"https:\/\/weltlaeden.de\/reutlingen\/bildung\/#primaryimage\"},\"thumbnailUrl\":\"https:\/\/weltlaeden.de\/reutlingen\/wp-content\/uploads\/sites\/79\/2019\/07\/Collage_Bildung_final_EA-300x130.jpg\",\"datePublished\":\"2019-02-19T09:58:29+00:00\",\"dateModified\":\"2025-10-17T19:17:23+00:00\",\"description\":\"Das Programm WELTLADEN MACHT SCHULE richtet sich an Kinder, Jugendliche und Erwachsene, die es genauer wissen wollen. Dazu kooperieren wir mit Schulen, Kirchengemeinden und anderen Einrichtungen. Wir bieten F\u00fchrungen durch den Weltladen an und gestalten Themen des Fairen Handels im Unterricht.\",\"breadcrumb\":{\"@id\":\"https:\/\/weltlaeden.de\/reutlingen\/bildung\/#breadcrumb\"},\"inLanguage\":\"de\",\"potentialAction\":[{\"@type\":\"ReadAction\",\"target\":[\"https:\/\/weltlaeden.de\/reutlingen\/bildung\/\"]}]},{\"@type\":\"ImageObject\",\"inLanguage\":\"de\",\"@id\":\"https:\/\/weltlaeden.de\/reutlingen\/bildung\/#primaryimage\",\"url\":\"https:\/\/weltlaeden.de\/reutlingen\/wp-content\/uploads\/sites\/79\/2019\/07\/Collage_Bildung_final_EA.jpg\",\"contentUrl\":\"https:\/\/weltlaeden.de\/reutlingen\/wp-content\/uploads\/sites\/79\/2019\/07\/Collage_Bildung_final_EA.jpg\",\"width\":787,\"height\":340},{\"@type\":\"BreadcrumbList\",\"@id\":\"https:\/\/weltlaeden.de\/reutlingen\/bildung\/#breadcrumb\",\"itemListElement\":[{\"@type\":\"ListItem\",\"position\":1,\"name\":\"Startseite\",\"item\":\"https:\/\/weltlaeden.de\/reutlingen\/\"},{\"@type\":\"ListItem\",\"position\":2,\"name\":\"Bildung\"}]},{\"@type\":\"WebSite\",\"@id\":\"https:\/\/weltlaeden.de\/reutlingen\/#website\",\"url\":\"https:\/\/weltlaeden.de\/reutlingen\/\",\"name\":\"Weltladen Reutlingen\",\"description\":\"Faire Produkte seit 1990\",\"potentialAction\":[{\"@type\":\"SearchAction\",\"target\":{\"@type\":\"EntryPoint\",\"urlTemplate\":\"https:\/\/weltlaeden.de\/reutlingen\/?s={search_term_string}\"},\"query-input\":{\"@type\":\"PropertyValueSpecification\",\"valueRequired\":true,\"valueName\":\"search_term_string\"}}],\"inLanguage\":\"de\"}]}<\/script>\n<!-- \/ Yoast SEO plugin. -->","yoast_head_json":{"title":"Bildung - Weltladen Reutlingen","description":"Das Programm WELTLADEN MACHT SCHULE richtet sich an Kinder, Jugendliche und Erwachsene, die es genauer wissen wollen. Dazu kooperieren wir mit Schulen, Kirchengemeinden und anderen Einrichtungen. Wir bieten F\u00fchrungen durch den Weltladen an und gestalten Themen des Fairen Handels im Unterricht.","robots":{"index":"index","follow":"follow","max-snippet":"max-snippet:-1","max-image-preview":"max-image-preview:large","max-video-preview":"max-video-preview:-1"},"canonical":"https:\/\/weltlaeden.de\/reutlingen\/bildung\/","og_locale":"de_DE","og_type":"article","og_title":"Bildung - Weltladen Reutlingen","og_description":"Das Programm WELTLADEN MACHT SCHULE richtet sich an Kinder, Jugendliche und Erwachsene, die es genauer wissen wollen. Dazu kooperieren wir mit Schulen, Kirchengemeinden und anderen Einrichtungen. Wir bieten F\u00fchrungen durch den Weltladen an und gestalten Themen des Fairen Handels im Unterricht.","og_url":"https:\/\/weltlaeden.de\/reutlingen\/bildung\/","og_site_name":"Weltladen Reutlingen","article_modified_time":"2025-10-17T19:17:23+00:00","og_image":[{"width":787,"height":340,"url":"https:\/\/weltlaeden.de\/reutlingen\/wp-content\/uploads\/sites\/79\/2019\/07\/Collage_Bildung_final_EA.jpg","type":"image\/jpeg"}],"twitter_card":"summary_large_image","twitter_misc":{"Gesch\u00e4tzte Lesezeit":"2\u00a0Minuten"},"schema":{"@context":"https:\/\/schema.org","@graph":[{"@type":"WebPage","@id":"https:\/\/weltlaeden.de\/reutlingen\/bildung\/","url":"https:\/\/weltlaeden.de\/reutlingen\/bildung\/","name":"Bildung - Weltladen Reutlingen","isPartOf":{"@id":"https:\/\/weltlaeden.de\/reutlingen\/#website"},"primaryImageOfPage":{"@id":"https:\/\/weltlaeden.de\/reutlingen\/bildung\/#primaryimage"},"image":{"@id":"https:\/\/weltlaeden.de\/reutlingen\/bildung\/#primaryimage"},"thumbnailUrl":"https:\/\/weltlaeden.de\/reutlingen\/wp-content\/uploads\/sites\/79\/2019\/07\/Collage_Bildung_final_EA-300x130.jpg","datePublished":"2019-02-19T09:58:29+00:00","dateModified":"2025-10-17T19:17:23+00:00","description":"Das Programm WELTLADEN MACHT SCHULE richtet sich an Kinder, Jugendliche und Erwachsene, die es genauer wissen wollen. Dazu kooperieren wir mit Schulen, Kirchengemeinden und anderen Einrichtungen. Wir bieten F\u00fchrungen durch den Weltladen an und gestalten Themen des Fairen Handels im Unterricht.","breadcrumb":{"@id":"https:\/\/weltlaeden.de\/reutlingen\/bildung\/#breadcrumb"},"inLanguage":"de","potentialAction":[{"@type":"ReadAction","target":["https:\/\/weltlaeden.de\/reutlingen\/bildung\/"]}]},{"@type":"ImageObject","inLanguage":"de","@id":"https:\/\/weltlaeden.de\/reutlingen\/bildung\/#primaryimage","url":"https:\/\/weltlaeden.de\/reutlingen\/wp-content\/uploads\/sites\/79\/2019\/07\/Collage_Bildung_final_EA.jpg","contentUrl":"https:\/\/weltlaeden.de\/reutlingen\/wp-content\/uploads\/sites\/79\/2019\/07\/Collage_Bildung_final_EA.jpg","width":787,"height":340},{"@type":"BreadcrumbList","@id":"https:\/\/weltlaeden.de\/reutlingen\/bildung\/#breadcrumb","itemListElement":[{"@type":"ListItem","position":1,"name":"Startseite","item":"https:\/\/weltlaeden.de\/reutlingen\/"},{"@type":"ListItem","position":2,"name":"Bildung"}]},{"@type":"WebSite","@id":"https:\/\/weltlaeden.de\/reutlingen\/#website","url":"https:\/\/weltlaeden.de\/reutlingen\/","name":"Weltladen Reutlingen","description":"Faire Produkte seit 1990","potentialAction":[{"@type":"SearchAction","target":{"@type":"EntryPoint","urlTemplate":"https:\/\/weltlaeden.de\/reutlingen\/?s={search_term_string}"},"query-input":{"@type":"PropertyValueSpecification","valueRequired":true,"valueName":"search_term_string"}}],"inLanguage":"de"}]}},"_links":{"self":[{"href":"https:\/\/weltlaeden.de\/reutlingen\/wp-json\/wp\/v2\/pages\/411","targetHints":{"allow":["GET"]}}],"collection":[{"href":"https:\/\/weltlaeden.de\/reutlingen\/wp-json\/wp\/v2\/pages"}],"about":[{"href":"https:\/\/weltlaeden.de\/reutlingen\/wp-json\/wp\/v2\/types\/page"}],"author":[{"embeddable":true,"href":"https:\/\/weltlaeden.de\/reutlingen\/wp-json\/wp\/v2\/users\/121"}],"replies":[{"embeddable":true,"href":"https:\/\/weltlaeden.de\/reutlingen\/wp-json\/wp\/v2\/comments?post=411"}],"version-history":[{"count":87,"href":"https:\/\/weltlaeden.de\/reutlingen\/wp-json\/wp\/v2\/pages\/411\/revisions"}],"predecessor-version":[{"id":2776,"href":"https:\/\/weltlaeden.de\/reutlingen\/wp-json\/wp\/v2\/pages\/411\/revisions\/2776"}],"wp:attachment":[{"href":"https:\/\/weltlaeden.de\/reutlingen\/wp-json\/wp\/v2\/media?parent=411"}],"curies":[{"name":"wp","href":"https:\/\/api.w.org\/{rel}","templated":true}]}}