{"id":361,"date":"2018-04-05T09:52:53","date_gmt":"2018-04-05T07:52:53","guid":{"rendered":"https:\/\/weltlaeden.de\/reutlingen\/?page_id=361"},"modified":"2026-03-14T09:06:24","modified_gmt":"2026-03-14T08:06:24","slug":"neuigkeiten","status":"publish","type":"page","link":"https:\/\/weltlaeden.de\/reutlingen\/neuigkeiten\/","title":{"rendered":"Aktuelles"},"content":{"rendered":"<div class=\"wpb-content-wrapper\"><p>[vc_row][vc_column]<div class=\"wl_einzelbild\"><p><img loading=\"lazy\" decoding=\"async\" class=\"alignnone wp-image-632\" src=\"https:\/\/weltlaeden.de\/reutlingen\/wp-content\/uploads\/sites\/79\/2019\/07\/Collage_Neuigkeiteit_EA-300x130.jpg\" alt=\"\" width=\"861\" height=\"373\" srcset=\"https:\/\/weltlaeden.de\/reutlingen\/wp-content\/uploads\/sites\/79\/2019\/07\/Collage_Neuigkeiteit_EA-300x130.jpg 300w, https:\/\/weltlaeden.de\/reutlingen\/wp-content\/uploads\/sites\/79\/2019\/07\/Collage_Neuigkeiteit_EA-768x332.jpg 768w, https:\/\/weltlaeden.de\/reutlingen\/wp-content\/uploads\/sites\/79\/2019\/07\/Collage_Neuigkeiteit_EA.jpg 787w\" sizes=\"auto, (max-width: 861px) 100vw, 861px\" \/><\/p><\/div>[vc_column_text]<\/p>\n<h1>Aktuelles<\/h1>\n<p>[\/vc_column_text][\/vc_column][\/vc_row]<\/p>\n<p>[vc_row][vc_column][vc_column_text css=&#8220;&#8220;]<\/p>\n<h2>Neue Fr\u00fchjahrskollektion ist eingetroffen<\/h2>\n<div style=\"width: 50%;max-width: 300px;float: right;margin-bottom: 10px;margin-left: 25px\"><img decoding=\"async\" class=\"alignleft wp-image-2399 size-medium\" style=\"float: top\" src=\"https:\/\/weltlaeden.de\/reutlingen\/wp-content\/uploads\/sites\/79\/2026\/03\/Fruehjahrsmode-2026_351361-789sm.jpg\" alt=\"Neue Herbst-Kollektion 2025\" width=\"300px\" \/><\/div>\n<div>Kleidung aus Naturfasern ohne Kunstfaseranteil: In unserem Weltladen finden Sie eine gro\u00dfe Auswahl an Mode, die von zertifizierten Herstellern nachhaltig produziert und mit Labeln wie FairWare oder GOTS zu Recht gekennzeichnet sind. <\/p>\n<p>Wir f\u00fchren folgende Labels: Madness, Greenbomb, bloomers, Nomads, Heidek\u00f6nigin, HempAge, Jalfe &amp; PeopleWearOrganic. Hochwertige Schals von Salto und Djian, Handtaschen und Geldb\u00f6rsen aus echtem Leder in wundersch\u00f6nen Farben, Schmuck aus Silber &amp; Naturmaterialien runden unser Mode-Sortiment ab.<\/p><\/div>\n<div style=\"width: 100%;float: left;margin-top: 0px;margin-bottom: 20px;text-align: end\">Foto: \u00a9 MADNESS THE NATURE TEXTILE COMPANY GmbH (Bewilligung vom 24.02.2026)<\/div>\n<p>[\/vc_column_text][\/vc_column][\/vc_row]<\/p>\n<p>[vc_row][vc_column][vc_column_text css=&#8220;&#8220;]<\/p>\n<h2>30 Jahre Weltladen Reutlingen &#8211; Sie feierten mit uns <img decoding=\"async\" src=\"https:\/\/weltlaeden.de\/reutlingen\/wp-content\/uploads\/sites\/79\/2024\/03\/weltladen_logo_RT_80_farbe_30b_funken_258x139.png\" alt=\"Funken des 30-Jahre Logos\" \/>!<\/h2>\n<p>30 Jahre ist es her, da begannen in Reutlingen ein paar Leute, fair gehandelten Kaffee, Bananen und dergleichen in Stuttgart abzuholen und sie, erst mithilfe eines Leiterwagens, sp\u00e4ter dann auf dem Wochenmarkt in Reutlingen zu verkaufen. Heute ist aus diesen Anf\u00e4ngen der Weltladen in der Rathausstra\u00dfe geworden, eine feste Institution mit guter Bilanz.<\/p>\n<div style=\"width: 60%;max-width: 300px;float: left;margin-bottom: 20px;margin-right: 25px\"><a href=\"https:\/\/weltlaeden.de\/reutlingen\/wp-content\/uploads\/sites\/79\/2024\/11\/Plakat_Prominente-im-Weltladen_neu03.pdf\"><img decoding=\"async\" class=\"alignleft wp-image-2399 size-medium\" style=\"float: top\" src=\"https:\/\/weltlaeden.de\/reutlingen\/wp-content\/uploads\/sites\/79\/2024\/11\/Plakat_Prominente-im-Weltladen_neu_03-scaled.jpg\" alt=\"Plakat mit Prominenten, die im Weltladen verkauften\" \/><\/a><\/div>\n<div>\n<h4>Jubil\u00e4umsfeier mit Dr. Wolfgang Kessler<\/h4>\n<p><a href=\"https:\/\/weltlaeden.de\/reutlingen\/wp-content\/uploads\/sites\/79\/2024\/10\/Jubilaeumsfest_Bericht_Jochen_Frank.pdf\">Weiterlesen<\/a>: der komplette Bericht zur Jubil\u00e4umsfeier am 19.09. von Dr. Jochen Frank<\/p>\n<h4>Prominente verkauften im Weltladen<\/h4>\n<ul>\n<li>Dodokay &#8211; Schw\u00e4bischer Comedian<\/li>\n<li>Enrico Urbanek &#8211; Theater DIE TONNE<\/li>\n<li>Thomas Keck &#8211; Oberb\u00fcrgermeister<\/li>\n<li>Sonka M\u00fcller &#8211; Theater PATATI &#8211; PATATA<\/li>\n<li>Franziska Brau\u00dfe &#8211; Olympiasiegerin 2021<\/li>\n<li>Dietlinde Ells\u00e4sser &#8211; Schw\u00e4bische Kabarettistin<\/li>\n<li>Patrick Bopp &#8211; A-capella-Gruppe &#8218;fuenf&#8216;<\/li>\n<li>Cornelius Grube &#8211; Intendant W\u00fcrttembergische Philharmonie<\/li>\n<\/ul>\n<\/div>\n<p>[\/vc_column_text][\/vc_column][\/vc_row]<br \/>\n[vc_row][vc_column][vc_separator border_width=&#8220;3&#8243;][\/vc_column][\/vc_row]<\/p>\n<p>[vc_row][vc_column][vc_column_text css=&#8220;&#8220;]<\/p>\n<h2>Spielzeug &#8211; nachhaltig und fair<\/h2>\n<p><img decoding=\"async\" class=\"alignleft wp-image-2399 size-medium\" style=\"width: 50%;max-width: 300px;margin-top: 10px;margin-bottom: 40px\" src=\"https:\/\/weltlaeden.de\/reutlingen\/wp-content\/uploads\/sites\/79\/2025\/02\/Spielzeug_20250227small.jpg\" alt=\"Spielzeug\" \/>Viele Eltern w\u00fcnschen sich Spielzeug, das ohne Schadstoffe und unter fairen Bedingungen hergestellt ist. Siegel geben beim Einkauf Orientierung. Das <strong><a href=\"https:\/\/weltlaeden.de\/reutlingen\/wp-content\/uploads\/sites\/79\/2023\/12\/Fairspielt-Flyer.pdf\" target=\"_blank\" rel=\"noopener\">Faltblatt der Fair Trade St\u00e4dte Reutlingen und Pfullingen<\/a><\/strong> informiert dar\u00fcber. Bei uns finden Sie auch entsprechendes Spielzeug.<br \/>\n[\/vc_column_text][\/vc_column][\/vc_row]<\/p>\n<p>[vc_row][vc_column][vc_column_text css=&#8220;&#8220;]<\/p>\n<h2>Wir sammeln ausgediente Handys<\/h2>\n<p><img decoding=\"async\" class=\"alignleft wp-image-2399 size-medium\" style=\"width: 50%;max-width: 300px;margin-bottom: 20px\" src=\"https:\/\/weltlaeden.de\/reutlingen\/wp-content\/uploads\/sites\/79\/2024\/11\/Handyaktion-2023_small.jpg\" alt=\"\" \/>Wir m\u00f6chten mit der Sammel-Aktion auf die Schattenseiten des Smartphone-Booms aufmerksam machen und zu einem reflektierten Umgang mit Handys und Smartphones anregen.<br \/>\n<strong><a href=\"https:\/\/weltlaeden.de\/reutlingen\/wir-sammeln-ausgediente-handys\/\">Weiterlesen &#8230;<\/a><\/strong>[\/vc_column_text][\/vc_column][\/vc_row][vc_row][vc_column][vc_column_text]<\/p>\n<h2>Info-Mail<\/h2>\n<p><img decoding=\"async\" class=\"alignleft wp-image-2399 size-medium\" style=\"width: 50%;max-width: 300px;margin-bottom: 20px;float: left\" src=\"https:\/\/weltlaeden.de\/reutlingen\/wp-content\/uploads\/sites\/79\/2019\/07\/Collage_Neuigkeiteit_EA.jpg\" alt=\"Collagebild Neuigkeiten\" \/><br \/>\nDamit Sie <strong>zuk\u00fcnftig immer auf dem Laufenden sind, <\/strong> k\u00f6nnen Sie bei uns vorort im Weltladen eine INFO-MAIL abonnieren.[\/vc_column_text][\/vc_column][\/vc_row][vc_row][vc_column][vc_separator border_width=&#8220;3&#8243;][\/vc_column][\/vc_row][vc_row][vc_column][vc_column_text css=&#8220;&#8220;]<\/p>\n<h2>Archiv<\/h2>\n<p><a href=\"https:\/\/weltlaeden.de\/reutlingen\/fruehsommer-modepraesentation-2025\/\"><strong>Fr\u00fchsommer &#8211; Mode 2025<\/strong><\/a> <span style=\"color: grey\"><\/span><br \/>\n<a href=\"https:\/\/weltlaeden.de\/reutlingen\/wp-content\/uploads\/sites\/79\/2025\/11\/2025-05-16_Alles_Banane.pdf\"><strong>Alles Banane, 3. Auflage<\/strong><\/a> <span style=\"color: grey\"> (16.05.2025)<\/span><br \/>\n<a href=\"https:\/\/weltlaeden.de\/reutlingen\/wp-content\/uploads\/sites\/79\/2025\/11\/2025-01-27_Danke-Archiv.pdf\"><strong>&#8222;Danke&#8220; f\u00fcr die Ehrenamtlichen<\/strong><\/a> <span style=\"color: grey\"> (27.01.2025)<\/span><br \/>\n<a href=\"https:\/\/weltlaeden.de\/reutlingen\/herbstmodeschau-2024\/\"><strong>Herbst \u2013 Modeschau 2024<\/strong><\/a> <span style=\"color: grey\"> (19.10.2024)<\/span><br \/>\n<a href=\"https:\/\/weltlaeden.de\/reutlingen\/grosses-vergnuegen-bei-die-stadt-spielt\/\"><strong>Gro\u00dfes Vergn\u00fcgen bei: Die Stadt spielt<\/strong><\/a> <span style=\"color: grey\"> (22.08.2023)<\/span><br \/>\n<a href=\"https:\/\/weltlaeden.de\/reutlingen\/osterhasen-werben-fuer-faire-schokolade\/\"><strong>&#8218;Osterhasen&#8216; werben f\u00fcr faire Schokolade<\/strong><\/a> <span style=\"color: grey\"> (13.04.2022)<\/span><br \/>\n<a href=\"https:\/\/weltlaeden.de\/reutlingen\/reutlinger-general-anzeiger-bericht-auf-der-kinderseite\/\"><strong>Reutlinger General Anzeiger: Wenn Nikol\u00e4use streiken k\u00f6nnten..<\/strong><\/a> <span style=\"color: grey\"> (10.12.2021)<\/span><br \/>\n<a href=\"https:\/\/weltlaeden.de\/reutlingen\/artikel-in-den-reutlinger-nachrichten-lebensmittel-wieder-wertschaetzen\/\"><strong>Reutlinger Nachrichten: Lebensmittel wieder wertsch\u00e4tzen<\/strong><\/a> <span style=\"color: grey\"> (19.11.2021)<\/span><br \/>\n<a href=\"https:\/\/youtu.be\/UGPreh3pV-A\" target=\"_blank\" rel=\"noopener\"><strong>Faire Fu\u00dfb\u00e4lle f\u00fcr Reutlingen<\/strong><\/a> <span style=\"color: grey\"> &#8211; YouTube (Nov. 2020)<\/span><br \/>\n<a href=\"https:\/\/weltlaeden.de\/reutlingen\/agenda-2030-kooperation-mit-studierenden\/\"><strong>Agenda 2030 \u2013 Kooperation mit Studierenden<\/strong><\/a> <span style=\"color: grey\"> (2020)<\/span><br \/>\n<a href=\"https:\/\/weltlaeden.de\/reutlingen\/25-jahre-reutlinger-weltladen-1994-2019\/\"><strong>25 Jahre Reutlinger Weltladen 1994 \u2013 2019<\/strong><\/a> <span style=\"color: grey\"> (21.09.2019)<\/span><br \/>\n<a href=\"https:\/\/weltlaeden.de\/reutlingen\/prominente-verkauften-fair\/\"><strong>Prominente verkauften <em>fair<\/em> in unserem Laden<\/strong><\/a> <span style=\"color: grey\"> (Aug.-Okt. 2019)<\/span><\/p>\n<p><strong>Hinweis<\/strong>: wenn Sie \u00e4ltere Artikel noch einmal ansehen m\u00f6chten, geben Sie bitte ein entsprechendes Stichwort oder die Jahreszahl &#8222;2021&#8220;, &#8222;2020&#8220; oder &#8222;2019&#8220; in die Suchmaske, rechts oben in der Men\u00fcleiste, ein.<\/p>\n<p>[\/vc_column_text][\/vc_column][\/vc_row][vc_row][vc_column][vc_separator border_width=&#8220;3&#8243;][\/vc_column][\/vc_row][vc_column][\/vc_column]<\/p>\n<\/div>","protected":false},"excerpt":{"rendered":"<p>[vc_row][vc_column][vc_column_text] Aktuelles [\/vc_column_text][\/vc_column][\/vc_row] [vc_row][vc_column][vc_column_text css=&#8220;&#8220;] Neue Fr\u00fchjahrskollektion ist eingetroffen Kleidung aus Naturfasern ohne Kunstfaseranteil: In unserem Weltladen finden Sie eine gro\u00dfe Auswahl an Mode, die von zertifizierten Herstellern nachhaltig produziert und mit Labeln wie FairWare oder GOTS zu Recht gekennzeichnet sind. Wir f\u00fchren folgende Labels: Madness, Greenbomb, bloomers, Nomads, Heidek\u00f6nigin, HempAge, Jalfe &amp; PeopleWearOrganic. Hochwertige&hellip;<\/p>\n","protected":false},"author":1,"featured_media":1973,"parent":0,"menu_order":14,"comment_status":"closed","ping_status":"closed","template":"","meta":{"footnotes":""},"class_list":["post-361","page","type-page","status-publish","has-post-thumbnail","hentry","description-off"],"yoast_head":"<!-- This site is optimized with the Yoast SEO plugin v26.8 - https:\/\/yoast.com\/product\/yoast-seo-wordpress\/ -->\n<title>Aktuelles - Weltladen Reutlingen<\/title>\n<meta name=\"description\" content=\"Das feiern wir am Samstag, 21. September 2019, ab 11 Uhr.Feiern Sie mit!\" \/>\n<meta name=\"robots\" content=\"index, follow, max-snippet:-1, max-image-preview:large, max-video-preview:-1\" \/>\n<link rel=\"canonical\" href=\"https:\/\/weltlaeden.de\/reutlingen\/neuigkeiten\/\" \/>\n<meta property=\"og:locale\" content=\"de_DE\" \/>\n<meta property=\"og:type\" content=\"article\" \/>\n<meta property=\"og:title\" content=\"Aktuelles - Weltladen Reutlingen\" \/>\n<meta property=\"og:description\" content=\"Das feiern wir am Samstag, 21. September 2019, ab 11 Uhr.Feiern Sie mit!\" \/>\n<meta property=\"og:url\" content=\"https:\/\/weltlaeden.de\/reutlingen\/neuigkeiten\/\" \/>\n<meta property=\"og:site_name\" content=\"Weltladen Reutlingen\" \/>\n<meta property=\"article:modified_time\" content=\"2026-03-14T08:06:24+00:00\" \/>\n<meta property=\"og:image\" content=\"https:\/\/weltlaeden.de\/reutlingen\/wp-content\/uploads\/sites\/79\/2021\/10\/Plakat-Schoko-Fair-Ausschnitt1.jpg\" \/>\n\t<meta property=\"og:image:width\" content=\"625\" \/>\n\t<meta property=\"og:image:height\" content=\"767\" \/>\n\t<meta property=\"og:image:type\" content=\"image\/jpeg\" \/>\n<meta name=\"twitter:card\" content=\"summary_large_image\" \/>\n<meta name=\"twitter:label1\" content=\"Gesch\u00e4tzte Lesezeit\" \/>\n\t<meta name=\"twitter:data1\" content=\"5\u00a0Minuten\" \/>\n<script type=\"application\/ld+json\" class=\"yoast-schema-graph\">{\"@context\":\"https:\/\/schema.org\",\"@graph\":[{\"@type\":\"WebPage\",\"@id\":\"https:\/\/weltlaeden.de\/reutlingen\/neuigkeiten\/\",\"url\":\"https:\/\/weltlaeden.de\/reutlingen\/neuigkeiten\/\",\"name\":\"Aktuelles - Weltladen Reutlingen\",\"isPartOf\":{\"@id\":\"https:\/\/weltlaeden.de\/reutlingen\/#website\"},\"primaryImageOfPage\":{\"@id\":\"https:\/\/weltlaeden.de\/reutlingen\/neuigkeiten\/#primaryimage\"},\"image\":{\"@id\":\"https:\/\/weltlaeden.de\/reutlingen\/neuigkeiten\/#primaryimage\"},\"thumbnailUrl\":\"https:\/\/weltlaeden.de\/reutlingen\/wp-content\/uploads\/sites\/79\/2021\/10\/Plakat-Schoko-Fair-Ausschnitt1.jpg\",\"datePublished\":\"2018-04-05T07:52:53+00:00\",\"dateModified\":\"2026-03-14T08:06:24+00:00\",\"description\":\"Das feiern wir am Samstag, 21. September 2019, ab 11 Uhr.Feiern Sie mit!\",\"breadcrumb\":{\"@id\":\"https:\/\/weltlaeden.de\/reutlingen\/neuigkeiten\/#breadcrumb\"},\"inLanguage\":\"de\",\"potentialAction\":[{\"@type\":\"ReadAction\",\"target\":[\"https:\/\/weltlaeden.de\/reutlingen\/neuigkeiten\/\"]}]},{\"@type\":\"ImageObject\",\"inLanguage\":\"de\",\"@id\":\"https:\/\/weltlaeden.de\/reutlingen\/neuigkeiten\/#primaryimage\",\"url\":\"https:\/\/weltlaeden.de\/reutlingen\/wp-content\/uploads\/sites\/79\/2021\/10\/Plakat-Schoko-Fair-Ausschnitt1.jpg\",\"contentUrl\":\"https:\/\/weltlaeden.de\/reutlingen\/wp-content\/uploads\/sites\/79\/2021\/10\/Plakat-Schoko-Fair-Ausschnitt1.jpg\",\"width\":625,\"height\":767},{\"@type\":\"BreadcrumbList\",\"@id\":\"https:\/\/weltlaeden.de\/reutlingen\/neuigkeiten\/#breadcrumb\",\"itemListElement\":[{\"@type\":\"ListItem\",\"position\":1,\"name\":\"Startseite\",\"item\":\"https:\/\/weltlaeden.de\/reutlingen\/\"},{\"@type\":\"ListItem\",\"position\":2,\"name\":\"Aktuelles\"}]},{\"@type\":\"WebSite\",\"@id\":\"https:\/\/weltlaeden.de\/reutlingen\/#website\",\"url\":\"https:\/\/weltlaeden.de\/reutlingen\/\",\"name\":\"Weltladen Reutlingen\",\"description\":\"Faire Produkte seit 1990\",\"potentialAction\":[{\"@type\":\"SearchAction\",\"target\":{\"@type\":\"EntryPoint\",\"urlTemplate\":\"https:\/\/weltlaeden.de\/reutlingen\/?s={search_term_string}\"},\"query-input\":{\"@type\":\"PropertyValueSpecification\",\"valueRequired\":true,\"valueName\":\"search_term_string\"}}],\"inLanguage\":\"de\"}]}<\/script>\n<!-- \/ Yoast SEO plugin. -->","yoast_head_json":{"title":"Aktuelles - Weltladen Reutlingen","description":"Das feiern wir am Samstag, 21. September 2019, ab 11 Uhr.Feiern Sie mit!","robots":{"index":"index","follow":"follow","max-snippet":"max-snippet:-1","max-image-preview":"max-image-preview:large","max-video-preview":"max-video-preview:-1"},"canonical":"https:\/\/weltlaeden.de\/reutlingen\/neuigkeiten\/","og_locale":"de_DE","og_type":"article","og_title":"Aktuelles - Weltladen Reutlingen","og_description":"Das feiern wir am Samstag, 21. September 2019, ab 11 Uhr.Feiern Sie mit!","og_url":"https:\/\/weltlaeden.de\/reutlingen\/neuigkeiten\/","og_site_name":"Weltladen Reutlingen","article_modified_time":"2026-03-14T08:06:24+00:00","og_image":[{"width":625,"height":767,"url":"https:\/\/weltlaeden.de\/reutlingen\/wp-content\/uploads\/sites\/79\/2021\/10\/Plakat-Schoko-Fair-Ausschnitt1.jpg","type":"image\/jpeg"}],"twitter_card":"summary_large_image","twitter_misc":{"Gesch\u00e4tzte Lesezeit":"5\u00a0Minuten"},"schema":{"@context":"https:\/\/schema.org","@graph":[{"@type":"WebPage","@id":"https:\/\/weltlaeden.de\/reutlingen\/neuigkeiten\/","url":"https:\/\/weltlaeden.de\/reutlingen\/neuigkeiten\/","name":"Aktuelles - Weltladen Reutlingen","isPartOf":{"@id":"https:\/\/weltlaeden.de\/reutlingen\/#website"},"primaryImageOfPage":{"@id":"https:\/\/weltlaeden.de\/reutlingen\/neuigkeiten\/#primaryimage"},"image":{"@id":"https:\/\/weltlaeden.de\/reutlingen\/neuigkeiten\/#primaryimage"},"thumbnailUrl":"https:\/\/weltlaeden.de\/reutlingen\/wp-content\/uploads\/sites\/79\/2021\/10\/Plakat-Schoko-Fair-Ausschnitt1.jpg","datePublished":"2018-04-05T07:52:53+00:00","dateModified":"2026-03-14T08:06:24+00:00","description":"Das feiern wir am Samstag, 21. September 2019, ab 11 Uhr.Feiern Sie mit!","breadcrumb":{"@id":"https:\/\/weltlaeden.de\/reutlingen\/neuigkeiten\/#breadcrumb"},"inLanguage":"de","potentialAction":[{"@type":"ReadAction","target":["https:\/\/weltlaeden.de\/reutlingen\/neuigkeiten\/"]}]},{"@type":"ImageObject","inLanguage":"de","@id":"https:\/\/weltlaeden.de\/reutlingen\/neuigkeiten\/#primaryimage","url":"https:\/\/weltlaeden.de\/reutlingen\/wp-content\/uploads\/sites\/79\/2021\/10\/Plakat-Schoko-Fair-Ausschnitt1.jpg","contentUrl":"https:\/\/weltlaeden.de\/reutlingen\/wp-content\/uploads\/sites\/79\/2021\/10\/Plakat-Schoko-Fair-Ausschnitt1.jpg","width":625,"height":767},{"@type":"BreadcrumbList","@id":"https:\/\/weltlaeden.de\/reutlingen\/neuigkeiten\/#breadcrumb","itemListElement":[{"@type":"ListItem","position":1,"name":"Startseite","item":"https:\/\/weltlaeden.de\/reutlingen\/"},{"@type":"ListItem","position":2,"name":"Aktuelles"}]},{"@type":"WebSite","@id":"https:\/\/weltlaeden.de\/reutlingen\/#website","url":"https:\/\/weltlaeden.de\/reutlingen\/","name":"Weltladen Reutlingen","description":"Faire Produkte seit 1990","potentialAction":[{"@type":"SearchAction","target":{"@type":"EntryPoint","urlTemplate":"https:\/\/weltlaeden.de\/reutlingen\/?s={search_term_string}"},"query-input":{"@type":"PropertyValueSpecification","valueRequired":true,"valueName":"search_term_string"}}],"inLanguage":"de"}]}},"_links":{"self":[{"href":"https:\/\/weltlaeden.de\/reutlingen\/wp-json\/wp\/v2\/pages\/361","targetHints":{"allow":["GET"]}}],"collection":[{"href":"https:\/\/weltlaeden.de\/reutlingen\/wp-json\/wp\/v2\/pages"}],"about":[{"href":"https:\/\/weltlaeden.de\/reutlingen\/wp-json\/wp\/v2\/types\/page"}],"author":[{"embeddable":true,"href":"https:\/\/weltlaeden.de\/reutlingen\/wp-json\/wp\/v2\/users\/1"}],"replies":[{"embeddable":true,"href":"https:\/\/weltlaeden.de\/reutlingen\/wp-json\/wp\/v2\/comments?post=361"}],"version-history":[{"count":362,"href":"https:\/\/weltlaeden.de\/reutlingen\/wp-json\/wp\/v2\/pages\/361\/revisions"}],"predecessor-version":[{"id":2815,"href":"https:\/\/weltlaeden.de\/reutlingen\/wp-json\/wp\/v2\/pages\/361\/revisions\/2815"}],"wp:featuredmedia":[{"embeddable":true,"href":"https:\/\/weltlaeden.de\/reutlingen\/wp-json\/wp\/v2\/media\/1973"}],"wp:attachment":[{"href":"https:\/\/weltlaeden.de\/reutlingen\/wp-json\/wp\/v2\/media?parent=361"}],"curies":[{"name":"wp","href":"https:\/\/api.w.org\/{rel}","templated":true}]}}