{"id":2725,"date":"2025-06-04T15:19:42","date_gmt":"2025-06-04T13:19:42","guid":{"rendered":"https:\/\/weltlaeden.de\/reutlingen\/?page_id=2725"},"modified":"2025-06-04T15:19:42","modified_gmt":"2025-06-04T13:19:42","slug":"fruehsommer-modepraesentation-2025","status":"publish","type":"page","link":"https:\/\/weltlaeden.de\/reutlingen\/fruehsommer-modepraesentation-2025\/","title":{"rendered":"Fr\u00fchsommer-Modepr\u00e4sentation 2025"},"content":{"rendered":"<div class=\"wpb-content-wrapper\"><h1>Fr\u00fchsommer-Modepr\u00e4sentation 2025<\/h1>\n<p>Zu sehen ist eine Auswahl an stilvoller Mode, hergestellt aus umwelt- und hautfreundlichen Materialien, nachhaltig produziert und fair gehandelt. Fair und chic geht gut zusammen.<\/p>\n\n\t\t\t<style type='text\/css'>\n\t\t\t\t#gallery-1 {\n\t\t\t\t\tmargin: auto;\n\t\t\t\t}\n\t\t\t\t#gallery-1 .gallery-item {\n\t\t\t\t\tfloat: left;\n\t\t\t\t\tmargin-top: 10px;\n\t\t\t\t\ttext-align: center;\n\t\t\t\t\twidth: 33%;\n\t\t\t\t}\n\t\t\t\t#gallery-1 img {\n\t\t\t\t\tborder: 2px solid #cfcfcf;\n\t\t\t\t}\n\t\t\t\t#gallery-1 .gallery-caption {\n\t\t\t\t\tmargin-left: 0;\n\t\t\t\t}\n\t\t\t\t\/* see gallery_shortcode() in wp-includes\/media.php *\/\n\t\t\t<\/style>\n\t\t<div id='gallery-1' class='dt-gallery-container gallery galleryid-2725 gallery-columns-3 gallery-size-thumbnail'><dl class='gallery-item'>\n\t\t\t\t<dt class='gallery-icon portrait'>\n\t\t\t\t\t<a class=\"rollover rollover-zoom dt-pswp-item\" title=\"Sommermode-2025_6662\" data-dt-img-description=\"\" data-large_image_width=\"1024\" data-large_image_height=\"1534\"href='https:\/\/weltlaeden.de\/reutlingen\/wp-content\/uploads\/sites\/79\/2025\/06\/Sommermode-2025_6662.jpg'><img loading=\"lazy\" decoding=\"async\" width=\"150\" height=\"150\" src=\"https:\/\/weltlaeden.de\/reutlingen\/wp-content\/uploads\/sites\/79\/2025\/06\/Sommermode-2025_6662-150x150.jpg\" class=\"attachment-thumbnail size-thumbnail\" alt=\"\" \/><\/a>\n\t\t\t\t<\/dt><\/dl><dl class='gallery-item'>\n\t\t\t\t<dt class='gallery-icon portrait'>\n\t\t\t\t\t<a class=\"rollover rollover-zoom dt-pswp-item\" title=\"Sommermode-2025_6669\" data-dt-img-description=\"\" data-large_image_width=\"1024\" data-large_image_height=\"1534\"href='https:\/\/weltlaeden.de\/reutlingen\/wp-content\/uploads\/sites\/79\/2025\/06\/Sommermode-2025_6669.jpg'><img loading=\"lazy\" decoding=\"async\" width=\"150\" height=\"150\" src=\"https:\/\/weltlaeden.de\/reutlingen\/wp-content\/uploads\/sites\/79\/2025\/06\/Sommermode-2025_6669-150x150.jpg\" class=\"attachment-thumbnail size-thumbnail\" alt=\"\" \/><\/a>\n\t\t\t\t<\/dt><\/dl><dl class='gallery-item'>\n\t\t\t\t<dt class='gallery-icon portrait'>\n\t\t\t\t\t<a class=\"rollover rollover-zoom dt-pswp-item\" title=\"Sommermode-2025_6671\" data-dt-img-description=\"\" data-large_image_width=\"1024\" data-large_image_height=\"1534\"href='https:\/\/weltlaeden.de\/reutlingen\/wp-content\/uploads\/sites\/79\/2025\/06\/Sommermode-2025_6671.jpg'><img loading=\"lazy\" decoding=\"async\" width=\"150\" height=\"150\" src=\"https:\/\/weltlaeden.de\/reutlingen\/wp-content\/uploads\/sites\/79\/2025\/06\/Sommermode-2025_6671-150x150.jpg\" class=\"attachment-thumbnail size-thumbnail\" alt=\"\" \/><\/a>\n\t\t\t\t<\/dt><\/dl><br style=\"clear: both\" \/><dl class='gallery-item'>\n\t\t\t\t<dt class='gallery-icon portrait'>\n\t\t\t\t\t<a class=\"rollover rollover-zoom dt-pswp-item\" title=\"Sommermode-2025_6683\" data-dt-img-description=\"\" data-large_image_width=\"1024\" data-large_image_height=\"1534\"href='https:\/\/weltlaeden.de\/reutlingen\/wp-content\/uploads\/sites\/79\/2025\/06\/Sommermode-2025_6683.jpg'><img loading=\"lazy\" decoding=\"async\" width=\"150\" height=\"150\" src=\"https:\/\/weltlaeden.de\/reutlingen\/wp-content\/uploads\/sites\/79\/2025\/06\/Sommermode-2025_6683-150x150.jpg\" class=\"attachment-thumbnail size-thumbnail\" alt=\"\" \/><\/a>\n\t\t\t\t<\/dt><\/dl><dl class='gallery-item'>\n\t\t\t\t<dt class='gallery-icon portrait'>\n\t\t\t\t\t<a class=\"rollover rollover-zoom dt-pswp-item\" title=\"Sommermode-2025_6760\" data-dt-img-description=\"\" data-large_image_width=\"1024\" data-large_image_height=\"1534\"href='https:\/\/weltlaeden.de\/reutlingen\/wp-content\/uploads\/sites\/79\/2025\/06\/Sommermode-2025_6760.jpg'><img loading=\"lazy\" decoding=\"async\" width=\"150\" height=\"150\" src=\"https:\/\/weltlaeden.de\/reutlingen\/wp-content\/uploads\/sites\/79\/2025\/06\/Sommermode-2025_6760-150x150.jpg\" class=\"attachment-thumbnail size-thumbnail\" alt=\"\" \/><\/a>\n\t\t\t\t<\/dt><\/dl><dl class='gallery-item'>\n\t\t\t\t<dt class='gallery-icon portrait'>\n\t\t\t\t\t<a class=\"rollover rollover-zoom dt-pswp-item\" title=\"Sommermode-2025_6772\" data-dt-img-description=\"\" data-large_image_width=\"1024\" data-large_image_height=\"1534\"href='https:\/\/weltlaeden.de\/reutlingen\/wp-content\/uploads\/sites\/79\/2025\/06\/Sommermode-2025_6772.jpg'><img loading=\"lazy\" decoding=\"async\" width=\"150\" height=\"150\" src=\"https:\/\/weltlaeden.de\/reutlingen\/wp-content\/uploads\/sites\/79\/2025\/06\/Sommermode-2025_6772-150x150.jpg\" class=\"attachment-thumbnail size-thumbnail\" alt=\"\" \/><\/a>\n\t\t\t\t<\/dt><\/dl><br style=\"clear: both\" \/><dl class='gallery-item'>\n\t\t\t\t<dt class='gallery-icon portrait'>\n\t\t\t\t\t<a class=\"rollover rollover-zoom dt-pswp-item\" title=\"Sommermode-2025_6785\" data-dt-img-description=\"\" data-large_image_width=\"1024\" data-large_image_height=\"1820\"href='https:\/\/weltlaeden.de\/reutlingen\/wp-content\/uploads\/sites\/79\/2025\/06\/Sommermode-2025_6785.jpg'><img loading=\"lazy\" decoding=\"async\" width=\"150\" height=\"150\" src=\"https:\/\/weltlaeden.de\/reutlingen\/wp-content\/uploads\/sites\/79\/2025\/06\/Sommermode-2025_6785-150x150.jpg\" class=\"attachment-thumbnail size-thumbnail\" alt=\"\" \/><\/a>\n\t\t\t\t<\/dt><\/dl><dl class='gallery-item'>\n\t\t\t\t<dt class='gallery-icon portrait'>\n\t\t\t\t\t<a class=\"rollover rollover-zoom dt-pswp-item\" title=\"Sommermode-2025_6800\" data-dt-img-description=\"\" data-large_image_width=\"1024\" data-large_image_height=\"1534\"href='https:\/\/weltlaeden.de\/reutlingen\/wp-content\/uploads\/sites\/79\/2025\/06\/Sommermode-2025_6800.jpg'><img loading=\"lazy\" decoding=\"async\" width=\"150\" height=\"150\" src=\"https:\/\/weltlaeden.de\/reutlingen\/wp-content\/uploads\/sites\/79\/2025\/06\/Sommermode-2025_6800-150x150.jpg\" class=\"attachment-thumbnail size-thumbnail\" alt=\"\" \/><\/a>\n\t\t\t\t<\/dt><\/dl><dl class='gallery-item'>\n\t\t\t\t<dt class='gallery-icon portrait'>\n\t\t\t\t\t<a class=\"rollover rollover-zoom dt-pswp-item\" title=\"Sommermode-2025_6804\" data-dt-img-description=\"\" data-large_image_width=\"1024\" data-large_image_height=\"1821\"href='https:\/\/weltlaeden.de\/reutlingen\/wp-content\/uploads\/sites\/79\/2025\/06\/Sommermode-2025_6804.jpg'><img loading=\"lazy\" decoding=\"async\" width=\"150\" height=\"150\" src=\"https:\/\/weltlaeden.de\/reutlingen\/wp-content\/uploads\/sites\/79\/2025\/06\/Sommermode-2025_6804-150x150.jpg\" class=\"attachment-thumbnail size-thumbnail\" alt=\"\" \/><\/a>\n\t\t\t\t<\/dt><\/dl><br style=\"clear: both\" \/><dl class='gallery-item'>\n\t\t\t\t<dt class='gallery-icon portrait'>\n\t\t\t\t\t<a class=\"rollover rollover-zoom dt-pswp-item\" title=\"Sommermode-2025_6869\" data-dt-img-description=\"\" data-large_image_width=\"1024\" data-large_image_height=\"1820\"href='https:\/\/weltlaeden.de\/reutlingen\/wp-content\/uploads\/sites\/79\/2025\/06\/Sommermode-2025_6869.jpg'><img loading=\"lazy\" decoding=\"async\" width=\"150\" height=\"150\" src=\"https:\/\/weltlaeden.de\/reutlingen\/wp-content\/uploads\/sites\/79\/2025\/06\/Sommermode-2025_6869-150x150.jpg\" class=\"attachment-thumbnail size-thumbnail\" alt=\"\" \/><\/a>\n\t\t\t\t<\/dt><\/dl><dl class='gallery-item'>\n\t\t\t\t<dt class='gallery-icon portrait'>\n\t\t\t\t\t<a class=\"rollover rollover-zoom dt-pswp-item\" title=\"Sommermode-2025_6873\" data-dt-img-description=\"\" data-large_image_width=\"1024\" data-large_image_height=\"1534\"href='https:\/\/weltlaeden.de\/reutlingen\/wp-content\/uploads\/sites\/79\/2025\/06\/Sommermode-2025_6873.jpg'><img loading=\"lazy\" decoding=\"async\" width=\"150\" height=\"150\" src=\"https:\/\/weltlaeden.de\/reutlingen\/wp-content\/uploads\/sites\/79\/2025\/06\/Sommermode-2025_6873-150x150.jpg\" class=\"attachment-thumbnail size-thumbnail\" alt=\"\" \/><\/a>\n\t\t\t\t<\/dt><\/dl><dl class='gallery-item'>\n\t\t\t\t<dt class='gallery-icon portrait'>\n\t\t\t\t\t<a class=\"rollover rollover-zoom dt-pswp-item\" title=\"Sommermode-2025_6890\" data-dt-img-description=\"\" data-large_image_width=\"1024\" data-large_image_height=\"1534\"href='https:\/\/weltlaeden.de\/reutlingen\/wp-content\/uploads\/sites\/79\/2025\/06\/Sommermode-2025_6890.jpg'><img loading=\"lazy\" decoding=\"async\" width=\"150\" height=\"150\" src=\"https:\/\/weltlaeden.de\/reutlingen\/wp-content\/uploads\/sites\/79\/2025\/06\/Sommermode-2025_6890-150x150.jpg\" class=\"attachment-thumbnail size-thumbnail\" alt=\"\" \/><\/a>\n\t\t\t\t<\/dt><\/dl><br style=\"clear: both\" \/><dl class='gallery-item'>\n\t\t\t\t<dt class='gallery-icon landscape'>\n\t\t\t\t\t<a class=\"rollover rollover-zoom dt-pswp-item\" title=\"Sommermode-2025_6912\" data-dt-img-description=\"\" data-large_image_width=\"1024\" data-large_image_height=\"801\"href='https:\/\/weltlaeden.de\/reutlingen\/wp-content\/uploads\/sites\/79\/2025\/06\/Sommermode-2025_6912.jpg'><img loading=\"lazy\" decoding=\"async\" width=\"150\" height=\"150\" src=\"https:\/\/weltlaeden.de\/reutlingen\/wp-content\/uploads\/sites\/79\/2025\/06\/Sommermode-2025_6912-150x150.jpg\" class=\"attachment-thumbnail size-thumbnail\" alt=\"\" \/><\/a>\n\t\t\t\t<\/dt><\/dl><dl class='gallery-item'>\n\t\t\t\t<dt class='gallery-icon portrait'>\n\t\t\t\t\t<a class=\"rollover rollover-zoom dt-pswp-item\" title=\"Sommermode-2025_6920\" data-dt-img-description=\"\" data-large_image_width=\"1024\" data-large_image_height=\"1534\"href='https:\/\/weltlaeden.de\/reutlingen\/wp-content\/uploads\/sites\/79\/2025\/06\/Sommermode-2025_6920.jpg'><img loading=\"lazy\" decoding=\"async\" width=\"150\" height=\"150\" src=\"https:\/\/weltlaeden.de\/reutlingen\/wp-content\/uploads\/sites\/79\/2025\/06\/Sommermode-2025_6920-150x150.jpg\" class=\"attachment-thumbnail size-thumbnail\" alt=\"\" \/><\/a>\n\t\t\t\t<\/dt><\/dl><dl class='gallery-item'>\n\t\t\t\t<dt class='gallery-icon portrait'>\n\t\t\t\t\t<a class=\"rollover rollover-zoom dt-pswp-item\" title=\"Sommermode-2025_6943\" data-dt-img-description=\"\" data-large_image_width=\"1024\" data-large_image_height=\"1821\"href='https:\/\/weltlaeden.de\/reutlingen\/wp-content\/uploads\/sites\/79\/2025\/06\/Sommermode-2025_6943.jpg'><img loading=\"lazy\" decoding=\"async\" width=\"150\" height=\"150\" src=\"https:\/\/weltlaeden.de\/reutlingen\/wp-content\/uploads\/sites\/79\/2025\/06\/Sommermode-2025_6943-150x150.jpg\" class=\"attachment-thumbnail size-thumbnail\" alt=\"\" \/><\/a>\n\t\t\t\t<\/dt><\/dl><br style=\"clear: both\" \/>\n\t\t\t<\/div>\n\n<p>[vc_row][vc_column][\/vc_column][\/vc_row]<\/p>\n<p>Bilder: \u00a9 Manfred Bahnm\u00fcller <\/p>\n<\/div>","protected":false},"excerpt":{"rendered":"<p>Fr\u00fchsommer-Modepr\u00e4sentation 2025 Zu sehen ist eine Auswahl an stilvoller Mode, hergestellt aus umwelt- und hautfreundlichen Materialien, nachhaltig produziert und fair gehandelt. Fair und chic geht gut zusammen. [vc_row][vc_column][\/vc_column][\/vc_row] Bilder: \u00a9 Manfred Bahnm\u00fcller<\/p>\n","protected":false},"author":121,"featured_media":0,"parent":0,"menu_order":12,"comment_status":"closed","ping_status":"closed","template":"","meta":{"footnotes":""},"class_list":["post-2725","page","type-page","status-publish","hentry","description-off"],"yoast_head":"<!-- This site is optimized with the Yoast SEO plugin v26.8 - https:\/\/yoast.com\/product\/yoast-seo-wordpress\/ -->\n<title>Fr\u00fchsommer-Modepr\u00e4sentation 2025 - Weltladen Reutlingen<\/title>\n<meta name=\"robots\" content=\"index, follow, max-snippet:-1, max-image-preview:large, max-video-preview:-1\" \/>\n<link rel=\"canonical\" href=\"https:\/\/weltlaeden.de\/reutlingen\/fruehsommer-modepraesentation-2025\/\" \/>\n<meta property=\"og:locale\" content=\"de_DE\" \/>\n<meta property=\"og:type\" content=\"article\" \/>\n<meta property=\"og:title\" content=\"Fr\u00fchsommer-Modepr\u00e4sentation 2025 - Weltladen Reutlingen\" \/>\n<meta property=\"og:description\" content=\"Fr\u00fchsommer-Modepr\u00e4sentation 2025 Zu sehen ist eine Auswahl an stilvoller Mode, hergestellt aus umwelt- und hautfreundlichen Materialien, nachhaltig produziert und fair gehandelt. Fair und chic geht gut zusammen. [vc_row][vc_column][\/vc_column][\/vc_row] Bilder: \u00a9 Manfred Bahnm\u00fcller\" \/>\n<meta property=\"og:url\" content=\"https:\/\/weltlaeden.de\/reutlingen\/fruehsommer-modepraesentation-2025\/\" \/>\n<meta property=\"og:site_name\" content=\"Weltladen Reutlingen\" \/>\n<meta property=\"og:image\" content=\"https:\/\/weltlaeden.de\/reutlingen\/wp-content\/uploads\/sites\/79\/2025\/06\/Sommermode-2025_6662-150x150.jpg\" \/>\n<meta name=\"twitter:card\" content=\"summary_large_image\" \/>\n<script type=\"application\/ld+json\" class=\"yoast-schema-graph\">{\"@context\":\"https:\/\/schema.org\",\"@graph\":[{\"@type\":\"WebPage\",\"@id\":\"https:\/\/weltlaeden.de\/reutlingen\/fruehsommer-modepraesentation-2025\/\",\"url\":\"https:\/\/weltlaeden.de\/reutlingen\/fruehsommer-modepraesentation-2025\/\",\"name\":\"Fr\u00fchsommer-Modepr\u00e4sentation 2025 - Weltladen Reutlingen\",\"isPartOf\":{\"@id\":\"https:\/\/weltlaeden.de\/reutlingen\/#website\"},\"datePublished\":\"2025-06-04T13:19:42+00:00\",\"breadcrumb\":{\"@id\":\"https:\/\/weltlaeden.de\/reutlingen\/fruehsommer-modepraesentation-2025\/#breadcrumb\"},\"inLanguage\":\"de\",\"potentialAction\":[{\"@type\":\"ReadAction\",\"target\":[\"https:\/\/weltlaeden.de\/reutlingen\/fruehsommer-modepraesentation-2025\/\"]}]},{\"@type\":\"BreadcrumbList\",\"@id\":\"https:\/\/weltlaeden.de\/reutlingen\/fruehsommer-modepraesentation-2025\/#breadcrumb\",\"itemListElement\":[{\"@type\":\"ListItem\",\"position\":1,\"name\":\"Startseite\",\"item\":\"https:\/\/weltlaeden.de\/reutlingen\/\"},{\"@type\":\"ListItem\",\"position\":2,\"name\":\"Fr\u00fchsommer-Modepr\u00e4sentation 2025\"}]},{\"@type\":\"WebSite\",\"@id\":\"https:\/\/weltlaeden.de\/reutlingen\/#website\",\"url\":\"https:\/\/weltlaeden.de\/reutlingen\/\",\"name\":\"Weltladen Reutlingen\",\"description\":\"Faire Produkte seit 1990\",\"potentialAction\":[{\"@type\":\"SearchAction\",\"target\":{\"@type\":\"EntryPoint\",\"urlTemplate\":\"https:\/\/weltlaeden.de\/reutlingen\/?s={search_term_string}\"},\"query-input\":{\"@type\":\"PropertyValueSpecification\",\"valueRequired\":true,\"valueName\":\"search_term_string\"}}],\"inLanguage\":\"de\"}]}<\/script>\n<!-- \/ Yoast SEO plugin. -->","yoast_head_json":{"title":"Fr\u00fchsommer-Modepr\u00e4sentation 2025 - Weltladen Reutlingen","robots":{"index":"index","follow":"follow","max-snippet":"max-snippet:-1","max-image-preview":"max-image-preview:large","max-video-preview":"max-video-preview:-1"},"canonical":"https:\/\/weltlaeden.de\/reutlingen\/fruehsommer-modepraesentation-2025\/","og_locale":"de_DE","og_type":"article","og_title":"Fr\u00fchsommer-Modepr\u00e4sentation 2025 - Weltladen Reutlingen","og_description":"Fr\u00fchsommer-Modepr\u00e4sentation 2025 Zu sehen ist eine Auswahl an stilvoller Mode, hergestellt aus umwelt- und hautfreundlichen Materialien, nachhaltig produziert und fair gehandelt. Fair und chic geht gut zusammen. [vc_row][vc_column][\/vc_column][\/vc_row] Bilder: \u00a9 Manfred Bahnm\u00fcller","og_url":"https:\/\/weltlaeden.de\/reutlingen\/fruehsommer-modepraesentation-2025\/","og_site_name":"Weltladen Reutlingen","og_image":[{"url":"https:\/\/weltlaeden.de\/reutlingen\/wp-content\/uploads\/sites\/79\/2025\/06\/Sommermode-2025_6662-150x150.jpg","type":"","width":"","height":""}],"twitter_card":"summary_large_image","schema":{"@context":"https:\/\/schema.org","@graph":[{"@type":"WebPage","@id":"https:\/\/weltlaeden.de\/reutlingen\/fruehsommer-modepraesentation-2025\/","url":"https:\/\/weltlaeden.de\/reutlingen\/fruehsommer-modepraesentation-2025\/","name":"Fr\u00fchsommer-Modepr\u00e4sentation 2025 - Weltladen Reutlingen","isPartOf":{"@id":"https:\/\/weltlaeden.de\/reutlingen\/#website"},"datePublished":"2025-06-04T13:19:42+00:00","breadcrumb":{"@id":"https:\/\/weltlaeden.de\/reutlingen\/fruehsommer-modepraesentation-2025\/#breadcrumb"},"inLanguage":"de","potentialAction":[{"@type":"ReadAction","target":["https:\/\/weltlaeden.de\/reutlingen\/fruehsommer-modepraesentation-2025\/"]}]},{"@type":"BreadcrumbList","@id":"https:\/\/weltlaeden.de\/reutlingen\/fruehsommer-modepraesentation-2025\/#breadcrumb","itemListElement":[{"@type":"ListItem","position":1,"name":"Startseite","item":"https:\/\/weltlaeden.de\/reutlingen\/"},{"@type":"ListItem","position":2,"name":"Fr\u00fchsommer-Modepr\u00e4sentation 2025"}]},{"@type":"WebSite","@id":"https:\/\/weltlaeden.de\/reutlingen\/#website","url":"https:\/\/weltlaeden.de\/reutlingen\/","name":"Weltladen Reutlingen","description":"Faire Produkte seit 1990","potentialAction":[{"@type":"SearchAction","target":{"@type":"EntryPoint","urlTemplate":"https:\/\/weltlaeden.de\/reutlingen\/?s={search_term_string}"},"query-input":{"@type":"PropertyValueSpecification","valueRequired":true,"valueName":"search_term_string"}}],"inLanguage":"de"}]}},"_links":{"self":[{"href":"https:\/\/weltlaeden.de\/reutlingen\/wp-json\/wp\/v2\/pages\/2725","targetHints":{"allow":["GET"]}}],"collection":[{"href":"https:\/\/weltlaeden.de\/reutlingen\/wp-json\/wp\/v2\/pages"}],"about":[{"href":"https:\/\/weltlaeden.de\/reutlingen\/wp-json\/wp\/v2\/types\/page"}],"author":[{"embeddable":true,"href":"https:\/\/weltlaeden.de\/reutlingen\/wp-json\/wp\/v2\/users\/121"}],"replies":[{"embeddable":true,"href":"https:\/\/weltlaeden.de\/reutlingen\/wp-json\/wp\/v2\/comments?post=2725"}],"version-history":[{"count":2,"href":"https:\/\/weltlaeden.de\/reutlingen\/wp-json\/wp\/v2\/pages\/2725\/revisions"}],"predecessor-version":[{"id":2742,"href":"https:\/\/weltlaeden.de\/reutlingen\/wp-json\/wp\/v2\/pages\/2725\/revisions\/2742"}],"wp:attachment":[{"href":"https:\/\/weltlaeden.de\/reutlingen\/wp-json\/wp\/v2\/media?parent=2725"}],"curies":[{"name":"wp","href":"https:\/\/api.w.org\/{rel}","templated":true}]}}