{"id":219,"date":"2016-10-28T13:34:47","date_gmt":"2016-10-28T11:34:47","guid":{"rendered":"https:\/\/wl.heimpixel.de\/vorlage\/ueber-uns\/"},"modified":"2025-10-17T20:39:06","modified_gmt":"2025-10-17T18:39:06","slug":"ueber-uns","status":"publish","type":"page","link":"https:\/\/weltlaeden.de\/reutlingen\/ueber-uns\/","title":{"rendered":"\u00dcber uns"},"content":{"rendered":"<div class=\"wpb-content-wrapper\"><p>[vc_row][vc_column]<div class=\"wl_einzelbild\"><p><img loading=\"lazy\" decoding=\"async\" class=\"alignnone wp-image-730\" src=\"https:\/\/weltlaeden.de\/reutlingen\/wp-content\/uploads\/sites\/79\/2019\/07\/banner_UeberUns_787x340px-300x130.jpg\" alt=\"\" width=\"870\" height=\"377\" srcset=\"https:\/\/weltlaeden.de\/reutlingen\/wp-content\/uploads\/sites\/79\/2019\/07\/banner_UeberUns_787x340px-300x130.jpg 300w, https:\/\/weltlaeden.de\/reutlingen\/wp-content\/uploads\/sites\/79\/2019\/07\/banner_UeberUns_787x340px-768x332.jpg 768w, https:\/\/weltlaeden.de\/reutlingen\/wp-content\/uploads\/sites\/79\/2019\/07\/banner_UeberUns_787x340px-1024x442.jpg 1024w\" sizes=\"auto, (max-width: 870px) 100vw, 870px\" \/><\/p><\/div>[vc_empty_space][vc_column_text]<\/p>\n<h1>\u00dcber den Weltladen Reutlingen<\/h1>\n<p>[\/vc_column_text][vc_empty_space height=&#8220;10px&#8220;][vc_empty_space height=&#8220;10px&#8220;][vc_column_text]<\/p>\n<h2>Entdecken Sie bei uns die Welt des Fairen Handels!<\/h2>\n<p>Wir sind kein Laden wie jeder andere. Als Fachgesch\u00e4ft des Fairen Handels bieten wir Produkte an, die unter fairen Bedingungen hergestellt und gehandelt wurden \u2013 mit Respekt f\u00fcr Mensch und Umwelt.<\/p>\n<p>Unsere Waren stammen ausschlie\u00dflich von anerkannten Fair-Handels-Importeuren wie GEPA, El Puente, WeltPartner oder BanaFair. Die gesamte Lieferkette \u2013 von der Produktion bis zu unserem Regal \u2013 ist transparent und gerecht. Gewinne flie\u00dfen zur\u00fcck in den Fairen Handel. Das unterscheidet uns deutlich von Supermarkt-Produkten mit Fairtrade-Siegel.<\/p>\n<p>Doch wir verkaufen nicht nur Produkte \u2013 wir erz\u00e4hlen auch ihre Geschichten. Wir informieren \u00fcber die Menschen hinter den Waren, \u00fcber ihre Herkunftsl\u00e4nder und Lebensrealit\u00e4ten. Mit Veranstaltungen, Bildungsangeboten und Aktionen setzen wir uns f\u00fcr globale Gerechtigkeit ein.<\/p>\n<p>Seit 1994 wird der Weltladen Reutlingen vom\u00a0<strong>Eine Welt Verein Reutlingen e.V.<\/strong> getragen. Wir sind Mitglied im <strong>Dachverband der Weltl\u00e4den<\/strong> und arbeiten nach dessen verbindlichen Kriterien f\u00fcr Fairen Handel.<br \/>\nWir freuen uns auf Ihren Besuch!<br \/>\n&nbsp;<\/p>\n<h2>Mitbauen an der Welt von morgen \u2013 machen Sie mit!<\/h2>\n<p>Sie m\u00f6chten, dass es in unserer Welt gerechter zugeht? Dann sind Sie bei uns genau richtig!<\/p>\n<p>Der Weltladen lebt vom Engagement vieler Ehrenamtlicher. Sie halten den Laden am Laufen, gestalten Bildungsangebote, organisieren Veranstaltungen und setzen sich politisch f\u00fcr den Fairen Handel ein. Neue Mitstreiter*innen sind herzlich willkommen!<br \/>\n&nbsp;<\/p>\n<h2>Was Sie bei uns tun k\u00f6nnen<\/h2>\n<div id=\"attachment_696\" style=\"width: 310px\" class=\"wp-caption alignright\"><img loading=\"lazy\" decoding=\"async\" aria-describedby=\"caption-attachment-696\" class=\"wp-image-696 size-medium\" src=\"https:\/\/weltlaeden.de\/reutlingen\/wp-content\/uploads\/sites\/79\/2019\/07\/scale-1500-1000-P4MfAIzf01B8140rRhX8-300x200.jpg\" alt=\"Ehrenamtliche des Weltladen Reutlingen\" width=\"300\" height=\"200\" srcset=\"https:\/\/weltlaeden.de\/reutlingen\/wp-content\/uploads\/sites\/79\/2019\/07\/scale-1500-1000-P4MfAIzf01B8140rRhX8-300x200.jpg 300w, https:\/\/weltlaeden.de\/reutlingen\/wp-content\/uploads\/sites\/79\/2019\/07\/scale-1500-1000-P4MfAIzf01B8140rRhX8-768x512.jpg 768w, https:\/\/weltlaeden.de\/reutlingen\/wp-content\/uploads\/sites\/79\/2019\/07\/scale-1500-1000-P4MfAIzf01B8140rRhX8-1024x683.jpg 1024w, https:\/\/weltlaeden.de\/reutlingen\/wp-content\/uploads\/sites\/79\/2019\/07\/scale-1500-1000-P4MfAIzf01B8140rRhX8.jpg 1500w\" sizes=\"auto, (max-width: 300px) 100vw, 300px\" \/><p id=\"caption-attachment-696\" class=\"wp-caption-text\">Ehrenamtliche des Weltladens Reutlingen<\/p><\/div>\n<h3>Im Laden:<\/h3>\n<ul>\n<li>Kund*innen beraten<\/li>\n<li>Waren auff\u00fcllen und pr\u00e4sentieren<\/li>\n<li>Schaufenster gestalten<\/li>\n<\/ul>\n<h3>In der Bildungsarbeit:<\/h3>\n<ul>\n<li>Gruppen durch den Laden f\u00fchren<\/li>\n<li>Schulklassen oder Gemeinden besuchen<\/li>\n<li>Infomaterialien erstellen<\/li>\n<li>Veranstaltungen und Kampagnen mitgestalten<\/li>\n<\/ul>\n<h3>Hinter den Kulissen:<\/h3>\n<ul>\n<li>Homepage pflegen<\/li>\n<li>Recherchieren und Texte schreiben<\/li>\n<li>Politische Aktionen unterst\u00fctzen<\/li>\n<\/ul>\n<p>Ob regelm\u00e4\u00dfig oder gelegentlich \u2013 Sie entscheiden, wie viel Zeit Sie einbringen m\u00f6chten. Wir bieten eine gute Einarbeitung, spannende Fortbildungen und ein engagiertes Team, das sich auf Sie freut.<br \/>\n&nbsp;<\/p>\n<h2>Schauen Sie einfach in unserem Laden vorbei<\/h2>\n<div id=\"attachment_1934\" style=\"width: 310px\" class=\"wp-caption alignleft\"><img loading=\"lazy\" decoding=\"async\" aria-describedby=\"caption-attachment-1934\" class=\"size-medium wp-image-1934\" src=\"https:\/\/weltlaeden.de\/reutlingen\/wp-content\/uploads\/sites\/79\/2021\/08\/DSC_0019_AnetteScholz_web-300x263.jpg\" alt=\"Anette Scholz, Ladenleitung\" width=\"300\" height=\"263\" srcset=\"https:\/\/weltlaeden.de\/reutlingen\/wp-content\/uploads\/sites\/79\/2021\/08\/DSC_0019_AnetteScholz_web-300x263.jpg 300w, https:\/\/weltlaeden.de\/reutlingen\/wp-content\/uploads\/sites\/79\/2021\/08\/DSC_0019_AnetteScholz_web-768x672.jpg 768w, https:\/\/weltlaeden.de\/reutlingen\/wp-content\/uploads\/sites\/79\/2021\/08\/DSC_0019_AnetteScholz_web.jpg 1018w\" sizes=\"auto, (max-width: 300px) 100vw, 300px\" \/><p id=\"caption-attachment-1934\" class=\"wp-caption-text\">Anette Scholz, Ladenleitung<\/p><\/div>\n<p>Oder nehmen Sie Kontakt zu unserer Ladenleitung auf:<br \/>\nAnette Scholz<br \/>\nTel.: 07121 339200<br \/>\n<a href=\"mailto:leitung@weltladen-reutlingen.de\">leitung@weltladen-reutlingen.de<\/a>[\/vc_column_text][\/vc_column][\/vc_row]<\/p>\n<\/div>","protected":false},"excerpt":{"rendered":"<p>[vc_row][vc_column][vc_empty_space][vc_column_text] \u00dcber den Weltladen Reutlingen [\/vc_column_text][vc_empty_space height=&#8220;10px&#8220;][vc_empty_space height=&#8220;10px&#8220;][vc_column_text] Entdecken Sie bei uns die Welt des Fairen Handels! Wir sind kein Laden wie jeder andere. Als Fachgesch\u00e4ft des Fairen Handels bieten wir Produkte an, die unter fairen Bedingungen hergestellt und gehandelt wurden \u2013 mit Respekt f\u00fcr Mensch und Umwelt. Unsere Waren stammen ausschlie\u00dflich von anerkannten Fair-Handels-Importeuren&hellip;<\/p>\n","protected":false},"author":1,"featured_media":0,"parent":0,"menu_order":29,"comment_status":"closed","ping_status":"closed","template":"","meta":{"footnotes":""},"class_list":["post-219","page","type-page","status-publish","hentry","description-off"],"yoast_head":"<!-- This site is optimized with the Yoast SEO plugin v26.8 - https:\/\/yoast.com\/product\/yoast-seo-wordpress\/ -->\n<title>\u00dcber uns - Weltladen Reutlingen<\/title>\n<meta name=\"description\" content=\"Entdecken Sie bei uns die Welt des Fairen Handels! Wir sind ein Fachgesch\u00e4ft des Fairen Handels, kein Laden wie jeder andere. Die Produkte in unserem Sortiment sind fair gehandelt. Wir beziehen unsere Waren von anerkannten Fair-Handels-Importeuren wie GEPA, El Puente, WeltPartner oder BanaFair.\" \/>\n<meta name=\"robots\" content=\"index, follow, max-snippet:-1, max-image-preview:large, max-video-preview:-1\" \/>\n<link rel=\"canonical\" href=\"https:\/\/weltlaeden.de\/reutlingen\/ueber-uns\/\" \/>\n<meta property=\"og:locale\" content=\"de_DE\" \/>\n<meta property=\"og:type\" content=\"article\" \/>\n<meta property=\"og:title\" content=\"\u00dcber uns - Weltladen Reutlingen\" \/>\n<meta property=\"og:description\" content=\"Entdecken Sie bei uns die Welt des Fairen Handels! Wir sind ein Fachgesch\u00e4ft des Fairen Handels, kein Laden wie jeder andere. Die Produkte in unserem Sortiment sind fair gehandelt. Wir beziehen unsere Waren von anerkannten Fair-Handels-Importeuren wie GEPA, El Puente, WeltPartner oder BanaFair.\" \/>\n<meta property=\"og:url\" content=\"https:\/\/weltlaeden.de\/reutlingen\/ueber-uns\/\" \/>\n<meta property=\"og:site_name\" content=\"Weltladen Reutlingen\" \/>\n<meta property=\"article:modified_time\" content=\"2025-10-17T18:39:06+00:00\" \/>\n<meta property=\"og:image\" content=\"https:\/\/weltlaeden.de\/reutlingen\/wp-content\/uploads\/sites\/79\/2019\/07\/banner_UeberUns_787x340px-1024x442.jpg\" \/>\n\t<meta property=\"og:image:width\" content=\"1024\" \/>\n\t<meta property=\"og:image:height\" content=\"442\" \/>\n\t<meta property=\"og:image:type\" content=\"image\/jpeg\" \/>\n<meta name=\"twitter:card\" content=\"summary_large_image\" \/>\n<meta name=\"twitter:label1\" content=\"Gesch\u00e4tzte Lesezeit\" \/>\n\t<meta name=\"twitter:data1\" content=\"4\u00a0Minuten\" \/>\n<script type=\"application\/ld+json\" class=\"yoast-schema-graph\">{\"@context\":\"https:\/\/schema.org\",\"@graph\":[{\"@type\":\"WebPage\",\"@id\":\"https:\/\/weltlaeden.de\/reutlingen\/ueber-uns\/\",\"url\":\"https:\/\/weltlaeden.de\/reutlingen\/ueber-uns\/\",\"name\":\"\u00dcber uns - Weltladen Reutlingen\",\"isPartOf\":{\"@id\":\"https:\/\/weltlaeden.de\/reutlingen\/#website\"},\"primaryImageOfPage\":{\"@id\":\"https:\/\/weltlaeden.de\/reutlingen\/ueber-uns\/#primaryimage\"},\"image\":{\"@id\":\"https:\/\/weltlaeden.de\/reutlingen\/ueber-uns\/#primaryimage\"},\"thumbnailUrl\":\"https:\/\/weltlaeden.de\/reutlingen\/wp-content\/uploads\/sites\/79\/2019\/07\/banner_UeberUns_787x340px-300x130.jpg\",\"datePublished\":\"2016-10-28T11:34:47+00:00\",\"dateModified\":\"2025-10-17T18:39:06+00:00\",\"description\":\"Entdecken Sie bei uns die Welt des Fairen Handels! Wir sind ein Fachgesch\u00e4ft des Fairen Handels, kein Laden wie jeder andere. Die Produkte in unserem Sortiment sind fair gehandelt. Wir beziehen unsere Waren von anerkannten Fair-Handels-Importeuren wie GEPA, El Puente, WeltPartner oder BanaFair.\",\"breadcrumb\":{\"@id\":\"https:\/\/weltlaeden.de\/reutlingen\/ueber-uns\/#breadcrumb\"},\"inLanguage\":\"de\",\"potentialAction\":[{\"@type\":\"ReadAction\",\"target\":[\"https:\/\/weltlaeden.de\/reutlingen\/ueber-uns\/\"]}]},{\"@type\":\"ImageObject\",\"inLanguage\":\"de\",\"@id\":\"https:\/\/weltlaeden.de\/reutlingen\/ueber-uns\/#primaryimage\",\"url\":\"https:\/\/weltlaeden.de\/reutlingen\/wp-content\/uploads\/sites\/79\/2019\/07\/banner_UeberUns_787x340px.jpg\",\"contentUrl\":\"https:\/\/weltlaeden.de\/reutlingen\/wp-content\/uploads\/sites\/79\/2019\/07\/banner_UeberUns_787x340px.jpg\",\"width\":2777,\"height\":1200},{\"@type\":\"BreadcrumbList\",\"@id\":\"https:\/\/weltlaeden.de\/reutlingen\/ueber-uns\/#breadcrumb\",\"itemListElement\":[{\"@type\":\"ListItem\",\"position\":1,\"name\":\"Startseite\",\"item\":\"https:\/\/weltlaeden.de\/reutlingen\/\"},{\"@type\":\"ListItem\",\"position\":2,\"name\":\"\u00dcber uns\"}]},{\"@type\":\"WebSite\",\"@id\":\"https:\/\/weltlaeden.de\/reutlingen\/#website\",\"url\":\"https:\/\/weltlaeden.de\/reutlingen\/\",\"name\":\"Weltladen Reutlingen\",\"description\":\"Faire Produkte seit 1990\",\"potentialAction\":[{\"@type\":\"SearchAction\",\"target\":{\"@type\":\"EntryPoint\",\"urlTemplate\":\"https:\/\/weltlaeden.de\/reutlingen\/?s={search_term_string}\"},\"query-input\":{\"@type\":\"PropertyValueSpecification\",\"valueRequired\":true,\"valueName\":\"search_term_string\"}}],\"inLanguage\":\"de\"}]}<\/script>\n<!-- \/ Yoast SEO plugin. -->","yoast_head_json":{"title":"\u00dcber uns - Weltladen Reutlingen","description":"Entdecken Sie bei uns die Welt des Fairen Handels! Wir sind ein Fachgesch\u00e4ft des Fairen Handels, kein Laden wie jeder andere. Die Produkte in unserem Sortiment sind fair gehandelt. Wir beziehen unsere Waren von anerkannten Fair-Handels-Importeuren wie GEPA, El Puente, WeltPartner oder BanaFair.","robots":{"index":"index","follow":"follow","max-snippet":"max-snippet:-1","max-image-preview":"max-image-preview:large","max-video-preview":"max-video-preview:-1"},"canonical":"https:\/\/weltlaeden.de\/reutlingen\/ueber-uns\/","og_locale":"de_DE","og_type":"article","og_title":"\u00dcber uns - Weltladen Reutlingen","og_description":"Entdecken Sie bei uns die Welt des Fairen Handels! Wir sind ein Fachgesch\u00e4ft des Fairen Handels, kein Laden wie jeder andere. Die Produkte in unserem Sortiment sind fair gehandelt. Wir beziehen unsere Waren von anerkannten Fair-Handels-Importeuren wie GEPA, El Puente, WeltPartner oder BanaFair.","og_url":"https:\/\/weltlaeden.de\/reutlingen\/ueber-uns\/","og_site_name":"Weltladen Reutlingen","article_modified_time":"2025-10-17T18:39:06+00:00","og_image":[{"width":1024,"height":442,"url":"https:\/\/weltlaeden.de\/reutlingen\/wp-content\/uploads\/sites\/79\/2019\/07\/banner_UeberUns_787x340px-1024x442.jpg","type":"image\/jpeg"}],"twitter_card":"summary_large_image","twitter_misc":{"Gesch\u00e4tzte Lesezeit":"4\u00a0Minuten"},"schema":{"@context":"https:\/\/schema.org","@graph":[{"@type":"WebPage","@id":"https:\/\/weltlaeden.de\/reutlingen\/ueber-uns\/","url":"https:\/\/weltlaeden.de\/reutlingen\/ueber-uns\/","name":"\u00dcber uns - Weltladen Reutlingen","isPartOf":{"@id":"https:\/\/weltlaeden.de\/reutlingen\/#website"},"primaryImageOfPage":{"@id":"https:\/\/weltlaeden.de\/reutlingen\/ueber-uns\/#primaryimage"},"image":{"@id":"https:\/\/weltlaeden.de\/reutlingen\/ueber-uns\/#primaryimage"},"thumbnailUrl":"https:\/\/weltlaeden.de\/reutlingen\/wp-content\/uploads\/sites\/79\/2019\/07\/banner_UeberUns_787x340px-300x130.jpg","datePublished":"2016-10-28T11:34:47+00:00","dateModified":"2025-10-17T18:39:06+00:00","description":"Entdecken Sie bei uns die Welt des Fairen Handels! Wir sind ein Fachgesch\u00e4ft des Fairen Handels, kein Laden wie jeder andere. Die Produkte in unserem Sortiment sind fair gehandelt. Wir beziehen unsere Waren von anerkannten Fair-Handels-Importeuren wie GEPA, El Puente, WeltPartner oder BanaFair.","breadcrumb":{"@id":"https:\/\/weltlaeden.de\/reutlingen\/ueber-uns\/#breadcrumb"},"inLanguage":"de","potentialAction":[{"@type":"ReadAction","target":["https:\/\/weltlaeden.de\/reutlingen\/ueber-uns\/"]}]},{"@type":"ImageObject","inLanguage":"de","@id":"https:\/\/weltlaeden.de\/reutlingen\/ueber-uns\/#primaryimage","url":"https:\/\/weltlaeden.de\/reutlingen\/wp-content\/uploads\/sites\/79\/2019\/07\/banner_UeberUns_787x340px.jpg","contentUrl":"https:\/\/weltlaeden.de\/reutlingen\/wp-content\/uploads\/sites\/79\/2019\/07\/banner_UeberUns_787x340px.jpg","width":2777,"height":1200},{"@type":"BreadcrumbList","@id":"https:\/\/weltlaeden.de\/reutlingen\/ueber-uns\/#breadcrumb","itemListElement":[{"@type":"ListItem","position":1,"name":"Startseite","item":"https:\/\/weltlaeden.de\/reutlingen\/"},{"@type":"ListItem","position":2,"name":"\u00dcber uns"}]},{"@type":"WebSite","@id":"https:\/\/weltlaeden.de\/reutlingen\/#website","url":"https:\/\/weltlaeden.de\/reutlingen\/","name":"Weltladen Reutlingen","description":"Faire Produkte seit 1990","potentialAction":[{"@type":"SearchAction","target":{"@type":"EntryPoint","urlTemplate":"https:\/\/weltlaeden.de\/reutlingen\/?s={search_term_string}"},"query-input":{"@type":"PropertyValueSpecification","valueRequired":true,"valueName":"search_term_string"}}],"inLanguage":"de"}]}},"_links":{"self":[{"href":"https:\/\/weltlaeden.de\/reutlingen\/wp-json\/wp\/v2\/pages\/219","targetHints":{"allow":["GET"]}}],"collection":[{"href":"https:\/\/weltlaeden.de\/reutlingen\/wp-json\/wp\/v2\/pages"}],"about":[{"href":"https:\/\/weltlaeden.de\/reutlingen\/wp-json\/wp\/v2\/types\/page"}],"author":[{"embeddable":true,"href":"https:\/\/weltlaeden.de\/reutlingen\/wp-json\/wp\/v2\/users\/1"}],"replies":[{"embeddable":true,"href":"https:\/\/weltlaeden.de\/reutlingen\/wp-json\/wp\/v2\/comments?post=219"}],"version-history":[{"count":44,"href":"https:\/\/weltlaeden.de\/reutlingen\/wp-json\/wp\/v2\/pages\/219\/revisions"}],"predecessor-version":[{"id":2774,"href":"https:\/\/weltlaeden.de\/reutlingen\/wp-json\/wp\/v2\/pages\/219\/revisions\/2774"}],"wp:attachment":[{"href":"https:\/\/weltlaeden.de\/reutlingen\/wp-json\/wp\/v2\/media?parent=219"}],"curies":[{"name":"wp","href":"https:\/\/api.w.org\/{rel}","templated":true}]}}