{"id":218,"date":"2016-10-28T13:34:47","date_gmt":"2016-10-28T11:34:47","guid":{"rendered":"https:\/\/wl.heimpixel.de\/vorlage\/fairer-handel\/"},"modified":"2025-10-17T16:02:58","modified_gmt":"2025-10-17T14:02:58","slug":"fairer-handel","status":"publish","type":"page","link":"https:\/\/weltlaeden.de\/reutlingen\/fairer-handel\/","title":{"rendered":"Fairer Handel"},"content":{"rendered":"<div class=\"wpb-content-wrapper\"><p>[vc_row][vc_column]<div class=\"wl_einzelbild\"><p><img loading=\"lazy\" decoding=\"async\" class=\"alignnone wp-image-626\" src=\"https:\/\/weltlaeden.de\/reutlingen\/wp-content\/uploads\/sites\/79\/2019\/07\/collage_FairerHandel_EA-300x130.jpg\" alt=\"\" width=\"875\" height=\"379\" srcset=\"https:\/\/weltlaeden.de\/reutlingen\/wp-content\/uploads\/sites\/79\/2019\/07\/collage_FairerHandel_EA-300x130.jpg 300w, https:\/\/weltlaeden.de\/reutlingen\/wp-content\/uploads\/sites\/79\/2019\/07\/collage_FairerHandel_EA-768x332.jpg 768w, https:\/\/weltlaeden.de\/reutlingen\/wp-content\/uploads\/sites\/79\/2019\/07\/collage_FairerHandel_EA.jpg 787w\" sizes=\"auto, (max-width: 875px) 100vw, 875px\" \/><\/p><\/div>[\/vc_column][\/vc_row]<\/p>\n<p>[vc_row][vc_column][vc_empty_space][vc_column_text]<\/p>\n<h1>Fairer Handel &#8211; gemeinsam f\u00fcr eine gerechtere Welt<\/h1>\n<p>[\/vc_column_text][vc_empty_space height=&#8220;10px&#8220;][vc_column_text]<\/p>\n<div class=\"wpb_text_column wpb_content_element \">\n<div class=\"wpb_wrapper\">\n<h2>Armut bek\u00e4mpfen durch faire Preise<\/h2>\n<p>Der Faire Handel ist mehr als nur ein gutes Gef\u00fchl beim Einkaufen \u2013 er ist eine weltweite Bewegung f\u00fcr Gerechtigkeit. Seit den 1970er Jahren setzt er sich f\u00fcr bessere Lebensbedingungen von Kleinb\u00e4uerinnen und -bauern sowie Handwerkerinnen und Handwerkern im Globalen S\u00fcden ein.<\/p>\n<p>&nbsp;<\/p>\n<h2>Was macht den Unterschied?<\/h2>\n<p>Fair-Handels-Organisationen:<\/p>\n<ul>\n<li>zahlen faire Mindestpreise, die \u00fcber dem Weltmarktniveau liegen<\/li>\n<li>bieten langfristige Partnerschaften und Planungssicherheit<\/li>\n<li>leisten Vorauszahlungen f\u00fcr wichtige Investitionen<\/li>\n<li>unterst\u00fctzen beim Umstieg auf Bio-Anbau und bei der Anpassung an den Klimawandel<\/li>\n<\/ul>\n<p>So entstehen neue Perspektiven \u2013 f\u00fcr Familien, Gemeinschaften und ganze Regionen.<\/p>\n<\/div>\n<\/div>\n<p>[\/vc_column_text][\/vc_column][\/vc_row]<\/p>\n<p>[vc_row][vc_column][vc_empty_space][vc_column_text]<\/p>\n<h2>Beispiele, die Mut machen<\/h2>\n<p>[\/vc_column_text]<br \/>\n[vc_column_text]<\/p>\n<div class=\"wpb_text_column wpb_content_element \">\n<div class=\"wpb_wrapper\">\n<h3>Pidecaf\u00e9 aus dem Norden von Peru<\/h3>\n<p>Der biologische Anbau in Mischkulturen bedeutet f\u00fcr 10.000 Bauernfamilien ein Auskommen f\u00fcr ein selbstbestimmtes Leben.<\/p>\n<h3>Fairafric &#8211; Schokolade made in Ghana<\/h3>\n<p>Bio, klimaneutral und komplett hergestellt in Ghana. Diese Schokolade schafft Arbeitspl\u00e4tze vor Ort und l\u00e4sst die Wertsch\u00f6pfung im Land.<\/p>\n<h3>Mangos von den Philippinen<\/h3>\n<p>Getrocknete Mangos sichern \u00fcber 500 Familien ein Einkommen \u2013 und finanzieren gleichzeitig den Schutz von Kindern vor Ausbeutung und Gewalt durch die Kinderschutzorganisation PREDA.<\/p>\n<h3>Sonnenglas aus S\u00fcdafrika<\/h3>\n<p>Hergestellt in Handarbeit, hat 65 Arbeitspl\u00e4tze f\u00fcr zuvor meist arbeitslose Menschen in Soweto geschaffen. Als erste Solarlampe erhielt sie das Umweltzeichen \u201eBlauer Engel\u201c.<\/p>\n<h3>Bolgak\u00f6rbe aus Ghana<\/h3>\n<p>Die beliebten farbenfrohen Einkaufsk\u00f6rbe aus Hirsestroh werden traditionell von Hand geflochten und erm\u00f6glichen den Korbflechterinnen ein zus\u00e4tzliches Einkommen.<\/p>\n<h3>Herren-T-Shirts \u2013 Eco, Fair und Nachhaltig<\/h3>\n<p>Die T-Shirts aus Bio-Baumwolle sind GOTS-zertifiziert. Die Hersteller achten auf umweltvertr\u00e4gliche Herstellungsprozesse und faire Arbeitsbedingungen f\u00fcr die N\u00e4herinnen.<\/p>\n<\/div>\n<\/div>\n<p>[\/vc_column_text][\/vc_column][\/vc_row]<\/p>\n<p>[vc_row][vc_column][vc_empty_space][vc_column_text]<\/p>\n<h2>Fair einkaufen \u2013 bewusst und nachhaltig handeln<\/h2>\n<p>[\/vc_column_text][vc_column_text]<\/p>\n<div class=\"wpb_text_column wpb_content_element \">\n<div class=\"wpb_wrapper\">\nUnser Weltladen ist das Fachgesch\u00e4ft des Fairen Handels im Herzen der Fair-Trade-Stadt Reutlingen. Zusammen mit den 900 Weltl\u00e4den in Deutschland geht es uns neben dem Verkauf von fair gehandelten Waren auch um Bildungsarbeit und politisches Engagement &#8211; f\u00fcr gerechtere Handelsregeln weltweit.<\/p>\n<\/div>\n<\/div>\n<p>[\/vc_column_text][\/vc_column][\/vc_row]<\/p>\n<\/div>","protected":false},"excerpt":{"rendered":"<p>[vc_row][vc_column][\/vc_column][\/vc_row] [vc_row][vc_column][vc_empty_space][vc_column_text] Fairer Handel &#8211; gemeinsam f\u00fcr eine gerechtere Welt [\/vc_column_text][vc_empty_space height=&#8220;10px&#8220;][vc_column_text] Armut bek\u00e4mpfen durch faire Preise Der Faire Handel ist mehr als nur ein gutes Gef\u00fchl beim Einkaufen \u2013 er ist eine weltweite Bewegung f\u00fcr Gerechtigkeit. Seit den 1970er Jahren setzt er sich f\u00fcr bessere Lebensbedingungen von Kleinb\u00e4uerinnen und -bauern sowie Handwerkerinnen und Handwerkern&hellip;<\/p>\n","protected":false},"author":1,"featured_media":0,"parent":0,"menu_order":15,"comment_status":"closed","ping_status":"closed","template":"","meta":{"footnotes":""},"class_list":["post-218","page","type-page","status-publish","hentry","description-off"],"yoast_head":"<!-- This site is optimized with the Yoast SEO plugin v26.8 - https:\/\/yoast.com\/product\/yoast-seo-wordpress\/ -->\n<title>Fairer Handel - Weltladen Reutlingen<\/title>\n<meta name=\"description\" content=\"Durch faire Preise Armut \u00fcberwindenDie Idee ist in den 1970er Jahren in Europa entstanden. Heute ist der Faire Handel eine gro\u00dfe weltweite Bewegung. Sie setzt sich f\u00fcr gerechtere Regeln im Welthandel ein. Unter den ungerechten Strukturen der Weltwirtschaft leiden besonders die Kleinproduzent*innen. Sie bekommen f\u00fcr ihre Produkte so wenig, dass sie kaum davon leben k\u00f6nnen. Hier setzt der Faire Handel an.\" \/>\n<meta name=\"robots\" content=\"index, follow, max-snippet:-1, max-image-preview:large, max-video-preview:-1\" \/>\n<link rel=\"canonical\" href=\"https:\/\/weltlaeden.de\/reutlingen\/fairer-handel\/\" \/>\n<meta property=\"og:locale\" content=\"de_DE\" \/>\n<meta property=\"og:type\" content=\"article\" \/>\n<meta property=\"og:title\" content=\"Fairer Handel - Weltladen Reutlingen\" \/>\n<meta property=\"og:description\" content=\"Durch faire Preise Armut \u00fcberwindenDie Idee ist in den 1970er Jahren in Europa entstanden. Heute ist der Faire Handel eine gro\u00dfe weltweite Bewegung. Sie setzt sich f\u00fcr gerechtere Regeln im Welthandel ein. Unter den ungerechten Strukturen der Weltwirtschaft leiden besonders die Kleinproduzent*innen. Sie bekommen f\u00fcr ihre Produkte so wenig, dass sie kaum davon leben k\u00f6nnen. Hier setzt der Faire Handel an.\" \/>\n<meta property=\"og:url\" content=\"https:\/\/weltlaeden.de\/reutlingen\/fairer-handel\/\" \/>\n<meta property=\"og:site_name\" content=\"Weltladen Reutlingen\" \/>\n<meta property=\"article:modified_time\" content=\"2025-10-17T14:02:58+00:00\" \/>\n<meta property=\"og:image\" content=\"https:\/\/weltlaeden.de\/reutlingen\/wp-content\/uploads\/sites\/79\/2019\/07\/collage_FairerHandel_EA.jpg\" \/>\n\t<meta property=\"og:image:width\" content=\"787\" \/>\n\t<meta property=\"og:image:height\" content=\"340\" \/>\n\t<meta property=\"og:image:type\" content=\"image\/jpeg\" \/>\n<meta name=\"twitter:card\" content=\"summary_large_image\" \/>\n<meta name=\"twitter:label1\" content=\"Gesch\u00e4tzte Lesezeit\" \/>\n\t<meta name=\"twitter:data1\" content=\"4\u00a0Minuten\" \/>\n<script type=\"application\/ld+json\" class=\"yoast-schema-graph\">{\"@context\":\"https:\/\/schema.org\",\"@graph\":[{\"@type\":\"WebPage\",\"@id\":\"https:\/\/weltlaeden.de\/reutlingen\/fairer-handel\/\",\"url\":\"https:\/\/weltlaeden.de\/reutlingen\/fairer-handel\/\",\"name\":\"Fairer Handel - Weltladen Reutlingen\",\"isPartOf\":{\"@id\":\"https:\/\/weltlaeden.de\/reutlingen\/#website\"},\"primaryImageOfPage\":{\"@id\":\"https:\/\/weltlaeden.de\/reutlingen\/fairer-handel\/#primaryimage\"},\"image\":{\"@id\":\"https:\/\/weltlaeden.de\/reutlingen\/fairer-handel\/#primaryimage\"},\"thumbnailUrl\":\"https:\/\/weltlaeden.de\/reutlingen\/wp-content\/uploads\/sites\/79\/2019\/07\/collage_FairerHandel_EA-300x130.jpg\",\"datePublished\":\"2016-10-28T11:34:47+00:00\",\"dateModified\":\"2025-10-17T14:02:58+00:00\",\"description\":\"Durch faire Preise Armut \u00fcberwindenDie Idee ist in den 1970er Jahren in Europa entstanden. Heute ist der Faire Handel eine gro\u00dfe weltweite Bewegung. Sie setzt sich f\u00fcr gerechtere Regeln im Welthandel ein. Unter den ungerechten Strukturen der Weltwirtschaft leiden besonders die Kleinproduzent*innen. Sie bekommen f\u00fcr ihre Produkte so wenig, dass sie kaum davon leben k\u00f6nnen. Hier setzt der Faire Handel an.\",\"breadcrumb\":{\"@id\":\"https:\/\/weltlaeden.de\/reutlingen\/fairer-handel\/#breadcrumb\"},\"inLanguage\":\"de\",\"potentialAction\":[{\"@type\":\"ReadAction\",\"target\":[\"https:\/\/weltlaeden.de\/reutlingen\/fairer-handel\/\"]}]},{\"@type\":\"ImageObject\",\"inLanguage\":\"de\",\"@id\":\"https:\/\/weltlaeden.de\/reutlingen\/fairer-handel\/#primaryimage\",\"url\":\"https:\/\/weltlaeden.de\/reutlingen\/wp-content\/uploads\/sites\/79\/2019\/07\/collage_FairerHandel_EA.jpg\",\"contentUrl\":\"https:\/\/weltlaeden.de\/reutlingen\/wp-content\/uploads\/sites\/79\/2019\/07\/collage_FairerHandel_EA.jpg\",\"width\":787,\"height\":340},{\"@type\":\"BreadcrumbList\",\"@id\":\"https:\/\/weltlaeden.de\/reutlingen\/fairer-handel\/#breadcrumb\",\"itemListElement\":[{\"@type\":\"ListItem\",\"position\":1,\"name\":\"Startseite\",\"item\":\"https:\/\/weltlaeden.de\/reutlingen\/\"},{\"@type\":\"ListItem\",\"position\":2,\"name\":\"Fairer Handel\"}]},{\"@type\":\"WebSite\",\"@id\":\"https:\/\/weltlaeden.de\/reutlingen\/#website\",\"url\":\"https:\/\/weltlaeden.de\/reutlingen\/\",\"name\":\"Weltladen Reutlingen\",\"description\":\"Faire Produkte seit 1990\",\"potentialAction\":[{\"@type\":\"SearchAction\",\"target\":{\"@type\":\"EntryPoint\",\"urlTemplate\":\"https:\/\/weltlaeden.de\/reutlingen\/?s={search_term_string}\"},\"query-input\":{\"@type\":\"PropertyValueSpecification\",\"valueRequired\":true,\"valueName\":\"search_term_string\"}}],\"inLanguage\":\"de\"}]}<\/script>\n<!-- \/ Yoast SEO plugin. -->","yoast_head_json":{"title":"Fairer Handel - Weltladen Reutlingen","description":"Durch faire Preise Armut \u00fcberwindenDie Idee ist in den 1970er Jahren in Europa entstanden. Heute ist der Faire Handel eine gro\u00dfe weltweite Bewegung. Sie setzt sich f\u00fcr gerechtere Regeln im Welthandel ein. Unter den ungerechten Strukturen der Weltwirtschaft leiden besonders die Kleinproduzent*innen. Sie bekommen f\u00fcr ihre Produkte so wenig, dass sie kaum davon leben k\u00f6nnen. Hier setzt der Faire Handel an.","robots":{"index":"index","follow":"follow","max-snippet":"max-snippet:-1","max-image-preview":"max-image-preview:large","max-video-preview":"max-video-preview:-1"},"canonical":"https:\/\/weltlaeden.de\/reutlingen\/fairer-handel\/","og_locale":"de_DE","og_type":"article","og_title":"Fairer Handel - Weltladen Reutlingen","og_description":"Durch faire Preise Armut \u00fcberwindenDie Idee ist in den 1970er Jahren in Europa entstanden. Heute ist der Faire Handel eine gro\u00dfe weltweite Bewegung. Sie setzt sich f\u00fcr gerechtere Regeln im Welthandel ein. Unter den ungerechten Strukturen der Weltwirtschaft leiden besonders die Kleinproduzent*innen. Sie bekommen f\u00fcr ihre Produkte so wenig, dass sie kaum davon leben k\u00f6nnen. Hier setzt der Faire Handel an.","og_url":"https:\/\/weltlaeden.de\/reutlingen\/fairer-handel\/","og_site_name":"Weltladen Reutlingen","article_modified_time":"2025-10-17T14:02:58+00:00","og_image":[{"width":787,"height":340,"url":"https:\/\/weltlaeden.de\/reutlingen\/wp-content\/uploads\/sites\/79\/2019\/07\/collage_FairerHandel_EA.jpg","type":"image\/jpeg"}],"twitter_card":"summary_large_image","twitter_misc":{"Gesch\u00e4tzte Lesezeit":"4\u00a0Minuten"},"schema":{"@context":"https:\/\/schema.org","@graph":[{"@type":"WebPage","@id":"https:\/\/weltlaeden.de\/reutlingen\/fairer-handel\/","url":"https:\/\/weltlaeden.de\/reutlingen\/fairer-handel\/","name":"Fairer Handel - Weltladen Reutlingen","isPartOf":{"@id":"https:\/\/weltlaeden.de\/reutlingen\/#website"},"primaryImageOfPage":{"@id":"https:\/\/weltlaeden.de\/reutlingen\/fairer-handel\/#primaryimage"},"image":{"@id":"https:\/\/weltlaeden.de\/reutlingen\/fairer-handel\/#primaryimage"},"thumbnailUrl":"https:\/\/weltlaeden.de\/reutlingen\/wp-content\/uploads\/sites\/79\/2019\/07\/collage_FairerHandel_EA-300x130.jpg","datePublished":"2016-10-28T11:34:47+00:00","dateModified":"2025-10-17T14:02:58+00:00","description":"Durch faire Preise Armut \u00fcberwindenDie Idee ist in den 1970er Jahren in Europa entstanden. Heute ist der Faire Handel eine gro\u00dfe weltweite Bewegung. Sie setzt sich f\u00fcr gerechtere Regeln im Welthandel ein. Unter den ungerechten Strukturen der Weltwirtschaft leiden besonders die Kleinproduzent*innen. Sie bekommen f\u00fcr ihre Produkte so wenig, dass sie kaum davon leben k\u00f6nnen. Hier setzt der Faire Handel an.","breadcrumb":{"@id":"https:\/\/weltlaeden.de\/reutlingen\/fairer-handel\/#breadcrumb"},"inLanguage":"de","potentialAction":[{"@type":"ReadAction","target":["https:\/\/weltlaeden.de\/reutlingen\/fairer-handel\/"]}]},{"@type":"ImageObject","inLanguage":"de","@id":"https:\/\/weltlaeden.de\/reutlingen\/fairer-handel\/#primaryimage","url":"https:\/\/weltlaeden.de\/reutlingen\/wp-content\/uploads\/sites\/79\/2019\/07\/collage_FairerHandel_EA.jpg","contentUrl":"https:\/\/weltlaeden.de\/reutlingen\/wp-content\/uploads\/sites\/79\/2019\/07\/collage_FairerHandel_EA.jpg","width":787,"height":340},{"@type":"BreadcrumbList","@id":"https:\/\/weltlaeden.de\/reutlingen\/fairer-handel\/#breadcrumb","itemListElement":[{"@type":"ListItem","position":1,"name":"Startseite","item":"https:\/\/weltlaeden.de\/reutlingen\/"},{"@type":"ListItem","position":2,"name":"Fairer Handel"}]},{"@type":"WebSite","@id":"https:\/\/weltlaeden.de\/reutlingen\/#website","url":"https:\/\/weltlaeden.de\/reutlingen\/","name":"Weltladen Reutlingen","description":"Faire Produkte seit 1990","potentialAction":[{"@type":"SearchAction","target":{"@type":"EntryPoint","urlTemplate":"https:\/\/weltlaeden.de\/reutlingen\/?s={search_term_string}"},"query-input":{"@type":"PropertyValueSpecification","valueRequired":true,"valueName":"search_term_string"}}],"inLanguage":"de"}]}},"_links":{"self":[{"href":"https:\/\/weltlaeden.de\/reutlingen\/wp-json\/wp\/v2\/pages\/218","targetHints":{"allow":["GET"]}}],"collection":[{"href":"https:\/\/weltlaeden.de\/reutlingen\/wp-json\/wp\/v2\/pages"}],"about":[{"href":"https:\/\/weltlaeden.de\/reutlingen\/wp-json\/wp\/v2\/types\/page"}],"author":[{"embeddable":true,"href":"https:\/\/weltlaeden.de\/reutlingen\/wp-json\/wp\/v2\/users\/1"}],"replies":[{"embeddable":true,"href":"https:\/\/weltlaeden.de\/reutlingen\/wp-json\/wp\/v2\/comments?post=218"}],"version-history":[{"count":35,"href":"https:\/\/weltlaeden.de\/reutlingen\/wp-json\/wp\/v2\/pages\/218\/revisions"}],"predecessor-version":[{"id":2773,"href":"https:\/\/weltlaeden.de\/reutlingen\/wp-json\/wp\/v2\/pages\/218\/revisions\/2773"}],"wp:attachment":[{"href":"https:\/\/weltlaeden.de\/reutlingen\/wp-json\/wp\/v2\/media?parent=218"}],"curies":[{"name":"wp","href":"https:\/\/api.w.org\/{rel}","templated":true}]}}