{"id":1756,"date":"2021-02-15T21:31:13","date_gmt":"2021-02-15T20:31:13","guid":{"rendered":"https:\/\/weltlaeden.de\/reutlingen\/?page_id=1756"},"modified":"2021-02-19T00:04:03","modified_gmt":"2021-02-18T23:04:03","slug":"agenda-2030-kooperation-mit-studierenden","status":"publish","type":"page","link":"https:\/\/weltlaeden.de\/reutlingen\/agenda-2030-kooperation-mit-studierenden\/","title":{"rendered":"Agenda 2030 &#8211; Kooperation mit Studierenden"},"content":{"rendered":"<h1>Agenda 2030 &#8211; Kooperation mit Studierenden<\/h1>\n<p>&nbsp;<\/p>\n<p><a id=\"set-post-thumbnail\" class=\"thickbox\" href=\"https:\/\/weltlaeden.de\/reutlingen\/bild-1-podcastsreihe-2021-02-05as\/\"><img loading=\"lazy\" decoding=\"async\" class=\"attachment-266x266 alignleft\" src=\"https:\/\/weltlaeden.de\/reutlingen\/wp-content\/uploads\/sites\/79\/2021\/02\/Bild-1-Podcastsreihe-2021-02-05as.png\" alt=\"\" width=\"279\" height=\"255\" \/><\/a>Im Rahmen des Programms <em>Engagement 2030<\/em>, haben wir 2020 ein <strong>Kooperationsprojekt mit Studierenden der Universit\u00e4t T\u00fcbingen<\/strong> durchgef\u00fchrt.<br \/>\nDas <strong>Ziel<\/strong> <strong>des Programms<\/strong>: Es \u201ebringt bestehende lokale Vereine und studentische Initiativen st\u00e4rker zusammen\u201c. Und es werden \u201egemeinsam neue M\u00f6glichkeiten zum Engagement in Vereinen, die attraktiv f\u00fcr junge Menschen sind und neue Impulse f\u00fcr die Arbeit der Organisationen liefern,\u201c entwickelt\u00a0 <a href=\"https:\/\/finep.org\/media\/finep_engagement_2030_einseiter_2020-04-17as.pdf\" target=\"_blank\" rel=\"noopener\"><em><strong>(Projekt-Flyer)<\/strong><\/em><\/a>.<br \/>\n<strong>Tr\u00e4ger des Projekts:<\/strong> <em>finep<\/em> (forum f\u00fcr internationale entwicklung + planung).<\/p>\n<p>Ein <strong>Ergebnis<\/strong> <strong>der Zusammenarbeit<\/strong>: Studierende besch\u00e4ftigen sich mit <strong>Themen der <em>Agenda 2030<\/em> <\/strong>und f\u00fchren dazu <strong>Interviews<\/strong> mit Vorstandsmitgliedern unseres Eine Welt Vereins (B\u00e4rbel Haug und Christina Holder) sowie der Weltladenleiterin Mechthild Ruf.<\/p>\n<h3><span style=\"color: #ff6600\"><strong>Drei Podcasts thematisieren den Fairen Handel mit jeweils einem Schwerpunktthema:<\/strong><\/span><\/h3>\n<p><a id=\"set-post-thumbnail\" class=\"thickbox\" href=\"https:\/\/soundcloud.com\/user-515296759\/i-give-a-damn-fairer-handel-gender\" target=\"_blank\" rel=\"noopener\"><img loading=\"lazy\" decoding=\"async\" class=\"attachment-266x266 alignleft\" src=\"https:\/\/weltlaeden.de\/reutlingen\/wp-content\/uploads\/sites\/79\/2021\/02\/Bild-Gender-2021-02-04as1-300x300.png\" alt=\"\" width=\"200\" height=\"200\" \/><\/a><\/p>\n<p><span style=\"color: #0000ff\"><strong>Folge 1<\/strong> hat das Schwerpunktthema<\/span><br \/>\n<span style=\"color: #0000ff\"><strong>&#8222;Fairer Handel und Gender&#8220;<\/strong> (mit Christina Holder)<\/span><\/p>\n<p>Sie bezieht sich vor allem auf das <strong>Ziel 5 der <em>Agenda 2030<\/em><\/strong>:<br \/>\n<em>Geschlechtergleichstellung erreichen und alle Frauen und M\u00e4dchen zur Selbstbestimmung bef\u00e4higen<\/em><\/p>\n<p><strong><span style=\"color: #ff6600\">&lt;&lt;&lt;<\/span><\/strong> zum Anh\u00f6ren auf die Grafik klicken<\/p>\n<p>&nbsp;<\/p>\n<p class=\"hide-if-no-js\"><a id=\"set-post-thumbnail\" class=\"thickbox\" href=\"https:\/\/soundcloud.com\/user-515296759\/i-give-a-damn-fairer-handel-lieferketten\" target=\"_blank\" rel=\"noopener\"><img loading=\"lazy\" decoding=\"async\" class=\"attachment-266x266 alignleft\" src=\"https:\/\/weltlaeden.de\/reutlingen\/wp-content\/uploads\/sites\/79\/2021\/02\/Bild-Lieferketten-2021-02-04as1-300x300.png\" alt=\"\" width=\"200\" height=\"200\" \/><\/a><span style=\"color: #0000ff\"><strong>Folge 2<\/strong> hat das Schwerpunktthema<\/span><br \/>\n<span style=\"color: #0000ff\"><strong>&#8222;Fairer Handel und das geplante Lieferkettengesetz&#8220;<\/strong> (mit B\u00e4rbel Haug)<\/span><\/p>\n<p class=\"hide-if-no-js\">Sie bezieht sich auf das<strong> Ziel 12 der <em>Agenda 2030<\/em><\/strong>:<br \/>\n<em>Nachhaltige Konsum- und Produktionsmuster sicherstellen<\/em><\/p>\n<p><span style=\"color: #ff6600\"><strong>&lt;&lt;&lt;<\/strong> <\/span>zum Anh\u00f6ren auf die Grafik klicken<\/p>\n<p>&nbsp;<\/p>\n<p>&nbsp;<\/p>\n<p class=\"hide-if-no-js\"><a id=\"set-post-thumbnail\" class=\"thickbox\" href=\"https:\/\/soundcloud.com\/user-515296759\/i-give-a-damn-fairer-handel-umweltschutz\" target=\"_blank\" rel=\"noopener\"><img loading=\"lazy\" decoding=\"async\" class=\"attachment-266x266 alignleft\" src=\"https:\/\/weltlaeden.de\/reutlingen\/wp-content\/uploads\/sites\/79\/2021\/02\/Bild-Umweltschutz-2021-02-04as1-300x300.png\" alt=\"\" width=\"202\" height=\"202\" \/><\/a><\/p>\n<p><span style=\"color: #0000ff\"><strong>Folge 3<\/strong> hat das Schwerpunktthema<\/span><br \/>\n<span style=\"color: #0000ff\"><strong>&#8222;Fairer Handel, Klimawandel und Umweltschutz&#8220;<\/strong> (mit Mechthild Ruf).<\/span><\/p>\n<p>Sie bezieht sich vor allem auf das <strong>Ziel 13 der <em>Agenda 2030<\/em><\/strong>:<br \/>\n<em>Umgehend Ma\u00dfnahmen zur Bek\u00e4mpfung des Klimawandels und seiner Auswirkungen ergreifen<\/em><\/p>\n<p><span style=\"color: #ff6600\"><strong>&lt;&lt;&lt;<\/strong> <\/span>zum Anh\u00f6ren auf die Grafik klicken<\/p>\n<p>&nbsp;<\/p>\n<p>&nbsp;<\/p>\n<p>Die Resolution der Generalversammlung &#8222;<strong>Transformation unserer Welt: die Agenda 2030 f\u00fcr nachhaltige Entwicklung<\/strong>&#8220; vom 25. September 2015 finden Sie <em><a href=\"https:\/\/www.un.org\/Depts\/german\/gv-70\/band1\/ar70001.pdf\"><strong>hier<\/strong><\/a><\/em>.<\/p>\n<p>&nbsp;<\/p>\n<h3><span style=\"color: #ff6600\">Rollup zu den Zielen und zur Arbeitsweise des Weltladens<\/span><\/h3>\n<p>Trotz pandemiebedingter Einschr\u00e4nkungen konnte noch <strong>ein weiteres Vorhaben<\/strong> realisiert werden:<br \/>\nDie Studierenden recherchierten bei uns zu den <strong>Zielen<\/strong> und zur <strong>Arbeitsweise<\/strong> <strong>des Weltladens<\/strong> und fassten die Ergebnisse &#8211; grafisch ansprechend &#8211; auf einem <strong>Rollup<\/strong> zusammen.<br \/>\nDieses steht uns nun zur Verf\u00fcgung, wenn wir &#8211; bei welchem Anlass auch immer &#8211; unsere Arbeit vorstellen.<\/p>\n<p><em><br \/>\nDas Programm\u00a0<strong> <a href=\"https:\/\/finep.org\/media\/finep_engagement_2030_einseiter_2020-04-17as.pdf\" target=\"_blank\" rel=\"noopener\">Engagement 2030<\/a><\/strong>\u00a0 wird von <a href=\"https:\/\/finep.org\/\" target=\"_blank\" rel=\"noopener\"><strong>finep <\/strong><\/a>realisiert und von <a href=\"https:\/\/www.engagement-global.de\/\" target=\"_blank\" rel=\"noopener\"><strong>ENGAGEMENT GLOBAL<\/strong><\/a> mit Mitteln des Bundesministeriums f\u00fcr wirtschaftliche Zusammenarbeit und Entwicklung und aus Mitteln des Kirchlichen Entwicklungdienstes durch Brot f\u00fcr die Welt &#8211; Evangelischer Entwicklungsdienst gef\u00f6rdert.<br \/>\nF\u00fcr den Inhalt sind allein die Studierenden und die Vereinsvertretenden verantwortlich.<br \/>\nGrafiken \u00a9 Anna-Maria Schuttkowski (finep)<br \/>\n<\/em><\/p>\n<p>&nbsp;<\/p>\n<p>&nbsp;<\/p>\n<p>&nbsp;<\/p>\n<p>&nbsp;<\/p>\n","protected":false},"excerpt":{"rendered":"<p>Agenda 2030 &#8211; Kooperation mit Studierenden &nbsp; Im Rahmen des Programms Engagement 2030, haben wir 2020 ein Kooperationsprojekt mit Studierenden der Universit\u00e4t T\u00fcbingen durchgef\u00fchrt. Das Ziel des Programms: Es \u201ebringt bestehende lokale Vereine und studentische Initiativen st\u00e4rker zusammen\u201c. Und es werden \u201egemeinsam neue M\u00f6glichkeiten zum Engagement in Vereinen, die attraktiv f\u00fcr junge Menschen sind und&hellip;<\/p>\n","protected":false},"author":121,"featured_media":0,"parent":0,"menu_order":10,"comment_status":"closed","ping_status":"closed","template":"","meta":{"footnotes":""},"class_list":["post-1756","page","type-page","status-publish","hentry","description-off"],"yoast_head":"<!-- This site is optimized with the Yoast SEO plugin v26.8 - https:\/\/yoast.com\/product\/yoast-seo-wordpress\/ -->\n<title>Agenda 2030 - Kooperation mit Studierenden - Weltladen Reutlingen<\/title>\n<meta name=\"robots\" content=\"index, follow, max-snippet:-1, max-image-preview:large, max-video-preview:-1\" \/>\n<link rel=\"canonical\" href=\"https:\/\/weltlaeden.de\/reutlingen\/agenda-2030-kooperation-mit-studierenden\/\" \/>\n<meta property=\"og:locale\" content=\"de_DE\" \/>\n<meta property=\"og:type\" content=\"article\" \/>\n<meta property=\"og:title\" content=\"Agenda 2030 - Kooperation mit Studierenden - Weltladen Reutlingen\" \/>\n<meta property=\"og:description\" content=\"Agenda 2030 &#8211; Kooperation mit Studierenden &nbsp; Im Rahmen des Programms Engagement 2030, haben wir 2020 ein Kooperationsprojekt mit Studierenden der Universit\u00e4t T\u00fcbingen durchgef\u00fchrt. Das Ziel des Programms: Es \u201ebringt bestehende lokale Vereine und studentische Initiativen st\u00e4rker zusammen\u201c. Und es werden \u201egemeinsam neue M\u00f6glichkeiten zum Engagement in Vereinen, die attraktiv f\u00fcr junge Menschen sind und&hellip;\" \/>\n<meta property=\"og:url\" content=\"https:\/\/weltlaeden.de\/reutlingen\/agenda-2030-kooperation-mit-studierenden\/\" \/>\n<meta property=\"og:site_name\" content=\"Weltladen Reutlingen\" \/>\n<meta property=\"article:modified_time\" content=\"2021-02-18T23:04:03+00:00\" \/>\n<meta property=\"og:image\" content=\"https:\/\/weltlaeden.de\/reutlingen\/wp-content\/uploads\/sites\/79\/2021\/02\/Bild-1-Podcastsreihe-2021-02-05as.png\" \/>\n<meta name=\"twitter:card\" content=\"summary_large_image\" \/>\n<meta name=\"twitter:label1\" content=\"Gesch\u00e4tzte Lesezeit\" \/>\n\t<meta name=\"twitter:data1\" content=\"2\u00a0Minuten\" \/>\n<script type=\"application\/ld+json\" class=\"yoast-schema-graph\">{\"@context\":\"https:\/\/schema.org\",\"@graph\":[{\"@type\":\"WebPage\",\"@id\":\"https:\/\/weltlaeden.de\/reutlingen\/agenda-2030-kooperation-mit-studierenden\/\",\"url\":\"https:\/\/weltlaeden.de\/reutlingen\/agenda-2030-kooperation-mit-studierenden\/\",\"name\":\"Agenda 2030 - Kooperation mit Studierenden - Weltladen Reutlingen\",\"isPartOf\":{\"@id\":\"https:\/\/weltlaeden.de\/reutlingen\/#website\"},\"primaryImageOfPage\":{\"@id\":\"https:\/\/weltlaeden.de\/reutlingen\/agenda-2030-kooperation-mit-studierenden\/#primaryimage\"},\"image\":{\"@id\":\"https:\/\/weltlaeden.de\/reutlingen\/agenda-2030-kooperation-mit-studierenden\/#primaryimage\"},\"thumbnailUrl\":\"https:\/\/weltlaeden.de\/reutlingen\/wp-content\/uploads\/sites\/79\/2021\/02\/Bild-1-Podcastsreihe-2021-02-05as.png\",\"datePublished\":\"2021-02-15T20:31:13+00:00\",\"dateModified\":\"2021-02-18T23:04:03+00:00\",\"breadcrumb\":{\"@id\":\"https:\/\/weltlaeden.de\/reutlingen\/agenda-2030-kooperation-mit-studierenden\/#breadcrumb\"},\"inLanguage\":\"de\",\"potentialAction\":[{\"@type\":\"ReadAction\",\"target\":[\"https:\/\/weltlaeden.de\/reutlingen\/agenda-2030-kooperation-mit-studierenden\/\"]}]},{\"@type\":\"ImageObject\",\"inLanguage\":\"de\",\"@id\":\"https:\/\/weltlaeden.de\/reutlingen\/agenda-2030-kooperation-mit-studierenden\/#primaryimage\",\"url\":\"https:\/\/weltlaeden.de\/reutlingen\/wp-content\/uploads\/sites\/79\/2021\/02\/Bild-1-Podcastsreihe-2021-02-05as.png\",\"contentUrl\":\"https:\/\/weltlaeden.de\/reutlingen\/wp-content\/uploads\/sites\/79\/2021\/02\/Bild-1-Podcastsreihe-2021-02-05as.png\",\"width\":1616,\"height\":1476},{\"@type\":\"BreadcrumbList\",\"@id\":\"https:\/\/weltlaeden.de\/reutlingen\/agenda-2030-kooperation-mit-studierenden\/#breadcrumb\",\"itemListElement\":[{\"@type\":\"ListItem\",\"position\":1,\"name\":\"Startseite\",\"item\":\"https:\/\/weltlaeden.de\/reutlingen\/\"},{\"@type\":\"ListItem\",\"position\":2,\"name\":\"Agenda 2030 &#8211; Kooperation mit Studierenden\"}]},{\"@type\":\"WebSite\",\"@id\":\"https:\/\/weltlaeden.de\/reutlingen\/#website\",\"url\":\"https:\/\/weltlaeden.de\/reutlingen\/\",\"name\":\"Weltladen Reutlingen\",\"description\":\"Faire Produkte seit 1990\",\"potentialAction\":[{\"@type\":\"SearchAction\",\"target\":{\"@type\":\"EntryPoint\",\"urlTemplate\":\"https:\/\/weltlaeden.de\/reutlingen\/?s={search_term_string}\"},\"query-input\":{\"@type\":\"PropertyValueSpecification\",\"valueRequired\":true,\"valueName\":\"search_term_string\"}}],\"inLanguage\":\"de\"}]}<\/script>\n<!-- \/ Yoast SEO plugin. -->","yoast_head_json":{"title":"Agenda 2030 - Kooperation mit Studierenden - Weltladen Reutlingen","robots":{"index":"index","follow":"follow","max-snippet":"max-snippet:-1","max-image-preview":"max-image-preview:large","max-video-preview":"max-video-preview:-1"},"canonical":"https:\/\/weltlaeden.de\/reutlingen\/agenda-2030-kooperation-mit-studierenden\/","og_locale":"de_DE","og_type":"article","og_title":"Agenda 2030 - Kooperation mit Studierenden - Weltladen Reutlingen","og_description":"Agenda 2030 &#8211; Kooperation mit Studierenden &nbsp; Im Rahmen des Programms Engagement 2030, haben wir 2020 ein Kooperationsprojekt mit Studierenden der Universit\u00e4t T\u00fcbingen durchgef\u00fchrt. Das Ziel des Programms: Es \u201ebringt bestehende lokale Vereine und studentische Initiativen st\u00e4rker zusammen\u201c. Und es werden \u201egemeinsam neue M\u00f6glichkeiten zum Engagement in Vereinen, die attraktiv f\u00fcr junge Menschen sind und&hellip;","og_url":"https:\/\/weltlaeden.de\/reutlingen\/agenda-2030-kooperation-mit-studierenden\/","og_site_name":"Weltladen Reutlingen","article_modified_time":"2021-02-18T23:04:03+00:00","og_image":[{"url":"https:\/\/weltlaeden.de\/reutlingen\/wp-content\/uploads\/sites\/79\/2021\/02\/Bild-1-Podcastsreihe-2021-02-05as.png","type":"","width":"","height":""}],"twitter_card":"summary_large_image","twitter_misc":{"Gesch\u00e4tzte Lesezeit":"2\u00a0Minuten"},"schema":{"@context":"https:\/\/schema.org","@graph":[{"@type":"WebPage","@id":"https:\/\/weltlaeden.de\/reutlingen\/agenda-2030-kooperation-mit-studierenden\/","url":"https:\/\/weltlaeden.de\/reutlingen\/agenda-2030-kooperation-mit-studierenden\/","name":"Agenda 2030 - Kooperation mit Studierenden - Weltladen Reutlingen","isPartOf":{"@id":"https:\/\/weltlaeden.de\/reutlingen\/#website"},"primaryImageOfPage":{"@id":"https:\/\/weltlaeden.de\/reutlingen\/agenda-2030-kooperation-mit-studierenden\/#primaryimage"},"image":{"@id":"https:\/\/weltlaeden.de\/reutlingen\/agenda-2030-kooperation-mit-studierenden\/#primaryimage"},"thumbnailUrl":"https:\/\/weltlaeden.de\/reutlingen\/wp-content\/uploads\/sites\/79\/2021\/02\/Bild-1-Podcastsreihe-2021-02-05as.png","datePublished":"2021-02-15T20:31:13+00:00","dateModified":"2021-02-18T23:04:03+00:00","breadcrumb":{"@id":"https:\/\/weltlaeden.de\/reutlingen\/agenda-2030-kooperation-mit-studierenden\/#breadcrumb"},"inLanguage":"de","potentialAction":[{"@type":"ReadAction","target":["https:\/\/weltlaeden.de\/reutlingen\/agenda-2030-kooperation-mit-studierenden\/"]}]},{"@type":"ImageObject","inLanguage":"de","@id":"https:\/\/weltlaeden.de\/reutlingen\/agenda-2030-kooperation-mit-studierenden\/#primaryimage","url":"https:\/\/weltlaeden.de\/reutlingen\/wp-content\/uploads\/sites\/79\/2021\/02\/Bild-1-Podcastsreihe-2021-02-05as.png","contentUrl":"https:\/\/weltlaeden.de\/reutlingen\/wp-content\/uploads\/sites\/79\/2021\/02\/Bild-1-Podcastsreihe-2021-02-05as.png","width":1616,"height":1476},{"@type":"BreadcrumbList","@id":"https:\/\/weltlaeden.de\/reutlingen\/agenda-2030-kooperation-mit-studierenden\/#breadcrumb","itemListElement":[{"@type":"ListItem","position":1,"name":"Startseite","item":"https:\/\/weltlaeden.de\/reutlingen\/"},{"@type":"ListItem","position":2,"name":"Agenda 2030 &#8211; Kooperation mit Studierenden"}]},{"@type":"WebSite","@id":"https:\/\/weltlaeden.de\/reutlingen\/#website","url":"https:\/\/weltlaeden.de\/reutlingen\/","name":"Weltladen Reutlingen","description":"Faire Produkte seit 1990","potentialAction":[{"@type":"SearchAction","target":{"@type":"EntryPoint","urlTemplate":"https:\/\/weltlaeden.de\/reutlingen\/?s={search_term_string}"},"query-input":{"@type":"PropertyValueSpecification","valueRequired":true,"valueName":"search_term_string"}}],"inLanguage":"de"}]}},"_links":{"self":[{"href":"https:\/\/weltlaeden.de\/reutlingen\/wp-json\/wp\/v2\/pages\/1756","targetHints":{"allow":["GET"]}}],"collection":[{"href":"https:\/\/weltlaeden.de\/reutlingen\/wp-json\/wp\/v2\/pages"}],"about":[{"href":"https:\/\/weltlaeden.de\/reutlingen\/wp-json\/wp\/v2\/types\/page"}],"author":[{"embeddable":true,"href":"https:\/\/weltlaeden.de\/reutlingen\/wp-json\/wp\/v2\/users\/121"}],"replies":[{"embeddable":true,"href":"https:\/\/weltlaeden.de\/reutlingen\/wp-json\/wp\/v2\/comments?post=1756"}],"version-history":[{"count":46,"href":"https:\/\/weltlaeden.de\/reutlingen\/wp-json\/wp\/v2\/pages\/1756\/revisions"}],"predecessor-version":[{"id":1827,"href":"https:\/\/weltlaeden.de\/reutlingen\/wp-json\/wp\/v2\/pages\/1756\/revisions\/1827"}],"wp:attachment":[{"href":"https:\/\/weltlaeden.de\/reutlingen\/wp-json\/wp\/v2\/media?parent=1756"}],"curies":[{"name":"wp","href":"https:\/\/api.w.org\/{rel}","templated":true}]}}