{"id":1358,"date":"2020-05-30T00:40:22","date_gmt":"2020-05-29T22:40:22","guid":{"rendered":"https:\/\/weltlaeden.de\/reutlingen\/?page_id=1358"},"modified":"2020-05-30T15:35:32","modified_gmt":"2020-05-30T13:35:32","slug":"mango-aktion-auch-2020-ein-voller-erfolg","status":"publish","type":"page","link":"https:\/\/weltlaeden.de\/reutlingen\/mango-aktion-auch-2020-ein-voller-erfolg\/","title":{"rendered":"Mango-Aktion auch 2020 ein voller Erfolg"},"content":{"rendered":"<h1 class=\"hide-if-no-js\">Mango-Aktion auch 2020 ein voller Erfolg<\/h1>\n<p>&nbsp;<\/p>\n<p class=\"hide-if-no-js\">Vie<a id=\"set-post-thumbnail\" class=\"thickbox\" href=\"https:\/\/weltlaeden.de\/reutlingen\/wp-admin\/media-upload.php?post_id=1358&amp;type=image&amp;TB_iframe=1\"><img loading=\"lazy\" decoding=\"async\" class=\"attachment-266x266 size-266x266 alignleft\" src=\"https:\/\/weltlaeden.de\/reutlingen\/wp-content\/uploads\/sites\/79\/2020\/05\/mangos-2020.jpg\" alt=\"\" width=\"266\" height=\"178\" \/><\/a>le freuten sich schon im Vorfeld auf die leckeren Mangos aus Burkina Faso. 90 Kisten mit 900 Fr\u00fcchten waren in wenigen Tagen verkauft. Auch der Verkauf vor dem Laden, verbunden mit Informationen \u00fcber den Zweck der Aktion, kam bei Passanten gut an. Mit dem Verkauf der Mangos unterst\u00fctzen wir jedes Jahr die Arbeit des Hilfsfonds Burkina Faso e.V.<\/p>\n<p>&nbsp;<\/p>\n<p>Insgesamt wurden seit der Gr\u00fcndung des Vereins <b>9 Grundschulen und 1 Berufsschule<\/b> an verschiedenen Standorten gebaut. 2016 wurde mit dem Bau einer Schule f\u00fcr sehbehinderte und blinde Kinder in <a href=\"https:\/\/www.direkthilfe-burkina.de\/projekte\/schulbau\/nouna-blindenschule.html\">Nouna<\/a> begonnen.<\/p>\n<p>Langfristig ist es Ziel des Vereins,\u00a0die Schulen mit <b>Solaranlagen<\/b> auszustatten und damit Elektrizit\u00e4t zu erm\u00f6glichen. Die Solarprojekte werden mit Hilfe des <a href=\"http:\/\/www.solar-energie-afrika.de\">Vereins Solarenergie f\u00fcr Afrika e.V.<\/a>, ans\u00e4ssig in Freiburg, realisiert. Dieser Verein bezieht \u00fcber den Hilfsfonds die Mangos zum Selbstkostenpreis, um den daraus resultierenden Gewinn in Form von Modulen f\u00fcr die Solaranlagen zur\u00fcckflie\u00dfen zu lassen. Der Einbau vor Ort erfolgt \u00fcber den Verein. Durch die Stromversorgung kann zus\u00e4tzlich\u00a0Abendunterricht f\u00fcr Erwachsene stattfinden. Au\u00dferdem wird die Stromversorgung von den\u00a0Kindern gen\u00fctzt, um Handys auf zu laden. Daf\u00fcr erhalten sie von den Besitzern ein kleines\u00a0Taschengeld.<\/p>\n<p>Neben dem Schulbau unterst\u00fctzt der Verein auch verschiedene <b>Aufforstungsprojekte<\/b>. Das st\u00e4rkt die Landwirtschaft, schafft Arbeitspl\u00e4tze in den l\u00e4ndlichen Gebieten und wirkt dem Klimawandel entgegen.<\/p>\n<p>Die wohlschmeckende Mango-Sorte \u201eAmelie\u201c w\u00e4chst nur in Burkina Faso so gut und ist im Handel nicht erh\u00e4ltlich.<\/p>\n<p>Weitere Informationen finden Sie unter <span style=\"color: #0000ff\"><u><a href=\"http:\/\/www.direkthilfe-burkina.de\/\">www.direkthilfe-burkina.de<\/a><\/u><\/span><\/p>\n<p align=\"center\">\n","protected":false},"excerpt":{"rendered":"<p>Mango-Aktion auch 2020 ein voller Erfolg &nbsp; Viele freuten sich schon im Vorfeld auf die leckeren Mangos aus Burkina Faso. 90 Kisten mit 900 Fr\u00fcchten waren in wenigen Tagen verkauft. Auch der Verkauf vor dem Laden, verbunden mit Informationen \u00fcber den Zweck der Aktion, kam bei Passanten gut an. Mit dem Verkauf der Mangos unterst\u00fctzen&hellip;<\/p>\n","protected":false},"author":121,"featured_media":1359,"parent":0,"menu_order":6,"comment_status":"closed","ping_status":"closed","template":"","meta":{"footnotes":""},"class_list":["post-1358","page","type-page","status-publish","has-post-thumbnail","hentry","description-off"],"yoast_head":"<!-- This site is optimized with the Yoast SEO plugin v26.8 - https:\/\/yoast.com\/product\/yoast-seo-wordpress\/ -->\n<title>Mango-Aktion auch 2020 ein voller Erfolg - Weltladen Reutlingen<\/title>\n<meta name=\"robots\" content=\"index, follow, max-snippet:-1, max-image-preview:large, max-video-preview:-1\" \/>\n<link rel=\"canonical\" href=\"https:\/\/weltlaeden.de\/reutlingen\/mango-aktion-auch-2020-ein-voller-erfolg\/\" \/>\n<meta property=\"og:locale\" content=\"de_DE\" \/>\n<meta property=\"og:type\" content=\"article\" \/>\n<meta property=\"og:title\" content=\"Mango-Aktion auch 2020 ein voller Erfolg - Weltladen Reutlingen\" \/>\n<meta property=\"og:description\" content=\"Mango-Aktion auch 2020 ein voller Erfolg &nbsp; Viele freuten sich schon im Vorfeld auf die leckeren Mangos aus Burkina Faso. 90 Kisten mit 900 Fr\u00fcchten waren in wenigen Tagen verkauft. Auch der Verkauf vor dem Laden, verbunden mit Informationen \u00fcber den Zweck der Aktion, kam bei Passanten gut an. Mit dem Verkauf der Mangos unterst\u00fctzen&hellip;\" \/>\n<meta property=\"og:url\" content=\"https:\/\/weltlaeden.de\/reutlingen\/mango-aktion-auch-2020-ein-voller-erfolg\/\" \/>\n<meta property=\"og:site_name\" content=\"Weltladen Reutlingen\" \/>\n<meta property=\"article:modified_time\" content=\"2020-05-30T13:35:32+00:00\" \/>\n<meta property=\"og:image\" content=\"https:\/\/weltlaeden.de\/reutlingen\/wp-content\/uploads\/sites\/79\/2020\/05\/mangos-2020.jpg\" \/>\n\t<meta property=\"og:image:width\" content=\"424\" \/>\n\t<meta property=\"og:image:height\" content=\"283\" \/>\n\t<meta property=\"og:image:type\" content=\"image\/jpeg\" \/>\n<meta name=\"twitter:card\" content=\"summary_large_image\" \/>\n<meta name=\"twitter:label1\" content=\"Gesch\u00e4tzte Lesezeit\" \/>\n\t<meta name=\"twitter:data1\" content=\"1\u00a0Minute\" \/>\n<script type=\"application\/ld+json\" class=\"yoast-schema-graph\">{\"@context\":\"https:\/\/schema.org\",\"@graph\":[{\"@type\":\"WebPage\",\"@id\":\"https:\/\/weltlaeden.de\/reutlingen\/mango-aktion-auch-2020-ein-voller-erfolg\/\",\"url\":\"https:\/\/weltlaeden.de\/reutlingen\/mango-aktion-auch-2020-ein-voller-erfolg\/\",\"name\":\"Mango-Aktion auch 2020 ein voller Erfolg - Weltladen Reutlingen\",\"isPartOf\":{\"@id\":\"https:\/\/weltlaeden.de\/reutlingen\/#website\"},\"primaryImageOfPage\":{\"@id\":\"https:\/\/weltlaeden.de\/reutlingen\/mango-aktion-auch-2020-ein-voller-erfolg\/#primaryimage\"},\"image\":{\"@id\":\"https:\/\/weltlaeden.de\/reutlingen\/mango-aktion-auch-2020-ein-voller-erfolg\/#primaryimage\"},\"thumbnailUrl\":\"https:\/\/weltlaeden.de\/reutlingen\/wp-content\/uploads\/sites\/79\/2020\/05\/mangos-2020.jpg\",\"datePublished\":\"2020-05-29T22:40:22+00:00\",\"dateModified\":\"2020-05-30T13:35:32+00:00\",\"breadcrumb\":{\"@id\":\"https:\/\/weltlaeden.de\/reutlingen\/mango-aktion-auch-2020-ein-voller-erfolg\/#breadcrumb\"},\"inLanguage\":\"de\",\"potentialAction\":[{\"@type\":\"ReadAction\",\"target\":[\"https:\/\/weltlaeden.de\/reutlingen\/mango-aktion-auch-2020-ein-voller-erfolg\/\"]}]},{\"@type\":\"ImageObject\",\"inLanguage\":\"de\",\"@id\":\"https:\/\/weltlaeden.de\/reutlingen\/mango-aktion-auch-2020-ein-voller-erfolg\/#primaryimage\",\"url\":\"https:\/\/weltlaeden.de\/reutlingen\/wp-content\/uploads\/sites\/79\/2020\/05\/mangos-2020.jpg\",\"contentUrl\":\"https:\/\/weltlaeden.de\/reutlingen\/wp-content\/uploads\/sites\/79\/2020\/05\/mangos-2020.jpg\",\"width\":424,\"height\":283},{\"@type\":\"BreadcrumbList\",\"@id\":\"https:\/\/weltlaeden.de\/reutlingen\/mango-aktion-auch-2020-ein-voller-erfolg\/#breadcrumb\",\"itemListElement\":[{\"@type\":\"ListItem\",\"position\":1,\"name\":\"Startseite\",\"item\":\"https:\/\/weltlaeden.de\/reutlingen\/\"},{\"@type\":\"ListItem\",\"position\":2,\"name\":\"Mango-Aktion auch 2020 ein voller Erfolg\"}]},{\"@type\":\"WebSite\",\"@id\":\"https:\/\/weltlaeden.de\/reutlingen\/#website\",\"url\":\"https:\/\/weltlaeden.de\/reutlingen\/\",\"name\":\"Weltladen Reutlingen\",\"description\":\"Faire Produkte seit 1990\",\"potentialAction\":[{\"@type\":\"SearchAction\",\"target\":{\"@type\":\"EntryPoint\",\"urlTemplate\":\"https:\/\/weltlaeden.de\/reutlingen\/?s={search_term_string}\"},\"query-input\":{\"@type\":\"PropertyValueSpecification\",\"valueRequired\":true,\"valueName\":\"search_term_string\"}}],\"inLanguage\":\"de\"}]}<\/script>\n<!-- \/ Yoast SEO plugin. -->","yoast_head_json":{"title":"Mango-Aktion auch 2020 ein voller Erfolg - Weltladen Reutlingen","robots":{"index":"index","follow":"follow","max-snippet":"max-snippet:-1","max-image-preview":"max-image-preview:large","max-video-preview":"max-video-preview:-1"},"canonical":"https:\/\/weltlaeden.de\/reutlingen\/mango-aktion-auch-2020-ein-voller-erfolg\/","og_locale":"de_DE","og_type":"article","og_title":"Mango-Aktion auch 2020 ein voller Erfolg - Weltladen Reutlingen","og_description":"Mango-Aktion auch 2020 ein voller Erfolg &nbsp; Viele freuten sich schon im Vorfeld auf die leckeren Mangos aus Burkina Faso. 90 Kisten mit 900 Fr\u00fcchten waren in wenigen Tagen verkauft. Auch der Verkauf vor dem Laden, verbunden mit Informationen \u00fcber den Zweck der Aktion, kam bei Passanten gut an. Mit dem Verkauf der Mangos unterst\u00fctzen&hellip;","og_url":"https:\/\/weltlaeden.de\/reutlingen\/mango-aktion-auch-2020-ein-voller-erfolg\/","og_site_name":"Weltladen Reutlingen","article_modified_time":"2020-05-30T13:35:32+00:00","og_image":[{"width":424,"height":283,"url":"https:\/\/weltlaeden.de\/reutlingen\/wp-content\/uploads\/sites\/79\/2020\/05\/mangos-2020.jpg","type":"image\/jpeg"}],"twitter_card":"summary_large_image","twitter_misc":{"Gesch\u00e4tzte Lesezeit":"1\u00a0Minute"},"schema":{"@context":"https:\/\/schema.org","@graph":[{"@type":"WebPage","@id":"https:\/\/weltlaeden.de\/reutlingen\/mango-aktion-auch-2020-ein-voller-erfolg\/","url":"https:\/\/weltlaeden.de\/reutlingen\/mango-aktion-auch-2020-ein-voller-erfolg\/","name":"Mango-Aktion auch 2020 ein voller Erfolg - Weltladen Reutlingen","isPartOf":{"@id":"https:\/\/weltlaeden.de\/reutlingen\/#website"},"primaryImageOfPage":{"@id":"https:\/\/weltlaeden.de\/reutlingen\/mango-aktion-auch-2020-ein-voller-erfolg\/#primaryimage"},"image":{"@id":"https:\/\/weltlaeden.de\/reutlingen\/mango-aktion-auch-2020-ein-voller-erfolg\/#primaryimage"},"thumbnailUrl":"https:\/\/weltlaeden.de\/reutlingen\/wp-content\/uploads\/sites\/79\/2020\/05\/mangos-2020.jpg","datePublished":"2020-05-29T22:40:22+00:00","dateModified":"2020-05-30T13:35:32+00:00","breadcrumb":{"@id":"https:\/\/weltlaeden.de\/reutlingen\/mango-aktion-auch-2020-ein-voller-erfolg\/#breadcrumb"},"inLanguage":"de","potentialAction":[{"@type":"ReadAction","target":["https:\/\/weltlaeden.de\/reutlingen\/mango-aktion-auch-2020-ein-voller-erfolg\/"]}]},{"@type":"ImageObject","inLanguage":"de","@id":"https:\/\/weltlaeden.de\/reutlingen\/mango-aktion-auch-2020-ein-voller-erfolg\/#primaryimage","url":"https:\/\/weltlaeden.de\/reutlingen\/wp-content\/uploads\/sites\/79\/2020\/05\/mangos-2020.jpg","contentUrl":"https:\/\/weltlaeden.de\/reutlingen\/wp-content\/uploads\/sites\/79\/2020\/05\/mangos-2020.jpg","width":424,"height":283},{"@type":"BreadcrumbList","@id":"https:\/\/weltlaeden.de\/reutlingen\/mango-aktion-auch-2020-ein-voller-erfolg\/#breadcrumb","itemListElement":[{"@type":"ListItem","position":1,"name":"Startseite","item":"https:\/\/weltlaeden.de\/reutlingen\/"},{"@type":"ListItem","position":2,"name":"Mango-Aktion auch 2020 ein voller Erfolg"}]},{"@type":"WebSite","@id":"https:\/\/weltlaeden.de\/reutlingen\/#website","url":"https:\/\/weltlaeden.de\/reutlingen\/","name":"Weltladen Reutlingen","description":"Faire Produkte seit 1990","potentialAction":[{"@type":"SearchAction","target":{"@type":"EntryPoint","urlTemplate":"https:\/\/weltlaeden.de\/reutlingen\/?s={search_term_string}"},"query-input":{"@type":"PropertyValueSpecification","valueRequired":true,"valueName":"search_term_string"}}],"inLanguage":"de"}]}},"_links":{"self":[{"href":"https:\/\/weltlaeden.de\/reutlingen\/wp-json\/wp\/v2\/pages\/1358","targetHints":{"allow":["GET"]}}],"collection":[{"href":"https:\/\/weltlaeden.de\/reutlingen\/wp-json\/wp\/v2\/pages"}],"about":[{"href":"https:\/\/weltlaeden.de\/reutlingen\/wp-json\/wp\/v2\/types\/page"}],"author":[{"embeddable":true,"href":"https:\/\/weltlaeden.de\/reutlingen\/wp-json\/wp\/v2\/users\/121"}],"replies":[{"embeddable":true,"href":"https:\/\/weltlaeden.de\/reutlingen\/wp-json\/wp\/v2\/comments?post=1358"}],"version-history":[{"count":11,"href":"https:\/\/weltlaeden.de\/reutlingen\/wp-json\/wp\/v2\/pages\/1358\/revisions"}],"predecessor-version":[{"id":1382,"href":"https:\/\/weltlaeden.de\/reutlingen\/wp-json\/wp\/v2\/pages\/1358\/revisions\/1382"}],"wp:featuredmedia":[{"embeddable":true,"href":"https:\/\/weltlaeden.de\/reutlingen\/wp-json\/wp\/v2\/media\/1359"}],"wp:attachment":[{"href":"https:\/\/weltlaeden.de\/reutlingen\/wp-json\/wp\/v2\/media?parent=1358"}],"curies":[{"name":"wp","href":"https:\/\/api.w.org\/{rel}","templated":true}]}}