{"id":1227,"date":"2020-02-11T12:15:06","date_gmt":"2020-02-11T11:15:06","guid":{"rendered":"https:\/\/weltlaeden.de\/reutlingen\/?page_id=1227"},"modified":"2023-12-15T09:01:45","modified_gmt":"2023-12-15T08:01:45","slug":"wir-sammeln-ausgediente-handys","status":"publish","type":"page","link":"https:\/\/weltlaeden.de\/reutlingen\/wir-sammeln-ausgediente-handys\/","title":{"rendered":"Wir sammeln ausgediente Handys"},"content":{"rendered":"<h1>Wir sammeln ausgediente Handys<\/h1>\n<p><img decoding=\"async\" class=\"wp-image-1226 alignleft\" style=\"width:50%;max-width:240px;float:left\" src=\"https:\/\/weltlaeden.de\/reutlingen\/wp-content\/uploads\/sites\/79\/2023\/12\/Handyaktion-2023.jpg\" alt=\"\" \/><\/p>\n<p>Wir m\u00f6chten mit der Sammel-Aktion auf die Schattenseiten des Smartphone-Booms aufmerksam machen und zu einem reflektierten Umgang mit Handys und Smartphones anregen.<\/p>\n<p>Die lokalen Medien berichteten. <\/p>\n<p>&nbsp;<\/p>\n<p>In Deutschland liegen rund 124 Millionen Handys ungenutzt in Schubladen und mit ihnen tonnenweise wertvolle Rohstoffe wie Kupfer, Gold, Kobalt oder Platin. Diese einzusammeln ist nicht nur wirtschaftlich sinnvoll. Denn damit werden Rohstoffe wiedergewonnen, die im Kongo oder anderen Teilen der Welt oft unter unmenschlichen und umweltzerst\u00f6renden Bedingungen abgebaut werden. Die in Deutschland herumliegenden Handys enthalten 1.116 t Kupfer, 474 t Kobalt, 18,6 t Silber, 3,1 t Gold und viele wertvolle seltene Erden.<\/p>\n<p>Die Handy-Aktion ist Teil der Nachhaltigkeitsstrategie des Landes Baden-W\u00fcrttemberg. Schirmherr der Aktion ist MdL Franz Untersteller, Minister f\u00fcr Umwelt, Klima und Energiewirtschaft. Projektpartner aus Kirchen und Zivilgesellschaft unterst\u00fctzen die Aktion, die in Kooperation mit der Telekom durchgef\u00fchrt wird.<\/p>\n<p>Zum Tr\u00e4gerkreis der Aktion geh\u00f6ren Ev. Landeskirchen in Baden und W\u00fcrttemberg, Diakonisches Werk W\u00fcrttemberg mit Brot f\u00fcr die Welt, Zentrum f\u00fcr Entwicklungsbezogene Bildung (ZEB), Deutsches Institut f\u00fcr \u00e4rztliche Mission (Dif\u00e4m), Ev. Jugendwerk in W\u00fcrttemberg (EJW), Aktion Hoffnung Rottenburg-Stuttgart, Dachverband Entwicklungspolitik B.-W. (DEAB) und das Entwicklungsp\u00e4dagogische Zentrum (Epiz).<\/p>\n<p>Die erste Sammelaktion wurde 2013 vom Dif\u00e4m in T\u00fcbingen durchgef\u00fchrt. Den Ansto\u00df dazu gab der kongolesische Arzt und Friedensnobelpreistr\u00e4ger Denis Mukwege, der die verheerenden Menschenrechtsverletzungen in den Minen im Ost-Kongo aus eigener Anschauung kennt.<\/p>\n<p>Die Sammelboxen gehen an die Telekom, die sie an zertifizierte Recyclingfirmen weiterleitet. Diese sortieren funktionsf\u00e4hige Handys aus, reparieren sie und verkaufen sie weiter. Das sind immerhin ca. 10-15%. Vor der Weiterverwendung werden alle Daten in einem DEKRA-zertifizierten Prozess gel\u00f6scht. Nicht mehr funktionsf\u00e4hige Handys werden fachgerecht recycelt. SIM-Karten und Speicherkarten sollten vor dem Einwurf in die Sammelbox entfernt werden.<\/p>\n<p>F\u00fcr jedes Handy wird ein fester Betrag gezahlt, zurzeit 50 Cent. Diese Gelder kommen drei Projekten zu Gute: Einem Ausbildungsprojekt in \u00c4thiopien, einem Projekt zur Klimaanpassung in Uganda und einem Projekt f\u00fcr Gesundheitsschutz in der Demokratischen Republik Kongo. Die Projekte werden im Flyer der Aktion n\u00e4her beschrieben.<\/p>\n<p>Seit 2015 konnten \u00fcber die Aktion 90.000 Handys entsorgt und recycelt werden.<\/p>\n<p><strong>Das smarte Phone ist alles andere als smart. Der Smartphone-Boom hat seine Schattenseiten. <\/strong><\/p>\n<p><em>Rohstoffgewinnung<\/em>: 60 verschiedene Rohstoffe werden in Smartphones verbaut. Der Abbau hat viele umweltsch\u00e4digende und gesundheitsgef\u00e4hrdende Auswirkungen. Besonders schlimme Auswirkungen sind beim Abbau im Kongo, in Peru oder Bolivien zu beobachten. Um an die Bodensch\u00e4tze zu kommen, werden Menschen vertrieben und ermordet. Konflikte und kriegerische Auseinandersetzungen um die gefragten Rohstoffe ziehen die betroffenen Regionen oft ins Chaos.<\/p>\n<p><em>Fertigung<\/em>: Ein Gro\u00dfteil der Fertigung erfolgt in chinesischen Fabriken, wo 1,3 Millionen Menschen unter oft unmenschlichen Bedingungen und f\u00fcr minimale L\u00f6hne arbeiten. Zwei Milliarden Handys und Smartphones werden dort j\u00e4hrlich hergestellt.<\/p>\n<p><em>Nutzung<\/em>: In Deutschland werden j\u00e4hrlich etwa 24 Millionen neue Smartphones verkauft. Nutzungsdauer im Durchschnitt 18 Monate, dann wird wieder ein neues gekauft. 98% der Jugendlichen \u00fcber 14 Jahren besitzen ein Smartphone.<\/p>\n<p><em>Entsorgung<\/em>: 100 000 t Elektroschrott werden jedes Jahr von Deutschland in andere L\u00e4nder verschoben, vor allem nach Ghana. Durch die Giftstoffe auf den M\u00fcllhalden und in den Ger\u00e4ten werden dort viele Menschen krank.<\/p>\n<p><strong>Was kann jede und jeder tun?<\/strong><\/p>\n<p>Es ist schon viel gewonnen, wenn Handys l\u00e4nger genutzt, nach M\u00f6glichkeit repariert und auf jeden Fall durch die Sammelaktion einem fachgerechten Recycling zu gef\u00fchrt werden.<\/p>\n<p>Wenn der Kauf eines neuen Smartphones ansteht, kann \u00fcberlegt werden, ob nicht auch ein gutes gebrauchtes Smartphone zu bekommen ist. Es gibt auch Faire Mobiltelefone als Alternative zu herk\u00f6mmlichen Produkten. Durch ihre modulare Bauweise sind sie besonders reparaturfreundlich.<\/p>\n<p>Zwei gut entwickelte Angebote &#8211; inklusive R\u00fccknahmesystem &#8211; sind: <em>fairphone <\/em>und <em>shiftphone<\/em>. Links: <a href=\"https:\/\/de.wikipedia.org\/wiki\/Shiftphone\">https:\/\/de.wikipedia.org\/wiki\/Shiftphone<\/a> und <a href=\"https:\/\/de.wikipedia.org\/wiki\/Fairphone\">https:\/\/de.wikipedia.org\/wiki\/Fairphone<\/a>. Dort finden sich weiterf\u00fchrende Links, auch zu den Herstellern.<\/p>\n<p><a href=\"http:\/\/www.handy-aktion.de\"><strong>www.handy-aktion.de<\/strong><\/a><\/p>\n","protected":false},"excerpt":{"rendered":"<p>Wir sammeln ausgediente Handys Wir m\u00f6chten mit der Sammel-Aktion auf die Schattenseiten des Smartphone-Booms aufmerksam machen und zu einem reflektierten Umgang mit Handys und Smartphones anregen. Die lokalen Medien berichteten. &nbsp; In Deutschland liegen rund 124 Millionen Handys ungenutzt in Schubladen und mit ihnen tonnenweise wertvolle Rohstoffe wie Kupfer, Gold, Kobalt oder Platin. Diese einzusammeln&hellip;<\/p>\n","protected":false},"author":121,"featured_media":0,"parent":0,"menu_order":4,"comment_status":"closed","ping_status":"closed","template":"","meta":{"footnotes":""},"class_list":["post-1227","page","type-page","status-publish","hentry","description-off"],"yoast_head":"<!-- This site is optimized with the Yoast SEO plugin v26.8 - https:\/\/yoast.com\/product\/yoast-seo-wordpress\/ -->\n<title>Wir sammeln ausgediente Handys - Weltladen Reutlingen<\/title>\n<meta name=\"robots\" content=\"index, follow, max-snippet:-1, max-image-preview:large, max-video-preview:-1\" \/>\n<link rel=\"canonical\" href=\"https:\/\/weltlaeden.de\/reutlingen\/wir-sammeln-ausgediente-handys\/\" \/>\n<meta property=\"og:locale\" content=\"de_DE\" \/>\n<meta property=\"og:type\" content=\"article\" \/>\n<meta property=\"og:title\" content=\"Wir sammeln ausgediente Handys - Weltladen Reutlingen\" \/>\n<meta property=\"og:description\" content=\"Wir sammeln ausgediente Handys Wir m\u00f6chten mit der Sammel-Aktion auf die Schattenseiten des Smartphone-Booms aufmerksam machen und zu einem reflektierten Umgang mit Handys und Smartphones anregen. Die lokalen Medien berichteten. &nbsp; In Deutschland liegen rund 124 Millionen Handys ungenutzt in Schubladen und mit ihnen tonnenweise wertvolle Rohstoffe wie Kupfer, Gold, Kobalt oder Platin. Diese einzusammeln&hellip;\" \/>\n<meta property=\"og:url\" content=\"https:\/\/weltlaeden.de\/reutlingen\/wir-sammeln-ausgediente-handys\/\" \/>\n<meta property=\"og:site_name\" content=\"Weltladen Reutlingen\" \/>\n<meta property=\"article:modified_time\" content=\"2023-12-15T08:01:45+00:00\" \/>\n<meta property=\"og:image\" content=\"https:\/\/weltlaeden.de\/reutlingen\/wp-content\/uploads\/sites\/79\/2023\/12\/Handyaktion-2023.jpg\" \/>\n<meta name=\"twitter:card\" content=\"summary_large_image\" \/>\n<meta name=\"twitter:label1\" content=\"Gesch\u00e4tzte Lesezeit\" \/>\n\t<meta name=\"twitter:data1\" content=\"4\u00a0Minuten\" \/>\n<script type=\"application\/ld+json\" class=\"yoast-schema-graph\">{\"@context\":\"https:\/\/schema.org\",\"@graph\":[{\"@type\":\"WebPage\",\"@id\":\"https:\/\/weltlaeden.de\/reutlingen\/wir-sammeln-ausgediente-handys\/\",\"url\":\"https:\/\/weltlaeden.de\/reutlingen\/wir-sammeln-ausgediente-handys\/\",\"name\":\"Wir sammeln ausgediente Handys - Weltladen Reutlingen\",\"isPartOf\":{\"@id\":\"https:\/\/weltlaeden.de\/reutlingen\/#website\"},\"primaryImageOfPage\":{\"@id\":\"https:\/\/weltlaeden.de\/reutlingen\/wir-sammeln-ausgediente-handys\/#primaryimage\"},\"image\":{\"@id\":\"https:\/\/weltlaeden.de\/reutlingen\/wir-sammeln-ausgediente-handys\/#primaryimage\"},\"thumbnailUrl\":\"https:\/\/weltlaeden.de\/reutlingen\/wp-content\/uploads\/sites\/79\/2023\/12\/Handyaktion-2023.jpg\",\"datePublished\":\"2020-02-11T11:15:06+00:00\",\"dateModified\":\"2023-12-15T08:01:45+00:00\",\"breadcrumb\":{\"@id\":\"https:\/\/weltlaeden.de\/reutlingen\/wir-sammeln-ausgediente-handys\/#breadcrumb\"},\"inLanguage\":\"de\",\"potentialAction\":[{\"@type\":\"ReadAction\",\"target\":[\"https:\/\/weltlaeden.de\/reutlingen\/wir-sammeln-ausgediente-handys\/\"]}]},{\"@type\":\"ImageObject\",\"inLanguage\":\"de\",\"@id\":\"https:\/\/weltlaeden.de\/reutlingen\/wir-sammeln-ausgediente-handys\/#primaryimage\",\"url\":\"https:\/\/weltlaeden.de\/reutlingen\/wp-content\/uploads\/sites\/79\/2023\/12\/Handyaktion-2023.jpg\",\"contentUrl\":\"https:\/\/weltlaeden.de\/reutlingen\/wp-content\/uploads\/sites\/79\/2023\/12\/Handyaktion-2023.jpg\",\"width\":909,\"height\":1413},{\"@type\":\"BreadcrumbList\",\"@id\":\"https:\/\/weltlaeden.de\/reutlingen\/wir-sammeln-ausgediente-handys\/#breadcrumb\",\"itemListElement\":[{\"@type\":\"ListItem\",\"position\":1,\"name\":\"Startseite\",\"item\":\"https:\/\/weltlaeden.de\/reutlingen\/\"},{\"@type\":\"ListItem\",\"position\":2,\"name\":\"Wir sammeln ausgediente Handys\"}]},{\"@type\":\"WebSite\",\"@id\":\"https:\/\/weltlaeden.de\/reutlingen\/#website\",\"url\":\"https:\/\/weltlaeden.de\/reutlingen\/\",\"name\":\"Weltladen Reutlingen\",\"description\":\"Faire Produkte seit 1990\",\"potentialAction\":[{\"@type\":\"SearchAction\",\"target\":{\"@type\":\"EntryPoint\",\"urlTemplate\":\"https:\/\/weltlaeden.de\/reutlingen\/?s={search_term_string}\"},\"query-input\":{\"@type\":\"PropertyValueSpecification\",\"valueRequired\":true,\"valueName\":\"search_term_string\"}}],\"inLanguage\":\"de\"}]}<\/script>\n<!-- \/ Yoast SEO plugin. -->","yoast_head_json":{"title":"Wir sammeln ausgediente Handys - Weltladen Reutlingen","robots":{"index":"index","follow":"follow","max-snippet":"max-snippet:-1","max-image-preview":"max-image-preview:large","max-video-preview":"max-video-preview:-1"},"canonical":"https:\/\/weltlaeden.de\/reutlingen\/wir-sammeln-ausgediente-handys\/","og_locale":"de_DE","og_type":"article","og_title":"Wir sammeln ausgediente Handys - Weltladen Reutlingen","og_description":"Wir sammeln ausgediente Handys Wir m\u00f6chten mit der Sammel-Aktion auf die Schattenseiten des Smartphone-Booms aufmerksam machen und zu einem reflektierten Umgang mit Handys und Smartphones anregen. Die lokalen Medien berichteten. &nbsp; In Deutschland liegen rund 124 Millionen Handys ungenutzt in Schubladen und mit ihnen tonnenweise wertvolle Rohstoffe wie Kupfer, Gold, Kobalt oder Platin. Diese einzusammeln&hellip;","og_url":"https:\/\/weltlaeden.de\/reutlingen\/wir-sammeln-ausgediente-handys\/","og_site_name":"Weltladen Reutlingen","article_modified_time":"2023-12-15T08:01:45+00:00","og_image":[{"url":"https:\/\/weltlaeden.de\/reutlingen\/wp-content\/uploads\/sites\/79\/2023\/12\/Handyaktion-2023.jpg","type":"","width":"","height":""}],"twitter_card":"summary_large_image","twitter_misc":{"Gesch\u00e4tzte Lesezeit":"4\u00a0Minuten"},"schema":{"@context":"https:\/\/schema.org","@graph":[{"@type":"WebPage","@id":"https:\/\/weltlaeden.de\/reutlingen\/wir-sammeln-ausgediente-handys\/","url":"https:\/\/weltlaeden.de\/reutlingen\/wir-sammeln-ausgediente-handys\/","name":"Wir sammeln ausgediente Handys - Weltladen Reutlingen","isPartOf":{"@id":"https:\/\/weltlaeden.de\/reutlingen\/#website"},"primaryImageOfPage":{"@id":"https:\/\/weltlaeden.de\/reutlingen\/wir-sammeln-ausgediente-handys\/#primaryimage"},"image":{"@id":"https:\/\/weltlaeden.de\/reutlingen\/wir-sammeln-ausgediente-handys\/#primaryimage"},"thumbnailUrl":"https:\/\/weltlaeden.de\/reutlingen\/wp-content\/uploads\/sites\/79\/2023\/12\/Handyaktion-2023.jpg","datePublished":"2020-02-11T11:15:06+00:00","dateModified":"2023-12-15T08:01:45+00:00","breadcrumb":{"@id":"https:\/\/weltlaeden.de\/reutlingen\/wir-sammeln-ausgediente-handys\/#breadcrumb"},"inLanguage":"de","potentialAction":[{"@type":"ReadAction","target":["https:\/\/weltlaeden.de\/reutlingen\/wir-sammeln-ausgediente-handys\/"]}]},{"@type":"ImageObject","inLanguage":"de","@id":"https:\/\/weltlaeden.de\/reutlingen\/wir-sammeln-ausgediente-handys\/#primaryimage","url":"https:\/\/weltlaeden.de\/reutlingen\/wp-content\/uploads\/sites\/79\/2023\/12\/Handyaktion-2023.jpg","contentUrl":"https:\/\/weltlaeden.de\/reutlingen\/wp-content\/uploads\/sites\/79\/2023\/12\/Handyaktion-2023.jpg","width":909,"height":1413},{"@type":"BreadcrumbList","@id":"https:\/\/weltlaeden.de\/reutlingen\/wir-sammeln-ausgediente-handys\/#breadcrumb","itemListElement":[{"@type":"ListItem","position":1,"name":"Startseite","item":"https:\/\/weltlaeden.de\/reutlingen\/"},{"@type":"ListItem","position":2,"name":"Wir sammeln ausgediente Handys"}]},{"@type":"WebSite","@id":"https:\/\/weltlaeden.de\/reutlingen\/#website","url":"https:\/\/weltlaeden.de\/reutlingen\/","name":"Weltladen Reutlingen","description":"Faire Produkte seit 1990","potentialAction":[{"@type":"SearchAction","target":{"@type":"EntryPoint","urlTemplate":"https:\/\/weltlaeden.de\/reutlingen\/?s={search_term_string}"},"query-input":{"@type":"PropertyValueSpecification","valueRequired":true,"valueName":"search_term_string"}}],"inLanguage":"de"}]}},"_links":{"self":[{"href":"https:\/\/weltlaeden.de\/reutlingen\/wp-json\/wp\/v2\/pages\/1227","targetHints":{"allow":["GET"]}}],"collection":[{"href":"https:\/\/weltlaeden.de\/reutlingen\/wp-json\/wp\/v2\/pages"}],"about":[{"href":"https:\/\/weltlaeden.de\/reutlingen\/wp-json\/wp\/v2\/types\/page"}],"author":[{"embeddable":true,"href":"https:\/\/weltlaeden.de\/reutlingen\/wp-json\/wp\/v2\/users\/121"}],"replies":[{"embeddable":true,"href":"https:\/\/weltlaeden.de\/reutlingen\/wp-json\/wp\/v2\/comments?post=1227"}],"version-history":[{"count":9,"href":"https:\/\/weltlaeden.de\/reutlingen\/wp-json\/wp\/v2\/pages\/1227\/revisions"}],"predecessor-version":[{"id":2438,"href":"https:\/\/weltlaeden.de\/reutlingen\/wp-json\/wp\/v2\/pages\/1227\/revisions\/2438"}],"wp:attachment":[{"href":"https:\/\/weltlaeden.de\/reutlingen\/wp-json\/wp\/v2\/media?parent=1227"}],"curies":[{"name":"wp","href":"https:\/\/api.w.org\/{rel}","templated":true}]}}